{"id":3879,"date":"2024-12-05T12:21:28","date_gmt":"2024-12-05T12:21:28","guid":{"rendered":"https:\/\/dosingpump.shop\/?post_type=product&#038;p=3879"},"modified":"2026-02-27T14:49:12","modified_gmt":"2026-02-27T12:49:12","slug":"prisma-04-50-fp-90-240vac","status":"publish","type":"product","link":"https:\/\/dosingpump.shop\/cz\/product\/prisma-04-50-fp-90-240vac\/","title":{"rendered":"PRISM 04-50 FP 90-240VAC"},"content":{"rendered":"<h3>Emec PRISMA. D\u00e1vkovac\u00ed \u010derpadlo s krokov\u00fdm motorem pro velmi p\u0159esn\u00e9 d\u00e1vkov\u00e1n\u00ed.<\/h3>\n<p>Objevte d\u00e1vkovac\u00ed \u010derpadlo Emec Prisma vybaven\u00e9 krokov\u00fdm motorem pro bezkonkuren\u010dn\u00ed p\u0159esnost d\u00e1vkov\u00e1n\u00ed kapalin, a to i t\u011bch nejvisk\u00f3zn\u011bj\u0161\u00edch. Toto vysoce v\u00fdkonn\u00e9 d\u00e1vkovac\u00ed \u010derpadlo je standardn\u011b konfigurov\u00e1no pro ovl\u00e1d\u00e1n\u00ed pomoc\u00ed extern\u00edho sign\u00e1lu (4-20mA | 0-10V | Impuls). Model 05-28 m\u016f\u017ee dod\u00e1vat 28 litr\u016f za hodinu p\u0159i protitlaku 5 bar\u016f.<\/p>\n<h4>Jedine\u010dn\u00e9 vlastnosti:<\/h4>\n<ul>\n<li><strong>P\u0159ipojen\u00ed:<\/strong> Voliteln\u011b s Bluetooth a d\u00e1lkov\u00fdm ovl\u00e1d\u00e1n\u00edm p\u0159es server Emec Ermes, kter\u00fd umo\u017e\u0148uje ode\u010d\u00edtat a nastavovat \u010derpadlo odkudkoli na sv\u011bt\u011b prost\u0159ednictv\u00edm mobiln\u00edho telefonu.<\/li>\n<li><strong>Kompatibilita:<\/strong> P\u0159ipojen\u00ed MODBUS jsou mo\u017en\u00e1.<\/li>\n<li><strong>P\u0159izp\u016fsobivost:<\/strong> Software a krokov\u00fd motor umo\u017e\u0148uj\u00ed pln\u011b p\u0159izp\u016fsobit d\u00e1vkova\u010d Emec Prisma va\u0161im pot\u0159eb\u00e1m. K dispozici je v\u00edce d\u00e1vkovac\u00edch program\u016f!<\/li>\n<li><strong>Maxim\u00e1ln\u00ed kontrola:<\/strong> P\u016fsobiv\u00fd pom\u011br ot\u00e1\u010den\u00ed 1:4800 zaru\u010duje nejp\u0159esn\u011bj\u0161\u00ed kontrolu nad d\u00e1vkovac\u00edm procesem.<\/li>\n<li>Pomal\u00fd re\u017eim: Jedine\u010dn\u00e1 funkce pro p\u0159esn\u00e9 d\u00e1vkov\u00e1n\u00ed kapalin s vysokou viskozitou d\u00edky sn\u00ed\u017een\u00ed zdvihu \u010derpadla na 25, 50 nebo 75% norm\u00e1ln\u00edho v\u00fdkonu.<\/li>\n<\/ul>\n<p>Dostupn\u00e9 verze d\u00e1vkovac\u00edho \u010derpadla Emec Prisma: V\u017edy existuje d\u00e1vkovac\u00ed \u010derpadlo Emec Prisma, kter\u00e9 dokonale vyhovuje va\u0161im pot\u0159eb\u00e1m: od 20 bar\u016f - 1 l\/h a\u017e po 02 bar\u016f - 80 l\/h. Pot\u0159ebujete pomoci s v\u00fdb\u011brem spr\u00e1vn\u00e9 verze? Po\u017e\u00e1dejte o cenovou nab\u00eddku a my jsme p\u0159ipraveni v\u00e1m poradit!<\/p>","protected":false},"excerpt":{"rendered":"<p>S \u0159adou Emec PRISMA z\u00edsk\u00e1te nejlep\u0161\u00ed d\u00e1vkovac\u00ed \u010derpadlo v dom\u011b. D\u00edky krokov\u00e9mu motoru je toto membr\u00e1nov\u00e9 \u010derpadlo dosud nejinovativn\u011bj\u0161\u00edm d\u00e1vkovac\u00edm \u010derpadlem. Pokud v\u00e1m jde o p\u0159esnost a spolehlivost, okam\u017eit\u011b si vy\u017e\u00e1dejte toto univerz\u00e1ln\u00ed \u010derpadlo.<\/p>\n<ul>\n<li>WIFI<\/li>\n<li>Bluetooth<\/li>\n<li>modbus<\/li>\n<\/ul>","protected":false},"featured_media":3924,"template":"","meta":[],"product_brand":[],"product_cat":[78],"product_tag":[],"class_list":{"0":"post-3879","1":"product","2":"type-product","3":"status-publish","4":"has-post-thumbnail","6":"product_cat-emec-prisma","8":"first","9":"instock","10":"taxable","11":"shipping-taxable","12":"purchasable","13":"product-type-simple"},"yoast_head":"<!-- This site is optimized with the Yoast SEO plugin v27.2 - https:\/\/yoast.com\/product\/yoast-seo-wordpress\/ -->\n<title>PRISMA 04-50 FP 90-240VAC | Dosing Pump Shop B.V.<\/title>\n<meta name=\"robots\" content=\"index, follow, max-snippet:-1, max-image-preview:large, max-video-preview:-1\" \/>\n<link rel=\"canonical\" href=\"https:\/\/dosingpump.shop\/cz\/produkt-2\/prisma-04-50-fp-90-240vac\/\" \/>\n<meta property=\"og:locale\" content=\"cs_CZ\" \/>\n<meta property=\"og:type\" content=\"article\" \/>\n<meta property=\"og:title\" content=\"PRISMA 04-50 FP 90-240VAC | Dosing Pump Shop B.V.\" \/>\n<meta property=\"og:description\" content=\"Met de Emec PRISMA serie haalt u de beste doseerpomp in huis. Deze membraanpomp is met zijn stappenmotor de meeste innovatieve doseerpomp tot nu toe. Vraag deze alleskunner direct aan als u gaat voor precisie en betrouwbaarheid.   WIFI  Bluetooth  modbus\" \/>\n<meta property=\"og:url\" content=\"https:\/\/dosingpump.shop\/cz\/produkt-2\/prisma-04-50-fp-90-240vac\/\" \/>\n<meta property=\"og:site_name\" content=\"Dosing Pump Shop B.V.\" \/>\n<meta property=\"article:modified_time\" content=\"2026-02-27T12:49:12+00:00\" \/>\n<meta property=\"og:image\" content=\"https:\/\/dosingpump.shop\/wp-content\/uploads\/2024\/12\/Emec-Prisma-Doseerpomp.webp\" \/>\n\t<meta property=\"og:image:width\" content=\"500\" \/>\n\t<meta property=\"og:image:height\" content=\"500\" \/>\n\t<meta property=\"og:image:type\" content=\"image\/webp\" \/>\n<meta name=\"twitter:card\" content=\"summary_large_image\" \/>\n<meta name=\"twitter:label1\" content=\"Cena\" \/>\n\t<meta name=\"twitter:data1\" content=\"&euro;1.400,00\" \/>\n\t<meta name=\"twitter:label2\" content=\"Dostupnost\" \/>\n\t<meta name=\"twitter:data2\" content=\"Skladem\" \/>\n<script type=\"application\/ld+json\" class=\"yoast-schema-graph\">{\"@context\":\"https:\/\/schema.org\",\"@graph\":[{\"@type\":\"WebPage\",\"@id\":\"https:\/\/dosingpump.shop\/pl\/produkt-2\/prisma-04-50-fp-90-240vac\/\",\"url\":\"https:\/\/dosingpump.shop\/pl\/produkt-2\/prisma-04-50-fp-90-240vac\/\",\"name\":\"PRISMA 04-50 FP 90-240VAC | Dosing Pump Shop B.V.\",\"isPartOf\":{\"@id\":\"https:\/\/dosingpump.shop\/de\/#website\"},\"primaryImageOfPage\":{\"@id\":\"https:\/\/dosingpump.shop\/pl\/produkt-2\/prisma-04-50-fp-90-240vac\/#primaryimage\"},\"image\":{\"@id\":\"https:\/\/dosingpump.shop\/pl\/produkt-2\/prisma-04-50-fp-90-240vac\/#primaryimage\"},\"thumbnailUrl\":\"https:\/\/dosingpump.shop\/wp-content\/uploads\/2024\/12\/Emec-Prisma-Doseerpomp.webp\",\"datePublished\":\"2024-12-05T12:21:28+00:00\",\"dateModified\":\"2026-02-27T12:49:12+00:00\",\"breadcrumb\":{\"@id\":\"https:\/\/dosingpump.shop\/pl\/produkt-2\/prisma-04-50-fp-90-240vac\/#breadcrumb\"},\"inLanguage\":\"cs\",\"potentialAction\":[{\"@type\":\"ReadAction\",\"target\":[\"https:\/\/dosingpump.shop\/pl\/produkt-2\/prisma-04-50-fp-90-240vac\/\"]}]},{\"@type\":\"ImageObject\",\"inLanguage\":\"cs\",\"@id\":\"https:\/\/dosingpump.shop\/pl\/produkt-2\/prisma-04-50-fp-90-240vac\/#primaryimage\",\"url\":\"https:\/\/dosingpump.shop\/wp-content\/uploads\/2024\/12\/Emec-Prisma-Doseerpomp.webp\",\"contentUrl\":\"https:\/\/dosingpump.shop\/wp-content\/uploads\/2024\/12\/Emec-Prisma-Doseerpomp.webp\",\"width\":500,\"height\":500},{\"@type\":\"BreadcrumbList\",\"@id\":\"https:\/\/dosingpump.shop\/pl\/produkt-2\/prisma-04-50-fp-90-240vac\/#breadcrumb\",\"itemListElement\":[{\"@type\":\"ListItem\",\"position\":1,\"name\":\"Home\",\"item\":\"https:\/\/dosingpump.shop\/\"},{\"@type\":\"ListItem\",\"position\":2,\"name\":\"Shop\",\"item\":\"https:\/\/dosingpump.shop\/de\/shop\/\"},{\"@type\":\"ListItem\",\"position\":3,\"name\":\"PRISMA 04-50 FP 90-240VAC\"}]},{\"@type\":\"WebSite\",\"@id\":\"https:\/\/dosingpump.shop\/de\/#website\",\"url\":\"https:\/\/dosingpump.shop\/de\/\",\"name\":\"Dosing Pump Shop B.V.\",\"description\":\"\",\"publisher\":{\"@id\":\"https:\/\/dosingpump.shop\/de\/#organization\"},\"potentialAction\":[{\"@type\":\"SearchAction\",\"target\":{\"@type\":\"EntryPoint\",\"urlTemplate\":\"https:\/\/dosingpump.shop\/de\/?s={search_term_string}\"},\"query-input\":{\"@type\":\"PropertyValueSpecification\",\"valueRequired\":true,\"valueName\":\"search_term_string\"}}],\"inLanguage\":\"cs\"},{\"@type\":\"Organization\",\"@id\":\"https:\/\/dosingpump.shop\/de\/#organization\",\"name\":\"Dosing Pump Shop B.V.\",\"url\":\"https:\/\/dosingpump.shop\/de\/\",\"logo\":{\"@type\":\"ImageObject\",\"inLanguage\":\"cs\",\"@id\":\"https:\/\/dosingpump.shop\/de\/#\/schema\/logo\/image\/\",\"url\":\"https:\/\/dosingpump.shop\/wp-content\/uploads\/2024\/10\/Dosing-Pump-Shop-logo.png\",\"contentUrl\":\"https:\/\/dosingpump.shop\/wp-content\/uploads\/2024\/10\/Dosing-Pump-Shop-logo.png\",\"width\":350,\"height\":45,\"caption\":\"Dosing Pump Shop B.V.\"},\"image\":{\"@id\":\"https:\/\/dosingpump.shop\/de\/#\/schema\/logo\/image\/\"},\"sameAs\":[\"https:\/\/linkedin.com\/company\/dosing-pump-shop\"]}]}<\/script>\n<meta property=\"product:price:amount\" content=\"1400.00\" \/>\n<meta property=\"product:price:currency\" content=\"EUR\" \/>\n<meta property=\"og:availability\" content=\"instock\" \/>\n<meta property=\"product:availability\" content=\"instock\" \/>\n<meta property=\"product:retailer_item_id\" content=\"PRI04050K000KV00A000\" \/>\n<meta property=\"product:condition\" content=\"new\" \/>\n<!-- \/ Yoast SEO plugin. -->","yoast_head_json":{"title":"PRISMA 04-50 FP 90-240VAC | Dosing Pump Shop B.V.","robots":{"index":"index","follow":"follow","max-snippet":"max-snippet:-1","max-image-preview":"max-image-preview:large","max-video-preview":"max-video-preview:-1"},"canonical":"https:\/\/dosingpump.shop\/cz\/produkt-2\/prisma-04-50-fp-90-240vac\/","og_locale":"cs_CZ","og_type":"article","og_title":"PRISMA 04-50 FP 90-240VAC | Dosing Pump Shop B.V.","og_description":"Met de Emec PRISMA serie haalt u de beste doseerpomp in huis. Deze membraanpomp is met zijn stappenmotor de meeste innovatieve doseerpomp tot nu toe. Vraag deze alleskunner direct aan als u gaat voor precisie en betrouwbaarheid.   WIFI  Bluetooth  modbus","og_url":"https:\/\/dosingpump.shop\/cz\/produkt-2\/prisma-04-50-fp-90-240vac\/","og_site_name":"Dosing Pump Shop B.V.","article_modified_time":"2026-02-27T12:49:12+00:00","og_image":[{"width":500,"height":500,"url":"https:\/\/dosingpump.shop\/wp-content\/uploads\/2024\/12\/Emec-Prisma-Doseerpomp.webp","type":"image\/webp"}],"twitter_card":"summary_large_image","twitter_misc":{"Cena":"&euro;1.400,00","Dostupnost":"Skladem"},"schema":{"@context":"https:\/\/schema.org","@graph":[{"@type":"WebPage","@id":"https:\/\/dosingpump.shop\/pl\/produkt-2\/prisma-04-50-fp-90-240vac\/","url":"https:\/\/dosingpump.shop\/pl\/produkt-2\/prisma-04-50-fp-90-240vac\/","name":"PRISMA 04-50 FP 90-240VAC | Dosing Pump Shop B.V.","isPartOf":{"@id":"https:\/\/dosingpump.shop\/de\/#website"},"primaryImageOfPage":{"@id":"https:\/\/dosingpump.shop\/pl\/produkt-2\/prisma-04-50-fp-90-240vac\/#primaryimage"},"image":{"@id":"https:\/\/dosingpump.shop\/pl\/produkt-2\/prisma-04-50-fp-90-240vac\/#primaryimage"},"thumbnailUrl":"https:\/\/dosingpump.shop\/wp-content\/uploads\/2024\/12\/Emec-Prisma-Doseerpomp.webp","datePublished":"2024-12-05T12:21:28+00:00","dateModified":"2026-02-27T12:49:12+00:00","breadcrumb":{"@id":"https:\/\/dosingpump.shop\/pl\/produkt-2\/prisma-04-50-fp-90-240vac\/#breadcrumb"},"inLanguage":"cs","potentialAction":[{"@type":"ReadAction","target":["https:\/\/dosingpump.shop\/pl\/produkt-2\/prisma-04-50-fp-90-240vac\/"]}]},{"@type":"ImageObject","inLanguage":"cs","@id":"https:\/\/dosingpump.shop\/pl\/produkt-2\/prisma-04-50-fp-90-240vac\/#primaryimage","url":"https:\/\/dosingpump.shop\/wp-content\/uploads\/2024\/12\/Emec-Prisma-Doseerpomp.webp","contentUrl":"https:\/\/dosingpump.shop\/wp-content\/uploads\/2024\/12\/Emec-Prisma-Doseerpomp.webp","width":500,"height":500},{"@type":"BreadcrumbList","@id":"https:\/\/dosingpump.shop\/pl\/produkt-2\/prisma-04-50-fp-90-240vac\/#breadcrumb","itemListElement":[{"@type":"ListItem","position":1,"name":"Home","item":"https:\/\/dosingpump.shop\/"},{"@type":"ListItem","position":2,"name":"Shop","item":"https:\/\/dosingpump.shop\/de\/shop\/"},{"@type":"ListItem","position":3,"name":"PRISMA 04-50 FP 90-240VAC"}]},{"@type":"WebSite","@id":"https:\/\/dosingpump.shop\/de\/#website","url":"https:\/\/dosingpump.shop\/de\/","name":"Dosing Pump Shop B.V.","description":"","publisher":{"@id":"https:\/\/dosingpump.shop\/de\/#organization"},"potentialAction":[{"@type":"SearchAction","target":{"@type":"EntryPoint","urlTemplate":"https:\/\/dosingpump.shop\/de\/?s={search_term_string}"},"query-input":{"@type":"PropertyValueSpecification","valueRequired":true,"valueName":"search_term_string"}}],"inLanguage":"cs"},{"@type":"Organization","@id":"https:\/\/dosingpump.shop\/de\/#organization","name":"Dosing Pump Shop B.V.","url":"https:\/\/dosingpump.shop\/de\/","logo":{"@type":"ImageObject","inLanguage":"cs","@id":"https:\/\/dosingpump.shop\/de\/#\/schema\/logo\/image\/","url":"https:\/\/dosingpump.shop\/wp-content\/uploads\/2024\/10\/Dosing-Pump-Shop-logo.png","contentUrl":"https:\/\/dosingpump.shop\/wp-content\/uploads\/2024\/10\/Dosing-Pump-Shop-logo.png","width":350,"height":45,"caption":"Dosing Pump Shop B.V."},"image":{"@id":"https:\/\/dosingpump.shop\/de\/#\/schema\/logo\/image\/"},"sameAs":["https:\/\/linkedin.com\/company\/dosing-pump-shop"]}]},"product_price_amount":"1400.00","product_price_currency":"EUR","og_availability":"instock","product_availability":"instock","product_retailer_item_id":"PRI04050K000KV00A000","product_condition":"new"},"_links":{"self":[{"href":"https:\/\/dosingpump.shop\/cz\/wp-json\/wp\/v2\/product\/3879","targetHints":{"allow":["GET"]}}],"collection":[{"href":"https:\/\/dosingpump.shop\/cz\/wp-json\/wp\/v2\/product"}],"about":[{"href":"https:\/\/dosingpump.shop\/cz\/wp-json\/wp\/v2\/types\/product"}],"wp:featuredmedia":[{"embeddable":true,"href":"https:\/\/dosingpump.shop\/cz\/wp-json\/wp\/v2\/media\/3924"}],"wp:attachment":[{"href":"https:\/\/dosingpump.shop\/cz\/wp-json\/wp\/v2\/media?parent=3879"}],"wp:term":[{"taxonomy":"product_brand","embeddable":true,"href":"https:\/\/dosingpump.shop\/cz\/wp-json\/wp\/v2\/product_brand?post=3879"},{"taxonomy":"product_cat","embeddable":true,"href":"https:\/\/dosingpump.shop\/cz\/wp-json\/wp\/v2\/product_cat?post=3879"},{"taxonomy":"product_tag","embeddable":true,"href":"https:\/\/dosingpump.shop\/cz\/wp-json\/wp\/v2\/product_tag?post=3879"}],"curies":[{"name":"wp","href":"https:\/\/api.w.org\/{rel}","templated":true}]}}