{"id":3934,"date":"2024-12-05T12:21:33","date_gmt":"2024-12-05T12:21:33","guid":{"rendered":"https:\/\/dosingpump.shop\/product\/emec-sefl-flow-sensor\/"},"modified":"2026-02-27T14:49:14","modified_gmt":"2026-02-27T12:49:14","slug":"snimac-prutoku-emec-sefl","status":"publish","type":"product","link":"https:\/\/dosingpump.shop\/cz\/product\/emec-sefl-flow-sensor\/","title":{"rendered":"Sn\u00edma\u010d pr\u016ftoku Emec SEFL"},"content":{"rendered":"<p>Sn\u00edma\u010d pr\u016ftoku Emec SEFL je fyzik\u00e1ln\u00ed monitorovac\u00ed za\u0159\u00edzen\u00ed pro d\u00e1vkov\u00e1n\u00ed d\u00e1vkovac\u00edho \u010derpadla. Ukazuje, zda d\u00e1vkovac\u00ed \u010derpadlo d\u00e1vkuje, nebo ne. Je ide\u00e1ln\u00ed nap\u0159\u00edklad pro pr\u016fmyslov\u00e9 aplikace, baz\u00e9ny nebo zahradnictv\u00ed. T\u00edmto zp\u016fsobem m\u00e1te v\u017edy jistotu spr\u00e1vn\u00e9ho d\u00e1vkov\u00e1n\u00ed a lze p\u0159edej\u00edt probl\u00e9m\u016fm.<\/p>\n<p>SEFL je p\u0159ipojen k v\u00fdtla\u010dn\u00e9 stran\u011b d\u00e1vkovac\u00edho \u010derpadla. Pokud \u010derpadlo ned\u00e1vkuje kapalinu, vy\u0161le kontakt sign\u00e1l. Kontrolka LED se pak rovn\u011b\u017e rozsv\u00edt\u00ed \u010derven\u011b. Citlivost sn\u00edma\u010de je nastaviteln\u00e1.<\/p>\n<p>Tento sn\u00edma\u010d pr\u016ftoku je k dispozici s dr\u017e\u00e1kem a bez dr\u017e\u00e1ku. S dr\u017e\u00e1kem lze sn\u00edma\u010d SEFL p\u0159ipevnit ke st\u011bn\u011b. K dispozici je tak\u00e9 speci\u00e1ln\u00ed dr\u017e\u00e1k pro mont\u00e1\u017e na d\u00e1vkovac\u00ed \u010derpadlo.<\/p>","protected":false},"excerpt":{"rendered":"<p>\u0158\u00edzen\u00ed pr\u016ftoku pro d\u00e1vkovac\u00ed \u010derpadlo s LED diodou.<\/p>\n<ul>\n<li>N.C. Kontakt<\/li>\n<li>Nastaviteln\u00e1 citlivost<\/li>\n<li>O-krou\u017eek Viton\u00ae nebo EPDM.<\/li>\n<li>Maxim\u00e1ln\u00ed teplota 45 \u00b0C.<\/li>\n<\/ul>","protected":false},"featured_media":8302,"template":"","meta":[],"product_brand":[],"product_cat":[34],"product_tag":[],"class_list":{"0":"post-3934","1":"product","2":"type-product","3":"status-publish","4":"has-post-thumbnail","6":"product_cat-accessoires","8":"first","9":"instock","10":"taxable","11":"shipping-taxable","12":"purchasable","13":"product-type-simple"},"yoast_head":"<!-- This site is optimized with the Yoast SEO plugin v27.2 - https:\/\/yoast.com\/product\/yoast-seo-wordpress\/ -->\n<title>Emec SEFL flow sensor | Dosing Pump Shop B.V.<\/title>\n<meta name=\"description\" content=\"Emec SEFL flowsensor checkt of de doseerpomp goed werkt door fysiek te controleren of er daadwerkelijk gedoseerd wordt. Diverse typen beschikbaar.\" \/>\n<meta name=\"robots\" content=\"index, follow, max-snippet:-1, max-image-preview:large, max-video-preview:-1\" \/>\n<link rel=\"canonical\" href=\"https:\/\/dosingpump.shop\/cz\/produkt-2\/snimac-prutoku-emec-sefl\/\" \/>\n<meta property=\"og:locale\" content=\"cs_CZ\" \/>\n<meta property=\"og:type\" content=\"article\" \/>\n<meta property=\"og:title\" content=\"Emec SEFL flow sensor | Dosing Pump Shop B.V.\" \/>\n<meta property=\"og:description\" content=\"Emec SEFL flowsensor checkt of de doseerpomp goed werkt door fysiek te controleren of er daadwerkelijk gedoseerd wordt. Diverse typen beschikbaar.\" \/>\n<meta property=\"og:url\" content=\"https:\/\/dosingpump.shop\/cz\/produkt-2\/snimac-prutoku-emec-sefl\/\" \/>\n<meta property=\"og:site_name\" content=\"Dosing Pump Shop B.V.\" \/>\n<meta property=\"article:modified_time\" content=\"2026-02-27T12:49:14+00:00\" \/>\n<meta property=\"og:image\" content=\"https:\/\/dosingpump.shop\/wp-content\/uploads\/2024\/12\/EMEC_SEFL-V_Dosing_pump_shop.png\" \/>\n\t<meta property=\"og:image:width\" content=\"500\" \/>\n\t<meta property=\"og:image:height\" content=\"500\" \/>\n\t<meta property=\"og:image:type\" content=\"image\/png\" \/>\n<meta name=\"twitter:card\" content=\"summary_large_image\" \/>\n<meta name=\"twitter:label1\" content=\"Cena\" \/>\n\t<meta name=\"twitter:data1\" content=\"&euro;178,00\" \/>\n\t<meta name=\"twitter:label2\" content=\"Dostupnost\" \/>\n\t<meta name=\"twitter:data2\" content=\"Skladem\" \/>\n<script type=\"application\/ld+json\" class=\"yoast-schema-graph\">{\"@context\":\"https:\/\/schema.org\",\"@graph\":[{\"@type\":\"WebPage\",\"@id\":\"https:\/\/dosingpump.shop\/dk\/produkt\/emec-sefl-flow-sensor\/\",\"url\":\"https:\/\/dosingpump.shop\/dk\/produkt\/emec-sefl-flow-sensor\/\",\"name\":\"Emec SEFL flow sensor | Dosing Pump Shop B.V.\",\"isPartOf\":{\"@id\":\"https:\/\/dosingpump.shop\/de\/#website\"},\"primaryImageOfPage\":{\"@id\":\"https:\/\/dosingpump.shop\/dk\/produkt\/emec-sefl-flow-sensor\/#primaryimage\"},\"image\":{\"@id\":\"https:\/\/dosingpump.shop\/dk\/produkt\/emec-sefl-flow-sensor\/#primaryimage\"},\"thumbnailUrl\":\"https:\/\/dosingpump.shop\/wp-content\/uploads\/2024\/12\/EMEC_SEFL-V_Dosing_pump_shop.png\",\"datePublished\":\"2024-12-05T12:21:33+00:00\",\"dateModified\":\"2026-02-27T12:49:14+00:00\",\"description\":\"Emec SEFL flowsensor checkt of de doseerpomp goed werkt door fysiek te controleren of er daadwerkelijk gedoseerd wordt. Diverse typen beschikbaar.\",\"breadcrumb\":{\"@id\":\"https:\/\/dosingpump.shop\/dk\/produkt\/emec-sefl-flow-sensor\/#breadcrumb\"},\"inLanguage\":\"cs\",\"potentialAction\":[{\"@type\":\"ReadAction\",\"target\":[\"https:\/\/dosingpump.shop\/dk\/produkt\/emec-sefl-flow-sensor\/\"]}]},{\"@type\":\"ImageObject\",\"inLanguage\":\"cs\",\"@id\":\"https:\/\/dosingpump.shop\/dk\/produkt\/emec-sefl-flow-sensor\/#primaryimage\",\"url\":\"https:\/\/dosingpump.shop\/wp-content\/uploads\/2024\/12\/EMEC_SEFL-V_Dosing_pump_shop.png\",\"contentUrl\":\"https:\/\/dosingpump.shop\/wp-content\/uploads\/2024\/12\/EMEC_SEFL-V_Dosing_pump_shop.png\",\"width\":500,\"height\":500,\"caption\":\"Emec Sefl-V flow sensor\"},{\"@type\":\"BreadcrumbList\",\"@id\":\"https:\/\/dosingpump.shop\/dk\/produkt\/emec-sefl-flow-sensor\/#breadcrumb\",\"itemListElement\":[{\"@type\":\"ListItem\",\"position\":1,\"name\":\"Home\",\"item\":\"https:\/\/dosingpump.shop\/\"},{\"@type\":\"ListItem\",\"position\":2,\"name\":\"Shop\",\"item\":\"https:\/\/dosingpump.shop\/de\/shop\/\"},{\"@type\":\"ListItem\",\"position\":3,\"name\":\"Emec SEFL flow sensor\"}]},{\"@type\":\"WebSite\",\"@id\":\"https:\/\/dosingpump.shop\/de\/#website\",\"url\":\"https:\/\/dosingpump.shop\/de\/\",\"name\":\"Dosing Pump Shop B.V.\",\"description\":\"\",\"publisher\":{\"@id\":\"https:\/\/dosingpump.shop\/de\/#organization\"},\"potentialAction\":[{\"@type\":\"SearchAction\",\"target\":{\"@type\":\"EntryPoint\",\"urlTemplate\":\"https:\/\/dosingpump.shop\/de\/?s={search_term_string}\"},\"query-input\":{\"@type\":\"PropertyValueSpecification\",\"valueRequired\":true,\"valueName\":\"search_term_string\"}}],\"inLanguage\":\"cs\"},{\"@type\":\"Organization\",\"@id\":\"https:\/\/dosingpump.shop\/de\/#organization\",\"name\":\"Dosing Pump Shop B.V.\",\"url\":\"https:\/\/dosingpump.shop\/de\/\",\"logo\":{\"@type\":\"ImageObject\",\"inLanguage\":\"cs\",\"@id\":\"https:\/\/dosingpump.shop\/de\/#\/schema\/logo\/image\/\",\"url\":\"https:\/\/dosingpump.shop\/wp-content\/uploads\/2024\/10\/Dosing-Pump-Shop-logo.png\",\"contentUrl\":\"https:\/\/dosingpump.shop\/wp-content\/uploads\/2024\/10\/Dosing-Pump-Shop-logo.png\",\"width\":350,\"height\":45,\"caption\":\"Dosing Pump Shop B.V.\"},\"image\":{\"@id\":\"https:\/\/dosingpump.shop\/de\/#\/schema\/logo\/image\/\"},\"sameAs\":[\"https:\/\/linkedin.com\/company\/dosing-pump-shop\"]}]}<\/script>\n<meta property=\"product:price:amount\" content=\"178.00\" \/>\n<meta property=\"product:price:currency\" content=\"EUR\" \/>\n<meta property=\"og:availability\" content=\"instock\" \/>\n<meta property=\"product:availability\" content=\"instock\" \/>\n<meta property=\"product:retailer_item_id\" content=\"Emec-SEFL-NL-SEFL\/V\" \/>\n<meta property=\"product:condition\" content=\"new\" \/>\n<!-- \/ Yoast SEO plugin. -->","yoast_head_json":{"title":"Sn\u00edma\u010d pr\u016ftoku Emec SEFL | Dosing Pump Shop B.V.","description":"Sn\u00edma\u010d pr\u016ftoku Emec SEFL kontroluje spr\u00e1vnou funkci d\u00e1vkovac\u00edho \u010derpadla t\u00edm, \u017ee fyzicky ov\u011b\u0159uje, zda d\u00e1vkov\u00e1n\u00ed skute\u010dn\u011b prob\u00edh\u00e1. K dispozici jsou r\u016fzn\u00e9 typy.","robots":{"index":"index","follow":"follow","max-snippet":"max-snippet:-1","max-image-preview":"max-image-preview:large","max-video-preview":"max-video-preview:-1"},"canonical":"https:\/\/dosingpump.shop\/cz\/produkt-2\/snimac-prutoku-emec-sefl\/","og_locale":"cs_CZ","og_type":"article","og_title":"Emec SEFL flow sensor | Dosing Pump Shop B.V.","og_description":"Emec SEFL flowsensor checkt of de doseerpomp goed werkt door fysiek te controleren of er daadwerkelijk gedoseerd wordt. Diverse typen beschikbaar.","og_url":"https:\/\/dosingpump.shop\/cz\/produkt-2\/snimac-prutoku-emec-sefl\/","og_site_name":"Dosing Pump Shop B.V.","article_modified_time":"2026-02-27T12:49:14+00:00","og_image":[{"width":500,"height":500,"url":"https:\/\/dosingpump.shop\/wp-content\/uploads\/2024\/12\/EMEC_SEFL-V_Dosing_pump_shop.png","type":"image\/png"}],"twitter_card":"summary_large_image","twitter_misc":{"Cena":"&euro;178,00","Dostupnost":"Skladem"},"schema":{"@context":"https:\/\/schema.org","@graph":[{"@type":"WebPage","@id":"https:\/\/dosingpump.shop\/dk\/produkt\/emec-sefl-flow-sensor\/","url":"https:\/\/dosingpump.shop\/dk\/produkt\/emec-sefl-flow-sensor\/","name":"Sn\u00edma\u010d pr\u016ftoku Emec SEFL | Dosing Pump Shop B.V.","isPartOf":{"@id":"https:\/\/dosingpump.shop\/de\/#website"},"primaryImageOfPage":{"@id":"https:\/\/dosingpump.shop\/dk\/produkt\/emec-sefl-flow-sensor\/#primaryimage"},"image":{"@id":"https:\/\/dosingpump.shop\/dk\/produkt\/emec-sefl-flow-sensor\/#primaryimage"},"thumbnailUrl":"https:\/\/dosingpump.shop\/wp-content\/uploads\/2024\/12\/EMEC_SEFL-V_Dosing_pump_shop.png","datePublished":"2024-12-05T12:21:33+00:00","dateModified":"2026-02-27T12:49:14+00:00","description":"Sn\u00edma\u010d pr\u016ftoku Emec SEFL kontroluje spr\u00e1vnou funkci d\u00e1vkovac\u00edho \u010derpadla t\u00edm, \u017ee fyzicky ov\u011b\u0159uje, zda d\u00e1vkov\u00e1n\u00ed skute\u010dn\u011b prob\u00edh\u00e1. K dispozici jsou r\u016fzn\u00e9 typy.","breadcrumb":{"@id":"https:\/\/dosingpump.shop\/dk\/produkt\/emec-sefl-flow-sensor\/#breadcrumb"},"inLanguage":"cs","potentialAction":[{"@type":"ReadAction","target":["https:\/\/dosingpump.shop\/dk\/produkt\/emec-sefl-flow-sensor\/"]}]},{"@type":"ImageObject","inLanguage":"cs","@id":"https:\/\/dosingpump.shop\/dk\/produkt\/emec-sefl-flow-sensor\/#primaryimage","url":"https:\/\/dosingpump.shop\/wp-content\/uploads\/2024\/12\/EMEC_SEFL-V_Dosing_pump_shop.png","contentUrl":"https:\/\/dosingpump.shop\/wp-content\/uploads\/2024\/12\/EMEC_SEFL-V_Dosing_pump_shop.png","width":500,"height":500,"caption":"Emec Sefl-V flow sensor"},{"@type":"BreadcrumbList","@id":"https:\/\/dosingpump.shop\/dk\/produkt\/emec-sefl-flow-sensor\/#breadcrumb","itemListElement":[{"@type":"ListItem","position":1,"name":"Home","item":"https:\/\/dosingpump.shop\/"},{"@type":"ListItem","position":2,"name":"Shop","item":"https:\/\/dosingpump.shop\/de\/shop\/"},{"@type":"ListItem","position":3,"name":"Emec SEFL flow sensor"}]},{"@type":"WebSite","@id":"https:\/\/dosingpump.shop\/de\/#website","url":"https:\/\/dosingpump.shop\/de\/","name":"Dosing Pump Shop B.V.","description":"","publisher":{"@id":"https:\/\/dosingpump.shop\/de\/#organization"},"potentialAction":[{"@type":"SearchAction","target":{"@type":"EntryPoint","urlTemplate":"https:\/\/dosingpump.shop\/de\/?s={search_term_string}"},"query-input":{"@type":"PropertyValueSpecification","valueRequired":true,"valueName":"search_term_string"}}],"inLanguage":"cs"},{"@type":"Organization","@id":"https:\/\/dosingpump.shop\/de\/#organization","name":"Dosing Pump Shop B.V.","url":"https:\/\/dosingpump.shop\/de\/","logo":{"@type":"ImageObject","inLanguage":"cs","@id":"https:\/\/dosingpump.shop\/de\/#\/schema\/logo\/image\/","url":"https:\/\/dosingpump.shop\/wp-content\/uploads\/2024\/10\/Dosing-Pump-Shop-logo.png","contentUrl":"https:\/\/dosingpump.shop\/wp-content\/uploads\/2024\/10\/Dosing-Pump-Shop-logo.png","width":350,"height":45,"caption":"Dosing Pump Shop B.V."},"image":{"@id":"https:\/\/dosingpump.shop\/de\/#\/schema\/logo\/image\/"},"sameAs":["https:\/\/linkedin.com\/company\/dosing-pump-shop"]}]},"product_price_amount":"178.00","product_price_currency":"EUR","og_availability":"instock","product_availability":"instock","product_retailer_item_id":"Emec-SEFL-NL-SEFL\/V","product_condition":"new"},"_links":{"self":[{"href":"https:\/\/dosingpump.shop\/cz\/wp-json\/wp\/v2\/product\/3934","targetHints":{"allow":["GET"]}}],"collection":[{"href":"https:\/\/dosingpump.shop\/cz\/wp-json\/wp\/v2\/product"}],"about":[{"href":"https:\/\/dosingpump.shop\/cz\/wp-json\/wp\/v2\/types\/product"}],"wp:featuredmedia":[{"embeddable":true,"href":"https:\/\/dosingpump.shop\/cz\/wp-json\/wp\/v2\/media\/8302"}],"wp:attachment":[{"href":"https:\/\/dosingpump.shop\/cz\/wp-json\/wp\/v2\/media?parent=3934"}],"wp:term":[{"taxonomy":"product_brand","embeddable":true,"href":"https:\/\/dosingpump.shop\/cz\/wp-json\/wp\/v2\/product_brand?post=3934"},{"taxonomy":"product_cat","embeddable":true,"href":"https:\/\/dosingpump.shop\/cz\/wp-json\/wp\/v2\/product_cat?post=3934"},{"taxonomy":"product_tag","embeddable":true,"href":"https:\/\/dosingpump.shop\/cz\/wp-json\/wp\/v2\/product_tag?post=3934"}],"curies":[{"name":"wp","href":"https:\/\/api.w.org\/{rel}","templated":true}]}}