{"id":3958,"date":"2024-12-05T14:21:36","date_gmt":"2024-12-05T12:21:36","guid":{"rendered":"https:\/\/dosingpump.shop\/product\/emec-lini-chemische-injectielans\/"},"modified":"2026-03-31T15:13:07","modified_gmt":"2026-03-31T13:13:07","slug":"emec-lini-chemicka-injekcni-lanceta","status":"publish","type":"product","link":"https:\/\/dosingpump.shop\/cz\/product\/emec-lini-chemische-injectielans\/","title":{"rendered":"Emec LINI Chemick\u00e9 injek\u010dn\u00ed kop\u00ed"},"content":{"rendered":"<p>Vst\u0159ikovac\u00ed kop\u00ed Emec LINI je kl\u00ed\u010dovou sou\u010d\u00e1st\u00ed syst\u00e9m\u016f, kter\u00e9 vy\u017eaduj\u00ed p\u0159esn\u00e9 d\u00e1vkov\u00e1n\u00ed chemik\u00e1li\u00ed, zejm\u00e9na pokud je d\u00e1vkovac\u00ed \u010derpadlo um\u00edst\u011bno pod hladinou kapaliny. Tam, kde standardn\u00ed vst\u0159ikovac\u00ed ventily \u010dasto zp\u016fsobuj\u00ed probl\u00e9my, jako je krystalizace a tvorba chemick\u00fdch usazenin, vst\u0159ikovac\u00ed lance Emec LINI tyto probl\u00e9my \u00fa\u010dinn\u011b \u0159e\u0161\u00ed.<\/p>\n<p>Inteligentn\u00ed konstrukce t\u00e9to vst\u0159ikovac\u00ed lance umo\u017e\u0148uje snadn\u00e9 odstran\u011bn\u00ed m\u00edsta vst\u0159iku, a to i v p\u0159etlakov\u00fdch syst\u00e9mech, d\u00edky voliteln\u00e9mu zp\u011btn\u00e9mu ventilu integrovan\u00e9mu v lance. To zvy\u0161uje nejen snadnost pou\u017eit\u00ed, ale tak\u00e9 provozn\u00ed bezpe\u010dnost.<\/p>\n<p>Vst\u0159ikovac\u00ed kop\u00ed Emec LINI je k dispozici z r\u016fzn\u00fdch vysoce kvalitn\u00edch materi\u00e1l\u016f, jako je PP, PVDF a nerezov\u00e1 ocel 316. Tato rozmanitost zaji\u0161\u0165uje, \u017ee kop\u00ed odol\u00e1v\u00e1 teplot\u00e1m a\u017e 200 \u00b0C a tlak\u016fm a\u017e 25 bar\u016f, v z\u00e1vislosti na zvolen\u00e9 verzi. D\u00edky tomu jsou vst\u0159ikovac\u00ed kop\u00ed Emec LINI univerz\u00e1ln\u00edm a robustn\u00edm \u0159e\u0161en\u00edm pro \u0161irokou \u0161k\u00e1lu pr\u016fmyslov\u00fdch aplikac\u00ed.<\/p>\n<p>V sou\u010dasn\u00e9 dob\u011b nab\u00edz\u00edme konkr\u00e9tn\u011b model LINI-V 1\/2\u2033 (vhodn\u00fd pro hadice 4x6 mm a\u017e 8x12 mm) z PVDF i PP s O-krou\u017eky z Vitonu nebo EPDM. Hled\u00e1te v\u0161ak jinou konfiguraci nebo specifick\u00e9 rozm\u011bry? Pak n\u00e1s nev\u00e1hejte kontaktovat a vy\u017e\u00e1dejte si nez\u00e1vaznou cenovou nab\u00eddku.<\/p>","protected":false},"excerpt":{"rendered":"<p>Injek\u010dn\u00ed kop\u00ed Emec pro vst\u0159ikov\u00e1n\u00ed kapalin pod hladinu kapaliny nebo do p\u0159etlakov\u00fdch syst\u00e9m\u016f. K dispozici z PP, PVDF a nerezov\u00e9 oceli 316.<\/p>\n<p>Proveden\u00ed: LINI-V 1\/2 (4x6 mm a\u017e 8x12 mm) z PVDF nebo PP. O-krou\u017eky: M\u011bkk\u00e9 t\u011bsnic\u00ed krou\u017eky: Viton nebo EPDM.<\/p>\n<p>Pot\u0159ebujete jinou verzi? Po\u017e\u00e1dejte o cenovou nab\u00eddku!<\/p>","protected":false},"featured_media":3957,"template":"","meta":[],"product_brand":[],"product_cat":[34],"product_tag":[],"class_list":{"0":"post-3958","1":"product","2":"type-product","3":"status-publish","4":"has-post-thumbnail","6":"product_cat-accessoires","8":"first","9":"instock","10":"taxable","11":"shipping-taxable","12":"purchasable","13":"product-type-simple"},"yoast_head":"<!-- This site is optimized with the Yoast SEO plugin v27.2 - https:\/\/yoast.com\/product\/yoast-seo-wordpress\/ -->\n<title>Emec LINI Chemische Injectielans | Dosing Pump Shop B.V.<\/title>\n<meta name=\"description\" content=\"Emec LINI injectielans voor het injecteren van chemische vloeistoffen. Diverse materialen en configuraties leverbaar. Kijk in onze webshop!\" \/>\n<meta name=\"robots\" content=\"index, follow, max-snippet:-1, max-image-preview:large, max-video-preview:-1\" \/>\n<link rel=\"canonical\" href=\"https:\/\/dosingpump.shop\/cz\/produkt-2\/emec-lini-chemicka-injekcni-lanceta\/\" \/>\n<meta property=\"og:locale\" content=\"cs_CZ\" \/>\n<meta property=\"og:type\" content=\"article\" \/>\n<meta property=\"og:title\" content=\"Emec LINI Chemische Injectielans | Dosing Pump Shop B.V.\" \/>\n<meta property=\"og:description\" content=\"Emec LINI injectielans voor het injecteren van chemische vloeistoffen. Diverse materialen en configuraties leverbaar. Kijk in onze webshop!\" \/>\n<meta property=\"og:url\" content=\"https:\/\/dosingpump.shop\/cz\/produkt-2\/emec-lini-chemicka-injekcni-lanceta\/\" \/>\n<meta property=\"og:site_name\" content=\"Dosing Pump Shop B.V.\" \/>\n<meta property=\"article:modified_time\" content=\"2026-03-31T13:13:07+00:00\" \/>\n<meta property=\"og:image\" content=\"https:\/\/dosingpump.shop\/wp-content\/uploads\/2024\/12\/Emec-LINI-Chemische-Injectielans.webp\" \/>\n\t<meta property=\"og:image:width\" content=\"500\" \/>\n\t<meta property=\"og:image:height\" content=\"500\" \/>\n\t<meta property=\"og:image:type\" content=\"image\/webp\" \/>\n<meta name=\"twitter:card\" content=\"summary_large_image\" \/>\n<meta name=\"twitter:label1\" content=\"Cena\" \/>\n\t<meta name=\"twitter:data1\" content=\"&euro;107,00\" \/>\n\t<meta name=\"twitter:label2\" content=\"Dostupnost\" \/>\n\t<meta name=\"twitter:data2\" content=\"Skladem\" \/>\n<script type=\"application\/ld+json\" class=\"yoast-schema-graph\">{\"@context\":\"https:\/\/schema.org\",\"@graph\":[{\"@type\":\"WebPage\",\"@id\":\"https:\/\/dosingpump.shop\/product\/emec-lini-chemische-injectielans\/\",\"url\":\"https:\/\/dosingpump.shop\/product\/emec-lini-chemische-injectielans\/\",\"name\":\"Emec LINI Chemische Injectielans | Dosing Pump Shop B.V.\",\"isPartOf\":{\"@id\":\"https:\/\/dosingpump.shop\/de\/#website\"},\"primaryImageOfPage\":{\"@id\":\"https:\/\/dosingpump.shop\/product\/emec-lini-chemische-injectielans\/#primaryimage\"},\"image\":{\"@id\":\"https:\/\/dosingpump.shop\/product\/emec-lini-chemische-injectielans\/#primaryimage\"},\"thumbnailUrl\":\"https:\/\/dosingpump.shop\/wp-content\/uploads\/2024\/12\/Emec-LINI-Chemische-Injectielans.webp\",\"datePublished\":\"2024-12-05T12:21:36+00:00\",\"dateModified\":\"2026-03-31T13:13:07+00:00\",\"description\":\"Emec LINI injectielans voor het injecteren van chemische vloeistoffen. Diverse materialen en configuraties leverbaar. Kijk in onze webshop!\",\"breadcrumb\":{\"@id\":\"https:\/\/dosingpump.shop\/product\/emec-lini-chemische-injectielans\/#breadcrumb\"},\"inLanguage\":\"cs\",\"potentialAction\":[{\"@type\":\"ReadAction\",\"target\":[\"https:\/\/dosingpump.shop\/product\/emec-lini-chemische-injectielans\/\"]}]},{\"@type\":\"ImageObject\",\"inLanguage\":\"cs\",\"@id\":\"https:\/\/dosingpump.shop\/product\/emec-lini-chemische-injectielans\/#primaryimage\",\"url\":\"https:\/\/dosingpump.shop\/wp-content\/uploads\/2024\/12\/Emec-LINI-Chemische-Injectielans.webp\",\"contentUrl\":\"https:\/\/dosingpump.shop\/wp-content\/uploads\/2024\/12\/Emec-LINI-Chemische-Injectielans.webp\",\"width\":500,\"height\":500},{\"@type\":\"BreadcrumbList\",\"@id\":\"https:\/\/dosingpump.shop\/product\/emec-lini-chemische-injectielans\/#breadcrumb\",\"itemListElement\":[{\"@type\":\"ListItem\",\"position\":1,\"name\":\"Home\",\"item\":\"https:\/\/dosingpump.shop\/\"},{\"@type\":\"ListItem\",\"position\":2,\"name\":\"Shop\",\"item\":\"https:\/\/dosingpump.shop\/de\/shop\/\"},{\"@type\":\"ListItem\",\"position\":3,\"name\":\"Emec LINI Chemische Injectielans\"}]},{\"@type\":\"WebSite\",\"@id\":\"https:\/\/dosingpump.shop\/de\/#website\",\"url\":\"https:\/\/dosingpump.shop\/de\/\",\"name\":\"Dosing Pump Shop B.V.\",\"description\":\"\",\"publisher\":{\"@id\":\"https:\/\/dosingpump.shop\/de\/#organization\"},\"potentialAction\":[{\"@type\":\"SearchAction\",\"target\":{\"@type\":\"EntryPoint\",\"urlTemplate\":\"https:\/\/dosingpump.shop\/de\/?s={search_term_string}\"},\"query-input\":{\"@type\":\"PropertyValueSpecification\",\"valueRequired\":true,\"valueName\":\"search_term_string\"}}],\"inLanguage\":\"cs\"},{\"@type\":\"Organization\",\"@id\":\"https:\/\/dosingpump.shop\/de\/#organization\",\"name\":\"Dosing Pump Shop B.V.\",\"url\":\"https:\/\/dosingpump.shop\/de\/\",\"logo\":{\"@type\":\"ImageObject\",\"inLanguage\":\"cs\",\"@id\":\"https:\/\/dosingpump.shop\/de\/#\/schema\/logo\/image\/\",\"url\":\"https:\/\/dosingpump.shop\/wp-content\/uploads\/2024\/10\/Dosing-Pump-Shop-logo.png\",\"contentUrl\":\"https:\/\/dosingpump.shop\/wp-content\/uploads\/2024\/10\/Dosing-Pump-Shop-logo.png\",\"width\":350,\"height\":45,\"caption\":\"Dosing Pump Shop B.V.\"},\"image\":{\"@id\":\"https:\/\/dosingpump.shop\/de\/#\/schema\/logo\/image\/\"},\"sameAs\":[\"https:\/\/linkedin.com\/company\/dosing-pump-shop\"]}]}<\/script>\n<meta property=\"product:price:amount\" content=\"107.00\" \/>\n<meta property=\"product:price:currency\" content=\"EUR\" \/>\n<meta property=\"og:availability\" content=\"instock\" \/>\n<meta property=\"product:availability\" content=\"instock\" \/>\n<meta property=\"product:retailer_item_id\" content=\"Emec-LINI-NL-LINI-D\" \/>\n<meta property=\"product:condition\" content=\"new\" \/>\n<!-- \/ Yoast SEO plugin. -->","yoast_head_json":{"title":"Emec LINI Chemick\u00e9 vst\u0159ikovac\u00ed lance | Dosing Pump Shop B.V.","description":"Injek\u010dn\u00ed kop\u00ed Emec LINI pro vst\u0159ikov\u00e1n\u00ed chemick\u00fdch kapalin. K dispozici jsou r\u016fzn\u00e9 materi\u00e1ly a konfigurace. Pod\u00edvejte se do na\u0161eho internetov\u00e9ho obchodu!","robots":{"index":"index","follow":"follow","max-snippet":"max-snippet:-1","max-image-preview":"max-image-preview:large","max-video-preview":"max-video-preview:-1"},"canonical":"https:\/\/dosingpump.shop\/cz\/produkt-2\/emec-lini-chemicka-injekcni-lanceta\/","og_locale":"cs_CZ","og_type":"article","og_title":"Emec LINI Chemische Injectielans | Dosing Pump Shop B.V.","og_description":"Emec LINI injectielans voor het injecteren van chemische vloeistoffen. Diverse materialen en configuraties leverbaar. Kijk in onze webshop!","og_url":"https:\/\/dosingpump.shop\/cz\/produkt-2\/emec-lini-chemicka-injekcni-lanceta\/","og_site_name":"Dosing Pump Shop B.V.","article_modified_time":"2026-03-31T13:13:07+00:00","og_image":[{"width":500,"height":500,"url":"https:\/\/dosingpump.shop\/wp-content\/uploads\/2024\/12\/Emec-LINI-Chemische-Injectielans.webp","type":"image\/webp"}],"twitter_card":"summary_large_image","twitter_misc":{"Cena":"&euro;107,00","Dostupnost":"Skladem"},"schema":{"@context":"https:\/\/schema.org","@graph":[{"@type":"WebPage","@id":"https:\/\/dosingpump.shop\/product\/emec-lini-chemische-injectielans\/","url":"https:\/\/dosingpump.shop\/product\/emec-lini-chemische-injectielans\/","name":"Emec LINI Chemick\u00e9 vst\u0159ikovac\u00ed lance | Dosing Pump Shop B.V.","isPartOf":{"@id":"https:\/\/dosingpump.shop\/de\/#website"},"primaryImageOfPage":{"@id":"https:\/\/dosingpump.shop\/product\/emec-lini-chemische-injectielans\/#primaryimage"},"image":{"@id":"https:\/\/dosingpump.shop\/product\/emec-lini-chemische-injectielans\/#primaryimage"},"thumbnailUrl":"https:\/\/dosingpump.shop\/wp-content\/uploads\/2024\/12\/Emec-LINI-Chemische-Injectielans.webp","datePublished":"2024-12-05T12:21:36+00:00","dateModified":"2026-03-31T13:13:07+00:00","description":"Injek\u010dn\u00ed kop\u00ed Emec LINI pro vst\u0159ikov\u00e1n\u00ed chemick\u00fdch kapalin. K dispozici jsou r\u016fzn\u00e9 materi\u00e1ly a konfigurace. Pod\u00edvejte se do na\u0161eho internetov\u00e9ho obchodu!","breadcrumb":{"@id":"https:\/\/dosingpump.shop\/product\/emec-lini-chemische-injectielans\/#breadcrumb"},"inLanguage":"cs","potentialAction":[{"@type":"ReadAction","target":["https:\/\/dosingpump.shop\/product\/emec-lini-chemische-injectielans\/"]}]},{"@type":"ImageObject","inLanguage":"cs","@id":"https:\/\/dosingpump.shop\/product\/emec-lini-chemische-injectielans\/#primaryimage","url":"https:\/\/dosingpump.shop\/wp-content\/uploads\/2024\/12\/Emec-LINI-Chemische-Injectielans.webp","contentUrl":"https:\/\/dosingpump.shop\/wp-content\/uploads\/2024\/12\/Emec-LINI-Chemische-Injectielans.webp","width":500,"height":500},{"@type":"BreadcrumbList","@id":"https:\/\/dosingpump.shop\/product\/emec-lini-chemische-injectielans\/#breadcrumb","itemListElement":[{"@type":"ListItem","position":1,"name":"Home","item":"https:\/\/dosingpump.shop\/"},{"@type":"ListItem","position":2,"name":"Shop","item":"https:\/\/dosingpump.shop\/de\/shop\/"},{"@type":"ListItem","position":3,"name":"Emec LINI Chemische Injectielans"}]},{"@type":"WebSite","@id":"https:\/\/dosingpump.shop\/de\/#website","url":"https:\/\/dosingpump.shop\/de\/","name":"Dosing Pump Shop B.V.","description":"","publisher":{"@id":"https:\/\/dosingpump.shop\/de\/#organization"},"potentialAction":[{"@type":"SearchAction","target":{"@type":"EntryPoint","urlTemplate":"https:\/\/dosingpump.shop\/de\/?s={search_term_string}"},"query-input":{"@type":"PropertyValueSpecification","valueRequired":true,"valueName":"search_term_string"}}],"inLanguage":"cs"},{"@type":"Organization","@id":"https:\/\/dosingpump.shop\/de\/#organization","name":"Dosing Pump Shop B.V.","url":"https:\/\/dosingpump.shop\/de\/","logo":{"@type":"ImageObject","inLanguage":"cs","@id":"https:\/\/dosingpump.shop\/de\/#\/schema\/logo\/image\/","url":"https:\/\/dosingpump.shop\/wp-content\/uploads\/2024\/10\/Dosing-Pump-Shop-logo.png","contentUrl":"https:\/\/dosingpump.shop\/wp-content\/uploads\/2024\/10\/Dosing-Pump-Shop-logo.png","width":350,"height":45,"caption":"Dosing Pump Shop B.V."},"image":{"@id":"https:\/\/dosingpump.shop\/de\/#\/schema\/logo\/image\/"},"sameAs":["https:\/\/linkedin.com\/company\/dosing-pump-shop"]}]},"product_price_amount":"107.00","product_price_currency":"EUR","og_availability":"instock","product_availability":"instock","product_retailer_item_id":"Emec-LINI-NL-LINI-D","product_condition":"new"},"_links":{"self":[{"href":"https:\/\/dosingpump.shop\/cz\/wp-json\/wp\/v2\/product\/3958","targetHints":{"allow":["GET"]}}],"collection":[{"href":"https:\/\/dosingpump.shop\/cz\/wp-json\/wp\/v2\/product"}],"about":[{"href":"https:\/\/dosingpump.shop\/cz\/wp-json\/wp\/v2\/types\/product"}],"wp:featuredmedia":[{"embeddable":true,"href":"https:\/\/dosingpump.shop\/cz\/wp-json\/wp\/v2\/media\/3957"}],"wp:attachment":[{"href":"https:\/\/dosingpump.shop\/cz\/wp-json\/wp\/v2\/media?parent=3958"}],"wp:term":[{"taxonomy":"product_brand","embeddable":true,"href":"https:\/\/dosingpump.shop\/cz\/wp-json\/wp\/v2\/product_brand?post=3958"},{"taxonomy":"product_cat","embeddable":true,"href":"https:\/\/dosingpump.shop\/cz\/wp-json\/wp\/v2\/product_cat?post=3958"},{"taxonomy":"product_tag","embeddable":true,"href":"https:\/\/dosingpump.shop\/cz\/wp-json\/wp\/v2\/product_tag?post=3958"}],"curies":[{"name":"wp","href":"https:\/\/api.w.org\/{rel}","templated":true}]}}