{"id":4017,"date":"2024-12-05T12:21:44","date_gmt":"2024-12-05T12:21:44","guid":{"rendered":"https:\/\/dosingpump.shop\/product\/geleidbaarheidssensor-eicd\/"},"modified":"2026-02-27T14:49:15","modified_gmt":"2026-02-27T12:49:15","slug":"snimac-vodivosti-eicd","status":"publish","type":"product","link":"https:\/\/dosingpump.shop\/cz\/product\/geleidbaarheidssensor-eicd\/","title":{"rendered":"Sn\u00edma\u010d vodivosti EICD"},"content":{"rendered":"<p><a>Popis<\/a><br \/>\n<a>Verze<\/a><br \/>\nPopis<\/p>\n<h2 style=\"margin-bottom: 20px;\"><span style=\"color: #000000;\">Sn\u00edma\u010d vodivosti EIDC<\/span>pro pou\u017eit\u00ed s \u0159\u00eddic\u00ed jednotkou (Emec)<\/h2>\n<p>Tento g<span style=\"color: #000000;\">Sn\u00edma\u010d reaktivity?<\/span>m\u011b\u0159\u00ed vodivost roztoku. Tento senzor m\u011b\u0159\u00ed vodivost pomoc\u00ed elektrod z nerezov\u00e9 oceli. Pouzdro je z nerezov\u00e9 oceli, co\u017e umo\u017e\u0148uje pou\u017eit\u00ed p\u0159i vysok\u00fdch teplot\u00e1ch a tlac\u00edch.<\/p>\n<p>Samoz\u0159ejm\u011b dod\u00e1v\u00e1me tak\u00e9 \u0159\u00eddic\u00ed jednotky, kter\u00e9 s t\u011bmito senzory pracuj\u00ed.<\/p>\n<p>Hled\u00e1te syst\u00e9m pro m\u011b\u0159en\u00ed a kontrolu vodivosti? R\u00e1di v\u00e1m pom\u016f\u017eeme vybrat ten spr\u00e1vn\u00fd produkt. Sta\u010d\u00ed se s n\u00e1mi spojit!<\/p>\n<h3 style=\"font-size: 1.2em; font-style: normal; margin-bottom: 20px;\">Funkce Sn\u00edma\u010d vodivosti EIDC<\/h3>\n<ul style=\"margin-left: 2rem;\">\n<li style=\"font-family: Roboto, sans-serif; font-size: 15px; font-style: normal;\">Materi\u00e1l: nerezov\u00e1 ocel 316L s elektrodami z nerezov\u00e9 oceli 316L<\/li>\n<li style=\"font-family: Roboto, sans-serif; font-size: 15px; font-style: normal;\">Mo\u017enost del\u0161\u00edho kabelu<\/li>\n<li>Rozsah:?viz ?Verze?<\/li>\n<li style=\"font-family: Roboto, sans-serif; font-size: 15px; font-style: normal;\">Maxim\u00e1ln\u00ed tlak: viz ?Verze?<\/li>\n<li style=\"font-family: Roboto, sans-serif; font-size: 15px; font-style: normal;\">Maxim\u00e1ln\u00ed teplota:?viz ?Verze?<\/li>\n<li style=\"font-family: Roboto, sans-serif; font-size: 15px; font-style: normal;\">Minim\u00e1ln\u00ed vodivost:??viz ?Verze?<\/li>\n<\/ul>\n<p>Verze<\/p>\n<p>V n\u00ed\u017ee uveden\u00e9 tabulce se m\u016f\u017eete pod\u00edvat, kter\u00e9 verze jsou k dispozici. V tabulce m\u016f\u017eete n\u011bkter\u00e9 z nich vybrat. Nem\u016f\u017eete naj\u00edt po\u017eadovan\u00fd sn\u00edma\u010d vodivosti? Pak n\u00e1s pros\u00edm kontaktujte.<\/p>\n<table>\n<tbody>\n<tr>\n<td><b>Model<\/b><\/td>\n<td><b>elektrody<\/b><\/td>\n<td><b>rozsah<\/b><\/td>\n<td><b>?bar<\/b><\/td>\n<td><b>teplota (?C)<\/b><\/td>\n<td><b>teplotn\u00ed \u010didlo?<\/b><\/td>\n<td><b>kabel (m)<\/b><\/td>\n<td><b>?body<\/b><\/td>\n<td><b>?<\/b><\/td>\n<\/tr>\n<tr>\n<td>EICDC\/1<\/td>\n<td>SS k1<\/td>\n<td>0-20 ms<\/td>\n<td>?0-15<\/td>\n<td>0-130<\/td>\n<td>NTC<\/td>\n<td>4<\/td>\n<td>AISI 316<\/td>\n<td><\/td>\n<\/tr>\n<tr>\n<td>EICDC\/001<\/td>\n<td>SS k0,01<\/td>\n<td>0-20 _S<\/td>\n<td>?0-15<\/td>\n<td>0-130<\/td>\n<td>NTC<\/td>\n<td>4<\/td>\n<td>AISI 316<\/td>\n<td><\/td>\n<\/tr>\n<tr>\n<td>EICDC\/01<\/td>\n<td>SS k0.1<\/td>\n<td>0-200 _S<\/td>\n<td>?0-15<\/td>\n<td>0-130<\/td>\n<td>NTC<\/td>\n<td>4<\/td>\n<td>AISI 316<\/td>\n<td><\/td>\n<\/tr>\n<tr>\n<td>EICDCPT\/001<\/td>\n<td>SS k0,01<\/td>\n<td>0-20 _S<\/td>\n<td>?0-15<\/td>\n<td>0-130<\/td>\n<td>PT100<\/td>\n<td>4<\/td>\n<td>AISI 316<\/td>\n<td><\/td>\n<\/tr>\n<tr>\n<td>EICDCPT\/1<\/td>\n<td>SS k1<\/td>\n<td>?0-20 mS<\/td>\n<td>?0-15<\/td>\n<td>0-130<\/td>\n<td>PT100<\/td>\n<td>4<\/td>\n<td>AISI 316<\/td>\n<td><\/td>\n<\/tr>\n<tr>\n<td>EICDCPT\/01<\/td>\n<td>SS k0.1<\/td>\n<td>?0-200 _S<\/td>\n<td>?0-15<\/td>\n<td>0-130<\/td>\n<td>PT100<\/td>\n<td>4<\/td>\n<td>AISI 316<\/td>\n<td><\/td>\n<\/tr>\n<tr>\n<td>EICDHPT\/1<\/td>\n<td>SS k1<\/td>\n<td>?0-20 mS<\/td>\n<td>?0-15<\/td>\n<td>0-200<\/td>\n<td>?PT100<\/td>\n<td>?4<\/td>\n<td>AISI 316<\/td>\n<td><\/td>\n<\/tr>\n<\/tbody>\n<\/table>","protected":false},"excerpt":{"rendered":"<p><span style=\"color: #000000;\">Sn\u00edma\u010d vodivosti pro pou\u017eit\u00ed s \u0159\u00eddic\u00ed jednotkou (Emec). Standardn\u011b dod\u00e1v\u00e1no se 4 m kabelem.?<\/span><\/p>\n<p>Elektrody: NEREZOV\u00c1 OCEL.<\/p>\n<p>Kryt: nerezov\u00e1 ocel.<\/p>\n<p>Rozsah: 0-200 _S | 0-20 _S | 0-20 mS |.<\/p>\n<p>Maxim\u00e1ln\u00ed teplota: 200 ?C.<\/p>\n<p>K dispozici jsou r\u016fzn\u00e9 verze.<\/p>\n<p>Model: EIDC\/1<\/p>","protected":false},"featured_media":4016,"template":"","meta":[],"product_brand":[],"product_cat":[85],"product_tag":[],"class_list":{"0":"post-4017","1":"product","2":"type-product","3":"status-publish","4":"has-post-thumbnail","6":"product_cat-assortiment","8":"first","9":"instock","10":"taxable","11":"shipping-taxable","12":"purchasable","13":"product-type-simple"},"yoast_head":"<!-- This site is optimized with the Yoast SEO plugin v27.2 - https:\/\/yoast.com\/product\/yoast-seo-wordpress\/ -->\n<title>Geleidbaarheidssensor EICD | Dosing Pump Shop B.V.<\/title>\n<meta name=\"description\" content=\"Hoogwaardige geleidbaarheidssensor met RVS behuizing. Deze geleidbaarheidssensor is uit voorraad leverbaar en verkrijgbaar in diverse uitvoeringen.\" \/>\n<meta name=\"robots\" content=\"index, follow, max-snippet:-1, max-image-preview:large, max-video-preview:-1\" \/>\n<link rel=\"canonical\" href=\"https:\/\/dosingpump.shop\/cz\/produkt-2\/snimac-vodivosti-eicd\/\" \/>\n<meta property=\"og:locale\" content=\"cs_CZ\" \/>\n<meta property=\"og:type\" content=\"article\" \/>\n<meta property=\"og:title\" content=\"Geleidbaarheidssensor EICD | Dosing Pump Shop B.V.\" \/>\n<meta property=\"og:description\" content=\"Hoogwaardige geleidbaarheidssensor met RVS behuizing. Deze geleidbaarheidssensor is uit voorraad leverbaar en verkrijgbaar in diverse uitvoeringen.\" \/>\n<meta property=\"og:url\" content=\"https:\/\/dosingpump.shop\/cz\/produkt-2\/snimac-vodivosti-eicd\/\" \/>\n<meta property=\"og:site_name\" content=\"Dosing Pump Shop B.V.\" \/>\n<meta property=\"article:modified_time\" content=\"2026-02-27T12:49:15+00:00\" \/>\n<meta property=\"og:image\" content=\"https:\/\/dosingpump.shop\/wp-content\/uploads\/2024\/12\/Geleidbaarheidssensor-EICD.webp\" \/>\n\t<meta property=\"og:image:width\" content=\"481\" \/>\n\t<meta property=\"og:image:height\" content=\"518\" \/>\n\t<meta property=\"og:image:type\" content=\"image\/webp\" \/>\n<meta name=\"twitter:card\" content=\"summary_large_image\" \/>\n<meta name=\"twitter:label1\" content=\"Cena\" \/>\n\t<meta name=\"twitter:data1\" content=\"&euro;247,00\" \/>\n\t<meta name=\"twitter:label2\" content=\"Dostupnost\" \/>\n\t<meta name=\"twitter:data2\" content=\"Skladem\" \/>\n<script type=\"application\/ld+json\" class=\"yoast-schema-graph\">{\"@context\":\"https:\/\/schema.org\",\"@graph\":[{\"@type\":\"WebPage\",\"@id\":\"https:\/\/dosingpump.shop\/se\/produkt\/konduktivitetssensor-eicd\/\",\"url\":\"https:\/\/dosingpump.shop\/se\/produkt\/konduktivitetssensor-eicd\/\",\"name\":\"Geleidbaarheidssensor EICD | Dosing Pump Shop B.V.\",\"isPartOf\":{\"@id\":\"https:\/\/dosingpump.shop\/de\/#website\"},\"primaryImageOfPage\":{\"@id\":\"https:\/\/dosingpump.shop\/se\/produkt\/konduktivitetssensor-eicd\/#primaryimage\"},\"image\":{\"@id\":\"https:\/\/dosingpump.shop\/se\/produkt\/konduktivitetssensor-eicd\/#primaryimage\"},\"thumbnailUrl\":\"https:\/\/dosingpump.shop\/wp-content\/uploads\/2024\/12\/Geleidbaarheidssensor-EICD.webp\",\"datePublished\":\"2024-12-05T12:21:44+00:00\",\"dateModified\":\"2026-02-27T12:49:15+00:00\",\"description\":\"Hoogwaardige geleidbaarheidssensor met RVS behuizing. Deze geleidbaarheidssensor is uit voorraad leverbaar en verkrijgbaar in diverse uitvoeringen.\",\"breadcrumb\":{\"@id\":\"https:\/\/dosingpump.shop\/se\/produkt\/konduktivitetssensor-eicd\/#breadcrumb\"},\"inLanguage\":\"cs\",\"potentialAction\":[{\"@type\":\"ReadAction\",\"target\":[\"https:\/\/dosingpump.shop\/se\/produkt\/konduktivitetssensor-eicd\/\"]}]},{\"@type\":\"ImageObject\",\"inLanguage\":\"cs\",\"@id\":\"https:\/\/dosingpump.shop\/se\/produkt\/konduktivitetssensor-eicd\/#primaryimage\",\"url\":\"https:\/\/dosingpump.shop\/wp-content\/uploads\/2024\/12\/Geleidbaarheidssensor-EICD.webp\",\"contentUrl\":\"https:\/\/dosingpump.shop\/wp-content\/uploads\/2024\/12\/Geleidbaarheidssensor-EICD.webp\",\"width\":481,\"height\":518},{\"@type\":\"BreadcrumbList\",\"@id\":\"https:\/\/dosingpump.shop\/se\/produkt\/konduktivitetssensor-eicd\/#breadcrumb\",\"itemListElement\":[{\"@type\":\"ListItem\",\"position\":1,\"name\":\"Home\",\"item\":\"https:\/\/dosingpump.shop\/\"},{\"@type\":\"ListItem\",\"position\":2,\"name\":\"Shop\",\"item\":\"https:\/\/dosingpump.shop\/de\/shop\/\"},{\"@type\":\"ListItem\",\"position\":3,\"name\":\"Geleidbaarheidssensor EICD\"}]},{\"@type\":\"WebSite\",\"@id\":\"https:\/\/dosingpump.shop\/de\/#website\",\"url\":\"https:\/\/dosingpump.shop\/de\/\",\"name\":\"Dosing Pump Shop B.V.\",\"description\":\"\",\"publisher\":{\"@id\":\"https:\/\/dosingpump.shop\/de\/#organization\"},\"potentialAction\":[{\"@type\":\"SearchAction\",\"target\":{\"@type\":\"EntryPoint\",\"urlTemplate\":\"https:\/\/dosingpump.shop\/de\/?s={search_term_string}\"},\"query-input\":{\"@type\":\"PropertyValueSpecification\",\"valueRequired\":true,\"valueName\":\"search_term_string\"}}],\"inLanguage\":\"cs\"},{\"@type\":\"Organization\",\"@id\":\"https:\/\/dosingpump.shop\/de\/#organization\",\"name\":\"Dosing Pump Shop B.V.\",\"url\":\"https:\/\/dosingpump.shop\/de\/\",\"logo\":{\"@type\":\"ImageObject\",\"inLanguage\":\"cs\",\"@id\":\"https:\/\/dosingpump.shop\/de\/#\/schema\/logo\/image\/\",\"url\":\"https:\/\/dosingpump.shop\/wp-content\/uploads\/2024\/10\/Dosing-Pump-Shop-logo.png\",\"contentUrl\":\"https:\/\/dosingpump.shop\/wp-content\/uploads\/2024\/10\/Dosing-Pump-Shop-logo.png\",\"width\":350,\"height\":45,\"caption\":\"Dosing Pump Shop B.V.\"},\"image\":{\"@id\":\"https:\/\/dosingpump.shop\/de\/#\/schema\/logo\/image\/\"},\"sameAs\":[\"https:\/\/linkedin.com\/company\/dosing-pump-shop\"]}]}<\/script>\n<meta property=\"product:price:amount\" content=\"247.00\" \/>\n<meta property=\"product:price:currency\" content=\"EUR\" \/>\n<meta property=\"og:availability\" content=\"instock\" \/>\n<meta property=\"product:availability\" content=\"instock\" \/>\n<meta property=\"product:retailer_item_id\" content=\"15110303-3-1\" \/>\n<meta property=\"product:condition\" content=\"new\" \/>\n<!-- \/ Yoast SEO plugin. -->","yoast_head_json":{"title":"Senzor vodivosti EICD | Dosing Pump Shop B.V.","description":"Vysoce kvalitn\u00ed senzor vodivosti s pouzdrem z nerezov\u00e9 oceli. Tento sn\u00edma\u010d vodivosti je k dispozici skladem a v r\u016fzn\u00fdch verz\u00edch.","robots":{"index":"index","follow":"follow","max-snippet":"max-snippet:-1","max-image-preview":"max-image-preview:large","max-video-preview":"max-video-preview:-1"},"canonical":"https:\/\/dosingpump.shop\/cz\/produkt-2\/snimac-vodivosti-eicd\/","og_locale":"cs_CZ","og_type":"article","og_title":"Geleidbaarheidssensor EICD | Dosing Pump Shop B.V.","og_description":"Hoogwaardige geleidbaarheidssensor met RVS behuizing. Deze geleidbaarheidssensor is uit voorraad leverbaar en verkrijgbaar in diverse uitvoeringen.","og_url":"https:\/\/dosingpump.shop\/cz\/produkt-2\/snimac-vodivosti-eicd\/","og_site_name":"Dosing Pump Shop B.V.","article_modified_time":"2026-02-27T12:49:15+00:00","og_image":[{"width":481,"height":518,"url":"https:\/\/dosingpump.shop\/wp-content\/uploads\/2024\/12\/Geleidbaarheidssensor-EICD.webp","type":"image\/webp"}],"twitter_card":"summary_large_image","twitter_misc":{"Cena":"&euro;247,00","Dostupnost":"Skladem"},"schema":{"@context":"https:\/\/schema.org","@graph":[{"@type":"WebPage","@id":"https:\/\/dosingpump.shop\/se\/produkt\/konduktivitetssensor-eicd\/","url":"https:\/\/dosingpump.shop\/se\/produkt\/konduktivitetssensor-eicd\/","name":"Senzor vodivosti EICD | Dosing Pump Shop B.V.","isPartOf":{"@id":"https:\/\/dosingpump.shop\/de\/#website"},"primaryImageOfPage":{"@id":"https:\/\/dosingpump.shop\/se\/produkt\/konduktivitetssensor-eicd\/#primaryimage"},"image":{"@id":"https:\/\/dosingpump.shop\/se\/produkt\/konduktivitetssensor-eicd\/#primaryimage"},"thumbnailUrl":"https:\/\/dosingpump.shop\/wp-content\/uploads\/2024\/12\/Geleidbaarheidssensor-EICD.webp","datePublished":"2024-12-05T12:21:44+00:00","dateModified":"2026-02-27T12:49:15+00:00","description":"Vysoce kvalitn\u00ed senzor vodivosti s pouzdrem z nerezov\u00e9 oceli. Tento sn\u00edma\u010d vodivosti je k dispozici skladem a v r\u016fzn\u00fdch verz\u00edch.","breadcrumb":{"@id":"https:\/\/dosingpump.shop\/se\/produkt\/konduktivitetssensor-eicd\/#breadcrumb"},"inLanguage":"cs","potentialAction":[{"@type":"ReadAction","target":["https:\/\/dosingpump.shop\/se\/produkt\/konduktivitetssensor-eicd\/"]}]},{"@type":"ImageObject","inLanguage":"cs","@id":"https:\/\/dosingpump.shop\/se\/produkt\/konduktivitetssensor-eicd\/#primaryimage","url":"https:\/\/dosingpump.shop\/wp-content\/uploads\/2024\/12\/Geleidbaarheidssensor-EICD.webp","contentUrl":"https:\/\/dosingpump.shop\/wp-content\/uploads\/2024\/12\/Geleidbaarheidssensor-EICD.webp","width":481,"height":518},{"@type":"BreadcrumbList","@id":"https:\/\/dosingpump.shop\/se\/produkt\/konduktivitetssensor-eicd\/#breadcrumb","itemListElement":[{"@type":"ListItem","position":1,"name":"Home","item":"https:\/\/dosingpump.shop\/"},{"@type":"ListItem","position":2,"name":"Shop","item":"https:\/\/dosingpump.shop\/de\/shop\/"},{"@type":"ListItem","position":3,"name":"Geleidbaarheidssensor EICD"}]},{"@type":"WebSite","@id":"https:\/\/dosingpump.shop\/de\/#website","url":"https:\/\/dosingpump.shop\/de\/","name":"Dosing Pump Shop B.V.","description":"","publisher":{"@id":"https:\/\/dosingpump.shop\/de\/#organization"},"potentialAction":[{"@type":"SearchAction","target":{"@type":"EntryPoint","urlTemplate":"https:\/\/dosingpump.shop\/de\/?s={search_term_string}"},"query-input":{"@type":"PropertyValueSpecification","valueRequired":true,"valueName":"search_term_string"}}],"inLanguage":"cs"},{"@type":"Organization","@id":"https:\/\/dosingpump.shop\/de\/#organization","name":"Dosing Pump Shop B.V.","url":"https:\/\/dosingpump.shop\/de\/","logo":{"@type":"ImageObject","inLanguage":"cs","@id":"https:\/\/dosingpump.shop\/de\/#\/schema\/logo\/image\/","url":"https:\/\/dosingpump.shop\/wp-content\/uploads\/2024\/10\/Dosing-Pump-Shop-logo.png","contentUrl":"https:\/\/dosingpump.shop\/wp-content\/uploads\/2024\/10\/Dosing-Pump-Shop-logo.png","width":350,"height":45,"caption":"Dosing Pump Shop B.V."},"image":{"@id":"https:\/\/dosingpump.shop\/de\/#\/schema\/logo\/image\/"},"sameAs":["https:\/\/linkedin.com\/company\/dosing-pump-shop"]}]},"product_price_amount":"247.00","product_price_currency":"EUR","og_availability":"instock","product_availability":"instock","product_retailer_item_id":"15110303-3-1","product_condition":"new"},"_links":{"self":[{"href":"https:\/\/dosingpump.shop\/cz\/wp-json\/wp\/v2\/product\/4017","targetHints":{"allow":["GET"]}}],"collection":[{"href":"https:\/\/dosingpump.shop\/cz\/wp-json\/wp\/v2\/product"}],"about":[{"href":"https:\/\/dosingpump.shop\/cz\/wp-json\/wp\/v2\/types\/product"}],"wp:featuredmedia":[{"embeddable":true,"href":"https:\/\/dosingpump.shop\/cz\/wp-json\/wp\/v2\/media\/4016"}],"wp:attachment":[{"href":"https:\/\/dosingpump.shop\/cz\/wp-json\/wp\/v2\/media?parent=4017"}],"wp:term":[{"taxonomy":"product_brand","embeddable":true,"href":"https:\/\/dosingpump.shop\/cz\/wp-json\/wp\/v2\/product_brand?post=4017"},{"taxonomy":"product_cat","embeddable":true,"href":"https:\/\/dosingpump.shop\/cz\/wp-json\/wp\/v2\/product_cat?post=4017"},{"taxonomy":"product_tag","embeddable":true,"href":"https:\/\/dosingpump.shop\/cz\/wp-json\/wp\/v2\/product_tag?post=4017"}],"curies":[{"name":"wp","href":"https:\/\/api.w.org\/{rel}","templated":true}]}}