{"id":4020,"date":"2024-12-05T12:21:45","date_gmt":"2024-12-05T12:21:45","guid":{"rendered":"https:\/\/dosingpump.shop\/product\/inductieve-geleidbaarheidssensor-ecdindpt\/"},"modified":"2026-02-27T14:49:15","modified_gmt":"2026-02-27T12:49:15","slug":"indukcni-snimac-vodivosti-ecdindpt","status":"publish","type":"product","link":"https:\/\/dosingpump.shop\/cz\/product\/inductieve-geleidbaarheidssensor-ecdindpt\/","title":{"rendered":"Induk\u010dn\u00ed sn\u00edma\u010d vodivosti ECDINDPT"},"content":{"rendered":"<h2 style=\"margin-bottom: 20px;\">Induk\u010dn\u00ed sn\u00edma\u010d vodivosti ECDINDPT pro pou\u017eit\u00ed s \u0159\u00eddic\u00ed jednotkou (Emec)<\/h2>\n<p>Tento induk\u010dn\u00ed senzor vodivosti m\u011b\u0159\u00ed vodivost roztoku. Kontrola induk\u010dn\u00ed vodivosti je stabiln\u011bj\u0161\u00ed ne\u017e vodivost konduktivn\u00ed. Zejm\u00e9na pokud jsou v syst\u00e9mu t\u011b\u017ek\u00e9 motory. U syst\u00e9m\u016f chladic\u00ed vody se proto \u010dasto pou\u017e\u00edv\u00e1 m\u011b\u0159en\u00ed a regulace na induk\u010dn\u00ed vodivost.<\/p>\n<p>Doty\u010dn\u00fd senzor je senzor ECDINDPT.<\/p>\n<p>Samoz\u0159ejm\u011b dod\u00e1v\u00e1me tak\u00e9 \u0159\u00eddic\u00ed jednotky, kter\u00e9 s t\u011bmito senzory pracuj\u00ed. R\u00e1di v\u00e1m tak\u00e9 pom\u016f\u017eeme s kompletn\u00edm \u0159\u00edzen\u00edm chladic\u00ed vody.  Sta\u010d\u00ed se s n\u00e1mi spojit!<\/p>\n<h3 style=\"font-size: 1.2em; font-style: normal; margin-bottom: 20px;\">Vlastnosti Sn\u00edma\u010d vodivosti ECDINDPT<\/h3>\n<ul style=\"margin-left: 2rem;\">\n<li style=\"font-family: Roboto, sans-serif; font-size: 15px; font-style: normal;\">Materi\u00e1l: pouzdro z PEEK<\/li>\n<li style=\"font-family: Roboto, sans-serif; font-size: 15px; font-style: normal;\">Mo\u017enost del\u0161\u00edho kabelu<\/li>\n<li>Rozsah: viz \"Verze\"<\/li>\n<li style=\"font-family: Roboto, sans-serif; font-size: 15px; font-style: normal;\">Maxim\u00e1ln\u00ed tlak: viz \"Verze\"<\/li>\n<li style=\"font-family: Roboto, sans-serif; font-size: 15px; font-style: normal;\">Maxim\u00e1ln\u00ed teplota: viz \"Verze\"<\/li>\n<li style=\"font-style: normal; font-size: 15px; font-family: Roboto, sans-serif;\">Minim\u00e1ln\u00ed vodivost: viz \"Verze\".<\/li>\n<\/ul>\n<p>Verze<\/p>\n<p>V n\u00ed\u017ee uveden\u00e9 tabulce se m\u016f\u017eete pod\u00edvat, kter\u00e9 verze jsou k dispozici. V tabulce m\u016f\u017eete n\u011bkter\u00e9 z nich vybrat. Nem\u016f\u017eete naj\u00edt po\u017eadovan\u00fd induk\u010dn\u00ed sn\u00edma\u010d vodivosti? Pak n\u00e1s pros\u00edm kontaktujte.<\/p>\n<table>\n<tbody>\n<tr>\n<td><b>Model<\/b><\/td>\n<td><b>rozsah<\/b><\/td>\n<td><b>bar<\/b><\/td>\n<td><b>\u00a0<\/b><\/td>\n<td><b>\u00a0teplota (?C)<\/b><\/td>\n<td><b>teplotn\u00ed \u010didlo\u00a0<\/b><\/td>\n<td><b>\u00a0kabel (m)<\/b><\/td>\n<td><b>\u00a0t\u011blo<\/b><\/td>\n<td><b>\u00a0<\/b><\/td>\n<\/tr>\n<tr>\n<td>ECDINDPT<\/td>\n<td>0,1-3mS;0,3-30mS;0,3-300mS<\/td>\n<td>0-8<\/td>\n<td><\/td>\n<td>0-85<\/td>\n<td>PT100<\/td>\n<td>4<\/td>\n<td>PEEK<\/td>\n<td><\/td>\n<\/tr>\n<tr>\n<td>ECDSINDPT<\/td>\n<td>0,3-10 mS<\/td>\n<td>0-8<\/td>\n<td><\/td>\n<td>0-85<\/td>\n<td>PT100<\/td>\n<td>4<\/td>\n<td>PEEK<\/td>\n<td><\/td>\n<\/tr>\n<tr>\n<td><\/td>\n<td><\/td>\n<td><\/td>\n<td><\/td>\n<td><\/td>\n<td><\/td>\n<td><\/td>\n<td><\/td>\n<td><\/td>\n<\/tr>\n<tr>\n<td><\/td>\n<td><\/td>\n<td><\/td>\n<td><\/td>\n<td><\/td>\n<td><\/td>\n<td><\/td>\n<td><\/td>\n<td><\/td>\n<\/tr>\n<\/tbody>\n<\/table>","protected":false},"excerpt":{"rendered":"<p><span style=\"color: #000000;\">Induk\u010dn\u00ed sn\u00edma\u010d vodivosti pro pou\u017eit\u00ed s \u0159\u00eddic\u00ed jednotkou (Emec). Standardn\u011b se dod\u00e1v\u00e1 se 4 m kabelem.<\/span><\/p>\n<p>Pouzdro: PEEK<\/p>\n<p>Range: 0,1-3mS;0,3-30mS;0,3-300mS<\/p>\n<p>Teplota: 0-85 C.<\/p>\n<p>K dispozici jsou r\u016fzn\u00e9 verze.<\/p>\n<p>Model: ECDINDPT<\/p>","protected":false},"featured_media":4019,"template":"","meta":[],"product_brand":[],"product_cat":[85],"product_tag":[],"class_list":{"0":"post-4020","1":"product","2":"type-product","3":"status-publish","4":"has-post-thumbnail","6":"product_cat-assortiment","8":"first","9":"instock","10":"taxable","11":"shipping-taxable","12":"purchasable","13":"product-type-simple"},"yoast_head":"<!-- This site is optimized with the Yoast SEO plugin v27.2 - https:\/\/yoast.com\/product\/yoast-seo-wordpress\/ -->\n<title>Inductieve geleidbaarheidssensor ECDIND | Dosing Pump Shop B.V.<\/title>\n<meta name=\"description\" content=\"Inductieve geleidbaarheidssensor ECDINDPT voor o.a. koelwaterbehandeling. Deze inductieve geleidbaarheidssensor is verkrijgbaar in diverse uitvoeringen.\" \/>\n<meta name=\"robots\" content=\"index, follow, max-snippet:-1, max-image-preview:large, max-video-preview:-1\" \/>\n<link rel=\"canonical\" href=\"https:\/\/dosingpump.shop\/cz\/produkt-2\/indukcni-snimac-vodivosti-ecdindpt\/\" \/>\n<meta property=\"og:locale\" content=\"cs_CZ\" \/>\n<meta property=\"og:type\" content=\"article\" \/>\n<meta property=\"og:title\" content=\"Inductieve geleidbaarheidssensor ECDIND | Dosing Pump Shop B.V.\" \/>\n<meta property=\"og:description\" content=\"Inductieve geleidbaarheidssensor ECDINDPT voor o.a. koelwaterbehandeling. Deze inductieve geleidbaarheidssensor is verkrijgbaar in diverse uitvoeringen.\" \/>\n<meta property=\"og:url\" content=\"https:\/\/dosingpump.shop\/cz\/produkt-2\/indukcni-snimac-vodivosti-ecdindpt\/\" \/>\n<meta property=\"og:site_name\" content=\"Dosing Pump Shop B.V.\" \/>\n<meta property=\"article:modified_time\" content=\"2026-02-27T12:49:15+00:00\" \/>\n<meta property=\"og:image\" content=\"https:\/\/dosingpump.shop\/wp-content\/uploads\/2024\/12\/Inductieve-geleidbaarheidssensor-ECDINDPT.webp\" \/>\n\t<meta property=\"og:image:width\" content=\"481\" \/>\n\t<meta property=\"og:image:height\" content=\"518\" \/>\n\t<meta property=\"og:image:type\" content=\"image\/webp\" \/>\n<meta name=\"twitter:card\" content=\"summary_large_image\" \/>\n<meta name=\"twitter:label1\" content=\"Cena\" \/>\n\t<meta name=\"twitter:data1\" content=\"&euro;524,00\" \/>\n\t<meta name=\"twitter:label2\" content=\"Dostupnost\" \/>\n\t<meta name=\"twitter:data2\" content=\"Skladem\" \/>\n<script type=\"application\/ld+json\" class=\"yoast-schema-graph\">{\"@context\":\"https:\/\/schema.org\",\"@graph\":[{\"@type\":\"WebPage\",\"@id\":\"https:\/\/dosingpump.shop\/product\/inductieve-geleidbaarheidssensor-ecdindpt\/\",\"url\":\"https:\/\/dosingpump.shop\/product\/inductieve-geleidbaarheidssensor-ecdindpt\/\",\"name\":\"Inductieve geleidbaarheidssensor ECDIND | Dosing Pump Shop B.V.\",\"isPartOf\":{\"@id\":\"https:\/\/dosingpump.shop\/de\/#website\"},\"primaryImageOfPage\":{\"@id\":\"https:\/\/dosingpump.shop\/product\/inductieve-geleidbaarheidssensor-ecdindpt\/#primaryimage\"},\"image\":{\"@id\":\"https:\/\/dosingpump.shop\/product\/inductieve-geleidbaarheidssensor-ecdindpt\/#primaryimage\"},\"thumbnailUrl\":\"https:\/\/dosingpump.shop\/wp-content\/uploads\/2024\/12\/Inductieve-geleidbaarheidssensor-ECDINDPT.webp\",\"datePublished\":\"2024-12-05T12:21:45+00:00\",\"dateModified\":\"2026-02-27T12:49:15+00:00\",\"description\":\"Inductieve geleidbaarheidssensor ECDINDPT voor o.a. koelwaterbehandeling. Deze inductieve geleidbaarheidssensor is verkrijgbaar in diverse uitvoeringen.\",\"breadcrumb\":{\"@id\":\"https:\/\/dosingpump.shop\/product\/inductieve-geleidbaarheidssensor-ecdindpt\/#breadcrumb\"},\"inLanguage\":\"cs\",\"potentialAction\":[{\"@type\":\"ReadAction\",\"target\":[\"https:\/\/dosingpump.shop\/product\/inductieve-geleidbaarheidssensor-ecdindpt\/\"]}]},{\"@type\":\"ImageObject\",\"inLanguage\":\"cs\",\"@id\":\"https:\/\/dosingpump.shop\/product\/inductieve-geleidbaarheidssensor-ecdindpt\/#primaryimage\",\"url\":\"https:\/\/dosingpump.shop\/wp-content\/uploads\/2024\/12\/Inductieve-geleidbaarheidssensor-ECDINDPT.webp\",\"contentUrl\":\"https:\/\/dosingpump.shop\/wp-content\/uploads\/2024\/12\/Inductieve-geleidbaarheidssensor-ECDINDPT.webp\",\"width\":481,\"height\":518},{\"@type\":\"BreadcrumbList\",\"@id\":\"https:\/\/dosingpump.shop\/product\/inductieve-geleidbaarheidssensor-ecdindpt\/#breadcrumb\",\"itemListElement\":[{\"@type\":\"ListItem\",\"position\":1,\"name\":\"Home\",\"item\":\"https:\/\/dosingpump.shop\/\"},{\"@type\":\"ListItem\",\"position\":2,\"name\":\"Shop\",\"item\":\"https:\/\/dosingpump.shop\/de\/shop\/\"},{\"@type\":\"ListItem\",\"position\":3,\"name\":\"Inductieve geleidbaarheidssensor ECDINDPT\"}]},{\"@type\":\"WebSite\",\"@id\":\"https:\/\/dosingpump.shop\/de\/#website\",\"url\":\"https:\/\/dosingpump.shop\/de\/\",\"name\":\"Dosing Pump Shop B.V.\",\"description\":\"\",\"publisher\":{\"@id\":\"https:\/\/dosingpump.shop\/de\/#organization\"},\"potentialAction\":[{\"@type\":\"SearchAction\",\"target\":{\"@type\":\"EntryPoint\",\"urlTemplate\":\"https:\/\/dosingpump.shop\/de\/?s={search_term_string}\"},\"query-input\":{\"@type\":\"PropertyValueSpecification\",\"valueRequired\":true,\"valueName\":\"search_term_string\"}}],\"inLanguage\":\"cs\"},{\"@type\":\"Organization\",\"@id\":\"https:\/\/dosingpump.shop\/de\/#organization\",\"name\":\"Dosing Pump Shop B.V.\",\"url\":\"https:\/\/dosingpump.shop\/de\/\",\"logo\":{\"@type\":\"ImageObject\",\"inLanguage\":\"cs\",\"@id\":\"https:\/\/dosingpump.shop\/de\/#\/schema\/logo\/image\/\",\"url\":\"https:\/\/dosingpump.shop\/wp-content\/uploads\/2024\/10\/Dosing-Pump-Shop-logo.png\",\"contentUrl\":\"https:\/\/dosingpump.shop\/wp-content\/uploads\/2024\/10\/Dosing-Pump-Shop-logo.png\",\"width\":350,\"height\":45,\"caption\":\"Dosing Pump Shop B.V.\"},\"image\":{\"@id\":\"https:\/\/dosingpump.shop\/de\/#\/schema\/logo\/image\/\"},\"sameAs\":[\"https:\/\/linkedin.com\/company\/dosing-pump-shop\"]}]}<\/script>\n<meta property=\"product:price:amount\" content=\"524.00\" \/>\n<meta property=\"product:price:currency\" content=\"EUR\" \/>\n<meta property=\"og:availability\" content=\"instock\" \/>\n<meta property=\"product:availability\" content=\"instock\" \/>\n<meta property=\"product:retailer_item_id\" content=\"15110303-4\" \/>\n<meta property=\"product:condition\" content=\"new\" \/>\n<!-- \/ Yoast SEO plugin. -->","yoast_head_json":{"title":"Induk\u010dn\u00ed senzor vodivosti ECDIND | Dosing Pump Shop B.V.","description":"Induk\u010dn\u00ed sn\u00edma\u010d vodivosti ECDINDPT pro \u00fapravu chladic\u00ed vody, mimo jin\u00e9. Tento induk\u010dn\u00ed sn\u00edma\u010d vodivosti je k dispozici v r\u016fzn\u00fdch verz\u00edch.","robots":{"index":"index","follow":"follow","max-snippet":"max-snippet:-1","max-image-preview":"max-image-preview:large","max-video-preview":"max-video-preview:-1"},"canonical":"https:\/\/dosingpump.shop\/cz\/produkt-2\/indukcni-snimac-vodivosti-ecdindpt\/","og_locale":"cs_CZ","og_type":"article","og_title":"Inductieve geleidbaarheidssensor ECDIND | Dosing Pump Shop B.V.","og_description":"Inductieve geleidbaarheidssensor ECDINDPT voor o.a. koelwaterbehandeling. Deze inductieve geleidbaarheidssensor is verkrijgbaar in diverse uitvoeringen.","og_url":"https:\/\/dosingpump.shop\/cz\/produkt-2\/indukcni-snimac-vodivosti-ecdindpt\/","og_site_name":"Dosing Pump Shop B.V.","article_modified_time":"2026-02-27T12:49:15+00:00","og_image":[{"width":481,"height":518,"url":"https:\/\/dosingpump.shop\/wp-content\/uploads\/2024\/12\/Inductieve-geleidbaarheidssensor-ECDINDPT.webp","type":"image\/webp"}],"twitter_card":"summary_large_image","twitter_misc":{"Cena":"&euro;524,00","Dostupnost":"Skladem"},"schema":{"@context":"https:\/\/schema.org","@graph":[{"@type":"WebPage","@id":"https:\/\/dosingpump.shop\/product\/inductieve-geleidbaarheidssensor-ecdindpt\/","url":"https:\/\/dosingpump.shop\/product\/inductieve-geleidbaarheidssensor-ecdindpt\/","name":"Induk\u010dn\u00ed senzor vodivosti ECDIND | Dosing Pump Shop B.V.","isPartOf":{"@id":"https:\/\/dosingpump.shop\/de\/#website"},"primaryImageOfPage":{"@id":"https:\/\/dosingpump.shop\/product\/inductieve-geleidbaarheidssensor-ecdindpt\/#primaryimage"},"image":{"@id":"https:\/\/dosingpump.shop\/product\/inductieve-geleidbaarheidssensor-ecdindpt\/#primaryimage"},"thumbnailUrl":"https:\/\/dosingpump.shop\/wp-content\/uploads\/2024\/12\/Inductieve-geleidbaarheidssensor-ECDINDPT.webp","datePublished":"2024-12-05T12:21:45+00:00","dateModified":"2026-02-27T12:49:15+00:00","description":"Induk\u010dn\u00ed sn\u00edma\u010d vodivosti ECDINDPT pro \u00fapravu chladic\u00ed vody, mimo jin\u00e9. Tento induk\u010dn\u00ed sn\u00edma\u010d vodivosti je k dispozici v r\u016fzn\u00fdch verz\u00edch.","breadcrumb":{"@id":"https:\/\/dosingpump.shop\/product\/inductieve-geleidbaarheidssensor-ecdindpt\/#breadcrumb"},"inLanguage":"cs","potentialAction":[{"@type":"ReadAction","target":["https:\/\/dosingpump.shop\/product\/inductieve-geleidbaarheidssensor-ecdindpt\/"]}]},{"@type":"ImageObject","inLanguage":"cs","@id":"https:\/\/dosingpump.shop\/product\/inductieve-geleidbaarheidssensor-ecdindpt\/#primaryimage","url":"https:\/\/dosingpump.shop\/wp-content\/uploads\/2024\/12\/Inductieve-geleidbaarheidssensor-ECDINDPT.webp","contentUrl":"https:\/\/dosingpump.shop\/wp-content\/uploads\/2024\/12\/Inductieve-geleidbaarheidssensor-ECDINDPT.webp","width":481,"height":518},{"@type":"BreadcrumbList","@id":"https:\/\/dosingpump.shop\/product\/inductieve-geleidbaarheidssensor-ecdindpt\/#breadcrumb","itemListElement":[{"@type":"ListItem","position":1,"name":"Home","item":"https:\/\/dosingpump.shop\/"},{"@type":"ListItem","position":2,"name":"Shop","item":"https:\/\/dosingpump.shop\/de\/shop\/"},{"@type":"ListItem","position":3,"name":"Inductieve geleidbaarheidssensor ECDINDPT"}]},{"@type":"WebSite","@id":"https:\/\/dosingpump.shop\/de\/#website","url":"https:\/\/dosingpump.shop\/de\/","name":"Dosing Pump Shop B.V.","description":"","publisher":{"@id":"https:\/\/dosingpump.shop\/de\/#organization"},"potentialAction":[{"@type":"SearchAction","target":{"@type":"EntryPoint","urlTemplate":"https:\/\/dosingpump.shop\/de\/?s={search_term_string}"},"query-input":{"@type":"PropertyValueSpecification","valueRequired":true,"valueName":"search_term_string"}}],"inLanguage":"cs"},{"@type":"Organization","@id":"https:\/\/dosingpump.shop\/de\/#organization","name":"Dosing Pump Shop B.V.","url":"https:\/\/dosingpump.shop\/de\/","logo":{"@type":"ImageObject","inLanguage":"cs","@id":"https:\/\/dosingpump.shop\/de\/#\/schema\/logo\/image\/","url":"https:\/\/dosingpump.shop\/wp-content\/uploads\/2024\/10\/Dosing-Pump-Shop-logo.png","contentUrl":"https:\/\/dosingpump.shop\/wp-content\/uploads\/2024\/10\/Dosing-Pump-Shop-logo.png","width":350,"height":45,"caption":"Dosing Pump Shop B.V."},"image":{"@id":"https:\/\/dosingpump.shop\/de\/#\/schema\/logo\/image\/"},"sameAs":["https:\/\/linkedin.com\/company\/dosing-pump-shop"]}]},"product_price_amount":"524.00","product_price_currency":"EUR","og_availability":"instock","product_availability":"instock","product_retailer_item_id":"15110303-4","product_condition":"new"},"_links":{"self":[{"href":"https:\/\/dosingpump.shop\/cz\/wp-json\/wp\/v2\/product\/4020","targetHints":{"allow":["GET"]}}],"collection":[{"href":"https:\/\/dosingpump.shop\/cz\/wp-json\/wp\/v2\/product"}],"about":[{"href":"https:\/\/dosingpump.shop\/cz\/wp-json\/wp\/v2\/types\/product"}],"wp:featuredmedia":[{"embeddable":true,"href":"https:\/\/dosingpump.shop\/cz\/wp-json\/wp\/v2\/media\/4019"}],"wp:attachment":[{"href":"https:\/\/dosingpump.shop\/cz\/wp-json\/wp\/v2\/media?parent=4020"}],"wp:term":[{"taxonomy":"product_brand","embeddable":true,"href":"https:\/\/dosingpump.shop\/cz\/wp-json\/wp\/v2\/product_brand?post=4020"},{"taxonomy":"product_cat","embeddable":true,"href":"https:\/\/dosingpump.shop\/cz\/wp-json\/wp\/v2\/product_cat?post=4020"},{"taxonomy":"product_tag","embeddable":true,"href":"https:\/\/dosingpump.shop\/cz\/wp-json\/wp\/v2\/product_tag?post=4020"}],"curies":[{"name":"wp","href":"https:\/\/api.w.org\/{rel}","templated":true}]}}