{"id":4069,"date":"2024-12-05T12:21:49","date_gmt":"2024-12-05T12:21:49","guid":{"rendered":"https:\/\/dosingpump.shop\/product\/vrij-chloor-doseersysteem-voor-zwembaden\/"},"modified":"2026-02-27T14:49:17","modified_gmt":"2026-02-27T12:49:17","slug":"system-davkovani-volneho-chloru-pro-bazeny","status":"publish","type":"product","link":"https:\/\/dosingpump.shop\/cz\/product\/vrij-chloor-doseersysteem-voor-zwembaden\/","title":{"rendered":"Syst\u00e9m d\u00e1vkov\u00e1n\u00ed voln\u00e9ho chl\u00f3ru pro baz\u00e9ny"},"content":{"rendered":"<p>D\u00e1vkovac\u00ed syst\u00e9m voln\u00e9ho chl\u00f3ru EMEC WDPHCL nab\u00edz\u00ed pokro\u010dil\u00e9 \u0159e\u0161en\u00ed pro automatick\u00e9 m\u011b\u0159en\u00ed a regulaci hladiny voln\u00e9ho chl\u00f3ru a pH v plaveck\u00e9 vod\u011b. Tento bal\u00ed\u010dek je ide\u00e1ln\u00ed pro r\u016fzn\u00e9 aplikace, od soukrom\u00fdch baz\u00e9n\u016f a\u017e po ve\u0159ejn\u00e1 koupali\u0161t\u011b a l\u00e1zn\u011b. V\u017edy tak zajist\u00edte optim\u00e1ln\u00ed kvalitu a bezpe\u010dnost vody.<\/p>\n<p>&nbsp;<\/p>\n<h3>V\u00fdkonn\u00e9 d\u00e1vkovac\u00ed \u010derpadlo Emec WDPHCL<\/h3>\n<p>Z\u00e1kladem tohoto syst\u00e9mu je d\u00e1vkovac\u00ed \u010derpadlo Emec WDPHCL. Toto \u010derpadlo je zn\u00e1m\u00e9 svou spolehlivost\u00ed a vysokou kvalitou. Jeho odoln\u00e1 konstrukce zahrnuje plnou membr\u00e1nu z PTFE a t\u011bsnic\u00ed krou\u017eky z Vitonu. Hlavy \u010derpadla jsou nav\u00edc vyrobeny z odoln\u00e9ho PVDF.<\/p>\n<p>\u010cerpadlo je navr\u017eeno tak, aby se snadno pou\u017e\u00edvalo. Instalace je snadn\u00e1 d\u00edky mo\u017enosti mont\u00e1\u017ee na st\u011bnu. Sou\u010d\u00e1st\u00ed standardn\u00ed v\u00fdbavy je ve\u0161ker\u00fd pot\u0159ebn\u00fd spojovac\u00ed materi\u00e1l, jako jsou sac\u00ed filtry, 1\/2\u2033 vst\u0159ikovac\u00ed ventily a hadice 4x6 mm. Inovativn\u00ed kalibra\u010dn\u00ed syst\u00e9m zaru\u010duje p\u0159esn\u00e9 m\u011b\u0159en\u00ed. Voliteln\u011b je k dispozici tak\u00e9 sn\u00edma\u010d pr\u016ftoku. Spole\u010dnost Emec nab\u00edz\u00ed velkorysou p\u011btiletou z\u00e1ruku na \"suchou \u010d\u00e1st\" v\u010detn\u011b membr\u00e1ny.<\/p>\n<p>&nbsp;<\/p>\n<h3>Voln\u00e1 chl\u00f3rov\u00e1 elektroda Accurate Emec ECL6<\/h3>\n<p>Elektroda voln\u00e9ho chl\u00f3ru Emec ECL6 je z\u00e1kladn\u00ed sou\u010d\u00e1st\u00ed tohoto d\u00e1vkovac\u00edho syst\u00e9mu. Jedn\u00e1 se o otev\u0159en\u00fd amp\u00e9rometrick\u00fd \u010dl\u00e1nek, kter\u00fd velmi p\u0159esn\u011b m\u011b\u0159\u00ed voln\u00fd chlor. Senzor pracuje pod maxim\u00e1ln\u00edm tlakem 5 bar\u016f. Senzor d\u00e1le vy\u017eaduje pr\u016ftok 40 litr\u016f za hodinu.<\/p>\n<p>Rozsah m\u011b\u0159en\u00ed voln\u00e9ho chloru je 0 a\u017e 10 mg\/l (0 - 10 ppm). Provozn\u00ed teplota se pohybuje od 5 do 40 \u00b0C. Senzor funguje optim\u00e1ln\u011b v rozmez\u00ed pH 6 a\u017e 8. Tyto komponenty spole\u010dn\u011b tvo\u0159\u00ed \u00fa\u010dinn\u00fd a spolehliv\u00fd syst\u00e9m pro zdrav\u00e9 prost\u0159ed\u00ed vody ke koup\u00e1n\u00ed.<\/p>","protected":false},"excerpt":{"rendered":"<ul>\n<li>Pro bezpe\u010dnou a \u010distou vodu ke koup\u00e1n\u00ed, kter\u00e1 spl\u0148uje p\u0159\u00edslu\u0161n\u00e9 bezpe\u010dnostn\u00ed po\u017eadavky.<\/li>\n<li>Automatick\u00e1 regulace na z\u00e1klad\u011b voln\u00e9ho chl\u00f3ru a pH<\/li>\n<li>Mo\u017enost pou\u017eit\u00ed hadicov\u00fdch \u010derpadel<\/li>\n<li>D\u00e1lkov\u00e9 ovl\u00e1d\u00e1n\u00ed p\u0159es 3G, Wifi a Ethernet (server ERMES) (voliteln\u011b)<\/li>\n<li>V\u010detn\u011b d\u00e1vkovac\u00edho \u010derpadla Emec WDPHCL s hlavou \u010derpadla z PVDF<\/li>\n<li>Senzor voln\u00e9ho chl\u00f3ru je sou\u010d\u00e1st\u00ed dod\u00e1vky (Emec ECL6)<\/li>\n<li>Z\u00e1ruka 5 let (krom\u011b mokr\u00fdch d\u00edl\u016f)<\/li>\n<\/ul>","protected":false},"featured_media":4038,"template":"","meta":[],"product_brand":[],"product_cat":[85],"product_tag":[],"class_list":{"0":"post-4069","1":"product","2":"type-product","3":"status-publish","4":"has-post-thumbnail","6":"product_cat-assortiment","8":"first","9":"instock","10":"taxable","11":"shipping-taxable","12":"purchasable","13":"product-type-simple"},"yoast_head":"<!-- This site is optimized with the Yoast SEO plugin v27.2 - https:\/\/yoast.com\/product\/yoast-seo-wordpress\/ -->\n<title>Vrij Chloor Doseersysteem | Pakket met Doseerpomp + Vrij Chloor Sensor<\/title>\n<meta name=\"description\" content=\"Speciaal voor vrij chloor meten en reguleren van vrij chloor in zwembaden biedt dit pakket een pomp en sensor voor automatische regulering.\" \/>\n<meta name=\"robots\" content=\"index, follow, max-snippet:-1, max-image-preview:large, max-video-preview:-1\" \/>\n<link rel=\"canonical\" href=\"https:\/\/dosingpump.shop\/cz\/produkt-2\/system-davkovani-volneho-chloru-pro-bazeny\/\" \/>\n<meta property=\"og:locale\" content=\"cs_CZ\" \/>\n<meta property=\"og:type\" content=\"article\" \/>\n<meta property=\"og:title\" content=\"Vrij Chloor Doseersysteem | Pakket met Doseerpomp + Vrij Chloor Sensor\" \/>\n<meta property=\"og:description\" content=\"Speciaal voor vrij chloor meten en reguleren van vrij chloor in zwembaden biedt dit pakket een pomp en sensor voor automatische regulering.\" \/>\n<meta property=\"og:url\" content=\"https:\/\/dosingpump.shop\/cz\/produkt-2\/system-davkovani-volneho-chloru-pro-bazeny\/\" \/>\n<meta property=\"og:site_name\" content=\"Dosing Pump Shop B.V.\" \/>\n<meta property=\"article:modified_time\" content=\"2026-02-27T12:49:17+00:00\" \/>\n<meta property=\"og:image\" content=\"https:\/\/dosingpump.shop\/wp-content\/uploads\/2024\/12\/Automatische-chloor-ph-regeling.webp\" \/>\n\t<meta property=\"og:image:width\" content=\"500\" \/>\n\t<meta property=\"og:image:height\" content=\"500\" \/>\n\t<meta property=\"og:image:type\" content=\"image\/webp\" \/>\n<meta name=\"twitter:card\" content=\"summary_large_image\" \/>\n<meta name=\"twitter:label1\" content=\"Cena\" \/>\n\t<meta name=\"twitter:data1\" content=\"&euro;2.317,00\" \/>\n\t<meta name=\"twitter:label2\" content=\"Dostupnost\" \/>\n\t<meta name=\"twitter:data2\" content=\"Skladem\" \/>\n<script type=\"application\/ld+json\" class=\"yoast-schema-graph\">{\"@context\":\"https:\/\/schema.org\",\"@graph\":[{\"@type\":\"WebPage\",\"@id\":\"https:\/\/dosingpump.shop\/lt\/produktas\/laisvojo-chloro-dozavimo-sistema-baseinams\/\",\"url\":\"https:\/\/dosingpump.shop\/lt\/produktas\/laisvojo-chloro-dozavimo-sistema-baseinams\/\",\"name\":\"Vrij Chloor Doseersysteem | Pakket met Doseerpomp + Vrij Chloor Sensor\",\"isPartOf\":{\"@id\":\"https:\/\/dosingpump.shop\/de\/#website\"},\"primaryImageOfPage\":{\"@id\":\"https:\/\/dosingpump.shop\/lt\/produktas\/laisvojo-chloro-dozavimo-sistema-baseinams\/#primaryimage\"},\"image\":{\"@id\":\"https:\/\/dosingpump.shop\/lt\/produktas\/laisvojo-chloro-dozavimo-sistema-baseinams\/#primaryimage\"},\"thumbnailUrl\":\"https:\/\/dosingpump.shop\/wp-content\/uploads\/2024\/12\/Automatische-chloor-ph-regeling.webp\",\"datePublished\":\"2024-12-05T12:21:49+00:00\",\"dateModified\":\"2026-02-27T12:49:17+00:00\",\"description\":\"Speciaal voor vrij chloor meten en reguleren van vrij chloor in zwembaden biedt dit pakket een pomp en sensor voor automatische regulering.\",\"breadcrumb\":{\"@id\":\"https:\/\/dosingpump.shop\/lt\/produktas\/laisvojo-chloro-dozavimo-sistema-baseinams\/#breadcrumb\"},\"inLanguage\":\"cs\",\"potentialAction\":[{\"@type\":\"ReadAction\",\"target\":[\"https:\/\/dosingpump.shop\/lt\/produktas\/laisvojo-chloro-dozavimo-sistema-baseinams\/\"]}]},{\"@type\":\"ImageObject\",\"inLanguage\":\"cs\",\"@id\":\"https:\/\/dosingpump.shop\/lt\/produktas\/laisvojo-chloro-dozavimo-sistema-baseinams\/#primaryimage\",\"url\":\"https:\/\/dosingpump.shop\/wp-content\/uploads\/2024\/12\/Automatische-chloor-ph-regeling.webp\",\"contentUrl\":\"https:\/\/dosingpump.shop\/wp-content\/uploads\/2024\/12\/Automatische-chloor-ph-regeling.webp\",\"width\":500,\"height\":500},{\"@type\":\"BreadcrumbList\",\"@id\":\"https:\/\/dosingpump.shop\/lt\/produktas\/laisvojo-chloro-dozavimo-sistema-baseinams\/#breadcrumb\",\"itemListElement\":[{\"@type\":\"ListItem\",\"position\":1,\"name\":\"Home\",\"item\":\"https:\/\/dosingpump.shop\/\"},{\"@type\":\"ListItem\",\"position\":2,\"name\":\"Shop\",\"item\":\"https:\/\/dosingpump.shop\/de\/shop\/\"},{\"@type\":\"ListItem\",\"position\":3,\"name\":\"Vrij Chloor Doseersysteem voor Zwembaden\"}]},{\"@type\":\"WebSite\",\"@id\":\"https:\/\/dosingpump.shop\/de\/#website\",\"url\":\"https:\/\/dosingpump.shop\/de\/\",\"name\":\"Dosing Pump Shop B.V.\",\"description\":\"\",\"publisher\":{\"@id\":\"https:\/\/dosingpump.shop\/de\/#organization\"},\"potentialAction\":[{\"@type\":\"SearchAction\",\"target\":{\"@type\":\"EntryPoint\",\"urlTemplate\":\"https:\/\/dosingpump.shop\/de\/?s={search_term_string}\"},\"query-input\":{\"@type\":\"PropertyValueSpecification\",\"valueRequired\":true,\"valueName\":\"search_term_string\"}}],\"inLanguage\":\"cs\"},{\"@type\":\"Organization\",\"@id\":\"https:\/\/dosingpump.shop\/de\/#organization\",\"name\":\"Dosing Pump Shop B.V.\",\"url\":\"https:\/\/dosingpump.shop\/de\/\",\"logo\":{\"@type\":\"ImageObject\",\"inLanguage\":\"cs\",\"@id\":\"https:\/\/dosingpump.shop\/de\/#\/schema\/logo\/image\/\",\"url\":\"https:\/\/dosingpump.shop\/wp-content\/uploads\/2024\/10\/Dosing-Pump-Shop-logo.png\",\"contentUrl\":\"https:\/\/dosingpump.shop\/wp-content\/uploads\/2024\/10\/Dosing-Pump-Shop-logo.png\",\"width\":350,\"height\":45,\"caption\":\"Dosing Pump Shop B.V.\"},\"image\":{\"@id\":\"https:\/\/dosingpump.shop\/de\/#\/schema\/logo\/image\/\"},\"sameAs\":[\"https:\/\/linkedin.com\/company\/dosing-pump-shop\"]}]}<\/script>\n<meta property=\"product:price:amount\" content=\"2317.00\" \/>\n<meta property=\"product:price:currency\" content=\"EUR\" \/>\n<meta property=\"og:availability\" content=\"instock\" \/>\n<meta property=\"product:availability\" content=\"instock\" \/>\n<meta property=\"product:retailer_item_id\" content=\"WDPHCL-1\" \/>\n<meta property=\"product:condition\" content=\"new\" \/>\n<!-- \/ Yoast SEO plugin. -->","yoast_head_json":{"title":"Syst\u00e9m d\u00e1vkov\u00e1n\u00ed voln\u00e9ho chl\u00f3ru | Balen\u00ed s d\u00e1vkovac\u00edm \u010derpadlem + \u010didlo voln\u00e9ho chl\u00f3ru","description":"Tento bal\u00ed\u010dek je ur\u010den zejm\u00e9na pro m\u011b\u0159en\u00ed a regulaci voln\u00e9ho chl\u00f3ru v baz\u00e9nech a nab\u00edz\u00ed \u010derpadlo a senzor pro automatickou regulaci.","robots":{"index":"index","follow":"follow","max-snippet":"max-snippet:-1","max-image-preview":"max-image-preview:large","max-video-preview":"max-video-preview:-1"},"canonical":"https:\/\/dosingpump.shop\/cz\/produkt-2\/system-davkovani-volneho-chloru-pro-bazeny\/","og_locale":"cs_CZ","og_type":"article","og_title":"Vrij Chloor Doseersysteem | Pakket met Doseerpomp + Vrij Chloor Sensor","og_description":"Speciaal voor vrij chloor meten en reguleren van vrij chloor in zwembaden biedt dit pakket een pomp en sensor voor automatische regulering.","og_url":"https:\/\/dosingpump.shop\/cz\/produkt-2\/system-davkovani-volneho-chloru-pro-bazeny\/","og_site_name":"Dosing Pump Shop B.V.","article_modified_time":"2026-02-27T12:49:17+00:00","og_image":[{"width":500,"height":500,"url":"https:\/\/dosingpump.shop\/wp-content\/uploads\/2024\/12\/Automatische-chloor-ph-regeling.webp","type":"image\/webp"}],"twitter_card":"summary_large_image","twitter_misc":{"Cena":"&euro;2.317,00","Dostupnost":"Skladem"},"schema":{"@context":"https:\/\/schema.org","@graph":[{"@type":"WebPage","@id":"https:\/\/dosingpump.shop\/lt\/produktas\/laisvojo-chloro-dozavimo-sistema-baseinams\/","url":"https:\/\/dosingpump.shop\/lt\/produktas\/laisvojo-chloro-dozavimo-sistema-baseinams\/","name":"Syst\u00e9m d\u00e1vkov\u00e1n\u00ed voln\u00e9ho chl\u00f3ru | Balen\u00ed s d\u00e1vkovac\u00edm \u010derpadlem + \u010didlo voln\u00e9ho chl\u00f3ru","isPartOf":{"@id":"https:\/\/dosingpump.shop\/de\/#website"},"primaryImageOfPage":{"@id":"https:\/\/dosingpump.shop\/lt\/produktas\/laisvojo-chloro-dozavimo-sistema-baseinams\/#primaryimage"},"image":{"@id":"https:\/\/dosingpump.shop\/lt\/produktas\/laisvojo-chloro-dozavimo-sistema-baseinams\/#primaryimage"},"thumbnailUrl":"https:\/\/dosingpump.shop\/wp-content\/uploads\/2024\/12\/Automatische-chloor-ph-regeling.webp","datePublished":"2024-12-05T12:21:49+00:00","dateModified":"2026-02-27T12:49:17+00:00","description":"Tento bal\u00ed\u010dek je ur\u010den zejm\u00e9na pro m\u011b\u0159en\u00ed a regulaci voln\u00e9ho chl\u00f3ru v baz\u00e9nech a nab\u00edz\u00ed \u010derpadlo a senzor pro automatickou regulaci.","breadcrumb":{"@id":"https:\/\/dosingpump.shop\/lt\/produktas\/laisvojo-chloro-dozavimo-sistema-baseinams\/#breadcrumb"},"inLanguage":"cs","potentialAction":[{"@type":"ReadAction","target":["https:\/\/dosingpump.shop\/lt\/produktas\/laisvojo-chloro-dozavimo-sistema-baseinams\/"]}]},{"@type":"ImageObject","inLanguage":"cs","@id":"https:\/\/dosingpump.shop\/lt\/produktas\/laisvojo-chloro-dozavimo-sistema-baseinams\/#primaryimage","url":"https:\/\/dosingpump.shop\/wp-content\/uploads\/2024\/12\/Automatische-chloor-ph-regeling.webp","contentUrl":"https:\/\/dosingpump.shop\/wp-content\/uploads\/2024\/12\/Automatische-chloor-ph-regeling.webp","width":500,"height":500},{"@type":"BreadcrumbList","@id":"https:\/\/dosingpump.shop\/lt\/produktas\/laisvojo-chloro-dozavimo-sistema-baseinams\/#breadcrumb","itemListElement":[{"@type":"ListItem","position":1,"name":"Home","item":"https:\/\/dosingpump.shop\/"},{"@type":"ListItem","position":2,"name":"Shop","item":"https:\/\/dosingpump.shop\/de\/shop\/"},{"@type":"ListItem","position":3,"name":"Vrij Chloor Doseersysteem voor Zwembaden"}]},{"@type":"WebSite","@id":"https:\/\/dosingpump.shop\/de\/#website","url":"https:\/\/dosingpump.shop\/de\/","name":"Dosing Pump Shop B.V.","description":"","publisher":{"@id":"https:\/\/dosingpump.shop\/de\/#organization"},"potentialAction":[{"@type":"SearchAction","target":{"@type":"EntryPoint","urlTemplate":"https:\/\/dosingpump.shop\/de\/?s={search_term_string}"},"query-input":{"@type":"PropertyValueSpecification","valueRequired":true,"valueName":"search_term_string"}}],"inLanguage":"cs"},{"@type":"Organization","@id":"https:\/\/dosingpump.shop\/de\/#organization","name":"Dosing Pump Shop B.V.","url":"https:\/\/dosingpump.shop\/de\/","logo":{"@type":"ImageObject","inLanguage":"cs","@id":"https:\/\/dosingpump.shop\/de\/#\/schema\/logo\/image\/","url":"https:\/\/dosingpump.shop\/wp-content\/uploads\/2024\/10\/Dosing-Pump-Shop-logo.png","contentUrl":"https:\/\/dosingpump.shop\/wp-content\/uploads\/2024\/10\/Dosing-Pump-Shop-logo.png","width":350,"height":45,"caption":"Dosing Pump Shop B.V."},"image":{"@id":"https:\/\/dosingpump.shop\/de\/#\/schema\/logo\/image\/"},"sameAs":["https:\/\/linkedin.com\/company\/dosing-pump-shop"]}]},"product_price_amount":"2317.00","product_price_currency":"EUR","og_availability":"instock","product_availability":"instock","product_retailer_item_id":"WDPHCL-1","product_condition":"new"},"_links":{"self":[{"href":"https:\/\/dosingpump.shop\/cz\/wp-json\/wp\/v2\/product\/4069","targetHints":{"allow":["GET"]}}],"collection":[{"href":"https:\/\/dosingpump.shop\/cz\/wp-json\/wp\/v2\/product"}],"about":[{"href":"https:\/\/dosingpump.shop\/cz\/wp-json\/wp\/v2\/types\/product"}],"wp:featuredmedia":[{"embeddable":true,"href":"https:\/\/dosingpump.shop\/cz\/wp-json\/wp\/v2\/media\/4038"}],"wp:attachment":[{"href":"https:\/\/dosingpump.shop\/cz\/wp-json\/wp\/v2\/media?parent=4069"}],"wp:term":[{"taxonomy":"product_brand","embeddable":true,"href":"https:\/\/dosingpump.shop\/cz\/wp-json\/wp\/v2\/product_brand?post=4069"},{"taxonomy":"product_cat","embeddable":true,"href":"https:\/\/dosingpump.shop\/cz\/wp-json\/wp\/v2\/product_cat?post=4069"},{"taxonomy":"product_tag","embeddable":true,"href":"https:\/\/dosingpump.shop\/cz\/wp-json\/wp\/v2\/product_tag?post=4069"}],"curies":[{"name":"wp","href":"https:\/\/api.w.org\/{rel}","templated":true}]}}