{"id":4152,"date":"2024-12-05T12:22:01","date_gmt":"2024-12-05T12:22:01","guid":{"rendered":"https:\/\/dosingpump.shop\/?post_type=product&#038;p=4152"},"modified":"2026-02-27T14:49:20","modified_gmt":"2026-02-27T12:49:20","slug":"emec-ams-mf-07-20-fp-davkovaci-cerpadlo","status":"publish","type":"product","link":"https:\/\/dosingpump.shop\/cz\/product\/emec-ams-mf-07-20-fp-doseerpomp\/","title":{"rendered":"Emec AMS MF 07-20 FP D\u00e1vkovac\u00ed \u010derpadlo"},"content":{"rendered":"<p>Emec AMS-MF 07-20 FP je \u0161pi\u010dkov\u00e9 d\u00e1vkovac\u00ed \u010derpadlo, kter\u00e9 vynik\u00e1 p\u0159esnost\u00ed a odolnost\u00ed. S p\u016fsobiv\u00fdm v\u00fdkonem 20 litr\u016f za hodinu p\u0159i tlaku 7 bar\u016f je toto \u010derpadlo ide\u00e1ln\u00ed pro aplikace, kde je nezbytn\u00e9 p\u0159esn\u00e9 d\u00e1vkov\u00e1n\u00ed.<\/p>\n<h4><strong>V\u00fdb\u011br spr\u00e1vn\u00e9 konfigurace<\/strong><\/h4>\n<p>Je d\u016fle\u017eit\u00e9 zvolit spr\u00e1vnou konfiguraci pro va\u0161i aplikaci a konkr\u00e9tn\u00ed produkt, kter\u00fd chcete d\u00e1vkovat. N\u00e1\u0161 t\u00fdm je p\u0159ipraven v\u00e1m pomoci se spr\u00e1vnou volbou. Nev\u00e1hejte n\u00e1s kontaktovat, abychom spole\u010dn\u011b zajistili, \u017ee z\u00edsk\u00e1te tu nejvhodn\u011bj\u0161\u00ed konfiguraci.<\/p>\n<h4><strong>Kompletn\u00ed v\u00fdbava se v\u0161\u00edm, co pot\u0159ebujete<\/strong><\/h4>\n<p>Emec AMS-MF 07-20 FP je dod\u00e1v\u00e1n s kompletn\u00edm p\u0159\u00edslu\u0161enstv\u00edm, abyste mohli ihned za\u010d\u00edt pracovat. Obdr\u017e\u00edte nejen d\u00e1vkovac\u00ed \u010derpadlo, ale tak\u00e9 sac\u00ed filtr, vst\u0159ikovac\u00ed ventil a pot\u0159ebnou hadici. To znamen\u00e1, \u017ee nemus\u00edte ztr\u00e1cet drahocenn\u00fd \u010das hled\u00e1n\u00edm dal\u0161\u00edho p\u0159\u00edslu\u0161enstv\u00ed. M\u016f\u017eete ihned za\u010d\u00edt pracovat a uv\u00e9st d\u00e1vkovac\u00ed \u010derpadlo do provozu.<\/p>\n<h4><strong>Multifunk\u010dn\u00ed: verze MF<\/strong><\/h4>\n<p>Zkratka \"MF\" v n\u00e1zvu tohoto d\u00e1vkovac\u00edho \u010derpadla znamen\u00e1 \"multifunk\u010dn\u00ed\", a p\u0159esn\u011b takov\u00e9 toto \u010derpadlo je. Toto d\u00e1vkovac\u00ed \u010derpadlo m\u016f\u017eete ovl\u00e1dat proporcion\u00e1ln\u011b pomoc\u00ed extern\u00edho sign\u00e1lu, nap\u0159\u00edklad 4-20 mA, 0-10 V nebo pulzn\u011b. T\u00edm z\u00edsk\u00e1te plnou kontrolu nad procesem d\u00e1vkov\u00e1n\u00ed a m\u016f\u017eete se p\u0159izp\u016fsobit m\u011bn\u00edc\u00edm se podm\u00ednk\u00e1m.<\/p>\n<h4><strong>Levelcontrol: verze CL a MF<\/strong><\/h4>\n<p>Jako bonus jsou verze CL a MF vysava\u010de Emec AMS-MF 07-20 FP vybaveny regulac\u00ed hladiny na sac\u00edm filtru. T\u00edm se zvy\u0161uje p\u0159esnost a \u00fa\u010dinnost d\u00e1vkovac\u00edho procesu. Verze CO touto funkc\u00ed nedisponuje, proto je d\u016fle\u017eit\u00e9 vybrat si spr\u00e1vn\u011b podle sv\u00fdch pot\u0159eb.<\/p>","protected":false},"excerpt":{"rendered":"<p>Emec AMS-MF 07-20 FP je \u0161pi\u010dkov\u00e9 d\u00e1vkovac\u00ed \u010derpadlo, kter\u00e9 vynik\u00e1 p\u0159esnost\u00ed a odolnost\u00ed.<\/p>\n<ul>\n<li>Pln\u00e1 teflonov\u00e1 membr\u00e1na<\/li>\n<li>Multifunk\u010dn\u00ed (MF)<\/li>\n<li>Levelcontrol<\/li>\n<li>Dod\u00e1v\u00e1 se kompletn\u00ed<\/li>\n<\/ul>","protected":false},"featured_media":5190,"template":"","meta":[],"product_brand":[],"product_cat":[85],"product_tag":[],"class_list":{"0":"post-4152","1":"product","2":"type-product","3":"status-publish","4":"has-post-thumbnail","6":"product_cat-assortiment","8":"first","9":"instock","10":"taxable","11":"shipping-taxable","12":"purchasable","13":"product-type-simple"},"yoast_head":"<!-- This site is optimized with the Yoast SEO plugin v27.2 - https:\/\/yoast.com\/product\/yoast-seo-wordpress\/ -->\n<title>Emec AMS MF 07-20 FP Doseerpomp | Dosing Pump Shop B.V.<\/title>\n<meta name=\"description\" content=\"Ontdek de technische specificaties van de betrouwbare doseerpomp Emec AMS MF 07-20 FP. Capaciteit: 20 l\/uur. Druk: 7 bar.\" \/>\n<meta name=\"robots\" content=\"index, follow, max-snippet:-1, max-image-preview:large, max-video-preview:-1\" \/>\n<link rel=\"canonical\" href=\"https:\/\/dosingpump.shop\/cz\/produkt-2\/emec-ams-mf-07-20-fp-davkovaci-cerpadlo\/\" \/>\n<meta property=\"og:locale\" content=\"cs_CZ\" \/>\n<meta property=\"og:type\" content=\"article\" \/>\n<meta property=\"og:title\" content=\"Emec AMS MF 07-20 FP Doseerpomp | Dosing Pump Shop B.V.\" \/>\n<meta property=\"og:description\" content=\"Ontdek de technische specificaties van de betrouwbare doseerpomp Emec AMS MF 07-20 FP. Capaciteit: 20 l\/uur. Druk: 7 bar.\" \/>\n<meta property=\"og:url\" content=\"https:\/\/dosingpump.shop\/cz\/produkt-2\/emec-ams-mf-07-20-fp-davkovaci-cerpadlo\/\" \/>\n<meta property=\"og:site_name\" content=\"Dosing Pump Shop B.V.\" \/>\n<meta property=\"article:modified_time\" content=\"2026-02-27T12:49:20+00:00\" \/>\n<meta property=\"og:image\" content=\"https:\/\/dosingpump.shop\/wp-content\/uploads\/2024\/12\/Emec-AMS-Series.webp\" \/>\n\t<meta property=\"og:image:width\" content=\"600\" \/>\n\t<meta property=\"og:image:height\" content=\"600\" \/>\n\t<meta property=\"og:image:type\" content=\"image\/webp\" \/>\n<meta name=\"twitter:card\" content=\"summary_large_image\" \/>\n<meta name=\"twitter:label1\" content=\"Cena\" \/>\n\t<meta name=\"twitter:data1\" content=\"&euro;1.043,00\" \/>\n\t<meta name=\"twitter:label2\" content=\"Dostupnost\" \/>\n\t<meta name=\"twitter:data2\" content=\"Skladem\" \/>\n<script type=\"application\/ld+json\" class=\"yoast-schema-graph\">{\"@context\":\"https:\/\/schema.org\",\"@graph\":[{\"@type\":\"WebPage\",\"@id\":\"https:\/\/dosingpump.shop\/product\/emec-ams-mf-07-20-fp-doseerpomp\/\",\"url\":\"https:\/\/dosingpump.shop\/product\/emec-ams-mf-07-20-fp-doseerpomp\/\",\"name\":\"Emec AMS MF 07-20 FP Doseerpomp | Dosing Pump Shop B.V.\",\"isPartOf\":{\"@id\":\"https:\/\/dosingpump.shop\/de\/#website\"},\"primaryImageOfPage\":{\"@id\":\"https:\/\/dosingpump.shop\/product\/emec-ams-mf-07-20-fp-doseerpomp\/#primaryimage\"},\"image\":{\"@id\":\"https:\/\/dosingpump.shop\/product\/emec-ams-mf-07-20-fp-doseerpomp\/#primaryimage\"},\"thumbnailUrl\":\"https:\/\/dosingpump.shop\/wp-content\/uploads\/2024\/12\/Emec-AMS-Series.webp\",\"datePublished\":\"2024-12-05T12:22:01+00:00\",\"dateModified\":\"2026-02-27T12:49:20+00:00\",\"description\":\"Ontdek de technische specificaties van de betrouwbare doseerpomp Emec AMS MF 07-20 FP. Capaciteit: 20 l\/uur. Druk: 7 bar.\",\"breadcrumb\":{\"@id\":\"https:\/\/dosingpump.shop\/product\/emec-ams-mf-07-20-fp-doseerpomp\/#breadcrumb\"},\"inLanguage\":\"cs\",\"potentialAction\":[{\"@type\":\"ReadAction\",\"target\":[\"https:\/\/dosingpump.shop\/product\/emec-ams-mf-07-20-fp-doseerpomp\/\"]}]},{\"@type\":\"ImageObject\",\"inLanguage\":\"cs\",\"@id\":\"https:\/\/dosingpump.shop\/product\/emec-ams-mf-07-20-fp-doseerpomp\/#primaryimage\",\"url\":\"https:\/\/dosingpump.shop\/wp-content\/uploads\/2024\/12\/Emec-AMS-Series.webp\",\"contentUrl\":\"https:\/\/dosingpump.shop\/wp-content\/uploads\/2024\/12\/Emec-AMS-Series.webp\",\"width\":600,\"height\":600},{\"@type\":\"BreadcrumbList\",\"@id\":\"https:\/\/dosingpump.shop\/product\/emec-ams-mf-07-20-fp-doseerpomp\/#breadcrumb\",\"itemListElement\":[{\"@type\":\"ListItem\",\"position\":1,\"name\":\"Home\",\"item\":\"https:\/\/dosingpump.shop\/\"},{\"@type\":\"ListItem\",\"position\":2,\"name\":\"Shop\",\"item\":\"https:\/\/dosingpump.shop\/de\/shop\/\"},{\"@type\":\"ListItem\",\"position\":3,\"name\":\"Emec AMS MF 07-20 FP Doseerpomp\"}]},{\"@type\":\"WebSite\",\"@id\":\"https:\/\/dosingpump.shop\/de\/#website\",\"url\":\"https:\/\/dosingpump.shop\/de\/\",\"name\":\"Dosing Pump Shop B.V.\",\"description\":\"\",\"publisher\":{\"@id\":\"https:\/\/dosingpump.shop\/de\/#organization\"},\"potentialAction\":[{\"@type\":\"SearchAction\",\"target\":{\"@type\":\"EntryPoint\",\"urlTemplate\":\"https:\/\/dosingpump.shop\/de\/?s={search_term_string}\"},\"query-input\":{\"@type\":\"PropertyValueSpecification\",\"valueRequired\":true,\"valueName\":\"search_term_string\"}}],\"inLanguage\":\"cs\"},{\"@type\":\"Organization\",\"@id\":\"https:\/\/dosingpump.shop\/de\/#organization\",\"name\":\"Dosing Pump Shop B.V.\",\"url\":\"https:\/\/dosingpump.shop\/de\/\",\"logo\":{\"@type\":\"ImageObject\",\"inLanguage\":\"cs\",\"@id\":\"https:\/\/dosingpump.shop\/de\/#\/schema\/logo\/image\/\",\"url\":\"https:\/\/dosingpump.shop\/wp-content\/uploads\/2024\/10\/Dosing-Pump-Shop-logo.png\",\"contentUrl\":\"https:\/\/dosingpump.shop\/wp-content\/uploads\/2024\/10\/Dosing-Pump-Shop-logo.png\",\"width\":350,\"height\":45,\"caption\":\"Dosing Pump Shop B.V.\"},\"image\":{\"@id\":\"https:\/\/dosingpump.shop\/de\/#\/schema\/logo\/image\/\"},\"sameAs\":[\"https:\/\/linkedin.com\/company\/dosing-pump-shop\"]}]}<\/script>\n<meta property=\"product:price:amount\" content=\"1043.00\" \/>\n<meta property=\"product:price:currency\" content=\"EUR\" \/>\n<meta property=\"og:availability\" content=\"instock\" \/>\n<meta property=\"product:availability\" content=\"instock\" \/>\n<meta property=\"product:retailer_item_id\" content=\"AMF07020K0000G00A000\" \/>\n<meta property=\"product:condition\" content=\"new\" \/>\n<!-- \/ Yoast SEO plugin. -->","yoast_head_json":{"title":"Emec AMS MF 07-20 FP D\u00e1vkovac\u00ed \u010derpadlo | Dosing Pump Shop B.V.","description":"Seznamte se s technick\u00fdmi parametry spolehliv\u00e9ho d\u00e1vkovac\u00edho \u010derpadla Emec AMS MF 07-20 FP. Kapacita: 20 l\/hod. Tlak: 7 bar\u016f.","robots":{"index":"index","follow":"follow","max-snippet":"max-snippet:-1","max-image-preview":"max-image-preview:large","max-video-preview":"max-video-preview:-1"},"canonical":"https:\/\/dosingpump.shop\/cz\/produkt-2\/emec-ams-mf-07-20-fp-davkovaci-cerpadlo\/","og_locale":"cs_CZ","og_type":"article","og_title":"Emec AMS MF 07-20 FP Doseerpomp | Dosing Pump Shop B.V.","og_description":"Ontdek de technische specificaties van de betrouwbare doseerpomp Emec AMS MF 07-20 FP. Capaciteit: 20 l\/uur. Druk: 7 bar.","og_url":"https:\/\/dosingpump.shop\/cz\/produkt-2\/emec-ams-mf-07-20-fp-davkovaci-cerpadlo\/","og_site_name":"Dosing Pump Shop B.V.","article_modified_time":"2026-02-27T12:49:20+00:00","og_image":[{"width":600,"height":600,"url":"https:\/\/dosingpump.shop\/wp-content\/uploads\/2024\/12\/Emec-AMS-Series.webp","type":"image\/webp"}],"twitter_card":"summary_large_image","twitter_misc":{"Cena":"&euro;1.043,00","Dostupnost":"Skladem"},"schema":{"@context":"https:\/\/schema.org","@graph":[{"@type":"WebPage","@id":"https:\/\/dosingpump.shop\/product\/emec-ams-mf-07-20-fp-doseerpomp\/","url":"https:\/\/dosingpump.shop\/product\/emec-ams-mf-07-20-fp-doseerpomp\/","name":"Emec AMS MF 07-20 FP D\u00e1vkovac\u00ed \u010derpadlo | Dosing Pump Shop B.V.","isPartOf":{"@id":"https:\/\/dosingpump.shop\/de\/#website"},"primaryImageOfPage":{"@id":"https:\/\/dosingpump.shop\/product\/emec-ams-mf-07-20-fp-doseerpomp\/#primaryimage"},"image":{"@id":"https:\/\/dosingpump.shop\/product\/emec-ams-mf-07-20-fp-doseerpomp\/#primaryimage"},"thumbnailUrl":"https:\/\/dosingpump.shop\/wp-content\/uploads\/2024\/12\/Emec-AMS-Series.webp","datePublished":"2024-12-05T12:22:01+00:00","dateModified":"2026-02-27T12:49:20+00:00","description":"Seznamte se s technick\u00fdmi parametry spolehliv\u00e9ho d\u00e1vkovac\u00edho \u010derpadla Emec AMS MF 07-20 FP. Kapacita: 20 l\/hod. Tlak: 7 bar\u016f.","breadcrumb":{"@id":"https:\/\/dosingpump.shop\/product\/emec-ams-mf-07-20-fp-doseerpomp\/#breadcrumb"},"inLanguage":"cs","potentialAction":[{"@type":"ReadAction","target":["https:\/\/dosingpump.shop\/product\/emec-ams-mf-07-20-fp-doseerpomp\/"]}]},{"@type":"ImageObject","inLanguage":"cs","@id":"https:\/\/dosingpump.shop\/product\/emec-ams-mf-07-20-fp-doseerpomp\/#primaryimage","url":"https:\/\/dosingpump.shop\/wp-content\/uploads\/2024\/12\/Emec-AMS-Series.webp","contentUrl":"https:\/\/dosingpump.shop\/wp-content\/uploads\/2024\/12\/Emec-AMS-Series.webp","width":600,"height":600},{"@type":"BreadcrumbList","@id":"https:\/\/dosingpump.shop\/product\/emec-ams-mf-07-20-fp-doseerpomp\/#breadcrumb","itemListElement":[{"@type":"ListItem","position":1,"name":"Home","item":"https:\/\/dosingpump.shop\/"},{"@type":"ListItem","position":2,"name":"Shop","item":"https:\/\/dosingpump.shop\/de\/shop\/"},{"@type":"ListItem","position":3,"name":"Emec AMS MF 07-20 FP Doseerpomp"}]},{"@type":"WebSite","@id":"https:\/\/dosingpump.shop\/de\/#website","url":"https:\/\/dosingpump.shop\/de\/","name":"Dosing Pump Shop B.V.","description":"","publisher":{"@id":"https:\/\/dosingpump.shop\/de\/#organization"},"potentialAction":[{"@type":"SearchAction","target":{"@type":"EntryPoint","urlTemplate":"https:\/\/dosingpump.shop\/de\/?s={search_term_string}"},"query-input":{"@type":"PropertyValueSpecification","valueRequired":true,"valueName":"search_term_string"}}],"inLanguage":"cs"},{"@type":"Organization","@id":"https:\/\/dosingpump.shop\/de\/#organization","name":"Dosing Pump Shop B.V.","url":"https:\/\/dosingpump.shop\/de\/","logo":{"@type":"ImageObject","inLanguage":"cs","@id":"https:\/\/dosingpump.shop\/de\/#\/schema\/logo\/image\/","url":"https:\/\/dosingpump.shop\/wp-content\/uploads\/2024\/10\/Dosing-Pump-Shop-logo.png","contentUrl":"https:\/\/dosingpump.shop\/wp-content\/uploads\/2024\/10\/Dosing-Pump-Shop-logo.png","width":350,"height":45,"caption":"Dosing Pump Shop B.V."},"image":{"@id":"https:\/\/dosingpump.shop\/de\/#\/schema\/logo\/image\/"},"sameAs":["https:\/\/linkedin.com\/company\/dosing-pump-shop"]}]},"product_price_amount":"1043.00","product_price_currency":"EUR","og_availability":"instock","product_availability":"instock","product_retailer_item_id":"AMF07020K0000G00A000","product_condition":"new"},"_links":{"self":[{"href":"https:\/\/dosingpump.shop\/cz\/wp-json\/wp\/v2\/product\/4152","targetHints":{"allow":["GET"]}}],"collection":[{"href":"https:\/\/dosingpump.shop\/cz\/wp-json\/wp\/v2\/product"}],"about":[{"href":"https:\/\/dosingpump.shop\/cz\/wp-json\/wp\/v2\/types\/product"}],"wp:featuredmedia":[{"embeddable":true,"href":"https:\/\/dosingpump.shop\/cz\/wp-json\/wp\/v2\/media\/5190"}],"wp:attachment":[{"href":"https:\/\/dosingpump.shop\/cz\/wp-json\/wp\/v2\/media?parent=4152"}],"wp:term":[{"taxonomy":"product_brand","embeddable":true,"href":"https:\/\/dosingpump.shop\/cz\/wp-json\/wp\/v2\/product_brand?post=4152"},{"taxonomy":"product_cat","embeddable":true,"href":"https:\/\/dosingpump.shop\/cz\/wp-json\/wp\/v2\/product_cat?post=4152"},{"taxonomy":"product_tag","embeddable":true,"href":"https:\/\/dosingpump.shop\/cz\/wp-json\/wp\/v2\/product_tag?post=4152"}],"curies":[{"name":"wp","href":"https:\/\/api.w.org\/{rel}","templated":true}]}}