{"id":4248,"date":"2024-12-05T12:22:18","date_gmt":"2024-12-05T12:22:18","guid":{"rendered":"https:\/\/dosingpump.shop\/product\/centrifugaalpomp-voor-chemicalien-htm15\/"},"modified":"2026-03-23T12:03:02","modified_gmt":"2026-03-23T11:03:02","slug":"centrifugaalpomp-voor-chemicalien-htm15-pp","status":"publish","type":"product","link":"https:\/\/dosingpump.shop\/cz\/product\/centrifugaalpomp-voor-chemicalien-htm15-pp\/","title":{"rendered":"Odst\u0159ediv\u00e9 \u010derpadlo pro chemik\u00e1lie HTM15-PP"},"content":{"rendered":"<h3><strong>Magneetgedreven Centrifugaalpomp voor Chemicali\u00ebn HTM15-PP<\/strong><\/h3>\n<p>P\u0159i \u010derp\u00e1n\u00ed chemick\u00fdch kapalin, chemik\u00e1li\u00ed nebo \u017e\u00edrav\u00fdch l\u00e1tek je nezbytn\u00e9 pou\u017e\u00edt \u010derpadlo, kter\u00e9 odol\u00e1 \u010derpan\u00e9 kapalin\u011b. V\u011bt\u0161ina b\u011b\u017en\u00fdch odst\u0159ediv\u00fdch \u010derpadel je vyrobena ze slitin kov\u016f, a proto jsou pro tyto n\u00e1ro\u010dn\u00e9 \u00fakoly \u010dasto nevhodn\u00e1.<\/p>\n<p>Naproti tomu odst\u0159ediv\u00e9 \u010derpadlo poh\u00e1n\u011bn\u00e9 magnetem, vyroben\u00e9 z vhodn\u00fdch materi\u00e1l\u016f, je velmi vhodn\u00e9. Technologie \"mag-drive\" eliminuje pot\u0159ebu mechanick\u00e9 ucp\u00e1vky, co\u017e v\u00fdrazn\u011b zvy\u0161uje bezpe\u010dnost. \u010cerpadla HTM pracuj\u00ed v \u0161irok\u00e9m rozsahu od n\u011bkolika set litr\u016f za hodinu a\u017e po 23 m\u00b3\/h v z\u00e1vislosti na v\u00fdtlaku.<\/p>\n<p>\u010cerpadla HTM jsou k dispozici z PVDF a PP, s t\u011bsn\u011bn\u00edm z Vitonu, EPDM nebo FEP. Tyto r\u016fzn\u00e9 kombinace t\u00e9m\u011b\u0159 v\u017edy poskytuj\u00ed odst\u0159ediv\u00e9 \u010derpadlo vhodn\u00e9 pro va\u0161i konkr\u00e9tn\u00ed aplikaci. Na\u0161i odborn\u00edci v\u00e1m r\u00e1di pomohou s v\u00fdb\u011brem vhodn\u00e9ho \u010derpadla.<\/p>\n<p>Toto odst\u0159ediv\u00e9 \u010derpadlo je k dispozici s 3f\u00e1zov\u00fdm 400V motorem o v\u00fdkonu 1,1 nebo 2,2 kW.<\/p>\n<p>Na na\u0161ich webov\u00fdch str\u00e1nk\u00e1ch najdete vysoce kvalitn\u00ed \u010derpadla od renomovan\u00e9 spole\u010dnosti Gemme Cotti, kter\u00e1 ji\u017e od roku 1992 dod\u00e1v\u00e1 r\u016fzn\u00e9 typy vysoce kvalitn\u00edch \u010derpadel, speci\u00e1ln\u011b navr\u017een\u00fdch pro bezpe\u010dn\u00e9 a \u00fa\u010dinn\u00e9 \u010derp\u00e1n\u00ed chemik\u00e1li\u00ed. Na\u0161e \u010derpadla se pou\u017e\u00edvaj\u00ed jako \u010derpadla na kyseliny, \u010derpadla na chlor, \u010derpadla na mo\u010dovinu, pro \u010derp\u00e1n\u00ed kaustick\u00e9 sody a mnoho dal\u0161\u00edho.<\/p>\n<p>M\u00e1te dotazy k aplikaci nebo si p\u0159ejete z\u00edskat cenovou nab\u00eddku? Pak n\u00e1s nev\u00e1hejte kontaktovat!<\/p>\n<p><em>Proveden\u00ed: HTM15 PP s t\u0159\u00edf\u00e1zov\u00fdm motorem 1,1 kW a mont\u00e1\u017en\u00ed deskou. Dodac\u00ed lh\u016fta p\u0159ibli\u017en\u011b 2 t\u00fddny.<\/em><\/p>","protected":false},"excerpt":{"rendered":"<p>HTM15 Odst\u0159ediv\u00e9 \u010derpadlo pro chemik\u00e1lie<br \/>\nPro bezpe\u010dn\u00e9 \u010derp\u00e1n\u00ed chemick\u00fdch kapalin.<br \/>\nMax. 23 m3\/h, v z\u00e1vislosti na v\u00fdtlaku<\/p>","protected":false},"featured_media":8775,"template":"","meta":[],"product_brand":[],"product_cat":[86],"product_tag":[],"class_list":{"0":"post-4248","1":"product","2":"type-product","3":"status-publish","4":"has-post-thumbnail","6":"product_cat-centrifugaalpomp-voor-chemicalien","8":"first","9":"instock","10":"taxable","11":"shipping-taxable","12":"purchasable","13":"product-type-simple"},"yoast_head":"<!-- This site is optimized with the Yoast SEO plugin v27.2 - https:\/\/yoast.com\/product\/yoast-seo-wordpress\/ -->\n<title>Centrifugaalpomp HTM15 | Dosing Pump Shop B.V. Gemmecoti-PP<\/title>\n<meta name=\"description\" content=\"Chemicali\u00ebn verpompen kan met deze centrifugaalpomp voor chemicali\u00ebn. De magneetaandrijving is lekvrij en zeer resistent. Diverse uitvoeringen leverbaar.\" \/>\n<meta name=\"robots\" content=\"index, follow, max-snippet:-1, max-image-preview:large, max-video-preview:-1\" \/>\n<link rel=\"canonical\" href=\"https:\/\/dosingpump.shop\/cz\/produkt-2\/centrifugaalpomp-voor-chemicalien-htm15-pp\/\" \/>\n<meta property=\"og:locale\" content=\"cs_CZ\" \/>\n<meta property=\"og:type\" content=\"article\" \/>\n<meta property=\"og:title\" content=\"Centrifugaalpomp HTM15 | Dosing Pump Shop B.V. Gemmecoti-PP\" \/>\n<meta property=\"og:description\" content=\"Chemicali\u00ebn verpompen kan met deze centrifugaalpomp voor chemicali\u00ebn. De magneetaandrijving is lekvrij en zeer resistent. Diverse uitvoeringen leverbaar.\" \/>\n<meta property=\"og:url\" content=\"https:\/\/dosingpump.shop\/cz\/produkt-2\/centrifugaalpomp-voor-chemicalien-htm15-pp\/\" \/>\n<meta property=\"og:site_name\" content=\"Dosing Pump Shop B.V.\" \/>\n<meta property=\"article:modified_time\" content=\"2026-03-23T11:03:02+00:00\" \/>\n<meta property=\"og:image\" content=\"https:\/\/dosingpump.shop\/wp-content\/uploads\/2024\/12\/GemmeCotti-HTM-15-PP.png\" \/>\n\t<meta property=\"og:image:width\" content=\"600\" \/>\n\t<meta property=\"og:image:height\" content=\"600\" \/>\n\t<meta property=\"og:image:type\" content=\"image\/png\" \/>\n<meta name=\"twitter:card\" content=\"summary_large_image\" \/>\n<meta name=\"twitter:label1\" content=\"Cena\" \/>\n\t<meta name=\"twitter:data1\" content=\"&euro;1.296,00\" \/>\n\t<meta name=\"twitter:label2\" content=\"Dostupnost\" \/>\n\t<meta name=\"twitter:data2\" content=\"Skladem\" \/>\n<script type=\"application\/ld+json\" class=\"yoast-schema-graph\">{\"@context\":\"https:\/\/schema.org\",\"@graph\":[{\"@type\":\"WebPage\",\"@id\":\"https:\/\/dosingpump.shop\/product\/centrifugaalpomp-voor-chemicalien-htm15-pp\/\",\"url\":\"https:\/\/dosingpump.shop\/product\/centrifugaalpomp-voor-chemicalien-htm15-pp\/\",\"name\":\"Centrifugaalpomp HTM15 | Dosing Pump Shop B.V. Gemmecoti-PP\",\"isPartOf\":{\"@id\":\"https:\/\/dosingpump.shop\/de\/#website\"},\"primaryImageOfPage\":{\"@id\":\"https:\/\/dosingpump.shop\/product\/centrifugaalpomp-voor-chemicalien-htm15-pp\/#primaryimage\"},\"image\":{\"@id\":\"https:\/\/dosingpump.shop\/product\/centrifugaalpomp-voor-chemicalien-htm15-pp\/#primaryimage\"},\"thumbnailUrl\":\"https:\/\/dosingpump.shop\/wp-content\/uploads\/2024\/12\/GemmeCotti-HTM-15-PP.png\",\"datePublished\":\"2024-12-05T12:22:18+00:00\",\"dateModified\":\"2026-03-23T11:03:02+00:00\",\"description\":\"Chemicali\u00ebn verpompen kan met deze centrifugaalpomp voor chemicali\u00ebn. De magneetaandrijving is lekvrij en zeer resistent. Diverse uitvoeringen leverbaar.\",\"breadcrumb\":{\"@id\":\"https:\/\/dosingpump.shop\/product\/centrifugaalpomp-voor-chemicalien-htm15-pp\/#breadcrumb\"},\"inLanguage\":\"cs\",\"potentialAction\":[{\"@type\":\"ReadAction\",\"target\":[\"https:\/\/dosingpump.shop\/product\/centrifugaalpomp-voor-chemicalien-htm15-pp\/\"]}]},{\"@type\":\"ImageObject\",\"inLanguage\":\"cs\",\"@id\":\"https:\/\/dosingpump.shop\/product\/centrifugaalpomp-voor-chemicalien-htm15-pp\/#primaryimage\",\"url\":\"https:\/\/dosingpump.shop\/wp-content\/uploads\/2024\/12\/GemmeCotti-HTM-15-PP.png\",\"contentUrl\":\"https:\/\/dosingpump.shop\/wp-content\/uploads\/2024\/12\/GemmeCotti-HTM-15-PP.png\",\"width\":600,\"height\":600},{\"@type\":\"BreadcrumbList\",\"@id\":\"https:\/\/dosingpump.shop\/product\/centrifugaalpomp-voor-chemicalien-htm15-pp\/#breadcrumb\",\"itemListElement\":[{\"@type\":\"ListItem\",\"position\":1,\"name\":\"Home\",\"item\":\"https:\/\/dosingpump.shop\/\"},{\"@type\":\"ListItem\",\"position\":2,\"name\":\"Shop\",\"item\":\"https:\/\/dosingpump.shop\/de\/shop\/\"},{\"@type\":\"ListItem\",\"position\":3,\"name\":\"Centrifugaalpomp voor chemicali\u00ebn HTM15-PP\"}]},{\"@type\":\"WebSite\",\"@id\":\"https:\/\/dosingpump.shop\/de\/#website\",\"url\":\"https:\/\/dosingpump.shop\/de\/\",\"name\":\"Dosing Pump Shop B.V.\",\"description\":\"\",\"publisher\":{\"@id\":\"https:\/\/dosingpump.shop\/de\/#organization\"},\"potentialAction\":[{\"@type\":\"SearchAction\",\"target\":{\"@type\":\"EntryPoint\",\"urlTemplate\":\"https:\/\/dosingpump.shop\/de\/?s={search_term_string}\"},\"query-input\":{\"@type\":\"PropertyValueSpecification\",\"valueRequired\":true,\"valueName\":\"search_term_string\"}}],\"inLanguage\":\"cs\"},{\"@type\":\"Organization\",\"@id\":\"https:\/\/dosingpump.shop\/de\/#organization\",\"name\":\"Dosing Pump Shop B.V.\",\"url\":\"https:\/\/dosingpump.shop\/de\/\",\"logo\":{\"@type\":\"ImageObject\",\"inLanguage\":\"cs\",\"@id\":\"https:\/\/dosingpump.shop\/de\/#\/schema\/logo\/image\/\",\"url\":\"https:\/\/dosingpump.shop\/wp-content\/uploads\/2024\/10\/Dosing-Pump-Shop-logo.png\",\"contentUrl\":\"https:\/\/dosingpump.shop\/wp-content\/uploads\/2024\/10\/Dosing-Pump-Shop-logo.png\",\"width\":350,\"height\":45,\"caption\":\"Dosing Pump Shop B.V.\"},\"image\":{\"@id\":\"https:\/\/dosingpump.shop\/de\/#\/schema\/logo\/image\/\"},\"sameAs\":[\"https:\/\/linkedin.com\/company\/dosing-pump-shop\"]}]}<\/script>\n<meta property=\"product:price:amount\" content=\"1296.00\" \/>\n<meta property=\"product:price:currency\" content=\"EUR\" \/>\n<meta property=\"og:availability\" content=\"instock\" \/>\n<meta property=\"product:availability\" content=\"instock\" \/>\n<meta property=\"product:retailer_item_id\" content=\"HTM15-PP\" \/>\n<meta property=\"product:condition\" content=\"new\" \/>\n<!-- \/ Yoast SEO plugin. -->","yoast_head_json":{"title":"Centrifugaalpomp HTM15 | Dosing Pump Shop B.V. Gemmecoti-PP","description":"Pomoc\u00ed tohoto odst\u0159ediv\u00e9ho \u010derpadla pro chemik\u00e1lie lze \u010derpat chemik\u00e1lie. Magnetick\u00fd pohon je t\u011bsn\u00fd a vysoce odoln\u00fd. K dispozici jsou r\u016fzn\u00e1 proveden\u00ed.","robots":{"index":"index","follow":"follow","max-snippet":"max-snippet:-1","max-image-preview":"max-image-preview:large","max-video-preview":"max-video-preview:-1"},"canonical":"https:\/\/dosingpump.shop\/cz\/produkt-2\/centrifugaalpomp-voor-chemicalien-htm15-pp\/","og_locale":"cs_CZ","og_type":"article","og_title":"Centrifugaalpomp HTM15 | Dosing Pump Shop B.V. Gemmecoti-PP","og_description":"Chemicali\u00ebn verpompen kan met deze centrifugaalpomp voor chemicali\u00ebn. De magneetaandrijving is lekvrij en zeer resistent. Diverse uitvoeringen leverbaar.","og_url":"https:\/\/dosingpump.shop\/cz\/produkt-2\/centrifugaalpomp-voor-chemicalien-htm15-pp\/","og_site_name":"Dosing Pump Shop B.V.","article_modified_time":"2026-03-23T11:03:02+00:00","og_image":[{"width":600,"height":600,"url":"https:\/\/dosingpump.shop\/wp-content\/uploads\/2024\/12\/GemmeCotti-HTM-15-PP.png","type":"image\/png"}],"twitter_card":"summary_large_image","twitter_misc":{"Cena":"&euro;1.296,00","Dostupnost":"Skladem"},"schema":{"@context":"https:\/\/schema.org","@graph":[{"@type":"WebPage","@id":"https:\/\/dosingpump.shop\/product\/centrifugaalpomp-voor-chemicalien-htm15-pp\/","url":"https:\/\/dosingpump.shop\/product\/centrifugaalpomp-voor-chemicalien-htm15-pp\/","name":"Centrifugaalpomp HTM15 | Dosing Pump Shop B.V. Gemmecoti-PP","isPartOf":{"@id":"https:\/\/dosingpump.shop\/de\/#website"},"primaryImageOfPage":{"@id":"https:\/\/dosingpump.shop\/product\/centrifugaalpomp-voor-chemicalien-htm15-pp\/#primaryimage"},"image":{"@id":"https:\/\/dosingpump.shop\/product\/centrifugaalpomp-voor-chemicalien-htm15-pp\/#primaryimage"},"thumbnailUrl":"https:\/\/dosingpump.shop\/wp-content\/uploads\/2024\/12\/GemmeCotti-HTM-15-PP.png","datePublished":"2024-12-05T12:22:18+00:00","dateModified":"2026-03-23T11:03:02+00:00","description":"Pomoc\u00ed tohoto odst\u0159ediv\u00e9ho \u010derpadla pro chemik\u00e1lie lze \u010derpat chemik\u00e1lie. Magnetick\u00fd pohon je t\u011bsn\u00fd a vysoce odoln\u00fd. K dispozici jsou r\u016fzn\u00e1 proveden\u00ed.","breadcrumb":{"@id":"https:\/\/dosingpump.shop\/product\/centrifugaalpomp-voor-chemicalien-htm15-pp\/#breadcrumb"},"inLanguage":"cs","potentialAction":[{"@type":"ReadAction","target":["https:\/\/dosingpump.shop\/product\/centrifugaalpomp-voor-chemicalien-htm15-pp\/"]}]},{"@type":"ImageObject","inLanguage":"cs","@id":"https:\/\/dosingpump.shop\/product\/centrifugaalpomp-voor-chemicalien-htm15-pp\/#primaryimage","url":"https:\/\/dosingpump.shop\/wp-content\/uploads\/2024\/12\/GemmeCotti-HTM-15-PP.png","contentUrl":"https:\/\/dosingpump.shop\/wp-content\/uploads\/2024\/12\/GemmeCotti-HTM-15-PP.png","width":600,"height":600},{"@type":"BreadcrumbList","@id":"https:\/\/dosingpump.shop\/product\/centrifugaalpomp-voor-chemicalien-htm15-pp\/#breadcrumb","itemListElement":[{"@type":"ListItem","position":1,"name":"Home","item":"https:\/\/dosingpump.shop\/"},{"@type":"ListItem","position":2,"name":"Shop","item":"https:\/\/dosingpump.shop\/de\/shop\/"},{"@type":"ListItem","position":3,"name":"Centrifugaalpomp voor chemicali\u00ebn HTM15-PP"}]},{"@type":"WebSite","@id":"https:\/\/dosingpump.shop\/de\/#website","url":"https:\/\/dosingpump.shop\/de\/","name":"Dosing Pump Shop B.V.","description":"","publisher":{"@id":"https:\/\/dosingpump.shop\/de\/#organization"},"potentialAction":[{"@type":"SearchAction","target":{"@type":"EntryPoint","urlTemplate":"https:\/\/dosingpump.shop\/de\/?s={search_term_string}"},"query-input":{"@type":"PropertyValueSpecification","valueRequired":true,"valueName":"search_term_string"}}],"inLanguage":"cs"},{"@type":"Organization","@id":"https:\/\/dosingpump.shop\/de\/#organization","name":"Dosing Pump Shop B.V.","url":"https:\/\/dosingpump.shop\/de\/","logo":{"@type":"ImageObject","inLanguage":"cs","@id":"https:\/\/dosingpump.shop\/de\/#\/schema\/logo\/image\/","url":"https:\/\/dosingpump.shop\/wp-content\/uploads\/2024\/10\/Dosing-Pump-Shop-logo.png","contentUrl":"https:\/\/dosingpump.shop\/wp-content\/uploads\/2024\/10\/Dosing-Pump-Shop-logo.png","width":350,"height":45,"caption":"Dosing Pump Shop B.V."},"image":{"@id":"https:\/\/dosingpump.shop\/de\/#\/schema\/logo\/image\/"},"sameAs":["https:\/\/linkedin.com\/company\/dosing-pump-shop"]}]},"product_price_amount":"1296.00","product_price_currency":"EUR","og_availability":"instock","product_availability":"instock","product_retailer_item_id":"HTM15-PP","product_condition":"new"},"_links":{"self":[{"href":"https:\/\/dosingpump.shop\/cz\/wp-json\/wp\/v2\/product\/4248","targetHints":{"allow":["GET"]}}],"collection":[{"href":"https:\/\/dosingpump.shop\/cz\/wp-json\/wp\/v2\/product"}],"about":[{"href":"https:\/\/dosingpump.shop\/cz\/wp-json\/wp\/v2\/types\/product"}],"wp:featuredmedia":[{"embeddable":true,"href":"https:\/\/dosingpump.shop\/cz\/wp-json\/wp\/v2\/media\/8775"}],"wp:attachment":[{"href":"https:\/\/dosingpump.shop\/cz\/wp-json\/wp\/v2\/media?parent=4248"}],"wp:term":[{"taxonomy":"product_brand","embeddable":true,"href":"https:\/\/dosingpump.shop\/cz\/wp-json\/wp\/v2\/product_brand?post=4248"},{"taxonomy":"product_cat","embeddable":true,"href":"https:\/\/dosingpump.shop\/cz\/wp-json\/wp\/v2\/product_cat?post=4248"},{"taxonomy":"product_tag","embeddable":true,"href":"https:\/\/dosingpump.shop\/cz\/wp-json\/wp\/v2\/product_tag?post=4248"}],"curies":[{"name":"wp","href":"https:\/\/api.w.org\/{rel}","templated":true}]}}