{"id":4422,"date":"2024-12-05T12:22:55","date_gmt":"2024-12-05T12:22:55","guid":{"rendered":"https:\/\/dosingpump.shop\/?post_type=product&#038;p=4422"},"modified":"2026-02-27T14:49:30","modified_gmt":"2026-02-27T12:49:30","slug":"davkovaci-system-pro-peroxid-vodiku-200l","status":"publish","type":"product","link":"https:\/\/dosingpump.shop\/cz\/product\/doseersysteem-voor-waterstofperoxide-200l\/","title":{"rendered":"D\u00e1vkovac\u00ed syst\u00e9m pro peroxid vod\u00edku 200L"},"content":{"rendered":"<h2>D\u00e1vkovac\u00ed syst\u00e9m pro peroxid vod\u00edku - 200 litr\u016f<\/h2>\n<p>D\u00e1vkovac\u00ed syst\u00e9m peroxidu vod\u00edku nab\u00edz\u00ed kompletn\u00ed \u0159e\u0161en\u00ed pro p\u0159esn\u00e9 a bezpe\u010dn\u00e9 d\u00e1vkov\u00e1n\u00ed H2O2. Sou\u010d\u00e1sti jsou navr\u017eeny tak, aby odol\u00e1valy peroxidu vod\u00edku, tak\u017ee maj\u00ed dlouhou \u017eivotnost.<\/p>\n<p>Objem n\u00e1dr\u017ee na peroxid vod\u00edku je 200 litr\u016f. N\u00e1dr\u017e je vybavena sac\u00ed lanovkou p\u0159ipojenou k d\u00e1vkovac\u00edmu \u010derpadlu. Toto sac\u00ed kop\u00ed je vybaveno regul\u00e1torem hladiny, kter\u00fd vypne \u010derpadlo, kdy\u017e je n\u00e1dr\u017e pr\u00e1zdn\u00e1, a zabr\u00e1n\u00ed tak vniknut\u00ed vzduchu do potrub\u00ed. Vzhledem k tomu, \u017ee H2O2 vystupuje ven, zvolili jsme d\u00e1vkovac\u00ed \u010derpadlo s automatick\u00fdm odvzdu\u0161n\u011bn\u00edm. D\u00edky tomu nemus\u00edte \u010derpadlo neust\u00e1le odvzdu\u0161\u0148ovat.<\/p>\n<p>D\u00e1vkovac\u00ed \u010derpadlo lze snadno namontovat na n\u00e1dr\u017e a vytvo\u0159it tak kompaktn\u00ed a \u00fa\u010dinn\u00fd d\u00e1vkovac\u00ed syst\u00e9m.<\/p>\n<h2>Obsah d\u00e1vkovac\u00edho syst\u00e9mu peroxidu vod\u00edku:<\/h2>\n<ul>\n<li>200litrov\u00e1 n\u00e1dr\u017e na peroxid vod\u00edku<\/li>\n<li>D\u00e1vkovac\u00ed \u010derpadlo Kcl plus 08-5,5 (5,5 l\/hod - 8 bar) s nastavitelnou d\u00e9lkou zdvihu a frekvenc\u00ed zdvihu<\/li>\n<li>Sac\u00ed n\u00e1sada s regulac\u00ed hladiny<\/li>\n<li>Vst\u0159ikovac\u00ed ventil a d\u00e1vkovac\u00ed hadice<\/li>\n<\/ul>\n<p>Pro tento syst\u00e9m d\u00e1vkov\u00e1n\u00ed peroxidu vod\u00edku jsou k dispozici voliteln\u00e9 \u00fapravy:<\/p>\n<ul>\n<li>N\u00e1dr\u017e na peroxid vod\u00edku o objemu 50, 100, 200, 500 nebo 1000 litr\u016f.<\/li>\n<li>\u010cerpadlo na peroxid vod\u00edku s v\u00fdkonem a\u017e 80 litr\u016f za hodinu (pro p\u0159\u00edmou mont\u00e1\u017e do n\u00e1dr\u017ee)<\/li>\n<li>\u010cerpadlo na peroxid vod\u00edku s v\u00fdkonem a\u017e 1000 litr\u016f za hodinu (k mont\u00e1\u017ei nad n\u00e1dr\u017e u zdi).<\/li>\n<li>Mo\u017enost \u0159\u00edzen\u00ed 4-20 mA<\/li>\n<li>Plnic\u00ed \u010derpadlo n\u00e1dr\u017ee<\/li>\n<li>M\u00edchadlo (ru\u010dn\u00ed nebo automatick\u00e9)<\/li>\n<li>Vhodn\u00e1 odkap\u00e1vac\u00ed miska<\/li>\n<li>Mo\u017enost dod\u00e1n\u00ed kompletn\u011b smontovan\u00e9ho za\u0159\u00edzen\u00ed<\/li>\n<\/ul>","protected":false},"excerpt":{"rendered":"<p>Kompletn\u00ed d\u00e1vkovac\u00ed syst\u00e9m pro peroxid vod\u00edku s n\u00e1dr\u017e\u00ed, sac\u00edmi lany a d\u00e1vkovac\u00edm \u010derpadlem. Objem 200 litr\u016f<\/p>","protected":false},"featured_media":4432,"template":"","meta":[],"product_brand":[],"product_cat":[91],"product_tag":[],"class_list":{"0":"post-4422","1":"product","2":"type-product","3":"status-publish","4":"has-post-thumbnail","6":"product_cat-doseersysteem-waterstofperoxide","8":"first","9":"instock","10":"taxable","11":"shipping-taxable","12":"purchasable","13":"product-type-simple"},"yoast_head":"<!-- This site is optimized with the Yoast SEO plugin v27.2 - https:\/\/yoast.com\/product\/yoast-seo-wordpress\/ -->\n<title>Doseersysteem voor waterstofperoxide 200L | Dosing Pump Shop B.V.<\/title>\n<meta name=\"description\" content=\"Compleet Doseersysteem voor waterstofperoxide 200L met aanzuiglans en automatische ontluchting. Nauwkeurige en veilige dosering van H\u2082O\u2082. Eenvoudige installatie.\" \/>\n<meta name=\"robots\" content=\"index, follow, max-snippet:-1, max-image-preview:large, max-video-preview:-1\" \/>\n<link rel=\"canonical\" href=\"https:\/\/dosingpump.shop\/cz\/produkt-2\/davkovaci-system-pro-peroxid-vodiku-200l\/\" \/>\n<meta property=\"og:locale\" content=\"cs_CZ\" \/>\n<meta property=\"og:type\" content=\"article\" \/>\n<meta property=\"og:title\" content=\"Doseersysteem voor waterstofperoxide 200L | Dosing Pump Shop B.V.\" \/>\n<meta property=\"og:description\" content=\"Compleet Doseersysteem voor waterstofperoxide 200L met aanzuiglans en automatische ontluchting. Nauwkeurige en veilige dosering van H\u2082O\u2082. Eenvoudige installatie.\" \/>\n<meta property=\"og:url\" content=\"https:\/\/dosingpump.shop\/cz\/produkt-2\/davkovaci-system-pro-peroxid-vodiku-200l\/\" \/>\n<meta property=\"og:site_name\" content=\"Dosing Pump Shop B.V.\" \/>\n<meta property=\"article:modified_time\" content=\"2026-02-27T12:49:30+00:00\" \/>\n<meta property=\"og:image\" content=\"https:\/\/dosingpump.shop\/wp-content\/uploads\/2024\/12\/waterstofperoxide-doseerinstallatie.webp\" \/>\n\t<meta property=\"og:image:width\" content=\"500\" \/>\n\t<meta property=\"og:image:height\" content=\"500\" \/>\n\t<meta property=\"og:image:type\" content=\"image\/webp\" \/>\n<meta name=\"twitter:card\" content=\"summary_large_image\" \/>\n<meta name=\"twitter:label1\" content=\"Cena\" \/>\n\t<meta name=\"twitter:data1\" content=\"&euro;989,00\" \/>\n\t<meta name=\"twitter:label2\" content=\"Dostupnost\" \/>\n\t<meta name=\"twitter:data2\" content=\"Skladem\" \/>\n<script type=\"application\/ld+json\" class=\"yoast-schema-graph\">{\"@context\":\"https:\/\/schema.org\",\"@graph\":[{\"@type\":\"WebPage\",\"@id\":\"https:\/\/dosingpump.shop\/en\/product\/dosing-system-for-hydrogen-peroxide-200l\/\",\"url\":\"https:\/\/dosingpump.shop\/en\/product\/dosing-system-for-hydrogen-peroxide-200l\/\",\"name\":\"Doseersysteem voor waterstofperoxide 200L | Dosing Pump Shop B.V.\",\"isPartOf\":{\"@id\":\"https:\/\/dosingpump.shop\/de\/#website\"},\"primaryImageOfPage\":{\"@id\":\"https:\/\/dosingpump.shop\/en\/product\/dosing-system-for-hydrogen-peroxide-200l\/#primaryimage\"},\"image\":{\"@id\":\"https:\/\/dosingpump.shop\/en\/product\/dosing-system-for-hydrogen-peroxide-200l\/#primaryimage\"},\"thumbnailUrl\":\"https:\/\/dosingpump.shop\/wp-content\/uploads\/2024\/12\/waterstofperoxide-doseerinstallatie.webp\",\"datePublished\":\"2024-12-05T12:22:55+00:00\",\"dateModified\":\"2026-02-27T12:49:30+00:00\",\"description\":\"Compleet Doseersysteem voor waterstofperoxide 200L met aanzuiglans en automatische ontluchting. Nauwkeurige en veilige dosering van H\u2082O\u2082. Eenvoudige installatie.\",\"breadcrumb\":{\"@id\":\"https:\/\/dosingpump.shop\/en\/product\/dosing-system-for-hydrogen-peroxide-200l\/#breadcrumb\"},\"inLanguage\":\"cs\",\"potentialAction\":[{\"@type\":\"ReadAction\",\"target\":[\"https:\/\/dosingpump.shop\/en\/product\/dosing-system-for-hydrogen-peroxide-200l\/\"]}]},{\"@type\":\"ImageObject\",\"inLanguage\":\"cs\",\"@id\":\"https:\/\/dosingpump.shop\/en\/product\/dosing-system-for-hydrogen-peroxide-200l\/#primaryimage\",\"url\":\"https:\/\/dosingpump.shop\/wp-content\/uploads\/2024\/12\/waterstofperoxide-doseerinstallatie.webp\",\"contentUrl\":\"https:\/\/dosingpump.shop\/wp-content\/uploads\/2024\/12\/waterstofperoxide-doseerinstallatie.webp\",\"width\":500,\"height\":500},{\"@type\":\"BreadcrumbList\",\"@id\":\"https:\/\/dosingpump.shop\/en\/product\/dosing-system-for-hydrogen-peroxide-200l\/#breadcrumb\",\"itemListElement\":[{\"@type\":\"ListItem\",\"position\":1,\"name\":\"Home\",\"item\":\"https:\/\/dosingpump.shop\/\"},{\"@type\":\"ListItem\",\"position\":2,\"name\":\"Shop\",\"item\":\"https:\/\/dosingpump.shop\/de\/shop\/\"},{\"@type\":\"ListItem\",\"position\":3,\"name\":\"Doseersysteem voor waterstofperoxide 200L\"}]},{\"@type\":\"WebSite\",\"@id\":\"https:\/\/dosingpump.shop\/de\/#website\",\"url\":\"https:\/\/dosingpump.shop\/de\/\",\"name\":\"Dosing Pump Shop B.V.\",\"description\":\"\",\"publisher\":{\"@id\":\"https:\/\/dosingpump.shop\/de\/#organization\"},\"potentialAction\":[{\"@type\":\"SearchAction\",\"target\":{\"@type\":\"EntryPoint\",\"urlTemplate\":\"https:\/\/dosingpump.shop\/de\/?s={search_term_string}\"},\"query-input\":{\"@type\":\"PropertyValueSpecification\",\"valueRequired\":true,\"valueName\":\"search_term_string\"}}],\"inLanguage\":\"cs\"},{\"@type\":\"Organization\",\"@id\":\"https:\/\/dosingpump.shop\/de\/#organization\",\"name\":\"Dosing Pump Shop B.V.\",\"url\":\"https:\/\/dosingpump.shop\/de\/\",\"logo\":{\"@type\":\"ImageObject\",\"inLanguage\":\"cs\",\"@id\":\"https:\/\/dosingpump.shop\/de\/#\/schema\/logo\/image\/\",\"url\":\"https:\/\/dosingpump.shop\/wp-content\/uploads\/2024\/10\/Dosing-Pump-Shop-logo.png\",\"contentUrl\":\"https:\/\/dosingpump.shop\/wp-content\/uploads\/2024\/10\/Dosing-Pump-Shop-logo.png\",\"width\":350,\"height\":45,\"caption\":\"Dosing Pump Shop B.V.\"},\"image\":{\"@id\":\"https:\/\/dosingpump.shop\/de\/#\/schema\/logo\/image\/\"},\"sameAs\":[\"https:\/\/linkedin.com\/company\/dosing-pump-shop\"]}]}<\/script>\n<meta property=\"product:price:amount\" content=\"989.00\" \/>\n<meta property=\"product:price:currency\" content=\"EUR\" \/>\n<meta property=\"og:availability\" content=\"instock\" \/>\n<meta property=\"product:availability\" content=\"instock\" \/>\n<meta property=\"product:retailer_item_id\" content=\"Dos-set-h202-compl-200\" \/>\n<meta property=\"product:condition\" content=\"new\" \/>\n<!-- \/ Yoast SEO plugin. -->","yoast_head_json":{"title":"D\u00e1vkovac\u00ed syst\u00e9m pro peroxid vod\u00edku 200L | Dosing Pump Shop B.V.","description":"Kompletn\u00ed d\u00e1vkovac\u00ed syst\u00e9m pro peroxid vod\u00edku 200 l se sac\u00ed lancetou a automatick\u00fdm odvzdu\u0161n\u011bn\u00edm. P\u0159esn\u00e9 a bezpe\u010dn\u00e9 d\u00e1vkov\u00e1n\u00ed H\u2082O\u2082. Jednoduch\u00e1 instalace.","robots":{"index":"index","follow":"follow","max-snippet":"max-snippet:-1","max-image-preview":"max-image-preview:large","max-video-preview":"max-video-preview:-1"},"canonical":"https:\/\/dosingpump.shop\/cz\/produkt-2\/davkovaci-system-pro-peroxid-vodiku-200l\/","og_locale":"cs_CZ","og_type":"article","og_title":"Doseersysteem voor waterstofperoxide 200L | Dosing Pump Shop B.V.","og_description":"Compleet Doseersysteem voor waterstofperoxide 200L met aanzuiglans en automatische ontluchting. Nauwkeurige en veilige dosering van H\u2082O\u2082. Eenvoudige installatie.","og_url":"https:\/\/dosingpump.shop\/cz\/produkt-2\/davkovaci-system-pro-peroxid-vodiku-200l\/","og_site_name":"Dosing Pump Shop B.V.","article_modified_time":"2026-02-27T12:49:30+00:00","og_image":[{"width":500,"height":500,"url":"https:\/\/dosingpump.shop\/wp-content\/uploads\/2024\/12\/waterstofperoxide-doseerinstallatie.webp","type":"image\/webp"}],"twitter_card":"summary_large_image","twitter_misc":{"Cena":"&euro;989,00","Dostupnost":"Skladem"},"schema":{"@context":"https:\/\/schema.org","@graph":[{"@type":"WebPage","@id":"https:\/\/dosingpump.shop\/en\/product\/dosing-system-for-hydrogen-peroxide-200l\/","url":"https:\/\/dosingpump.shop\/en\/product\/dosing-system-for-hydrogen-peroxide-200l\/","name":"D\u00e1vkovac\u00ed syst\u00e9m pro peroxid vod\u00edku 200L | Dosing Pump Shop B.V.","isPartOf":{"@id":"https:\/\/dosingpump.shop\/de\/#website"},"primaryImageOfPage":{"@id":"https:\/\/dosingpump.shop\/en\/product\/dosing-system-for-hydrogen-peroxide-200l\/#primaryimage"},"image":{"@id":"https:\/\/dosingpump.shop\/en\/product\/dosing-system-for-hydrogen-peroxide-200l\/#primaryimage"},"thumbnailUrl":"https:\/\/dosingpump.shop\/wp-content\/uploads\/2024\/12\/waterstofperoxide-doseerinstallatie.webp","datePublished":"2024-12-05T12:22:55+00:00","dateModified":"2026-02-27T12:49:30+00:00","description":"Kompletn\u00ed d\u00e1vkovac\u00ed syst\u00e9m pro peroxid vod\u00edku 200 l se sac\u00ed lancetou a automatick\u00fdm odvzdu\u0161n\u011bn\u00edm. P\u0159esn\u00e9 a bezpe\u010dn\u00e9 d\u00e1vkov\u00e1n\u00ed H\u2082O\u2082. Jednoduch\u00e1 instalace.","breadcrumb":{"@id":"https:\/\/dosingpump.shop\/en\/product\/dosing-system-for-hydrogen-peroxide-200l\/#breadcrumb"},"inLanguage":"cs","potentialAction":[{"@type":"ReadAction","target":["https:\/\/dosingpump.shop\/en\/product\/dosing-system-for-hydrogen-peroxide-200l\/"]}]},{"@type":"ImageObject","inLanguage":"cs","@id":"https:\/\/dosingpump.shop\/en\/product\/dosing-system-for-hydrogen-peroxide-200l\/#primaryimage","url":"https:\/\/dosingpump.shop\/wp-content\/uploads\/2024\/12\/waterstofperoxide-doseerinstallatie.webp","contentUrl":"https:\/\/dosingpump.shop\/wp-content\/uploads\/2024\/12\/waterstofperoxide-doseerinstallatie.webp","width":500,"height":500},{"@type":"BreadcrumbList","@id":"https:\/\/dosingpump.shop\/en\/product\/dosing-system-for-hydrogen-peroxide-200l\/#breadcrumb","itemListElement":[{"@type":"ListItem","position":1,"name":"Home","item":"https:\/\/dosingpump.shop\/"},{"@type":"ListItem","position":2,"name":"Shop","item":"https:\/\/dosingpump.shop\/de\/shop\/"},{"@type":"ListItem","position":3,"name":"Doseersysteem voor waterstofperoxide 200L"}]},{"@type":"WebSite","@id":"https:\/\/dosingpump.shop\/de\/#website","url":"https:\/\/dosingpump.shop\/de\/","name":"Dosing Pump Shop B.V.","description":"","publisher":{"@id":"https:\/\/dosingpump.shop\/de\/#organization"},"potentialAction":[{"@type":"SearchAction","target":{"@type":"EntryPoint","urlTemplate":"https:\/\/dosingpump.shop\/de\/?s={search_term_string}"},"query-input":{"@type":"PropertyValueSpecification","valueRequired":true,"valueName":"search_term_string"}}],"inLanguage":"cs"},{"@type":"Organization","@id":"https:\/\/dosingpump.shop\/de\/#organization","name":"Dosing Pump Shop B.V.","url":"https:\/\/dosingpump.shop\/de\/","logo":{"@type":"ImageObject","inLanguage":"cs","@id":"https:\/\/dosingpump.shop\/de\/#\/schema\/logo\/image\/","url":"https:\/\/dosingpump.shop\/wp-content\/uploads\/2024\/10\/Dosing-Pump-Shop-logo.png","contentUrl":"https:\/\/dosingpump.shop\/wp-content\/uploads\/2024\/10\/Dosing-Pump-Shop-logo.png","width":350,"height":45,"caption":"Dosing Pump Shop B.V."},"image":{"@id":"https:\/\/dosingpump.shop\/de\/#\/schema\/logo\/image\/"},"sameAs":["https:\/\/linkedin.com\/company\/dosing-pump-shop"]}]},"product_price_amount":"989.00","product_price_currency":"EUR","og_availability":"instock","product_availability":"instock","product_retailer_item_id":"Dos-set-h202-compl-200","product_condition":"new"},"_links":{"self":[{"href":"https:\/\/dosingpump.shop\/cz\/wp-json\/wp\/v2\/product\/4422","targetHints":{"allow":["GET"]}}],"collection":[{"href":"https:\/\/dosingpump.shop\/cz\/wp-json\/wp\/v2\/product"}],"about":[{"href":"https:\/\/dosingpump.shop\/cz\/wp-json\/wp\/v2\/types\/product"}],"wp:featuredmedia":[{"embeddable":true,"href":"https:\/\/dosingpump.shop\/cz\/wp-json\/wp\/v2\/media\/4432"}],"wp:attachment":[{"href":"https:\/\/dosingpump.shop\/cz\/wp-json\/wp\/v2\/media?parent=4422"}],"wp:term":[{"taxonomy":"product_brand","embeddable":true,"href":"https:\/\/dosingpump.shop\/cz\/wp-json\/wp\/v2\/product_brand?post=4422"},{"taxonomy":"product_cat","embeddable":true,"href":"https:\/\/dosingpump.shop\/cz\/wp-json\/wp\/v2\/product_cat?post=4422"},{"taxonomy":"product_tag","embeddable":true,"href":"https:\/\/dosingpump.shop\/cz\/wp-json\/wp\/v2\/product_tag?post=4422"}],"curies":[{"name":"wp","href":"https:\/\/api.w.org\/{rel}","templated":true}]}}