{"id":4473,"date":"2024-12-05T12:23:02","date_gmt":"2024-12-05T12:23:02","guid":{"rendered":"https:\/\/dosingpump.shop\/?post_type=product&#038;p=4473"},"modified":"2026-02-27T14:49:32","modified_gmt":"2026-02-27T12:49:32","slug":"lasp4-v-4x6-40cm-obracena-uroven-cervena-2","status":"publish","type":"product","link":"https:\/\/dosingpump.shop\/cz\/product\/lasp4-v-4x6-40cm-inverted-level-red-2\/","title":{"rendered":"LASP4\/V 4X6 40CM OBR\u00c1CEN\u00c1 VODOV\u00c1HA \u010cERVEN\u00c1"},"content":{"rendered":"<h2><strong>Emec LASP4\/V Sac\u00ed kop\u00ed 40 cm<\/strong><\/h2>\n<p>V\u011bt\u0161ina d\u00e1vkovac\u00edch \u010derpadel Emec je dod\u00e1v\u00e1na s no\u017en\u00edm ventilem se sac\u00edm filtrem. To funguje dob\u0159e, ale jsou p\u0159\u00edpady, kdy sac\u00ed lano funguje l\u00e9pe nebo bezpe\u010dn\u011bji, nap\u0159\u00edklad p\u0159i p\u0159\u00edtomnosti m\u00edchadla nebo p\u0159i pou\u017eit\u00ed kanystru. Sac\u00ed kop\u00ed je plastov\u00e9 kop\u00ed z PVC nebo PVDF s filtrem a hladinov\u00fdm sp\u00edna\u010dem. V\u00fdb\u011brem spr\u00e1vn\u00e9 d\u00e9lky dos\u00e1hne sac\u00ed kop\u00ed dna sudu nebo IBC a s\u00e1n\u00ed \u010derpadla je pak p\u0159ipojeno k horn\u00ed \u010d\u00e1sti. Kdy\u017e je \u010derpadlo kompatibiln\u00ed, lze p\u0159ipojit hladinov\u00fd sp\u00edna\u010d. Ten vypne \u010derpadlo, kdy\u017e je n\u00e1doba pr\u00e1zdn\u00e1. Hled\u00e1te jinou verzi? Pak n\u00e1s kontaktujte a vy\u017e\u00e1dejte si cenovou nab\u00eddku. dal\u0161\u00ed technick\u00e9 informace? Pod\u00edvejte se na z\u00e1lo\u017eku Technick\u00e9 informace.<\/p>","protected":false},"excerpt":{"rendered":"<p>Sac\u00ed n\u00e1sada Emec pro d\u00e1vkovac\u00ed \u010derpadlo 40 cm. Materi\u00e1l PVC, O-krou\u017eek Fkm b<\/p>","protected":false},"featured_media":0,"template":"","meta":[],"product_brand":[],"product_cat":[87],"product_tag":[],"class_list":{"0":"post-4473","1":"product","2":"type-product","3":"status-publish","5":"product_cat-aanzuiglans-lasp4","7":"first","8":"instock","9":"taxable","10":"shipping-taxable","11":"purchasable","12":"product-type-simple"},"yoast_head":"<!-- This site is optimized with the Yoast SEO plugin v27.2 - https:\/\/yoast.com\/product\/yoast-seo-wordpress\/ -->\n<title>LASP4\/V 4X6 40CM INVERTED LEVEL RED | Dosing Pump Shop B.V.<\/title>\n<meta name=\"robots\" content=\"index, follow, max-snippet:-1, max-image-preview:large, max-video-preview:-1\" \/>\n<link rel=\"canonical\" href=\"https:\/\/dosingpump.shop\/cz\/produkt-2\/lasp4-v-4x6-40cm-obracena-uroven-cervena-2\/\" \/>\n<meta property=\"og:locale\" content=\"cs_CZ\" \/>\n<meta property=\"og:type\" content=\"article\" \/>\n<meta property=\"og:title\" content=\"LASP4\/V 4X6 40CM INVERTED LEVEL RED | Dosing Pump Shop B.V.\" \/>\n<meta property=\"og:description\" content=\"Emec Aanzuiglans voor doseerpomp 40cm. Materiaal PVC, O-ring Fkm b\" \/>\n<meta property=\"og:url\" content=\"https:\/\/dosingpump.shop\/cz\/produkt-2\/lasp4-v-4x6-40cm-obracena-uroven-cervena-2\/\" \/>\n<meta property=\"og:site_name\" content=\"Dosing Pump Shop B.V.\" \/>\n<meta property=\"article:modified_time\" content=\"2026-02-27T12:49:32+00:00\" \/>\n<meta name=\"twitter:card\" content=\"summary_large_image\" \/>\n<meta name=\"twitter:label1\" content=\"Cena\" \/>\n\t<meta name=\"twitter:data1\" content=\"&euro;135,00\" \/>\n\t<meta name=\"twitter:label2\" content=\"Dostupnost\" \/>\n\t<meta name=\"twitter:data2\" content=\"Skladem\" \/>\n<script type=\"application\/ld+json\" class=\"yoast-schema-graph\">{\"@context\":\"https:\/\/schema.org\",\"@graph\":[{\"@type\":\"WebPage\",\"@id\":\"https:\/\/dosingpump.shop\/product\/lasp4-v-4x6-40cm-inverted-level-red-2\/\",\"url\":\"https:\/\/dosingpump.shop\/product\/lasp4-v-4x6-40cm-inverted-level-red-2\/\",\"name\":\"LASP4\/V 4X6 40CM INVERTED LEVEL RED | Dosing Pump Shop B.V.\",\"isPartOf\":{\"@id\":\"https:\/\/dosingpump.shop\/de\/#website\"},\"datePublished\":\"2024-12-05T12:23:02+00:00\",\"dateModified\":\"2026-02-27T12:49:32+00:00\",\"breadcrumb\":{\"@id\":\"https:\/\/dosingpump.shop\/product\/lasp4-v-4x6-40cm-inverted-level-red-2\/#breadcrumb\"},\"inLanguage\":\"cs\",\"potentialAction\":[{\"@type\":\"ReadAction\",\"target\":[\"https:\/\/dosingpump.shop\/product\/lasp4-v-4x6-40cm-inverted-level-red-2\/\"]}]},{\"@type\":\"BreadcrumbList\",\"@id\":\"https:\/\/dosingpump.shop\/product\/lasp4-v-4x6-40cm-inverted-level-red-2\/#breadcrumb\",\"itemListElement\":[{\"@type\":\"ListItem\",\"position\":1,\"name\":\"Home\",\"item\":\"https:\/\/dosingpump.shop\/\"},{\"@type\":\"ListItem\",\"position\":2,\"name\":\"Shop\",\"item\":\"https:\/\/dosingpump.shop\/de\/shop\/\"},{\"@type\":\"ListItem\",\"position\":3,\"name\":\"LASP4\/V 4X6 40CM INVERTED LEVEL RED\"}]},{\"@type\":\"WebSite\",\"@id\":\"https:\/\/dosingpump.shop\/de\/#website\",\"url\":\"https:\/\/dosingpump.shop\/de\/\",\"name\":\"Dosing Pump Shop B.V.\",\"description\":\"\",\"publisher\":{\"@id\":\"https:\/\/dosingpump.shop\/de\/#organization\"},\"potentialAction\":[{\"@type\":\"SearchAction\",\"target\":{\"@type\":\"EntryPoint\",\"urlTemplate\":\"https:\/\/dosingpump.shop\/de\/?s={search_term_string}\"},\"query-input\":{\"@type\":\"PropertyValueSpecification\",\"valueRequired\":true,\"valueName\":\"search_term_string\"}}],\"inLanguage\":\"cs\"},{\"@type\":\"Organization\",\"@id\":\"https:\/\/dosingpump.shop\/de\/#organization\",\"name\":\"Dosing Pump Shop B.V.\",\"url\":\"https:\/\/dosingpump.shop\/de\/\",\"logo\":{\"@type\":\"ImageObject\",\"inLanguage\":\"cs\",\"@id\":\"https:\/\/dosingpump.shop\/de\/#\/schema\/logo\/image\/\",\"url\":\"https:\/\/dosingpump.shop\/wp-content\/uploads\/2024\/10\/Dosing-Pump-Shop-logo.png\",\"contentUrl\":\"https:\/\/dosingpump.shop\/wp-content\/uploads\/2024\/10\/Dosing-Pump-Shop-logo.png\",\"width\":350,\"height\":45,\"caption\":\"Dosing Pump Shop B.V.\"},\"image\":{\"@id\":\"https:\/\/dosingpump.shop\/de\/#\/schema\/logo\/image\/\"},\"sameAs\":[\"https:\/\/linkedin.com\/company\/dosing-pump-shop\"]}]}<\/script>\n<meta property=\"product:price:amount\" content=\"135.00\" \/>\n<meta property=\"product:price:currency\" content=\"EUR\" \/>\n<meta property=\"og:availability\" content=\"instock\" \/>\n<meta property=\"product:availability\" content=\"instock\" \/>\n<meta property=\"product:retailer_item_id\" content=\"LASP4V04031Z235000R\" \/>\n<meta property=\"product:condition\" content=\"new\" \/>\n<!-- \/ Yoast SEO plugin. -->","yoast_head_json":{"title":"LASP4\/V 4X6 40CM OBR\u00c1CEN\u00c1 \u00daROVE\u0147 \u010cERVEN\u00c1 | Dosing Pump Shop B.V.","robots":{"index":"index","follow":"follow","max-snippet":"max-snippet:-1","max-image-preview":"max-image-preview:large","max-video-preview":"max-video-preview:-1"},"canonical":"https:\/\/dosingpump.shop\/cz\/produkt-2\/lasp4-v-4x6-40cm-obracena-uroven-cervena-2\/","og_locale":"cs_CZ","og_type":"article","og_title":"LASP4\/V 4X6 40CM INVERTED LEVEL RED | Dosing Pump Shop B.V.","og_description":"Emec Aanzuiglans voor doseerpomp 40cm. Materiaal PVC, O-ring Fkm b","og_url":"https:\/\/dosingpump.shop\/cz\/produkt-2\/lasp4-v-4x6-40cm-obracena-uroven-cervena-2\/","og_site_name":"Dosing Pump Shop B.V.","article_modified_time":"2026-02-27T12:49:32+00:00","twitter_card":"summary_large_image","twitter_misc":{"Cena":"&euro;135,00","Dostupnost":"Skladem"},"schema":{"@context":"https:\/\/schema.org","@graph":[{"@type":"WebPage","@id":"https:\/\/dosingpump.shop\/product\/lasp4-v-4x6-40cm-inverted-level-red-2\/","url":"https:\/\/dosingpump.shop\/product\/lasp4-v-4x6-40cm-inverted-level-red-2\/","name":"LASP4\/V 4X6 40CM OBR\u00c1CEN\u00c1 \u00daROVE\u0147 \u010cERVEN\u00c1 | Dosing Pump Shop B.V.","isPartOf":{"@id":"https:\/\/dosingpump.shop\/de\/#website"},"datePublished":"2024-12-05T12:23:02+00:00","dateModified":"2026-02-27T12:49:32+00:00","breadcrumb":{"@id":"https:\/\/dosingpump.shop\/product\/lasp4-v-4x6-40cm-inverted-level-red-2\/#breadcrumb"},"inLanguage":"cs","potentialAction":[{"@type":"ReadAction","target":["https:\/\/dosingpump.shop\/product\/lasp4-v-4x6-40cm-inverted-level-red-2\/"]}]},{"@type":"BreadcrumbList","@id":"https:\/\/dosingpump.shop\/product\/lasp4-v-4x6-40cm-inverted-level-red-2\/#breadcrumb","itemListElement":[{"@type":"ListItem","position":1,"name":"Home","item":"https:\/\/dosingpump.shop\/"},{"@type":"ListItem","position":2,"name":"Shop","item":"https:\/\/dosingpump.shop\/de\/shop\/"},{"@type":"ListItem","position":3,"name":"LASP4\/V 4X6 40CM INVERTED LEVEL RED"}]},{"@type":"WebSite","@id":"https:\/\/dosingpump.shop\/de\/#website","url":"https:\/\/dosingpump.shop\/de\/","name":"Dosing Pump Shop B.V.","description":"","publisher":{"@id":"https:\/\/dosingpump.shop\/de\/#organization"},"potentialAction":[{"@type":"SearchAction","target":{"@type":"EntryPoint","urlTemplate":"https:\/\/dosingpump.shop\/de\/?s={search_term_string}"},"query-input":{"@type":"PropertyValueSpecification","valueRequired":true,"valueName":"search_term_string"}}],"inLanguage":"cs"},{"@type":"Organization","@id":"https:\/\/dosingpump.shop\/de\/#organization","name":"Dosing Pump Shop B.V.","url":"https:\/\/dosingpump.shop\/de\/","logo":{"@type":"ImageObject","inLanguage":"cs","@id":"https:\/\/dosingpump.shop\/de\/#\/schema\/logo\/image\/","url":"https:\/\/dosingpump.shop\/wp-content\/uploads\/2024\/10\/Dosing-Pump-Shop-logo.png","contentUrl":"https:\/\/dosingpump.shop\/wp-content\/uploads\/2024\/10\/Dosing-Pump-Shop-logo.png","width":350,"height":45,"caption":"Dosing Pump Shop B.V."},"image":{"@id":"https:\/\/dosingpump.shop\/de\/#\/schema\/logo\/image\/"},"sameAs":["https:\/\/linkedin.com\/company\/dosing-pump-shop"]}]},"product_price_amount":"135.00","product_price_currency":"EUR","og_availability":"instock","product_availability":"instock","product_retailer_item_id":"LASP4V04031Z235000R","product_condition":"new"},"_links":{"self":[{"href":"https:\/\/dosingpump.shop\/cz\/wp-json\/wp\/v2\/product\/4473","targetHints":{"allow":["GET"]}}],"collection":[{"href":"https:\/\/dosingpump.shop\/cz\/wp-json\/wp\/v2\/product"}],"about":[{"href":"https:\/\/dosingpump.shop\/cz\/wp-json\/wp\/v2\/types\/product"}],"wp:attachment":[{"href":"https:\/\/dosingpump.shop\/cz\/wp-json\/wp\/v2\/media?parent=4473"}],"wp:term":[{"taxonomy":"product_brand","embeddable":true,"href":"https:\/\/dosingpump.shop\/cz\/wp-json\/wp\/v2\/product_brand?post=4473"},{"taxonomy":"product_cat","embeddable":true,"href":"https:\/\/dosingpump.shop\/cz\/wp-json\/wp\/v2\/product_cat?post=4473"},{"taxonomy":"product_tag","embeddable":true,"href":"https:\/\/dosingpump.shop\/cz\/wp-json\/wp\/v2\/product_tag?post=4473"}],"curies":[{"name":"wp","href":"https:\/\/api.w.org\/{rel}","templated":true}]}}