{"id":4963,"date":"2024-12-05T12:24:02","date_gmt":"2024-12-05T12:24:02","guid":{"rendered":"https:\/\/dosingpump.shop\/product\/doseerpomp-voor-water-gedestilleerd\/"},"modified":"2026-02-27T14:49:55","modified_gmt":"2026-02-27T12:49:55","slug":"davkovaci-cerpadlo-pro-destilovanou-vodu","status":"publish","type":"product","link":"https:\/\/dosingpump.shop\/cz\/product\/doseerpomp-voor-water-gedestilleerd\/","title":{"rendered":"D\u00e1vkovac\u00ed \u010derpadlo na destilovanou vodu"},"content":{"rendered":"<h2>D\u00e1vkovac\u00ed \u010derpadlo na destilovanou vodu<\/h2>\n<p>Toto vysoce kvalitn\u00ed d\u00e1vkovac\u00ed \u010derpadlo Emec je vhodn\u00e9 pro d\u00e1vkov\u00e1n\u00ed vody, destilovan\u00e9. Toto \u010derpadlo jsme vybrali pro dobrou odolnost materi\u00e1l\u016f pou\u017eit\u00fdch pro tento v\u00fdrobek. To zaru\u010duje <b>dlouh\u00e1 \u017eivotnost<\/b> a bezpe\u010dn\u00e9 pracovn\u00ed prost\u0159ed\u00ed.<\/p>\n<p>D\u00e1vkovac\u00ed \u010derpadlo KCL plus 08-08 je vybaveno <b>nastaviteln\u00fd zdvihov\u00fd objem a nastaviteln\u00e1 frekvence zdvihu<\/b>. Toto chemick\u00e9 \u010derpadlo je tedy <b>velmi p\u0159esn\u00e9 nastaven\u00ed<\/b>.<\/p>\n<p>\u010cerpadlo se dod\u00e1v\u00e1 velmi kompletn\u00ed. Sou\u010d\u00e1st\u00ed dod\u00e1vky je tedy sac\u00ed filtr a vst\u0159ikovac\u00ed ventil.<\/p>\n<p>KCL plus 08-08 m\u016f\u017ee d\u00e1vkovat a\u017e 8 litr\u016f za hodinu p\u0159i tlaku 8 bar\u016f. \u010cerpadlo je manu\u00e1ln\u011b nastaviteln\u00e9 a voliteln\u011b m\u016f\u017ee b\u00fdt ovl\u00e1d\u00e1no prost\u0159ednictv\u00edm nap\u00e1jec\u00edho nap\u011bt\u00ed 230 V. K dispozici jsou samoz\u0159ejm\u011b i dal\u0161\u00ed modely d\u00e1vkovac\u00edch \u010derpadel.<\/p>\n<h3>Dal\u0161\u00ed verze D\u00e1vkovac\u00ed \u010derpadlo pro destilovanou vodu<\/h3>\n<p>Toto d\u00e1vkovac\u00ed \u010derpadlo je k dispozici v r\u016fzn\u00fdch verz\u00edch. Nap\u0159\u00edklad je mo\u017en\u00e9 dodat verzi MF, kter\u00e1 m\u016f\u017ee b\u00fdt \u0159\u00edzena pomoc\u00ed 4-20 mA, pulzn\u011b nebo 0-10V. Probl\u00e9mem nen\u00ed ani vy\u0161\u0161\u00ed pr\u016ftok. Je mo\u017en\u00e9 dodat \u010derpadlo, kter\u00e9 m\u016f\u017ee \u0159\u00eddit a\u017e <b>1 000 litr\u016f za hodinu<\/b> m\u016f\u017ee d\u00e1vkovat. Z hlediska tlaku nebo nap\u00e1jec\u00edho nap\u011bt\u00ed je samoz\u0159ejm\u011b tak\u00e9 v\u00edce mo\u017enost\u00ed.<\/p>\n<h3>Jak\u00e9 materi\u00e1ly doporu\u010dujeme pro d\u00e1vkov\u00e1n\u00ed Voda, destilovan\u00e1?<\/h3>\n<p>Ve spole\u010dnosti Dosing Pump Shop m\u00e1me \u0161irokou nab\u00eddku d\u00edl\u016f d\u00e1vkovac\u00edch \u010derpadel z r\u016fzn\u00fdch materi\u00e1l\u016f, tak\u017ee m\u016f\u017eeme p\u0159izp\u016fsobit jak\u00e9koliv d\u00e1vkovac\u00ed \u010derpadlo spr\u00e1vn\u00e9mu odporu. Pro d\u00e1vkov\u00e1n\u00ed acetaldehydu doporu\u010dujeme n\u00e1sleduj\u00edc\u00ed d\u00edly a materi\u00e1ly:<\/p>\n<p><b>Hlava \u010derpadla<\/b><\/p>\n<ul>\n<li>PVDF<\/li>\n<li>PP<\/li>\n<li>Nerezov\u00e1 ocel (SS 316)<\/li>\n<li>PMMA<\/li>\n<\/ul>\n<p><b>O-krou\u017eek<\/b><\/p>\n<ul>\n<li>FPM (Viton)<\/li>\n<li>EPDM<\/li>\n<\/ul>\n<p><b>Membr\u00e1na<\/b><\/p>\n<ul>\n<li>PFTE (teflon)<\/li>\n<\/ul>\n<p><b>D\u00e1vkovac\u00ed hadice<\/b><\/p>\n<ul>\n<li>PE<\/li>\n<li>PVC<\/li>\n<li>PVDF<\/li>\n<\/ul>\n<p><em>D\u00edly s omezenou odolnost\u00ed v\u016f\u010di acetaldehydu jsou odoln\u00e9, ale m\u011bjte na pam\u011bti, \u017ee pak budete muset tento d\u00edl pravideln\u011bji vym\u011b\u0148ovat.<\/em><\/p>\n<h3>Zaj\u00edmaj\u00ed v\u00e1s mo\u017enosti?<\/h3>\n<p>Nejpohodln\u011bj\u0161\u00edm zp\u016fsobem je kontaktovat v\u00e1s. Pot\u00e9 v\u00e1m m\u016f\u017eeme p\u0159elo\u017eit va\u0161e po\u017eadavky, abychom dosp\u011bli ke spr\u00e1vn\u00e9mu d\u00e1vkovac\u00edmu \u010derpadlu pro Voda, destilovan\u00e1!<\/p>","protected":false},"excerpt":{"rendered":"<p>Pro bezpe\u010dn\u00e9 a p\u0159esn\u00e9 d\u00e1vkov\u00e1n\u00ed destilovan\u00e9 vody (H2O).Od p\u0159esn\u00fdch d\u00e1vkovac\u00edch aplikac\u00ed (10 ml\/hod) a\u017e po velk\u00e9 aplikace a\u017e do 1000 litr\u016f za hodinu (v z\u00e1vislosti na verzi).<\/p>\n<p>Verze: K CL PLUS 08-08 nebo podobn\u00e9.<br \/>Pot\u0159ebujete jinou verzi? Po\u017e\u00e1dejte o cenovou nab\u00eddku!<\/p>","protected":false},"featured_media":4072,"template":"","meta":[],"product_brand":[],"product_cat":[94],"product_tag":[],"class_list":{"0":"post-4963","1":"product","2":"type-product","3":"status-publish","4":"has-post-thumbnail","6":"product_cat-chemical-compatibility","8":"first","9":"instock","10":"taxable","11":"shipping-taxable","12":"purchasable","13":"product-type-simple"},"yoast_head":"<!-- This site is optimized with the Yoast SEO plugin v27.2 - https:\/\/yoast.com\/product\/yoast-seo-wordpress\/ -->\n<title>Doseerpomp voor Water, gedestilleerd | Dosing Pump Shop B.V.<\/title>\n<meta name=\"description\" content=\"Nauwkeurige en betrouwbare Doseerpomp voor Water, gedestilleerd voor diverse industri\u00eble toepassingen. Eenvoudige installatie en onderhoud.\" \/>\n<meta name=\"robots\" content=\"index, follow, max-snippet:-1, max-image-preview:large, max-video-preview:-1\" \/>\n<link rel=\"canonical\" href=\"https:\/\/dosingpump.shop\/cz\/produkt-2\/davkovaci-cerpadlo-pro-destilovanou-vodu\/\" \/>\n<meta property=\"og:locale\" content=\"cs_CZ\" \/>\n<meta property=\"og:type\" content=\"article\" \/>\n<meta property=\"og:title\" content=\"Doseerpomp voor Water, gedestilleerd | Dosing Pump Shop B.V.\" \/>\n<meta property=\"og:description\" content=\"Nauwkeurige en betrouwbare Doseerpomp voor Water, gedestilleerd voor diverse industri\u00eble toepassingen. Eenvoudige installatie en onderhoud.\" \/>\n<meta property=\"og:url\" content=\"https:\/\/dosingpump.shop\/cz\/produkt-2\/davkovaci-cerpadlo-pro-destilovanou-vodu\/\" \/>\n<meta property=\"og:site_name\" content=\"Dosing Pump Shop B.V.\" \/>\n<meta property=\"article:modified_time\" content=\"2026-02-27T12:49:55+00:00\" \/>\n<meta property=\"og:image\" content=\"https:\/\/dosingpump.shop\/wp-content\/uploads\/2024\/12\/EMEC-K-SERIE-ANALOG-dosing-pump.webp\" \/>\n\t<meta property=\"og:image:width\" content=\"498\" \/>\n\t<meta property=\"og:image:height\" content=\"501\" \/>\n\t<meta property=\"og:image:type\" content=\"image\/webp\" \/>\n<meta name=\"twitter:card\" content=\"summary_large_image\" \/>\n<meta name=\"twitter:label1\" content=\"Cena\" \/>\n\t<meta name=\"twitter:data1\" content=\"&euro;459,00\" \/>\n\t<meta name=\"twitter:label2\" content=\"Dostupnost\" \/>\n\t<meta name=\"twitter:data2\" content=\"Skladem\" \/>\n<script type=\"application\/ld+json\" class=\"yoast-schema-graph\">{\"@context\":\"https:\/\/schema.org\",\"@graph\":[{\"@type\":\"WebPage\",\"@id\":\"https:\/\/dosingpump.shop\/pl\/produkt-2\/pompa-dozujaca-do-wody-destylowanej\/\",\"url\":\"https:\/\/dosingpump.shop\/pl\/produkt-2\/pompa-dozujaca-do-wody-destylowanej\/\",\"name\":\"Doseerpomp voor Water, gedestilleerd | Dosing Pump Shop B.V.\",\"isPartOf\":{\"@id\":\"https:\/\/dosingpump.shop\/de\/#website\"},\"primaryImageOfPage\":{\"@id\":\"https:\/\/dosingpump.shop\/pl\/produkt-2\/pompa-dozujaca-do-wody-destylowanej\/#primaryimage\"},\"image\":{\"@id\":\"https:\/\/dosingpump.shop\/pl\/produkt-2\/pompa-dozujaca-do-wody-destylowanej\/#primaryimage\"},\"thumbnailUrl\":\"https:\/\/dosingpump.shop\/wp-content\/uploads\/2024\/12\/EMEC-K-SERIE-ANALOG-dosing-pump.webp\",\"datePublished\":\"2024-12-05T12:24:02+00:00\",\"dateModified\":\"2026-02-27T12:49:55+00:00\",\"description\":\"Nauwkeurige en betrouwbare Doseerpomp voor Water, gedestilleerd voor diverse industri\u00eble toepassingen. Eenvoudige installatie en onderhoud.\",\"breadcrumb\":{\"@id\":\"https:\/\/dosingpump.shop\/pl\/produkt-2\/pompa-dozujaca-do-wody-destylowanej\/#breadcrumb\"},\"inLanguage\":\"cs\",\"potentialAction\":[{\"@type\":\"ReadAction\",\"target\":[\"https:\/\/dosingpump.shop\/pl\/produkt-2\/pompa-dozujaca-do-wody-destylowanej\/\"]}]},{\"@type\":\"ImageObject\",\"inLanguage\":\"cs\",\"@id\":\"https:\/\/dosingpump.shop\/pl\/produkt-2\/pompa-dozujaca-do-wody-destylowanej\/#primaryimage\",\"url\":\"https:\/\/dosingpump.shop\/wp-content\/uploads\/2024\/12\/EMEC-K-SERIE-ANALOG-dosing-pump.webp\",\"contentUrl\":\"https:\/\/dosingpump.shop\/wp-content\/uploads\/2024\/12\/EMEC-K-SERIE-ANALOG-dosing-pump.webp\",\"width\":498,\"height\":501},{\"@type\":\"BreadcrumbList\",\"@id\":\"https:\/\/dosingpump.shop\/pl\/produkt-2\/pompa-dozujaca-do-wody-destylowanej\/#breadcrumb\",\"itemListElement\":[{\"@type\":\"ListItem\",\"position\":1,\"name\":\"Home\",\"item\":\"https:\/\/dosingpump.shop\/\"},{\"@type\":\"ListItem\",\"position\":2,\"name\":\"Shop\",\"item\":\"https:\/\/dosingpump.shop\/de\/shop\/\"},{\"@type\":\"ListItem\",\"position\":3,\"name\":\"Doseerpomp voor Water, gedestilleerd\"}]},{\"@type\":\"WebSite\",\"@id\":\"https:\/\/dosingpump.shop\/de\/#website\",\"url\":\"https:\/\/dosingpump.shop\/de\/\",\"name\":\"Dosing Pump Shop B.V.\",\"description\":\"\",\"publisher\":{\"@id\":\"https:\/\/dosingpump.shop\/de\/#organization\"},\"potentialAction\":[{\"@type\":\"SearchAction\",\"target\":{\"@type\":\"EntryPoint\",\"urlTemplate\":\"https:\/\/dosingpump.shop\/de\/?s={search_term_string}\"},\"query-input\":{\"@type\":\"PropertyValueSpecification\",\"valueRequired\":true,\"valueName\":\"search_term_string\"}}],\"inLanguage\":\"cs\"},{\"@type\":\"Organization\",\"@id\":\"https:\/\/dosingpump.shop\/de\/#organization\",\"name\":\"Dosing Pump Shop B.V.\",\"url\":\"https:\/\/dosingpump.shop\/de\/\",\"logo\":{\"@type\":\"ImageObject\",\"inLanguage\":\"cs\",\"@id\":\"https:\/\/dosingpump.shop\/de\/#\/schema\/logo\/image\/\",\"url\":\"https:\/\/dosingpump.shop\/wp-content\/uploads\/2024\/10\/Dosing-Pump-Shop-logo.png\",\"contentUrl\":\"https:\/\/dosingpump.shop\/wp-content\/uploads\/2024\/10\/Dosing-Pump-Shop-logo.png\",\"width\":350,\"height\":45,\"caption\":\"Dosing Pump Shop B.V.\"},\"image\":{\"@id\":\"https:\/\/dosingpump.shop\/de\/#\/schema\/logo\/image\/\"},\"sameAs\":[\"https:\/\/linkedin.com\/company\/dosing-pump-shop\"]}]}<\/script>\n<meta property=\"product:price:amount\" content=\"459.00\" \/>\n<meta property=\"product:price:currency\" content=\"EUR\" \/>\n<meta property=\"og:availability\" content=\"instock\" \/>\n<meta property=\"product:availability\" content=\"instock\" \/>\n<meta property=\"product:retailer_item_id\" content=\"Water, gedestilleerd\" \/>\n<meta property=\"product:condition\" content=\"new\" \/>\n<!-- \/ Yoast SEO plugin. -->","yoast_head_json":{"title":"D\u00e1vkovac\u00ed \u010derpadlo na destilovanou vodu | Dosing Pump Shop B.V.","description":"P\u0159esn\u00e9 a spolehliv\u00e9 d\u00e1vkovac\u00ed \u010derpadlo na vodu, destilovanou pro r\u016fzn\u00e9 pr\u016fmyslov\u00e9 aplikace. Snadn\u00e1 instalace a \u00fadr\u017eba.","robots":{"index":"index","follow":"follow","max-snippet":"max-snippet:-1","max-image-preview":"max-image-preview:large","max-video-preview":"max-video-preview:-1"},"canonical":"https:\/\/dosingpump.shop\/cz\/produkt-2\/davkovaci-cerpadlo-pro-destilovanou-vodu\/","og_locale":"cs_CZ","og_type":"article","og_title":"Doseerpomp voor Water, gedestilleerd | Dosing Pump Shop B.V.","og_description":"Nauwkeurige en betrouwbare Doseerpomp voor Water, gedestilleerd voor diverse industri\u00eble toepassingen. Eenvoudige installatie en onderhoud.","og_url":"https:\/\/dosingpump.shop\/cz\/produkt-2\/davkovaci-cerpadlo-pro-destilovanou-vodu\/","og_site_name":"Dosing Pump Shop B.V.","article_modified_time":"2026-02-27T12:49:55+00:00","og_image":[{"width":498,"height":501,"url":"https:\/\/dosingpump.shop\/wp-content\/uploads\/2024\/12\/EMEC-K-SERIE-ANALOG-dosing-pump.webp","type":"image\/webp"}],"twitter_card":"summary_large_image","twitter_misc":{"Cena":"&euro;459,00","Dostupnost":"Skladem"},"schema":{"@context":"https:\/\/schema.org","@graph":[{"@type":"WebPage","@id":"https:\/\/dosingpump.shop\/pl\/produkt-2\/pompa-dozujaca-do-wody-destylowanej\/","url":"https:\/\/dosingpump.shop\/pl\/produkt-2\/pompa-dozujaca-do-wody-destylowanej\/","name":"D\u00e1vkovac\u00ed \u010derpadlo na destilovanou vodu | Dosing Pump Shop B.V.","isPartOf":{"@id":"https:\/\/dosingpump.shop\/de\/#website"},"primaryImageOfPage":{"@id":"https:\/\/dosingpump.shop\/pl\/produkt-2\/pompa-dozujaca-do-wody-destylowanej\/#primaryimage"},"image":{"@id":"https:\/\/dosingpump.shop\/pl\/produkt-2\/pompa-dozujaca-do-wody-destylowanej\/#primaryimage"},"thumbnailUrl":"https:\/\/dosingpump.shop\/wp-content\/uploads\/2024\/12\/EMEC-K-SERIE-ANALOG-dosing-pump.webp","datePublished":"2024-12-05T12:24:02+00:00","dateModified":"2026-02-27T12:49:55+00:00","description":"P\u0159esn\u00e9 a spolehliv\u00e9 d\u00e1vkovac\u00ed \u010derpadlo na vodu, destilovanou pro r\u016fzn\u00e9 pr\u016fmyslov\u00e9 aplikace. Snadn\u00e1 instalace a \u00fadr\u017eba.","breadcrumb":{"@id":"https:\/\/dosingpump.shop\/pl\/produkt-2\/pompa-dozujaca-do-wody-destylowanej\/#breadcrumb"},"inLanguage":"cs","potentialAction":[{"@type":"ReadAction","target":["https:\/\/dosingpump.shop\/pl\/produkt-2\/pompa-dozujaca-do-wody-destylowanej\/"]}]},{"@type":"ImageObject","inLanguage":"cs","@id":"https:\/\/dosingpump.shop\/pl\/produkt-2\/pompa-dozujaca-do-wody-destylowanej\/#primaryimage","url":"https:\/\/dosingpump.shop\/wp-content\/uploads\/2024\/12\/EMEC-K-SERIE-ANALOG-dosing-pump.webp","contentUrl":"https:\/\/dosingpump.shop\/wp-content\/uploads\/2024\/12\/EMEC-K-SERIE-ANALOG-dosing-pump.webp","width":498,"height":501},{"@type":"BreadcrumbList","@id":"https:\/\/dosingpump.shop\/pl\/produkt-2\/pompa-dozujaca-do-wody-destylowanej\/#breadcrumb","itemListElement":[{"@type":"ListItem","position":1,"name":"Home","item":"https:\/\/dosingpump.shop\/"},{"@type":"ListItem","position":2,"name":"Shop","item":"https:\/\/dosingpump.shop\/de\/shop\/"},{"@type":"ListItem","position":3,"name":"Doseerpomp voor Water, gedestilleerd"}]},{"@type":"WebSite","@id":"https:\/\/dosingpump.shop\/de\/#website","url":"https:\/\/dosingpump.shop\/de\/","name":"Dosing Pump Shop B.V.","description":"","publisher":{"@id":"https:\/\/dosingpump.shop\/de\/#organization"},"potentialAction":[{"@type":"SearchAction","target":{"@type":"EntryPoint","urlTemplate":"https:\/\/dosingpump.shop\/de\/?s={search_term_string}"},"query-input":{"@type":"PropertyValueSpecification","valueRequired":true,"valueName":"search_term_string"}}],"inLanguage":"cs"},{"@type":"Organization","@id":"https:\/\/dosingpump.shop\/de\/#organization","name":"Dosing Pump Shop B.V.","url":"https:\/\/dosingpump.shop\/de\/","logo":{"@type":"ImageObject","inLanguage":"cs","@id":"https:\/\/dosingpump.shop\/de\/#\/schema\/logo\/image\/","url":"https:\/\/dosingpump.shop\/wp-content\/uploads\/2024\/10\/Dosing-Pump-Shop-logo.png","contentUrl":"https:\/\/dosingpump.shop\/wp-content\/uploads\/2024\/10\/Dosing-Pump-Shop-logo.png","width":350,"height":45,"caption":"Dosing Pump Shop B.V."},"image":{"@id":"https:\/\/dosingpump.shop\/de\/#\/schema\/logo\/image\/"},"sameAs":["https:\/\/linkedin.com\/company\/dosing-pump-shop"]}]},"product_price_amount":"459.00","product_price_currency":"EUR","og_availability":"instock","product_availability":"instock","product_retailer_item_id":"Water, gedestilleerd","product_condition":"new"},"_links":{"self":[{"href":"https:\/\/dosingpump.shop\/cz\/wp-json\/wp\/v2\/product\/4963","targetHints":{"allow":["GET"]}}],"collection":[{"href":"https:\/\/dosingpump.shop\/cz\/wp-json\/wp\/v2\/product"}],"about":[{"href":"https:\/\/dosingpump.shop\/cz\/wp-json\/wp\/v2\/types\/product"}],"wp:featuredmedia":[{"embeddable":true,"href":"https:\/\/dosingpump.shop\/cz\/wp-json\/wp\/v2\/media\/4072"}],"wp:attachment":[{"href":"https:\/\/dosingpump.shop\/cz\/wp-json\/wp\/v2\/media?parent=4963"}],"wp:term":[{"taxonomy":"product_brand","embeddable":true,"href":"https:\/\/dosingpump.shop\/cz\/wp-json\/wp\/v2\/product_brand?post=4963"},{"taxonomy":"product_cat","embeddable":true,"href":"https:\/\/dosingpump.shop\/cz\/wp-json\/wp\/v2\/product_cat?post=4963"},{"taxonomy":"product_tag","embeddable":true,"href":"https:\/\/dosingpump.shop\/cz\/wp-json\/wp\/v2\/product_tag?post=4963"}],"curies":[{"name":"wp","href":"https:\/\/api.w.org\/{rel}","templated":true}]}}