{"id":5996,"date":"2025-01-22T10:33:48","date_gmt":"2025-01-22T10:33:48","guid":{"rendered":"https:\/\/dosingpump.shop\/product\/doseerinstallatie-voor-ammoniumfluoride\/"},"modified":"2026-02-27T14:49:58","modified_gmt":"2026-02-27T12:49:58","slug":"davkovaci-jednotka-pro-fluorid-amonny","status":"publish","type":"product","link":"https:\/\/dosingpump.shop\/cz\/product\/doseerinstallatie-voor-ammoniumfluoride\/","title":{"rendered":"D\u00e1vkovac\u00ed za\u0159\u00edzen\u00ed fluoridu amonn\u00e9ho"},"content":{"rendered":"<h3>D\u00e1vkovac\u00ed jednotka fluoridu amonn\u00e9ho - 50 litr\u016f<\/h3>\n<p>S t\u00edmto d\u00e1vkovac\u00edm syst\u00e9mem pro fluorid amonn\u00fd (NH4F) m\u00e1te v\u0161e, co pot\u0159ebujete k bezpe\u010dn\u00e9mu a \u00fa\u010dinn\u00e9mu d\u00e1vkov\u00e1n\u00ed fluoridu amonn\u00e9ho. Samoz\u0159ejm\u011b jsme mysleli na chemickou odolnost, tak\u017ee jednotliv\u00e9 komponenty vydr\u017e\u00ed velmi dlouho.<\/p>\n<p>Objem n\u00e1dr\u017ee je standardn\u011b 50 litr\u016f. N\u00e1dr\u017e je vybavena sac\u00ed lanovkou, kter\u00e1 je p\u0159ipojena k d\u00e1vkovac\u00edmu \u010derpadlu. Sac\u00ed kop\u00ed m\u00e1 hladinov\u00fd kontakt, kter\u00fd vypne \u010derpadlo, kdy\u017e je n\u00e1dr\u017e pr\u00e1zdn\u00e1. To je v\u00fdhodn\u00e9, proto\u017ee to zabra\u0148uje vniknut\u00ed vzduchu do potrub\u00ed. D\u00e1vkovac\u00ed \u010derpadlo lze namontovat na n\u00e1dr\u017e. Sou\u010d\u00e1sti tohoto syst\u00e9mu se dod\u00e1vaj\u00ed samostatn\u011b. Mont\u00e1\u017e je snadn\u00e1 a my v\u00e1m p\u0159i n\u00ed samoz\u0159ejm\u011b pom\u016f\u017eeme.<\/p>\n<h3>Obsah D\u00e1vkovac\u00ed jednotka fluoridu amonn\u00e9ho<\/h3>\n<ul>\n<li>N\u00e1dr\u017e o objemu 50 litr\u016f, vhodn\u00e1 pro fluorid amonn\u00fd.<\/li>\n<li>D\u00e1vkovac\u00ed \u010derpadlo Emec K CL PLUS 08-08 (8 l\/hod - 8 bar) s nastavitelnou d\u00e9lkou zdvihu a frekvenc\u00ed.<\/li>\n<li>sac\u00ed n\u00e1sada s regulac\u00ed hladiny<\/li>\n<li>Vst\u0159ikovac\u00ed ventil a d\u00e1vkovac\u00ed hadice<\/li>\n<\/ul>\n<p>Pro tento syst\u00e9m d\u00e1vkov\u00e1n\u00ed chloru <b>voliteln\u00e9<\/b> k dispozici:<\/p>\n<ul>\n<li>V\u011bt\u0161\u00ed n\u00e1dr\u017e je k dispozici od: 100, 200, 500 nebo 1 000 litr\u016f.<\/li>\n<li>Kapacita a\u017e 80 litr\u016f za hodinu, pro \u010derpadla um\u00edst\u011bn\u00e1 p\u0159\u00edmo na n\u00e1dr\u017ei.<\/li>\n<li>Kapacita a\u017e 1 000 litr\u016f za hodinu, pro \u010derpadla um\u00edst\u011bn\u00e1 u st\u011bny nad n\u00e1dr\u017e\u00ed.<\/li>\n<li>\u0158\u00edzen\u00ed 4-20 mA<\/li>\n<li>Plnic\u00ed \u010derpadlo n\u00e1dr\u017ee<\/li>\n<li>M\u00edchadlo (ru\u010dn\u00ed nebo automatick\u00e9)<\/li>\n<li>Vhodn\u00e1 odkap\u00e1vac\u00ed miska<\/li>\n<li>Kompletn\u011b smontovan\u00e1 dod\u00e1vka<\/li>\n<\/ul>","protected":false},"excerpt":{"rendered":"<p>Kompletn\u00ed d\u00e1vkovac\u00ed syst\u00e9m pro fluorid amonn\u00fd v\u010detn\u011b n\u00e1dr\u017ee, sac\u00edho kop\u00ed a d\u00e1vkovac\u00edho \u010derpadla. Objem 50 litr\u016f.<\/p>","protected":false},"featured_media":4432,"template":"","meta":[],"product_brand":[],"product_cat":[123],"product_tag":[],"class_list":{"0":"post-5996","1":"product","2":"type-product","3":"status-publish","4":"has-post-thumbnail","6":"product_cat-doseerinstallaties-voor-chemicalien","8":"first","9":"instock","10":"taxable","11":"shipping-taxable","12":"purchasable","13":"product-type-simple"},"yoast_head":"<!-- This site is optimized with the Yoast SEO plugin v27.2 - https:\/\/yoast.com\/product\/yoast-seo-wordpress\/ -->\n<title>Doseerinstallatie voor Ammoniumfluoride | Dosing Pump Shop B.V.<\/title>\n<meta name=\"description\" content=\"Complete Doseerinstallatie voor Ammoniumfluoride incl. tank, aanzuiglans en doseerpomp. Inhoud: 50 liter.\" \/>\n<meta name=\"robots\" content=\"index, follow, max-snippet:-1, max-image-preview:large, max-video-preview:-1\" \/>\n<link rel=\"canonical\" href=\"https:\/\/dosingpump.shop\/cz\/produkt-2\/davkovaci-jednotka-pro-fluorid-amonny\/\" \/>\n<meta property=\"og:locale\" content=\"cs_CZ\" \/>\n<meta property=\"og:type\" content=\"article\" \/>\n<meta property=\"og:title\" content=\"Doseerinstallatie voor Ammoniumfluoride | Dosing Pump Shop B.V.\" \/>\n<meta property=\"og:description\" content=\"Complete Doseerinstallatie voor Ammoniumfluoride incl. tank, aanzuiglans en doseerpomp. Inhoud: 50 liter.\" \/>\n<meta property=\"og:url\" content=\"https:\/\/dosingpump.shop\/cz\/produkt-2\/davkovaci-jednotka-pro-fluorid-amonny\/\" \/>\n<meta property=\"og:site_name\" content=\"Dosing Pump Shop B.V.\" \/>\n<meta property=\"article:modified_time\" content=\"2026-02-27T12:49:58+00:00\" \/>\n<meta property=\"og:image\" content=\"https:\/\/dosingpump.shop\/wp-content\/uploads\/2024\/12\/waterstofperoxide-doseerinstallatie.webp\" \/>\n\t<meta property=\"og:image:width\" content=\"500\" \/>\n\t<meta property=\"og:image:height\" content=\"500\" \/>\n\t<meta property=\"og:image:type\" content=\"image\/webp\" \/>\n<meta name=\"twitter:card\" content=\"summary_large_image\" \/>\n<meta name=\"twitter:label1\" content=\"Cena\" \/>\n\t<meta name=\"twitter:data1\" content=\"&euro;757,00\" \/>\n\t<meta name=\"twitter:label2\" content=\"Dostupnost\" \/>\n\t<meta name=\"twitter:data2\" content=\"Skladem\" \/>\n<script type=\"application\/ld+json\" class=\"yoast-schema-graph\">{\"@context\":\"https:\/\/schema.org\",\"@graph\":[{\"@type\":\"WebPage\",\"@id\":\"https:\/\/dosingpump.shop\/fr\/produit\/unite-de-dosage-pour-le-fluorure-dammonium\/\",\"url\":\"https:\/\/dosingpump.shop\/fr\/produit\/unite-de-dosage-pour-le-fluorure-dammonium\/\",\"name\":\"Doseerinstallatie voor Ammoniumfluoride | Dosing Pump Shop B.V.\",\"isPartOf\":{\"@id\":\"https:\/\/dosingpump.shop\/de\/#website\"},\"primaryImageOfPage\":{\"@id\":\"https:\/\/dosingpump.shop\/fr\/produit\/unite-de-dosage-pour-le-fluorure-dammonium\/#primaryimage\"},\"image\":{\"@id\":\"https:\/\/dosingpump.shop\/fr\/produit\/unite-de-dosage-pour-le-fluorure-dammonium\/#primaryimage\"},\"thumbnailUrl\":\"https:\/\/dosingpump.shop\/wp-content\/uploads\/2024\/12\/waterstofperoxide-doseerinstallatie.webp\",\"datePublished\":\"2025-01-22T10:33:48+00:00\",\"dateModified\":\"2026-02-27T12:49:58+00:00\",\"description\":\"Complete Doseerinstallatie voor Ammoniumfluoride incl. tank, aanzuiglans en doseerpomp. Inhoud: 50 liter.\",\"breadcrumb\":{\"@id\":\"https:\/\/dosingpump.shop\/fr\/produit\/unite-de-dosage-pour-le-fluorure-dammonium\/#breadcrumb\"},\"inLanguage\":\"cs\",\"potentialAction\":[{\"@type\":\"ReadAction\",\"target\":[\"https:\/\/dosingpump.shop\/fr\/produit\/unite-de-dosage-pour-le-fluorure-dammonium\/\"]}]},{\"@type\":\"ImageObject\",\"inLanguage\":\"cs\",\"@id\":\"https:\/\/dosingpump.shop\/fr\/produit\/unite-de-dosage-pour-le-fluorure-dammonium\/#primaryimage\",\"url\":\"https:\/\/dosingpump.shop\/wp-content\/uploads\/2024\/12\/waterstofperoxide-doseerinstallatie.webp\",\"contentUrl\":\"https:\/\/dosingpump.shop\/wp-content\/uploads\/2024\/12\/waterstofperoxide-doseerinstallatie.webp\",\"width\":500,\"height\":500},{\"@type\":\"BreadcrumbList\",\"@id\":\"https:\/\/dosingpump.shop\/fr\/produit\/unite-de-dosage-pour-le-fluorure-dammonium\/#breadcrumb\",\"itemListElement\":[{\"@type\":\"ListItem\",\"position\":1,\"name\":\"Home\",\"item\":\"https:\/\/dosingpump.shop\/\"},{\"@type\":\"ListItem\",\"position\":2,\"name\":\"Shop\",\"item\":\"https:\/\/dosingpump.shop\/de\/shop\/\"},{\"@type\":\"ListItem\",\"position\":3,\"name\":\"Doseerinstallatie voor Ammoniumfluoride\"}]},{\"@type\":\"WebSite\",\"@id\":\"https:\/\/dosingpump.shop\/de\/#website\",\"url\":\"https:\/\/dosingpump.shop\/de\/\",\"name\":\"Dosing Pump Shop B.V.\",\"description\":\"\",\"publisher\":{\"@id\":\"https:\/\/dosingpump.shop\/de\/#organization\"},\"potentialAction\":[{\"@type\":\"SearchAction\",\"target\":{\"@type\":\"EntryPoint\",\"urlTemplate\":\"https:\/\/dosingpump.shop\/de\/?s={search_term_string}\"},\"query-input\":{\"@type\":\"PropertyValueSpecification\",\"valueRequired\":true,\"valueName\":\"search_term_string\"}}],\"inLanguage\":\"cs\"},{\"@type\":\"Organization\",\"@id\":\"https:\/\/dosingpump.shop\/de\/#organization\",\"name\":\"Dosing Pump Shop B.V.\",\"url\":\"https:\/\/dosingpump.shop\/de\/\",\"logo\":{\"@type\":\"ImageObject\",\"inLanguage\":\"cs\",\"@id\":\"https:\/\/dosingpump.shop\/de\/#\/schema\/logo\/image\/\",\"url\":\"https:\/\/dosingpump.shop\/wp-content\/uploads\/2024\/10\/Dosing-Pump-Shop-logo.png\",\"contentUrl\":\"https:\/\/dosingpump.shop\/wp-content\/uploads\/2024\/10\/Dosing-Pump-Shop-logo.png\",\"width\":350,\"height\":45,\"caption\":\"Dosing Pump Shop B.V.\"},\"image\":{\"@id\":\"https:\/\/dosingpump.shop\/de\/#\/schema\/logo\/image\/\"},\"sameAs\":[\"https:\/\/linkedin.com\/company\/dosing-pump-shop\"]}]}<\/script>\n<meta property=\"product:price:amount\" content=\"757.00\" \/>\n<meta property=\"product:price:currency\" content=\"EUR\" \/>\n<meta property=\"og:availability\" content=\"instock\" \/>\n<meta property=\"product:availability\" content=\"instock\" \/>\n<meta property=\"product:retailer_item_id\" content=\"doseerinstalatie-Ammoniumfluoride\" \/>\n<meta property=\"product:condition\" content=\"new\" \/>\n<!-- \/ Yoast SEO plugin. -->","yoast_head_json":{"title":"D\u00e1vkovac\u00ed za\u0159\u00edzen\u00ed fluoridu amonn\u00e9ho | Dosing Pump Shop B.V.","description":"Kompletn\u00ed d\u00e1vkovac\u00ed jednotka fluoridu amonn\u00e9ho v\u010detn\u011b n\u00e1dr\u017ee, sac\u00edho kop\u00ed a d\u00e1vkovac\u00edho \u010derpadla. Objem: 50 litr\u016f.","robots":{"index":"index","follow":"follow","max-snippet":"max-snippet:-1","max-image-preview":"max-image-preview:large","max-video-preview":"max-video-preview:-1"},"canonical":"https:\/\/dosingpump.shop\/cz\/produkt-2\/davkovaci-jednotka-pro-fluorid-amonny\/","og_locale":"cs_CZ","og_type":"article","og_title":"Doseerinstallatie voor Ammoniumfluoride | Dosing Pump Shop B.V.","og_description":"Complete Doseerinstallatie voor Ammoniumfluoride incl. tank, aanzuiglans en doseerpomp. Inhoud: 50 liter.","og_url":"https:\/\/dosingpump.shop\/cz\/produkt-2\/davkovaci-jednotka-pro-fluorid-amonny\/","og_site_name":"Dosing Pump Shop B.V.","article_modified_time":"2026-02-27T12:49:58+00:00","og_image":[{"width":500,"height":500,"url":"https:\/\/dosingpump.shop\/wp-content\/uploads\/2024\/12\/waterstofperoxide-doseerinstallatie.webp","type":"image\/webp"}],"twitter_card":"summary_large_image","twitter_misc":{"Cena":"&euro;757,00","Dostupnost":"Skladem"},"schema":{"@context":"https:\/\/schema.org","@graph":[{"@type":"WebPage","@id":"https:\/\/dosingpump.shop\/fr\/produit\/unite-de-dosage-pour-le-fluorure-dammonium\/","url":"https:\/\/dosingpump.shop\/fr\/produit\/unite-de-dosage-pour-le-fluorure-dammonium\/","name":"D\u00e1vkovac\u00ed za\u0159\u00edzen\u00ed fluoridu amonn\u00e9ho | Dosing Pump Shop B.V.","isPartOf":{"@id":"https:\/\/dosingpump.shop\/de\/#website"},"primaryImageOfPage":{"@id":"https:\/\/dosingpump.shop\/fr\/produit\/unite-de-dosage-pour-le-fluorure-dammonium\/#primaryimage"},"image":{"@id":"https:\/\/dosingpump.shop\/fr\/produit\/unite-de-dosage-pour-le-fluorure-dammonium\/#primaryimage"},"thumbnailUrl":"https:\/\/dosingpump.shop\/wp-content\/uploads\/2024\/12\/waterstofperoxide-doseerinstallatie.webp","datePublished":"2025-01-22T10:33:48+00:00","dateModified":"2026-02-27T12:49:58+00:00","description":"Kompletn\u00ed d\u00e1vkovac\u00ed jednotka fluoridu amonn\u00e9ho v\u010detn\u011b n\u00e1dr\u017ee, sac\u00edho kop\u00ed a d\u00e1vkovac\u00edho \u010derpadla. Objem: 50 litr\u016f.","breadcrumb":{"@id":"https:\/\/dosingpump.shop\/fr\/produit\/unite-de-dosage-pour-le-fluorure-dammonium\/#breadcrumb"},"inLanguage":"cs","potentialAction":[{"@type":"ReadAction","target":["https:\/\/dosingpump.shop\/fr\/produit\/unite-de-dosage-pour-le-fluorure-dammonium\/"]}]},{"@type":"ImageObject","inLanguage":"cs","@id":"https:\/\/dosingpump.shop\/fr\/produit\/unite-de-dosage-pour-le-fluorure-dammonium\/#primaryimage","url":"https:\/\/dosingpump.shop\/wp-content\/uploads\/2024\/12\/waterstofperoxide-doseerinstallatie.webp","contentUrl":"https:\/\/dosingpump.shop\/wp-content\/uploads\/2024\/12\/waterstofperoxide-doseerinstallatie.webp","width":500,"height":500},{"@type":"BreadcrumbList","@id":"https:\/\/dosingpump.shop\/fr\/produit\/unite-de-dosage-pour-le-fluorure-dammonium\/#breadcrumb","itemListElement":[{"@type":"ListItem","position":1,"name":"Home","item":"https:\/\/dosingpump.shop\/"},{"@type":"ListItem","position":2,"name":"Shop","item":"https:\/\/dosingpump.shop\/de\/shop\/"},{"@type":"ListItem","position":3,"name":"Doseerinstallatie voor Ammoniumfluoride"}]},{"@type":"WebSite","@id":"https:\/\/dosingpump.shop\/de\/#website","url":"https:\/\/dosingpump.shop\/de\/","name":"Dosing Pump Shop B.V.","description":"","publisher":{"@id":"https:\/\/dosingpump.shop\/de\/#organization"},"potentialAction":[{"@type":"SearchAction","target":{"@type":"EntryPoint","urlTemplate":"https:\/\/dosingpump.shop\/de\/?s={search_term_string}"},"query-input":{"@type":"PropertyValueSpecification","valueRequired":true,"valueName":"search_term_string"}}],"inLanguage":"cs"},{"@type":"Organization","@id":"https:\/\/dosingpump.shop\/de\/#organization","name":"Dosing Pump Shop B.V.","url":"https:\/\/dosingpump.shop\/de\/","logo":{"@type":"ImageObject","inLanguage":"cs","@id":"https:\/\/dosingpump.shop\/de\/#\/schema\/logo\/image\/","url":"https:\/\/dosingpump.shop\/wp-content\/uploads\/2024\/10\/Dosing-Pump-Shop-logo.png","contentUrl":"https:\/\/dosingpump.shop\/wp-content\/uploads\/2024\/10\/Dosing-Pump-Shop-logo.png","width":350,"height":45,"caption":"Dosing Pump Shop B.V."},"image":{"@id":"https:\/\/dosingpump.shop\/de\/#\/schema\/logo\/image\/"},"sameAs":["https:\/\/linkedin.com\/company\/dosing-pump-shop"]}]},"product_price_amount":"757.00","product_price_currency":"EUR","og_availability":"instock","product_availability":"instock","product_retailer_item_id":"doseerinstalatie-Ammoniumfluoride","product_condition":"new"},"_links":{"self":[{"href":"https:\/\/dosingpump.shop\/cz\/wp-json\/wp\/v2\/product\/5996","targetHints":{"allow":["GET"]}}],"collection":[{"href":"https:\/\/dosingpump.shop\/cz\/wp-json\/wp\/v2\/product"}],"about":[{"href":"https:\/\/dosingpump.shop\/cz\/wp-json\/wp\/v2\/types\/product"}],"wp:featuredmedia":[{"embeddable":true,"href":"https:\/\/dosingpump.shop\/cz\/wp-json\/wp\/v2\/media\/4432"}],"wp:attachment":[{"href":"https:\/\/dosingpump.shop\/cz\/wp-json\/wp\/v2\/media?parent=5996"}],"wp:term":[{"taxonomy":"product_brand","embeddable":true,"href":"https:\/\/dosingpump.shop\/cz\/wp-json\/wp\/v2\/product_brand?post=5996"},{"taxonomy":"product_cat","embeddable":true,"href":"https:\/\/dosingpump.shop\/cz\/wp-json\/wp\/v2\/product_cat?post=5996"},{"taxonomy":"product_tag","embeddable":true,"href":"https:\/\/dosingpump.shop\/cz\/wp-json\/wp\/v2\/product_tag?post=5996"}],"curies":[{"name":"wp","href":"https:\/\/api.w.org\/{rel}","templated":true}]}}