{"id":7234,"date":"2025-06-04T15:54:16","date_gmt":"2025-06-04T13:54:16","guid":{"rendered":"https:\/\/dosingpump.shop\/product\/qdos-120-manual-santoprene-left\/"},"modified":"2026-03-10T23:21:34","modified_gmt":"2026-03-10T22:21:34","slug":"qdos-120-manual-santopren-vlevo","status":"publish","type":"product","link":"https:\/\/dosingpump.shop\/cz\/product\/qdos-120-manual-santoprene-left\/","title":{"rendered":"Qdos 120 Manual - Santopren - lev\u00fd"},"content":{"rendered":"<p>Watson-Marlow Qdos 120 Manual je peristaltick\u00e9 d\u00e1vkovac\u00ed \u010derpadlo, kter\u00e9 zaji\u0161\u0165uje p\u0159esnou a konzistentn\u00ed manipulaci s kapalinou. Tento model je vybaven hlavou \u010derpadla Santoprene ReNu, je ide\u00e1ln\u00ed pro v\u0161eobecn\u00e9 pou\u017eit\u00ed a nab\u00edz\u00ed vynikaj\u00edc\u00ed chemickou kompatibilitu. Hlava \u010derpadla je namontov\u00e1na na lev\u00e9 stran\u011b.<\/p>\n<p>\u010cerpadlo poskytuje pr\u016ftoky od 0,1 do 2000 ml\/min (0,001-31,7 USGPH) a zvl\u00e1d\u00e1 tlak a\u017e 7 bar\u016f (100 psi) RMS. Hlava \u010derpadla ReNu maximalizuje dobu provozu t\u00edm, \u017ee zabra\u0148uje zachycen\u00ed plynu nebo ucp\u00e1n\u00ed ventilu, a umo\u017e\u0148uje rychlou v\u00fdm\u011bnu bez pou\u017eit\u00ed n\u00e1\u0159ad\u00ed. T\u00edm se minimalizuj\u00ed prostoje a sni\u017euje se mno\u017estv\u00ed chemick\u00e9ho odpadu. Qdos 120 nab\u00edz\u00ed regulaci pr\u016ftoku a\u017e do 20000:1 s p\u0159esnost\u00ed \u00b11% a opakovatelnost\u00ed \u00b10,5%.<\/p>\n<p>Qdos 120 m\u00e1 kryt\u00ed IP66, co\u017e znamen\u00e1, \u017ee je vodot\u011bsn\u00fd a prachot\u011bsn\u00fd. D\u00edky santoprenov\u00e9mu potrub\u00ed pracuje p\u0159i okoln\u00edch teplot\u00e1ch od 5 \u00b0C do 45 \u00b0C. Pohon v\u00e1\u017e\u00ed 4,6 kg a hlava \u010derpadla 1,1 kg. Ovl\u00e1d\u00e1n\u00ed je manu\u00e1ln\u00ed. Hlu\u010dnost \u010derpadla je ni\u017e\u0161\u00ed ne\u017e 70 dB(A) ve vzd\u00e1lenosti 1 metr. \u010cerpadlo lze voliteln\u011b nap\u00e1jet stejnosm\u011brn\u00fdm nap\u011bt\u00edm 12-24 V.<\/p>","protected":false},"excerpt":{"rendered":"<ul>\n<li>Vhodn\u00e9 pro p\u0159esn\u00e9 d\u00e1vkov\u00e1n\u00ed<\/li>\n<li>Vhodn\u00e9 pro n\u00edzk\u00e9 pr\u016ftoky<\/li>\n<li>Stupe\u0148 kryt\u00ed IP66 \/ NEMA 4X<\/li>\n<li>Hlavice \u010derpadla ReNu\u2122<\/li>\n<\/ul>\n<p>Ihned k dispozici \u017e\u00e1dost o cenovou nab\u00eddku.<\/p>","protected":false},"featured_media":6975,"template":"","meta":[],"product_brand":[],"product_cat":[26,245],"product_tag":[],"class_list":{"0":"post-7234","1":"product","2":"type-product","3":"status-publish","4":"has-post-thumbnail","6":"product_cat-slangenpompen","7":"product_cat-watson-marlow-slangenpompen","9":"first","10":"instock","11":"taxable","12":"shipping-taxable","13":"product-type-simple"},"yoast_head":"<!-- This site is optimized with the Yoast SEO plugin v27.2 - https:\/\/yoast.com\/product\/yoast-seo-wordpress\/ -->\n<title>Qdos 120 Manual - Santoprene - Left - Dosing Pump Shop B.V.<\/title>\n<meta name=\"robots\" content=\"index, follow, max-snippet:-1, max-image-preview:large, max-video-preview:-1\" \/>\n<link rel=\"canonical\" href=\"https:\/\/dosingpump.shop\/cz\/produkt-2\/qdos-120-manual-santopren-vlevo\/\" \/>\n<meta property=\"og:locale\" content=\"cs_CZ\" \/>\n<meta property=\"og:type\" content=\"article\" \/>\n<meta property=\"og:title\" content=\"Qdos 120 Manual - Santoprene - Left - Dosing Pump Shop B.V.\" \/>\n<meta property=\"og:description\" content=\"Geschikt voor precieze doseering  Geschikt voor lage flows  Beschermingsklasse van IP66 \/ NEMA 4X  Pompkop ReNu\u2122  Beschikbaar vraag direct een offerte aan.\" \/>\n<meta property=\"og:url\" content=\"https:\/\/dosingpump.shop\/cz\/produkt-2\/qdos-120-manual-santopren-vlevo\/\" \/>\n<meta property=\"og:site_name\" content=\"Dosing Pump Shop B.V.\" \/>\n<meta property=\"article:modified_time\" content=\"2026-03-10T22:21:34+00:00\" \/>\n<meta property=\"og:image\" content=\"https:\/\/dosingpump.shop\/wp-content\/uploads\/2025\/05\/Qdos-20.png\" \/>\n\t<meta property=\"og:image:width\" content=\"500\" \/>\n\t<meta property=\"og:image:height\" content=\"500\" \/>\n\t<meta property=\"og:image:type\" content=\"image\/png\" \/>\n<meta name=\"twitter:card\" content=\"summary_large_image\" \/>\n<meta name=\"twitter:label1\" content=\"Cena\" \/>\n\t<meta name=\"twitter:data1\" content=\"\" \/>\n\t<meta name=\"twitter:label2\" content=\"Dostupnost\" \/>\n\t<meta name=\"twitter:data2\" content=\"Skladem\" \/>\n<script type=\"application\/ld+json\" class=\"yoast-schema-graph\">{\"@context\":\"https:\/\/schema.org\",\"@graph\":[{\"@type\":\"WebPage\",\"@id\":\"https:\/\/dosingpump.shop\/lt\/produktas\/qdos-120-vadovas-santoprene-kaireje\/\",\"url\":\"https:\/\/dosingpump.shop\/lt\/produktas\/qdos-120-vadovas-santoprene-kaireje\/\",\"name\":\"Qdos 120 Manual - Santoprene - Left - Dosing Pump Shop B.V.\",\"isPartOf\":{\"@id\":\"https:\/\/dosingpump.shop\/de\/#website\"},\"primaryImageOfPage\":{\"@id\":\"https:\/\/dosingpump.shop\/lt\/produktas\/qdos-120-vadovas-santoprene-kaireje\/#primaryimage\"},\"image\":{\"@id\":\"https:\/\/dosingpump.shop\/lt\/produktas\/qdos-120-vadovas-santoprene-kaireje\/#primaryimage\"},\"thumbnailUrl\":\"https:\/\/dosingpump.shop\/wp-content\/uploads\/2025\/05\/Qdos-20.png\",\"datePublished\":\"2025-06-04T13:54:16+00:00\",\"dateModified\":\"2026-03-10T22:21:34+00:00\",\"breadcrumb\":{\"@id\":\"https:\/\/dosingpump.shop\/lt\/produktas\/qdos-120-vadovas-santoprene-kaireje\/#breadcrumb\"},\"inLanguage\":\"cs\",\"potentialAction\":[{\"@type\":\"ReadAction\",\"target\":[\"https:\/\/dosingpump.shop\/lt\/produktas\/qdos-120-vadovas-santoprene-kaireje\/\"]}]},{\"@type\":\"ImageObject\",\"inLanguage\":\"cs\",\"@id\":\"https:\/\/dosingpump.shop\/lt\/produktas\/qdos-120-vadovas-santoprene-kaireje\/#primaryimage\",\"url\":\"https:\/\/dosingpump.shop\/wp-content\/uploads\/2025\/05\/Qdos-20.png\",\"contentUrl\":\"https:\/\/dosingpump.shop\/wp-content\/uploads\/2025\/05\/Qdos-20.png\",\"width\":500,\"height\":500},{\"@type\":\"BreadcrumbList\",\"@id\":\"https:\/\/dosingpump.shop\/lt\/produktas\/qdos-120-vadovas-santoprene-kaireje\/#breadcrumb\",\"itemListElement\":[{\"@type\":\"ListItem\",\"position\":1,\"name\":\"Home\",\"item\":\"https:\/\/dosingpump.shop\/\"},{\"@type\":\"ListItem\",\"position\":2,\"name\":\"Shop\",\"item\":\"https:\/\/dosingpump.shop\/de\/shop\/\"},{\"@type\":\"ListItem\",\"position\":3,\"name\":\"Qdos 120 Manual &#8211; Santoprene &#8211; Left\"}]},{\"@type\":\"WebSite\",\"@id\":\"https:\/\/dosingpump.shop\/de\/#website\",\"url\":\"https:\/\/dosingpump.shop\/de\/\",\"name\":\"Dosing Pump Shop B.V.\",\"description\":\"\",\"publisher\":{\"@id\":\"https:\/\/dosingpump.shop\/de\/#organization\"},\"potentialAction\":[{\"@type\":\"SearchAction\",\"target\":{\"@type\":\"EntryPoint\",\"urlTemplate\":\"https:\/\/dosingpump.shop\/de\/?s={search_term_string}\"},\"query-input\":{\"@type\":\"PropertyValueSpecification\",\"valueRequired\":true,\"valueName\":\"search_term_string\"}}],\"inLanguage\":\"cs\"},{\"@type\":\"Organization\",\"@id\":\"https:\/\/dosingpump.shop\/de\/#organization\",\"name\":\"Dosing Pump Shop B.V.\",\"url\":\"https:\/\/dosingpump.shop\/de\/\",\"logo\":{\"@type\":\"ImageObject\",\"inLanguage\":\"cs\",\"@id\":\"https:\/\/dosingpump.shop\/de\/#\/schema\/logo\/image\/\",\"url\":\"https:\/\/dosingpump.shop\/wp-content\/uploads\/2024\/10\/Dosing-Pump-Shop-logo.png\",\"contentUrl\":\"https:\/\/dosingpump.shop\/wp-content\/uploads\/2024\/10\/Dosing-Pump-Shop-logo.png\",\"width\":350,\"height\":45,\"caption\":\"Dosing Pump Shop B.V.\"},\"image\":{\"@id\":\"https:\/\/dosingpump.shop\/de\/#\/schema\/logo\/image\/\"},\"sameAs\":[\"https:\/\/linkedin.com\/company\/dosing-pump-shop\"]}]}<\/script>\n<meta property=\"product:price:currency\" content=\"EUR\" \/>\n<meta property=\"og:availability\" content=\"instock\" \/>\n<meta property=\"product:availability\" content=\"instock\" \/>\n<meta property=\"product:retailer_item_id\" content=\"0M0.423L.GLE\" \/>\n<meta property=\"product:condition\" content=\"new\" \/>\n<!-- \/ Yoast SEO plugin. -->","yoast_head_json":{"title":"Qdos 120 Manu\u00e1l - Santopren - lev\u00fd - Dosing Pump Shop B.V.","robots":{"index":"index","follow":"follow","max-snippet":"max-snippet:-1","max-image-preview":"max-image-preview:large","max-video-preview":"max-video-preview:-1"},"canonical":"https:\/\/dosingpump.shop\/cz\/produkt-2\/qdos-120-manual-santopren-vlevo\/","og_locale":"cs_CZ","og_type":"article","og_title":"Qdos 120 Manual - Santoprene - Left - Dosing Pump Shop B.V.","og_description":"Geschikt voor precieze doseering  Geschikt voor lage flows  Beschermingsklasse van IP66 \/ NEMA 4X  Pompkop ReNu\u2122  Beschikbaar vraag direct een offerte aan.","og_url":"https:\/\/dosingpump.shop\/cz\/produkt-2\/qdos-120-manual-santopren-vlevo\/","og_site_name":"Dosing Pump Shop B.V.","article_modified_time":"2026-03-10T22:21:34+00:00","og_image":[{"width":500,"height":500,"url":"https:\/\/dosingpump.shop\/wp-content\/uploads\/2025\/05\/Qdos-20.png","type":"image\/png"}],"twitter_card":"summary_large_image","twitter_misc":{"Cena":"","Dostupnost":"Skladem"},"schema":{"@context":"https:\/\/schema.org","@graph":[{"@type":"WebPage","@id":"https:\/\/dosingpump.shop\/lt\/produktas\/qdos-120-vadovas-santoprene-kaireje\/","url":"https:\/\/dosingpump.shop\/lt\/produktas\/qdos-120-vadovas-santoprene-kaireje\/","name":"Qdos 120 Manu\u00e1l - Santopren - lev\u00fd - Dosing Pump Shop B.V.","isPartOf":{"@id":"https:\/\/dosingpump.shop\/de\/#website"},"primaryImageOfPage":{"@id":"https:\/\/dosingpump.shop\/lt\/produktas\/qdos-120-vadovas-santoprene-kaireje\/#primaryimage"},"image":{"@id":"https:\/\/dosingpump.shop\/lt\/produktas\/qdos-120-vadovas-santoprene-kaireje\/#primaryimage"},"thumbnailUrl":"https:\/\/dosingpump.shop\/wp-content\/uploads\/2025\/05\/Qdos-20.png","datePublished":"2025-06-04T13:54:16+00:00","dateModified":"2026-03-10T22:21:34+00:00","breadcrumb":{"@id":"https:\/\/dosingpump.shop\/lt\/produktas\/qdos-120-vadovas-santoprene-kaireje\/#breadcrumb"},"inLanguage":"cs","potentialAction":[{"@type":"ReadAction","target":["https:\/\/dosingpump.shop\/lt\/produktas\/qdos-120-vadovas-santoprene-kaireje\/"]}]},{"@type":"ImageObject","inLanguage":"cs","@id":"https:\/\/dosingpump.shop\/lt\/produktas\/qdos-120-vadovas-santoprene-kaireje\/#primaryimage","url":"https:\/\/dosingpump.shop\/wp-content\/uploads\/2025\/05\/Qdos-20.png","contentUrl":"https:\/\/dosingpump.shop\/wp-content\/uploads\/2025\/05\/Qdos-20.png","width":500,"height":500},{"@type":"BreadcrumbList","@id":"https:\/\/dosingpump.shop\/lt\/produktas\/qdos-120-vadovas-santoprene-kaireje\/#breadcrumb","itemListElement":[{"@type":"ListItem","position":1,"name":"Home","item":"https:\/\/dosingpump.shop\/"},{"@type":"ListItem","position":2,"name":"Shop","item":"https:\/\/dosingpump.shop\/de\/shop\/"},{"@type":"ListItem","position":3,"name":"Qdos 120 Manual &#8211; Santoprene &#8211; Left"}]},{"@type":"WebSite","@id":"https:\/\/dosingpump.shop\/de\/#website","url":"https:\/\/dosingpump.shop\/de\/","name":"Dosing Pump Shop B.V.","description":"","publisher":{"@id":"https:\/\/dosingpump.shop\/de\/#organization"},"potentialAction":[{"@type":"SearchAction","target":{"@type":"EntryPoint","urlTemplate":"https:\/\/dosingpump.shop\/de\/?s={search_term_string}"},"query-input":{"@type":"PropertyValueSpecification","valueRequired":true,"valueName":"search_term_string"}}],"inLanguage":"cs"},{"@type":"Organization","@id":"https:\/\/dosingpump.shop\/de\/#organization","name":"Dosing Pump Shop B.V.","url":"https:\/\/dosingpump.shop\/de\/","logo":{"@type":"ImageObject","inLanguage":"cs","@id":"https:\/\/dosingpump.shop\/de\/#\/schema\/logo\/image\/","url":"https:\/\/dosingpump.shop\/wp-content\/uploads\/2024\/10\/Dosing-Pump-Shop-logo.png","contentUrl":"https:\/\/dosingpump.shop\/wp-content\/uploads\/2024\/10\/Dosing-Pump-Shop-logo.png","width":350,"height":45,"caption":"Dosing Pump Shop B.V."},"image":{"@id":"https:\/\/dosingpump.shop\/de\/#\/schema\/logo\/image\/"},"sameAs":["https:\/\/linkedin.com\/company\/dosing-pump-shop"]}]},"product_price_currency":"EUR","og_availability":"instock","product_availability":"instock","product_retailer_item_id":"0M0.423L.GLE","product_condition":"new"},"_links":{"self":[{"href":"https:\/\/dosingpump.shop\/cz\/wp-json\/wp\/v2\/product\/7234","targetHints":{"allow":["GET"]}}],"collection":[{"href":"https:\/\/dosingpump.shop\/cz\/wp-json\/wp\/v2\/product"}],"about":[{"href":"https:\/\/dosingpump.shop\/cz\/wp-json\/wp\/v2\/types\/product"}],"wp:featuredmedia":[{"embeddable":true,"href":"https:\/\/dosingpump.shop\/cz\/wp-json\/wp\/v2\/media\/6975"}],"wp:attachment":[{"href":"https:\/\/dosingpump.shop\/cz\/wp-json\/wp\/v2\/media?parent=7234"}],"wp:term":[{"taxonomy":"product_brand","embeddable":true,"href":"https:\/\/dosingpump.shop\/cz\/wp-json\/wp\/v2\/product_brand?post=7234"},{"taxonomy":"product_cat","embeddable":true,"href":"https:\/\/dosingpump.shop\/cz\/wp-json\/wp\/v2\/product_cat?post=7234"},{"taxonomy":"product_tag","embeddable":true,"href":"https:\/\/dosingpump.shop\/cz\/wp-json\/wp\/v2\/product_tag?post=7234"}],"curies":[{"name":"wp","href":"https:\/\/api.w.org\/{rel}","templated":true}]}}