{"id":7474,"date":"2025-06-18T09:14:45","date_gmt":"2025-06-18T07:14:45","guid":{"rendered":"https:\/\/dosingpump.shop\/?post_type=product&#038;p=7474"},"modified":"2026-02-27T14:50:32","modified_gmt":"2026-02-27T12:50:32","slug":"dps-mp2-r-6l-u-1-bar","status":"publish","type":"product","link":"https:\/\/dosingpump.shop\/cz\/product\/dps-mp2-r-6l-u-1-bar\/","title":{"rendered":"DPS2-R - 6 l\/h - 1 bar"},"content":{"rendered":"<p>Peristaltick\u00e9 \u010derpadlo DPS2-R je robustn\u00ed a spolehliv\u00e9 d\u00e1vkovac\u00ed \u010derpadlo, kter\u00e9 je ide\u00e1ln\u00ed pro aplikace, kde je t\u0159eba pravideln\u011b p\u0159esn\u011b d\u00e1vkovat kapaliny v\u010detn\u011b chemik\u00e1li\u00ed, jako je chlor a r\u016fzn\u00e9 kyseliny. D\u00edky robustn\u00edmu polypropylenov\u00e9mu pouzdru a polykarbon\u00e1tov\u00e9mu \u010deln\u00edmu panelu je toto \u010derpadlo konstruov\u00e1no s ohledem na dlouhou \u017eivotnost. Srdce \u010derpadla, santopr\u00e9nov\u00e1 peristaltick\u00e1 hadice, zaji\u0161\u0165uje vynikaj\u00edc\u00ed chemickou odolnost.<\/p>\n<p>V\u00fdjime\u010dnost tohoto \u010derpadla spo\u010d\u00edv\u00e1 v plynul\u00e9 regulaci pr\u016ftoku, kter\u00e1 v\u00e1m umo\u017en\u00ed vyladit d\u00e1vkov\u00e1n\u00ed s mimo\u0159\u00e1dnou p\u0159esnost\u00ed. V z\u00e1vislosti na konkr\u00e9tn\u00ed verzi m\u016f\u017ee \u010derpadlo DPS2-R d\u00e1vkovat a\u017e 20 litr\u016f za hodinu a dosahovat maxim\u00e1ln\u00edho tlaku 3 bar. Podrobn\u00e9 informace o r\u016fzn\u00fdch verz\u00edch a jejich specifikac\u00edch naleznete v technick\u00fdch specifikac\u00edch.<\/p>\n<p>\u010cerpadlo DPS2-R m\u016f\u017eete za\u010d\u00edt pou\u017e\u00edvat ihned, proto\u017ee je dod\u00e1v\u00e1no s 2 m dlouhou tlakovou a sac\u00ed hadic\u00ed, sac\u00edm filtrem a vst\u0159ikovac\u00ed koncovkou. Sou\u010d\u00e1st\u00ed dod\u00e1vky je tak\u00e9 pot\u0159ebn\u00fd mont\u00e1\u017en\u00ed materi\u00e1l. P\u0159\u00edpojky hadice maj\u00ed standardn\u00ed velikost 4 \u00d7 6 mm. Toto d\u00e1vkovac\u00ed \u010derpadlo lze nav\u00edc snadno za\u010dlenit do st\u00e1vaj\u00edc\u00edho \u0159\u00edzen\u00ed p\u0159epnut\u00edm standardn\u00edho nap\u00e1jec\u00edho nap\u011bt\u00ed 230 V. \u010cerpadlo je ur\u010deno pro v\u00edcenap\u011b\u0165ov\u00e9 nap\u00e1jec\u00ed nap\u011bt\u00ed 20-260 V.<\/p>\n<p>Upozor\u0148ujeme, \u017ee peristaltick\u00e9 \u010derpadlo DPS2-R nen\u00ed vhodn\u00e9 pro nep\u0159etr\u017eit\u00e9 pou\u017eit\u00ed. Peristaltick\u00e1 hadice, a\u010dkoli je vysoce odoln\u00e1, by m\u011bla b\u00fdt pravideln\u011b kontrolov\u00e1na a v p\u0159\u00edpad\u011b pot\u0159eby vym\u011bn\u011bna. N\u00e1hradn\u00ed hadice jsou snadno dostupn\u00e9 v na\u0161em internetov\u00e9m obchod\u011b. Pro specifick\u00e9 aplikace je za p\u0159\u00edplatek k dispozici tak\u00e9 silikonov\u00e1 hadice.<\/p>","protected":false},"excerpt":{"rendered":"<ul>\n<li>Mal\u00e9, ale vynikaj\u00edc\u00ed \u010derpadlo<\/li>\n<li>Maxim\u00e1ln\u00ed pr\u016ftok 6 l\/h<\/li>\n<li>Maxim\u00e1ln\u00ed tlak 1 bar<\/li>\n<\/ul>\n<p>Dod\u00e1v\u00e1 se se \u0161rouby, hadic\u00ed z PE a PVC, mont\u00e1\u017en\u00ed deskou, sac\u00edm filtrem a vst\u0159ikovac\u00edm ventilem.<\/p>","protected":false},"featured_media":7470,"template":"","meta":[],"product_brand":[],"product_cat":[291],"product_tag":[],"class_list":{"0":"post-7474","1":"product","2":"type-product","3":"status-publish","4":"has-post-thumbnail","6":"product_cat-dps-slangenpompen","8":"first","9":"instock","10":"taxable","11":"shipping-taxable","12":"purchasable","13":"product-type-simple"},"yoast_head":"<!-- This site is optimized with the Yoast SEO plugin v27.2 - https:\/\/yoast.com\/product\/yoast-seo-wordpress\/ -->\n<title>DPS2-R - 6l\/u - 1 Bar - Dosing Pump Shop B.V.<\/title>\n<meta name=\"robots\" content=\"index, follow, max-snippet:-1, max-image-preview:large, max-video-preview:-1\" \/>\n<link rel=\"canonical\" href=\"https:\/\/dosingpump.shop\/cz\/produkt-2\/dps-mp2-r-6l-u-1-bar\/\" \/>\n<meta property=\"og:locale\" content=\"cs_CZ\" \/>\n<meta property=\"og:type\" content=\"article\" \/>\n<meta property=\"og:title\" content=\"DPS2-R - 6l\/u - 1 Bar - Dosing Pump Shop B.V.\" \/>\n<meta property=\"og:description\" content=\"Kleine maar uitstekend werkende pomp  Maximale flow van 6 l\/u  Maximale druk van 1 bar  Wordt geleverd met schroeven, PE en PVC slang, montageplaat, aanzuigfilter en injectieventiel\" \/>\n<meta property=\"og:url\" content=\"https:\/\/dosingpump.shop\/cz\/produkt-2\/dps-mp2-r-6l-u-1-bar\/\" \/>\n<meta property=\"og:site_name\" content=\"Dosing Pump Shop B.V.\" \/>\n<meta property=\"article:modified_time\" content=\"2026-02-27T12:50:32+00:00\" \/>\n<meta property=\"og:image\" content=\"https:\/\/dosingpump.shop\/wp-content\/uploads\/2025\/06\/Microdos-Pomp.png\" \/>\n\t<meta property=\"og:image:width\" content=\"500\" \/>\n\t<meta property=\"og:image:height\" content=\"500\" \/>\n\t<meta property=\"og:image:type\" content=\"image\/png\" \/>\n<meta name=\"twitter:card\" content=\"summary_large_image\" \/>\n<meta name=\"twitter:label1\" content=\"Cena\" \/>\n\t<meta name=\"twitter:data1\" content=\"&euro;169,00\" \/>\n\t<meta name=\"twitter:label2\" content=\"Dostupnost\" \/>\n\t<meta name=\"twitter:data2\" content=\"Skladem\" \/>\n<script type=\"application\/ld+json\" class=\"yoast-schema-graph\">{\"@context\":\"https:\/\/schema.org\",\"@graph\":[{\"@type\":\"WebPage\",\"@id\":\"https:\/\/dosingpump.shop\/dk\/produkt\/dps-mp2-r-6l-u-1-bar\/\",\"url\":\"https:\/\/dosingpump.shop\/dk\/produkt\/dps-mp2-r-6l-u-1-bar\/\",\"name\":\"DPS2-R - 6l\/u - 1 Bar - Dosing Pump Shop B.V.\",\"isPartOf\":{\"@id\":\"https:\/\/dosingpump.shop\/de\/#website\"},\"primaryImageOfPage\":{\"@id\":\"https:\/\/dosingpump.shop\/dk\/produkt\/dps-mp2-r-6l-u-1-bar\/#primaryimage\"},\"image\":{\"@id\":\"https:\/\/dosingpump.shop\/dk\/produkt\/dps-mp2-r-6l-u-1-bar\/#primaryimage\"},\"thumbnailUrl\":\"https:\/\/dosingpump.shop\/wp-content\/uploads\/2025\/06\/Microdos-Pomp.png\",\"datePublished\":\"2025-06-18T07:14:45+00:00\",\"dateModified\":\"2026-02-27T12:50:32+00:00\",\"breadcrumb\":{\"@id\":\"https:\/\/dosingpump.shop\/dk\/produkt\/dps-mp2-r-6l-u-1-bar\/#breadcrumb\"},\"inLanguage\":\"cs\",\"potentialAction\":[{\"@type\":\"ReadAction\",\"target\":[\"https:\/\/dosingpump.shop\/dk\/produkt\/dps-mp2-r-6l-u-1-bar\/\"]}]},{\"@type\":\"ImageObject\",\"inLanguage\":\"cs\",\"@id\":\"https:\/\/dosingpump.shop\/dk\/produkt\/dps-mp2-r-6l-u-1-bar\/#primaryimage\",\"url\":\"https:\/\/dosingpump.shop\/wp-content\/uploads\/2025\/06\/Microdos-Pomp.png\",\"contentUrl\":\"https:\/\/dosingpump.shop\/wp-content\/uploads\/2025\/06\/Microdos-Pomp.png\",\"width\":500,\"height\":500},{\"@type\":\"BreadcrumbList\",\"@id\":\"https:\/\/dosingpump.shop\/dk\/produkt\/dps-mp2-r-6l-u-1-bar\/#breadcrumb\",\"itemListElement\":[{\"@type\":\"ListItem\",\"position\":1,\"name\":\"Home\",\"item\":\"https:\/\/dosingpump.shop\/\"},{\"@type\":\"ListItem\",\"position\":2,\"name\":\"Shop\",\"item\":\"https:\/\/dosingpump.shop\/de\/shop\/\"},{\"@type\":\"ListItem\",\"position\":3,\"name\":\"DPS2-R &#8211; 6l\/u &#8211; 1 Bar\"}]},{\"@type\":\"WebSite\",\"@id\":\"https:\/\/dosingpump.shop\/de\/#website\",\"url\":\"https:\/\/dosingpump.shop\/de\/\",\"name\":\"Dosing Pump Shop B.V.\",\"description\":\"\",\"publisher\":{\"@id\":\"https:\/\/dosingpump.shop\/de\/#organization\"},\"potentialAction\":[{\"@type\":\"SearchAction\",\"target\":{\"@type\":\"EntryPoint\",\"urlTemplate\":\"https:\/\/dosingpump.shop\/de\/?s={search_term_string}\"},\"query-input\":{\"@type\":\"PropertyValueSpecification\",\"valueRequired\":true,\"valueName\":\"search_term_string\"}}],\"inLanguage\":\"cs\"},{\"@type\":\"Organization\",\"@id\":\"https:\/\/dosingpump.shop\/de\/#organization\",\"name\":\"Dosing Pump Shop B.V.\",\"url\":\"https:\/\/dosingpump.shop\/de\/\",\"logo\":{\"@type\":\"ImageObject\",\"inLanguage\":\"cs\",\"@id\":\"https:\/\/dosingpump.shop\/de\/#\/schema\/logo\/image\/\",\"url\":\"https:\/\/dosingpump.shop\/wp-content\/uploads\/2024\/10\/Dosing-Pump-Shop-logo.png\",\"contentUrl\":\"https:\/\/dosingpump.shop\/wp-content\/uploads\/2024\/10\/Dosing-Pump-Shop-logo.png\",\"width\":350,\"height\":45,\"caption\":\"Dosing Pump Shop B.V.\"},\"image\":{\"@id\":\"https:\/\/dosingpump.shop\/de\/#\/schema\/logo\/image\/\"},\"sameAs\":[\"https:\/\/linkedin.com\/company\/dosing-pump-shop\"]}]}<\/script>\n<meta property=\"product:price:amount\" content=\"169.00\" \/>\n<meta property=\"product:price:currency\" content=\"EUR\" \/>\n<meta property=\"og:availability\" content=\"instock\" \/>\n<meta property=\"product:availability\" content=\"instock\" \/>\n<meta property=\"product:retailer_item_id\" content=\"DPS2R6LU1BAR\" \/>\n<meta property=\"product:condition\" content=\"new\" \/>\n<!-- \/ Yoast SEO plugin. -->","yoast_head_json":{"title":"DPS2-R - 6l\/h - 1 Bar - Dosing Pump Shop B.V.","robots":{"index":"index","follow":"follow","max-snippet":"max-snippet:-1","max-image-preview":"max-image-preview:large","max-video-preview":"max-video-preview:-1"},"canonical":"https:\/\/dosingpump.shop\/cz\/produkt-2\/dps-mp2-r-6l-u-1-bar\/","og_locale":"cs_CZ","og_type":"article","og_title":"DPS2-R - 6l\/u - 1 Bar - Dosing Pump Shop B.V.","og_description":"Kleine maar uitstekend werkende pomp  Maximale flow van 6 l\/u  Maximale druk van 1 bar  Wordt geleverd met schroeven, PE en PVC slang, montageplaat, aanzuigfilter en injectieventiel","og_url":"https:\/\/dosingpump.shop\/cz\/produkt-2\/dps-mp2-r-6l-u-1-bar\/","og_site_name":"Dosing Pump Shop B.V.","article_modified_time":"2026-02-27T12:50:32+00:00","og_image":[{"width":500,"height":500,"url":"https:\/\/dosingpump.shop\/wp-content\/uploads\/2025\/06\/Microdos-Pomp.png","type":"image\/png"}],"twitter_card":"summary_large_image","twitter_misc":{"Cena":"&euro;169,00","Dostupnost":"Skladem"},"schema":{"@context":"https:\/\/schema.org","@graph":[{"@type":"WebPage","@id":"https:\/\/dosingpump.shop\/dk\/produkt\/dps-mp2-r-6l-u-1-bar\/","url":"https:\/\/dosingpump.shop\/dk\/produkt\/dps-mp2-r-6l-u-1-bar\/","name":"DPS2-R - 6l\/h - 1 Bar - Dosing Pump Shop B.V.","isPartOf":{"@id":"https:\/\/dosingpump.shop\/de\/#website"},"primaryImageOfPage":{"@id":"https:\/\/dosingpump.shop\/dk\/produkt\/dps-mp2-r-6l-u-1-bar\/#primaryimage"},"image":{"@id":"https:\/\/dosingpump.shop\/dk\/produkt\/dps-mp2-r-6l-u-1-bar\/#primaryimage"},"thumbnailUrl":"https:\/\/dosingpump.shop\/wp-content\/uploads\/2025\/06\/Microdos-Pomp.png","datePublished":"2025-06-18T07:14:45+00:00","dateModified":"2026-02-27T12:50:32+00:00","breadcrumb":{"@id":"https:\/\/dosingpump.shop\/dk\/produkt\/dps-mp2-r-6l-u-1-bar\/#breadcrumb"},"inLanguage":"cs","potentialAction":[{"@type":"ReadAction","target":["https:\/\/dosingpump.shop\/dk\/produkt\/dps-mp2-r-6l-u-1-bar\/"]}]},{"@type":"ImageObject","inLanguage":"cs","@id":"https:\/\/dosingpump.shop\/dk\/produkt\/dps-mp2-r-6l-u-1-bar\/#primaryimage","url":"https:\/\/dosingpump.shop\/wp-content\/uploads\/2025\/06\/Microdos-Pomp.png","contentUrl":"https:\/\/dosingpump.shop\/wp-content\/uploads\/2025\/06\/Microdos-Pomp.png","width":500,"height":500},{"@type":"BreadcrumbList","@id":"https:\/\/dosingpump.shop\/dk\/produkt\/dps-mp2-r-6l-u-1-bar\/#breadcrumb","itemListElement":[{"@type":"ListItem","position":1,"name":"Home","item":"https:\/\/dosingpump.shop\/"},{"@type":"ListItem","position":2,"name":"Shop","item":"https:\/\/dosingpump.shop\/de\/shop\/"},{"@type":"ListItem","position":3,"name":"DPS2-R &#8211; 6l\/u &#8211; 1 Bar"}]},{"@type":"WebSite","@id":"https:\/\/dosingpump.shop\/de\/#website","url":"https:\/\/dosingpump.shop\/de\/","name":"Dosing Pump Shop B.V.","description":"","publisher":{"@id":"https:\/\/dosingpump.shop\/de\/#organization"},"potentialAction":[{"@type":"SearchAction","target":{"@type":"EntryPoint","urlTemplate":"https:\/\/dosingpump.shop\/de\/?s={search_term_string}"},"query-input":{"@type":"PropertyValueSpecification","valueRequired":true,"valueName":"search_term_string"}}],"inLanguage":"cs"},{"@type":"Organization","@id":"https:\/\/dosingpump.shop\/de\/#organization","name":"Dosing Pump Shop B.V.","url":"https:\/\/dosingpump.shop\/de\/","logo":{"@type":"ImageObject","inLanguage":"cs","@id":"https:\/\/dosingpump.shop\/de\/#\/schema\/logo\/image\/","url":"https:\/\/dosingpump.shop\/wp-content\/uploads\/2024\/10\/Dosing-Pump-Shop-logo.png","contentUrl":"https:\/\/dosingpump.shop\/wp-content\/uploads\/2024\/10\/Dosing-Pump-Shop-logo.png","width":350,"height":45,"caption":"Dosing Pump Shop B.V."},"image":{"@id":"https:\/\/dosingpump.shop\/de\/#\/schema\/logo\/image\/"},"sameAs":["https:\/\/linkedin.com\/company\/dosing-pump-shop"]}]},"product_price_amount":"169.00","product_price_currency":"EUR","og_availability":"instock","product_availability":"instock","product_retailer_item_id":"DPS2R6LU1BAR","product_condition":"new"},"_links":{"self":[{"href":"https:\/\/dosingpump.shop\/cz\/wp-json\/wp\/v2\/product\/7474","targetHints":{"allow":["GET"]}}],"collection":[{"href":"https:\/\/dosingpump.shop\/cz\/wp-json\/wp\/v2\/product"}],"about":[{"href":"https:\/\/dosingpump.shop\/cz\/wp-json\/wp\/v2\/types\/product"}],"wp:featuredmedia":[{"embeddable":true,"href":"https:\/\/dosingpump.shop\/cz\/wp-json\/wp\/v2\/media\/7470"}],"wp:attachment":[{"href":"https:\/\/dosingpump.shop\/cz\/wp-json\/wp\/v2\/media?parent=7474"}],"wp:term":[{"taxonomy":"product_brand","embeddable":true,"href":"https:\/\/dosingpump.shop\/cz\/wp-json\/wp\/v2\/product_brand?post=7474"},{"taxonomy":"product_cat","embeddable":true,"href":"https:\/\/dosingpump.shop\/cz\/wp-json\/wp\/v2\/product_cat?post=7474"},{"taxonomy":"product_tag","embeddable":true,"href":"https:\/\/dosingpump.shop\/cz\/wp-json\/wp\/v2\/product_tag?post=7474"}],"curies":[{"name":"wp","href":"https:\/\/api.w.org\/{rel}","templated":true}]}}