{"id":8067,"date":"2025-07-11T12:51:37","date_gmt":"2025-07-11T10:51:37","guid":{"rendered":"https:\/\/dosingpump.shop\/product\/pompkop-ta-12x18-pvdffpce\/"},"modified":"2026-02-27T14:50:45","modified_gmt":"2026-02-27T12:50:45","slug":"hlava-cerpadla-ta-12x18-pvdffpce","status":"publish","type":"product","link":"https:\/\/dosingpump.shop\/cz\/product\/pompkop-ta-12x18-pvdffpce\/","title":{"rendered":"Hlava \u010derpadla TA 12X18 (PVDF+FP+CE)"},"content":{"rendered":"<p>Hlavy \u010derpadel Emec p\u0159edstavuj\u00ed kl\u00ed\u010dov\u00e9 komponenty, kter\u00e9 zaji\u0161\u0165uj\u00ed p\u0159esn\u00e9 a spolehliv\u00e9 d\u00e1vkov\u00e1n\u00ed kapalin v \u0161irok\u00e9 \u0161k\u00e1le pr\u016fmyslov\u00fdch a komer\u010dn\u00edch aplikac\u00ed. Jsou z\u00e1kladn\u00edm provozn\u00edm prvkem ka\u017ed\u00e9ho d\u00e1vkovac\u00edho syst\u00e9mu Emec, p\u0159i\u010dem\u017e ka\u017ed\u00fd detail je navr\u017een tak, aby byla zaji\u0161t\u011bna maxim\u00e1ln\u00ed \u00fa\u010dinnost a \u017eivotnost.<\/p>\n<p>Tyto hlavy \u010derpadel jsou vyrobeny z vysoce kvalitn\u00edch materi\u00e1l\u016f, kter\u00e9 jsou speci\u00e1ln\u011b vybr\u00e1ny podle d\u00e1vkovan\u00e9 kapaliny, a\u0165 u\u017e se jedn\u00e1 o agresivn\u00ed chemik\u00e1lie, visk\u00f3zn\u00ed roztoky nebo jemn\u00e1 \u010dinidla. To zaji\u0161\u0165uje v\u00fdjime\u010dnou chemickou odolnost a dlouhou \u017eivotnost i v t\u011bch nejn\u00e1ro\u010dn\u011bj\u0161\u00edch podm\u00ednk\u00e1ch. Promy\u0161len\u00e1 vnit\u0159n\u00ed konstrukce minimalizuje opot\u0159eben\u00ed a optimalizuje pr\u016ftok kapaliny, co\u017e vede ke konzistentn\u00edmu a reprodukovateln\u00e9mu d\u00e1vkov\u00e1n\u00ed.<\/p>\n<p>P\u0159esnost hlav \u010derpadel je d\u016fle\u017eit\u00e1 pro procesy, kde z\u00e1le\u017e\u00ed na ka\u017ed\u00e9 kapce. Zaru\u010duj\u00ed kontrolovan\u00e9 a stabiln\u00ed d\u00e1vkov\u00e1n\u00ed, kter\u00e9 je nezbytn\u00e9 pro kontrolu kvality, efektivn\u00ed vyu\u017eit\u00ed surovin a dodr\u017eov\u00e1n\u00ed procesn\u00edch parametr\u016f. Spole\u010dnost Emec nab\u00edz\u00ed rozmanit\u00e9 hlavice \u010derpadel s r\u016fzn\u00fdmi pr\u016ftoky a tlaky, kter\u00e9 jsou vhodn\u00e9 pro \u0161irokou \u0161k\u00e1lu aplikac\u00ed, od \u00fapravy vody a chemick\u00fdch proces\u016f a\u017e po zem\u011bd\u011blstv\u00ed a potravin\u00e1\u0159sk\u00fd pr\u016fmysl.<\/p>\n<p>\u010cerpadlov\u00e9 hlavy Emec jsou zkr\u00e1tka nepostradateln\u00fdm \u010dl\u00e1nkem, kter\u00fd zaji\u0161\u0165uje spolehlivost a p\u0159esnost d\u00e1vkovac\u00edch proces\u016f a v\u00fdznamn\u011b p\u0159isp\u00edv\u00e1 k celkov\u00e9mu v\u00fdkonu a efektivit\u011b va\u0161eho syst\u00e9mu.<\/p>","protected":false},"excerpt":{"rendered":"<ul>\n<li>Vyrobeno z vysoce kvalitn\u00edch materi\u00e1l\u016f<\/li>\n<li>Pro p\u0159esn\u00e9 a spolehliv\u00e9 d\u00e1vkov\u00e1n\u00ed<\/li>\n<li>Vhodn\u00e9 pro d\u00e1vkovac\u00ed \u010derpadla emec<\/li>\n<\/ul>\n<p>Nem\u016f\u017eete na to p\u0159ij\u00edt? Pak n\u00e1s kontaktujte, jsme p\u0159ipraveni v\u00e1m pomoci.<\/p>","protected":false},"featured_media":7712,"template":"","meta":[],"product_brand":[],"product_cat":[236],"product_tag":[],"class_list":{"0":"post-8067","1":"product","2":"type-product","3":"status-publish","4":"has-post-thumbnail","6":"product_cat-pompkoppen","8":"first","9":"instock","10":"taxable","11":"shipping-taxable","12":"purchasable","13":"product-type-simple"},"yoast_head":"<!-- This site is optimized with the Yoast SEO plugin v27.2 - https:\/\/yoast.com\/product\/yoast-seo-wordpress\/ -->\n<title>Pompkop TA 12X18 (PVDF+FP+CE) - Dosing Pump Shop B.V.<\/title>\n<meta name=\"robots\" content=\"index, follow, max-snippet:-1, max-image-preview:large, max-video-preview:-1\" \/>\n<link rel=\"canonical\" href=\"https:\/\/dosingpump.shop\/cz\/produkt-2\/hlava-cerpadla-ta-12x18-pvdffpce\/\" \/>\n<meta property=\"og:locale\" content=\"cs_CZ\" \/>\n<meta property=\"og:type\" content=\"article\" \/>\n<meta property=\"og:title\" content=\"Pompkop TA 12X18 (PVDF+FP+CE) - Dosing Pump Shop B.V.\" \/>\n<meta property=\"og:description\" content=\"Gemaakt van hoogwaardige materialen  Voor nauwkeurige en betrouwbare dosering  Geschikt voor emec doseerpompen  Kom je er niet aan uit? Neem dan contact op wij staan klaar om u te helpen.\" \/>\n<meta property=\"og:url\" content=\"https:\/\/dosingpump.shop\/cz\/produkt-2\/hlava-cerpadla-ta-12x18-pvdffpce\/\" \/>\n<meta property=\"og:site_name\" content=\"Dosing Pump Shop B.V.\" \/>\n<meta property=\"article:modified_time\" content=\"2026-02-27T12:50:45+00:00\" \/>\n<meta property=\"og:image\" content=\"https:\/\/dosingpump.shop\/wp-content\/uploads\/2025\/07\/Emec-Pumphead-PVDF.png\" \/>\n\t<meta property=\"og:image:width\" content=\"500\" \/>\n\t<meta property=\"og:image:height\" content=\"500\" \/>\n\t<meta property=\"og:image:type\" content=\"image\/png\" \/>\n<meta name=\"twitter:card\" content=\"summary_large_image\" \/>\n<meta name=\"twitter:label1\" content=\"Cena\" \/>\n\t<meta name=\"twitter:data1\" content=\"&euro;51,00\" \/>\n\t<meta name=\"twitter:label2\" content=\"Dostupnost\" \/>\n\t<meta name=\"twitter:data2\" content=\"Skladem\" \/>\n<script type=\"application\/ld+json\" class=\"yoast-schema-graph\">{\"@context\":\"https:\/\/schema.org\",\"@graph\":[{\"@type\":\"WebPage\",\"@id\":\"https:\/\/dosingpump.shop\/no\/produkt\/pumpehode-ta-12x18-pvdffpce\/\",\"url\":\"https:\/\/dosingpump.shop\/no\/produkt\/pumpehode-ta-12x18-pvdffpce\/\",\"name\":\"Pompkop TA 12X18 (PVDF+FP+CE) - Dosing Pump Shop B.V.\",\"isPartOf\":{\"@id\":\"https:\/\/dosingpump.shop\/de\/#website\"},\"primaryImageOfPage\":{\"@id\":\"https:\/\/dosingpump.shop\/no\/produkt\/pumpehode-ta-12x18-pvdffpce\/#primaryimage\"},\"image\":{\"@id\":\"https:\/\/dosingpump.shop\/no\/produkt\/pumpehode-ta-12x18-pvdffpce\/#primaryimage\"},\"thumbnailUrl\":\"https:\/\/dosingpump.shop\/wp-content\/uploads\/2025\/07\/Emec-Pumphead-PVDF.png\",\"datePublished\":\"2025-07-11T10:51:37+00:00\",\"dateModified\":\"2026-02-27T12:50:45+00:00\",\"breadcrumb\":{\"@id\":\"https:\/\/dosingpump.shop\/no\/produkt\/pumpehode-ta-12x18-pvdffpce\/#breadcrumb\"},\"inLanguage\":\"cs\",\"potentialAction\":[{\"@type\":\"ReadAction\",\"target\":[\"https:\/\/dosingpump.shop\/no\/produkt\/pumpehode-ta-12x18-pvdffpce\/\"]}]},{\"@type\":\"ImageObject\",\"inLanguage\":\"cs\",\"@id\":\"https:\/\/dosingpump.shop\/no\/produkt\/pumpehode-ta-12x18-pvdffpce\/#primaryimage\",\"url\":\"https:\/\/dosingpump.shop\/wp-content\/uploads\/2025\/07\/Emec-Pumphead-PVDF.png\",\"contentUrl\":\"https:\/\/dosingpump.shop\/wp-content\/uploads\/2025\/07\/Emec-Pumphead-PVDF.png\",\"width\":500,\"height\":500},{\"@type\":\"BreadcrumbList\",\"@id\":\"https:\/\/dosingpump.shop\/no\/produkt\/pumpehode-ta-12x18-pvdffpce\/#breadcrumb\",\"itemListElement\":[{\"@type\":\"ListItem\",\"position\":1,\"name\":\"Home\",\"item\":\"https:\/\/dosingpump.shop\/\"},{\"@type\":\"ListItem\",\"position\":2,\"name\":\"Shop\",\"item\":\"https:\/\/dosingpump.shop\/de\/shop\/\"},{\"@type\":\"ListItem\",\"position\":3,\"name\":\"Pompkop TA 12X18 (PVDF+FP+CE)\"}]},{\"@type\":\"WebSite\",\"@id\":\"https:\/\/dosingpump.shop\/de\/#website\",\"url\":\"https:\/\/dosingpump.shop\/de\/\",\"name\":\"Dosing Pump Shop B.V.\",\"description\":\"\",\"publisher\":{\"@id\":\"https:\/\/dosingpump.shop\/de\/#organization\"},\"potentialAction\":[{\"@type\":\"SearchAction\",\"target\":{\"@type\":\"EntryPoint\",\"urlTemplate\":\"https:\/\/dosingpump.shop\/de\/?s={search_term_string}\"},\"query-input\":{\"@type\":\"PropertyValueSpecification\",\"valueRequired\":true,\"valueName\":\"search_term_string\"}}],\"inLanguage\":\"cs\"},{\"@type\":\"Organization\",\"@id\":\"https:\/\/dosingpump.shop\/de\/#organization\",\"name\":\"Dosing Pump Shop B.V.\",\"url\":\"https:\/\/dosingpump.shop\/de\/\",\"logo\":{\"@type\":\"ImageObject\",\"inLanguage\":\"cs\",\"@id\":\"https:\/\/dosingpump.shop\/de\/#\/schema\/logo\/image\/\",\"url\":\"https:\/\/dosingpump.shop\/wp-content\/uploads\/2024\/10\/Dosing-Pump-Shop-logo.png\",\"contentUrl\":\"https:\/\/dosingpump.shop\/wp-content\/uploads\/2024\/10\/Dosing-Pump-Shop-logo.png\",\"width\":350,\"height\":45,\"caption\":\"Dosing Pump Shop B.V.\"},\"image\":{\"@id\":\"https:\/\/dosingpump.shop\/de\/#\/schema\/logo\/image\/\"},\"sameAs\":[\"https:\/\/linkedin.com\/company\/dosing-pump-shop\"]}]}<\/script>\n<meta property=\"product:price:amount\" content=\"51.00\" \/>\n<meta property=\"product:price:currency\" content=\"EUR\" \/>\n<meta property=\"og:availability\" content=\"instock\" \/>\n<meta property=\"product:availability\" content=\"instock\" \/>\n<meta property=\"product:retailer_item_id\" content=\"02017991\" \/>\n<meta property=\"product:condition\" content=\"new\" \/>\n<!-- \/ Yoast SEO plugin. -->","yoast_head_json":{"title":"Hlava \u010derpadla TA 12X18 (PVDF+FP+CE) - Dosing Pump Shop B.V.","robots":{"index":"index","follow":"follow","max-snippet":"max-snippet:-1","max-image-preview":"max-image-preview:large","max-video-preview":"max-video-preview:-1"},"canonical":"https:\/\/dosingpump.shop\/cz\/produkt-2\/hlava-cerpadla-ta-12x18-pvdffpce\/","og_locale":"cs_CZ","og_type":"article","og_title":"Pompkop TA 12X18 (PVDF+FP+CE) - Dosing Pump Shop B.V.","og_description":"Gemaakt van hoogwaardige materialen  Voor nauwkeurige en betrouwbare dosering  Geschikt voor emec doseerpompen  Kom je er niet aan uit? Neem dan contact op wij staan klaar om u te helpen.","og_url":"https:\/\/dosingpump.shop\/cz\/produkt-2\/hlava-cerpadla-ta-12x18-pvdffpce\/","og_site_name":"Dosing Pump Shop B.V.","article_modified_time":"2026-02-27T12:50:45+00:00","og_image":[{"width":500,"height":500,"url":"https:\/\/dosingpump.shop\/wp-content\/uploads\/2025\/07\/Emec-Pumphead-PVDF.png","type":"image\/png"}],"twitter_card":"summary_large_image","twitter_misc":{"Cena":"&euro;51,00","Dostupnost":"Skladem"},"schema":{"@context":"https:\/\/schema.org","@graph":[{"@type":"WebPage","@id":"https:\/\/dosingpump.shop\/no\/produkt\/pumpehode-ta-12x18-pvdffpce\/","url":"https:\/\/dosingpump.shop\/no\/produkt\/pumpehode-ta-12x18-pvdffpce\/","name":"Hlava \u010derpadla TA 12X18 (PVDF+FP+CE) - Dosing Pump Shop B.V.","isPartOf":{"@id":"https:\/\/dosingpump.shop\/de\/#website"},"primaryImageOfPage":{"@id":"https:\/\/dosingpump.shop\/no\/produkt\/pumpehode-ta-12x18-pvdffpce\/#primaryimage"},"image":{"@id":"https:\/\/dosingpump.shop\/no\/produkt\/pumpehode-ta-12x18-pvdffpce\/#primaryimage"},"thumbnailUrl":"https:\/\/dosingpump.shop\/wp-content\/uploads\/2025\/07\/Emec-Pumphead-PVDF.png","datePublished":"2025-07-11T10:51:37+00:00","dateModified":"2026-02-27T12:50:45+00:00","breadcrumb":{"@id":"https:\/\/dosingpump.shop\/no\/produkt\/pumpehode-ta-12x18-pvdffpce\/#breadcrumb"},"inLanguage":"cs","potentialAction":[{"@type":"ReadAction","target":["https:\/\/dosingpump.shop\/no\/produkt\/pumpehode-ta-12x18-pvdffpce\/"]}]},{"@type":"ImageObject","inLanguage":"cs","@id":"https:\/\/dosingpump.shop\/no\/produkt\/pumpehode-ta-12x18-pvdffpce\/#primaryimage","url":"https:\/\/dosingpump.shop\/wp-content\/uploads\/2025\/07\/Emec-Pumphead-PVDF.png","contentUrl":"https:\/\/dosingpump.shop\/wp-content\/uploads\/2025\/07\/Emec-Pumphead-PVDF.png","width":500,"height":500},{"@type":"BreadcrumbList","@id":"https:\/\/dosingpump.shop\/no\/produkt\/pumpehode-ta-12x18-pvdffpce\/#breadcrumb","itemListElement":[{"@type":"ListItem","position":1,"name":"Home","item":"https:\/\/dosingpump.shop\/"},{"@type":"ListItem","position":2,"name":"Shop","item":"https:\/\/dosingpump.shop\/de\/shop\/"},{"@type":"ListItem","position":3,"name":"Pompkop TA 12X18 (PVDF+FP+CE)"}]},{"@type":"WebSite","@id":"https:\/\/dosingpump.shop\/de\/#website","url":"https:\/\/dosingpump.shop\/de\/","name":"Dosing Pump Shop B.V.","description":"","publisher":{"@id":"https:\/\/dosingpump.shop\/de\/#organization"},"potentialAction":[{"@type":"SearchAction","target":{"@type":"EntryPoint","urlTemplate":"https:\/\/dosingpump.shop\/de\/?s={search_term_string}"},"query-input":{"@type":"PropertyValueSpecification","valueRequired":true,"valueName":"search_term_string"}}],"inLanguage":"cs"},{"@type":"Organization","@id":"https:\/\/dosingpump.shop\/de\/#organization","name":"Dosing Pump Shop B.V.","url":"https:\/\/dosingpump.shop\/de\/","logo":{"@type":"ImageObject","inLanguage":"cs","@id":"https:\/\/dosingpump.shop\/de\/#\/schema\/logo\/image\/","url":"https:\/\/dosingpump.shop\/wp-content\/uploads\/2024\/10\/Dosing-Pump-Shop-logo.png","contentUrl":"https:\/\/dosingpump.shop\/wp-content\/uploads\/2024\/10\/Dosing-Pump-Shop-logo.png","width":350,"height":45,"caption":"Dosing Pump Shop B.V."},"image":{"@id":"https:\/\/dosingpump.shop\/de\/#\/schema\/logo\/image\/"},"sameAs":["https:\/\/linkedin.com\/company\/dosing-pump-shop"]}]},"product_price_amount":"51.00","product_price_currency":"EUR","og_availability":"instock","product_availability":"instock","product_retailer_item_id":"02017991","product_condition":"new"},"_links":{"self":[{"href":"https:\/\/dosingpump.shop\/cz\/wp-json\/wp\/v2\/product\/8067","targetHints":{"allow":["GET"]}}],"collection":[{"href":"https:\/\/dosingpump.shop\/cz\/wp-json\/wp\/v2\/product"}],"about":[{"href":"https:\/\/dosingpump.shop\/cz\/wp-json\/wp\/v2\/types\/product"}],"wp:featuredmedia":[{"embeddable":true,"href":"https:\/\/dosingpump.shop\/cz\/wp-json\/wp\/v2\/media\/7712"}],"wp:attachment":[{"href":"https:\/\/dosingpump.shop\/cz\/wp-json\/wp\/v2\/media?parent=8067"}],"wp:term":[{"taxonomy":"product_brand","embeddable":true,"href":"https:\/\/dosingpump.shop\/cz\/wp-json\/wp\/v2\/product_brand?post=8067"},{"taxonomy":"product_cat","embeddable":true,"href":"https:\/\/dosingpump.shop\/cz\/wp-json\/wp\/v2\/product_cat?post=8067"},{"taxonomy":"product_tag","embeddable":true,"href":"https:\/\/dosingpump.shop\/cz\/wp-json\/wp\/v2\/product_tag?post=8067"}],"curies":[{"name":"wp","href":"https:\/\/api.w.org\/{rel}","templated":true}]}}