{"id":8505,"date":"2025-10-31T10:49:38","date_gmt":"2025-10-31T08:49:38","guid":{"rendered":"https:\/\/dosingpump.shop\/product\/emec-ams-plus-02-60-fp-24vac\/"},"modified":"2026-02-27T14:50:53","modified_gmt":"2026-02-27T12:50:53","slug":"emec-ams-plus-02-60-fp-24vac","status":"publish","type":"product","link":"https:\/\/dosingpump.shop\/cz\/product\/emec-ams-plus-02-60-fp-24vac\/","title":{"rendered":"Emec AMS-PLUS 02-60 FP 24VAC"},"content":{"rendered":"<p>Emec AMS-PLUS 02-60 FP 24VAC je robustn\u00ed a univerz\u00e1ln\u00ed, horizont\u00e1ln\u011b montovan\u00e9, magnetem poh\u00e1n\u011bn\u00e9 d\u00e1vkovac\u00ed \u010derpadlo \u0159ady AMS, speci\u00e1ln\u011b navr\u017een\u00e9 pro aplikace vy\u017eaduj\u00edc\u00ed n\u00edzkonap\u011b\u0165ov\u00e9 nap\u00e1jen\u00ed 24 VAC. \u010cerpadlo je schopno konstantn\u00edho i proporcion\u00e1ln\u00edho d\u00e1vkov\u00e1n\u00ed, p\u0159i\u010dem\u017e proporcion\u00e1ln\u00ed d\u00e1vkov\u00e1n\u00ed reaguje na extern\u00ed pulzn\u00ed sign\u00e1l nebo proudov\u00fd sign\u00e1l 4-20 mA.<\/p>\n<p>Tento model s maxim\u00e1ln\u00ed kapacitou 60 litr\u016f za hodinu p\u0159i tlaku 2 bary je vhodn\u00fd pro aplikace s vysok\u00fdm pr\u016ftokem a n\u00edzk\u00fdm protitlakem. Ozna\u010den\u00ed \"FP\" znamen\u00e1 pou\u017eit\u00e9 materi\u00e1ly: t\u011bleso \u010derpadla z PVDF (polyvinylidenfluorid) a pevn\u00e1 membr\u00e1na z PTFE (teflon) s t\u011bsn\u011bn\u00edm z FPM (viton), co\u017e zaji\u0161\u0165uje vynikaj\u00edc\u00ed chemickou odolnost, tak\u017ee je toto \u010derpadlo vhodn\u00e9 pro d\u00e1vkov\u00e1n\u00ed r\u016fzn\u00fdch agresivn\u00edch chemik\u00e1li\u00ed a kyselin.<\/p>\n<p>Kl\u00ed\u010dovou funkc\u00ed syst\u00e9mu AMS-PLUS je vestav\u011bn\u00e1 kontrola hladiny, kter\u00e1 zastav\u00ed \u010derpadlo, jakmile je hladina chemik\u00e1li\u00ed v n\u00e1dr\u017ei p\u0159\u00edli\u0161 n\u00edzk\u00e1. P\u0159esnost d\u00e1vkov\u00e1n\u00ed lze jemn\u011b nastavit d\u00edky ru\u010dn\u011b nastaviteln\u00e9 d\u00e9lce zdvihu (od 0 do 100%) a regulaci ot\u00e1\u010dek pomoc\u00ed mikroprocesoru. \u010cerpadlo m\u00e1 stupe\u0148 kryt\u00ed IP65 a dod\u00e1v\u00e1 se s instala\u010dn\u00ed sadou sest\u00e1vaj\u00edc\u00ed ze sac\u00edho filtru s plov\u00e1kem, vst\u0159ikovac\u00edho ventilu a hadic.<\/p>","protected":false},"excerpt":{"rendered":"<p>Emec AMS Plus je univerz\u00e1ln\u00ed d\u00e1vkovac\u00ed \u010derpadlo, kter\u00e9 m\u016f\u017ee d\u00e1vkovat jak konstantn\u011b, tak proporcion\u00e1ln\u011b na z\u00e1klad\u011b extern\u00edho pulzn\u00edho sign\u00e1lu (nap\u0159. z vodom\u011bru). Tato verze s hlavou \u010derpadla z PVDF (FP) je velmi vhodn\u00e1 pro d\u00e1vkov\u00e1n\u00ed kyselin a jin\u00fdch agresivn\u00edch chemik\u00e1li\u00ed.<\/p>\n<ul>\n<li>Konstantn\u00ed a proporcion\u00e1ln\u00ed d\u00e1vkov\u00e1n\u00ed<\/li>\n<li>Hlava \u010derpadla z PVDF pro kyseliny<\/li>\n<li>\u0158\u00edzen\u00ed pomoc\u00ed extern\u00edho pulzn\u00edho sign\u00e1lu<\/li>\n<\/ul>","protected":false},"featured_media":5190,"template":"","meta":[],"product_brand":[],"product_cat":[85],"product_tag":[],"class_list":{"0":"post-8505","1":"product","2":"type-product","3":"status-publish","4":"has-post-thumbnail","6":"product_cat-assortiment","8":"first","9":"onbackorder","10":"taxable","11":"shipping-taxable","12":"purchasable","13":"product-type-simple"},"yoast_head":"<!-- This site is optimized with the Yoast SEO plugin v27.2 - https:\/\/yoast.com\/product\/yoast-seo-wordpress\/ -->\n<title>Emec AMS-PLUS 02-60 FP 24VAC - Dosing Pump Shop B.V.<\/title>\n<meta name=\"robots\" content=\"index, follow, max-snippet:-1, max-image-preview:large, max-video-preview:-1\" \/>\n<link rel=\"canonical\" href=\"https:\/\/dosingpump.shop\/cz\/produkt-2\/emec-ams-plus-02-60-fp-24vac\/\" \/>\n<meta property=\"og:locale\" content=\"cs_CZ\" \/>\n<meta property=\"og:type\" content=\"article\" \/>\n<meta property=\"og:title\" content=\"Emec AMS-PLUS 02-60 FP 24VAC - Dosing Pump Shop B.V.\" \/>\n<meta property=\"og:description\" content=\"De Emec AMS Plus is een veelzijdige doseerpomp die zowel constant als proportioneel kan doseren op basis van een extern pulssignaal (bijv. van een watermeter). Deze uitvoering met een PVDF (FP) pompkop is zeer geschikt voor het doseren van zuren en andere agressieve chemicali\u00ebn.   Constant en proportioneel doseren  PVDF pompkop voor zuren  Aansturing via extern pulssignaal\" \/>\n<meta property=\"og:url\" content=\"https:\/\/dosingpump.shop\/cz\/produkt-2\/emec-ams-plus-02-60-fp-24vac\/\" \/>\n<meta property=\"og:site_name\" content=\"Dosing Pump Shop B.V.\" \/>\n<meta property=\"article:modified_time\" content=\"2026-02-27T12:50:53+00:00\" \/>\n<meta property=\"og:image\" content=\"https:\/\/dosingpump.shop\/wp-content\/uploads\/2024\/12\/Emec-AMS-Series.webp\" \/>\n\t<meta property=\"og:image:width\" content=\"600\" \/>\n\t<meta property=\"og:image:height\" content=\"600\" \/>\n\t<meta property=\"og:image:type\" content=\"image\/webp\" \/>\n<meta name=\"twitter:card\" content=\"summary_large_image\" \/>\n<meta name=\"twitter:label1\" content=\"Cena\" \/>\n\t<meta name=\"twitter:data1\" content=\"&euro;922,00\" \/>\n\t<meta name=\"twitter:label2\" content=\"Dostupnost\" \/>\n\t<meta name=\"twitter:data2\" content=\"V extern\u00edm sklad\u011b\" \/>\n<script type=\"application\/ld+json\" class=\"yoast-schema-graph\">{\"@context\":\"https:\/\/schema.org\",\"@graph\":[{\"@type\":\"WebPage\",\"@id\":\"https:\/\/dosingpump.shop\/product\/emec-ams-plus-02-60-fp-24vac\/\",\"url\":\"https:\/\/dosingpump.shop\/product\/emec-ams-plus-02-60-fp-24vac\/\",\"name\":\"Emec AMS-PLUS 02-60 FP 24VAC - Dosing Pump Shop B.V.\",\"isPartOf\":{\"@id\":\"https:\/\/dosingpump.shop\/de\/#website\"},\"primaryImageOfPage\":{\"@id\":\"https:\/\/dosingpump.shop\/product\/emec-ams-plus-02-60-fp-24vac\/#primaryimage\"},\"image\":{\"@id\":\"https:\/\/dosingpump.shop\/product\/emec-ams-plus-02-60-fp-24vac\/#primaryimage\"},\"thumbnailUrl\":\"https:\/\/dosingpump.shop\/wp-content\/uploads\/2024\/12\/Emec-AMS-Series.webp\",\"datePublished\":\"2025-10-31T08:49:38+00:00\",\"dateModified\":\"2026-02-27T12:50:53+00:00\",\"breadcrumb\":{\"@id\":\"https:\/\/dosingpump.shop\/product\/emec-ams-plus-02-60-fp-24vac\/#breadcrumb\"},\"inLanguage\":\"cs\",\"potentialAction\":[{\"@type\":\"ReadAction\",\"target\":[\"https:\/\/dosingpump.shop\/product\/emec-ams-plus-02-60-fp-24vac\/\"]}]},{\"@type\":\"ImageObject\",\"inLanguage\":\"cs\",\"@id\":\"https:\/\/dosingpump.shop\/product\/emec-ams-plus-02-60-fp-24vac\/#primaryimage\",\"url\":\"https:\/\/dosingpump.shop\/wp-content\/uploads\/2024\/12\/Emec-AMS-Series.webp\",\"contentUrl\":\"https:\/\/dosingpump.shop\/wp-content\/uploads\/2024\/12\/Emec-AMS-Series.webp\",\"width\":600,\"height\":600},{\"@type\":\"BreadcrumbList\",\"@id\":\"https:\/\/dosingpump.shop\/product\/emec-ams-plus-02-60-fp-24vac\/#breadcrumb\",\"itemListElement\":[{\"@type\":\"ListItem\",\"position\":1,\"name\":\"Home\",\"item\":\"https:\/\/dosingpump.shop\/\"},{\"@type\":\"ListItem\",\"position\":2,\"name\":\"Shop\",\"item\":\"https:\/\/dosingpump.shop\/de\/shop\/\"},{\"@type\":\"ListItem\",\"position\":3,\"name\":\"Emec AMS-PLUS 02-60 FP 24VAC\"}]},{\"@type\":\"WebSite\",\"@id\":\"https:\/\/dosingpump.shop\/de\/#website\",\"url\":\"https:\/\/dosingpump.shop\/de\/\",\"name\":\"Dosing Pump Shop B.V.\",\"description\":\"\",\"publisher\":{\"@id\":\"https:\/\/dosingpump.shop\/de\/#organization\"},\"potentialAction\":[{\"@type\":\"SearchAction\",\"target\":{\"@type\":\"EntryPoint\",\"urlTemplate\":\"https:\/\/dosingpump.shop\/de\/?s={search_term_string}\"},\"query-input\":{\"@type\":\"PropertyValueSpecification\",\"valueRequired\":true,\"valueName\":\"search_term_string\"}}],\"inLanguage\":\"cs\"},{\"@type\":\"Organization\",\"@id\":\"https:\/\/dosingpump.shop\/de\/#organization\",\"name\":\"Dosing Pump Shop B.V.\",\"url\":\"https:\/\/dosingpump.shop\/de\/\",\"logo\":{\"@type\":\"ImageObject\",\"inLanguage\":\"cs\",\"@id\":\"https:\/\/dosingpump.shop\/de\/#\/schema\/logo\/image\/\",\"url\":\"https:\/\/dosingpump.shop\/wp-content\/uploads\/2024\/10\/Dosing-Pump-Shop-logo.png\",\"contentUrl\":\"https:\/\/dosingpump.shop\/wp-content\/uploads\/2024\/10\/Dosing-Pump-Shop-logo.png\",\"width\":350,\"height\":45,\"caption\":\"Dosing Pump Shop B.V.\"},\"image\":{\"@id\":\"https:\/\/dosingpump.shop\/de\/#\/schema\/logo\/image\/\"},\"sameAs\":[\"https:\/\/linkedin.com\/company\/dosing-pump-shop\"]}]}<\/script>\n<meta property=\"product:price:amount\" content=\"922.00\" \/>\n<meta property=\"product:price:currency\" content=\"EUR\" \/>\n<meta property=\"og:availability\" content=\"backorder\" \/>\n<meta property=\"product:availability\" content=\"available for order\" \/>\n<meta property=\"product:retailer_item_id\" content=\"AMU02060K0004G00A000\" \/>\n<meta property=\"product:condition\" content=\"new\" \/>\n<!-- \/ Yoast SEO plugin. -->","yoast_head_json":{"title":"Emec AMS-PLUS 02-60 FP 24VAC - Dosing Pump Shop B.V.","robots":{"index":"index","follow":"follow","max-snippet":"max-snippet:-1","max-image-preview":"max-image-preview:large","max-video-preview":"max-video-preview:-1"},"canonical":"https:\/\/dosingpump.shop\/cz\/produkt-2\/emec-ams-plus-02-60-fp-24vac\/","og_locale":"cs_CZ","og_type":"article","og_title":"Emec AMS-PLUS 02-60 FP 24VAC - Dosing Pump Shop B.V.","og_description":"De Emec AMS Plus is een veelzijdige doseerpomp die zowel constant als proportioneel kan doseren op basis van een extern pulssignaal (bijv. van een watermeter). Deze uitvoering met een PVDF (FP) pompkop is zeer geschikt voor het doseren van zuren en andere agressieve chemicali\u00ebn.   Constant en proportioneel doseren  PVDF pompkop voor zuren  Aansturing via extern pulssignaal","og_url":"https:\/\/dosingpump.shop\/cz\/produkt-2\/emec-ams-plus-02-60-fp-24vac\/","og_site_name":"Dosing Pump Shop B.V.","article_modified_time":"2026-02-27T12:50:53+00:00","og_image":[{"width":600,"height":600,"url":"https:\/\/dosingpump.shop\/wp-content\/uploads\/2024\/12\/Emec-AMS-Series.webp","type":"image\/webp"}],"twitter_card":"summary_large_image","twitter_misc":{"Cena":"&euro;922,00","Dostupnost":"V extern\u00edm sklad\u011b"},"schema":{"@context":"https:\/\/schema.org","@graph":[{"@type":"WebPage","@id":"https:\/\/dosingpump.shop\/product\/emec-ams-plus-02-60-fp-24vac\/","url":"https:\/\/dosingpump.shop\/product\/emec-ams-plus-02-60-fp-24vac\/","name":"Emec AMS-PLUS 02-60 FP 24VAC - Dosing Pump Shop B.V.","isPartOf":{"@id":"https:\/\/dosingpump.shop\/de\/#website"},"primaryImageOfPage":{"@id":"https:\/\/dosingpump.shop\/product\/emec-ams-plus-02-60-fp-24vac\/#primaryimage"},"image":{"@id":"https:\/\/dosingpump.shop\/product\/emec-ams-plus-02-60-fp-24vac\/#primaryimage"},"thumbnailUrl":"https:\/\/dosingpump.shop\/wp-content\/uploads\/2024\/12\/Emec-AMS-Series.webp","datePublished":"2025-10-31T08:49:38+00:00","dateModified":"2026-02-27T12:50:53+00:00","breadcrumb":{"@id":"https:\/\/dosingpump.shop\/product\/emec-ams-plus-02-60-fp-24vac\/#breadcrumb"},"inLanguage":"cs","potentialAction":[{"@type":"ReadAction","target":["https:\/\/dosingpump.shop\/product\/emec-ams-plus-02-60-fp-24vac\/"]}]},{"@type":"ImageObject","inLanguage":"cs","@id":"https:\/\/dosingpump.shop\/product\/emec-ams-plus-02-60-fp-24vac\/#primaryimage","url":"https:\/\/dosingpump.shop\/wp-content\/uploads\/2024\/12\/Emec-AMS-Series.webp","contentUrl":"https:\/\/dosingpump.shop\/wp-content\/uploads\/2024\/12\/Emec-AMS-Series.webp","width":600,"height":600},{"@type":"BreadcrumbList","@id":"https:\/\/dosingpump.shop\/product\/emec-ams-plus-02-60-fp-24vac\/#breadcrumb","itemListElement":[{"@type":"ListItem","position":1,"name":"Home","item":"https:\/\/dosingpump.shop\/"},{"@type":"ListItem","position":2,"name":"Shop","item":"https:\/\/dosingpump.shop\/de\/shop\/"},{"@type":"ListItem","position":3,"name":"Emec AMS-PLUS 02-60 FP 24VAC"}]},{"@type":"WebSite","@id":"https:\/\/dosingpump.shop\/de\/#website","url":"https:\/\/dosingpump.shop\/de\/","name":"Dosing Pump Shop B.V.","description":"","publisher":{"@id":"https:\/\/dosingpump.shop\/de\/#organization"},"potentialAction":[{"@type":"SearchAction","target":{"@type":"EntryPoint","urlTemplate":"https:\/\/dosingpump.shop\/de\/?s={search_term_string}"},"query-input":{"@type":"PropertyValueSpecification","valueRequired":true,"valueName":"search_term_string"}}],"inLanguage":"cs"},{"@type":"Organization","@id":"https:\/\/dosingpump.shop\/de\/#organization","name":"Dosing Pump Shop B.V.","url":"https:\/\/dosingpump.shop\/de\/","logo":{"@type":"ImageObject","inLanguage":"cs","@id":"https:\/\/dosingpump.shop\/de\/#\/schema\/logo\/image\/","url":"https:\/\/dosingpump.shop\/wp-content\/uploads\/2024\/10\/Dosing-Pump-Shop-logo.png","contentUrl":"https:\/\/dosingpump.shop\/wp-content\/uploads\/2024\/10\/Dosing-Pump-Shop-logo.png","width":350,"height":45,"caption":"Dosing Pump Shop B.V."},"image":{"@id":"https:\/\/dosingpump.shop\/de\/#\/schema\/logo\/image\/"},"sameAs":["https:\/\/linkedin.com\/company\/dosing-pump-shop"]}]},"product_price_amount":"922.00","product_price_currency":"EUR","og_availability":"backorder","product_availability":"available for order","product_retailer_item_id":"AMU02060K0004G00A000","product_condition":"new"},"_links":{"self":[{"href":"https:\/\/dosingpump.shop\/cz\/wp-json\/wp\/v2\/product\/8505","targetHints":{"allow":["GET"]}}],"collection":[{"href":"https:\/\/dosingpump.shop\/cz\/wp-json\/wp\/v2\/product"}],"about":[{"href":"https:\/\/dosingpump.shop\/cz\/wp-json\/wp\/v2\/types\/product"}],"wp:featuredmedia":[{"embeddable":true,"href":"https:\/\/dosingpump.shop\/cz\/wp-json\/wp\/v2\/media\/5190"}],"wp:attachment":[{"href":"https:\/\/dosingpump.shop\/cz\/wp-json\/wp\/v2\/media?parent=8505"}],"wp:term":[{"taxonomy":"product_brand","embeddable":true,"href":"https:\/\/dosingpump.shop\/cz\/wp-json\/wp\/v2\/product_brand?post=8505"},{"taxonomy":"product_cat","embeddable":true,"href":"https:\/\/dosingpump.shop\/cz\/wp-json\/wp\/v2\/product_cat?post=8505"},{"taxonomy":"product_tag","embeddable":true,"href":"https:\/\/dosingpump.shop\/cz\/wp-json\/wp\/v2\/product_tag?post=8505"}],"curies":[{"name":"wp","href":"https:\/\/api.w.org\/{rel}","templated":true}]}}