{"id":8539,"date":"2025-11-14T15:26:22","date_gmt":"2025-11-14T13:26:22","guid":{"rendered":"https:\/\/dosingpump.shop\/product\/emec-ams-plus-03-40-fp-230vac-4\/"},"modified":"2026-02-27T14:50:54","modified_gmt":"2026-02-27T12:50:54","slug":"emec-ams-plus-03-40-fp-230vac-4","status":"publish","type":"product","link":"https:\/\/dosingpump.shop\/cz\/product\/emec-ams-plus-03-40-fp-230vac-4\/","title":{"rendered":"Emec AMS-PLUS 03-40 FP 230VAC"},"content":{"rendered":"<p>Emec AMS-PLUS 03-40 FP 230VAC je robustn\u00ed a univerz\u00e1ln\u00ed, horizont\u00e1ln\u011b montovan\u00e9, magnetem poh\u00e1n\u011bn\u00e9 d\u00e1vkovac\u00ed \u010derpadlo \u0159ady AMS. Tento konkr\u00e9tn\u00ed model je navr\u017een pro konstantn\u00ed i proporcion\u00e1ln\u00ed d\u00e1vkov\u00e1n\u00ed v\u010detn\u011b regulace hladiny.<\/p>\n<p>V konstantn\u00edm re\u017eimu dod\u00e1v\u00e1 \u010derpadlo pevn\u00e9 mno\u017estv\u00ed kapaliny. V proporcion\u00e1ln\u00edm re\u017eimu upravuje d\u00e1vkov\u00e1n\u00ed na z\u00e1klad\u011b extern\u00edho sign\u00e1lu, jako je impulz (nap\u0159. z vodom\u011bru) nebo proudov\u00fd sign\u00e1l 4-20 mA. D\u00edky tomu je \u010derpadlo ide\u00e1ln\u00ed pro aplikace, kde je t\u0159eba d\u00e1vkov\u00e1n\u00ed p\u0159esn\u011b p\u0159izp\u016fsobit pot\u0159eb\u00e1m procesu.<\/p>\n<p>D\u00e1vkovac\u00ed kapacita tohoto modelu je 40 litr\u016f za hodinu p\u0159i maxim\u00e1ln\u00edm tlaku 3 bary. Tato konfigurace je vhodn\u00e1 zejm\u00e9na pro d\u00e1vkov\u00e1n\u00ed chemik\u00e1li\u00ed, jako je chlornan sodn\u00fd (chlor) a louh sodn\u00fd, proto\u017ee tyto materi\u00e1ly maj\u00ed vynikaj\u00edc\u00ed odolnost v\u016f\u010di alkalick\u00fdm a oxida\u010dn\u00edm \u010dinidl\u016fm.<\/p>\n<p>\u010cerpadlo je vybaveno ru\u010dn\u011b nastavitelnou d\u00e9lkou zdvihu (od 0 do 100%) a elektronick\u00fdm \u0159\u00edzen\u00edm frekvence zdvihu, co\u017e zaji\u0161\u0165uje p\u0159esn\u00e9 a spolehliv\u00e9 d\u00e1vkov\u00e1n\u00ed. \u010cerpadlo se dod\u00e1v\u00e1 s kompletn\u00ed instala\u010dn\u00ed sadou (sac\u00ed filtr s plov\u00e1kem, vst\u0159ikovac\u00ed ventil a hadice) a m\u00e1 stupe\u0148 kryt\u00ed IP65.<\/p>","protected":false},"excerpt":{"rendered":"<p>Emec AMS Plus je univerz\u00e1ln\u00ed d\u00e1vkovac\u00ed \u010derpadlo, kter\u00e9 m\u016f\u017ee d\u00e1vkovat jak konstantn\u011b, tak proporcion\u00e1ln\u011b na z\u00e1klad\u011b extern\u00edho pulzn\u00edho sign\u00e1lu (nap\u0159. z vodom\u011bru). Tato verze s hlavou \u010derpadla z PVDF (FP) je velmi vhodn\u00e1 pro d\u00e1vkov\u00e1n\u00ed kyselin a jin\u00fdch agresivn\u00edch chemik\u00e1li\u00ed.<\/p>\n<ul>\n<li>Konstantn\u00ed a proporcion\u00e1ln\u00ed d\u00e1vkov\u00e1n\u00ed<\/li>\n<li>Hlava \u010derpadla z PVDF pro kyseliny<\/li>\n<li>\u0158\u00edzen\u00ed pomoc\u00ed extern\u00edho pulzn\u00edho sign\u00e1lu<\/li>\n<\/ul>","protected":false},"featured_media":5190,"template":"","meta":[],"product_brand":[],"product_cat":[85],"product_tag":[],"class_list":{"0":"post-8539","1":"product","2":"type-product","3":"status-publish","4":"has-post-thumbnail","6":"product_cat-assortiment","8":"first","9":"onbackorder","10":"taxable","11":"shipping-taxable","12":"purchasable","13":"product-type-simple"},"yoast_head":"<!-- This site is optimized with the Yoast SEO plugin v27.2 - https:\/\/yoast.com\/product\/yoast-seo-wordpress\/ -->\n<title>Emec AMS-PLUS 03-40 FP 230VAC - Dosing Pump Shop B.V.<\/title>\n<meta name=\"robots\" content=\"index, follow, max-snippet:-1, max-image-preview:large, max-video-preview:-1\" \/>\n<link rel=\"canonical\" href=\"https:\/\/dosingpump.shop\/cz\/produkt-2\/emec-ams-plus-03-40-fp-230vac-4\/\" \/>\n<meta property=\"og:locale\" content=\"cs_CZ\" \/>\n<meta property=\"og:type\" content=\"article\" \/>\n<meta property=\"og:title\" content=\"Emec AMS-PLUS 03-40 FP 230VAC - Dosing Pump Shop B.V.\" \/>\n<meta property=\"og:description\" content=\"De Emec AMS Plus is een veelzijdige doseerpomp die zowel constant als proportioneel kan doseren op basis van een extern pulssignaal (bijv. van een watermeter). Deze uitvoering met een PVDF (FP) pompkop is zeer geschikt voor het doseren van zuren en andere agressieve chemicali\u00ebn.   Constant en proportioneel doseren  PVDF pompkop voor zuren  Aansturing via extern pulssignaal\" \/>\n<meta property=\"og:url\" content=\"https:\/\/dosingpump.shop\/cz\/produkt-2\/emec-ams-plus-03-40-fp-230vac-4\/\" \/>\n<meta property=\"og:site_name\" content=\"Dosing Pump Shop B.V.\" \/>\n<meta property=\"article:modified_time\" content=\"2026-02-27T12:50:54+00:00\" \/>\n<meta property=\"og:image\" content=\"https:\/\/dosingpump.shop\/wp-content\/uploads\/2024\/12\/Emec-AMS-Series.webp\" \/>\n\t<meta property=\"og:image:width\" content=\"600\" \/>\n\t<meta property=\"og:image:height\" content=\"600\" \/>\n\t<meta property=\"og:image:type\" content=\"image\/webp\" \/>\n<meta name=\"twitter:card\" content=\"summary_large_image\" \/>\n<meta name=\"twitter:label1\" content=\"Cena\" \/>\n\t<meta name=\"twitter:data1\" content=\"&euro;875,00\" \/>\n\t<meta name=\"twitter:label2\" content=\"Dostupnost\" \/>\n\t<meta name=\"twitter:data2\" content=\"V extern\u00edm sklad\u011b\" \/>\n<script type=\"application\/ld+json\" class=\"yoast-schema-graph\">{\"@context\":\"https:\/\/schema.org\",\"@graph\":[{\"@type\":\"WebPage\",\"@id\":\"https:\/\/dosingpump.shop\/product\/emec-ams-plus-03-40-fp-230vac-4\/\",\"url\":\"https:\/\/dosingpump.shop\/product\/emec-ams-plus-03-40-fp-230vac-4\/\",\"name\":\"Emec AMS-PLUS 03-40 FP 230VAC - Dosing Pump Shop B.V.\",\"isPartOf\":{\"@id\":\"https:\/\/dosingpump.shop\/de\/#website\"},\"primaryImageOfPage\":{\"@id\":\"https:\/\/dosingpump.shop\/product\/emec-ams-plus-03-40-fp-230vac-4\/#primaryimage\"},\"image\":{\"@id\":\"https:\/\/dosingpump.shop\/product\/emec-ams-plus-03-40-fp-230vac-4\/#primaryimage\"},\"thumbnailUrl\":\"https:\/\/dosingpump.shop\/wp-content\/uploads\/2024\/12\/Emec-AMS-Series.webp\",\"datePublished\":\"2025-11-14T13:26:22+00:00\",\"dateModified\":\"2026-02-27T12:50:54+00:00\",\"breadcrumb\":{\"@id\":\"https:\/\/dosingpump.shop\/product\/emec-ams-plus-03-40-fp-230vac-4\/#breadcrumb\"},\"inLanguage\":\"cs\",\"potentialAction\":[{\"@type\":\"ReadAction\",\"target\":[\"https:\/\/dosingpump.shop\/product\/emec-ams-plus-03-40-fp-230vac-4\/\"]}]},{\"@type\":\"ImageObject\",\"inLanguage\":\"cs\",\"@id\":\"https:\/\/dosingpump.shop\/product\/emec-ams-plus-03-40-fp-230vac-4\/#primaryimage\",\"url\":\"https:\/\/dosingpump.shop\/wp-content\/uploads\/2024\/12\/Emec-AMS-Series.webp\",\"contentUrl\":\"https:\/\/dosingpump.shop\/wp-content\/uploads\/2024\/12\/Emec-AMS-Series.webp\",\"width\":600,\"height\":600},{\"@type\":\"BreadcrumbList\",\"@id\":\"https:\/\/dosingpump.shop\/product\/emec-ams-plus-03-40-fp-230vac-4\/#breadcrumb\",\"itemListElement\":[{\"@type\":\"ListItem\",\"position\":1,\"name\":\"Home\",\"item\":\"https:\/\/dosingpump.shop\/\"},{\"@type\":\"ListItem\",\"position\":2,\"name\":\"Shop\",\"item\":\"https:\/\/dosingpump.shop\/de\/shop\/\"},{\"@type\":\"ListItem\",\"position\":3,\"name\":\"Emec AMS-PLUS 03-40 FP 230VAC\"}]},{\"@type\":\"WebSite\",\"@id\":\"https:\/\/dosingpump.shop\/de\/#website\",\"url\":\"https:\/\/dosingpump.shop\/de\/\",\"name\":\"Dosing Pump Shop B.V.\",\"description\":\"\",\"publisher\":{\"@id\":\"https:\/\/dosingpump.shop\/de\/#organization\"},\"potentialAction\":[{\"@type\":\"SearchAction\",\"target\":{\"@type\":\"EntryPoint\",\"urlTemplate\":\"https:\/\/dosingpump.shop\/de\/?s={search_term_string}\"},\"query-input\":{\"@type\":\"PropertyValueSpecification\",\"valueRequired\":true,\"valueName\":\"search_term_string\"}}],\"inLanguage\":\"cs\"},{\"@type\":\"Organization\",\"@id\":\"https:\/\/dosingpump.shop\/de\/#organization\",\"name\":\"Dosing Pump Shop B.V.\",\"url\":\"https:\/\/dosingpump.shop\/de\/\",\"logo\":{\"@type\":\"ImageObject\",\"inLanguage\":\"cs\",\"@id\":\"https:\/\/dosingpump.shop\/de\/#\/schema\/logo\/image\/\",\"url\":\"https:\/\/dosingpump.shop\/wp-content\/uploads\/2024\/10\/Dosing-Pump-Shop-logo.png\",\"contentUrl\":\"https:\/\/dosingpump.shop\/wp-content\/uploads\/2024\/10\/Dosing-Pump-Shop-logo.png\",\"width\":350,\"height\":45,\"caption\":\"Dosing Pump Shop B.V.\"},\"image\":{\"@id\":\"https:\/\/dosingpump.shop\/de\/#\/schema\/logo\/image\/\"},\"sameAs\":[\"https:\/\/linkedin.com\/company\/dosing-pump-shop\"]}]}<\/script>\n<meta property=\"product:price:amount\" content=\"875.00\" \/>\n<meta property=\"product:price:currency\" content=\"EUR\" \/>\n<meta property=\"og:availability\" content=\"backorder\" \/>\n<meta property=\"product:availability\" content=\"available for order\" \/>\n<meta property=\"product:retailer_item_id\" content=\"AMU03040K0000V00A000\" \/>\n<meta property=\"product:condition\" content=\"new\" \/>\n<!-- \/ Yoast SEO plugin. -->","yoast_head_json":{"title":"Emec AMS-PLUS 03-40 FP 230VAC - Dosing Pump Shop B.V.","robots":{"index":"index","follow":"follow","max-snippet":"max-snippet:-1","max-image-preview":"max-image-preview:large","max-video-preview":"max-video-preview:-1"},"canonical":"https:\/\/dosingpump.shop\/cz\/produkt-2\/emec-ams-plus-03-40-fp-230vac-4\/","og_locale":"cs_CZ","og_type":"article","og_title":"Emec AMS-PLUS 03-40 FP 230VAC - Dosing Pump Shop B.V.","og_description":"De Emec AMS Plus is een veelzijdige doseerpomp die zowel constant als proportioneel kan doseren op basis van een extern pulssignaal (bijv. van een watermeter). Deze uitvoering met een PVDF (FP) pompkop is zeer geschikt voor het doseren van zuren en andere agressieve chemicali\u00ebn.   Constant en proportioneel doseren  PVDF pompkop voor zuren  Aansturing via extern pulssignaal","og_url":"https:\/\/dosingpump.shop\/cz\/produkt-2\/emec-ams-plus-03-40-fp-230vac-4\/","og_site_name":"Dosing Pump Shop B.V.","article_modified_time":"2026-02-27T12:50:54+00:00","og_image":[{"width":600,"height":600,"url":"https:\/\/dosingpump.shop\/wp-content\/uploads\/2024\/12\/Emec-AMS-Series.webp","type":"image\/webp"}],"twitter_card":"summary_large_image","twitter_misc":{"Cena":"&euro;875,00","Dostupnost":"V extern\u00edm sklad\u011b"},"schema":{"@context":"https:\/\/schema.org","@graph":[{"@type":"WebPage","@id":"https:\/\/dosingpump.shop\/product\/emec-ams-plus-03-40-fp-230vac-4\/","url":"https:\/\/dosingpump.shop\/product\/emec-ams-plus-03-40-fp-230vac-4\/","name":"Emec AMS-PLUS 03-40 FP 230VAC - Dosing Pump Shop B.V.","isPartOf":{"@id":"https:\/\/dosingpump.shop\/de\/#website"},"primaryImageOfPage":{"@id":"https:\/\/dosingpump.shop\/product\/emec-ams-plus-03-40-fp-230vac-4\/#primaryimage"},"image":{"@id":"https:\/\/dosingpump.shop\/product\/emec-ams-plus-03-40-fp-230vac-4\/#primaryimage"},"thumbnailUrl":"https:\/\/dosingpump.shop\/wp-content\/uploads\/2024\/12\/Emec-AMS-Series.webp","datePublished":"2025-11-14T13:26:22+00:00","dateModified":"2026-02-27T12:50:54+00:00","breadcrumb":{"@id":"https:\/\/dosingpump.shop\/product\/emec-ams-plus-03-40-fp-230vac-4\/#breadcrumb"},"inLanguage":"cs","potentialAction":[{"@type":"ReadAction","target":["https:\/\/dosingpump.shop\/product\/emec-ams-plus-03-40-fp-230vac-4\/"]}]},{"@type":"ImageObject","inLanguage":"cs","@id":"https:\/\/dosingpump.shop\/product\/emec-ams-plus-03-40-fp-230vac-4\/#primaryimage","url":"https:\/\/dosingpump.shop\/wp-content\/uploads\/2024\/12\/Emec-AMS-Series.webp","contentUrl":"https:\/\/dosingpump.shop\/wp-content\/uploads\/2024\/12\/Emec-AMS-Series.webp","width":600,"height":600},{"@type":"BreadcrumbList","@id":"https:\/\/dosingpump.shop\/product\/emec-ams-plus-03-40-fp-230vac-4\/#breadcrumb","itemListElement":[{"@type":"ListItem","position":1,"name":"Home","item":"https:\/\/dosingpump.shop\/"},{"@type":"ListItem","position":2,"name":"Shop","item":"https:\/\/dosingpump.shop\/de\/shop\/"},{"@type":"ListItem","position":3,"name":"Emec AMS-PLUS 03-40 FP 230VAC"}]},{"@type":"WebSite","@id":"https:\/\/dosingpump.shop\/de\/#website","url":"https:\/\/dosingpump.shop\/de\/","name":"Dosing Pump Shop B.V.","description":"","publisher":{"@id":"https:\/\/dosingpump.shop\/de\/#organization"},"potentialAction":[{"@type":"SearchAction","target":{"@type":"EntryPoint","urlTemplate":"https:\/\/dosingpump.shop\/de\/?s={search_term_string}"},"query-input":{"@type":"PropertyValueSpecification","valueRequired":true,"valueName":"search_term_string"}}],"inLanguage":"cs"},{"@type":"Organization","@id":"https:\/\/dosingpump.shop\/de\/#organization","name":"Dosing Pump Shop B.V.","url":"https:\/\/dosingpump.shop\/de\/","logo":{"@type":"ImageObject","inLanguage":"cs","@id":"https:\/\/dosingpump.shop\/de\/#\/schema\/logo\/image\/","url":"https:\/\/dosingpump.shop\/wp-content\/uploads\/2024\/10\/Dosing-Pump-Shop-logo.png","contentUrl":"https:\/\/dosingpump.shop\/wp-content\/uploads\/2024\/10\/Dosing-Pump-Shop-logo.png","width":350,"height":45,"caption":"Dosing Pump Shop B.V."},"image":{"@id":"https:\/\/dosingpump.shop\/de\/#\/schema\/logo\/image\/"},"sameAs":["https:\/\/linkedin.com\/company\/dosing-pump-shop"]}]},"product_price_amount":"875.00","product_price_currency":"EUR","og_availability":"backorder","product_availability":"available for order","product_retailer_item_id":"AMU03040K0000V00A000","product_condition":"new"},"_links":{"self":[{"href":"https:\/\/dosingpump.shop\/cz\/wp-json\/wp\/v2\/product\/8539","targetHints":{"allow":["GET"]}}],"collection":[{"href":"https:\/\/dosingpump.shop\/cz\/wp-json\/wp\/v2\/product"}],"about":[{"href":"https:\/\/dosingpump.shop\/cz\/wp-json\/wp\/v2\/types\/product"}],"wp:featuredmedia":[{"embeddable":true,"href":"https:\/\/dosingpump.shop\/cz\/wp-json\/wp\/v2\/media\/5190"}],"wp:attachment":[{"href":"https:\/\/dosingpump.shop\/cz\/wp-json\/wp\/v2\/media?parent=8539"}],"wp:term":[{"taxonomy":"product_brand","embeddable":true,"href":"https:\/\/dosingpump.shop\/cz\/wp-json\/wp\/v2\/product_brand?post=8539"},{"taxonomy":"product_cat","embeddable":true,"href":"https:\/\/dosingpump.shop\/cz\/wp-json\/wp\/v2\/product_cat?post=8539"},{"taxonomy":"product_tag","embeddable":true,"href":"https:\/\/dosingpump.shop\/cz\/wp-json\/wp\/v2\/product_tag?post=8539"}],"curies":[{"name":"wp","href":"https:\/\/api.w.org\/{rel}","templated":true}]}}