{"id":8731,"date":"2026-03-14T21:14:46","date_gmt":"2026-03-14T20:14:46","guid":{"rendered":"https:\/\/dosingpump.shop\/?post_type=product&#038;p=8731"},"modified":"2026-03-14T21:45:37","modified_gmt":"2026-03-14T20:45:37","slug":"drzak-kanystru-s-odkapavaci-miskou-pro-davkovaci-cerpadlo-25-l-z-oceli-s-povrchovou-upravou","status":"publish","type":"product","link":"https:\/\/dosingpump.shop\/cz\/product\/jerrycan-houder-met-lekbak-voor-doseerpomp-25l-gecoat-staal\/","title":{"rendered":"Dr\u017e\u00e1k kanystru s odkap\u00e1vac\u00ed miskou pro d\u00e1vkovac\u00ed \u010derpadlo - 25 l | ocel s povrchovou \u00fapravou"},"content":{"rendered":"<h2 data-section-id=\"r8g57z\" data-start=\"1324\" data-end=\"1371\">Dr\u017e\u00e1k kanystru s odkap\u00e1vac\u00ed miskou pro d\u00e1vkovac\u00ed \u010derpadla<\/h2>\n<p data-start=\"1373\" data-end=\"1658\">Tento profesion\u00e1ln\u00ed <strong data-start=\"1392\" data-end=\"1422\">dr\u017e\u00e1k na kanystr s odkap\u00e1vac\u00ed miskou<\/strong> je ur\u010den pro bezpe\u010dn\u00e9 um\u00edst\u011bn\u00ed n\u00e1dob s chemik\u00e1liemi v kombinaci s d\u00e1vkovac\u00edm \u010derpadlem. Dr\u017e\u00e1k nab\u00edz\u00ed prostor pro <strong data-start=\"1554\" data-end=\"1579\">kanystr o objemu a\u017e 25 litr\u016f<\/strong> a umo\u017e\u0148uje mont\u00e1\u017e d\u00e1vkovac\u00edho \u010derpadla p\u0159\u00edmo nad z\u00e1sobn\u00edk.<\/p>\n<p data-start=\"1660\" data-end=\"1810\">Integrovan\u00e1 mont\u00e1\u017en\u00ed deska vytv\u00e1\u0159\u00ed kompaktn\u00ed a pohodln\u00e9 d\u00e1vkovac\u00ed za\u0159\u00edzen\u00ed, kde jsou \u010derpadlo, kanystr a odkap\u00e1vac\u00ed miska \u00fahledn\u011b uspo\u0159\u00e1d\u00e1ny dohromady.<\/p>\n<p data-start=\"1812\" data-end=\"2002\">Dr\u017e\u00e1k je vyroben z <strong data-start=\"1841\" data-end=\"1887\">vysoce kvalitn\u00ed ocel s odolnou povrchovou \u00fapravou<\/strong>, tak\u017ee je vhodn\u00fd pro pou\u017eit\u00ed v pr\u016fmyslov\u00e9m a technick\u00e9m prost\u0159ed\u00ed, kde se pou\u017e\u00edvaj\u00ed chemick\u00e9 l\u00e1tky.<\/p>\n<h3 data-section-id=\"1xaqgd4\" data-start=\"2004\" data-end=\"2028\">Integrovan\u00e1 odkap\u00e1vac\u00ed miska<\/h3>\n<p data-start=\"2030\" data-end=\"2252\">Dr\u017e\u00e1k je vybaven <strong data-start=\"2060\" data-end=\"2094\">odkap\u00e1vac\u00ed miska s odn\u00edmatelnou m\u0159\u00ed\u017ekou<\/strong>. P\u0159\u00edpadn\u00e9 \u00faniky nebo rozlit\u00ed jsou tak okam\u017eit\u011b zachyceny, \u010d\u00edm\u017e se udr\u017euje \u010distota za\u0159\u00edzen\u00ed a sni\u017euje se riziko kontaminace nebo po\u0161kozen\u00ed.<\/p>\n<h3 data-section-id=\"1w6voil\" data-start=\"2254\" data-end=\"2292\">Stabiln\u00ed a praktick\u00e1 konstrukce<\/h3>\n<p data-start=\"2294\" data-end=\"2446\">Dr\u017e\u00e1k kanystru je vybaven <strong data-start=\"2330\" data-end=\"2360\">\u010dty\u0159i nastaviteln\u00e9 no\u017ei\u010dky<\/strong>, co\u017e umo\u017e\u0148uje snadn\u00e9 vyrovn\u00e1n\u00ed jednotky i na nerovn\u00e9m povrchu.<\/p>\n<p data-start=\"2448\" data-end=\"2574\">Krom\u011b toho <strong data-start=\"2468\" data-end=\"2499\">\u00fachyty na obou stran\u00e1ch<\/strong> zajistit, aby bylo mo\u017en\u00e9 dr\u017e\u00e1k v p\u0159\u00edpad\u011b pot\u0159eby snadno p\u0159em\u00edstit.<\/p>\n<h3 data-section-id=\"7gxsde\" data-start=\"2576\" data-end=\"2592\">Aplikace<\/h3>\n<p data-start=\"2594\" data-end=\"2647\">Tento dr\u017e\u00e1k se hojn\u011b pou\u017e\u00edv\u00e1 v instalac\u00edch pro:<\/p>\n<p data-start=\"2649\" data-end=\"2755\">- \u00faprava vody<br data-start=\"2667\" data-end=\"2670\" \/>- baz\u00e9ny<br data-start=\"2681\" data-end=\"2684\" \/>- pr\u016fmyslov\u00e9 procesy<br data-start=\"2707\" data-end=\"2710\" \/>- \u010distic\u00ed syst\u00e9my<br data-start=\"2730\" data-end=\"2733\" \/>- d\u00e1vkov\u00e1n\u00ed chemik\u00e1li\u00ed<\/p>\n<p data-start=\"2757\" data-end=\"2873\">Mont\u00e1\u017en\u00ed deska je vhodn\u00e1 pro v\u011bt\u0161inu <strong data-start=\"2800\" data-end=\"2825\">membr\u00e1nov\u00e1 d\u00e1vkovac\u00ed \u010derpadla<\/strong>, v\u010detn\u011b n\u011bkolika model\u016f <strong data-start=\"2864\" data-end=\"2872\">EMEC<\/strong>.<\/p>\n<h1 data-section-id=\"1rpbep8\" data-start=\"2880\" data-end=\"2906\">Technick\u00e9 specifikace<\/h1>\n<div class=\"TyagGW_tableContainer\">\n<div class=\"group TyagGW_tableWrapper flex flex-col-reverse w-fit\" tabindex=\"-1\">\n<table class=\"w-fit min-w-(--thread-content-width)\" data-start=\"2908\" data-end=\"3353\">\n<thead data-start=\"2908\" data-end=\"2937\">\n<tr data-start=\"2908\" data-end=\"2937\">\n<th class=\"\" data-start=\"2908\" data-end=\"2921\" data-col-size=\"sm\">Funkce<\/th>\n<th class=\"\" data-start=\"2921\" data-end=\"2937\" data-col-size=\"sm\">Specifikace<\/th>\n<\/tr>\n<\/thead>\n<tbody data-start=\"2948\" data-end=\"3353\">\n<tr data-start=\"2948\" data-end=\"2988\">\n<td data-start=\"2948\" data-end=\"2958\" data-col-size=\"sm\">Produkt<\/td>\n<td data-start=\"2958\" data-end=\"2988\" data-col-size=\"sm\">Dr\u017e\u00e1k na kanystr s odkap\u00e1vac\u00ed miskou<\/td>\n<\/tr>\n<tr data-start=\"2989\" data-end=\"3010\">\n<td data-start=\"2989\" data-end=\"3001\" data-col-size=\"sm\">Materi\u00e1l<\/td>\n<td data-start=\"3001\" data-end=\"3010\" data-col-size=\"sm\">Ocel<\/td>\n<\/tr>\n<tr data-start=\"3011\" data-end=\"3054\">\n<td data-start=\"3011\" data-end=\"3023\" data-col-size=\"sm\">Dokon\u010den\u00ed<\/td>\n<td data-start=\"3023\" data-end=\"3054\" data-col-size=\"sm\">Povlak odoln\u00fd proti chemik\u00e1li\u00edm<\/td>\n<\/tr>\n<tr data-start=\"3055\" data-end=\"3093\">\n<td data-start=\"3055\" data-end=\"3077\" data-col-size=\"sm\">Kapacita kanystru<\/td>\n<td data-start=\"3077\" data-end=\"3093\" data-col-size=\"sm\">A\u017e 25 litr\u016f<\/td>\n<\/tr>\n<tr data-start=\"3094\" data-end=\"3123\">\n<td data-start=\"3094\" data-end=\"3103\" data-col-size=\"sm\">Odkap\u00e1vac\u00ed miska<\/td>\n<td data-start=\"3103\" data-end=\"3123\" data-col-size=\"sm\">Ano, integrovan\u00fd<\/td>\n<\/tr>\n<tr data-start=\"3124\" data-end=\"3149\">\n<td data-start=\"3124\" data-end=\"3134\" data-col-size=\"sm\">S\u00ed\u0165<\/td>\n<td data-start=\"3134\" data-end=\"3149\" data-col-size=\"sm\">Odn\u00edmateln\u00fd<\/td>\n<\/tr>\n<tr data-start=\"3150\" data-end=\"3181\">\n<td data-start=\"3150\" data-end=\"3175\" data-col-size=\"sm\">Mont\u00e1\u017en\u00ed deska pro \u010derpadlo<\/td>\n<td data-start=\"3175\" data-end=\"3181\" data-col-size=\"sm\">Ano<\/td>\n<\/tr>\n<tr data-start=\"3182\" data-end=\"3221\">\n<td data-start=\"3182\" data-end=\"3194\" data-col-size=\"sm\">Nohy<\/td>\n<td data-start=\"3194\" data-end=\"3221\" data-col-size=\"sm\">4 nastaviteln\u00e9 nastaviteln\u00e9 no\u017ei\u010dky<\/td>\n<\/tr>\n<tr data-start=\"3222\" data-end=\"3259\">\n<td data-start=\"3222\" data-end=\"3235\" data-col-size=\"sm\">Rukojeti<\/td>\n<td data-start=\"3235\" data-end=\"3259\" data-col-size=\"sm\">Ano, na obou stran\u00e1ch<\/td>\n<\/tr>\n<tr data-start=\"3260\" data-end=\"3310\">\n<td data-start=\"3260\" data-end=\"3273\" data-col-size=\"sm\">Aplikace<\/td>\n<td data-start=\"3273\" data-end=\"3310\" data-col-size=\"sm\">D\u00e1vkovac\u00ed \u010derpadla \/ d\u00e1vkov\u00e1n\u00ed chemik\u00e1li\u00ed<\/td>\n<\/tr>\n<tr data-start=\"3311\" data-end=\"3353\">\n<td data-start=\"3311\" data-end=\"3327\" data-col-size=\"sm\">Vhodn\u00e9 pro<\/td>\n<td data-start=\"3327\" data-end=\"3353\" data-col-size=\"sm\">mimo jin\u00e9 d\u00e1vkovac\u00ed \u010derpadla EMEC<\/td>\n<\/tr>\n<\/tbody>\n<\/table>\n<\/div>\n<\/div>","protected":false},"excerpt":{"rendered":"<p data-start=\"557\" data-end=\"820\">Tento <strong data-start=\"562\" data-end=\"606\">dr\u017e\u00e1k na kanystr s integrovanou odkap\u00e1vac\u00ed miskou<\/strong> je navr\u017een pro bezpe\u010dnou a pohodlnou instalaci d\u00e1vkovac\u00edch \u010derpadel. Dr\u017e\u00e1k poskytuje prostor pro <strong data-start=\"714\" data-end=\"740\">kanystry do 25 litr\u016f<\/strong> a je vybaven robustn\u00ed mont\u00e1\u017en\u00ed deskou pro mont\u00e1\u017e d\u00e1vkovac\u00edho \u010derpadla.<\/p>\n<p data-start=\"822\" data-end=\"1031\">Dr\u017e\u00e1k je vyroben z <strong data-start=\"851\" data-end=\"867\">ocel s povrchovou \u00fapravou<\/strong> a vybaven <strong data-start=\"884\" data-end=\"911\">4 nastaviteln\u00e9 nastaviteln\u00e9 no\u017ei\u010dky<\/strong> pro stabiln\u00ed um\u00edst\u011bn\u00ed. D\u00edky <strong data-start=\"948\" data-end=\"988\">praktick\u00e1 bo\u010dn\u00ed madla<\/strong> dr\u017e\u00e1k lze snadno p\u0159em\u00edstit.<\/p>\n<p data-start=\"1033\" data-end=\"1143\">Integrovan\u00e1 odkap\u00e1vac\u00ed miska s m\u0159\u00ed\u017ekou zaji\u0161\u0165uje, \u017ee p\u0159\u00edpadn\u00e9 rozlit\u00ed nebo \u00fanik tekutiny jsou bezpe\u010dn\u011b zachyceny.<\/p>","protected":false},"featured_media":8749,"template":"","meta":[],"product_brand":[],"product_cat":[48,27,80],"product_tag":[],"class_list":{"0":"post-8731","1":"product","2":"type-product","3":"status-publish","4":"has-post-thumbnail","6":"product_cat-doseerinstallaties","7":"product_cat-complete-oplossingen","8":"product_cat-doseerunits","10":"first","11":"instock","12":"taxable","13":"shipping-taxable","14":"purchasable","15":"product-type-simple"},"yoast_head":"<!-- This site is optimized with the Yoast SEO plugin v27.2 - https:\/\/yoast.com\/product\/yoast-seo-wordpress\/ -->\n<title>Jerrycan houder met lekbak voor doseerpomp \u2013 25L | Gecoat staal - Dosing Pump Shop B.V.<\/title>\n<meta name=\"robots\" content=\"index, follow, max-snippet:-1, max-image-preview:large, max-video-preview:-1\" \/>\n<link rel=\"canonical\" href=\"https:\/\/dosingpump.shop\/cz\/produkt-2\/drzak-kanystru-s-odkapavaci-miskou-pro-davkovaci-cerpadlo-25-l-z-oceli-s-povrchovou-upravou\/\" \/>\n<meta property=\"og:locale\" content=\"cs_CZ\" \/>\n<meta property=\"og:type\" content=\"article\" \/>\n<meta property=\"og:title\" content=\"Jerrycan houder met lekbak voor doseerpomp \u2013 25L | Gecoat staal - Dosing Pump Shop B.V.\" \/>\n<meta property=\"og:description\" content=\"Deze jerrycan houder met ge\u00efntegreerde lekbak is ontworpen voor een veilige en overzichtelijke installatie van doseerpompen. De houder biedt ruimte voor jerrycans tot 25 liter en beschikt over een stevige montageplaat voor het monteren van een doseerpomp. De houder is vervaardigd uit gecoat staal en voorzien van 4 verstelbare stelpoten voor stabiele plaatsing. Dankzij de praktische handgrepen aan de zijkant kan de houder eenvoudig worden verplaatst. De ge\u00efntegreerde lekbak met rooster zorgt ervoor dat eventuele morsingen of lekkages veilig worden opgevangen.\" \/>\n<meta property=\"og:url\" content=\"https:\/\/dosingpump.shop\/cz\/produkt-2\/drzak-kanystru-s-odkapavaci-miskou-pro-davkovaci-cerpadlo-25-l-z-oceli-s-povrchovou-upravou\/\" \/>\n<meta property=\"og:site_name\" content=\"Dosing Pump Shop B.V.\" \/>\n<meta property=\"article:modified_time\" content=\"2026-03-14T20:45:37+00:00\" \/>\n<meta property=\"og:image\" content=\"https:\/\/dosingpump.shop\/wp-content\/uploads\/2026\/03\/Dosing-pump-Jerrcan-with-driptray.png\" \/>\n\t<meta property=\"og:image:width\" content=\"1200\" \/>\n\t<meta property=\"og:image:height\" content=\"1200\" \/>\n\t<meta property=\"og:image:type\" content=\"image\/png\" \/>\n<meta name=\"twitter:card\" content=\"summary_large_image\" \/>\n<meta name=\"twitter:label1\" content=\"Cena\" \/>\n\t<meta name=\"twitter:data1\" content=\"&euro;495,00\" \/>\n\t<meta name=\"twitter:label2\" content=\"Dostupnost\" \/>\n\t<meta name=\"twitter:data2\" content=\"Skladem\" \/>\n<script type=\"application\/ld+json\" class=\"yoast-schema-graph\">{\"@context\":\"https:\/\/schema.org\",\"@graph\":[{\"@type\":\"WebPage\",\"@id\":\"https:\/\/dosingpump.shop\/product\/jerrycan-houder-met-lekbak-voor-doseerpomp-25l-gecoat-staal\/\",\"url\":\"https:\/\/dosingpump.shop\/product\/jerrycan-houder-met-lekbak-voor-doseerpomp-25l-gecoat-staal\/\",\"name\":\"Jerrycan houder met lekbak voor doseerpomp \u2013 25L | Gecoat staal - Dosing Pump Shop B.V.\",\"isPartOf\":{\"@id\":\"https:\/\/dosingpump.shop\/de\/#website\"},\"primaryImageOfPage\":{\"@id\":\"https:\/\/dosingpump.shop\/product\/jerrycan-houder-met-lekbak-voor-doseerpomp-25l-gecoat-staal\/#primaryimage\"},\"image\":{\"@id\":\"https:\/\/dosingpump.shop\/product\/jerrycan-houder-met-lekbak-voor-doseerpomp-25l-gecoat-staal\/#primaryimage\"},\"thumbnailUrl\":\"https:\/\/dosingpump.shop\/wp-content\/uploads\/2026\/03\/Dosing-pump-Jerrcan-with-driptray.png\",\"datePublished\":\"2026-03-14T20:14:46+00:00\",\"dateModified\":\"2026-03-14T20:45:37+00:00\",\"breadcrumb\":{\"@id\":\"https:\/\/dosingpump.shop\/product\/jerrycan-houder-met-lekbak-voor-doseerpomp-25l-gecoat-staal\/#breadcrumb\"},\"inLanguage\":\"cs\",\"potentialAction\":[{\"@type\":\"ReadAction\",\"target\":[\"https:\/\/dosingpump.shop\/product\/jerrycan-houder-met-lekbak-voor-doseerpomp-25l-gecoat-staal\/\"]}]},{\"@type\":\"ImageObject\",\"inLanguage\":\"cs\",\"@id\":\"https:\/\/dosingpump.shop\/product\/jerrycan-houder-met-lekbak-voor-doseerpomp-25l-gecoat-staal\/#primaryimage\",\"url\":\"https:\/\/dosingpump.shop\/wp-content\/uploads\/2026\/03\/Dosing-pump-Jerrcan-with-driptray.png\",\"contentUrl\":\"https:\/\/dosingpump.shop\/wp-content\/uploads\/2026\/03\/Dosing-pump-Jerrcan-with-driptray.png\",\"width\":1200,\"height\":1200},{\"@type\":\"BreadcrumbList\",\"@id\":\"https:\/\/dosingpump.shop\/product\/jerrycan-houder-met-lekbak-voor-doseerpomp-25l-gecoat-staal\/#breadcrumb\",\"itemListElement\":[{\"@type\":\"ListItem\",\"position\":1,\"name\":\"Home\",\"item\":\"https:\/\/dosingpump.shop\/\"},{\"@type\":\"ListItem\",\"position\":2,\"name\":\"Shop\",\"item\":\"https:\/\/dosingpump.shop\/de\/shop\/\"},{\"@type\":\"ListItem\",\"position\":3,\"name\":\"Jerrycan houder met lekbak voor doseerpomp \u2013 25L | Gecoat staal\"}]},{\"@type\":\"WebSite\",\"@id\":\"https:\/\/dosingpump.shop\/de\/#website\",\"url\":\"https:\/\/dosingpump.shop\/de\/\",\"name\":\"Dosing Pump Shop B.V.\",\"description\":\"\",\"publisher\":{\"@id\":\"https:\/\/dosingpump.shop\/de\/#organization\"},\"potentialAction\":[{\"@type\":\"SearchAction\",\"target\":{\"@type\":\"EntryPoint\",\"urlTemplate\":\"https:\/\/dosingpump.shop\/de\/?s={search_term_string}\"},\"query-input\":{\"@type\":\"PropertyValueSpecification\",\"valueRequired\":true,\"valueName\":\"search_term_string\"}}],\"inLanguage\":\"cs\"},{\"@type\":\"Organization\",\"@id\":\"https:\/\/dosingpump.shop\/de\/#organization\",\"name\":\"Dosing Pump Shop B.V.\",\"url\":\"https:\/\/dosingpump.shop\/de\/\",\"logo\":{\"@type\":\"ImageObject\",\"inLanguage\":\"cs\",\"@id\":\"https:\/\/dosingpump.shop\/de\/#\/schema\/logo\/image\/\",\"url\":\"https:\/\/dosingpump.shop\/wp-content\/uploads\/2024\/10\/Dosing-Pump-Shop-logo.png\",\"contentUrl\":\"https:\/\/dosingpump.shop\/wp-content\/uploads\/2024\/10\/Dosing-Pump-Shop-logo.png\",\"width\":350,\"height\":45,\"caption\":\"Dosing Pump Shop B.V.\"},\"image\":{\"@id\":\"https:\/\/dosingpump.shop\/de\/#\/schema\/logo\/image\/\"},\"sameAs\":[\"https:\/\/linkedin.com\/company\/dosing-pump-shop\"]}]}<\/script>\n<meta property=\"product:price:amount\" content=\"495.00\" \/>\n<meta property=\"product:price:currency\" content=\"EUR\" \/>\n<meta property=\"og:availability\" content=\"instock\" \/>\n<meta property=\"product:availability\" content=\"instock\" \/>\n<meta property=\"product:condition\" content=\"new\" \/>\n<!-- \/ Yoast SEO plugin. -->","yoast_head_json":{"title":"Dr\u017e\u00e1k kanystru s odkap\u00e1vac\u00ed miskou pro d\u00e1vkovac\u00ed \u010derpadlo - 25 l | ocel s povrchovou \u00fapravou - Dosing Pump Shop B.V.","robots":{"index":"index","follow":"follow","max-snippet":"max-snippet:-1","max-image-preview":"max-image-preview:large","max-video-preview":"max-video-preview:-1"},"canonical":"https:\/\/dosingpump.shop\/cz\/produkt-2\/drzak-kanystru-s-odkapavaci-miskou-pro-davkovaci-cerpadlo-25-l-z-oceli-s-povrchovou-upravou\/","og_locale":"cs_CZ","og_type":"article","og_title":"Jerrycan houder met lekbak voor doseerpomp \u2013 25L | Gecoat staal - Dosing Pump Shop B.V.","og_description":"Deze jerrycan houder met ge\u00efntegreerde lekbak is ontworpen voor een veilige en overzichtelijke installatie van doseerpompen. De houder biedt ruimte voor jerrycans tot 25 liter en beschikt over een stevige montageplaat voor het monteren van een doseerpomp. De houder is vervaardigd uit gecoat staal en voorzien van 4 verstelbare stelpoten voor stabiele plaatsing. Dankzij de praktische handgrepen aan de zijkant kan de houder eenvoudig worden verplaatst. De ge\u00efntegreerde lekbak met rooster zorgt ervoor dat eventuele morsingen of lekkages veilig worden opgevangen.","og_url":"https:\/\/dosingpump.shop\/cz\/produkt-2\/drzak-kanystru-s-odkapavaci-miskou-pro-davkovaci-cerpadlo-25-l-z-oceli-s-povrchovou-upravou\/","og_site_name":"Dosing Pump Shop B.V.","article_modified_time":"2026-03-14T20:45:37+00:00","og_image":[{"width":1200,"height":1200,"url":"https:\/\/dosingpump.shop\/wp-content\/uploads\/2026\/03\/Dosing-pump-Jerrcan-with-driptray.png","type":"image\/png"}],"twitter_card":"summary_large_image","twitter_misc":{"Cena":"&euro;495,00","Dostupnost":"Skladem"},"schema":{"@context":"https:\/\/schema.org","@graph":[{"@type":"WebPage","@id":"https:\/\/dosingpump.shop\/product\/jerrycan-houder-met-lekbak-voor-doseerpomp-25l-gecoat-staal\/","url":"https:\/\/dosingpump.shop\/product\/jerrycan-houder-met-lekbak-voor-doseerpomp-25l-gecoat-staal\/","name":"Dr\u017e\u00e1k kanystru s odkap\u00e1vac\u00ed miskou pro d\u00e1vkovac\u00ed \u010derpadlo - 25 l | ocel s povrchovou \u00fapravou - Dosing Pump Shop B.V.","isPartOf":{"@id":"https:\/\/dosingpump.shop\/de\/#website"},"primaryImageOfPage":{"@id":"https:\/\/dosingpump.shop\/product\/jerrycan-houder-met-lekbak-voor-doseerpomp-25l-gecoat-staal\/#primaryimage"},"image":{"@id":"https:\/\/dosingpump.shop\/product\/jerrycan-houder-met-lekbak-voor-doseerpomp-25l-gecoat-staal\/#primaryimage"},"thumbnailUrl":"https:\/\/dosingpump.shop\/wp-content\/uploads\/2026\/03\/Dosing-pump-Jerrcan-with-driptray.png","datePublished":"2026-03-14T20:14:46+00:00","dateModified":"2026-03-14T20:45:37+00:00","breadcrumb":{"@id":"https:\/\/dosingpump.shop\/product\/jerrycan-houder-met-lekbak-voor-doseerpomp-25l-gecoat-staal\/#breadcrumb"},"inLanguage":"cs","potentialAction":[{"@type":"ReadAction","target":["https:\/\/dosingpump.shop\/product\/jerrycan-houder-met-lekbak-voor-doseerpomp-25l-gecoat-staal\/"]}]},{"@type":"ImageObject","inLanguage":"cs","@id":"https:\/\/dosingpump.shop\/product\/jerrycan-houder-met-lekbak-voor-doseerpomp-25l-gecoat-staal\/#primaryimage","url":"https:\/\/dosingpump.shop\/wp-content\/uploads\/2026\/03\/Dosing-pump-Jerrcan-with-driptray.png","contentUrl":"https:\/\/dosingpump.shop\/wp-content\/uploads\/2026\/03\/Dosing-pump-Jerrcan-with-driptray.png","width":1200,"height":1200},{"@type":"BreadcrumbList","@id":"https:\/\/dosingpump.shop\/product\/jerrycan-houder-met-lekbak-voor-doseerpomp-25l-gecoat-staal\/#breadcrumb","itemListElement":[{"@type":"ListItem","position":1,"name":"Home","item":"https:\/\/dosingpump.shop\/"},{"@type":"ListItem","position":2,"name":"Shop","item":"https:\/\/dosingpump.shop\/de\/shop\/"},{"@type":"ListItem","position":3,"name":"Jerrycan houder met lekbak voor doseerpomp \u2013 25L | Gecoat staal"}]},{"@type":"WebSite","@id":"https:\/\/dosingpump.shop\/de\/#website","url":"https:\/\/dosingpump.shop\/de\/","name":"Dosing Pump Shop B.V.","description":"","publisher":{"@id":"https:\/\/dosingpump.shop\/de\/#organization"},"potentialAction":[{"@type":"SearchAction","target":{"@type":"EntryPoint","urlTemplate":"https:\/\/dosingpump.shop\/de\/?s={search_term_string}"},"query-input":{"@type":"PropertyValueSpecification","valueRequired":true,"valueName":"search_term_string"}}],"inLanguage":"cs"},{"@type":"Organization","@id":"https:\/\/dosingpump.shop\/de\/#organization","name":"Dosing Pump Shop B.V.","url":"https:\/\/dosingpump.shop\/de\/","logo":{"@type":"ImageObject","inLanguage":"cs","@id":"https:\/\/dosingpump.shop\/de\/#\/schema\/logo\/image\/","url":"https:\/\/dosingpump.shop\/wp-content\/uploads\/2024\/10\/Dosing-Pump-Shop-logo.png","contentUrl":"https:\/\/dosingpump.shop\/wp-content\/uploads\/2024\/10\/Dosing-Pump-Shop-logo.png","width":350,"height":45,"caption":"Dosing Pump Shop B.V."},"image":{"@id":"https:\/\/dosingpump.shop\/de\/#\/schema\/logo\/image\/"},"sameAs":["https:\/\/linkedin.com\/company\/dosing-pump-shop"]}]},"product_price_amount":"495.00","product_price_currency":"EUR","og_availability":"instock","product_availability":"instock","product_condition":"new"},"_links":{"self":[{"href":"https:\/\/dosingpump.shop\/cz\/wp-json\/wp\/v2\/product\/8731","targetHints":{"allow":["GET"]}}],"collection":[{"href":"https:\/\/dosingpump.shop\/cz\/wp-json\/wp\/v2\/product"}],"about":[{"href":"https:\/\/dosingpump.shop\/cz\/wp-json\/wp\/v2\/types\/product"}],"wp:featuredmedia":[{"embeddable":true,"href":"https:\/\/dosingpump.shop\/cz\/wp-json\/wp\/v2\/media\/8749"}],"wp:attachment":[{"href":"https:\/\/dosingpump.shop\/cz\/wp-json\/wp\/v2\/media?parent=8731"}],"wp:term":[{"taxonomy":"product_brand","embeddable":true,"href":"https:\/\/dosingpump.shop\/cz\/wp-json\/wp\/v2\/product_brand?post=8731"},{"taxonomy":"product_cat","embeddable":true,"href":"https:\/\/dosingpump.shop\/cz\/wp-json\/wp\/v2\/product_cat?post=8731"},{"taxonomy":"product_tag","embeddable":true,"href":"https:\/\/dosingpump.shop\/cz\/wp-json\/wp\/v2\/product_tag?post=8731"}],"curies":[{"name":"wp","href":"https:\/\/api.w.org\/{rel}","templated":true}]}}