{"id":3905,"date":"2024-12-05T12:21:29","date_gmt":"2024-12-05T12:21:29","guid":{"rendered":"https:\/\/dosingpump.shop\/?post_type=product&#038;p=3905"},"modified":"2026-02-27T14:49:13","modified_gmt":"2026-02-27T12:49:13","slug":"wasserzahler-catci-20-3-4-225i-l","status":"publish","type":"product","link":"https:\/\/dosingpump.shop\/de\/product\/watermeter-catci-20-3-4-225i-l\/","title":{"rendered":"Wasserz\u00e4hler CATCI-20 3\/4\" 22.5i\/L"},"content":{"rendered":"<h3>Emec CatCi | Wasserz\u00e4hler mit Impuls f\u00fcr Warmwasser<\/h3>\n<p>Die <strong>Emec CatCi<\/strong> ist ein Wasserz\u00e4hler mit Impulsgeber, der f\u00fcr genaue Messungen des Wasserdurchflusses entwickelt wurde. Dieses Produkt wird zur Steuerung von Dosierpumpen oder Reglern verwendet. Er erzeugt eine Anzahl von Impulsen pro Liter Wasser. Diese Impulse erm\u00f6glichen es einer Dosierpumpe, eine bestimmte Menge an Fl\u00fcssigkeit zu dosieren. Damit ist der Emec CatCi ideal f\u00fcr Anwendungen wie die Legionellenbek\u00e4mpfung oder das Mischen von L\u00f6sungen wie Wasserstoffperoxid oder Chlor.<\/p>\n<p>Dank seiner trockenen Skala ist dieser Wasserz\u00e4hler f\u00fcr Fl\u00fcssigkeiten mit kleinen Schmutzpartikeln geeignet. Au\u00dferdem ist der Z\u00e4hler f\u00fcr den Betrieb bei Temperaturen von bis zu 90\u00b0C ausgelegt. Beachten Sie, dass f\u00fcr eine korrekte Kommunikation mit der Dosierpumpe eine Pumpe mit einer MF (Multifunktions)-Konfiguration erforderlich ist.<\/p>\n<h4>Welche Versionen und Verbindungen sind verf\u00fcgbar?<\/h4>\n<p>In der untenstehenden Tabelle sehen Sie, welche Versionen und die entsprechenden Anschl\u00fcsse verf\u00fcgbar sind. Sie sind sich nicht ganz sicher, welchen Wasserz\u00e4hler Sie ben\u00f6tigen? Dann kontaktieren Sie uns bitte.<\/p>\n<ul>\n<li><strong>CATCI 15<\/strong>: 15 mm Anschluss (1\/2 Zoll)<\/li>\n<li><strong>CATCI 20<\/strong>: 20 mm Anschluss (3\/4 Zoll)<\/li>\n<li><strong>CATCI 25<\/strong>: 25 mm Anschluss (1 Zoll)<\/li>\n<li><strong>CATCI 30<\/strong>: 30 mm Anschluss (1.1\/4 Zoll)<\/li>\n<li><strong>CATCI 40<\/strong>: 40 mm Anschluss (1.1\/2 Zoll)<\/li>\n<li><strong>CATCI 50<\/strong>: 50 mm Anschluss (2 Zoll)<\/li>\n<\/ul>\n<p><strong>Anmerkung:<\/strong> ist die Wahl der richtigen Konfiguration entscheidend. Haben Sie Zweifel? Dann nehmen Sie Kontakt mit uns auf. Wir beraten Sie gerne bei der Wahl des richtigen Wasserz\u00e4hlers f\u00fcr Ihre Anwendung.<\/p>","protected":false},"excerpt":{"rendered":"<p>Speziell f\u00fcr die Verwendung mit hei\u00dfem\/hei\u00dfem Wasser.Impulsgeber mit trockener Skala.Zur Steuerung einer Dosierung nach ppm oder Prozent.<\/p>\n<ul>\n<li>Geeignet f\u00fcr hei\u00dfes Wasser, auch mit Schmutzpartikeln<\/li>\n<li>Geeignet f\u00fcr Wassertemperaturen bis zu 90\u00b0C<\/li>\n<li>Maximaler Wasserdruck von 16 bar<\/li>\n<li>Geliefert mit 2,5 Meter langem Kabel<\/li>\n<\/ul>","protected":false},"featured_media":5880,"template":"","meta":[],"product_brand":[],"product_cat":[34,40],"product_tag":[],"class_list":{"0":"post-3905","1":"product","2":"type-product","3":"status-publish","4":"has-post-thumbnail","6":"product_cat-accessoires","7":"product_cat-watermeter-met-pulsgever","9":"first","10":"instock","11":"taxable","12":"shipping-taxable","13":"purchasable","14":"product-type-simple"},"yoast_head":"<!-- This site is optimized with the Yoast SEO plugin v27.2 - https:\/\/yoast.com\/product\/yoast-seo-wordpress\/ -->\n<title>Watermeter CATCI-20 3\/4&#039;&#039; 22,5i\/L | Dosing Pump Shop B.V.<\/title>\n<meta name=\"robots\" content=\"index, follow, max-snippet:-1, max-image-preview:large, max-video-preview:-1\" \/>\n<link rel=\"canonical\" href=\"https:\/\/dosingpump.shop\/de\/produkt\/wasserzahler-catci-20-3-4-225i-l\/\" \/>\n<meta property=\"og:locale\" content=\"de_DE\" \/>\n<meta property=\"og:type\" content=\"article\" \/>\n<meta property=\"og:title\" content=\"Watermeter CATCI-20 3\/4&#039;&#039; 22,5i\/L | Dosing Pump Shop B.V.\" \/>\n<meta property=\"og:description\" content=\"Speciaal voor gebruik met warm\/heet water.Pulsgever met droge wijzerplaat.Voor het regelen van een dosering op ppm of percentage.   Geschikt voor Heet water, ook met vuildeeltjes  Geschikt voor Watertempratuur tot 90\u00b0C  Maximale waterdruk van 16 bar  Geleverd met 2,5 meter kabel\" \/>\n<meta property=\"og:url\" content=\"https:\/\/dosingpump.shop\/de\/produkt\/wasserzahler-catci-20-3-4-225i-l\/\" \/>\n<meta property=\"og:site_name\" content=\"Dosing Pump Shop B.V.\" \/>\n<meta property=\"article:modified_time\" content=\"2026-02-27T12:49:13+00:00\" \/>\n<meta property=\"og:image\" content=\"https:\/\/dosingpump.shop\/wp-content\/uploads\/2024\/12\/Emec-CatCi.png\" \/>\n\t<meta property=\"og:image:width\" content=\"500\" \/>\n\t<meta property=\"og:image:height\" content=\"500\" \/>\n\t<meta property=\"og:image:type\" content=\"image\/png\" \/>\n<meta name=\"twitter:card\" content=\"summary_large_image\" \/>\n<meta name=\"twitter:label1\" content=\"Preis\" \/>\n\t<meta name=\"twitter:data1\" content=\"&euro;200,00\" \/>\n\t<meta name=\"twitter:label2\" content=\"Verf\u00fcgbarkeit\" \/>\n\t<meta name=\"twitter:data2\" content=\"Auf Lager\" \/>\n<script type=\"application\/ld+json\" class=\"yoast-schema-graph\">{\"@context\":\"https:\/\/schema.org\",\"@graph\":[{\"@type\":\"WebPage\",\"@id\":\"https:\/\/dosingpump.shop\/fi\/tuote\/vesimittari-catci-20-3-4-225i-l\/\",\"url\":\"https:\/\/dosingpump.shop\/fi\/tuote\/vesimittari-catci-20-3-4-225i-l\/\",\"name\":\"Watermeter CATCI-20 3\/4'' 22,5i\/L | Dosing Pump Shop B.V.\",\"isPartOf\":{\"@id\":\"https:\/\/dosingpump.shop\/de\/#website\"},\"primaryImageOfPage\":{\"@id\":\"https:\/\/dosingpump.shop\/fi\/tuote\/vesimittari-catci-20-3-4-225i-l\/#primaryimage\"},\"image\":{\"@id\":\"https:\/\/dosingpump.shop\/fi\/tuote\/vesimittari-catci-20-3-4-225i-l\/#primaryimage\"},\"thumbnailUrl\":\"https:\/\/dosingpump.shop\/wp-content\/uploads\/2024\/12\/Emec-CatCi.png\",\"datePublished\":\"2024-12-05T12:21:29+00:00\",\"dateModified\":\"2026-02-27T12:49:13+00:00\",\"breadcrumb\":{\"@id\":\"https:\/\/dosingpump.shop\/fi\/tuote\/vesimittari-catci-20-3-4-225i-l\/#breadcrumb\"},\"inLanguage\":\"de\",\"potentialAction\":[{\"@type\":\"ReadAction\",\"target\":[\"https:\/\/dosingpump.shop\/fi\/tuote\/vesimittari-catci-20-3-4-225i-l\/\"]}]},{\"@type\":\"ImageObject\",\"inLanguage\":\"de\",\"@id\":\"https:\/\/dosingpump.shop\/fi\/tuote\/vesimittari-catci-20-3-4-225i-l\/#primaryimage\",\"url\":\"https:\/\/dosingpump.shop\/wp-content\/uploads\/2024\/12\/Emec-CatCi.png\",\"contentUrl\":\"https:\/\/dosingpump.shop\/wp-content\/uploads\/2024\/12\/Emec-CatCi.png\",\"width\":500,\"height\":500},{\"@type\":\"BreadcrumbList\",\"@id\":\"https:\/\/dosingpump.shop\/fi\/tuote\/vesimittari-catci-20-3-4-225i-l\/#breadcrumb\",\"itemListElement\":[{\"@type\":\"ListItem\",\"position\":1,\"name\":\"Home\",\"item\":\"https:\/\/dosingpump.shop\/\"},{\"@type\":\"ListItem\",\"position\":2,\"name\":\"Shop\",\"item\":\"https:\/\/dosingpump.shop\/de\/shop\/\"},{\"@type\":\"ListItem\",\"position\":3,\"name\":\"Watermeter CATCI-20 3\/4&#8221; 22,5i\/L\"}]},{\"@type\":\"WebSite\",\"@id\":\"https:\/\/dosingpump.shop\/de\/#website\",\"url\":\"https:\/\/dosingpump.shop\/de\/\",\"name\":\"Dosing Pump Shop B.V.\",\"description\":\"\",\"publisher\":{\"@id\":\"https:\/\/dosingpump.shop\/de\/#organization\"},\"potentialAction\":[{\"@type\":\"SearchAction\",\"target\":{\"@type\":\"EntryPoint\",\"urlTemplate\":\"https:\/\/dosingpump.shop\/de\/?s={search_term_string}\"},\"query-input\":{\"@type\":\"PropertyValueSpecification\",\"valueRequired\":true,\"valueName\":\"search_term_string\"}}],\"inLanguage\":\"de\"},{\"@type\":\"Organization\",\"@id\":\"https:\/\/dosingpump.shop\/de\/#organization\",\"name\":\"Dosing Pump Shop B.V.\",\"url\":\"https:\/\/dosingpump.shop\/de\/\",\"logo\":{\"@type\":\"ImageObject\",\"inLanguage\":\"de\",\"@id\":\"https:\/\/dosingpump.shop\/de\/#\/schema\/logo\/image\/\",\"url\":\"https:\/\/dosingpump.shop\/wp-content\/uploads\/2024\/10\/Dosing-Pump-Shop-logo.png\",\"contentUrl\":\"https:\/\/dosingpump.shop\/wp-content\/uploads\/2024\/10\/Dosing-Pump-Shop-logo.png\",\"width\":350,\"height\":45,\"caption\":\"Dosing Pump Shop B.V.\"},\"image\":{\"@id\":\"https:\/\/dosingpump.shop\/de\/#\/schema\/logo\/image\/\"},\"sameAs\":[\"https:\/\/linkedin.com\/company\/dosing-pump-shop\"]}]}<\/script>\n<meta property=\"product:price:amount\" content=\"200.00\" \/>\n<meta property=\"product:price:currency\" content=\"EUR\" \/>\n<meta property=\"og:availability\" content=\"instock\" \/>\n<meta property=\"product:availability\" content=\"instock\" \/>\n<meta property=\"product:retailer_item_id\" content=\"CATCI020002L02,5000X\" \/>\n<meta property=\"product:condition\" content=\"new\" \/>\n<!-- \/ Yoast SEO plugin. -->","yoast_head_json":{"title":"Wasserz\u00e4hler CATCI-20 3\/4'' 22,5i\/L | Dosing Pump Shop B.V.","robots":{"index":"index","follow":"follow","max-snippet":"max-snippet:-1","max-image-preview":"max-image-preview:large","max-video-preview":"max-video-preview:-1"},"canonical":"https:\/\/dosingpump.shop\/de\/produkt\/wasserzahler-catci-20-3-4-225i-l\/","og_locale":"de_DE","og_type":"article","og_title":"Watermeter CATCI-20 3\/4'' 22,5i\/L | Dosing Pump Shop B.V.","og_description":"Speciaal voor gebruik met warm\/heet water.Pulsgever met droge wijzerplaat.Voor het regelen van een dosering op ppm of percentage.   Geschikt voor Heet water, ook met vuildeeltjes  Geschikt voor Watertempratuur tot 90\u00b0C  Maximale waterdruk van 16 bar  Geleverd met 2,5 meter kabel","og_url":"https:\/\/dosingpump.shop\/de\/produkt\/wasserzahler-catci-20-3-4-225i-l\/","og_site_name":"Dosing Pump Shop B.V.","article_modified_time":"2026-02-27T12:49:13+00:00","og_image":[{"width":500,"height":500,"url":"https:\/\/dosingpump.shop\/wp-content\/uploads\/2024\/12\/Emec-CatCi.png","type":"image\/png"}],"twitter_card":"summary_large_image","twitter_misc":{"Preis":"&euro;200,00","Verf\u00fcgbarkeit":"Auf Lager"},"schema":{"@context":"https:\/\/schema.org","@graph":[{"@type":"WebPage","@id":"https:\/\/dosingpump.shop\/fi\/tuote\/vesimittari-catci-20-3-4-225i-l\/","url":"https:\/\/dosingpump.shop\/fi\/tuote\/vesimittari-catci-20-3-4-225i-l\/","name":"Wasserz\u00e4hler CATCI-20 3\/4'' 22,5i\/L | Dosing Pump Shop B.V.","isPartOf":{"@id":"https:\/\/dosingpump.shop\/de\/#website"},"primaryImageOfPage":{"@id":"https:\/\/dosingpump.shop\/fi\/tuote\/vesimittari-catci-20-3-4-225i-l\/#primaryimage"},"image":{"@id":"https:\/\/dosingpump.shop\/fi\/tuote\/vesimittari-catci-20-3-4-225i-l\/#primaryimage"},"thumbnailUrl":"https:\/\/dosingpump.shop\/wp-content\/uploads\/2024\/12\/Emec-CatCi.png","datePublished":"2024-12-05T12:21:29+00:00","dateModified":"2026-02-27T12:49:13+00:00","breadcrumb":{"@id":"https:\/\/dosingpump.shop\/fi\/tuote\/vesimittari-catci-20-3-4-225i-l\/#breadcrumb"},"inLanguage":"de","potentialAction":[{"@type":"ReadAction","target":["https:\/\/dosingpump.shop\/fi\/tuote\/vesimittari-catci-20-3-4-225i-l\/"]}]},{"@type":"ImageObject","inLanguage":"de","@id":"https:\/\/dosingpump.shop\/fi\/tuote\/vesimittari-catci-20-3-4-225i-l\/#primaryimage","url":"https:\/\/dosingpump.shop\/wp-content\/uploads\/2024\/12\/Emec-CatCi.png","contentUrl":"https:\/\/dosingpump.shop\/wp-content\/uploads\/2024\/12\/Emec-CatCi.png","width":500,"height":500},{"@type":"BreadcrumbList","@id":"https:\/\/dosingpump.shop\/fi\/tuote\/vesimittari-catci-20-3-4-225i-l\/#breadcrumb","itemListElement":[{"@type":"ListItem","position":1,"name":"Home","item":"https:\/\/dosingpump.shop\/"},{"@type":"ListItem","position":2,"name":"Shop","item":"https:\/\/dosingpump.shop\/de\/shop\/"},{"@type":"ListItem","position":3,"name":"Watermeter CATCI-20 3\/4&#8221; 22,5i\/L"}]},{"@type":"WebSite","@id":"https:\/\/dosingpump.shop\/de\/#website","url":"https:\/\/dosingpump.shop\/de\/","name":"Dosierpumpen-Shop B.V.","description":"","publisher":{"@id":"https:\/\/dosingpump.shop\/de\/#organization"},"potentialAction":[{"@type":"SearchAction","target":{"@type":"EntryPoint","urlTemplate":"https:\/\/dosingpump.shop\/de\/?s={search_term_string}"},"query-input":{"@type":"PropertyValueSpecification","valueRequired":true,"valueName":"search_term_string"}}],"inLanguage":"de"},{"@type":"Organization","@id":"https:\/\/dosingpump.shop\/de\/#organization","name":"Dosierpumpen-Shop B.V.","url":"https:\/\/dosingpump.shop\/de\/","logo":{"@type":"ImageObject","inLanguage":"de","@id":"https:\/\/dosingpump.shop\/de\/#\/schema\/logo\/image\/","url":"https:\/\/dosingpump.shop\/wp-content\/uploads\/2024\/10\/Dosing-Pump-Shop-logo.png","contentUrl":"https:\/\/dosingpump.shop\/wp-content\/uploads\/2024\/10\/Dosing-Pump-Shop-logo.png","width":350,"height":45,"caption":"Dosing Pump Shop B.V."},"image":{"@id":"https:\/\/dosingpump.shop\/de\/#\/schema\/logo\/image\/"},"sameAs":["https:\/\/linkedin.com\/company\/dosing-pump-shop"]}]},"product_price_amount":"200.00","product_price_currency":"EUR","og_availability":"instock","product_availability":"instock","product_retailer_item_id":"CATCI020002L02,5000X","product_condition":"new"},"_links":{"self":[{"href":"https:\/\/dosingpump.shop\/de\/wp-json\/wp\/v2\/product\/3905","targetHints":{"allow":["GET"]}}],"collection":[{"href":"https:\/\/dosingpump.shop\/de\/wp-json\/wp\/v2\/product"}],"about":[{"href":"https:\/\/dosingpump.shop\/de\/wp-json\/wp\/v2\/types\/product"}],"wp:featuredmedia":[{"embeddable":true,"href":"https:\/\/dosingpump.shop\/de\/wp-json\/wp\/v2\/media\/5880"}],"wp:attachment":[{"href":"https:\/\/dosingpump.shop\/de\/wp-json\/wp\/v2\/media?parent=3905"}],"wp:term":[{"taxonomy":"product_brand","embeddable":true,"href":"https:\/\/dosingpump.shop\/de\/wp-json\/wp\/v2\/product_brand?post=3905"},{"taxonomy":"product_cat","embeddable":true,"href":"https:\/\/dosingpump.shop\/de\/wp-json\/wp\/v2\/product_cat?post=3905"},{"taxonomy":"product_tag","embeddable":true,"href":"https:\/\/dosingpump.shop\/de\/wp-json\/wp\/v2\/product_tag?post=3905"}],"curies":[{"name":"wp","href":"https:\/\/api.w.org\/{rel}","templated":true}]}}