{"id":4094,"date":"2024-12-05T12:21:54","date_gmt":"2024-12-05T12:21:54","guid":{"rendered":"https:\/\/dosingpump.shop\/?post_type=product&#038;p=4094"},"modified":"2026-02-27T14:49:18","modified_gmt":"2026-02-27T12:49:18","slug":"prisma-20-05-fp-24vdc","status":"publish","type":"product","link":"https:\/\/dosingpump.shop\/de\/product\/prisma-20-05-fp-24vdc\/","title":{"rendered":"PRISMA 20-05 FP 24VDC"},"content":{"rendered":"<h3>Emec Prisma 05-28 Dosierpumpe: Die Perfektion im pr\u00e4zisen Dosiermanagement<\/h3>\n<p>Entdecken Sie die <strong>Emec Prisma Dosierpumpe<\/strong>ausgestattet mit einem Schrittmotor f\u00fcr un\u00fcbertroffene Pr\u00e4zision bei der Dosierung von Fl\u00fcssigkeiten, selbst der z\u00e4hfl\u00fcssigsten. Diese Hochleistungs-Dosierpumpe ist standardm\u00e4\u00dfig f\u00fcr die Steuerung \u00fcber ein externes Signal (4-20mA | 0-10V | Pulse) und RS485 konfiguriert. Die 05-28 kann 28 Liter pro Stunde bei einem Gegendruck von 5 bar f\u00f6rdern.<\/p>\n<h4>Einzigartige Merkmale:<\/h4>\n<ul>\n<li><strong>Konnektivit\u00e4t:<\/strong> Optional mit Bluetooth und Fernsteuerung \u00fcber den Emec Ermes-Server, so dass Sie die Pumpe von \u00fcberall auf der Welt \u00fcber Ihr Mobiltelefon ablesen und einstellen k\u00f6nnen.<\/li>\n<li><strong>Kompatibilit\u00e4t:<\/strong> Es sind sowohl MODBUS- als auch RS485-Verbindungen m\u00f6glich. RS485 ist sogar Standard.<\/li>\n<li><strong>Anpassungsf\u00e4higkeit:<\/strong> Dank der Software und des Schrittmotors kann der Emec Prisma vollst\u00e4ndig an Ihre Dosieranforderungen angepasst werden. Mehrere Dosierprogramme sind verf\u00fcgbar!<\/li>\n<li><strong>Maximale Kontrolle:<\/strong> Ein beeindruckendes Turndown-Verh\u00e4ltnis von 1:4800 garantiert die pr\u00e4ziseste Kontrolle \u00fcber Ihren Dosierprozess.<\/li>\n<li><strong>Langsam-Modus:<\/strong> Eine einzigartige Funktion zur pr\u00e4zisen Dosierung von hochviskosen Fl\u00fcssigkeiten durch Reduzierung des Pumpenhubs auf 25, 50 oder 75% der normalen Kapazit\u00e4t.<\/li>\n<\/ul>\n<h4>Verf\u00fcgbare Versionen der Emec Prisma Dosierpumpe:<\/h4>\n<p>Von 20 bar - 1 l\/h bis 02 bar - 80 l\/h, es gibt immer eine Emec Prisma Dosierpumpe, die perfekt zu Ihren Bed\u00fcrfnissen passt. Brauchen Sie Hilfe bei der Auswahl der richtigen Version? Fordern Sie ein Angebot an und wir beraten Sie gerne!<\/p>","protected":false},"excerpt":{"rendered":"<p>Mit der Emec PRISMA-Serie erhalten Sie die beste Dosierpumpe des Hauses. Mit ihrem Schrittmotor ist diese Membranpumpe die bis dato innovativste Dosierpumpe. Fordern Sie dieses Multitalent sofort an, wenn Sie auf Pr\u00e4zision und Zuverl\u00e4ssigkeit setzen.<\/p>\n<ul>\n<li>WIFI<\/li>\n<li>Bluetooth<\/li>\n<li>Modbus<\/li>\n<li>RS485<\/li>\n<\/ul>","protected":false},"featured_media":4249,"template":"","meta":[],"product_brand":[],"product_cat":[78],"product_tag":[],"class_list":{"0":"post-4094","1":"product","2":"type-product","3":"status-publish","4":"has-post-thumbnail","6":"product_cat-emec-prisma","8":"first","9":"instock","10":"taxable","11":"shipping-taxable","12":"purchasable","13":"product-type-simple"},"yoast_head":"<!-- This site is optimized with the Yoast SEO plugin v27.2 - https:\/\/yoast.com\/product\/yoast-seo-wordpress\/ -->\n<title>PRISMA 20-05 FP 24VDC | Dosing Pump Shop B.V.<\/title>\n<meta name=\"description\" content=\"De Emec Prisma is een ouder model stappenmotor doseerpomp. Capaciteit: 5 l\/uur. Druk: 20 bar. Laatste modellen. Aantrekkelijke korting.\" \/>\n<meta name=\"robots\" content=\"index, follow, max-snippet:-1, max-image-preview:large, max-video-preview:-1\" \/>\n<link rel=\"canonical\" href=\"https:\/\/dosingpump.shop\/de\/produkt\/prisma-20-05-fp-24vdc\/\" \/>\n<meta property=\"og:locale\" content=\"de_DE\" \/>\n<meta property=\"og:type\" content=\"article\" \/>\n<meta property=\"og:title\" content=\"PRISMA 20-05 FP 24VDC | Dosing Pump Shop B.V.\" \/>\n<meta property=\"og:description\" content=\"De Emec Prisma is een ouder model stappenmotor doseerpomp. Capaciteit: 5 l\/uur. Druk: 20 bar. Laatste modellen. Aantrekkelijke korting.\" \/>\n<meta property=\"og:url\" content=\"https:\/\/dosingpump.shop\/de\/produkt\/prisma-20-05-fp-24vdc\/\" \/>\n<meta property=\"og:site_name\" content=\"Dosing Pump Shop B.V.\" \/>\n<meta property=\"article:modified_time\" content=\"2026-02-27T12:49:18+00:00\" \/>\n<meta property=\"og:image\" content=\"https:\/\/dosingpump.shop\/wp-content\/uploads\/2024\/12\/Emec-Prisma-Doseerpomp-24vdc.webp\" \/>\n\t<meta property=\"og:image:width\" content=\"500\" \/>\n\t<meta property=\"og:image:height\" content=\"500\" \/>\n\t<meta property=\"og:image:type\" content=\"image\/webp\" \/>\n<meta name=\"twitter:card\" content=\"summary_large_image\" \/>\n<meta name=\"twitter:label1\" content=\"Preis\" \/>\n\t<meta name=\"twitter:data1\" content=\"&euro;1.508,00\" \/>\n\t<meta name=\"twitter:label2\" content=\"Verf\u00fcgbarkeit\" \/>\n\t<meta name=\"twitter:data2\" content=\"Auf Lager\" \/>\n<script type=\"application\/ld+json\" class=\"yoast-schema-graph\">{\"@context\":\"https:\/\/schema.org\",\"@graph\":[{\"@type\":\"WebPage\",\"@id\":\"https:\/\/dosingpump.shop\/cz\/produkt-2\/prism-20-05-fp-24vdc\/\",\"url\":\"https:\/\/dosingpump.shop\/cz\/produkt-2\/prism-20-05-fp-24vdc\/\",\"name\":\"PRISMA 20-05 FP 24VDC | Dosing Pump Shop B.V.\",\"isPartOf\":{\"@id\":\"https:\/\/dosingpump.shop\/de\/#website\"},\"primaryImageOfPage\":{\"@id\":\"https:\/\/dosingpump.shop\/cz\/produkt-2\/prism-20-05-fp-24vdc\/#primaryimage\"},\"image\":{\"@id\":\"https:\/\/dosingpump.shop\/cz\/produkt-2\/prism-20-05-fp-24vdc\/#primaryimage\"},\"thumbnailUrl\":\"https:\/\/dosingpump.shop\/wp-content\/uploads\/2024\/12\/Emec-Prisma-Doseerpomp-24vdc.webp\",\"datePublished\":\"2024-12-05T12:21:54+00:00\",\"dateModified\":\"2026-02-27T12:49:18+00:00\",\"description\":\"De Emec Prisma is een ouder model stappenmotor doseerpomp. Capaciteit: 5 l\/uur. Druk: 20 bar. Laatste modellen. Aantrekkelijke korting.\",\"breadcrumb\":{\"@id\":\"https:\/\/dosingpump.shop\/cz\/produkt-2\/prism-20-05-fp-24vdc\/#breadcrumb\"},\"inLanguage\":\"de\",\"potentialAction\":[{\"@type\":\"ReadAction\",\"target\":[\"https:\/\/dosingpump.shop\/cz\/produkt-2\/prism-20-05-fp-24vdc\/\"]}]},{\"@type\":\"ImageObject\",\"inLanguage\":\"de\",\"@id\":\"https:\/\/dosingpump.shop\/cz\/produkt-2\/prism-20-05-fp-24vdc\/#primaryimage\",\"url\":\"https:\/\/dosingpump.shop\/wp-content\/uploads\/2024\/12\/Emec-Prisma-Doseerpomp-24vdc.webp\",\"contentUrl\":\"https:\/\/dosingpump.shop\/wp-content\/uploads\/2024\/12\/Emec-Prisma-Doseerpomp-24vdc.webp\",\"width\":500,\"height\":500},{\"@type\":\"BreadcrumbList\",\"@id\":\"https:\/\/dosingpump.shop\/cz\/produkt-2\/prism-20-05-fp-24vdc\/#breadcrumb\",\"itemListElement\":[{\"@type\":\"ListItem\",\"position\":1,\"name\":\"Home\",\"item\":\"https:\/\/dosingpump.shop\/\"},{\"@type\":\"ListItem\",\"position\":2,\"name\":\"Shop\",\"item\":\"https:\/\/dosingpump.shop\/de\/shop\/\"},{\"@type\":\"ListItem\",\"position\":3,\"name\":\"PRISMA 20-05 FP 24VDC\"}]},{\"@type\":\"WebSite\",\"@id\":\"https:\/\/dosingpump.shop\/de\/#website\",\"url\":\"https:\/\/dosingpump.shop\/de\/\",\"name\":\"Dosing Pump Shop B.V.\",\"description\":\"\",\"publisher\":{\"@id\":\"https:\/\/dosingpump.shop\/de\/#organization\"},\"potentialAction\":[{\"@type\":\"SearchAction\",\"target\":{\"@type\":\"EntryPoint\",\"urlTemplate\":\"https:\/\/dosingpump.shop\/de\/?s={search_term_string}\"},\"query-input\":{\"@type\":\"PropertyValueSpecification\",\"valueRequired\":true,\"valueName\":\"search_term_string\"}}],\"inLanguage\":\"de\"},{\"@type\":\"Organization\",\"@id\":\"https:\/\/dosingpump.shop\/de\/#organization\",\"name\":\"Dosing Pump Shop B.V.\",\"url\":\"https:\/\/dosingpump.shop\/de\/\",\"logo\":{\"@type\":\"ImageObject\",\"inLanguage\":\"de\",\"@id\":\"https:\/\/dosingpump.shop\/de\/#\/schema\/logo\/image\/\",\"url\":\"https:\/\/dosingpump.shop\/wp-content\/uploads\/2024\/10\/Dosing-Pump-Shop-logo.png\",\"contentUrl\":\"https:\/\/dosingpump.shop\/wp-content\/uploads\/2024\/10\/Dosing-Pump-Shop-logo.png\",\"width\":350,\"height\":45,\"caption\":\"Dosing Pump Shop B.V.\"},\"image\":{\"@id\":\"https:\/\/dosingpump.shop\/de\/#\/schema\/logo\/image\/\"},\"sameAs\":[\"https:\/\/linkedin.com\/company\/dosing-pump-shop\"]}]}<\/script>\n<meta property=\"product:price:amount\" content=\"1508.00\" \/>\n<meta property=\"product:price:currency\" content=\"EUR\" \/>\n<meta property=\"og:availability\" content=\"instock\" \/>\n<meta property=\"product:availability\" content=\"instock\" \/>\n<meta property=\"product:retailer_item_id\" content=\"PRI20005K0007V00A000\" \/>\n<meta property=\"product:condition\" content=\"new\" \/>\n<!-- \/ Yoast SEO plugin. -->","yoast_head_json":{"title":"PRISMA 20-05 FP 24VDC | Dosing Pump Shop B.V.","description":"Die Emec Prisma ist ein \u00e4lteres Modell einer Dosierpumpe mit Schrittmotor. Kapazit\u00e4t: 5 l\/Stunde. Druck: 20 bar. Neueste Modelle. Attraktiver Rabatt.","robots":{"index":"index","follow":"follow","max-snippet":"max-snippet:-1","max-image-preview":"max-image-preview:large","max-video-preview":"max-video-preview:-1"},"canonical":"https:\/\/dosingpump.shop\/de\/produkt\/prisma-20-05-fp-24vdc\/","og_locale":"de_DE","og_type":"article","og_title":"PRISMA 20-05 FP 24VDC | Dosing Pump Shop B.V.","og_description":"De Emec Prisma is een ouder model stappenmotor doseerpomp. Capaciteit: 5 l\/uur. Druk: 20 bar. Laatste modellen. Aantrekkelijke korting.","og_url":"https:\/\/dosingpump.shop\/de\/produkt\/prisma-20-05-fp-24vdc\/","og_site_name":"Dosing Pump Shop B.V.","article_modified_time":"2026-02-27T12:49:18+00:00","og_image":[{"width":500,"height":500,"url":"https:\/\/dosingpump.shop\/wp-content\/uploads\/2024\/12\/Emec-Prisma-Doseerpomp-24vdc.webp","type":"image\/webp"}],"twitter_card":"summary_large_image","twitter_misc":{"Preis":"&euro;1.508,00","Verf\u00fcgbarkeit":"Auf Lager"},"schema":{"@context":"https:\/\/schema.org","@graph":[{"@type":"WebPage","@id":"https:\/\/dosingpump.shop\/cz\/produkt-2\/prism-20-05-fp-24vdc\/","url":"https:\/\/dosingpump.shop\/cz\/produkt-2\/prism-20-05-fp-24vdc\/","name":"PRISMA 20-05 FP 24VDC | Dosing Pump Shop B.V.","isPartOf":{"@id":"https:\/\/dosingpump.shop\/de\/#website"},"primaryImageOfPage":{"@id":"https:\/\/dosingpump.shop\/cz\/produkt-2\/prism-20-05-fp-24vdc\/#primaryimage"},"image":{"@id":"https:\/\/dosingpump.shop\/cz\/produkt-2\/prism-20-05-fp-24vdc\/#primaryimage"},"thumbnailUrl":"https:\/\/dosingpump.shop\/wp-content\/uploads\/2024\/12\/Emec-Prisma-Doseerpomp-24vdc.webp","datePublished":"2024-12-05T12:21:54+00:00","dateModified":"2026-02-27T12:49:18+00:00","description":"Die Emec Prisma ist ein \u00e4lteres Modell einer Dosierpumpe mit Schrittmotor. Kapazit\u00e4t: 5 l\/Stunde. Druck: 20 bar. Neueste Modelle. Attraktiver Rabatt.","breadcrumb":{"@id":"https:\/\/dosingpump.shop\/cz\/produkt-2\/prism-20-05-fp-24vdc\/#breadcrumb"},"inLanguage":"de","potentialAction":[{"@type":"ReadAction","target":["https:\/\/dosingpump.shop\/cz\/produkt-2\/prism-20-05-fp-24vdc\/"]}]},{"@type":"ImageObject","inLanguage":"de","@id":"https:\/\/dosingpump.shop\/cz\/produkt-2\/prism-20-05-fp-24vdc\/#primaryimage","url":"https:\/\/dosingpump.shop\/wp-content\/uploads\/2024\/12\/Emec-Prisma-Doseerpomp-24vdc.webp","contentUrl":"https:\/\/dosingpump.shop\/wp-content\/uploads\/2024\/12\/Emec-Prisma-Doseerpomp-24vdc.webp","width":500,"height":500},{"@type":"BreadcrumbList","@id":"https:\/\/dosingpump.shop\/cz\/produkt-2\/prism-20-05-fp-24vdc\/#breadcrumb","itemListElement":[{"@type":"ListItem","position":1,"name":"Home","item":"https:\/\/dosingpump.shop\/"},{"@type":"ListItem","position":2,"name":"Shop","item":"https:\/\/dosingpump.shop\/de\/shop\/"},{"@type":"ListItem","position":3,"name":"PRISMA 20-05 FP 24VDC"}]},{"@type":"WebSite","@id":"https:\/\/dosingpump.shop\/de\/#website","url":"https:\/\/dosingpump.shop\/de\/","name":"Dosierpumpen-Shop B.V.","description":"","publisher":{"@id":"https:\/\/dosingpump.shop\/de\/#organization"},"potentialAction":[{"@type":"SearchAction","target":{"@type":"EntryPoint","urlTemplate":"https:\/\/dosingpump.shop\/de\/?s={search_term_string}"},"query-input":{"@type":"PropertyValueSpecification","valueRequired":true,"valueName":"search_term_string"}}],"inLanguage":"de"},{"@type":"Organization","@id":"https:\/\/dosingpump.shop\/de\/#organization","name":"Dosierpumpen-Shop B.V.","url":"https:\/\/dosingpump.shop\/de\/","logo":{"@type":"ImageObject","inLanguage":"de","@id":"https:\/\/dosingpump.shop\/de\/#\/schema\/logo\/image\/","url":"https:\/\/dosingpump.shop\/wp-content\/uploads\/2024\/10\/Dosing-Pump-Shop-logo.png","contentUrl":"https:\/\/dosingpump.shop\/wp-content\/uploads\/2024\/10\/Dosing-Pump-Shop-logo.png","width":350,"height":45,"caption":"Dosing Pump Shop B.V."},"image":{"@id":"https:\/\/dosingpump.shop\/de\/#\/schema\/logo\/image\/"},"sameAs":["https:\/\/linkedin.com\/company\/dosing-pump-shop"]}]},"product_price_amount":"1508.00","product_price_currency":"EUR","og_availability":"instock","product_availability":"instock","product_retailer_item_id":"PRI20005K0007V00A000","product_condition":"new"},"_links":{"self":[{"href":"https:\/\/dosingpump.shop\/de\/wp-json\/wp\/v2\/product\/4094","targetHints":{"allow":["GET"]}}],"collection":[{"href":"https:\/\/dosingpump.shop\/de\/wp-json\/wp\/v2\/product"}],"about":[{"href":"https:\/\/dosingpump.shop\/de\/wp-json\/wp\/v2\/types\/product"}],"wp:featuredmedia":[{"embeddable":true,"href":"https:\/\/dosingpump.shop\/de\/wp-json\/wp\/v2\/media\/4249"}],"wp:attachment":[{"href":"https:\/\/dosingpump.shop\/de\/wp-json\/wp\/v2\/media?parent=4094"}],"wp:term":[{"taxonomy":"product_brand","embeddable":true,"href":"https:\/\/dosingpump.shop\/de\/wp-json\/wp\/v2\/product_brand?post=4094"},{"taxonomy":"product_cat","embeddable":true,"href":"https:\/\/dosingpump.shop\/de\/wp-json\/wp\/v2\/product_cat?post=4094"},{"taxonomy":"product_tag","embeddable":true,"href":"https:\/\/dosingpump.shop\/de\/wp-json\/wp\/v2\/product_tag?post=4094"}],"curies":[{"name":"wp","href":"https:\/\/api.w.org\/{rel}","templated":true}]}}