{"id":4421,"date":"2024-12-05T12:22:55","date_gmt":"2024-12-05T12:22:55","guid":{"rendered":"https:\/\/dosingpump.shop\/?post_type=product&#038;p=4421"},"modified":"2026-02-27T14:49:30","modified_gmt":"2026-02-27T12:49:30","slug":"dosiersystem-fur-wasserstoffperoxid-110l","status":"publish","type":"product","link":"https:\/\/dosingpump.shop\/de\/product\/doseersysteem-voor-waterstofperoxide-110l\/","title":{"rendered":"Dosiersystem f\u00fcr Wasserstoffperoxyd 110L"},"content":{"rendered":"<h2>Dosiersystem f\u00fcr Wasserstoffperoxyd - 110 Liter<\/h2>\n<p>Das Wasserstoffperoxid-Dosiersystem bietet eine Komplettl\u00f6sung f\u00fcr die genaue und sichere Dosierung von H2O2. Die Komponenten sind so konstruiert, dass sie dem Wasserstoffperoxid standhalten und somit langlebig sind.<\/p>\n<p>Das Fassungsverm\u00f6gen des Wasserstoffperoxidtanks betr\u00e4gt 110 Liter. Der Tank ist mit einer Sauglanze ausgestattet, die an die Dosierpumpe angeschlossen ist. Diese Sauglanze verf\u00fcgt \u00fcber eine Niveauregulierung, die die Pumpe ausschaltet, wenn der Tank leer ist, um zu verhindern, dass Luft in die Leitungen gelangt. Da H2O2 ausgast, haben wir eine Dosierpumpe mit einer automatischen Entl\u00fcftung gew\u00e4hlt. Auf diese Weise m\u00fcssen Sie die Pumpe nicht st\u00e4ndig entl\u00fcften<\/p>\n<p>Die Dosierpumpe kann einfach auf dem Tank montiert werden, wodurch ein kompaktes und effizientes Dosiersystem entsteht.<\/p>\n<h2>Inhalt des Wasserstoffperoxid-Dosiersystems:<\/h2>\n<ul>\n<li>110-Liter-Tank f\u00fcr Wasserstoffperoxid<\/li>\n<li>Kcl plus 08-5.5 Dosierpumpe (5,5 Liter\/Stunde - 8 bar) mit einstellbarer Hubl\u00e4nge und Hubfrequenz<\/li>\n<li>Sauglanze mit F\u00fcllstandskontrolle<\/li>\n<li>Einspritzventil und Dosierschlauch<\/li>\n<\/ul>\n<p>F\u00fcr dieses Wasserstoffperoxid-Dosiersystem sind optionale Anpassungen erh\u00e4ltlich:<\/p>\n<ul>\n<li>Tank f\u00fcr Wasserstoffperoxid mit einem Fassungsverm\u00f6gen von 50, 100, 200, 500 oder 1000 Litern<\/li>\n<li>Wasserstoffperoxidpumpe mit einer Kapazit\u00e4t von bis zu 80 Litern\/Stunde (f\u00fcr direkte Tankmontage)<\/li>\n<li>Wasserstoffperoxidpumpe mit einer Kapazit\u00e4t von bis zu 1000 Litern\/Stunde (zur Montage \u00fcber dem Tank an einer Wand)<\/li>\n<li>Option 4-20 mA Steuerung<\/li>\n<li>Tankf\u00fcllpumpe<\/li>\n<li>R\u00fchrwerk (manuell oder automatisch)<\/li>\n<li>Geeignete Auffangschale<\/li>\n<li>Vollst\u00e4ndig montierte Lieferung m\u00f6glich<\/li>\n<\/ul>","protected":false},"excerpt":{"rendered":"<p>Komplette Dosieranlage f\u00fcr Wasserstoffperoxid mit Tank, Sauglanze und Dosierpumpe. Fassungsverm\u00f6gen 110 Liter<\/p>","protected":false},"featured_media":4432,"template":"","meta":[],"product_brand":[],"product_cat":[91],"product_tag":[],"class_list":{"0":"post-4421","1":"product","2":"type-product","3":"status-publish","4":"has-post-thumbnail","6":"product_cat-doseersysteem-waterstofperoxide","8":"first","9":"instock","10":"taxable","11":"shipping-taxable","12":"purchasable","13":"product-type-simple"},"yoast_head":"<!-- This site is optimized with the Yoast SEO plugin v27.2 - https:\/\/yoast.com\/product\/yoast-seo-wordpress\/ -->\n<title>Doseersysteem voor waterstofperoxide 110L | Dosing Pump Shop B.V.<\/title>\n<meta name=\"description\" content=\"Compleet Doseersysteem voor waterstofperoxide 110L met aanzuiglans en automatische ontluchting. Nauwkeurige en veilige dosering van H\u2082O\u2082. Eenvoudige installatie.\" \/>\n<meta name=\"robots\" content=\"index, follow, max-snippet:-1, max-image-preview:large, max-video-preview:-1\" \/>\n<link rel=\"canonical\" href=\"https:\/\/dosingpump.shop\/de\/produkt\/dosiersystem-fur-wasserstoffperoxid-110l\/\" \/>\n<meta property=\"og:locale\" content=\"de_DE\" \/>\n<meta property=\"og:type\" content=\"article\" \/>\n<meta property=\"og:title\" content=\"Doseersysteem voor waterstofperoxide 110L | Dosing Pump Shop B.V.\" \/>\n<meta property=\"og:description\" content=\"Compleet Doseersysteem voor waterstofperoxide 110L met aanzuiglans en automatische ontluchting. Nauwkeurige en veilige dosering van H\u2082O\u2082. Eenvoudige installatie.\" \/>\n<meta property=\"og:url\" content=\"https:\/\/dosingpump.shop\/de\/produkt\/dosiersystem-fur-wasserstoffperoxid-110l\/\" \/>\n<meta property=\"og:site_name\" content=\"Dosing Pump Shop B.V.\" \/>\n<meta property=\"article:modified_time\" content=\"2026-02-27T12:49:30+00:00\" \/>\n<meta property=\"og:image\" content=\"https:\/\/dosingpump.shop\/wp-content\/uploads\/2024\/12\/waterstofperoxide-doseerinstallatie.webp\" \/>\n\t<meta property=\"og:image:width\" content=\"500\" \/>\n\t<meta property=\"og:image:height\" content=\"500\" \/>\n\t<meta property=\"og:image:type\" content=\"image\/webp\" \/>\n<meta name=\"twitter:card\" content=\"summary_large_image\" \/>\n<meta name=\"twitter:label1\" content=\"Preis\" \/>\n\t<meta name=\"twitter:data1\" content=\"&euro;773,00\" \/>\n\t<meta name=\"twitter:label2\" content=\"Verf\u00fcgbarkeit\" \/>\n\t<meta name=\"twitter:data2\" content=\"Auf Lager\" \/>\n<script type=\"application\/ld+json\" class=\"yoast-schema-graph\">{\"@context\":\"https:\/\/schema.org\",\"@graph\":[{\"@type\":\"WebPage\",\"@id\":\"https:\/\/dosingpump.shop\/dk\/produkt\/doseringssystem-til-hydrogenperoxid-110l\/\",\"url\":\"https:\/\/dosingpump.shop\/dk\/produkt\/doseringssystem-til-hydrogenperoxid-110l\/\",\"name\":\"Doseersysteem voor waterstofperoxide 110L | Dosing Pump Shop B.V.\",\"isPartOf\":{\"@id\":\"https:\/\/dosingpump.shop\/de\/#website\"},\"primaryImageOfPage\":{\"@id\":\"https:\/\/dosingpump.shop\/dk\/produkt\/doseringssystem-til-hydrogenperoxid-110l\/#primaryimage\"},\"image\":{\"@id\":\"https:\/\/dosingpump.shop\/dk\/produkt\/doseringssystem-til-hydrogenperoxid-110l\/#primaryimage\"},\"thumbnailUrl\":\"https:\/\/dosingpump.shop\/wp-content\/uploads\/2024\/12\/waterstofperoxide-doseerinstallatie.webp\",\"datePublished\":\"2024-12-05T12:22:55+00:00\",\"dateModified\":\"2026-02-27T12:49:30+00:00\",\"description\":\"Compleet Doseersysteem voor waterstofperoxide 110L met aanzuiglans en automatische ontluchting. Nauwkeurige en veilige dosering van H\u2082O\u2082. Eenvoudige installatie.\",\"breadcrumb\":{\"@id\":\"https:\/\/dosingpump.shop\/dk\/produkt\/doseringssystem-til-hydrogenperoxid-110l\/#breadcrumb\"},\"inLanguage\":\"de\",\"potentialAction\":[{\"@type\":\"ReadAction\",\"target\":[\"https:\/\/dosingpump.shop\/dk\/produkt\/doseringssystem-til-hydrogenperoxid-110l\/\"]}]},{\"@type\":\"ImageObject\",\"inLanguage\":\"de\",\"@id\":\"https:\/\/dosingpump.shop\/dk\/produkt\/doseringssystem-til-hydrogenperoxid-110l\/#primaryimage\",\"url\":\"https:\/\/dosingpump.shop\/wp-content\/uploads\/2024\/12\/waterstofperoxide-doseerinstallatie.webp\",\"contentUrl\":\"https:\/\/dosingpump.shop\/wp-content\/uploads\/2024\/12\/waterstofperoxide-doseerinstallatie.webp\",\"width\":500,\"height\":500},{\"@type\":\"BreadcrumbList\",\"@id\":\"https:\/\/dosingpump.shop\/dk\/produkt\/doseringssystem-til-hydrogenperoxid-110l\/#breadcrumb\",\"itemListElement\":[{\"@type\":\"ListItem\",\"position\":1,\"name\":\"Home\",\"item\":\"https:\/\/dosingpump.shop\/\"},{\"@type\":\"ListItem\",\"position\":2,\"name\":\"Shop\",\"item\":\"https:\/\/dosingpump.shop\/de\/shop\/\"},{\"@type\":\"ListItem\",\"position\":3,\"name\":\"Doseersysteem voor waterstofperoxide 110L\"}]},{\"@type\":\"WebSite\",\"@id\":\"https:\/\/dosingpump.shop\/de\/#website\",\"url\":\"https:\/\/dosingpump.shop\/de\/\",\"name\":\"Dosing Pump Shop B.V.\",\"description\":\"\",\"publisher\":{\"@id\":\"https:\/\/dosingpump.shop\/de\/#organization\"},\"potentialAction\":[{\"@type\":\"SearchAction\",\"target\":{\"@type\":\"EntryPoint\",\"urlTemplate\":\"https:\/\/dosingpump.shop\/de\/?s={search_term_string}\"},\"query-input\":{\"@type\":\"PropertyValueSpecification\",\"valueRequired\":true,\"valueName\":\"search_term_string\"}}],\"inLanguage\":\"de\"},{\"@type\":\"Organization\",\"@id\":\"https:\/\/dosingpump.shop\/de\/#organization\",\"name\":\"Dosing Pump Shop B.V.\",\"url\":\"https:\/\/dosingpump.shop\/de\/\",\"logo\":{\"@type\":\"ImageObject\",\"inLanguage\":\"de\",\"@id\":\"https:\/\/dosingpump.shop\/de\/#\/schema\/logo\/image\/\",\"url\":\"https:\/\/dosingpump.shop\/wp-content\/uploads\/2024\/10\/Dosing-Pump-Shop-logo.png\",\"contentUrl\":\"https:\/\/dosingpump.shop\/wp-content\/uploads\/2024\/10\/Dosing-Pump-Shop-logo.png\",\"width\":350,\"height\":45,\"caption\":\"Dosing Pump Shop B.V.\"},\"image\":{\"@id\":\"https:\/\/dosingpump.shop\/de\/#\/schema\/logo\/image\/\"},\"sameAs\":[\"https:\/\/linkedin.com\/company\/dosing-pump-shop\"]}]}<\/script>\n<meta property=\"product:price:amount\" content=\"773.00\" \/>\n<meta property=\"product:price:currency\" content=\"EUR\" \/>\n<meta property=\"og:availability\" content=\"instock\" \/>\n<meta property=\"product:availability\" content=\"instock\" \/>\n<meta property=\"product:retailer_item_id\" content=\"Dos-set-h202-compl-110\" \/>\n<meta property=\"product:condition\" content=\"new\" \/>\n<!-- \/ Yoast SEO plugin. -->","yoast_head_json":{"title":"Dosiersystem f\u00fcr Wasserstoffperoxid 110L | Dosing Pump Shop B.V.","description":"Komplette Dosieranlage f\u00fcr Wasserstoffperoxid 110L mit Sauglanze und automatischer Entl\u00fcftung. Pr\u00e4zise und sichere Dosierung von H\u2082O\u2082. Einfache Installation.","robots":{"index":"index","follow":"follow","max-snippet":"max-snippet:-1","max-image-preview":"max-image-preview:large","max-video-preview":"max-video-preview:-1"},"canonical":"https:\/\/dosingpump.shop\/de\/produkt\/dosiersystem-fur-wasserstoffperoxid-110l\/","og_locale":"de_DE","og_type":"article","og_title":"Doseersysteem voor waterstofperoxide 110L | Dosing Pump Shop B.V.","og_description":"Compleet Doseersysteem voor waterstofperoxide 110L met aanzuiglans en automatische ontluchting. Nauwkeurige en veilige dosering van H\u2082O\u2082. Eenvoudige installatie.","og_url":"https:\/\/dosingpump.shop\/de\/produkt\/dosiersystem-fur-wasserstoffperoxid-110l\/","og_site_name":"Dosing Pump Shop B.V.","article_modified_time":"2026-02-27T12:49:30+00:00","og_image":[{"width":500,"height":500,"url":"https:\/\/dosingpump.shop\/wp-content\/uploads\/2024\/12\/waterstofperoxide-doseerinstallatie.webp","type":"image\/webp"}],"twitter_card":"summary_large_image","twitter_misc":{"Preis":"&euro;773,00","Verf\u00fcgbarkeit":"Auf Lager"},"schema":{"@context":"https:\/\/schema.org","@graph":[{"@type":"WebPage","@id":"https:\/\/dosingpump.shop\/dk\/produkt\/doseringssystem-til-hydrogenperoxid-110l\/","url":"https:\/\/dosingpump.shop\/dk\/produkt\/doseringssystem-til-hydrogenperoxid-110l\/","name":"Dosiersystem f\u00fcr Wasserstoffperoxid 110L | Dosing Pump Shop B.V.","isPartOf":{"@id":"https:\/\/dosingpump.shop\/de\/#website"},"primaryImageOfPage":{"@id":"https:\/\/dosingpump.shop\/dk\/produkt\/doseringssystem-til-hydrogenperoxid-110l\/#primaryimage"},"image":{"@id":"https:\/\/dosingpump.shop\/dk\/produkt\/doseringssystem-til-hydrogenperoxid-110l\/#primaryimage"},"thumbnailUrl":"https:\/\/dosingpump.shop\/wp-content\/uploads\/2024\/12\/waterstofperoxide-doseerinstallatie.webp","datePublished":"2024-12-05T12:22:55+00:00","dateModified":"2026-02-27T12:49:30+00:00","description":"Komplette Dosieranlage f\u00fcr Wasserstoffperoxid 110L mit Sauglanze und automatischer Entl\u00fcftung. Pr\u00e4zise und sichere Dosierung von H\u2082O\u2082. Einfache Installation.","breadcrumb":{"@id":"https:\/\/dosingpump.shop\/dk\/produkt\/doseringssystem-til-hydrogenperoxid-110l\/#breadcrumb"},"inLanguage":"de","potentialAction":[{"@type":"ReadAction","target":["https:\/\/dosingpump.shop\/dk\/produkt\/doseringssystem-til-hydrogenperoxid-110l\/"]}]},{"@type":"ImageObject","inLanguage":"de","@id":"https:\/\/dosingpump.shop\/dk\/produkt\/doseringssystem-til-hydrogenperoxid-110l\/#primaryimage","url":"https:\/\/dosingpump.shop\/wp-content\/uploads\/2024\/12\/waterstofperoxide-doseerinstallatie.webp","contentUrl":"https:\/\/dosingpump.shop\/wp-content\/uploads\/2024\/12\/waterstofperoxide-doseerinstallatie.webp","width":500,"height":500},{"@type":"BreadcrumbList","@id":"https:\/\/dosingpump.shop\/dk\/produkt\/doseringssystem-til-hydrogenperoxid-110l\/#breadcrumb","itemListElement":[{"@type":"ListItem","position":1,"name":"Home","item":"https:\/\/dosingpump.shop\/"},{"@type":"ListItem","position":2,"name":"Shop","item":"https:\/\/dosingpump.shop\/de\/shop\/"},{"@type":"ListItem","position":3,"name":"Doseersysteem voor waterstofperoxide 110L"}]},{"@type":"WebSite","@id":"https:\/\/dosingpump.shop\/de\/#website","url":"https:\/\/dosingpump.shop\/de\/","name":"Dosierpumpen-Shop B.V.","description":"","publisher":{"@id":"https:\/\/dosingpump.shop\/de\/#organization"},"potentialAction":[{"@type":"SearchAction","target":{"@type":"EntryPoint","urlTemplate":"https:\/\/dosingpump.shop\/de\/?s={search_term_string}"},"query-input":{"@type":"PropertyValueSpecification","valueRequired":true,"valueName":"search_term_string"}}],"inLanguage":"de"},{"@type":"Organization","@id":"https:\/\/dosingpump.shop\/de\/#organization","name":"Dosierpumpen-Shop B.V.","url":"https:\/\/dosingpump.shop\/de\/","logo":{"@type":"ImageObject","inLanguage":"de","@id":"https:\/\/dosingpump.shop\/de\/#\/schema\/logo\/image\/","url":"https:\/\/dosingpump.shop\/wp-content\/uploads\/2024\/10\/Dosing-Pump-Shop-logo.png","contentUrl":"https:\/\/dosingpump.shop\/wp-content\/uploads\/2024\/10\/Dosing-Pump-Shop-logo.png","width":350,"height":45,"caption":"Dosing Pump Shop B.V."},"image":{"@id":"https:\/\/dosingpump.shop\/de\/#\/schema\/logo\/image\/"},"sameAs":["https:\/\/linkedin.com\/company\/dosing-pump-shop"]}]},"product_price_amount":"773.00","product_price_currency":"EUR","og_availability":"instock","product_availability":"instock","product_retailer_item_id":"Dos-set-h202-compl-110","product_condition":"new"},"_links":{"self":[{"href":"https:\/\/dosingpump.shop\/de\/wp-json\/wp\/v2\/product\/4421","targetHints":{"allow":["GET"]}}],"collection":[{"href":"https:\/\/dosingpump.shop\/de\/wp-json\/wp\/v2\/product"}],"about":[{"href":"https:\/\/dosingpump.shop\/de\/wp-json\/wp\/v2\/types\/product"}],"wp:featuredmedia":[{"embeddable":true,"href":"https:\/\/dosingpump.shop\/de\/wp-json\/wp\/v2\/media\/4432"}],"wp:attachment":[{"href":"https:\/\/dosingpump.shop\/de\/wp-json\/wp\/v2\/media?parent=4421"}],"wp:term":[{"taxonomy":"product_brand","embeddable":true,"href":"https:\/\/dosingpump.shop\/de\/wp-json\/wp\/v2\/product_brand?post=4421"},{"taxonomy":"product_cat","embeddable":true,"href":"https:\/\/dosingpump.shop\/de\/wp-json\/wp\/v2\/product_cat?post=4421"},{"taxonomy":"product_tag","embeddable":true,"href":"https:\/\/dosingpump.shop\/de\/wp-json\/wp\/v2\/product_tag?post=4421"}],"curies":[{"name":"wp","href":"https:\/\/api.w.org\/{rel}","templated":true}]}}