{"id":4830,"date":"2024-12-05T12:23:50","date_gmt":"2024-12-05T12:23:50","guid":{"rendered":"https:\/\/dosingpump.shop\/product\/doseerpomp-voor-kaliumaluminiumsulfaat-kaliumaluin\/"},"modified":"2026-02-27T14:49:48","modified_gmt":"2026-02-27T12:49:48","slug":"dosierpumpe-fur-kalium-aluminium-sulfat-kalium-alaun","status":"publish","type":"product","link":"https:\/\/dosingpump.shop\/de\/product\/doseerpomp-voor-kaliumaluminiumsulfaat-kaliumaluin\/","title":{"rendered":"Dosierpumpe f\u00fcr Kaliumaluminiumsulfat (Kaliumalaun)"},"content":{"rendered":"<h2>Dosierpumpe f\u00fcr Kaliumaluminiumsulfat (Kaliumalaun)<\/h2>\n<p>Diese hochwertige Emec-Dosierpumpe ist f\u00fcr die Dosierung von Kaliumaluminiumsulfat (Kaliumalaun) geeignet. Wir haben diese Pumpe aufgrund der guten Best\u00e4ndigkeit der f\u00fcr dieses Produkt verwendeten Materialien ausgew\u00e4hlt. Dies garantiert eine <b>lange Lebensdauer<\/b> und eine sichere Arbeitsumgebung.<\/p>\n<p>Die Dosierpumpe KCL plus 08-08 hat einen <b>einstellbares Hubvolumen und einstellbare Hubfrequenz<\/b>. Diese chemische Pumpe ist also <b>sehr pr\u00e4zise Einstellung<\/b>.<\/p>\n<p>Die Pumpe wird sehr komplett geliefert. So sind ein Saugfilter und ein Einspritzventil enthalten.<\/p>\n<p>Der KCL plus 08-08 kann bis zu 8 Liter pro Stunde bei einem Druck von 8 bar dosieren. Die Pumpe ist manuell einstellbar und kann optional \u00fcber die 230V-Versorgungsspannung gesteuert werden. Nat\u00fcrlich sind auch andere Modelle von Dosierpumpen erh\u00e4ltlich.<\/p>\n<h3>Andere Versionen Dosierpumpe f\u00fcr Kaliumaluminiumsulfat (Kaliumalaun)<\/h3>\n<p>Diese Dosierpumpe ist in verschiedenen Ausf\u00fchrungen erh\u00e4ltlich. Es ist zum Beispiel m\u00f6glich, eine MF-Version zu liefern, die \u00fcber 4-20 mA, Impuls oder 0-10V gesteuert werden kann. Auch ein h\u00f6herer Durchfluss ist kein Problem. Es ist m\u00f6glich, eine Pumpe zu liefern, die bis zu <b>1.000 Liter pro Stunde<\/b> dosieren kann. In Bezug auf den Druck oder die Versorgungsspannung gibt es nat\u00fcrlich auch mehr M\u00f6glichkeiten.<\/p>\n<h3>Welche Materialien empfehlen wir f\u00fcr die Dosierung von Kaliumaluminiumsulfat (Kaliumalaun)?<\/h3>\n<p>Bei Dosing Pump Shop haben wir eine gro\u00dfe Auswahl an Dosierpumpenteilen aus verschiedenen Materialien, so dass wir jede Dosierpumpe auf die richtige Widerstandsf\u00e4higkeit abstimmen k\u00f6nnen. F\u00fcr die Dosierung von Aceetaldehyd empfehlen wir die folgenden Teile und Materialien:<\/p>\n<p><b>Pumpenkopf<\/b><\/p>\n<ul>\n<li>PVDF<\/li>\n<li>PP<\/li>\n<li>Rostfreier Stahl (SS 316)<\/li>\n<li>PMMA<\/li>\n<\/ul>\n<p><b>O-Ring<\/b><\/p>\n<ul>\n<li>FPM (Viton)<\/li>\n<li>EPDM<\/li>\n<\/ul>\n<p><b>Membrane<\/b><\/p>\n<ul>\n<li>PFTE (Teflon)<\/li>\n<\/ul>\n<p><b>Dosierschlauch<\/b><\/p>\n<ul>\n<li>PE<\/li>\n<li>PVC<\/li>\n<li>PVDF<\/li>\n<\/ul>\n<p><em>Teile mit begrenzter Resistenz gegen Aceetaldehyd sind resistent, aber bedenken Sie, dass Sie dieses Teil dann regelm\u00e4\u00dfiger ersetzen m\u00fcssen.<\/em><\/p>\n<h3>Neugierig auf die M\u00f6glichkeiten?<\/h3>\n<p>Am bequemsten ist es, wenn Sie Kontakt mit uns aufnehmen. Wir k\u00f6nnen dann Ihre Anforderungen \u00fcbersetzen, um die richtige Dosierpumpe f\u00fcr Kaliumaluminiumsulfat (Kaliumalaun) zu finden!<\/p>","protected":false},"excerpt":{"rendered":"<p>F\u00fcr die sichere und genaue Dosierung von Kaliumaluminiumsulfat (Kaliumalaun) (Kal(SO4)2), von pr\u00e4zisen Dosieranwendungen (10 ml\/Stunde) bis hin zu gro\u00dfen Anwendungen mit bis zu 1.000 Litern pro Stunde (je nach Ausf\u00fchrung).<\/p>\n<p>Version: K CL PLUS 08-08 oder \u00e4hnlich.<br \/>Ben\u00f6tigen Sie eine andere Version? Fordern Sie ein Angebot an!<\/p>","protected":false},"featured_media":4072,"template":"","meta":[],"product_brand":[],"product_cat":[94],"product_tag":[],"class_list":{"0":"post-4830","1":"product","2":"type-product","3":"status-publish","4":"has-post-thumbnail","6":"product_cat-chemical-compatibility","8":"first","9":"instock","10":"taxable","11":"shipping-taxable","12":"purchasable","13":"product-type-simple"},"yoast_head":"<!-- This site is optimized with the Yoast SEO plugin v27.2 - https:\/\/yoast.com\/product\/yoast-seo-wordpress\/ -->\n<title>Doseerpomp voor Kaliumaluminiumsulfaat (kaliumaluin) | Dosing Pump Shop B.V.<\/title>\n<meta name=\"description\" content=\"Nauwkeurige en betrouwbare Doseerpomp voor Kaliumaluminiumsulfaat (kaliumaluin) voor diverse industri\u00eble toepassingen. Eenvoudige installatie en onderhoud.\" \/>\n<meta name=\"robots\" content=\"index, follow, max-snippet:-1, max-image-preview:large, max-video-preview:-1\" \/>\n<link rel=\"canonical\" href=\"https:\/\/dosingpump.shop\/de\/produkt\/dosierpumpe-fur-kalium-aluminium-sulfat-kalium-alaun\/\" \/>\n<meta property=\"og:locale\" content=\"de_DE\" \/>\n<meta property=\"og:type\" content=\"article\" \/>\n<meta property=\"og:title\" content=\"Doseerpomp voor Kaliumaluminiumsulfaat (kaliumaluin) | Dosing Pump Shop B.V.\" \/>\n<meta property=\"og:description\" content=\"Nauwkeurige en betrouwbare Doseerpomp voor Kaliumaluminiumsulfaat (kaliumaluin) voor diverse industri\u00eble toepassingen. Eenvoudige installatie en onderhoud.\" \/>\n<meta property=\"og:url\" content=\"https:\/\/dosingpump.shop\/de\/produkt\/dosierpumpe-fur-kalium-aluminium-sulfat-kalium-alaun\/\" \/>\n<meta property=\"og:site_name\" content=\"Dosing Pump Shop B.V.\" \/>\n<meta property=\"article:modified_time\" content=\"2026-02-27T12:49:48+00:00\" \/>\n<meta property=\"og:image\" content=\"https:\/\/dosingpump.shop\/wp-content\/uploads\/2024\/12\/EMEC-K-SERIE-ANALOG-dosing-pump.webp\" \/>\n\t<meta property=\"og:image:width\" content=\"498\" \/>\n\t<meta property=\"og:image:height\" content=\"501\" \/>\n\t<meta property=\"og:image:type\" content=\"image\/webp\" \/>\n<meta name=\"twitter:card\" content=\"summary_large_image\" \/>\n<meta name=\"twitter:label1\" content=\"Preis\" \/>\n\t<meta name=\"twitter:data1\" content=\"&euro;459,00\" \/>\n\t<meta name=\"twitter:label2\" content=\"Verf\u00fcgbarkeit\" \/>\n\t<meta name=\"twitter:data2\" content=\"Auf Lager\" \/>\n<script type=\"application\/ld+json\" class=\"yoast-schema-graph\">{\"@context\":\"https:\/\/schema.org\",\"@graph\":[{\"@type\":\"WebPage\",\"@id\":\"https:\/\/dosingpump.shop\/product\/doseerpomp-voor-kaliumaluminiumsulfaat-kaliumaluin\/\",\"url\":\"https:\/\/dosingpump.shop\/product\/doseerpomp-voor-kaliumaluminiumsulfaat-kaliumaluin\/\",\"name\":\"Doseerpomp voor Kaliumaluminiumsulfaat (kaliumaluin) | Dosing Pump Shop B.V.\",\"isPartOf\":{\"@id\":\"https:\/\/dosingpump.shop\/de\/#website\"},\"primaryImageOfPage\":{\"@id\":\"https:\/\/dosingpump.shop\/product\/doseerpomp-voor-kaliumaluminiumsulfaat-kaliumaluin\/#primaryimage\"},\"image\":{\"@id\":\"https:\/\/dosingpump.shop\/product\/doseerpomp-voor-kaliumaluminiumsulfaat-kaliumaluin\/#primaryimage\"},\"thumbnailUrl\":\"https:\/\/dosingpump.shop\/wp-content\/uploads\/2024\/12\/EMEC-K-SERIE-ANALOG-dosing-pump.webp\",\"datePublished\":\"2024-12-05T12:23:50+00:00\",\"dateModified\":\"2026-02-27T12:49:48+00:00\",\"description\":\"Nauwkeurige en betrouwbare Doseerpomp voor Kaliumaluminiumsulfaat (kaliumaluin) voor diverse industri\u00eble toepassingen. Eenvoudige installatie en onderhoud.\",\"breadcrumb\":{\"@id\":\"https:\/\/dosingpump.shop\/product\/doseerpomp-voor-kaliumaluminiumsulfaat-kaliumaluin\/#breadcrumb\"},\"inLanguage\":\"de\",\"potentialAction\":[{\"@type\":\"ReadAction\",\"target\":[\"https:\/\/dosingpump.shop\/product\/doseerpomp-voor-kaliumaluminiumsulfaat-kaliumaluin\/\"]}]},{\"@type\":\"ImageObject\",\"inLanguage\":\"de\",\"@id\":\"https:\/\/dosingpump.shop\/product\/doseerpomp-voor-kaliumaluminiumsulfaat-kaliumaluin\/#primaryimage\",\"url\":\"https:\/\/dosingpump.shop\/wp-content\/uploads\/2024\/12\/EMEC-K-SERIE-ANALOG-dosing-pump.webp\",\"contentUrl\":\"https:\/\/dosingpump.shop\/wp-content\/uploads\/2024\/12\/EMEC-K-SERIE-ANALOG-dosing-pump.webp\",\"width\":498,\"height\":501},{\"@type\":\"BreadcrumbList\",\"@id\":\"https:\/\/dosingpump.shop\/product\/doseerpomp-voor-kaliumaluminiumsulfaat-kaliumaluin\/#breadcrumb\",\"itemListElement\":[{\"@type\":\"ListItem\",\"position\":1,\"name\":\"Home\",\"item\":\"https:\/\/dosingpump.shop\/\"},{\"@type\":\"ListItem\",\"position\":2,\"name\":\"Shop\",\"item\":\"https:\/\/dosingpump.shop\/de\/shop\/\"},{\"@type\":\"ListItem\",\"position\":3,\"name\":\"Doseerpomp voor Kaliumaluminiumsulfaat (kaliumaluin)\"}]},{\"@type\":\"WebSite\",\"@id\":\"https:\/\/dosingpump.shop\/de\/#website\",\"url\":\"https:\/\/dosingpump.shop\/de\/\",\"name\":\"Dosing Pump Shop B.V.\",\"description\":\"\",\"publisher\":{\"@id\":\"https:\/\/dosingpump.shop\/de\/#organization\"},\"potentialAction\":[{\"@type\":\"SearchAction\",\"target\":{\"@type\":\"EntryPoint\",\"urlTemplate\":\"https:\/\/dosingpump.shop\/de\/?s={search_term_string}\"},\"query-input\":{\"@type\":\"PropertyValueSpecification\",\"valueRequired\":true,\"valueName\":\"search_term_string\"}}],\"inLanguage\":\"de\"},{\"@type\":\"Organization\",\"@id\":\"https:\/\/dosingpump.shop\/de\/#organization\",\"name\":\"Dosing Pump Shop B.V.\",\"url\":\"https:\/\/dosingpump.shop\/de\/\",\"logo\":{\"@type\":\"ImageObject\",\"inLanguage\":\"de\",\"@id\":\"https:\/\/dosingpump.shop\/de\/#\/schema\/logo\/image\/\",\"url\":\"https:\/\/dosingpump.shop\/wp-content\/uploads\/2024\/10\/Dosing-Pump-Shop-logo.png\",\"contentUrl\":\"https:\/\/dosingpump.shop\/wp-content\/uploads\/2024\/10\/Dosing-Pump-Shop-logo.png\",\"width\":350,\"height\":45,\"caption\":\"Dosing Pump Shop B.V.\"},\"image\":{\"@id\":\"https:\/\/dosingpump.shop\/de\/#\/schema\/logo\/image\/\"},\"sameAs\":[\"https:\/\/linkedin.com\/company\/dosing-pump-shop\"]}]}<\/script>\n<meta property=\"product:price:amount\" content=\"459.00\" \/>\n<meta property=\"product:price:currency\" content=\"EUR\" \/>\n<meta property=\"og:availability\" content=\"instock\" \/>\n<meta property=\"product:availability\" content=\"instock\" \/>\n<meta property=\"product:retailer_item_id\" content=\"Kaliumaluminiumsulfaat (kaliumaluin)\" \/>\n<meta property=\"product:condition\" content=\"new\" \/>\n<!-- \/ Yoast SEO plugin. -->","yoast_head_json":{"title":"Dosierpumpe f\u00fcr Kaliumaluminiumsulfat (Kaliumalaun) | Dosing Pump Shop B.V.","description":"Pr\u00e4zise und zuverl\u00e4ssige Dosierpumpe f\u00fcr Kaliumaluminiumsulfat (Kaliumalaun) f\u00fcr verschiedene industrielle Anwendungen. Einfache Installation und Wartung.","robots":{"index":"index","follow":"follow","max-snippet":"max-snippet:-1","max-image-preview":"max-image-preview:large","max-video-preview":"max-video-preview:-1"},"canonical":"https:\/\/dosingpump.shop\/de\/produkt\/dosierpumpe-fur-kalium-aluminium-sulfat-kalium-alaun\/","og_locale":"de_DE","og_type":"article","og_title":"Doseerpomp voor Kaliumaluminiumsulfaat (kaliumaluin) | Dosing Pump Shop B.V.","og_description":"Nauwkeurige en betrouwbare Doseerpomp voor Kaliumaluminiumsulfaat (kaliumaluin) voor diverse industri\u00eble toepassingen. Eenvoudige installatie en onderhoud.","og_url":"https:\/\/dosingpump.shop\/de\/produkt\/dosierpumpe-fur-kalium-aluminium-sulfat-kalium-alaun\/","og_site_name":"Dosing Pump Shop B.V.","article_modified_time":"2026-02-27T12:49:48+00:00","og_image":[{"width":498,"height":501,"url":"https:\/\/dosingpump.shop\/wp-content\/uploads\/2024\/12\/EMEC-K-SERIE-ANALOG-dosing-pump.webp","type":"image\/webp"}],"twitter_card":"summary_large_image","twitter_misc":{"Preis":"&euro;459,00","Verf\u00fcgbarkeit":"Auf Lager"},"schema":{"@context":"https:\/\/schema.org","@graph":[{"@type":"WebPage","@id":"https:\/\/dosingpump.shop\/product\/doseerpomp-voor-kaliumaluminiumsulfaat-kaliumaluin\/","url":"https:\/\/dosingpump.shop\/product\/doseerpomp-voor-kaliumaluminiumsulfaat-kaliumaluin\/","name":"Dosierpumpe f\u00fcr Kaliumaluminiumsulfat (Kaliumalaun) | Dosing Pump Shop B.V.","isPartOf":{"@id":"https:\/\/dosingpump.shop\/de\/#website"},"primaryImageOfPage":{"@id":"https:\/\/dosingpump.shop\/product\/doseerpomp-voor-kaliumaluminiumsulfaat-kaliumaluin\/#primaryimage"},"image":{"@id":"https:\/\/dosingpump.shop\/product\/doseerpomp-voor-kaliumaluminiumsulfaat-kaliumaluin\/#primaryimage"},"thumbnailUrl":"https:\/\/dosingpump.shop\/wp-content\/uploads\/2024\/12\/EMEC-K-SERIE-ANALOG-dosing-pump.webp","datePublished":"2024-12-05T12:23:50+00:00","dateModified":"2026-02-27T12:49:48+00:00","description":"Pr\u00e4zise und zuverl\u00e4ssige Dosierpumpe f\u00fcr Kaliumaluminiumsulfat (Kaliumalaun) f\u00fcr verschiedene industrielle Anwendungen. Einfache Installation und Wartung.","breadcrumb":{"@id":"https:\/\/dosingpump.shop\/product\/doseerpomp-voor-kaliumaluminiumsulfaat-kaliumaluin\/#breadcrumb"},"inLanguage":"de","potentialAction":[{"@type":"ReadAction","target":["https:\/\/dosingpump.shop\/product\/doseerpomp-voor-kaliumaluminiumsulfaat-kaliumaluin\/"]}]},{"@type":"ImageObject","inLanguage":"de","@id":"https:\/\/dosingpump.shop\/product\/doseerpomp-voor-kaliumaluminiumsulfaat-kaliumaluin\/#primaryimage","url":"https:\/\/dosingpump.shop\/wp-content\/uploads\/2024\/12\/EMEC-K-SERIE-ANALOG-dosing-pump.webp","contentUrl":"https:\/\/dosingpump.shop\/wp-content\/uploads\/2024\/12\/EMEC-K-SERIE-ANALOG-dosing-pump.webp","width":498,"height":501},{"@type":"BreadcrumbList","@id":"https:\/\/dosingpump.shop\/product\/doseerpomp-voor-kaliumaluminiumsulfaat-kaliumaluin\/#breadcrumb","itemListElement":[{"@type":"ListItem","position":1,"name":"Home","item":"https:\/\/dosingpump.shop\/"},{"@type":"ListItem","position":2,"name":"Shop","item":"https:\/\/dosingpump.shop\/de\/shop\/"},{"@type":"ListItem","position":3,"name":"Doseerpomp voor Kaliumaluminiumsulfaat (kaliumaluin)"}]},{"@type":"WebSite","@id":"https:\/\/dosingpump.shop\/de\/#website","url":"https:\/\/dosingpump.shop\/de\/","name":"Dosierpumpen-Shop B.V.","description":"","publisher":{"@id":"https:\/\/dosingpump.shop\/de\/#organization"},"potentialAction":[{"@type":"SearchAction","target":{"@type":"EntryPoint","urlTemplate":"https:\/\/dosingpump.shop\/de\/?s={search_term_string}"},"query-input":{"@type":"PropertyValueSpecification","valueRequired":true,"valueName":"search_term_string"}}],"inLanguage":"de"},{"@type":"Organization","@id":"https:\/\/dosingpump.shop\/de\/#organization","name":"Dosierpumpen-Shop B.V.","url":"https:\/\/dosingpump.shop\/de\/","logo":{"@type":"ImageObject","inLanguage":"de","@id":"https:\/\/dosingpump.shop\/de\/#\/schema\/logo\/image\/","url":"https:\/\/dosingpump.shop\/wp-content\/uploads\/2024\/10\/Dosing-Pump-Shop-logo.png","contentUrl":"https:\/\/dosingpump.shop\/wp-content\/uploads\/2024\/10\/Dosing-Pump-Shop-logo.png","width":350,"height":45,"caption":"Dosing Pump Shop B.V."},"image":{"@id":"https:\/\/dosingpump.shop\/de\/#\/schema\/logo\/image\/"},"sameAs":["https:\/\/linkedin.com\/company\/dosing-pump-shop"]}]},"product_price_amount":"459.00","product_price_currency":"EUR","og_availability":"instock","product_availability":"instock","product_retailer_item_id":"Kaliumaluminiumsulfaat (kaliumaluin)","product_condition":"new"},"_links":{"self":[{"href":"https:\/\/dosingpump.shop\/de\/wp-json\/wp\/v2\/product\/4830","targetHints":{"allow":["GET"]}}],"collection":[{"href":"https:\/\/dosingpump.shop\/de\/wp-json\/wp\/v2\/product"}],"about":[{"href":"https:\/\/dosingpump.shop\/de\/wp-json\/wp\/v2\/types\/product"}],"wp:featuredmedia":[{"embeddable":true,"href":"https:\/\/dosingpump.shop\/de\/wp-json\/wp\/v2\/media\/4072"}],"wp:attachment":[{"href":"https:\/\/dosingpump.shop\/de\/wp-json\/wp\/v2\/media?parent=4830"}],"wp:term":[{"taxonomy":"product_brand","embeddable":true,"href":"https:\/\/dosingpump.shop\/de\/wp-json\/wp\/v2\/product_brand?post=4830"},{"taxonomy":"product_cat","embeddable":true,"href":"https:\/\/dosingpump.shop\/de\/wp-json\/wp\/v2\/product_cat?post=4830"},{"taxonomy":"product_tag","embeddable":true,"href":"https:\/\/dosingpump.shop\/de\/wp-json\/wp\/v2\/product_tag?post=4830"}],"curies":[{"name":"wp","href":"https:\/\/api.w.org\/{rel}","templated":true}]}}