{"id":6029,"date":"2025-01-22T10:34:21","date_gmt":"2025-01-22T10:34:21","guid":{"rendered":"https:\/\/dosingpump.shop\/product\/doseerinstallatie-voor-butaandiol\/"},"modified":"2026-02-27T14:49:59","modified_gmt":"2026-02-27T12:49:59","slug":"dosiereinheit-fur-butandiol","status":"publish","type":"product","link":"https:\/\/dosingpump.shop\/de\/product\/doseerinstallatie-voor-butaandiol\/","title":{"rendered":"Dosieranlage f\u00fcr Butandiol"},"content":{"rendered":"<h3>Dispenser f\u00fcr Butandiol - 50 Liter<\/h3>\n<p>Mit diesem Dosiersystem f\u00fcr Butandiol (HOC4H8OH) haben Sie alles, was Sie brauchen, um Butandiol sicher und effizient zu dosieren. Nat\u00fcrlich haben wir an die chemische Best\u00e4ndigkeit gedacht, so dass die verschiedenen Komponenten eine sehr lange Lebensdauer haben.<\/p>\n<p>Das Fassungsverm\u00f6gen des Tanks betr\u00e4gt standardm\u00e4\u00dfig 50 Liter. Der Tank ist mit einer Sauglanze ausgestattet, die an die Dosierpumpe angeschlossen ist. Die Sauglanze hat einen F\u00fcllstandskontakt, der die Pumpe abschaltet, wenn der Tank leer ist. Das ist praktisch, denn es verhindert, dass Luft in die Leitungen gelangt. Die Dosierpumpe kann auf dem Tank montiert werden. Die Komponenten f\u00fcr dieses System werden separat geliefert. Die Montage ist einfach und wir k\u00f6nnen Sie dabei nat\u00fcrlich unterst\u00fctzen.<\/p>\n<h3>Inhalt Dispenser f\u00fcr Butandiol<\/h3>\n<ul>\n<li>Tank von 50 Litern, geeignet f\u00fcr Butandiol.<\/li>\n<li>Emec K CL PLUS 08-08 (8 L\/Stunde - 8 Bar) Dosierpumpe mit einstellbarer Hubl\u00e4nge und Frequenz.<\/li>\n<li>Sauglanze mit Niveauregulierung<\/li>\n<li>Einspritzventil und Dosierschlauch<\/li>\n<\/ul>\n<p>F\u00fcr dieses Chlordosiersystem <b>optional<\/b> verf\u00fcgbar:<\/p>\n<ul>\n<li>Gr\u00f6\u00dfere Tanks verf\u00fcgbar ab: 100, 200, 500 oder 1.000 Liter<\/li>\n<li>Kapazit\u00e4t bis zu 80 Liter pro Stunde, f\u00fcr Pumpen, die direkt auf dem Tank platziert werden<\/li>\n<li>Kapazit\u00e4t bis zu 1.000 Liter pro Stunde, f\u00fcr Pumpen, die an einer Wand \u00fcber dem Tank angebracht sind<\/li>\n<li>4-20 mA Steuerung<\/li>\n<li>Tankf\u00fcllpumpe<\/li>\n<li>R\u00fchrwerk (manuell oder automatisch)<\/li>\n<li>Geeignete Auffangschale<\/li>\n<li>Vollst\u00e4ndig montierte Lieferung<\/li>\n<\/ul>","protected":false},"excerpt":{"rendered":"<p>Komplettes Dosiersystem f\u00fcr Butandiol einschlie\u00dflich Tank, Sauglanze und Dosierpumpe. Fassungsverm\u00f6gen 50 Liter.<\/p>","protected":false},"featured_media":4432,"template":"","meta":[],"product_brand":[],"product_cat":[123],"product_tag":[],"class_list":{"0":"post-6029","1":"product","2":"type-product","3":"status-publish","4":"has-post-thumbnail","6":"product_cat-doseerinstallaties-voor-chemicalien","8":"first","9":"instock","10":"taxable","11":"shipping-taxable","12":"purchasable","13":"product-type-simple"},"yoast_head":"<!-- This site is optimized with the Yoast SEO plugin v27.2 - https:\/\/yoast.com\/product\/yoast-seo-wordpress\/ -->\n<title>Doseerinstallatie voor Butaandiol | Dosing Pump Shop B.V.<\/title>\n<meta name=\"description\" content=\"Complete Doseerinstallatie voor Butaandiol incl. tank, aanzuiglans en doseerpomp. Inhoud: 50 liter.\" \/>\n<meta name=\"robots\" content=\"index, follow, max-snippet:-1, max-image-preview:large, max-video-preview:-1\" \/>\n<link rel=\"canonical\" href=\"https:\/\/dosingpump.shop\/de\/produkt\/dosiereinheit-fur-butandiol\/\" \/>\n<meta property=\"og:locale\" content=\"de_DE\" \/>\n<meta property=\"og:type\" content=\"article\" \/>\n<meta property=\"og:title\" content=\"Doseerinstallatie voor Butaandiol | Dosing Pump Shop B.V.\" \/>\n<meta property=\"og:description\" content=\"Complete Doseerinstallatie voor Butaandiol incl. tank, aanzuiglans en doseerpomp. Inhoud: 50 liter.\" \/>\n<meta property=\"og:url\" content=\"https:\/\/dosingpump.shop\/de\/produkt\/dosiereinheit-fur-butandiol\/\" \/>\n<meta property=\"og:site_name\" content=\"Dosing Pump Shop B.V.\" \/>\n<meta property=\"article:modified_time\" content=\"2026-02-27T12:49:59+00:00\" \/>\n<meta property=\"og:image\" content=\"https:\/\/dosingpump.shop\/wp-content\/uploads\/2024\/12\/waterstofperoxide-doseerinstallatie.webp\" \/>\n\t<meta property=\"og:image:width\" content=\"500\" \/>\n\t<meta property=\"og:image:height\" content=\"500\" \/>\n\t<meta property=\"og:image:type\" content=\"image\/webp\" \/>\n<meta name=\"twitter:card\" content=\"summary_large_image\" \/>\n<meta name=\"twitter:label1\" content=\"Preis\" \/>\n\t<meta name=\"twitter:data1\" content=\"&euro;757,00\" \/>\n\t<meta name=\"twitter:label2\" content=\"Verf\u00fcgbarkeit\" \/>\n\t<meta name=\"twitter:data2\" content=\"Auf Lager\" \/>\n<script type=\"application\/ld+json\" class=\"yoast-schema-graph\">{\"@context\":\"https:\/\/schema.org\",\"@graph\":[{\"@type\":\"WebPage\",\"@id\":\"https:\/\/dosingpump.shop\/fr\/produit\/unite-de-dosage-pour-le-butanediol\/\",\"url\":\"https:\/\/dosingpump.shop\/fr\/produit\/unite-de-dosage-pour-le-butanediol\/\",\"name\":\"Doseerinstallatie voor Butaandiol | Dosing Pump Shop B.V.\",\"isPartOf\":{\"@id\":\"https:\/\/dosingpump.shop\/de\/#website\"},\"primaryImageOfPage\":{\"@id\":\"https:\/\/dosingpump.shop\/fr\/produit\/unite-de-dosage-pour-le-butanediol\/#primaryimage\"},\"image\":{\"@id\":\"https:\/\/dosingpump.shop\/fr\/produit\/unite-de-dosage-pour-le-butanediol\/#primaryimage\"},\"thumbnailUrl\":\"https:\/\/dosingpump.shop\/wp-content\/uploads\/2024\/12\/waterstofperoxide-doseerinstallatie.webp\",\"datePublished\":\"2025-01-22T10:34:21+00:00\",\"dateModified\":\"2026-02-27T12:49:59+00:00\",\"description\":\"Complete Doseerinstallatie voor Butaandiol incl. tank, aanzuiglans en doseerpomp. Inhoud: 50 liter.\",\"breadcrumb\":{\"@id\":\"https:\/\/dosingpump.shop\/fr\/produit\/unite-de-dosage-pour-le-butanediol\/#breadcrumb\"},\"inLanguage\":\"de\",\"potentialAction\":[{\"@type\":\"ReadAction\",\"target\":[\"https:\/\/dosingpump.shop\/fr\/produit\/unite-de-dosage-pour-le-butanediol\/\"]}]},{\"@type\":\"ImageObject\",\"inLanguage\":\"de\",\"@id\":\"https:\/\/dosingpump.shop\/fr\/produit\/unite-de-dosage-pour-le-butanediol\/#primaryimage\",\"url\":\"https:\/\/dosingpump.shop\/wp-content\/uploads\/2024\/12\/waterstofperoxide-doseerinstallatie.webp\",\"contentUrl\":\"https:\/\/dosingpump.shop\/wp-content\/uploads\/2024\/12\/waterstofperoxide-doseerinstallatie.webp\",\"width\":500,\"height\":500},{\"@type\":\"BreadcrumbList\",\"@id\":\"https:\/\/dosingpump.shop\/fr\/produit\/unite-de-dosage-pour-le-butanediol\/#breadcrumb\",\"itemListElement\":[{\"@type\":\"ListItem\",\"position\":1,\"name\":\"Home\",\"item\":\"https:\/\/dosingpump.shop\/\"},{\"@type\":\"ListItem\",\"position\":2,\"name\":\"Shop\",\"item\":\"https:\/\/dosingpump.shop\/de\/shop\/\"},{\"@type\":\"ListItem\",\"position\":3,\"name\":\"Doseerinstallatie voor Butaandiol\"}]},{\"@type\":\"WebSite\",\"@id\":\"https:\/\/dosingpump.shop\/de\/#website\",\"url\":\"https:\/\/dosingpump.shop\/de\/\",\"name\":\"Dosing Pump Shop B.V.\",\"description\":\"\",\"publisher\":{\"@id\":\"https:\/\/dosingpump.shop\/de\/#organization\"},\"potentialAction\":[{\"@type\":\"SearchAction\",\"target\":{\"@type\":\"EntryPoint\",\"urlTemplate\":\"https:\/\/dosingpump.shop\/de\/?s={search_term_string}\"},\"query-input\":{\"@type\":\"PropertyValueSpecification\",\"valueRequired\":true,\"valueName\":\"search_term_string\"}}],\"inLanguage\":\"de\"},{\"@type\":\"Organization\",\"@id\":\"https:\/\/dosingpump.shop\/de\/#organization\",\"name\":\"Dosing Pump Shop B.V.\",\"url\":\"https:\/\/dosingpump.shop\/de\/\",\"logo\":{\"@type\":\"ImageObject\",\"inLanguage\":\"de\",\"@id\":\"https:\/\/dosingpump.shop\/de\/#\/schema\/logo\/image\/\",\"url\":\"https:\/\/dosingpump.shop\/wp-content\/uploads\/2024\/10\/Dosing-Pump-Shop-logo.png\",\"contentUrl\":\"https:\/\/dosingpump.shop\/wp-content\/uploads\/2024\/10\/Dosing-Pump-Shop-logo.png\",\"width\":350,\"height\":45,\"caption\":\"Dosing Pump Shop B.V.\"},\"image\":{\"@id\":\"https:\/\/dosingpump.shop\/de\/#\/schema\/logo\/image\/\"},\"sameAs\":[\"https:\/\/linkedin.com\/company\/dosing-pump-shop\"]}]}<\/script>\n<meta property=\"product:price:amount\" content=\"757.00\" \/>\n<meta property=\"product:price:currency\" content=\"EUR\" \/>\n<meta property=\"og:availability\" content=\"instock\" \/>\n<meta property=\"product:availability\" content=\"instock\" \/>\n<meta property=\"product:retailer_item_id\" content=\"doseerinstalatie-Butaandiol\" \/>\n<meta property=\"product:condition\" content=\"new\" \/>\n<!-- \/ Yoast SEO plugin. -->","yoast_head_json":{"title":"Dosieranlage f\u00fcr Butandiol | Dosing Pump Shop B.V.","description":"Komplette Butandiol-Dosieranlage inkl. Tank, Sauglanze und Dosierpumpe. Fassungsverm\u00f6gen: 50 Liter.","robots":{"index":"index","follow":"follow","max-snippet":"max-snippet:-1","max-image-preview":"max-image-preview:large","max-video-preview":"max-video-preview:-1"},"canonical":"https:\/\/dosingpump.shop\/de\/produkt\/dosiereinheit-fur-butandiol\/","og_locale":"de_DE","og_type":"article","og_title":"Doseerinstallatie voor Butaandiol | Dosing Pump Shop B.V.","og_description":"Complete Doseerinstallatie voor Butaandiol incl. tank, aanzuiglans en doseerpomp. Inhoud: 50 liter.","og_url":"https:\/\/dosingpump.shop\/de\/produkt\/dosiereinheit-fur-butandiol\/","og_site_name":"Dosing Pump Shop B.V.","article_modified_time":"2026-02-27T12:49:59+00:00","og_image":[{"width":500,"height":500,"url":"https:\/\/dosingpump.shop\/wp-content\/uploads\/2024\/12\/waterstofperoxide-doseerinstallatie.webp","type":"image\/webp"}],"twitter_card":"summary_large_image","twitter_misc":{"Preis":"&euro;757,00","Verf\u00fcgbarkeit":"Auf Lager"},"schema":{"@context":"https:\/\/schema.org","@graph":[{"@type":"WebPage","@id":"https:\/\/dosingpump.shop\/fr\/produit\/unite-de-dosage-pour-le-butanediol\/","url":"https:\/\/dosingpump.shop\/fr\/produit\/unite-de-dosage-pour-le-butanediol\/","name":"Dosieranlage f\u00fcr Butandiol | Dosing Pump Shop B.V.","isPartOf":{"@id":"https:\/\/dosingpump.shop\/de\/#website"},"primaryImageOfPage":{"@id":"https:\/\/dosingpump.shop\/fr\/produit\/unite-de-dosage-pour-le-butanediol\/#primaryimage"},"image":{"@id":"https:\/\/dosingpump.shop\/fr\/produit\/unite-de-dosage-pour-le-butanediol\/#primaryimage"},"thumbnailUrl":"https:\/\/dosingpump.shop\/wp-content\/uploads\/2024\/12\/waterstofperoxide-doseerinstallatie.webp","datePublished":"2025-01-22T10:34:21+00:00","dateModified":"2026-02-27T12:49:59+00:00","description":"Komplette Butandiol-Dosieranlage inkl. Tank, Sauglanze und Dosierpumpe. Fassungsverm\u00f6gen: 50 Liter.","breadcrumb":{"@id":"https:\/\/dosingpump.shop\/fr\/produit\/unite-de-dosage-pour-le-butanediol\/#breadcrumb"},"inLanguage":"de","potentialAction":[{"@type":"ReadAction","target":["https:\/\/dosingpump.shop\/fr\/produit\/unite-de-dosage-pour-le-butanediol\/"]}]},{"@type":"ImageObject","inLanguage":"de","@id":"https:\/\/dosingpump.shop\/fr\/produit\/unite-de-dosage-pour-le-butanediol\/#primaryimage","url":"https:\/\/dosingpump.shop\/wp-content\/uploads\/2024\/12\/waterstofperoxide-doseerinstallatie.webp","contentUrl":"https:\/\/dosingpump.shop\/wp-content\/uploads\/2024\/12\/waterstofperoxide-doseerinstallatie.webp","width":500,"height":500},{"@type":"BreadcrumbList","@id":"https:\/\/dosingpump.shop\/fr\/produit\/unite-de-dosage-pour-le-butanediol\/#breadcrumb","itemListElement":[{"@type":"ListItem","position":1,"name":"Home","item":"https:\/\/dosingpump.shop\/"},{"@type":"ListItem","position":2,"name":"Shop","item":"https:\/\/dosingpump.shop\/de\/shop\/"},{"@type":"ListItem","position":3,"name":"Doseerinstallatie voor Butaandiol"}]},{"@type":"WebSite","@id":"https:\/\/dosingpump.shop\/de\/#website","url":"https:\/\/dosingpump.shop\/de\/","name":"Dosierpumpen-Shop B.V.","description":"","publisher":{"@id":"https:\/\/dosingpump.shop\/de\/#organization"},"potentialAction":[{"@type":"SearchAction","target":{"@type":"EntryPoint","urlTemplate":"https:\/\/dosingpump.shop\/de\/?s={search_term_string}"},"query-input":{"@type":"PropertyValueSpecification","valueRequired":true,"valueName":"search_term_string"}}],"inLanguage":"de"},{"@type":"Organization","@id":"https:\/\/dosingpump.shop\/de\/#organization","name":"Dosierpumpen-Shop B.V.","url":"https:\/\/dosingpump.shop\/de\/","logo":{"@type":"ImageObject","inLanguage":"de","@id":"https:\/\/dosingpump.shop\/de\/#\/schema\/logo\/image\/","url":"https:\/\/dosingpump.shop\/wp-content\/uploads\/2024\/10\/Dosing-Pump-Shop-logo.png","contentUrl":"https:\/\/dosingpump.shop\/wp-content\/uploads\/2024\/10\/Dosing-Pump-Shop-logo.png","width":350,"height":45,"caption":"Dosing Pump Shop B.V."},"image":{"@id":"https:\/\/dosingpump.shop\/de\/#\/schema\/logo\/image\/"},"sameAs":["https:\/\/linkedin.com\/company\/dosing-pump-shop"]}]},"product_price_amount":"757.00","product_price_currency":"EUR","og_availability":"instock","product_availability":"instock","product_retailer_item_id":"doseerinstalatie-Butaandiol","product_condition":"new"},"_links":{"self":[{"href":"https:\/\/dosingpump.shop\/de\/wp-json\/wp\/v2\/product\/6029","targetHints":{"allow":["GET"]}}],"collection":[{"href":"https:\/\/dosingpump.shop\/de\/wp-json\/wp\/v2\/product"}],"about":[{"href":"https:\/\/dosingpump.shop\/de\/wp-json\/wp\/v2\/types\/product"}],"wp:featuredmedia":[{"embeddable":true,"href":"https:\/\/dosingpump.shop\/de\/wp-json\/wp\/v2\/media\/4432"}],"wp:attachment":[{"href":"https:\/\/dosingpump.shop\/de\/wp-json\/wp\/v2\/media?parent=6029"}],"wp:term":[{"taxonomy":"product_brand","embeddable":true,"href":"https:\/\/dosingpump.shop\/de\/wp-json\/wp\/v2\/product_brand?post=6029"},{"taxonomy":"product_cat","embeddable":true,"href":"https:\/\/dosingpump.shop\/de\/wp-json\/wp\/v2\/product_cat?post=6029"},{"taxonomy":"product_tag","embeddable":true,"href":"https:\/\/dosingpump.shop\/de\/wp-json\/wp\/v2\/product_tag?post=6029"}],"curies":[{"name":"wp","href":"https:\/\/api.w.org\/{rel}","templated":true}]}}