{"id":6352,"date":"2025-01-22T14:19:37","date_gmt":"2025-01-22T14:19:37","guid":{"rendered":"https:\/\/dosingpump.shop\/product\/watermeter-catcit-15-1-2-4i-l\/"},"modified":"2026-02-27T14:50:17","modified_gmt":"2026-02-27T12:50:17","slug":"wasserzahler-katcit-15-1-2-4i-l","status":"publish","type":"product","link":"https:\/\/dosingpump.shop\/de\/product\/watermeter-catcit-15-1-2-4i-l\/","title":{"rendered":"Wasserz\u00e4hler CATCIT-15 1\/2\u2033 4i\/L"},"content":{"rendered":"<h3>Emec CATCIT | Impulswasserz\u00e4hler f\u00fcr korrosive Fl\u00fcssigkeiten bei hohen Temperaturen<\/h3>\n<p>Der Emec CATCIT ist ein genauer Wasserz\u00e4hler mit Impulsgeber, der f\u00fcr korrosive Fl\u00fcssigkeiten bei hohen Temperaturen entwickelt wurde. Der Z\u00e4hler erzeugt Impulse pro Liter, so dass Dosierpumpen pr\u00e4zise dosieren k\u00f6nnen. Dadurch ist es m\u00f6glich, eine 1%-L\u00f6sung herzustellen oder die Dosierung auf ppm-Niveau einzustellen. Au\u00dferdem regelt die Dosierpumpe automatisch bei \u00c4nderungen des Wasserdurchflusses, so dass die Dosierung immer gleich bleibt.<\/p>\n<p>Der Wasserz\u00e4hler hat eine trockene Skala, ideal f\u00fcr Fl\u00fcssigkeiten mit Schmutzpartikeln. F\u00fcr sauberes Trinkwasser ist eine nasse Skala eine gute Wahl. Dank seiner inneren und \u00e4u\u00dferen PTFE-Beschichtung bietet der Emec CATCIT eine ausgezeichnete Korrosionsbest\u00e4ndigkeit.<\/p>\n<h4>Welche Versionen von Verbindungen sind verf\u00fcgbar?<\/h4>\n<p>Der Emec CATCIT ist in verschiedenen Versionen und mit unterschiedlichen Anschl\u00fcssen erh\u00e4ltlich. Das macht es einfach, ein Modell auszuw\u00e4hlen, das zu Ihrem System passt.<\/p>\n<ul>\n<li><strong>CATCIT 15<\/strong>: 15 mm Anschluss (1\/2 Zoll)<\/li>\n<li><strong>CATCIT 20<\/strong>: 20 mm Anschluss (3\/4 Zoll)<\/li>\n<li><strong>CATCIT 25<\/strong>: 25 mm Anschluss (1 Zoll)<\/li>\n<li><strong>CATCIT 30<\/strong>: 30 mm Anschluss (1.1\/4 Zoll)<\/li>\n<li><strong>CATCIT 40<\/strong>: 40 mm Anschluss (1.1\/2 Zoll)<\/li>\n<li><strong>CATCIT 50<\/strong>: 50 mm Anschluss (2 Zoll)<\/li>\n<\/ul>\n<h4>Wichtig zu wissen<\/h4>\n<p>Verwenden Sie f\u00fcr den korrekten Betrieb eine Dosierpumpe mit MF (Multifunktions)-Konfiguration. Haben Sie Zweifel an der richtigen Konfiguration? Dann k\u00f6nnen Sie uns gerne kontaktieren. Unser Team ist bereit, Sie zu beraten.<\/p>","protected":false},"excerpt":{"rendered":"<ul>\n<li>Speziell f\u00fcr die Verwendung mit hei\u00dfem\/hei\u00dfem Wasser.<\/li>\n<li>PFTE-Beschichtung zur Verwendung mit korrosiven Fl\u00fcssigkeiten.<\/li>\n<li>Impulsgeber mit trockener Skala.<\/li>\n<li>Wird mit einem 2,5 Meter langen Kabel geliefert.<\/li>\n<\/ul>\n<p><em>Der Preis gilt f\u00fcr das folgende Modell: CATCIT 15. Andere Modelle unterliegen einem Aufpreis, bitte fragen Sie nach einem Angebot.<\/em><\/p>","protected":false},"featured_media":5885,"template":"","meta":[],"product_brand":[],"product_cat":[34,40],"product_tag":[],"class_list":{"0":"post-6352","1":"product","2":"type-product","3":"status-publish","4":"has-post-thumbnail","6":"product_cat-accessoires","7":"product_cat-watermeter-met-pulsgever","9":"first","10":"instock","11":"taxable","12":"shipping-taxable","13":"purchasable","14":"product-type-simple"},"yoast_head":"<!-- This site is optimized with the Yoast SEO plugin v27.2 - https:\/\/yoast.com\/product\/yoast-seo-wordpress\/ -->\n<title>Watermeter CATCIT-15 1\/2&quot; 4i\/L | Dosing Pump Shop B.V.<\/title>\n<meta name=\"robots\" content=\"index, follow, max-snippet:-1, max-image-preview:large, max-video-preview:-1\" \/>\n<link rel=\"canonical\" href=\"https:\/\/dosingpump.shop\/de\/produkt\/wasserzahler-katcit-15-1-2-4i-l\/\" \/>\n<meta property=\"og:locale\" content=\"de_DE\" \/>\n<meta property=\"og:type\" content=\"article\" \/>\n<meta property=\"og:title\" content=\"Watermeter CATCIT-15 1\/2&quot; 4i\/L | Dosing Pump Shop B.V.\" \/>\n<meta property=\"og:description\" content=\"Speciaal voor gebruik met warm\/heet water.  PFTE coating voor gebruik met corrosieve vloeistoffen.  Pulsgever met droge wijzerplaat.  Geleverd met 2,5 meter kabel.  Prijs geldt voor het volgende model: CATCIT 15. Voor andere modellen geldt een meerprijs, vraag daarvoor een offerte op.\" \/>\n<meta property=\"og:url\" content=\"https:\/\/dosingpump.shop\/de\/produkt\/wasserzahler-katcit-15-1-2-4i-l\/\" \/>\n<meta property=\"og:site_name\" content=\"Dosing Pump Shop B.V.\" \/>\n<meta property=\"article:modified_time\" content=\"2026-02-27T12:50:17+00:00\" \/>\n<meta property=\"og:image\" content=\"https:\/\/dosingpump.shop\/wp-content\/uploads\/2024\/12\/Emec-CatCit.png\" \/>\n\t<meta property=\"og:image:width\" content=\"500\" \/>\n\t<meta property=\"og:image:height\" content=\"500\" \/>\n\t<meta property=\"og:image:type\" content=\"image\/png\" \/>\n<meta name=\"twitter:card\" content=\"summary_large_image\" \/>\n<meta name=\"twitter:label1\" content=\"Preis\" \/>\n\t<meta name=\"twitter:data1\" content=\"&euro;284,00\" \/>\n\t<meta name=\"twitter:label2\" content=\"Verf\u00fcgbarkeit\" \/>\n\t<meta name=\"twitter:data2\" content=\"Auf Lager\" \/>\n<script type=\"application\/ld+json\" class=\"yoast-schema-graph\">{\"@context\":\"https:\/\/schema.org\",\"@graph\":[{\"@type\":\"WebPage\",\"@id\":\"https:\/\/dosingpump.shop\/nl\/product\/watermeter-catcit-15-1-2-4i-l\/\",\"url\":\"https:\/\/dosingpump.shop\/nl\/product\/watermeter-catcit-15-1-2-4i-l\/\",\"name\":\"Watermeter CATCIT-15 1\/2\\\" 4i\/L | Dosing Pump Shop B.V.\",\"isPartOf\":{\"@id\":\"https:\/\/dosingpump.shop\/de\/#website\"},\"primaryImageOfPage\":{\"@id\":\"https:\/\/dosingpump.shop\/nl\/product\/watermeter-catcit-15-1-2-4i-l\/#primaryimage\"},\"image\":{\"@id\":\"https:\/\/dosingpump.shop\/nl\/product\/watermeter-catcit-15-1-2-4i-l\/#primaryimage\"},\"thumbnailUrl\":\"https:\/\/dosingpump.shop\/wp-content\/uploads\/2024\/12\/Emec-CatCit.png\",\"datePublished\":\"2025-01-22T14:19:37+00:00\",\"dateModified\":\"2026-02-27T12:50:17+00:00\",\"breadcrumb\":{\"@id\":\"https:\/\/dosingpump.shop\/nl\/product\/watermeter-catcit-15-1-2-4i-l\/#breadcrumb\"},\"inLanguage\":\"de\",\"potentialAction\":[{\"@type\":\"ReadAction\",\"target\":[\"https:\/\/dosingpump.shop\/nl\/product\/watermeter-catcit-15-1-2-4i-l\/\"]}]},{\"@type\":\"ImageObject\",\"inLanguage\":\"de\",\"@id\":\"https:\/\/dosingpump.shop\/nl\/product\/watermeter-catcit-15-1-2-4i-l\/#primaryimage\",\"url\":\"https:\/\/dosingpump.shop\/wp-content\/uploads\/2024\/12\/Emec-CatCit.png\",\"contentUrl\":\"https:\/\/dosingpump.shop\/wp-content\/uploads\/2024\/12\/Emec-CatCit.png\",\"width\":500,\"height\":500,\"caption\":\"Emec CatCit\"},{\"@type\":\"BreadcrumbList\",\"@id\":\"https:\/\/dosingpump.shop\/nl\/product\/watermeter-catcit-15-1-2-4i-l\/#breadcrumb\",\"itemListElement\":[{\"@type\":\"ListItem\",\"position\":1,\"name\":\"Home\",\"item\":\"https:\/\/dosingpump.shop\/\"},{\"@type\":\"ListItem\",\"position\":2,\"name\":\"Shop\",\"item\":\"https:\/\/dosingpump.shop\/de\/shop\/\"},{\"@type\":\"ListItem\",\"position\":3,\"name\":\"Watermeter CATCIT-15 1\/2&#8243; 4i\/L\"}]},{\"@type\":\"WebSite\",\"@id\":\"https:\/\/dosingpump.shop\/de\/#website\",\"url\":\"https:\/\/dosingpump.shop\/de\/\",\"name\":\"Dosing Pump Shop B.V.\",\"description\":\"\",\"publisher\":{\"@id\":\"https:\/\/dosingpump.shop\/de\/#organization\"},\"potentialAction\":[{\"@type\":\"SearchAction\",\"target\":{\"@type\":\"EntryPoint\",\"urlTemplate\":\"https:\/\/dosingpump.shop\/de\/?s={search_term_string}\"},\"query-input\":{\"@type\":\"PropertyValueSpecification\",\"valueRequired\":true,\"valueName\":\"search_term_string\"}}],\"inLanguage\":\"de\"},{\"@type\":\"Organization\",\"@id\":\"https:\/\/dosingpump.shop\/de\/#organization\",\"name\":\"Dosing Pump Shop B.V.\",\"url\":\"https:\/\/dosingpump.shop\/de\/\",\"logo\":{\"@type\":\"ImageObject\",\"inLanguage\":\"de\",\"@id\":\"https:\/\/dosingpump.shop\/de\/#\/schema\/logo\/image\/\",\"url\":\"https:\/\/dosingpump.shop\/wp-content\/uploads\/2024\/10\/Dosing-Pump-Shop-logo.png\",\"contentUrl\":\"https:\/\/dosingpump.shop\/wp-content\/uploads\/2024\/10\/Dosing-Pump-Shop-logo.png\",\"width\":350,\"height\":45,\"caption\":\"Dosing Pump Shop B.V.\"},\"image\":{\"@id\":\"https:\/\/dosingpump.shop\/de\/#\/schema\/logo\/image\/\"},\"sameAs\":[\"https:\/\/linkedin.com\/company\/dosing-pump-shop\"]}]}<\/script>\n<meta property=\"product:price:amount\" content=\"284.00\" \/>\n<meta property=\"product:price:currency\" content=\"EUR\" \/>\n<meta property=\"og:availability\" content=\"instock\" \/>\n<meta property=\"product:availability\" content=\"instock\" \/>\n<meta property=\"product:retailer_item_id\" content=\"CATCT015004L02,5000X\" \/>\n<meta property=\"product:condition\" content=\"new\" \/>\n<!-- \/ Yoast SEO plugin. -->","yoast_head_json":{"title":"Wasserz\u00e4hler CATCIT-15 1\/2\" 4i\/L | Dosing Pump Shop B.V.","robots":{"index":"index","follow":"follow","max-snippet":"max-snippet:-1","max-image-preview":"max-image-preview:large","max-video-preview":"max-video-preview:-1"},"canonical":"https:\/\/dosingpump.shop\/de\/produkt\/wasserzahler-katcit-15-1-2-4i-l\/","og_locale":"de_DE","og_type":"article","og_title":"Watermeter CATCIT-15 1\/2\" 4i\/L | Dosing Pump Shop B.V.","og_description":"Speciaal voor gebruik met warm\/heet water.  PFTE coating voor gebruik met corrosieve vloeistoffen.  Pulsgever met droge wijzerplaat.  Geleverd met 2,5 meter kabel.  Prijs geldt voor het volgende model: CATCIT 15. Voor andere modellen geldt een meerprijs, vraag daarvoor een offerte op.","og_url":"https:\/\/dosingpump.shop\/de\/produkt\/wasserzahler-katcit-15-1-2-4i-l\/","og_site_name":"Dosing Pump Shop B.V.","article_modified_time":"2026-02-27T12:50:17+00:00","og_image":[{"width":500,"height":500,"url":"https:\/\/dosingpump.shop\/wp-content\/uploads\/2024\/12\/Emec-CatCit.png","type":"image\/png"}],"twitter_card":"summary_large_image","twitter_misc":{"Preis":"&euro;284,00","Verf\u00fcgbarkeit":"Auf Lager"},"schema":{"@context":"https:\/\/schema.org","@graph":[{"@type":"WebPage","@id":"https:\/\/dosingpump.shop\/nl\/product\/watermeter-catcit-15-1-2-4i-l\/","url":"https:\/\/dosingpump.shop\/nl\/product\/watermeter-catcit-15-1-2-4i-l\/","name":"Wasserz\u00e4hler CATCIT-15 1\/2\" 4i\/L | Dosing Pump Shop B.V.","isPartOf":{"@id":"https:\/\/dosingpump.shop\/de\/#website"},"primaryImageOfPage":{"@id":"https:\/\/dosingpump.shop\/nl\/product\/watermeter-catcit-15-1-2-4i-l\/#primaryimage"},"image":{"@id":"https:\/\/dosingpump.shop\/nl\/product\/watermeter-catcit-15-1-2-4i-l\/#primaryimage"},"thumbnailUrl":"https:\/\/dosingpump.shop\/wp-content\/uploads\/2024\/12\/Emec-CatCit.png","datePublished":"2025-01-22T14:19:37+00:00","dateModified":"2026-02-27T12:50:17+00:00","breadcrumb":{"@id":"https:\/\/dosingpump.shop\/nl\/product\/watermeter-catcit-15-1-2-4i-l\/#breadcrumb"},"inLanguage":"de","potentialAction":[{"@type":"ReadAction","target":["https:\/\/dosingpump.shop\/nl\/product\/watermeter-catcit-15-1-2-4i-l\/"]}]},{"@type":"ImageObject","inLanguage":"de","@id":"https:\/\/dosingpump.shop\/nl\/product\/watermeter-catcit-15-1-2-4i-l\/#primaryimage","url":"https:\/\/dosingpump.shop\/wp-content\/uploads\/2024\/12\/Emec-CatCit.png","contentUrl":"https:\/\/dosingpump.shop\/wp-content\/uploads\/2024\/12\/Emec-CatCit.png","width":500,"height":500,"caption":"Emec CatCit"},{"@type":"BreadcrumbList","@id":"https:\/\/dosingpump.shop\/nl\/product\/watermeter-catcit-15-1-2-4i-l\/#breadcrumb","itemListElement":[{"@type":"ListItem","position":1,"name":"Home","item":"https:\/\/dosingpump.shop\/"},{"@type":"ListItem","position":2,"name":"Shop","item":"https:\/\/dosingpump.shop\/de\/shop\/"},{"@type":"ListItem","position":3,"name":"Watermeter CATCIT-15 1\/2&#8243; 4i\/L"}]},{"@type":"WebSite","@id":"https:\/\/dosingpump.shop\/de\/#website","url":"https:\/\/dosingpump.shop\/de\/","name":"Dosierpumpen-Shop B.V.","description":"","publisher":{"@id":"https:\/\/dosingpump.shop\/de\/#organization"},"potentialAction":[{"@type":"SearchAction","target":{"@type":"EntryPoint","urlTemplate":"https:\/\/dosingpump.shop\/de\/?s={search_term_string}"},"query-input":{"@type":"PropertyValueSpecification","valueRequired":true,"valueName":"search_term_string"}}],"inLanguage":"de"},{"@type":"Organization","@id":"https:\/\/dosingpump.shop\/de\/#organization","name":"Dosierpumpen-Shop B.V.","url":"https:\/\/dosingpump.shop\/de\/","logo":{"@type":"ImageObject","inLanguage":"de","@id":"https:\/\/dosingpump.shop\/de\/#\/schema\/logo\/image\/","url":"https:\/\/dosingpump.shop\/wp-content\/uploads\/2024\/10\/Dosing-Pump-Shop-logo.png","contentUrl":"https:\/\/dosingpump.shop\/wp-content\/uploads\/2024\/10\/Dosing-Pump-Shop-logo.png","width":350,"height":45,"caption":"Dosing Pump Shop B.V."},"image":{"@id":"https:\/\/dosingpump.shop\/de\/#\/schema\/logo\/image\/"},"sameAs":["https:\/\/linkedin.com\/company\/dosing-pump-shop"]}]},"product_price_amount":"284.00","product_price_currency":"EUR","og_availability":"instock","product_availability":"instock","product_retailer_item_id":"CATCT015004L02,5000X","product_condition":"new"},"_links":{"self":[{"href":"https:\/\/dosingpump.shop\/de\/wp-json\/wp\/v2\/product\/6352","targetHints":{"allow":["GET"]}}],"collection":[{"href":"https:\/\/dosingpump.shop\/de\/wp-json\/wp\/v2\/product"}],"about":[{"href":"https:\/\/dosingpump.shop\/de\/wp-json\/wp\/v2\/types\/product"}],"wp:featuredmedia":[{"embeddable":true,"href":"https:\/\/dosingpump.shop\/de\/wp-json\/wp\/v2\/media\/5885"}],"wp:attachment":[{"href":"https:\/\/dosingpump.shop\/de\/wp-json\/wp\/v2\/media?parent=6352"}],"wp:term":[{"taxonomy":"product_brand","embeddable":true,"href":"https:\/\/dosingpump.shop\/de\/wp-json\/wp\/v2\/product_brand?post=6352"},{"taxonomy":"product_cat","embeddable":true,"href":"https:\/\/dosingpump.shop\/de\/wp-json\/wp\/v2\/product_cat?post=6352"},{"taxonomy":"product_tag","embeddable":true,"href":"https:\/\/dosingpump.shop\/de\/wp-json\/wp\/v2\/product_tag?post=6352"}],"curies":[{"name":"wp","href":"https:\/\/api.w.org\/{rel}","templated":true}]}}