{"id":7016,"date":"2025-05-20T09:15:46","date_gmt":"2025-05-20T07:15:46","guid":{"rendered":"https:\/\/dosingpump.shop\/product\/qdos-20-profibus-sebs-right\/"},"modified":"2026-03-10T23:17:39","modified_gmt":"2026-03-10T22:17:39","slug":"qdos-20-profibus-sebs-rechts","status":"publish","type":"product","link":"https:\/\/dosingpump.shop\/de\/product\/qdos-20-profibus-sebs-right\/","title":{"rendered":"Qdos 20 Profibus - SEBS - Rechts"},"content":{"rendered":"<p>Die Qdos 20 PROFIBUS - SEBS - Right ist eine industrielle Schlauchpumpe mit rechtsseitigem ReNu\u2122 SEBS-Pumpenkopf, die f\u00fcr die Integration in PROFIBUS-Netzwerke zur zentralen Steuerung und Echtzeitkommunikation konzipiert ist. Diese Pumpe ist ideal f\u00fcr die pr\u00e4zise Dosierung w\u00e4ssriger oder leichter chemischer Fl\u00fcssigkeiten und passt perfekt in automatisierte Prozesse, bei denen Zuverl\u00e4ssigkeit und Wartungsfreundlichkeit entscheidend sind. Der SEBS-Pumpenkopf l\u00e4sst sich leicht und ohne Werkzeug austauschen, was minimale Ausfallzeiten gew\u00e4hrleistet. Die Qdos 20 PROFIBUS - SEBS - Right bietet Prozesssicherheit bei vollst\u00e4ndiger digitaler Steuerung.<\/p>","protected":false},"excerpt":{"rendered":"<ul>\n<li>Geeignet f\u00fcr genaue Dosierung<\/li>\n<li>Geeignet f\u00fcr geringe Durchfl\u00fcsse<\/li>\n<li>Schutzart IP66 \/ NEMA 4X<\/li>\n<li>Pumpenkopf von SEBS<\/li>\n<li>Rechts montierter Pumpenkopf<\/li>\n<\/ul>\n<p>Verf\u00fcgbar. Fordern Sie sofort ein Angebot an.<\/p>","protected":false},"featured_media":7082,"template":"","meta":[],"product_brand":[],"product_cat":[246],"product_tag":[],"class_list":{"0":"post-7016","1":"product","2":"type-product","3":"status-publish","4":"has-post-thumbnail","6":"product_cat-qdos20","8":"first","9":"instock","10":"taxable","11":"shipping-taxable","12":"product-type-simple"},"yoast_head":"<!-- This site is optimized with the Yoast SEO plugin v27.2 - https:\/\/yoast.com\/product\/yoast-seo-wordpress\/ -->\n<title>Qdos 20 Profibus - SEBS - Right - Dosing Pump Shop B.V.<\/title>\n<meta name=\"robots\" content=\"index, follow, max-snippet:-1, max-image-preview:large, max-video-preview:-1\" \/>\n<link rel=\"canonical\" href=\"https:\/\/dosingpump.shop\/de\/produkt\/qdos-20-profibus-sebs-rechts\/\" \/>\n<meta property=\"og:locale\" content=\"de_DE\" \/>\n<meta property=\"og:type\" content=\"article\" \/>\n<meta property=\"og:title\" content=\"Qdos 20 Profibus - SEBS - Right - Dosing Pump Shop B.V.\" \/>\n<meta property=\"og:description\" content=\"Geschikt voor precieze doseering  Geschikt voor lage flows  Beschermingsklasse van IP66 \/ NEMA 4X  Pompkop van SEBS  Rechts gemonteerde pompkop  Beschikbaar vraag direct een offerte aan.\" \/>\n<meta property=\"og:url\" content=\"https:\/\/dosingpump.shop\/de\/produkt\/qdos-20-profibus-sebs-rechts\/\" \/>\n<meta property=\"og:site_name\" content=\"Dosing Pump Shop B.V.\" \/>\n<meta property=\"article:modified_time\" content=\"2026-03-10T22:17:39+00:00\" \/>\n<meta property=\"og:image\" content=\"https:\/\/dosingpump.shop\/wp-content\/uploads\/2025\/05\/Qdos-Rechts-1.png\" \/>\n\t<meta property=\"og:image:width\" content=\"500\" \/>\n\t<meta property=\"og:image:height\" content=\"500\" \/>\n\t<meta property=\"og:image:type\" content=\"image\/png\" \/>\n<meta name=\"twitter:card\" content=\"summary_large_image\" \/>\n<meta name=\"twitter:label1\" content=\"Preis\" \/>\n\t<meta name=\"twitter:data1\" content=\"\" \/>\n\t<meta name=\"twitter:label2\" content=\"Verf\u00fcgbarkeit\" \/>\n\t<meta name=\"twitter:data2\" content=\"Auf Lager\" \/>\n<script type=\"application\/ld+json\" class=\"yoast-schema-graph\">{\"@context\":\"https:\/\/schema.org\",\"@graph\":[{\"@type\":\"WebPage\",\"@id\":\"https:\/\/dosingpump.shop\/fi\/tuote\/qdos-20-profibus-sebs-oikea\/\",\"url\":\"https:\/\/dosingpump.shop\/fi\/tuote\/qdos-20-profibus-sebs-oikea\/\",\"name\":\"Qdos 20 Profibus - SEBS - Right - Dosing Pump Shop B.V.\",\"isPartOf\":{\"@id\":\"https:\/\/dosingpump.shop\/de\/#website\"},\"primaryImageOfPage\":{\"@id\":\"https:\/\/dosingpump.shop\/fi\/tuote\/qdos-20-profibus-sebs-oikea\/#primaryimage\"},\"image\":{\"@id\":\"https:\/\/dosingpump.shop\/fi\/tuote\/qdos-20-profibus-sebs-oikea\/#primaryimage\"},\"thumbnailUrl\":\"https:\/\/dosingpump.shop\/wp-content\/uploads\/2025\/05\/Qdos-Rechts-1.png\",\"datePublished\":\"2025-05-20T07:15:46+00:00\",\"dateModified\":\"2026-03-10T22:17:39+00:00\",\"breadcrumb\":{\"@id\":\"https:\/\/dosingpump.shop\/fi\/tuote\/qdos-20-profibus-sebs-oikea\/#breadcrumb\"},\"inLanguage\":\"de\",\"potentialAction\":[{\"@type\":\"ReadAction\",\"target\":[\"https:\/\/dosingpump.shop\/fi\/tuote\/qdos-20-profibus-sebs-oikea\/\"]}]},{\"@type\":\"ImageObject\",\"inLanguage\":\"de\",\"@id\":\"https:\/\/dosingpump.shop\/fi\/tuote\/qdos-20-profibus-sebs-oikea\/#primaryimage\",\"url\":\"https:\/\/dosingpump.shop\/wp-content\/uploads\/2025\/05\/Qdos-Rechts-1.png\",\"contentUrl\":\"https:\/\/dosingpump.shop\/wp-content\/uploads\/2025\/05\/Qdos-Rechts-1.png\",\"width\":500,\"height\":500},{\"@type\":\"BreadcrumbList\",\"@id\":\"https:\/\/dosingpump.shop\/fi\/tuote\/qdos-20-profibus-sebs-oikea\/#breadcrumb\",\"itemListElement\":[{\"@type\":\"ListItem\",\"position\":1,\"name\":\"Home\",\"item\":\"https:\/\/dosingpump.shop\/\"},{\"@type\":\"ListItem\",\"position\":2,\"name\":\"Shop\",\"item\":\"https:\/\/dosingpump.shop\/de\/shop\/\"},{\"@type\":\"ListItem\",\"position\":3,\"name\":\"Qdos 20 Profibus &#8211; SEBS &#8211; Right\"}]},{\"@type\":\"WebSite\",\"@id\":\"https:\/\/dosingpump.shop\/de\/#website\",\"url\":\"https:\/\/dosingpump.shop\/de\/\",\"name\":\"Dosing Pump Shop B.V.\",\"description\":\"\",\"publisher\":{\"@id\":\"https:\/\/dosingpump.shop\/de\/#organization\"},\"potentialAction\":[{\"@type\":\"SearchAction\",\"target\":{\"@type\":\"EntryPoint\",\"urlTemplate\":\"https:\/\/dosingpump.shop\/de\/?s={search_term_string}\"},\"query-input\":{\"@type\":\"PropertyValueSpecification\",\"valueRequired\":true,\"valueName\":\"search_term_string\"}}],\"inLanguage\":\"de\"},{\"@type\":\"Organization\",\"@id\":\"https:\/\/dosingpump.shop\/de\/#organization\",\"name\":\"Dosing Pump Shop B.V.\",\"url\":\"https:\/\/dosingpump.shop\/de\/\",\"logo\":{\"@type\":\"ImageObject\",\"inLanguage\":\"de\",\"@id\":\"https:\/\/dosingpump.shop\/de\/#\/schema\/logo\/image\/\",\"url\":\"https:\/\/dosingpump.shop\/wp-content\/uploads\/2024\/10\/Dosing-Pump-Shop-logo.png\",\"contentUrl\":\"https:\/\/dosingpump.shop\/wp-content\/uploads\/2024\/10\/Dosing-Pump-Shop-logo.png\",\"width\":350,\"height\":45,\"caption\":\"Dosing Pump Shop B.V.\"},\"image\":{\"@id\":\"https:\/\/dosingpump.shop\/de\/#\/schema\/logo\/image\/\"},\"sameAs\":[\"https:\/\/linkedin.com\/company\/dosing-pump-shop\"]}]}<\/script>\n<meta property=\"product:price:currency\" content=\"EUR\" \/>\n<meta property=\"og:availability\" content=\"instock\" \/>\n<meta property=\"product:availability\" content=\"instock\" \/>\n<meta property=\"product:retailer_item_id\" content=\"0M0.187L.GRE\" \/>\n<meta property=\"product:condition\" content=\"new\" \/>\n<!-- \/ Yoast SEO plugin. -->","yoast_head_json":{"title":"Qdos 20 Profibus - SEBS - Rechts - Dosing Pump Shop B.V.","robots":{"index":"index","follow":"follow","max-snippet":"max-snippet:-1","max-image-preview":"max-image-preview:large","max-video-preview":"max-video-preview:-1"},"canonical":"https:\/\/dosingpump.shop\/de\/produkt\/qdos-20-profibus-sebs-rechts\/","og_locale":"de_DE","og_type":"article","og_title":"Qdos 20 Profibus - SEBS - Right - Dosing Pump Shop B.V.","og_description":"Geschikt voor precieze doseering  Geschikt voor lage flows  Beschermingsklasse van IP66 \/ NEMA 4X  Pompkop van SEBS  Rechts gemonteerde pompkop  Beschikbaar vraag direct een offerte aan.","og_url":"https:\/\/dosingpump.shop\/de\/produkt\/qdos-20-profibus-sebs-rechts\/","og_site_name":"Dosing Pump Shop B.V.","article_modified_time":"2026-03-10T22:17:39+00:00","og_image":[{"width":500,"height":500,"url":"https:\/\/dosingpump.shop\/wp-content\/uploads\/2025\/05\/Qdos-Rechts-1.png","type":"image\/png"}],"twitter_card":"summary_large_image","twitter_misc":{"Preis":"","Verf\u00fcgbarkeit":"Auf Lager"},"schema":{"@context":"https:\/\/schema.org","@graph":[{"@type":"WebPage","@id":"https:\/\/dosingpump.shop\/fi\/tuote\/qdos-20-profibus-sebs-oikea\/","url":"https:\/\/dosingpump.shop\/fi\/tuote\/qdos-20-profibus-sebs-oikea\/","name":"Qdos 20 Profibus - SEBS - Rechts - Dosing Pump Shop B.V.","isPartOf":{"@id":"https:\/\/dosingpump.shop\/de\/#website"},"primaryImageOfPage":{"@id":"https:\/\/dosingpump.shop\/fi\/tuote\/qdos-20-profibus-sebs-oikea\/#primaryimage"},"image":{"@id":"https:\/\/dosingpump.shop\/fi\/tuote\/qdos-20-profibus-sebs-oikea\/#primaryimage"},"thumbnailUrl":"https:\/\/dosingpump.shop\/wp-content\/uploads\/2025\/05\/Qdos-Rechts-1.png","datePublished":"2025-05-20T07:15:46+00:00","dateModified":"2026-03-10T22:17:39+00:00","breadcrumb":{"@id":"https:\/\/dosingpump.shop\/fi\/tuote\/qdos-20-profibus-sebs-oikea\/#breadcrumb"},"inLanguage":"de","potentialAction":[{"@type":"ReadAction","target":["https:\/\/dosingpump.shop\/fi\/tuote\/qdos-20-profibus-sebs-oikea\/"]}]},{"@type":"ImageObject","inLanguage":"de","@id":"https:\/\/dosingpump.shop\/fi\/tuote\/qdos-20-profibus-sebs-oikea\/#primaryimage","url":"https:\/\/dosingpump.shop\/wp-content\/uploads\/2025\/05\/Qdos-Rechts-1.png","contentUrl":"https:\/\/dosingpump.shop\/wp-content\/uploads\/2025\/05\/Qdos-Rechts-1.png","width":500,"height":500},{"@type":"BreadcrumbList","@id":"https:\/\/dosingpump.shop\/fi\/tuote\/qdos-20-profibus-sebs-oikea\/#breadcrumb","itemListElement":[{"@type":"ListItem","position":1,"name":"Home","item":"https:\/\/dosingpump.shop\/"},{"@type":"ListItem","position":2,"name":"Shop","item":"https:\/\/dosingpump.shop\/de\/shop\/"},{"@type":"ListItem","position":3,"name":"Qdos 20 Profibus &#8211; SEBS &#8211; Right"}]},{"@type":"WebSite","@id":"https:\/\/dosingpump.shop\/de\/#website","url":"https:\/\/dosingpump.shop\/de\/","name":"Dosierpumpen-Shop B.V.","description":"","publisher":{"@id":"https:\/\/dosingpump.shop\/de\/#organization"},"potentialAction":[{"@type":"SearchAction","target":{"@type":"EntryPoint","urlTemplate":"https:\/\/dosingpump.shop\/de\/?s={search_term_string}"},"query-input":{"@type":"PropertyValueSpecification","valueRequired":true,"valueName":"search_term_string"}}],"inLanguage":"de"},{"@type":"Organization","@id":"https:\/\/dosingpump.shop\/de\/#organization","name":"Dosierpumpen-Shop B.V.","url":"https:\/\/dosingpump.shop\/de\/","logo":{"@type":"ImageObject","inLanguage":"de","@id":"https:\/\/dosingpump.shop\/de\/#\/schema\/logo\/image\/","url":"https:\/\/dosingpump.shop\/wp-content\/uploads\/2024\/10\/Dosing-Pump-Shop-logo.png","contentUrl":"https:\/\/dosingpump.shop\/wp-content\/uploads\/2024\/10\/Dosing-Pump-Shop-logo.png","width":350,"height":45,"caption":"Dosing Pump Shop B.V."},"image":{"@id":"https:\/\/dosingpump.shop\/de\/#\/schema\/logo\/image\/"},"sameAs":["https:\/\/linkedin.com\/company\/dosing-pump-shop"]}]},"product_price_currency":"EUR","og_availability":"instock","product_availability":"instock","product_retailer_item_id":"0M0.187L.GRE","product_condition":"new"},"_links":{"self":[{"href":"https:\/\/dosingpump.shop\/de\/wp-json\/wp\/v2\/product\/7016","targetHints":{"allow":["GET"]}}],"collection":[{"href":"https:\/\/dosingpump.shop\/de\/wp-json\/wp\/v2\/product"}],"about":[{"href":"https:\/\/dosingpump.shop\/de\/wp-json\/wp\/v2\/types\/product"}],"wp:featuredmedia":[{"embeddable":true,"href":"https:\/\/dosingpump.shop\/de\/wp-json\/wp\/v2\/media\/7082"}],"wp:attachment":[{"href":"https:\/\/dosingpump.shop\/de\/wp-json\/wp\/v2\/media?parent=7016"}],"wp:term":[{"taxonomy":"product_brand","embeddable":true,"href":"https:\/\/dosingpump.shop\/de\/wp-json\/wp\/v2\/product_brand?post=7016"},{"taxonomy":"product_cat","embeddable":true,"href":"https:\/\/dosingpump.shop\/de\/wp-json\/wp\/v2\/product_cat?post=7016"},{"taxonomy":"product_tag","embeddable":true,"href":"https:\/\/dosingpump.shop\/de\/wp-json\/wp\/v2\/product_tag?post=7016"}],"curies":[{"name":"wp","href":"https:\/\/api.w.org\/{rel}","templated":true}]}}