{"id":8120,"date":"2025-07-14T09:00:49","date_gmt":"2025-07-14T07:00:49","guid":{"rendered":"https:\/\/dosingpump.shop\/?post_type=product&#038;p=8120"},"modified":"2026-02-27T14:50:47","modified_gmt":"2026-02-27T12:50:47","slug":"ersatzteilsatz-pumpenkopf-i-ppepce-20-bar-1l-h-4x6","status":"publish","type":"product","link":"https:\/\/dosingpump.shop\/de\/product\/spare-part-kit-pompkop-i-ppepce-20-bar-1l-h-4x6\/","title":{"rendered":"Ersatzteilset - Pumpenkopf I (PP+EP+CE) - 20 Bar - 1l\/h - 4\u00d76"},"content":{"rendered":"<p>Die nassen Teile Ihrer Emec-Dosierpumpe der K-Serie m\u00fcssen m\u00f6glicherweise nach einigen Jahren ausgetauscht werden. Manchmal ist dies auf nat\u00fcrliche Abnutzung zur\u00fcckzuf\u00fchren, manchmal aber auch, weil z. B. der Pumpenkopf unerwartet getroffen wurde. Machen Sie es sich leicht mit diesem kompletten Wartungskit \"nasse Teile\" und Ihre Emec KMS-, KPLUS- oder KCL-Dosierpumpe wird wieder wie neu sein!<\/p>\n<h2><b>Dieser komplette Ersatzteilsatz enth\u00e4lt:<\/b><\/h2>\n<ul>\n<li>Passender Pumpenkopf<\/li>\n<li>Passendes Einspritzventil<\/li>\n<li>Fu\u00dfventil<\/li>\n<li>2 Meter PVC- und PE-Schlauch<\/li>\n<\/ul>\n<h3><b>\u00dcberpr\u00fcfen Sie Ihre Ausf\u00fchrung!<\/b><\/h3>\n<p>Teilen Sie uns bei Ihrer Bestellung \u00fcber das Kommentarformular immer mit, welche Version der K-Serie Sie genau haben. Dann k\u00f6nnen wir die richtige Konfiguration der nassen Teile ausw\u00e4hlen. Dies ist entscheidend f\u00fcr die chemische Best\u00e4ndigkeit und Lebensdauer Ihrer Pumpe. Sie sind sich nicht sicher? Dann lassen Sie sich doch einfach von uns beraten!<\/p>\n<p><em><strong>Sicherheitshinweise f\u00fcr den Austausch:<\/strong><\/em> Vor dem Auswechseln der nassen Teile ist es sehr wichtig, alles gr\u00fcndlich mit Wasser zu sp\u00fclen, um Chemikalienreste zu entfernen. Wir empfehlen au\u00dferdem dringend, Handschuhe und zumindest eine Schutzbrille zu tragen, um den Kontakt mit Chemikalien zu vermeiden!<\/p>","protected":false},"excerpt":{"rendered":"<p>Der Ersatzteilsatz enth\u00e4lt:<\/p>\n<ul>\n<li>Passender Pumpenkopf<\/li>\n<li>Passendes Einspritzventil<\/li>\n<li>Fu\u00dfventil<\/li>\n<li>PVC- und PE-Schlauch 2 Meter<\/li>\n<\/ul>","protected":false},"featured_media":7972,"template":"","meta":[],"product_brand":[],"product_cat":[323,30],"product_tag":[],"class_list":{"0":"post-8120","1":"product","2":"type-product","3":"status-publish","4":"has-post-thumbnail","6":"product_cat-onderhoudsset","7":"product_cat-spare-parts","9":"first","10":"instock","11":"taxable","12":"shipping-taxable","13":"purchasable","14":"product-type-simple"},"yoast_head":"<!-- This site is optimized with the Yoast SEO plugin v27.2 - https:\/\/yoast.com\/product\/yoast-seo-wordpress\/ -->\n<title>Spare part kit - Pompkop I (PP+EP+CE) - 20 Bar - 1l\/h - 4x6 - Dosing Pump Shop B.V.<\/title>\n<meta name=\"robots\" content=\"index, follow, max-snippet:-1, max-image-preview:large, max-video-preview:-1\" \/>\n<link rel=\"canonical\" href=\"https:\/\/dosingpump.shop\/de\/produkt\/ersatzteilsatz-pumpenkopf-i-ppepce-20-bar-1l-h-4x6\/\" \/>\n<meta property=\"og:locale\" content=\"de_DE\" \/>\n<meta property=\"og:type\" content=\"article\" \/>\n<meta property=\"og:title\" content=\"Spare part kit - Pompkop I (PP+EP+CE) - 20 Bar - 1l\/h - 4x6 - Dosing Pump Shop B.V.\" \/>\n<meta property=\"og:description\" content=\"Spare part kit wordt geleverd met:   Bijpassende pompkop  Bijpassende injectieventiel  Voetklep  PVC en PE Slang 2 Meter\" \/>\n<meta property=\"og:url\" content=\"https:\/\/dosingpump.shop\/de\/produkt\/ersatzteilsatz-pumpenkopf-i-ppepce-20-bar-1l-h-4x6\/\" \/>\n<meta property=\"og:site_name\" content=\"Dosing Pump Shop B.V.\" \/>\n<meta property=\"article:modified_time\" content=\"2026-02-27T12:50:47+00:00\" \/>\n<meta property=\"og:image\" content=\"https:\/\/dosingpump.shop\/wp-content\/uploads\/2024\/12\/Onderhoudsset.png\" \/>\n\t<meta property=\"og:image:width\" content=\"500\" \/>\n\t<meta property=\"og:image:height\" content=\"500\" \/>\n\t<meta property=\"og:image:type\" content=\"image\/png\" \/>\n<meta name=\"twitter:card\" content=\"summary_large_image\" \/>\n<meta name=\"twitter:label1\" content=\"Preis\" \/>\n\t<meta name=\"twitter:data1\" content=\"&euro;139,00\" \/>\n\t<meta name=\"twitter:label2\" content=\"Verf\u00fcgbarkeit\" \/>\n\t<meta name=\"twitter:data2\" content=\"Auf Lager\" \/>\n<script type=\"application\/ld+json\" class=\"yoast-schema-graph\">{\"@context\":\"https:\/\/schema.org\",\"@graph\":[{\"@type\":\"WebPage\",\"@id\":\"https:\/\/dosingpump.shop\/fr\/produit\/kit-de-pieces-detachees-tete-de-pompe-i-ppepce-20-bar-1l-h-4x6\/\",\"url\":\"https:\/\/dosingpump.shop\/fr\/produit\/kit-de-pieces-detachees-tete-de-pompe-i-ppepce-20-bar-1l-h-4x6\/\",\"name\":\"Spare part kit - Pompkop I (PP+EP+CE) - 20 Bar - 1l\/h - 4x6 - Dosing Pump Shop B.V.\",\"isPartOf\":{\"@id\":\"https:\/\/dosingpump.shop\/de\/#website\"},\"primaryImageOfPage\":{\"@id\":\"https:\/\/dosingpump.shop\/fr\/produit\/kit-de-pieces-detachees-tete-de-pompe-i-ppepce-20-bar-1l-h-4x6\/#primaryimage\"},\"image\":{\"@id\":\"https:\/\/dosingpump.shop\/fr\/produit\/kit-de-pieces-detachees-tete-de-pompe-i-ppepce-20-bar-1l-h-4x6\/#primaryimage\"},\"thumbnailUrl\":\"https:\/\/dosingpump.shop\/wp-content\/uploads\/2024\/12\/Onderhoudsset.png\",\"datePublished\":\"2025-07-14T07:00:49+00:00\",\"dateModified\":\"2026-02-27T12:50:47+00:00\",\"breadcrumb\":{\"@id\":\"https:\/\/dosingpump.shop\/fr\/produit\/kit-de-pieces-detachees-tete-de-pompe-i-ppepce-20-bar-1l-h-4x6\/#breadcrumb\"},\"inLanguage\":\"de\",\"potentialAction\":[{\"@type\":\"ReadAction\",\"target\":[\"https:\/\/dosingpump.shop\/fr\/produit\/kit-de-pieces-detachees-tete-de-pompe-i-ppepce-20-bar-1l-h-4x6\/\"]}]},{\"@type\":\"ImageObject\",\"inLanguage\":\"de\",\"@id\":\"https:\/\/dosingpump.shop\/fr\/produit\/kit-de-pieces-detachees-tete-de-pompe-i-ppepce-20-bar-1l-h-4x6\/#primaryimage\",\"url\":\"https:\/\/dosingpump.shop\/wp-content\/uploads\/2024\/12\/Onderhoudsset.png\",\"contentUrl\":\"https:\/\/dosingpump.shop\/wp-content\/uploads\/2024\/12\/Onderhoudsset.png\",\"width\":500,\"height\":500},{\"@type\":\"BreadcrumbList\",\"@id\":\"https:\/\/dosingpump.shop\/fr\/produit\/kit-de-pieces-detachees-tete-de-pompe-i-ppepce-20-bar-1l-h-4x6\/#breadcrumb\",\"itemListElement\":[{\"@type\":\"ListItem\",\"position\":1,\"name\":\"Home\",\"item\":\"https:\/\/dosingpump.shop\/\"},{\"@type\":\"ListItem\",\"position\":2,\"name\":\"Shop\",\"item\":\"https:\/\/dosingpump.shop\/de\/shop\/\"},{\"@type\":\"ListItem\",\"position\":3,\"name\":\"Spare part kit &#8211; Pompkop I (PP+EP+CE) &#8211; 20 Bar &#8211; 1l\/h &#8211; 4&#215;6\"}]},{\"@type\":\"WebSite\",\"@id\":\"https:\/\/dosingpump.shop\/de\/#website\",\"url\":\"https:\/\/dosingpump.shop\/de\/\",\"name\":\"Dosing Pump Shop B.V.\",\"description\":\"\",\"publisher\":{\"@id\":\"https:\/\/dosingpump.shop\/de\/#organization\"},\"potentialAction\":[{\"@type\":\"SearchAction\",\"target\":{\"@type\":\"EntryPoint\",\"urlTemplate\":\"https:\/\/dosingpump.shop\/de\/?s={search_term_string}\"},\"query-input\":{\"@type\":\"PropertyValueSpecification\",\"valueRequired\":true,\"valueName\":\"search_term_string\"}}],\"inLanguage\":\"de\"},{\"@type\":\"Organization\",\"@id\":\"https:\/\/dosingpump.shop\/de\/#organization\",\"name\":\"Dosing Pump Shop B.V.\",\"url\":\"https:\/\/dosingpump.shop\/de\/\",\"logo\":{\"@type\":\"ImageObject\",\"inLanguage\":\"de\",\"@id\":\"https:\/\/dosingpump.shop\/de\/#\/schema\/logo\/image\/\",\"url\":\"https:\/\/dosingpump.shop\/wp-content\/uploads\/2024\/10\/Dosing-Pump-Shop-logo.png\",\"contentUrl\":\"https:\/\/dosingpump.shop\/wp-content\/uploads\/2024\/10\/Dosing-Pump-Shop-logo.png\",\"width\":350,\"height\":45,\"caption\":\"Dosing Pump Shop B.V.\"},\"image\":{\"@id\":\"https:\/\/dosingpump.shop\/de\/#\/schema\/logo\/image\/\"},\"sameAs\":[\"https:\/\/linkedin.com\/company\/dosing-pump-shop\"]}]}<\/script>\n<meta property=\"product:price:amount\" content=\"139.00\" \/>\n<meta property=\"product:price:currency\" content=\"EUR\" \/>\n<meta property=\"og:availability\" content=\"instock\" \/>\n<meta property=\"product:availability\" content=\"instock\" \/>\n<meta property=\"product:condition\" content=\"new\" \/>\n<!-- \/ Yoast SEO plugin. -->","yoast_head_json":{"title":"Ersatzteilset - Pumpenkopf I (PP+EP+CE) - 20 Bar - 1l\/h - 4x6 - Dosing Pump Shop B.V.","robots":{"index":"index","follow":"follow","max-snippet":"max-snippet:-1","max-image-preview":"max-image-preview:large","max-video-preview":"max-video-preview:-1"},"canonical":"https:\/\/dosingpump.shop\/de\/produkt\/ersatzteilsatz-pumpenkopf-i-ppepce-20-bar-1l-h-4x6\/","og_locale":"de_DE","og_type":"article","og_title":"Spare part kit - Pompkop I (PP+EP+CE) - 20 Bar - 1l\/h - 4x6 - Dosing Pump Shop B.V.","og_description":"Spare part kit wordt geleverd met:   Bijpassende pompkop  Bijpassende injectieventiel  Voetklep  PVC en PE Slang 2 Meter","og_url":"https:\/\/dosingpump.shop\/de\/produkt\/ersatzteilsatz-pumpenkopf-i-ppepce-20-bar-1l-h-4x6\/","og_site_name":"Dosing Pump Shop B.V.","article_modified_time":"2026-02-27T12:50:47+00:00","og_image":[{"width":500,"height":500,"url":"https:\/\/dosingpump.shop\/wp-content\/uploads\/2024\/12\/Onderhoudsset.png","type":"image\/png"}],"twitter_card":"summary_large_image","twitter_misc":{"Preis":"&euro;139,00","Verf\u00fcgbarkeit":"Auf Lager"},"schema":{"@context":"https:\/\/schema.org","@graph":[{"@type":"WebPage","@id":"https:\/\/dosingpump.shop\/fr\/produit\/kit-de-pieces-detachees-tete-de-pompe-i-ppepce-20-bar-1l-h-4x6\/","url":"https:\/\/dosingpump.shop\/fr\/produit\/kit-de-pieces-detachees-tete-de-pompe-i-ppepce-20-bar-1l-h-4x6\/","name":"Ersatzteilset - Pumpenkopf I (PP+EP+CE) - 20 Bar - 1l\/h - 4x6 - Dosing Pump Shop B.V.","isPartOf":{"@id":"https:\/\/dosingpump.shop\/de\/#website"},"primaryImageOfPage":{"@id":"https:\/\/dosingpump.shop\/fr\/produit\/kit-de-pieces-detachees-tete-de-pompe-i-ppepce-20-bar-1l-h-4x6\/#primaryimage"},"image":{"@id":"https:\/\/dosingpump.shop\/fr\/produit\/kit-de-pieces-detachees-tete-de-pompe-i-ppepce-20-bar-1l-h-4x6\/#primaryimage"},"thumbnailUrl":"https:\/\/dosingpump.shop\/wp-content\/uploads\/2024\/12\/Onderhoudsset.png","datePublished":"2025-07-14T07:00:49+00:00","dateModified":"2026-02-27T12:50:47+00:00","breadcrumb":{"@id":"https:\/\/dosingpump.shop\/fr\/produit\/kit-de-pieces-detachees-tete-de-pompe-i-ppepce-20-bar-1l-h-4x6\/#breadcrumb"},"inLanguage":"de","potentialAction":[{"@type":"ReadAction","target":["https:\/\/dosingpump.shop\/fr\/produit\/kit-de-pieces-detachees-tete-de-pompe-i-ppepce-20-bar-1l-h-4x6\/"]}]},{"@type":"ImageObject","inLanguage":"de","@id":"https:\/\/dosingpump.shop\/fr\/produit\/kit-de-pieces-detachees-tete-de-pompe-i-ppepce-20-bar-1l-h-4x6\/#primaryimage","url":"https:\/\/dosingpump.shop\/wp-content\/uploads\/2024\/12\/Onderhoudsset.png","contentUrl":"https:\/\/dosingpump.shop\/wp-content\/uploads\/2024\/12\/Onderhoudsset.png","width":500,"height":500},{"@type":"BreadcrumbList","@id":"https:\/\/dosingpump.shop\/fr\/produit\/kit-de-pieces-detachees-tete-de-pompe-i-ppepce-20-bar-1l-h-4x6\/#breadcrumb","itemListElement":[{"@type":"ListItem","position":1,"name":"Home","item":"https:\/\/dosingpump.shop\/"},{"@type":"ListItem","position":2,"name":"Shop","item":"https:\/\/dosingpump.shop\/de\/shop\/"},{"@type":"ListItem","position":3,"name":"Spare part kit &#8211; Pompkop I (PP+EP+CE) &#8211; 20 Bar &#8211; 1l\/h &#8211; 4&#215;6"}]},{"@type":"WebSite","@id":"https:\/\/dosingpump.shop\/de\/#website","url":"https:\/\/dosingpump.shop\/de\/","name":"Dosierpumpen-Shop B.V.","description":"","publisher":{"@id":"https:\/\/dosingpump.shop\/de\/#organization"},"potentialAction":[{"@type":"SearchAction","target":{"@type":"EntryPoint","urlTemplate":"https:\/\/dosingpump.shop\/de\/?s={search_term_string}"},"query-input":{"@type":"PropertyValueSpecification","valueRequired":true,"valueName":"search_term_string"}}],"inLanguage":"de"},{"@type":"Organization","@id":"https:\/\/dosingpump.shop\/de\/#organization","name":"Dosierpumpen-Shop B.V.","url":"https:\/\/dosingpump.shop\/de\/","logo":{"@type":"ImageObject","inLanguage":"de","@id":"https:\/\/dosingpump.shop\/de\/#\/schema\/logo\/image\/","url":"https:\/\/dosingpump.shop\/wp-content\/uploads\/2024\/10\/Dosing-Pump-Shop-logo.png","contentUrl":"https:\/\/dosingpump.shop\/wp-content\/uploads\/2024\/10\/Dosing-Pump-Shop-logo.png","width":350,"height":45,"caption":"Dosing Pump Shop B.V."},"image":{"@id":"https:\/\/dosingpump.shop\/de\/#\/schema\/logo\/image\/"},"sameAs":["https:\/\/linkedin.com\/company\/dosing-pump-shop"]}]},"product_price_amount":"139.00","product_price_currency":"EUR","og_availability":"instock","product_availability":"instock","product_condition":"new"},"_links":{"self":[{"href":"https:\/\/dosingpump.shop\/de\/wp-json\/wp\/v2\/product\/8120","targetHints":{"allow":["GET"]}}],"collection":[{"href":"https:\/\/dosingpump.shop\/de\/wp-json\/wp\/v2\/product"}],"about":[{"href":"https:\/\/dosingpump.shop\/de\/wp-json\/wp\/v2\/types\/product"}],"wp:featuredmedia":[{"embeddable":true,"href":"https:\/\/dosingpump.shop\/de\/wp-json\/wp\/v2\/media\/7972"}],"wp:attachment":[{"href":"https:\/\/dosingpump.shop\/de\/wp-json\/wp\/v2\/media?parent=8120"}],"wp:term":[{"taxonomy":"product_brand","embeddable":true,"href":"https:\/\/dosingpump.shop\/de\/wp-json\/wp\/v2\/product_brand?post=8120"},{"taxonomy":"product_cat","embeddable":true,"href":"https:\/\/dosingpump.shop\/de\/wp-json\/wp\/v2\/product_cat?post=8120"},{"taxonomy":"product_tag","embeddable":true,"href":"https:\/\/dosingpump.shop\/de\/wp-json\/wp\/v2\/product_tag?post=8120"}],"curies":[{"name":"wp","href":"https:\/\/api.w.org\/{rel}","templated":true}]}}