{"id":8563,"date":"2025-11-28T14:01:25","date_gmt":"2025-11-28T12:01:25","guid":{"rendered":"https:\/\/dosingpump.shop\/?post_type=product&#038;p=8563"},"modified":"2026-02-27T14:50:54","modified_gmt":"2026-02-27T12:50:54","slug":"emec-membran-ptfe-fur-pumpenkopf-k","status":"publish","type":"product","link":"https:\/\/dosingpump.shop\/de\/product\/emec-diaphragm-ptfe-for-pump-head-k\/","title":{"rendered":"Emec DIAPHRAGM (PTFE) f\u00fcr Pumpenkopf \"K\""},"content":{"rendered":"<p data-path-to-node=\"3\">Die <b>Emec PTFE-Membran<\/b> bildet das schlagende Herz Ihrer Emec-Dosierpumpe und ist auf maximale Haltbarkeit und chemische Best\u00e4ndigkeit ausgelegt. Im Gegensatz zu konventionellen laminierten Membranen, die oft aus einem Gummikern mit einer d\u00fcnnen Beschichtung bestehen, wird die Emec-Membran hergestellt aus <b>festes PTFE (Teflon)<\/b>.<\/p>\n<p data-path-to-node=\"4\">Dieses einzigartige Herstellungsverfahren und die spezielle Materialauswahl sorgen daf\u00fcr, dass die Membran extrem verschlei\u00dffest ist. Da sie aus einem einzigen St\u00fcck Material besteht, ist eine Delamination (das L\u00f6sen von Schichten) unm\u00f6glich, was ihre Lebensdauer im Vergleich zu Standardmembranen erheblich verl\u00e4ngert. Dank der \u00fcberragenden Eigenschaften von PTFE ist diese Membran gegen fast alle aggressiven Chemikalien, S\u00e4uren und Laugen best\u00e4ndig, was sie universell in einer Vielzahl von industriellen Anwendungen einsetzbar macht.<\/p>\n<p data-path-to-node=\"5\">Die Membran ist flexibel genug, um der schnellen Hubbewegung des Elektromagneten zu folgen, aber auch stark genug, um eine genaue und konstante Dosierung \u00fcber Jahre hinweg ohne Kapazit\u00e4tsverlust zu gew\u00e4hrleisten.<\/p>","protected":false},"excerpt":{"rendered":"<ul>\n<li>PTFE-Membran<\/li>\n<li>Flexibel, um der schnellen Hubbewegung des Elektromagneten zu folgen<\/li>\n<\/ul>\n<p>Sie brauchen Hilfe bei der Auswahl des richtigen Produkts? Dann kontaktieren Sie uns.<\/p>","protected":false},"featured_media":8560,"template":"","meta":[],"product_brand":[],"product_cat":[348,30],"product_tag":[],"class_list":{"0":"post-8563","1":"product","2":"type-product","3":"status-publish","4":"has-post-thumbnail","6":"product_cat-diaphragms","7":"product_cat-spare-parts","9":"first","10":"instock","11":"taxable","12":"shipping-taxable","13":"purchasable","14":"product-type-simple"},"yoast_head":"<!-- This site is optimized with the Yoast SEO plugin v27.2 - https:\/\/yoast.com\/product\/yoast-seo-wordpress\/ -->\n<title>Emec DIAPHRAGM (PTFE) for pump head \u201cK\u201d - Dosing Pump Shop B.V.<\/title>\n<meta name=\"robots\" content=\"index, follow, max-snippet:-1, max-image-preview:large, max-video-preview:-1\" \/>\n<link rel=\"canonical\" href=\"https:\/\/dosingpump.shop\/de\/produkt\/emec-membran-ptfe-fur-pumpenkopf-k\/\" \/>\n<meta property=\"og:locale\" content=\"de_DE\" \/>\n<meta property=\"og:type\" content=\"article\" \/>\n<meta property=\"og:title\" content=\"Emec DIAPHRAGM (PTFE) for pump head \u201cK\u201d - Dosing Pump Shop B.V.\" \/>\n<meta property=\"og:description\" content=\"PTFE Membraan  Flexibel om snelle slagbeweging van de elektromagneet te volgen  Wilt u help bij het kiezen van het juiste product? Neem dan contact met ons op.\" \/>\n<meta property=\"og:url\" content=\"https:\/\/dosingpump.shop\/de\/produkt\/emec-membran-ptfe-fur-pumpenkopf-k\/\" \/>\n<meta property=\"og:site_name\" content=\"Dosing Pump Shop B.V.\" \/>\n<meta property=\"article:modified_time\" content=\"2026-02-27T12:50:54+00:00\" \/>\n<meta property=\"og:image\" content=\"https:\/\/dosingpump.shop\/wp-content\/uploads\/2025\/11\/Diaphrama-1.png\" \/>\n\t<meta property=\"og:image:width\" content=\"500\" \/>\n\t<meta property=\"og:image:height\" content=\"500\" \/>\n\t<meta property=\"og:image:type\" content=\"image\/png\" \/>\n<meta name=\"twitter:card\" content=\"summary_large_image\" \/>\n<meta name=\"twitter:label1\" content=\"Preis\" \/>\n\t<meta name=\"twitter:data1\" content=\"&euro;15,00\" \/>\n\t<meta name=\"twitter:label2\" content=\"Verf\u00fcgbarkeit\" \/>\n\t<meta name=\"twitter:data2\" content=\"Auf Lager\" \/>\n<script type=\"application\/ld+json\" class=\"yoast-schema-graph\">{\"@context\":\"https:\/\/schema.org\",\"@graph\":[{\"@type\":\"WebPage\",\"@id\":\"https:\/\/dosingpump.shop\/product\/emec-diaphragm-ptfe-for-pump-head-k\/\",\"url\":\"https:\/\/dosingpump.shop\/product\/emec-diaphragm-ptfe-for-pump-head-k\/\",\"name\":\"Emec DIAPHRAGM (PTFE) for pump head \u201cK\u201d - Dosing Pump Shop B.V.\",\"isPartOf\":{\"@id\":\"https:\/\/dosingpump.shop\/de\/#website\"},\"primaryImageOfPage\":{\"@id\":\"https:\/\/dosingpump.shop\/product\/emec-diaphragm-ptfe-for-pump-head-k\/#primaryimage\"},\"image\":{\"@id\":\"https:\/\/dosingpump.shop\/product\/emec-diaphragm-ptfe-for-pump-head-k\/#primaryimage\"},\"thumbnailUrl\":\"https:\/\/dosingpump.shop\/wp-content\/uploads\/2025\/11\/Diaphrama-1.png\",\"datePublished\":\"2025-11-28T12:01:25+00:00\",\"dateModified\":\"2026-02-27T12:50:54+00:00\",\"breadcrumb\":{\"@id\":\"https:\/\/dosingpump.shop\/product\/emec-diaphragm-ptfe-for-pump-head-k\/#breadcrumb\"},\"inLanguage\":\"de\",\"potentialAction\":[{\"@type\":\"ReadAction\",\"target\":[\"https:\/\/dosingpump.shop\/product\/emec-diaphragm-ptfe-for-pump-head-k\/\"]}]},{\"@type\":\"ImageObject\",\"inLanguage\":\"de\",\"@id\":\"https:\/\/dosingpump.shop\/product\/emec-diaphragm-ptfe-for-pump-head-k\/#primaryimage\",\"url\":\"https:\/\/dosingpump.shop\/wp-content\/uploads\/2025\/11\/Diaphrama-1.png\",\"contentUrl\":\"https:\/\/dosingpump.shop\/wp-content\/uploads\/2025\/11\/Diaphrama-1.png\",\"width\":500,\"height\":500},{\"@type\":\"BreadcrumbList\",\"@id\":\"https:\/\/dosingpump.shop\/product\/emec-diaphragm-ptfe-for-pump-head-k\/#breadcrumb\",\"itemListElement\":[{\"@type\":\"ListItem\",\"position\":1,\"name\":\"Home\",\"item\":\"https:\/\/dosingpump.shop\/\"},{\"@type\":\"ListItem\",\"position\":2,\"name\":\"Shop\",\"item\":\"https:\/\/dosingpump.shop\/de\/shop\/\"},{\"@type\":\"ListItem\",\"position\":3,\"name\":\"Emec DIAPHRAGM (PTFE) for pump head \u201cK\u201d\"}]},{\"@type\":\"WebSite\",\"@id\":\"https:\/\/dosingpump.shop\/de\/#website\",\"url\":\"https:\/\/dosingpump.shop\/de\/\",\"name\":\"Dosing Pump Shop B.V.\",\"description\":\"\",\"publisher\":{\"@id\":\"https:\/\/dosingpump.shop\/de\/#organization\"},\"potentialAction\":[{\"@type\":\"SearchAction\",\"target\":{\"@type\":\"EntryPoint\",\"urlTemplate\":\"https:\/\/dosingpump.shop\/de\/?s={search_term_string}\"},\"query-input\":{\"@type\":\"PropertyValueSpecification\",\"valueRequired\":true,\"valueName\":\"search_term_string\"}}],\"inLanguage\":\"de\"},{\"@type\":\"Organization\",\"@id\":\"https:\/\/dosingpump.shop\/de\/#organization\",\"name\":\"Dosing Pump Shop B.V.\",\"url\":\"https:\/\/dosingpump.shop\/de\/\",\"logo\":{\"@type\":\"ImageObject\",\"inLanguage\":\"de\",\"@id\":\"https:\/\/dosingpump.shop\/de\/#\/schema\/logo\/image\/\",\"url\":\"https:\/\/dosingpump.shop\/wp-content\/uploads\/2024\/10\/Dosing-Pump-Shop-logo.png\",\"contentUrl\":\"https:\/\/dosingpump.shop\/wp-content\/uploads\/2024\/10\/Dosing-Pump-Shop-logo.png\",\"width\":350,\"height\":45,\"caption\":\"Dosing Pump Shop B.V.\"},\"image\":{\"@id\":\"https:\/\/dosingpump.shop\/de\/#\/schema\/logo\/image\/\"},\"sameAs\":[\"https:\/\/linkedin.com\/company\/dosing-pump-shop\"]}]}<\/script>\n<meta property=\"product:price:amount\" content=\"15.00\" \/>\n<meta property=\"product:price:currency\" content=\"EUR\" \/>\n<meta property=\"og:availability\" content=\"instock\" \/>\n<meta property=\"product:availability\" content=\"instock\" \/>\n<meta property=\"product:retailer_item_id\" content=\"11007331\" \/>\n<meta property=\"product:condition\" content=\"new\" \/>\n<!-- \/ Yoast SEO plugin. -->","yoast_head_json":{"title":"Emec DIAPHRAGM (PTFE) f\u00fcr Pumpenkopf \"K\" - Dosing Pump Shop B.V.","robots":{"index":"index","follow":"follow","max-snippet":"max-snippet:-1","max-image-preview":"max-image-preview:large","max-video-preview":"max-video-preview:-1"},"canonical":"https:\/\/dosingpump.shop\/de\/produkt\/emec-membran-ptfe-fur-pumpenkopf-k\/","og_locale":"de_DE","og_type":"article","og_title":"Emec DIAPHRAGM (PTFE) for pump head \u201cK\u201d - Dosing Pump Shop B.V.","og_description":"PTFE Membraan  Flexibel om snelle slagbeweging van de elektromagneet te volgen  Wilt u help bij het kiezen van het juiste product? Neem dan contact met ons op.","og_url":"https:\/\/dosingpump.shop\/de\/produkt\/emec-membran-ptfe-fur-pumpenkopf-k\/","og_site_name":"Dosing Pump Shop B.V.","article_modified_time":"2026-02-27T12:50:54+00:00","og_image":[{"width":500,"height":500,"url":"https:\/\/dosingpump.shop\/wp-content\/uploads\/2025\/11\/Diaphrama-1.png","type":"image\/png"}],"twitter_card":"summary_large_image","twitter_misc":{"Preis":"&euro;15,00","Verf\u00fcgbarkeit":"Auf Lager"},"schema":{"@context":"https:\/\/schema.org","@graph":[{"@type":"WebPage","@id":"https:\/\/dosingpump.shop\/product\/emec-diaphragm-ptfe-for-pump-head-k\/","url":"https:\/\/dosingpump.shop\/product\/emec-diaphragm-ptfe-for-pump-head-k\/","name":"Emec DIAPHRAGM (PTFE) f\u00fcr Pumpenkopf \"K\" - Dosing Pump Shop B.V.","isPartOf":{"@id":"https:\/\/dosingpump.shop\/de\/#website"},"primaryImageOfPage":{"@id":"https:\/\/dosingpump.shop\/product\/emec-diaphragm-ptfe-for-pump-head-k\/#primaryimage"},"image":{"@id":"https:\/\/dosingpump.shop\/product\/emec-diaphragm-ptfe-for-pump-head-k\/#primaryimage"},"thumbnailUrl":"https:\/\/dosingpump.shop\/wp-content\/uploads\/2025\/11\/Diaphrama-1.png","datePublished":"2025-11-28T12:01:25+00:00","dateModified":"2026-02-27T12:50:54+00:00","breadcrumb":{"@id":"https:\/\/dosingpump.shop\/product\/emec-diaphragm-ptfe-for-pump-head-k\/#breadcrumb"},"inLanguage":"de","potentialAction":[{"@type":"ReadAction","target":["https:\/\/dosingpump.shop\/product\/emec-diaphragm-ptfe-for-pump-head-k\/"]}]},{"@type":"ImageObject","inLanguage":"de","@id":"https:\/\/dosingpump.shop\/product\/emec-diaphragm-ptfe-for-pump-head-k\/#primaryimage","url":"https:\/\/dosingpump.shop\/wp-content\/uploads\/2025\/11\/Diaphrama-1.png","contentUrl":"https:\/\/dosingpump.shop\/wp-content\/uploads\/2025\/11\/Diaphrama-1.png","width":500,"height":500},{"@type":"BreadcrumbList","@id":"https:\/\/dosingpump.shop\/product\/emec-diaphragm-ptfe-for-pump-head-k\/#breadcrumb","itemListElement":[{"@type":"ListItem","position":1,"name":"Home","item":"https:\/\/dosingpump.shop\/"},{"@type":"ListItem","position":2,"name":"Shop","item":"https:\/\/dosingpump.shop\/de\/shop\/"},{"@type":"ListItem","position":3,"name":"Emec DIAPHRAGM (PTFE) for pump head \u201cK\u201d"}]},{"@type":"WebSite","@id":"https:\/\/dosingpump.shop\/de\/#website","url":"https:\/\/dosingpump.shop\/de\/","name":"Dosierpumpen-Shop B.V.","description":"","publisher":{"@id":"https:\/\/dosingpump.shop\/de\/#organization"},"potentialAction":[{"@type":"SearchAction","target":{"@type":"EntryPoint","urlTemplate":"https:\/\/dosingpump.shop\/de\/?s={search_term_string}"},"query-input":{"@type":"PropertyValueSpecification","valueRequired":true,"valueName":"search_term_string"}}],"inLanguage":"de"},{"@type":"Organization","@id":"https:\/\/dosingpump.shop\/de\/#organization","name":"Dosierpumpen-Shop B.V.","url":"https:\/\/dosingpump.shop\/de\/","logo":{"@type":"ImageObject","inLanguage":"de","@id":"https:\/\/dosingpump.shop\/de\/#\/schema\/logo\/image\/","url":"https:\/\/dosingpump.shop\/wp-content\/uploads\/2024\/10\/Dosing-Pump-Shop-logo.png","contentUrl":"https:\/\/dosingpump.shop\/wp-content\/uploads\/2024\/10\/Dosing-Pump-Shop-logo.png","width":350,"height":45,"caption":"Dosing Pump Shop B.V."},"image":{"@id":"https:\/\/dosingpump.shop\/de\/#\/schema\/logo\/image\/"},"sameAs":["https:\/\/linkedin.com\/company\/dosing-pump-shop"]}]},"product_price_amount":"15.00","product_price_currency":"EUR","og_availability":"instock","product_availability":"instock","product_retailer_item_id":"11007331","product_condition":"new"},"_links":{"self":[{"href":"https:\/\/dosingpump.shop\/de\/wp-json\/wp\/v2\/product\/8563","targetHints":{"allow":["GET"]}}],"collection":[{"href":"https:\/\/dosingpump.shop\/de\/wp-json\/wp\/v2\/product"}],"about":[{"href":"https:\/\/dosingpump.shop\/de\/wp-json\/wp\/v2\/types\/product"}],"wp:featuredmedia":[{"embeddable":true,"href":"https:\/\/dosingpump.shop\/de\/wp-json\/wp\/v2\/media\/8560"}],"wp:attachment":[{"href":"https:\/\/dosingpump.shop\/de\/wp-json\/wp\/v2\/media?parent=8563"}],"wp:term":[{"taxonomy":"product_brand","embeddable":true,"href":"https:\/\/dosingpump.shop\/de\/wp-json\/wp\/v2\/product_brand?post=8563"},{"taxonomy":"product_cat","embeddable":true,"href":"https:\/\/dosingpump.shop\/de\/wp-json\/wp\/v2\/product_cat?post=8563"},{"taxonomy":"product_tag","embeddable":true,"href":"https:\/\/dosingpump.shop\/de\/wp-json\/wp\/v2\/product_tag?post=8563"}],"curies":[{"name":"wp","href":"https:\/\/api.w.org\/{rel}","templated":true}]}}