{"id":629,"date":"2024-10-18T08:52:37","date_gmt":"2024-10-18T08:52:37","guid":{"rendered":"https:\/\/dosingpump.shop\/?page_id=629"},"modified":"2024-11-13T16:33:20","modified_gmt":"2024-11-13T16:33:20","slug":"kupsiste-poliitika","status":"publish","type":"page","link":"https:\/\/dosingpump.shop\/ee\/cookiebeleid\/","title":{"rendered":"K\u00fcpsiste Poliitika"},"content":{"rendered":"<div data-elementor-type=\"wp-page\" data-elementor-id=\"629\" class=\"elementor elementor-629\" data-elementor-post-type=\"page\">\n\t\t\t\t<div class=\"elementor-element elementor-element-ca09058 e-flex e-con-boxed e-con e-parent\" data-id=\"ca09058\" data-element_type=\"container\" data-e-type=\"container\">\n\t\t\t\t\t<div class=\"e-con-inner\">\n\t\t<div class=\"elementor-element elementor-element-0d6ba35 e-con-full sub e-flex e-con e-child\" data-id=\"0d6ba35\" data-element_type=\"container\" data-e-type=\"container\">\n\t\t\t\t<div class=\"elementor-element elementor-element-d360e22 elementor-widget elementor-widget-text-editor\" data-id=\"d360e22\" data-element_type=\"widget\" data-e-type=\"widget\" data-widget_type=\"text-editor.default\">\n\t\t\t\t<div class=\"elementor-widget-container\">\n\t\t\t\t\t\t\t\t\t<h1>K\u00fcpsiste Poliitika<\/h1><p>See k\u00fcpsiste poliitika selgitab, mis on k\u00fcpsised ja kuidas me neid oma veebisaidil kasutame. Palun lugege seda poliitikat, et m\u00f5ista, mis on k\u00fcpsised, kuidas me neid kasutame, milliseid k\u00fcpsiseid me kasutame, millist teavet me k\u00fcpsiste abil kogume ja kuidas seda teavet kasutatakse ning kuidas hallata k\u00fcpsiste eelistusi.<br \/><br \/><\/p><h3>Mis on k\u00fcpsised?<\/h3><p>K\u00fcpsised on v\u00e4ikesed tekstifailid, mida kasutatakse v\u00e4ikese hulga teabe salvestamiseks. Need salvestatakse teie seadmesse, kui veebileht laaditakse teie brauserisse. Need k\u00fcpsised aitavad meil muuta veebisaidi korralikult toimivaks, turvalisemaks, pakkuda paremat kasutajakogemust ja m\u00f5ista, kuidas veebisait toimib, ning anal\u00fc\u00fcsida, mis toimib ja kus on vaja parandusi.<br \/><br \/><\/p><h3>Kuidas me kasutame k\u00fcpsiseid?<\/h3><p>Nagu enamik v\u00f5rguteenuseid, kasutab ka meie veebisait mitmel eesm\u00e4rgil esimese ja kolmanda osapoole k\u00fcpsiseid. Esimese osapoole k\u00fcpsised on tavaliselt vajalikud veebisaidi n\u00f5uetekohaseks toimimiseks ja need ei kogu teie isikuandmeid.<br \/><br \/><\/p><h3>Milliseid k\u00fcpsiseid me kasutame?<\/h3><p><u>Oluline<\/u>: Need k\u00fcpsised on vajalikud veebilehe toimimiseks ja neid ei saa meie s\u00fcsteemides keelata. Neid pannakse tavaliselt ainult vastuseks teie poolt tehtud toimingutele, mis on samav\u00e4\u00e4rsed teenuste taotlemisega, nagu n\u00e4iteks privaatsusseadete seadistamine, sisselogimine v\u00f5i vormide t\u00e4itmine.<\/p><p><u>Tulemuslikkus<\/u>: Need k\u00fcpsised v\u00f5imaldavad meil loendada k\u00fclastuste arvu ja j\u00e4lgida liiklusallikaid, et me saaksime m\u00f5\u00f5ta ja parandada meie veebisaidi tulemuslikkust. Need aitavad meil teada saada, millised lehek\u00fcljed on k\u00f5ige populaarsemad ja millised k\u00f5ige v\u00e4hem populaarsed ning kuidas k\u00fclastajad veebilehel liiguvad.<\/p><p><u>Funktsionaalne<\/u>: Need k\u00fcpsised v\u00f5imaldavad veebisaidil meelde j\u00e4tta teavet, mis m\u00f5jutab veebisaidi k\u00e4itumist ja kujundust, n\u00e4iteks teie eelistatud keelt v\u00f5i piirkonda.<br \/><br \/><\/p><h3>Kuidas saate hallata k\u00fcpsiste eelistusi?<\/h3><p>Saate hallata oma k\u00fcpsiste eelistusi, muutes oma brauseri seadeid v\u00f5i kasutades meie k\u00fcpsiste hoiatust. Saate alati blokeerida v\u00f5i kustutada k\u00fcpsised, muutes oma brauseri seadeid, kuid kui te seda teete, ei pruugi m\u00f5ned veebisaidi osad korrektselt t\u00f6\u00f6tada.<\/p>\t\t\t\t\t\t\t\t<\/div>\n\t\t\t\t<\/div>\n\t\t\t\t<\/div>\n\t\t\t\t\t<\/div>\n\t\t\t\t<\/div>\n\t\t\t\t<\/div>","protected":false},"excerpt":{"rendered":"<p>Cookiebeleid Dit cookiebeleid legt uit wat cookies zijn en hoe we ze op onze website gebruiken. Lees dit beleid om te begrijpen wat cookies zijn, hoe we ze gebruiken, welke soorten cookies we gebruiken, welke informatie we verzamelen met behulp van cookies en hoe die informatie wordt gebruikt, en hoe u de cookievoorkeuren kunt beheren. [&hellip;]<\/p>\n","protected":false},"author":2,"featured_media":0,"parent":0,"menu_order":0,"comment_status":"closed","ping_status":"closed","template":"","meta":{"footnotes":""},"class_list":["post-629","page","type-page","status-publish","hentry"],"yoast_head":"<!-- This site is optimized with the Yoast SEO plugin v27.2 - https:\/\/yoast.com\/product\/yoast-seo-wordpress\/ -->\n<title>Cookiebeleid | Dosing Pump Shop B.V.<\/title>\n<meta name=\"robots\" content=\"index, follow, max-snippet:-1, max-image-preview:large, max-video-preview:-1\" \/>\n<link rel=\"canonical\" href=\"https:\/\/dosingpump.shop\/ee\/kupsiste-poliitika\/\" \/>\n<meta property=\"og:locale\" content=\"et_EE\" \/>\n<meta property=\"og:type\" content=\"article\" \/>\n<meta property=\"og:title\" content=\"Cookiebeleid | Dosing Pump Shop B.V.\" \/>\n<meta property=\"og:description\" content=\"Cookiebeleid Dit cookiebeleid legt uit wat cookies zijn en hoe we ze op onze website gebruiken. Lees dit beleid om te begrijpen wat cookies zijn, hoe we ze gebruiken, welke soorten cookies we gebruiken, welke informatie we verzamelen met behulp van cookies en hoe die informatie wordt gebruikt, en hoe u de cookievoorkeuren kunt beheren. [&hellip;]\" \/>\n<meta property=\"og:url\" content=\"https:\/\/dosingpump.shop\/ee\/kupsiste-poliitika\/\" \/>\n<meta property=\"og:site_name\" content=\"Dosing Pump Shop B.V.\" \/>\n<meta property=\"article:modified_time\" content=\"2024-11-13T16:33:20+00:00\" \/>\n<meta name=\"twitter:card\" content=\"summary_large_image\" \/>\n<meta name=\"twitter:label1\" content=\"Est. reading time\" \/>\n\t<meta name=\"twitter:data1\" content=\"2 minutit\" \/>\n<script type=\"application\/ld+json\" class=\"yoast-schema-graph\">{\"@context\":\"https:\/\/schema.org\",\"@graph\":[{\"@type\":\"WebPage\",\"@id\":\"https:\/\/dosingpump.shop\/nl\/cookiebeleid\/\",\"url\":\"https:\/\/dosingpump.shop\/nl\/cookiebeleid\/\",\"name\":\"Cookiebeleid | Dosing Pump Shop B.V.\",\"isPartOf\":{\"@id\":\"https:\/\/dosingpump.shop\/de\/#website\"},\"datePublished\":\"2024-10-18T08:52:37+00:00\",\"dateModified\":\"2024-11-13T16:33:20+00:00\",\"breadcrumb\":{\"@id\":\"https:\/\/dosingpump.shop\/nl\/cookiebeleid\/#breadcrumb\"},\"inLanguage\":\"et\",\"potentialAction\":[{\"@type\":\"ReadAction\",\"target\":[\"https:\/\/dosingpump.shop\/nl\/cookiebeleid\/\"]}]},{\"@type\":\"BreadcrumbList\",\"@id\":\"https:\/\/dosingpump.shop\/nl\/cookiebeleid\/#breadcrumb\",\"itemListElement\":[{\"@type\":\"ListItem\",\"position\":1,\"name\":\"Home\",\"item\":\"https:\/\/dosingpump.shop\/\"},{\"@type\":\"ListItem\",\"position\":2,\"name\":\"Cookiebeleid\"}]},{\"@type\":\"WebSite\",\"@id\":\"https:\/\/dosingpump.shop\/de\/#website\",\"url\":\"https:\/\/dosingpump.shop\/de\/\",\"name\":\"Dosing Pump Shop B.V.\",\"description\":\"\",\"publisher\":{\"@id\":\"https:\/\/dosingpump.shop\/de\/#organization\"},\"potentialAction\":[{\"@type\":\"SearchAction\",\"target\":{\"@type\":\"EntryPoint\",\"urlTemplate\":\"https:\/\/dosingpump.shop\/de\/?s={search_term_string}\"},\"query-input\":{\"@type\":\"PropertyValueSpecification\",\"valueRequired\":true,\"valueName\":\"search_term_string\"}}],\"inLanguage\":\"et\"},{\"@type\":\"Organization\",\"@id\":\"https:\/\/dosingpump.shop\/de\/#organization\",\"name\":\"Dosing Pump Shop B.V.\",\"url\":\"https:\/\/dosingpump.shop\/de\/\",\"logo\":{\"@type\":\"ImageObject\",\"inLanguage\":\"et\",\"@id\":\"https:\/\/dosingpump.shop\/de\/#\/schema\/logo\/image\/\",\"url\":\"https:\/\/dosingpump.shop\/wp-content\/uploads\/2024\/10\/Dosing-Pump-Shop-logo.png\",\"contentUrl\":\"https:\/\/dosingpump.shop\/wp-content\/uploads\/2024\/10\/Dosing-Pump-Shop-logo.png\",\"width\":350,\"height\":45,\"caption\":\"Dosing Pump Shop B.V.\"},\"image\":{\"@id\":\"https:\/\/dosingpump.shop\/de\/#\/schema\/logo\/image\/\"},\"sameAs\":[\"https:\/\/linkedin.com\/company\/dosing-pump-shop\"]}]}<\/script>\n<!-- \/ Yoast SEO plugin. -->","yoast_head_json":{"title":"K\u00fcpsiste poliitika | Dosing Pump Shop B.V.","robots":{"index":"index","follow":"follow","max-snippet":"max-snippet:-1","max-image-preview":"max-image-preview:large","max-video-preview":"max-video-preview:-1"},"canonical":"https:\/\/dosingpump.shop\/ee\/kupsiste-poliitika\/","og_locale":"et_EE","og_type":"article","og_title":"Cookiebeleid | Dosing Pump Shop B.V.","og_description":"Cookiebeleid Dit cookiebeleid legt uit wat cookies zijn en hoe we ze op onze website gebruiken. Lees dit beleid om te begrijpen wat cookies zijn, hoe we ze gebruiken, welke soorten cookies we gebruiken, welke informatie we verzamelen met behulp van cookies en hoe die informatie wordt gebruikt, en hoe u de cookievoorkeuren kunt beheren. [&hellip;]","og_url":"https:\/\/dosingpump.shop\/ee\/kupsiste-poliitika\/","og_site_name":"Dosing Pump Shop B.V.","article_modified_time":"2024-11-13T16:33:20+00:00","twitter_card":"summary_large_image","twitter_misc":{"Est. reading time":"2 minutit"},"schema":{"@context":"https:\/\/schema.org","@graph":[{"@type":"WebPage","@id":"https:\/\/dosingpump.shop\/nl\/cookiebeleid\/","url":"https:\/\/dosingpump.shop\/nl\/cookiebeleid\/","name":"K\u00fcpsiste poliitika | Dosing Pump Shop B.V.","isPartOf":{"@id":"https:\/\/dosingpump.shop\/de\/#website"},"datePublished":"2024-10-18T08:52:37+00:00","dateModified":"2024-11-13T16:33:20+00:00","breadcrumb":{"@id":"https:\/\/dosingpump.shop\/nl\/cookiebeleid\/#breadcrumb"},"inLanguage":"et","potentialAction":[{"@type":"ReadAction","target":["https:\/\/dosingpump.shop\/nl\/cookiebeleid\/"]}]},{"@type":"BreadcrumbList","@id":"https:\/\/dosingpump.shop\/nl\/cookiebeleid\/#breadcrumb","itemListElement":[{"@type":"ListItem","position":1,"name":"Home","item":"https:\/\/dosingpump.shop\/"},{"@type":"ListItem","position":2,"name":"Cookiebeleid"}]},{"@type":"WebSite","@id":"https:\/\/dosingpump.shop\/de\/#website","url":"https:\/\/dosingpump.shop\/de\/","name":"Dosing Pump Shop B.V.","description":"","publisher":{"@id":"https:\/\/dosingpump.shop\/de\/#organization"},"potentialAction":[{"@type":"SearchAction","target":{"@type":"EntryPoint","urlTemplate":"https:\/\/dosingpump.shop\/de\/?s={search_term_string}"},"query-input":{"@type":"PropertyValueSpecification","valueRequired":true,"valueName":"search_term_string"}}],"inLanguage":"et"},{"@type":"Organization","@id":"https:\/\/dosingpump.shop\/de\/#organization","name":"Dosing Pump Shop B.V.","url":"https:\/\/dosingpump.shop\/de\/","logo":{"@type":"ImageObject","inLanguage":"et","@id":"https:\/\/dosingpump.shop\/de\/#\/schema\/logo\/image\/","url":"https:\/\/dosingpump.shop\/wp-content\/uploads\/2024\/10\/Dosing-Pump-Shop-logo.png","contentUrl":"https:\/\/dosingpump.shop\/wp-content\/uploads\/2024\/10\/Dosing-Pump-Shop-logo.png","width":350,"height":45,"caption":"Dosing Pump Shop B.V."},"image":{"@id":"https:\/\/dosingpump.shop\/de\/#\/schema\/logo\/image\/"},"sameAs":["https:\/\/linkedin.com\/company\/dosing-pump-shop"]}]}},"_links":{"self":[{"href":"https:\/\/dosingpump.shop\/ee\/wp-json\/wp\/v2\/pages\/629","targetHints":{"allow":["GET"]}}],"collection":[{"href":"https:\/\/dosingpump.shop\/ee\/wp-json\/wp\/v2\/pages"}],"about":[{"href":"https:\/\/dosingpump.shop\/ee\/wp-json\/wp\/v2\/types\/page"}],"author":[{"embeddable":true,"href":"https:\/\/dosingpump.shop\/ee\/wp-json\/wp\/v2\/users\/2"}],"replies":[{"embeddable":true,"href":"https:\/\/dosingpump.shop\/ee\/wp-json\/wp\/v2\/comments?post=629"}],"version-history":[{"count":10,"href":"https:\/\/dosingpump.shop\/ee\/wp-json\/wp\/v2\/pages\/629\/revisions"}],"predecessor-version":[{"id":3461,"href":"https:\/\/dosingpump.shop\/ee\/wp-json\/wp\/v2\/pages\/629\/revisions\/3461"}],"wp:attachment":[{"href":"https:\/\/dosingpump.shop\/ee\/wp-json\/wp\/v2\/media?parent=629"}],"curies":[{"name":"wp","href":"https:\/\/api.w.org\/{rel}","templated":true}]}}