{"id":3961,"date":"2024-12-05T12:21:36","date_gmt":"2024-12-05T12:21:36","guid":{"rendered":"https:\/\/dosingpump.shop\/product\/doseerpomp-voor-zuur\/"},"modified":"2026-02-27T14:49:15","modified_gmt":"2026-02-27T12:49:15","slug":"happe-doseerimispump","status":"publish","type":"product","link":"https:\/\/dosingpump.shop\/ee\/product\/doseerpomp-voor-zuur\/","title":{"rendered":"Happe doseerimispump"},"content":{"rendered":"<p>Kui teil on vaja lihtsat, kuid <strong>kvaliteetne happe doseerimispump<\/strong> otsingud, Emec VCO on suurep\u00e4rane valik. Selle eriline konfiguratsioon annab <strong>pikk kasutusiga, isegi k\u00f5rgema happekontsentratsiooni korral<\/strong>. Seda happedoseerimispumpa saab seadistada k\u00e4sitsi, kuid vajaduse korral saab seda l\u00fclitada ka toiteallika kaudu. See v\u00f5imaldab automaatset doseerimist. Kas soovite rohkem funktsionaalsust? N\u00e4iteks taseme sisendiga? Siis v\u00f5ite valida EMEC VCL v\u00f5i VMS MF. See on <strong>proportsionaalne juhtimine 4-20 mA 0-10V jne. kaudu.<\/strong> ja on saadaval i.c.w. veem\u00f5\u00f5tja ppm v\u00f5i protsentuaalse lahuse jaoks.<\/p>\n<p>See happedoseerimispump sobib ideaalselt suurte kontsentratsioonide doseerimiseks:<\/p>\n<ul>\n<li>Soolhape<\/li>\n<li>L\u00e4mmastikhape (kuni 90%) <strong>20 kraadi juures)<\/strong><\/li>\n<li>Fosforhape<\/li>\n<li>Sidrunhape<\/li>\n<li>jne.<\/li>\n<\/ul>\n<p>V CL-versioonil on jalafilter koos ujukiga. Nii l\u00fclitub pump v\u00e4lja, kui mahuti on t\u00fchi. Torud ei t\u00e4itu siis kunagi \u00f5huga.<\/p>\n<p>Emec V-seeria on k\u00e4sitsi v\u00f5i automaatselt t\u00fchjendatav.<\/p>\n<h3>Omadused<\/h3>\n<ul>\n<li>Disain on eriti sobiv seinale paigaldamiseks<\/li>\n<li>Varustatud selge LCD-ekraaniga<\/li>\n<li>Manuaalne v\u00f5i automaatne ventilatsioon<\/li>\n<li>Komplekti kuulub t\u00e4ielik komplekt (2 m surve- ja imemisvoolik 2 m ventilatsioonivoolik (PE), sissepritse nipel ja imemisfilter).<\/li>\n<\/ul>\n<h3>K\u00e4ttesaadav vooluhulk ja r\u00f5hk<\/h3>\n<p><strong>Emec V CO<\/strong><\/p>\n<table>\n<tbody>\n<tr>\n<th>R\u00f5hk (baar)<\/th>\n<th>Vooluhulk (l\/tunnis)<\/th>\n<\/tr>\n<tr>\n<td>20<\/td>\n<td>1<\/td>\n<\/tr>\n<tr>\n<td>15<\/td>\n<td>2<\/td>\n<\/tr>\n<tr>\n<td>10<\/td>\n<td>4<\/td>\n<\/tr>\n<tr>\n<td>07<\/td>\n<td>06<\/td>\n<\/tr>\n<tr>\n<td>05<\/td>\n<td>01<\/td>\n<\/tr>\n<tr>\n<td>01<\/td>\n<td>16<\/td>\n<\/tr>\n<\/tbody>\n<\/table>\n<p><strong>Emec VMS MF<\/strong><\/p>\n<table>\n<tbody>\n<tr>\n<th>R\u00f5hk (baar)<\/th>\n<th>Vooluhulk (l\/tunnis)<\/th>\n<\/tr>\n<tr>\n<td>20<\/td>\n<td>01<\/td>\n<\/tr>\n<tr>\n<td>15<\/td>\n<td>02<\/td>\n<\/tr>\n<tr>\n<td>10<\/td>\n<td>04<\/td>\n<\/tr>\n<tr>\n<td>07<\/td>\n<td>06<\/td>\n<\/tr>\n<tr>\n<td>03<\/td>\n<td>10<\/td>\n<\/tr>\n<tr>\n<td>01<\/td>\n<td>16<\/td>\n<\/tr>\n<\/tbody>\n<\/table>\n<p>Versioonid<\/p>\n<p>Allpool olevas tabelis n\u00e4ete, millised versioonid on saadaval. Ei leia soovitud pumpa? Siis v\u00f5tke meiega \u00fchendust.<\/p>\n<table>\n<tbody>\n<tr>\n<th><\/th>\n<th>V CO doseerimispump<\/th>\n<th>VMS MF doseerimispump<\/th>\n<th><\/th>\n<\/tr>\n<tr>\n<th>Kirjeldus<\/th>\n<td>Pidev doseerimiss\u00fcsteem ilma taseme reguleerimiseta.<\/td>\n<td>Pidev\/proportsionaalne mitmeotstarbeline doseerimiss\u00fcsteem.<\/td>\n<\/tr>\n<tr>\n<th>Omadused<\/th>\n<td>\n<ul>\n<li>K\u00e4sitsi reguleeritav l\u00f6\u00f6gisagedus<\/li>\n<\/ul>\n<\/td>\n<td>\n<ul>\n<li>Varustatud ekraaniga<\/li>\n<li>Mikroprotsessoritehnoloogia<\/li>\n<li>Juhtimine mA, volti ja impulsi abil<\/li>\n<li>Partii doseerimine<\/li>\n<li>Kontroll veem\u00f5\u00f5tja abil<\/li>\n<li>Tasemekontrolliga<\/li>\n<\/ul>\n<\/td>\n<td><\/td>\n<\/tr>\n<tr>\n<th>Omadused<\/th>\n<td>\n<ul style=\"font-size: 15px; font-style: normal; font-weight: 400;\">\n<li>Jaotur 1\/10. (v\u00e4ga v\u00e4ikeste vooluhulkade puhul)<\/li>\n<\/ul>\n<\/td>\n<td>\n<ul>\n<li>Pidev<\/li>\n<li>Jagage<\/li>\n<li>Korruta<\/li>\n<li>PPM<\/li>\n<li>Partii<\/li>\n<li>Volt<\/li>\n<li>mA<\/li>\n<li>%<\/li>\n<li>ml\/q<\/li>\n<\/ul>\n<\/td>\n<td><\/td>\n<\/tr>\n<tr>\n<th>Sisend<\/th>\n<td>-<\/td>\n<td>\n<ul>\n<li>Taseme reguleerimine<\/li>\n<li>Veem\u00f5\u00f5tja<\/li>\n<\/ul>\n<\/td>\n<td><\/td>\n<\/tr>\n<tr>\n<th>V\u00e4ljund<\/th>\n<td>-<\/td>\n<td>\n<ul>\n<li>Alarmiv\u00e4ljund (valikuline)<\/li>\n<\/ul>\n<\/td>\n<td><\/td>\n<\/tr>\n<\/tbody>\n<\/table>","protected":false},"excerpt":{"rendered":"<ul>\n<li>PVDF-pumbaotsikuga mittekohustuslik m\u00f5\u00f5tepump. Sobib v\u00e4ga h\u00e4sti hapete jaoks.<\/li>\n<li>Saadaval ka n\u00e4idikuga v\u00e4lise juhtimise jaoks, nt 4-20 mA, 0-10V v\u00f5i impulssiga, ning sobib impulssgeneraatoriga veem\u00f5\u00f5tja kontrollimiseks.<\/li>\n<li>Taseme reguleerimine on vabatahtlik.<\/li>\n<li>5-aastane garantii.<\/li>\n<li>Hind kehtib Emec VCO 07-06 versiooni kohta (maksimaalselt 6 liitrit tunnis 7 baari juures).<\/li>\n<\/ul>\n<p>Vajadus teise versiooni j\u00e4rele? K\u00fcsi hinnapakkumist!<\/p>","protected":false},"featured_media":3960,"template":"","meta":[],"product_brand":[],"product_cat":[83,17],"product_tag":[],"class_list":{"0":"post-3961","1":"product","2":"type-product","3":"status-publish","4":"has-post-thumbnail","6":"product_cat-doseerpomp-voor-specifieke-chemicalien","7":"product_cat-doseerpompen","9":"first","10":"instock","11":"taxable","12":"shipping-taxable","13":"purchasable","14":"product-type-simple"},"yoast_head":"<!-- This site is optimized with the Yoast SEO plugin v27.2 - https:\/\/yoast.com\/product\/yoast-seo-wordpress\/ -->\n<title>Doseerpomp voor Zuur | Chemische Pompen | Dosing Pump Shop B.V.<\/title>\n<meta name=\"description\" content=\"Deze doseerpomp voor zuur garandeert een veilige dosering diverse zuren. Proportioneel aan te sturen. Bezoek de webshop!\" \/>\n<meta name=\"robots\" content=\"index, follow, max-snippet:-1, max-image-preview:large, max-video-preview:-1\" \/>\n<link rel=\"canonical\" href=\"https:\/\/dosingpump.shop\/ee\/toode-2\/happe-doseerimispump\/\" \/>\n<meta property=\"og:locale\" content=\"et_EE\" \/>\n<meta property=\"og:type\" content=\"article\" \/>\n<meta property=\"og:title\" content=\"Doseerpomp voor Zuur | Chemische Pompen | Dosing Pump Shop B.V.\" \/>\n<meta property=\"og:description\" content=\"Deze doseerpomp voor zuur garandeert een veilige dosering diverse zuren. Proportioneel aan te sturen. Bezoek de webshop!\" \/>\n<meta property=\"og:url\" content=\"https:\/\/dosingpump.shop\/ee\/toode-2\/happe-doseerimispump\/\" \/>\n<meta property=\"og:site_name\" content=\"Dosing Pump Shop B.V.\" \/>\n<meta property=\"article:modified_time\" content=\"2026-02-27T12:49:15+00:00\" \/>\n<meta property=\"og:image\" content=\"https:\/\/dosingpump.shop\/wp-content\/uploads\/2024\/12\/75_dosing_pump_emec_v_1_1_1_2_1.webp\" \/>\n\t<meta property=\"og:image:width\" content=\"350\" \/>\n\t<meta property=\"og:image:height\" content=\"350\" \/>\n\t<meta property=\"og:image:type\" content=\"image\/webp\" \/>\n<meta name=\"twitter:card\" content=\"summary_large_image\" \/>\n<meta name=\"twitter:label1\" content=\"Price\" \/>\n\t<meta name=\"twitter:data1\" content=\"&euro;293,00\" \/>\n\t<meta name=\"twitter:label2\" content=\"Availability\" \/>\n\t<meta name=\"twitter:data2\" content=\"In stock\" \/>\n<script type=\"application\/ld+json\" class=\"yoast-schema-graph\">{\"@context\":\"https:\/\/schema.org\",\"@graph\":[{\"@type\":\"WebPage\",\"@id\":\"https:\/\/dosingpump.shop\/no\/produkt\/syredoseringspumpe\/\",\"url\":\"https:\/\/dosingpump.shop\/no\/produkt\/syredoseringspumpe\/\",\"name\":\"Doseerpomp voor Zuur | Chemische Pompen | Dosing Pump Shop B.V.\",\"isPartOf\":{\"@id\":\"https:\/\/dosingpump.shop\/de\/#website\"},\"primaryImageOfPage\":{\"@id\":\"https:\/\/dosingpump.shop\/no\/produkt\/syredoseringspumpe\/#primaryimage\"},\"image\":{\"@id\":\"https:\/\/dosingpump.shop\/no\/produkt\/syredoseringspumpe\/#primaryimage\"},\"thumbnailUrl\":\"https:\/\/dosingpump.shop\/wp-content\/uploads\/2024\/12\/75_dosing_pump_emec_v_1_1_1_2_1.webp\",\"datePublished\":\"2024-12-05T12:21:36+00:00\",\"dateModified\":\"2026-02-27T12:49:15+00:00\",\"description\":\"Deze doseerpomp voor zuur garandeert een veilige dosering diverse zuren. Proportioneel aan te sturen. Bezoek de webshop!\",\"breadcrumb\":{\"@id\":\"https:\/\/dosingpump.shop\/no\/produkt\/syredoseringspumpe\/#breadcrumb\"},\"inLanguage\":\"et\",\"potentialAction\":[{\"@type\":\"ReadAction\",\"target\":[\"https:\/\/dosingpump.shop\/no\/produkt\/syredoseringspumpe\/\"]}]},{\"@type\":\"ImageObject\",\"inLanguage\":\"et\",\"@id\":\"https:\/\/dosingpump.shop\/no\/produkt\/syredoseringspumpe\/#primaryimage\",\"url\":\"https:\/\/dosingpump.shop\/wp-content\/uploads\/2024\/12\/75_dosing_pump_emec_v_1_1_1_2_1.webp\",\"contentUrl\":\"https:\/\/dosingpump.shop\/wp-content\/uploads\/2024\/12\/75_dosing_pump_emec_v_1_1_1_2_1.webp\",\"width\":350,\"height\":350},{\"@type\":\"BreadcrumbList\",\"@id\":\"https:\/\/dosingpump.shop\/no\/produkt\/syredoseringspumpe\/#breadcrumb\",\"itemListElement\":[{\"@type\":\"ListItem\",\"position\":1,\"name\":\"Home\",\"item\":\"https:\/\/dosingpump.shop\/\"},{\"@type\":\"ListItem\",\"position\":2,\"name\":\"Shop\",\"item\":\"https:\/\/dosingpump.shop\/de\/shop\/\"},{\"@type\":\"ListItem\",\"position\":3,\"name\":\"Doseerpomp voor Zuur\"}]},{\"@type\":\"WebSite\",\"@id\":\"https:\/\/dosingpump.shop\/de\/#website\",\"url\":\"https:\/\/dosingpump.shop\/de\/\",\"name\":\"Dosing Pump Shop B.V.\",\"description\":\"\",\"publisher\":{\"@id\":\"https:\/\/dosingpump.shop\/de\/#organization\"},\"potentialAction\":[{\"@type\":\"SearchAction\",\"target\":{\"@type\":\"EntryPoint\",\"urlTemplate\":\"https:\/\/dosingpump.shop\/de\/?s={search_term_string}\"},\"query-input\":{\"@type\":\"PropertyValueSpecification\",\"valueRequired\":true,\"valueName\":\"search_term_string\"}}],\"inLanguage\":\"et\"},{\"@type\":\"Organization\",\"@id\":\"https:\/\/dosingpump.shop\/de\/#organization\",\"name\":\"Dosing Pump Shop B.V.\",\"url\":\"https:\/\/dosingpump.shop\/de\/\",\"logo\":{\"@type\":\"ImageObject\",\"inLanguage\":\"et\",\"@id\":\"https:\/\/dosingpump.shop\/de\/#\/schema\/logo\/image\/\",\"url\":\"https:\/\/dosingpump.shop\/wp-content\/uploads\/2024\/10\/Dosing-Pump-Shop-logo.png\",\"contentUrl\":\"https:\/\/dosingpump.shop\/wp-content\/uploads\/2024\/10\/Dosing-Pump-Shop-logo.png\",\"width\":350,\"height\":45,\"caption\":\"Dosing Pump Shop B.V.\"},\"image\":{\"@id\":\"https:\/\/dosingpump.shop\/de\/#\/schema\/logo\/image\/\"},\"sameAs\":[\"https:\/\/linkedin.com\/company\/dosing-pump-shop\"]}]}<\/script>\n<meta property=\"product:price:amount\" content=\"293.00\" \/>\n<meta property=\"product:price:currency\" content=\"EUR\" \/>\n<meta property=\"og:availability\" content=\"instock\" \/>\n<meta property=\"product:availability\" content=\"instock\" \/>\n<meta property=\"product:retailer_item_id\" content=\"01130717-NL-1\" \/>\n<meta property=\"product:condition\" content=\"new\" \/>\n<!-- \/ Yoast SEO plugin. -->","yoast_head_json":{"title":"Happe doseerimispump | Keemiapumbad | Dosing Pump Shop B.V.","description":"See happedoseerimispump tagab erinevate hapete ohutu doseerimise. Proportsionaalselt reguleeritav. K\u00fclastage veebipoodi!","robots":{"index":"index","follow":"follow","max-snippet":"max-snippet:-1","max-image-preview":"max-image-preview:large","max-video-preview":"max-video-preview:-1"},"canonical":"https:\/\/dosingpump.shop\/ee\/toode-2\/happe-doseerimispump\/","og_locale":"et_EE","og_type":"article","og_title":"Doseerpomp voor Zuur | Chemische Pompen | Dosing Pump Shop B.V.","og_description":"Deze doseerpomp voor zuur garandeert een veilige dosering diverse zuren. Proportioneel aan te sturen. Bezoek de webshop!","og_url":"https:\/\/dosingpump.shop\/ee\/toode-2\/happe-doseerimispump\/","og_site_name":"Dosing Pump Shop B.V.","article_modified_time":"2026-02-27T12:49:15+00:00","og_image":[{"width":350,"height":350,"url":"https:\/\/dosingpump.shop\/wp-content\/uploads\/2024\/12\/75_dosing_pump_emec_v_1_1_1_2_1.webp","type":"image\/webp"}],"twitter_card":"summary_large_image","twitter_misc":{"Price":"&euro;293,00","Availability":"In stock"},"schema":{"@context":"https:\/\/schema.org","@graph":[{"@type":"WebPage","@id":"https:\/\/dosingpump.shop\/no\/produkt\/syredoseringspumpe\/","url":"https:\/\/dosingpump.shop\/no\/produkt\/syredoseringspumpe\/","name":"Happe doseerimispump | Keemiapumbad | Dosing Pump Shop B.V.","isPartOf":{"@id":"https:\/\/dosingpump.shop\/de\/#website"},"primaryImageOfPage":{"@id":"https:\/\/dosingpump.shop\/no\/produkt\/syredoseringspumpe\/#primaryimage"},"image":{"@id":"https:\/\/dosingpump.shop\/no\/produkt\/syredoseringspumpe\/#primaryimage"},"thumbnailUrl":"https:\/\/dosingpump.shop\/wp-content\/uploads\/2024\/12\/75_dosing_pump_emec_v_1_1_1_2_1.webp","datePublished":"2024-12-05T12:21:36+00:00","dateModified":"2026-02-27T12:49:15+00:00","description":"See happedoseerimispump tagab erinevate hapete ohutu doseerimise. Proportsionaalselt reguleeritav. K\u00fclastage veebipoodi!","breadcrumb":{"@id":"https:\/\/dosingpump.shop\/no\/produkt\/syredoseringspumpe\/#breadcrumb"},"inLanguage":"et","potentialAction":[{"@type":"ReadAction","target":["https:\/\/dosingpump.shop\/no\/produkt\/syredoseringspumpe\/"]}]},{"@type":"ImageObject","inLanguage":"et","@id":"https:\/\/dosingpump.shop\/no\/produkt\/syredoseringspumpe\/#primaryimage","url":"https:\/\/dosingpump.shop\/wp-content\/uploads\/2024\/12\/75_dosing_pump_emec_v_1_1_1_2_1.webp","contentUrl":"https:\/\/dosingpump.shop\/wp-content\/uploads\/2024\/12\/75_dosing_pump_emec_v_1_1_1_2_1.webp","width":350,"height":350},{"@type":"BreadcrumbList","@id":"https:\/\/dosingpump.shop\/no\/produkt\/syredoseringspumpe\/#breadcrumb","itemListElement":[{"@type":"ListItem","position":1,"name":"Home","item":"https:\/\/dosingpump.shop\/"},{"@type":"ListItem","position":2,"name":"Shop","item":"https:\/\/dosingpump.shop\/de\/shop\/"},{"@type":"ListItem","position":3,"name":"Doseerpomp voor Zuur"}]},{"@type":"WebSite","@id":"https:\/\/dosingpump.shop\/de\/#website","url":"https:\/\/dosingpump.shop\/de\/","name":"Dosing Pump Shop B.V.","description":"","publisher":{"@id":"https:\/\/dosingpump.shop\/de\/#organization"},"potentialAction":[{"@type":"SearchAction","target":{"@type":"EntryPoint","urlTemplate":"https:\/\/dosingpump.shop\/de\/?s={search_term_string}"},"query-input":{"@type":"PropertyValueSpecification","valueRequired":true,"valueName":"search_term_string"}}],"inLanguage":"et"},{"@type":"Organization","@id":"https:\/\/dosingpump.shop\/de\/#organization","name":"Dosing Pump Shop B.V.","url":"https:\/\/dosingpump.shop\/de\/","logo":{"@type":"ImageObject","inLanguage":"et","@id":"https:\/\/dosingpump.shop\/de\/#\/schema\/logo\/image\/","url":"https:\/\/dosingpump.shop\/wp-content\/uploads\/2024\/10\/Dosing-Pump-Shop-logo.png","contentUrl":"https:\/\/dosingpump.shop\/wp-content\/uploads\/2024\/10\/Dosing-Pump-Shop-logo.png","width":350,"height":45,"caption":"Dosing Pump Shop B.V."},"image":{"@id":"https:\/\/dosingpump.shop\/de\/#\/schema\/logo\/image\/"},"sameAs":["https:\/\/linkedin.com\/company\/dosing-pump-shop"]}]},"product_price_amount":"293.00","product_price_currency":"EUR","og_availability":"instock","product_availability":"instock","product_retailer_item_id":"01130717-NL-1","product_condition":"new"},"_links":{"self":[{"href":"https:\/\/dosingpump.shop\/ee\/wp-json\/wp\/v2\/product\/3961","targetHints":{"allow":["GET"]}}],"collection":[{"href":"https:\/\/dosingpump.shop\/ee\/wp-json\/wp\/v2\/product"}],"about":[{"href":"https:\/\/dosingpump.shop\/ee\/wp-json\/wp\/v2\/types\/product"}],"wp:featuredmedia":[{"embeddable":true,"href":"https:\/\/dosingpump.shop\/ee\/wp-json\/wp\/v2\/media\/3960"}],"wp:attachment":[{"href":"https:\/\/dosingpump.shop\/ee\/wp-json\/wp\/v2\/media?parent=3961"}],"wp:term":[{"taxonomy":"product_brand","embeddable":true,"href":"https:\/\/dosingpump.shop\/ee\/wp-json\/wp\/v2\/product_brand?post=3961"},{"taxonomy":"product_cat","embeddable":true,"href":"https:\/\/dosingpump.shop\/ee\/wp-json\/wp\/v2\/product_cat?post=3961"},{"taxonomy":"product_tag","embeddable":true,"href":"https:\/\/dosingpump.shop\/ee\/wp-json\/wp\/v2\/product_tag?post=3961"}],"curies":[{"name":"wp","href":"https:\/\/api.w.org\/{rel}","templated":true}]}}