{"id":4017,"date":"2024-12-05T12:21:44","date_gmt":"2024-12-05T12:21:44","guid":{"rendered":"https:\/\/dosingpump.shop\/product\/geleidbaarheidssensor-eicd\/"},"modified":"2026-02-27T14:49:15","modified_gmt":"2026-02-27T12:49:15","slug":"juhtivuse-andur-eicd","status":"publish","type":"product","link":"https:\/\/dosingpump.shop\/ee\/product\/geleidbaarheidssensor-eicd\/","title":{"rendered":"Juhtivusandur EICD"},"content":{"rendered":"<p><a>Kirjeldus<\/a><br \/>\n<a>Versioonid<\/a><br \/>\nKirjeldus<\/p>\n<h2 style=\"margin-bottom: 20px;\"><span style=\"color: #000000;\">Juhtivusandur EIDC<\/span>kasutamiseks koos (Emec) kontrolleriga<\/h2>\n<p>See g<span style=\"color: #000000;\">irektivsusandur?<\/span>m\u00f5\u00f5dab lahuse juhtivust. See andur m\u00f5\u00f5dab juhtivust roostevabast terasest elektroodide abil. Korpus on roostevabast terasest, mis v\u00f5imaldab kasutamist k\u00f5rgetel temperatuuridel ja r\u00f5hkudel.<\/p>\n<p>Loomulikult tarnime ka kontrollerid, mis t\u00f6\u00f6tavad koos nende anduritega.<\/p>\n<p>Kas otsite s\u00fcsteemi juhtivuse m\u00f5\u00f5tmiseks ja kontrollimiseks? Me aitame teid hea meelega sobiva toote valimisel. V\u00f5tke lihtsalt \u00fchendust!<\/p>\n<h3 style=\"font-size: 1.2em; font-style: normal; margin-bottom: 20px;\">Omadused Juhtivusandur EIDC<\/h3>\n<ul style=\"margin-left: 2rem;\">\n<li style=\"font-family: Roboto, sans-serif; font-size: 15px; font-style: normal;\">Materjal: 316L roostevaba teras koos 316L roostevabast terasest elektroodidega.<\/li>\n<li style=\"font-family: Roboto, sans-serif; font-size: 15px; font-style: normal;\">V\u00f5imalik pikem kaabel<\/li>\n<li>Vahemik:?vt ?Versioonid?<\/li>\n<li style=\"font-family: Roboto, sans-serif; font-size: 15px; font-style: normal;\">Maksimaalne r\u00f5hk: vt ?Versioonid?<\/li>\n<li style=\"font-family: Roboto, sans-serif; font-size: 15px; font-style: normal;\">Maksimaalne temperatuur:?vt ?Versioonid?<\/li>\n<li style=\"font-family: Roboto, sans-serif; font-size: 15px; font-style: normal;\">Minimaalne elektrijuhtivus:??vt ?Versioonid?<\/li>\n<\/ul>\n<p>Versioonid<\/p>\n<p>Allpool olevas tabelis n\u00e4ete, millised versioonid on saadaval. Tabelis saate valida m\u00f5ned neist. Ei leia soovitud juhtivuse andurit? Siis v\u00f5tke meiega \u00fchendust.<\/p>\n<table>\n<tbody>\n<tr>\n<td><b>Mudel<\/b><\/td>\n<td><b>elektroodi<\/b><\/td>\n<td><b>vahemik<\/b><\/td>\n<td><b>?baar<\/b><\/td>\n<td><b>temperatuur (?C)<\/b><\/td>\n<td><b>temperatuuriandur?<\/b><\/td>\n<td><b>kaabel (m)<\/b><\/td>\n<td><b>?body<\/b><\/td>\n<td><b>?<\/b><\/td>\n<\/tr>\n<tr>\n<td>EICDC\/1<\/td>\n<td>SS k1<\/td>\n<td>0-20 ms<\/td>\n<td>?0-15<\/td>\n<td>0-130<\/td>\n<td>NTC<\/td>\n<td>4<\/td>\n<td>AISI 316<\/td>\n<td><\/td>\n<\/tr>\n<tr>\n<td>EICDC\/001<\/td>\n<td>SS k0,01<\/td>\n<td>0-20 _S<\/td>\n<td>?0-15<\/td>\n<td>0-130<\/td>\n<td>NTC<\/td>\n<td>4<\/td>\n<td>AISI 316<\/td>\n<td><\/td>\n<\/tr>\n<tr>\n<td>EICDC\/01<\/td>\n<td>SS k0.1<\/td>\n<td>0-200 _S<\/td>\n<td>?0-15<\/td>\n<td>0-130<\/td>\n<td>NTC<\/td>\n<td>4<\/td>\n<td>AISI 316<\/td>\n<td><\/td>\n<\/tr>\n<tr>\n<td>EICDCPT\/001<\/td>\n<td>SS k0,01<\/td>\n<td>0-20 _S<\/td>\n<td>?0-15<\/td>\n<td>0-130<\/td>\n<td>PT100<\/td>\n<td>4<\/td>\n<td>AISI 316<\/td>\n<td><\/td>\n<\/tr>\n<tr>\n<td>EICDCPT\/1<\/td>\n<td>SS k1<\/td>\n<td>?0-20 mS<\/td>\n<td>?0-15<\/td>\n<td>0-130<\/td>\n<td>PT100<\/td>\n<td>4<\/td>\n<td>AISI 316<\/td>\n<td><\/td>\n<\/tr>\n<tr>\n<td>EICDCPT\/01<\/td>\n<td>SS k0.1<\/td>\n<td>?0-200 _S<\/td>\n<td>?0-15<\/td>\n<td>0-130<\/td>\n<td>PT100<\/td>\n<td>4<\/td>\n<td>AISI 316<\/td>\n<td><\/td>\n<\/tr>\n<tr>\n<td>EICDHPT\/1<\/td>\n<td>SS k1<\/td>\n<td>?0-20 mS<\/td>\n<td>?0-15<\/td>\n<td>0-200<\/td>\n<td>?PT100<\/td>\n<td>?4<\/td>\n<td>AISI 316<\/td>\n<td><\/td>\n<\/tr>\n<\/tbody>\n<\/table>","protected":false},"excerpt":{"rendered":"<p><span style=\"color: #000000;\">Juhtivusandur kasutamiseks koos (Emec) kontrolleriga. Komplektis on standardselt 4 m pikkune kaabel.?<\/span><\/p>\n<p>Elektroodid: ROOSTEVABA TERAS.<\/p>\n<p>Korpus: roostevaba teras.<\/p>\n<p>Vahemik: 0-200 _S | 0-20 _S | 0-20 mS |.<\/p>\n<p>Maksimaalne temperatuur: 200 ?C.<\/p>\n<p>Saadaval on erinevad versioonid.<\/p>\n<p>Mudel: EIDC\/1<\/p>","protected":false},"featured_media":4016,"template":"","meta":[],"product_brand":[],"product_cat":[85],"product_tag":[],"class_list":{"0":"post-4017","1":"product","2":"type-product","3":"status-publish","4":"has-post-thumbnail","6":"product_cat-assortiment","8":"first","9":"instock","10":"taxable","11":"shipping-taxable","12":"purchasable","13":"product-type-simple"},"yoast_head":"<!-- This site is optimized with the Yoast SEO plugin v27.2 - https:\/\/yoast.com\/product\/yoast-seo-wordpress\/ -->\n<title>Geleidbaarheidssensor EICD | Dosing Pump Shop B.V.<\/title>\n<meta name=\"description\" content=\"Hoogwaardige geleidbaarheidssensor met RVS behuizing. Deze geleidbaarheidssensor is uit voorraad leverbaar en verkrijgbaar in diverse uitvoeringen.\" \/>\n<meta name=\"robots\" content=\"index, follow, max-snippet:-1, max-image-preview:large, max-video-preview:-1\" \/>\n<link rel=\"canonical\" href=\"https:\/\/dosingpump.shop\/ee\/toode-2\/juhtivuse-andur-eicd\/\" \/>\n<meta property=\"og:locale\" content=\"et_EE\" \/>\n<meta property=\"og:type\" content=\"article\" \/>\n<meta property=\"og:title\" content=\"Geleidbaarheidssensor EICD | Dosing Pump Shop B.V.\" \/>\n<meta property=\"og:description\" content=\"Hoogwaardige geleidbaarheidssensor met RVS behuizing. Deze geleidbaarheidssensor is uit voorraad leverbaar en verkrijgbaar in diverse uitvoeringen.\" \/>\n<meta property=\"og:url\" content=\"https:\/\/dosingpump.shop\/ee\/toode-2\/juhtivuse-andur-eicd\/\" \/>\n<meta property=\"og:site_name\" content=\"Dosing Pump Shop B.V.\" \/>\n<meta property=\"article:modified_time\" content=\"2026-02-27T12:49:15+00:00\" \/>\n<meta property=\"og:image\" content=\"https:\/\/dosingpump.shop\/wp-content\/uploads\/2024\/12\/Geleidbaarheidssensor-EICD.webp\" \/>\n\t<meta property=\"og:image:width\" content=\"481\" \/>\n\t<meta property=\"og:image:height\" content=\"518\" \/>\n\t<meta property=\"og:image:type\" content=\"image\/webp\" \/>\n<meta name=\"twitter:card\" content=\"summary_large_image\" \/>\n<meta name=\"twitter:label1\" content=\"Price\" \/>\n\t<meta name=\"twitter:data1\" content=\"&euro;247,00\" \/>\n\t<meta name=\"twitter:label2\" content=\"Availability\" \/>\n\t<meta name=\"twitter:data2\" content=\"In stock\" \/>\n<script type=\"application\/ld+json\" class=\"yoast-schema-graph\">{\"@context\":\"https:\/\/schema.org\",\"@graph\":[{\"@type\":\"WebPage\",\"@id\":\"https:\/\/dosingpump.shop\/se\/produkt\/konduktivitetssensor-eicd\/\",\"url\":\"https:\/\/dosingpump.shop\/se\/produkt\/konduktivitetssensor-eicd\/\",\"name\":\"Geleidbaarheidssensor EICD | Dosing Pump Shop B.V.\",\"isPartOf\":{\"@id\":\"https:\/\/dosingpump.shop\/de\/#website\"},\"primaryImageOfPage\":{\"@id\":\"https:\/\/dosingpump.shop\/se\/produkt\/konduktivitetssensor-eicd\/#primaryimage\"},\"image\":{\"@id\":\"https:\/\/dosingpump.shop\/se\/produkt\/konduktivitetssensor-eicd\/#primaryimage\"},\"thumbnailUrl\":\"https:\/\/dosingpump.shop\/wp-content\/uploads\/2024\/12\/Geleidbaarheidssensor-EICD.webp\",\"datePublished\":\"2024-12-05T12:21:44+00:00\",\"dateModified\":\"2026-02-27T12:49:15+00:00\",\"description\":\"Hoogwaardige geleidbaarheidssensor met RVS behuizing. Deze geleidbaarheidssensor is uit voorraad leverbaar en verkrijgbaar in diverse uitvoeringen.\",\"breadcrumb\":{\"@id\":\"https:\/\/dosingpump.shop\/se\/produkt\/konduktivitetssensor-eicd\/#breadcrumb\"},\"inLanguage\":\"et\",\"potentialAction\":[{\"@type\":\"ReadAction\",\"target\":[\"https:\/\/dosingpump.shop\/se\/produkt\/konduktivitetssensor-eicd\/\"]}]},{\"@type\":\"ImageObject\",\"inLanguage\":\"et\",\"@id\":\"https:\/\/dosingpump.shop\/se\/produkt\/konduktivitetssensor-eicd\/#primaryimage\",\"url\":\"https:\/\/dosingpump.shop\/wp-content\/uploads\/2024\/12\/Geleidbaarheidssensor-EICD.webp\",\"contentUrl\":\"https:\/\/dosingpump.shop\/wp-content\/uploads\/2024\/12\/Geleidbaarheidssensor-EICD.webp\",\"width\":481,\"height\":518},{\"@type\":\"BreadcrumbList\",\"@id\":\"https:\/\/dosingpump.shop\/se\/produkt\/konduktivitetssensor-eicd\/#breadcrumb\",\"itemListElement\":[{\"@type\":\"ListItem\",\"position\":1,\"name\":\"Home\",\"item\":\"https:\/\/dosingpump.shop\/\"},{\"@type\":\"ListItem\",\"position\":2,\"name\":\"Shop\",\"item\":\"https:\/\/dosingpump.shop\/de\/shop\/\"},{\"@type\":\"ListItem\",\"position\":3,\"name\":\"Geleidbaarheidssensor EICD\"}]},{\"@type\":\"WebSite\",\"@id\":\"https:\/\/dosingpump.shop\/de\/#website\",\"url\":\"https:\/\/dosingpump.shop\/de\/\",\"name\":\"Dosing Pump Shop B.V.\",\"description\":\"\",\"publisher\":{\"@id\":\"https:\/\/dosingpump.shop\/de\/#organization\"},\"potentialAction\":[{\"@type\":\"SearchAction\",\"target\":{\"@type\":\"EntryPoint\",\"urlTemplate\":\"https:\/\/dosingpump.shop\/de\/?s={search_term_string}\"},\"query-input\":{\"@type\":\"PropertyValueSpecification\",\"valueRequired\":true,\"valueName\":\"search_term_string\"}}],\"inLanguage\":\"et\"},{\"@type\":\"Organization\",\"@id\":\"https:\/\/dosingpump.shop\/de\/#organization\",\"name\":\"Dosing Pump Shop B.V.\",\"url\":\"https:\/\/dosingpump.shop\/de\/\",\"logo\":{\"@type\":\"ImageObject\",\"inLanguage\":\"et\",\"@id\":\"https:\/\/dosingpump.shop\/de\/#\/schema\/logo\/image\/\",\"url\":\"https:\/\/dosingpump.shop\/wp-content\/uploads\/2024\/10\/Dosing-Pump-Shop-logo.png\",\"contentUrl\":\"https:\/\/dosingpump.shop\/wp-content\/uploads\/2024\/10\/Dosing-Pump-Shop-logo.png\",\"width\":350,\"height\":45,\"caption\":\"Dosing Pump Shop B.V.\"},\"image\":{\"@id\":\"https:\/\/dosingpump.shop\/de\/#\/schema\/logo\/image\/\"},\"sameAs\":[\"https:\/\/linkedin.com\/company\/dosing-pump-shop\"]}]}<\/script>\n<meta property=\"product:price:amount\" content=\"247.00\" \/>\n<meta property=\"product:price:currency\" content=\"EUR\" \/>\n<meta property=\"og:availability\" content=\"instock\" \/>\n<meta property=\"product:availability\" content=\"instock\" \/>\n<meta property=\"product:retailer_item_id\" content=\"15110303-3-1\" \/>\n<meta property=\"product:condition\" content=\"new\" \/>\n<!-- \/ Yoast SEO plugin. -->","yoast_head_json":{"title":"Juhtivusandur EICD | Dosing Pump Shop B.V.","description":"Kvaliteetne juhtivuse andur roostevabast terasest korpusega. See juhtivusandur on saadaval laos ja saadaval erinevates versioonides.","robots":{"index":"index","follow":"follow","max-snippet":"max-snippet:-1","max-image-preview":"max-image-preview:large","max-video-preview":"max-video-preview:-1"},"canonical":"https:\/\/dosingpump.shop\/ee\/toode-2\/juhtivuse-andur-eicd\/","og_locale":"et_EE","og_type":"article","og_title":"Geleidbaarheidssensor EICD | Dosing Pump Shop B.V.","og_description":"Hoogwaardige geleidbaarheidssensor met RVS behuizing. Deze geleidbaarheidssensor is uit voorraad leverbaar en verkrijgbaar in diverse uitvoeringen.","og_url":"https:\/\/dosingpump.shop\/ee\/toode-2\/juhtivuse-andur-eicd\/","og_site_name":"Dosing Pump Shop B.V.","article_modified_time":"2026-02-27T12:49:15+00:00","og_image":[{"width":481,"height":518,"url":"https:\/\/dosingpump.shop\/wp-content\/uploads\/2024\/12\/Geleidbaarheidssensor-EICD.webp","type":"image\/webp"}],"twitter_card":"summary_large_image","twitter_misc":{"Price":"&euro;247,00","Availability":"In stock"},"schema":{"@context":"https:\/\/schema.org","@graph":[{"@type":"WebPage","@id":"https:\/\/dosingpump.shop\/se\/produkt\/konduktivitetssensor-eicd\/","url":"https:\/\/dosingpump.shop\/se\/produkt\/konduktivitetssensor-eicd\/","name":"Juhtivusandur EICD | Dosing Pump Shop B.V.","isPartOf":{"@id":"https:\/\/dosingpump.shop\/de\/#website"},"primaryImageOfPage":{"@id":"https:\/\/dosingpump.shop\/se\/produkt\/konduktivitetssensor-eicd\/#primaryimage"},"image":{"@id":"https:\/\/dosingpump.shop\/se\/produkt\/konduktivitetssensor-eicd\/#primaryimage"},"thumbnailUrl":"https:\/\/dosingpump.shop\/wp-content\/uploads\/2024\/12\/Geleidbaarheidssensor-EICD.webp","datePublished":"2024-12-05T12:21:44+00:00","dateModified":"2026-02-27T12:49:15+00:00","description":"Kvaliteetne juhtivuse andur roostevabast terasest korpusega. See juhtivusandur on saadaval laos ja saadaval erinevates versioonides.","breadcrumb":{"@id":"https:\/\/dosingpump.shop\/se\/produkt\/konduktivitetssensor-eicd\/#breadcrumb"},"inLanguage":"et","potentialAction":[{"@type":"ReadAction","target":["https:\/\/dosingpump.shop\/se\/produkt\/konduktivitetssensor-eicd\/"]}]},{"@type":"ImageObject","inLanguage":"et","@id":"https:\/\/dosingpump.shop\/se\/produkt\/konduktivitetssensor-eicd\/#primaryimage","url":"https:\/\/dosingpump.shop\/wp-content\/uploads\/2024\/12\/Geleidbaarheidssensor-EICD.webp","contentUrl":"https:\/\/dosingpump.shop\/wp-content\/uploads\/2024\/12\/Geleidbaarheidssensor-EICD.webp","width":481,"height":518},{"@type":"BreadcrumbList","@id":"https:\/\/dosingpump.shop\/se\/produkt\/konduktivitetssensor-eicd\/#breadcrumb","itemListElement":[{"@type":"ListItem","position":1,"name":"Home","item":"https:\/\/dosingpump.shop\/"},{"@type":"ListItem","position":2,"name":"Shop","item":"https:\/\/dosingpump.shop\/de\/shop\/"},{"@type":"ListItem","position":3,"name":"Geleidbaarheidssensor EICD"}]},{"@type":"WebSite","@id":"https:\/\/dosingpump.shop\/de\/#website","url":"https:\/\/dosingpump.shop\/de\/","name":"Dosing Pump Shop B.V.","description":"","publisher":{"@id":"https:\/\/dosingpump.shop\/de\/#organization"},"potentialAction":[{"@type":"SearchAction","target":{"@type":"EntryPoint","urlTemplate":"https:\/\/dosingpump.shop\/de\/?s={search_term_string}"},"query-input":{"@type":"PropertyValueSpecification","valueRequired":true,"valueName":"search_term_string"}}],"inLanguage":"et"},{"@type":"Organization","@id":"https:\/\/dosingpump.shop\/de\/#organization","name":"Dosing Pump Shop B.V.","url":"https:\/\/dosingpump.shop\/de\/","logo":{"@type":"ImageObject","inLanguage":"et","@id":"https:\/\/dosingpump.shop\/de\/#\/schema\/logo\/image\/","url":"https:\/\/dosingpump.shop\/wp-content\/uploads\/2024\/10\/Dosing-Pump-Shop-logo.png","contentUrl":"https:\/\/dosingpump.shop\/wp-content\/uploads\/2024\/10\/Dosing-Pump-Shop-logo.png","width":350,"height":45,"caption":"Dosing Pump Shop B.V."},"image":{"@id":"https:\/\/dosingpump.shop\/de\/#\/schema\/logo\/image\/"},"sameAs":["https:\/\/linkedin.com\/company\/dosing-pump-shop"]}]},"product_price_amount":"247.00","product_price_currency":"EUR","og_availability":"instock","product_availability":"instock","product_retailer_item_id":"15110303-3-1","product_condition":"new"},"_links":{"self":[{"href":"https:\/\/dosingpump.shop\/ee\/wp-json\/wp\/v2\/product\/4017","targetHints":{"allow":["GET"]}}],"collection":[{"href":"https:\/\/dosingpump.shop\/ee\/wp-json\/wp\/v2\/product"}],"about":[{"href":"https:\/\/dosingpump.shop\/ee\/wp-json\/wp\/v2\/types\/product"}],"wp:featuredmedia":[{"embeddable":true,"href":"https:\/\/dosingpump.shop\/ee\/wp-json\/wp\/v2\/media\/4016"}],"wp:attachment":[{"href":"https:\/\/dosingpump.shop\/ee\/wp-json\/wp\/v2\/media?parent=4017"}],"wp:term":[{"taxonomy":"product_brand","embeddable":true,"href":"https:\/\/dosingpump.shop\/ee\/wp-json\/wp\/v2\/product_brand?post=4017"},{"taxonomy":"product_cat","embeddable":true,"href":"https:\/\/dosingpump.shop\/ee\/wp-json\/wp\/v2\/product_cat?post=4017"},{"taxonomy":"product_tag","embeddable":true,"href":"https:\/\/dosingpump.shop\/ee\/wp-json\/wp\/v2\/product_tag?post=4017"}],"curies":[{"name":"wp","href":"https:\/\/api.w.org\/{rel}","templated":true}]}}