{"id":4024,"date":"2024-12-05T12:21:45","date_gmt":"2024-12-05T12:21:45","guid":{"rendered":"https:\/\/dosingpump.shop\/product\/doseerpomp-voor-ureum\/"},"modified":"2026-02-27T14:49:16","modified_gmt":"2026-02-27T12:49:16","slug":"karbamiidi-doseerimispump","status":"publish","type":"product","link":"https:\/\/dosingpump.shop\/ee\/product\/doseerpomp-voor-ureum\/","title":{"rendered":"Karbamiidi doseerimispump"},"content":{"rendered":"<p>Uureat lisatakse uutesse diiselmootoritesse tavaliselt heitgaasile kontsentratsioonis 32-35%. Selle lisamisega <strong>Koos SCR-katal\u00fcsaatoriga v\u00e4hendatakse NOx heitkoguseid m\u00e4rkimisv\u00e4\u00e4rselt.<\/strong>. Urea on tuntud ka kaubam\u00e4rgi all <strong>Adblue<\/strong>. Seda kasutatakse peamiselt <strong>veoautod, aga \u00fcha enam ka laevandus<\/strong>.<\/p>\n<p>Sest <strong>Karbamiidi doseerimine<\/strong> on oluline valida usaldusv\u00e4\u00e4rne doseerimispump, millel on karbamiidikindlad materjalid. Meie tootevalikus on mitmeid valikuid:<\/p>\n<ul>\n<li>Kuni umbes 10 liitrit tunnis: <strong>Emec V CL ja VMS MF doseerimispump<\/strong>. Need doseerimispumbad on elektromagnetiliselt juhitavad.<\/li>\n<li>Alates 10 liitrist tunnis: <strong>Emec Prius D doseerimispump<\/strong>. See v\u00f5imaldab doseerida karbamiidi kuni 1000 liitrit tunnis. Selle pumba abil on v\u00f5imalik n\u00e4iteks ka p\u00e4evapunkrit punkrist t\u00e4ita. Tegemist on mootoriga t\u00f6\u00f6tava doseerimispumbaga.<\/li>\n<\/ul>\n<h3>Omadused<\/h3>\n<p><strong>Emec V CL karbamiidi doseerimispump<\/strong><\/p>\n<ul>\n<li>Disain on eriti sobiv seinale paigaldamiseks<\/li>\n<li>Reguleeritav l\u00f6\u00f6gisagedus<\/li>\n<li>K\u00e4sitsi ventileerimine<\/li>\n<li>Komplekti kuulub t\u00e4ielik komplekt (2 m surve- ja imemisvoolik 2 m ventilatsioonivoolik (PE), sissepritse nipel ja imemisfilter).<\/li>\n<\/ul>\n<p><strong>Emec VMS MF<\/strong><\/p>\n<ul>\n<li>Proportsionaalne juhtimine 4-20 mA ? 0-10V jne. kaudu. V\u00f5imalik kombinatsioonis veem\u00f5\u00f5tjaga ppm v\u00f5i protsentuaalse lahuse jaoks<\/li>\n<\/ul>\n<p><strong>Emec Prius D<\/strong><\/p>\n<ul>\n<li>Manuaalselt reguleeritav l\u00f6\u00f6gisageduse kaudu. See pump on saadaval ka 4-20 mA juhtimisega.<\/li>\n<\/ul>\n<h3>K\u00e4ttesaadav vooluhulk ja r\u00f5hk<\/h3>\n<p><strong>Emec V CO<\/strong><\/p>\n<table>\n<tbody>\n<tr>\n<th>R\u00f5hk (baar)<\/th>\n<th>Vooluhulk (l\/tunnis)<\/th>\n<\/tr>\n<tr>\n<td>20<\/td>\n<td>1<\/td>\n<\/tr>\n<tr>\n<td>15<\/td>\n<td>2<\/td>\n<\/tr>\n<tr>\n<td>10<\/td>\n<td>4<\/td>\n<\/tr>\n<tr>\n<td>7<\/td>\n<td>6<\/td>\n<\/tr>\n<tr>\n<td>5<\/td>\n<td>1<\/td>\n<\/tr>\n<tr>\n<td>1<\/td>\n<td>16<\/td>\n<\/tr>\n<\/tbody>\n<\/table>\n<p><strong>Emec VMS MF<\/strong><\/p>\n<table>\n<tbody>\n<tr>\n<th>R\u00f5hk (baar)<\/th>\n<th>Vooluhulk (l\/tunnis)<\/th>\n<\/tr>\n<tr>\n<td>20<\/td>\n<td>1<\/td>\n<\/tr>\n<tr>\n<td>18<\/td>\n<td>2, 4<\/td>\n<\/tr>\n<tr>\n<td>15<\/td>\n<td>2, 4, 5<\/td>\n<\/tr>\n<tr>\n<td>10<\/td>\n<td>5, 10<\/td>\n<\/tr>\n<tr>\n<td>7<\/td>\n<td>6<\/td>\n<\/tr>\n<tr>\n<td>5<\/td>\n<td>1, 10, 12<\/td>\n<\/tr>\n<tr>\n<td>4<\/td>\n<td>8<\/td>\n<\/tr>\n<tr>\n<td>3<\/td>\n<td>10<\/td>\n<\/tr>\n<tr>\n<td>1<\/td>\n<td>16<\/td>\n<\/tr>\n<tr>\n<td>0<\/td>\n<td>4<\/td>\n<\/tr>\n<\/tbody>\n<\/table>\n<p><strong>Emec Prius D<\/strong><\/p>\n<table>\n<tbody>\n<tr>\n<th style=\"width: 50%;\">R\u00f5hk (baar)<\/th>\n<th style=\"width: 50%;\">Vooluhulk (l\/tunnis)<\/th>\n<\/tr>\n<tr>\n<td>10<\/td>\n<td>12<\/td>\n<\/tr>\n<tr>\n<td>10<\/td>\n<td>56<\/td>\n<\/tr>\n<tr>\n<td>10<\/td>\n<td>60<\/td>\n<\/tr>\n<tr>\n<td>10<\/td>\n<td>105<\/td>\n<\/tr>\n<\/tbody>\n<\/table>\n<table>\n<tbody>\n<tr>\n<th style=\"width: 50%;\">R\u00f5hk (baar)<\/th>\n<th style=\"width: 50%;\">Vooluhulk (l\/tunnis)<\/th>\n<\/tr>\n<tr>\n<td>07<\/td>\n<td>32<\/td>\n<\/tr>\n<tr>\n<td>07<\/td>\n<td>64<\/td>\n<\/tr>\n<tr>\n<td>07<\/td>\n<td>86<\/td>\n<\/tr>\n<tr>\n<td>07<\/td>\n<td>160<\/td>\n<\/tr>\n<\/tbody>\n<\/table>\n<table>\n<tbody>\n<tr>\n<th style=\"width: 50%;\">R\u00f5hk (baar)<\/th>\n<th style=\"width: 50%;\">Vooluhulk (l\/tunnis)<\/th>\n<\/tr>\n<tr>\n<td>05<\/td>\n<td>48<\/td>\n<\/tr>\n<tr>\n<td>05<\/td>\n<td>96<\/td>\n<\/tr>\n<tr>\n<td>05<\/td>\n<td>240<\/td>\n<\/tr>\n<tr>\n<td>05<\/td>\n<td>440<\/td>\n<\/tr>\n<\/tbody>\n<\/table>\n<table>\n<tbody>\n<tr>\n<th style=\"width: 50%;\">R\u00f5hk (baar)<\/th>\n<th style=\"width: 50%;\">Vooluhulk (l\/tunnis)<\/th>\n<\/tr>\n<tr>\n<td>05<\/td>\n<td>350<\/td>\n<\/tr>\n<tr>\n<td>05<\/td>\n<td>530<\/td>\n<\/tr>\n<tr>\n<td>05<\/td>\n<td>1000<\/td>\n<\/tr>\n<tr>\n<td>02<\/td>\n<td>1000<\/td>\n<\/tr>\n<\/tbody>\n<\/table>\n<table>\n<tbody>\n<tr style=\"font-size: 15px;\">\n<th style=\"width: 50%;\">R\u00f5hk (baar)<\/th>\n<th style=\"width: 50%;\">Vooluhulk (l\/tunnis)<\/th>\n<\/tr>\n<tr>\n<td>05<\/td>\n<td>750<\/td>\n<\/tr>\n<tr>\n<td>03<\/td>\n<td>750<\/td>\n<\/tr>\n<\/tbody>\n<\/table>\n<p>Versioonid<\/p>\n<p>Allpool olevas tabelis n\u00e4ete, millised versioonid on saadaval. Ei leia soovitud pumpa? Siis v\u00f5tke meiega \u00fchendust.<\/p>\n<table>\n<tbody>\n<tr>\n<th><\/th>\n<th>V CL Doseerimispump<\/th>\n<th>VMS MF doseerimispump<\/th>\n<th>Prius D 50 Hz<\/th>\n<\/tr>\n<tr>\n<th>Kirjeldus<\/th>\n<td>Pidev doseerimiss\u00fcsteem koos tasemekontrolliga.<\/td>\n<td>Pidev\/proportsionaalne mitmeotstarbeline doseerimiss\u00fcsteem.<\/td>\n<td>Pidev, mootoriga juhitav doseerimiss\u00fcsteem<\/td>\n<\/tr>\n<tr>\n<th>Omadused<\/th>\n<td>\n<ul>\n<li>K\u00e4sitsi reguleeritav l\u00f6\u00f6gisagedus<\/li>\n<li>Sisselaskefiltri taseme reguleerimine<\/li>\n<\/ul>\n<\/td>\n<td>\n<ul>\n<li>Varustatud ekraaniga<\/li>\n<li>Mikroprotsessoritehnoloogia<\/li>\n<li>Juhtimine mA, volti ja impulsi abil<\/li>\n<li>Partii doseerimine<\/li>\n<li>Kontroll veem\u00f5\u00f5tja abil<\/li>\n<li>Tasemekontrolliga<\/li>\n<\/ul>\n<\/td>\n<td>\n<ul>\n<li>T\u00e4ielik PTFE membraan<\/li>\n<li>Vooliku pikkuse reguleerimine sujuvalt reguleeritav<\/li>\n<li>Saadaval on eri t\u00fc\u00fcpi \"m\u00e4rjad osad\".<\/li>\n<\/ul>\n<\/td>\n<\/tr>\n<tr>\n<th>Omadused<\/th>\n<td>\n<ul>\n<li>Jaotur 1\/10. (v\u00e4ga v\u00e4ikeste vooluhulkade puhul)<\/li>\n<li>Tase | l\u00fclitab pumba v\u00e4lja, kui anum on t\u00fchi.<\/li>\n<li>Tasemesignaali saab kasutada ka PLC-s.<\/li>\n<\/ul>\n<\/td>\n<td>\n<ul>\n<li>Pidev<\/li>\n<li>Jagage<\/li>\n<li>Korruta<\/li>\n<li>PPM<\/li>\n<li>Partii<\/li>\n<li>Volt<\/li>\n<li>mA<\/li>\n<li>%<\/li>\n<li>ml\/q<\/li>\n<\/ul>\n<\/td>\n<td>\n<ul>\n<li>Pidev annustamine<\/li>\n<\/ul>\n<\/td>\n<\/tr>\n<tr>\n<th>Sisend<\/th>\n<td>\n<ul>\n<li>Taseme reguleerimine<\/li>\n<\/ul>\n<\/td>\n<td>\n<ul>\n<li>Taseme reguleerimine<\/li>\n<li>Veem\u00f5\u00f5tja<\/li>\n<\/ul>\n<\/td>\n<td><\/td>\n<\/tr>\n<tr>\n<th>V\u00e4ljund<\/th>\n<td>\n<ul>\n<li>Alarmiv\u00e4ljund (taseme reguleerimise jaoturi kaudu)<\/li>\n<\/ul>\n<\/td>\n<td>\n<ul>\n<li>Alarmiv\u00e4ljund (valikuline)<\/li>\n<\/ul>\n<\/td>\n<td><\/td>\n<\/tr>\n<\/tbody>\n<\/table>","protected":false},"excerpt":{"rendered":"<ul>\n<li>Erinevad elektromagnetilised ja mootoriga dosaatorpumbad karbamiidi (Adblue) doseerimiseks<\/li>\n<li>Alates v\u00e4ikestest doseerimistest (1 liiter tunnis) kuni suurte rakendusteni kuni 1000 liitrit tunnis.<\/li>\n<li>Hind kehtib j\u00e4rgmistele versioonidele: Emec V CL 15-2, 10-04, 07-06, 05-01, 04-08 ja 03-10.<\/li>\n<\/ul>\n<p>Vajadus teise versiooni j\u00e4rele? K\u00fcsi hinnapakkumist!<\/p>","protected":false},"featured_media":3970,"template":"","meta":[],"product_brand":[],"product_cat":[83,17],"product_tag":[],"class_list":{"0":"post-4024","1":"product","2":"type-product","3":"status-publish","4":"has-post-thumbnail","6":"product_cat-doseerpomp-voor-specifieke-chemicalien","7":"product_cat-doseerpompen","9":"first","10":"instock","11":"taxable","12":"shipping-taxable","13":"purchasable","14":"product-type-simple"},"yoast_head":"<!-- This site is optimized with the Yoast SEO plugin v27.2 - https:\/\/yoast.com\/product\/yoast-seo-wordpress\/ -->\n<title>Doseerpomp voor Ureum | Chemicali\u00ebn Pomp | Dosing Pump Shop B.V.<\/title>\n<meta name=\"description\" content=\"Een doseerpomp voor ureum garandeert een constante dosering aan de katalysator. Optioneel proportioneel aan te sturen. Bezoek de webshop!\" \/>\n<meta name=\"robots\" content=\"index, follow, max-snippet:-1, max-image-preview:large, max-video-preview:-1\" \/>\n<link rel=\"canonical\" href=\"https:\/\/dosingpump.shop\/ee\/toode-2\/karbamiidi-doseerimispump\/\" \/>\n<meta property=\"og:locale\" content=\"et_EE\" \/>\n<meta property=\"og:type\" content=\"article\" \/>\n<meta property=\"og:title\" content=\"Doseerpomp voor Ureum | Chemicali\u00ebn Pomp | Dosing Pump Shop B.V.\" \/>\n<meta property=\"og:description\" content=\"Een doseerpomp voor ureum garandeert een constante dosering aan de katalysator. Optioneel proportioneel aan te sturen. Bezoek de webshop!\" \/>\n<meta property=\"og:url\" content=\"https:\/\/dosingpump.shop\/ee\/toode-2\/karbamiidi-doseerimispump\/\" \/>\n<meta property=\"og:site_name\" content=\"Dosing Pump Shop B.V.\" \/>\n<meta property=\"article:modified_time\" content=\"2026-02-27T12:49:16+00:00\" \/>\n<meta property=\"og:image\" content=\"https:\/\/dosingpump.shop\/wp-content\/uploads\/2024\/12\/doseerpomp-voor-waterstofperoxide.webp\" \/>\n\t<meta property=\"og:image:width\" content=\"500\" \/>\n\t<meta property=\"og:image:height\" content=\"500\" \/>\n\t<meta property=\"og:image:type\" content=\"image\/webp\" \/>\n<meta name=\"twitter:card\" content=\"summary_large_image\" \/>\n<meta name=\"twitter:label1\" content=\"Price\" \/>\n\t<meta name=\"twitter:data1\" content=\"&euro;296,00\" \/>\n\t<meta name=\"twitter:label2\" content=\"Availability\" \/>\n\t<meta name=\"twitter:data2\" content=\"In stock\" \/>\n<script type=\"application\/ld+json\" class=\"yoast-schema-graph\">{\"@context\":\"https:\/\/schema.org\",\"@graph\":[{\"@type\":\"WebPage\",\"@id\":\"https:\/\/dosingpump.shop\/dk\/produkt\/urea-doseringspumpe\/\",\"url\":\"https:\/\/dosingpump.shop\/dk\/produkt\/urea-doseringspumpe\/\",\"name\":\"Doseerpomp voor Ureum | Chemicali\u00ebn Pomp | Dosing Pump Shop B.V.\",\"isPartOf\":{\"@id\":\"https:\/\/dosingpump.shop\/de\/#website\"},\"primaryImageOfPage\":{\"@id\":\"https:\/\/dosingpump.shop\/dk\/produkt\/urea-doseringspumpe\/#primaryimage\"},\"image\":{\"@id\":\"https:\/\/dosingpump.shop\/dk\/produkt\/urea-doseringspumpe\/#primaryimage\"},\"thumbnailUrl\":\"https:\/\/dosingpump.shop\/wp-content\/uploads\/2024\/12\/doseerpomp-voor-waterstofperoxide.webp\",\"datePublished\":\"2024-12-05T12:21:45+00:00\",\"dateModified\":\"2026-02-27T12:49:16+00:00\",\"description\":\"Een doseerpomp voor ureum garandeert een constante dosering aan de katalysator. Optioneel proportioneel aan te sturen. Bezoek de webshop!\",\"breadcrumb\":{\"@id\":\"https:\/\/dosingpump.shop\/dk\/produkt\/urea-doseringspumpe\/#breadcrumb\"},\"inLanguage\":\"et\",\"potentialAction\":[{\"@type\":\"ReadAction\",\"target\":[\"https:\/\/dosingpump.shop\/dk\/produkt\/urea-doseringspumpe\/\"]}]},{\"@type\":\"ImageObject\",\"inLanguage\":\"et\",\"@id\":\"https:\/\/dosingpump.shop\/dk\/produkt\/urea-doseringspumpe\/#primaryimage\",\"url\":\"https:\/\/dosingpump.shop\/wp-content\/uploads\/2024\/12\/doseerpomp-voor-waterstofperoxide.webp\",\"contentUrl\":\"https:\/\/dosingpump.shop\/wp-content\/uploads\/2024\/12\/doseerpomp-voor-waterstofperoxide.webp\",\"width\":500,\"height\":500},{\"@type\":\"BreadcrumbList\",\"@id\":\"https:\/\/dosingpump.shop\/dk\/produkt\/urea-doseringspumpe\/#breadcrumb\",\"itemListElement\":[{\"@type\":\"ListItem\",\"position\":1,\"name\":\"Home\",\"item\":\"https:\/\/dosingpump.shop\/\"},{\"@type\":\"ListItem\",\"position\":2,\"name\":\"Shop\",\"item\":\"https:\/\/dosingpump.shop\/de\/shop\/\"},{\"@type\":\"ListItem\",\"position\":3,\"name\":\"Doseerpomp voor Ureum\"}]},{\"@type\":\"WebSite\",\"@id\":\"https:\/\/dosingpump.shop\/de\/#website\",\"url\":\"https:\/\/dosingpump.shop\/de\/\",\"name\":\"Dosing Pump Shop B.V.\",\"description\":\"\",\"publisher\":{\"@id\":\"https:\/\/dosingpump.shop\/de\/#organization\"},\"potentialAction\":[{\"@type\":\"SearchAction\",\"target\":{\"@type\":\"EntryPoint\",\"urlTemplate\":\"https:\/\/dosingpump.shop\/de\/?s={search_term_string}\"},\"query-input\":{\"@type\":\"PropertyValueSpecification\",\"valueRequired\":true,\"valueName\":\"search_term_string\"}}],\"inLanguage\":\"et\"},{\"@type\":\"Organization\",\"@id\":\"https:\/\/dosingpump.shop\/de\/#organization\",\"name\":\"Dosing Pump Shop B.V.\",\"url\":\"https:\/\/dosingpump.shop\/de\/\",\"logo\":{\"@type\":\"ImageObject\",\"inLanguage\":\"et\",\"@id\":\"https:\/\/dosingpump.shop\/de\/#\/schema\/logo\/image\/\",\"url\":\"https:\/\/dosingpump.shop\/wp-content\/uploads\/2024\/10\/Dosing-Pump-Shop-logo.png\",\"contentUrl\":\"https:\/\/dosingpump.shop\/wp-content\/uploads\/2024\/10\/Dosing-Pump-Shop-logo.png\",\"width\":350,\"height\":45,\"caption\":\"Dosing Pump Shop B.V.\"},\"image\":{\"@id\":\"https:\/\/dosingpump.shop\/de\/#\/schema\/logo\/image\/\"},\"sameAs\":[\"https:\/\/linkedin.com\/company\/dosing-pump-shop\"]}]}<\/script>\n<meta property=\"product:price:amount\" content=\"296.00\" \/>\n<meta property=\"product:price:currency\" content=\"EUR\" \/>\n<meta property=\"og:availability\" content=\"instock\" \/>\n<meta property=\"product:availability\" content=\"instock\" \/>\n<meta property=\"product:condition\" content=\"new\" \/>\n<!-- \/ Yoast SEO plugin. -->","yoast_head_json":{"title":"Karbamiidi doseerimispump | Kemikaalide pump | Dosing Pump Shop B.V.","description":"Uurea doseerimispump tagab pideva doseerimise katal\u00fcsaatorile. Valikuline proportsionaalne juhtimine. K\u00fclastage veebipoodi!","robots":{"index":"index","follow":"follow","max-snippet":"max-snippet:-1","max-image-preview":"max-image-preview:large","max-video-preview":"max-video-preview:-1"},"canonical":"https:\/\/dosingpump.shop\/ee\/toode-2\/karbamiidi-doseerimispump\/","og_locale":"et_EE","og_type":"article","og_title":"Doseerpomp voor Ureum | Chemicali\u00ebn Pomp | Dosing Pump Shop B.V.","og_description":"Een doseerpomp voor ureum garandeert een constante dosering aan de katalysator. Optioneel proportioneel aan te sturen. Bezoek de webshop!","og_url":"https:\/\/dosingpump.shop\/ee\/toode-2\/karbamiidi-doseerimispump\/","og_site_name":"Dosing Pump Shop B.V.","article_modified_time":"2026-02-27T12:49:16+00:00","og_image":[{"width":500,"height":500,"url":"https:\/\/dosingpump.shop\/wp-content\/uploads\/2024\/12\/doseerpomp-voor-waterstofperoxide.webp","type":"image\/webp"}],"twitter_card":"summary_large_image","twitter_misc":{"Price":"&euro;296,00","Availability":"In stock"},"schema":{"@context":"https:\/\/schema.org","@graph":[{"@type":"WebPage","@id":"https:\/\/dosingpump.shop\/dk\/produkt\/urea-doseringspumpe\/","url":"https:\/\/dosingpump.shop\/dk\/produkt\/urea-doseringspumpe\/","name":"Karbamiidi doseerimispump | Kemikaalide pump | Dosing Pump Shop B.V.","isPartOf":{"@id":"https:\/\/dosingpump.shop\/de\/#website"},"primaryImageOfPage":{"@id":"https:\/\/dosingpump.shop\/dk\/produkt\/urea-doseringspumpe\/#primaryimage"},"image":{"@id":"https:\/\/dosingpump.shop\/dk\/produkt\/urea-doseringspumpe\/#primaryimage"},"thumbnailUrl":"https:\/\/dosingpump.shop\/wp-content\/uploads\/2024\/12\/doseerpomp-voor-waterstofperoxide.webp","datePublished":"2024-12-05T12:21:45+00:00","dateModified":"2026-02-27T12:49:16+00:00","description":"Uurea doseerimispump tagab pideva doseerimise katal\u00fcsaatorile. Valikuline proportsionaalne juhtimine. K\u00fclastage veebipoodi!","breadcrumb":{"@id":"https:\/\/dosingpump.shop\/dk\/produkt\/urea-doseringspumpe\/#breadcrumb"},"inLanguage":"et","potentialAction":[{"@type":"ReadAction","target":["https:\/\/dosingpump.shop\/dk\/produkt\/urea-doseringspumpe\/"]}]},{"@type":"ImageObject","inLanguage":"et","@id":"https:\/\/dosingpump.shop\/dk\/produkt\/urea-doseringspumpe\/#primaryimage","url":"https:\/\/dosingpump.shop\/wp-content\/uploads\/2024\/12\/doseerpomp-voor-waterstofperoxide.webp","contentUrl":"https:\/\/dosingpump.shop\/wp-content\/uploads\/2024\/12\/doseerpomp-voor-waterstofperoxide.webp","width":500,"height":500},{"@type":"BreadcrumbList","@id":"https:\/\/dosingpump.shop\/dk\/produkt\/urea-doseringspumpe\/#breadcrumb","itemListElement":[{"@type":"ListItem","position":1,"name":"Home","item":"https:\/\/dosingpump.shop\/"},{"@type":"ListItem","position":2,"name":"Shop","item":"https:\/\/dosingpump.shop\/de\/shop\/"},{"@type":"ListItem","position":3,"name":"Doseerpomp voor Ureum"}]},{"@type":"WebSite","@id":"https:\/\/dosingpump.shop\/de\/#website","url":"https:\/\/dosingpump.shop\/de\/","name":"Dosing Pump Shop B.V.","description":"","publisher":{"@id":"https:\/\/dosingpump.shop\/de\/#organization"},"potentialAction":[{"@type":"SearchAction","target":{"@type":"EntryPoint","urlTemplate":"https:\/\/dosingpump.shop\/de\/?s={search_term_string}"},"query-input":{"@type":"PropertyValueSpecification","valueRequired":true,"valueName":"search_term_string"}}],"inLanguage":"et"},{"@type":"Organization","@id":"https:\/\/dosingpump.shop\/de\/#organization","name":"Dosing Pump Shop B.V.","url":"https:\/\/dosingpump.shop\/de\/","logo":{"@type":"ImageObject","inLanguage":"et","@id":"https:\/\/dosingpump.shop\/de\/#\/schema\/logo\/image\/","url":"https:\/\/dosingpump.shop\/wp-content\/uploads\/2024\/10\/Dosing-Pump-Shop-logo.png","contentUrl":"https:\/\/dosingpump.shop\/wp-content\/uploads\/2024\/10\/Dosing-Pump-Shop-logo.png","width":350,"height":45,"caption":"Dosing Pump Shop B.V."},"image":{"@id":"https:\/\/dosingpump.shop\/de\/#\/schema\/logo\/image\/"},"sameAs":["https:\/\/linkedin.com\/company\/dosing-pump-shop"]}]},"product_price_amount":"296.00","product_price_currency":"EUR","og_availability":"instock","product_availability":"instock","product_condition":"new"},"_links":{"self":[{"href":"https:\/\/dosingpump.shop\/ee\/wp-json\/wp\/v2\/product\/4024","targetHints":{"allow":["GET"]}}],"collection":[{"href":"https:\/\/dosingpump.shop\/ee\/wp-json\/wp\/v2\/product"}],"about":[{"href":"https:\/\/dosingpump.shop\/ee\/wp-json\/wp\/v2\/types\/product"}],"wp:featuredmedia":[{"embeddable":true,"href":"https:\/\/dosingpump.shop\/ee\/wp-json\/wp\/v2\/media\/3970"}],"wp:attachment":[{"href":"https:\/\/dosingpump.shop\/ee\/wp-json\/wp\/v2\/media?parent=4024"}],"wp:term":[{"taxonomy":"product_brand","embeddable":true,"href":"https:\/\/dosingpump.shop\/ee\/wp-json\/wp\/v2\/product_brand?post=4024"},{"taxonomy":"product_cat","embeddable":true,"href":"https:\/\/dosingpump.shop\/ee\/wp-json\/wp\/v2\/product_cat?post=4024"},{"taxonomy":"product_tag","embeddable":true,"href":"https:\/\/dosingpump.shop\/ee\/wp-json\/wp\/v2\/product_tag?post=4024"}],"curies":[{"name":"wp","href":"https:\/\/api.w.org\/{rel}","templated":true}]}}