{"id":4027,"date":"2024-12-05T12:21:45","date_gmt":"2024-12-05T12:21:45","guid":{"rendered":"https:\/\/dosingpump.shop\/product\/doseerpomp-met-watermeter-met-pulsgever\/"},"modified":"2026-02-27T14:49:16","modified_gmt":"2026-02-27T12:49:16","slug":"impulsimooturiga-doseerimispump","status":"publish","type":"product","link":"https:\/\/dosingpump.shop\/ee\/product\/doseerpomp-met-watermeter-met-pulsgever\/","title":{"rendered":"Impulsim\u00f5\u00f5turiga doseerimispump"},"content":{"rendered":"<p>See impulssgeneraatoriga veem\u00f5\u00f5tja m\u00f5\u00f5tmispumpade komplekt on <b>t\u00e4ielik doseerimisseade<\/b> iseenesest. . <b>paigaldamine on lihtne<\/b>Veem\u00f5\u00f5tja paigutatakse veetorusse. Iga m\u00f5\u00f5detud liitri kohta edastab see veem\u00f5\u00f5tja pumba jaoks impulsi. Seega teab pump, milline mahuvool voolab l\u00e4bi veetoru. Seej\u00e4rel saab pumba seadistada <b>nt 1% lisandiga.<\/b>. Kui vooluhulk muutub, kohandub pump automaatselt. Kas veevool peatub? Siis peatub ka pump.<\/p>\n<p>Lisaks protsendim\u00e4\u00e4rale on olemas <b>mitmeid v\u00f5imalusi, nagu ml\/l, PPM, aga ka korrutama ja jagama.<\/b> (p\u00f5hineb impulsside arvul)<\/p>\n<p>See komplekt sisaldab k\u00e4sitsi ventileeritavat m\u00f5\u00f5tepumpa ja 1\/2 veem\u00f5\u00f5tjat. Loomulikult on saadaval ka muid v\u00f5imalusi, sageli laost.<\/p>\n<p>Kas on vaja muud v\u00f5imalust? V\u00f5i k\u00fcsimused? V\u00f5ta \u00fchendust v\u00f5i k\u00fcsi hinnapakkumist!<\/p>\n<h3>Omadused impulssm\u00f5\u00f5turiga doseerimispump<\/h3>\n<ul>\n<li>Seinakinnitus<\/li>\n<li>Versioon: VMS MF 10-04<\/li>\n<li>Sisaldab sisselaskefiltrit, 1\/2 sissepritseklappi ja 4*6mm voolikuid.<\/li>\n<li>T\u00e4ielik PTFE membraan<\/li>\n<li>PVDF-pumbapea<\/li>\n<li>Veem\u00f5\u00f5tja: Catfi 1\/2 1 impulss\/liiter<\/li>\n<\/ul>\n<h3>K\u00e4ttesaadav vooluhulk ja r\u00f5hk<\/h3>\n<p><b>Emec VMS MF<\/b><\/p>\n<table>\n<tbody>\n<tr>\n<th>R\u00f5hk (baar)<\/th>\n<th>Vooluhulk (l\/tunnis)<\/th>\n<\/tr>\n<tr>\n<td>20<\/td>\n<td>01<\/td>\n<\/tr>\n<tr>\n<td>15<\/td>\n<td>02<\/td>\n<\/tr>\n<tr>\n<td>10<\/td>\n<td>04<\/td>\n<\/tr>\n<tr>\n<td>07<\/td>\n<td>06<\/td>\n<\/tr>\n<tr>\n<td>05<\/td>\n<td>01<\/td>\n<\/tr>\n<tr>\n<td>01<\/td>\n<td>16<\/td>\n<\/tr>\n<\/tbody>\n<\/table>\n<p><b>Impulssgeneraatoriga veem\u00f5\u00f5tja<\/b><\/p>\n<table style=\"font-size: 15px; font-style: normal; font-weight: 400; width: 1057.6px;\">\n<tbody style=\"font-size: 15px;\">\n<tr style=\"font-size: 15px;\">\n<th style=\"font-size: 15px;\">Mudel<\/th>\n<th style=\"font-size: 15px;\">Liitmikud<\/th>\n<\/tr>\n<tr style=\"font-size: 15px;\">\n<td style=\"font-size: 15px;\">CATFI 15<\/td>\n<td style=\"font-size: 15px;\">1\/2<\/td>\n<\/tr>\n<tr style=\"font-size: 15px;\">\n<td style=\"font-size: 15px;\">CATFI 20<\/td>\n<td style=\"font-size: 15px;\">3\/4<\/td>\n<\/tr>\n<tr style=\"font-size: 15px;\">\n<td style=\"font-size: 15px;\">CATFI 25<\/td>\n<td style=\"font-size: 15px;\">1<\/td>\n<\/tr>\n<tr style=\"font-size: 15px;\">\n<td style=\"font-size: 15px;\">CATFI 30<\/td>\n<td style=\"font-size: 15px;\">1.1\/4<\/td>\n<\/tr>\n<tr style=\"font-size: 15px;\">\n<td style=\"font-size: 15px;\">CATFI 40<\/td>\n<td style=\"font-size: 15px;\">1.1\/2<\/td>\n<\/tr>\n<tr style=\"font-size: 15px;\">\n<td style=\"font-size: 15px;\">CATFI 50<\/td>\n<td style=\"font-size: 15px;\">2<\/td>\n<\/tr>\n<\/tbody>\n<\/table>\n<p>Versioonid<\/p>\n<ul>\n<li>Allpool olevas tabelis n\u00e4ete, millised versioonid on saadaval. Ei leia soovitud pumpa? Siis v\u00f5tke meiega \u00fchendust.<\/li>\n<\/ul>\n<table>\n<tbody>\n<tr>\n<th><\/th>\n<th>VMS MF doseerimispump koos impulsim\u00f5\u00f5tjaga<\/th>\n<th><\/th>\n<th><\/th>\n<\/tr>\n<tr>\n<th>Kirjeldus<\/th>\n<td>Konstantse\/proportsionaalse m\u00f5\u00f5tes\u00fcsteemi impulssm\u00f5\u00f5turiga<\/td>\n<td><\/td>\n<td><\/td>\n<\/tr>\n<tr>\n<th>Omadused<\/th>\n<td>\n<ul>\n<li>Digitaalne ekraan<\/li>\n<li>mA-signaali sisend<\/li>\n<li>Volt-signaali sisend<\/li>\n<li>Partii doseerimine<\/li>\n<li>T\u00f6\u00f6-pause re\u017eiim<\/li>\n<li>1\/2_ veem\u00f5\u00f5tja koos kuiva loenduriga<\/li>\n<\/ul>\n<\/td>\n<td><\/td>\n<td><\/td>\n<\/tr>\n<tr>\n<th>Omadused<\/th>\n<td>\n<ul style=\"font-size: 15px; font-style: normal; font-weight: 400;\">\n<li style=\"font-size: 15px;\">Pidev<\/li>\n<li style=\"font-size: 15px;\">Jagage<\/li>\n<li style=\"font-size: 15px;\">Korruta<\/li>\n<li style=\"font-size: 15px;\">PPM<\/li>\n<li style=\"font-size: 15px;\">Partii<\/li>\n<li style=\"font-size: 15px;\">%<\/li>\n<li style=\"font-size: 15px;\">ml\/kogus<\/li>\n<\/ul>\n<\/td>\n<td><\/td>\n<td><\/td>\n<\/tr>\n<tr>\n<th>Sisend<\/th>\n<td>\n<ul>\n<li>Taseme reguleerimine (kaasas)<\/li>\n<li>Veem\u00f5\u00f5tja<\/li>\n<\/ul>\n<\/td>\n<td><\/td>\n<td><\/td>\n<\/tr>\n<tr>\n<th>V\u00e4ljund<\/th>\n<td>\n<ul>\n<li>H\u00e4ire (valikuline)<\/li>\n<\/ul>\n<\/td>\n<td><\/td>\n<td><\/td>\n<\/tr>\n<\/tbody>\n<\/table>","protected":false},"excerpt":{"rendered":"<ul>\n<li>Impulssgeneraatoriga m\u00f5\u00f5tepumpade ja veem\u00f5\u00f5turi komplekt.<\/li>\n<li>Sobib suurep\u00e4raselt n\u00e4iteks 1% vedeliku v\u00e4ljastamiseks veetorusse.<\/li>\n<li>V\u00f5imalikud erinevad doseerimisprogrammid.<\/li>\n<li>Versioon: VMS MF koos 1\/2\u2033 veem\u00f5\u00f5tjaga ja kuivloendusega.<\/li>\n<\/ul>\n<p>Vajadus teise versiooni j\u00e4rele? K\u00fcsi hinnapakkumist!<\/p>","protected":false},"featured_media":4026,"template":"","meta":[],"product_brand":[],"product_cat":[17],"product_tag":[],"class_list":{"0":"post-4027","1":"product","2":"type-product","3":"status-publish","4":"has-post-thumbnail","6":"product_cat-doseerpompen","8":"first","9":"instock","10":"taxable","11":"shipping-taxable","12":"purchasable","13":"product-type-simple"},"yoast_head":"<!-- This site is optimized with the Yoast SEO plugin v27.2 - https:\/\/yoast.com\/product\/yoast-seo-wordpress\/ -->\n<title>Doseerpomp met Watermeter met Pulsgever | Dosing Pump Shop B.V.<\/title>\n<meta name=\"description\" content=\"Deze doseerpomp met watermeter met pulsgever is perfect voor het doseren van bijvoorbeeld 1% product aan een waterleiding. Bekijk product.\" \/>\n<meta name=\"robots\" content=\"index, follow, max-snippet:-1, max-image-preview:large, max-video-preview:-1\" \/>\n<link rel=\"canonical\" href=\"https:\/\/dosingpump.shop\/ee\/toode-2\/impulsimooturiga-doseerimispump\/\" \/>\n<meta property=\"og:locale\" content=\"et_EE\" \/>\n<meta property=\"og:type\" content=\"article\" \/>\n<meta property=\"og:title\" content=\"Doseerpomp met Watermeter met Pulsgever | Dosing Pump Shop B.V.\" \/>\n<meta property=\"og:description\" content=\"Deze doseerpomp met watermeter met pulsgever is perfect voor het doseren van bijvoorbeeld 1% product aan een waterleiding. Bekijk product.\" \/>\n<meta property=\"og:url\" content=\"https:\/\/dosingpump.shop\/ee\/toode-2\/impulsimooturiga-doseerimispump\/\" \/>\n<meta property=\"og:site_name\" content=\"Dosing Pump Shop B.V.\" \/>\n<meta property=\"article:modified_time\" content=\"2026-02-27T12:49:16+00:00\" \/>\n<meta property=\"og:image\" content=\"https:\/\/dosingpump.shop\/wp-content\/uploads\/2024\/12\/Doseerpomp-met-watermeter-met-pulsgever.webp\" \/>\n\t<meta property=\"og:image:width\" content=\"473\" \/>\n\t<meta property=\"og:image:height\" content=\"528\" \/>\n\t<meta property=\"og:image:type\" content=\"image\/webp\" \/>\n<meta name=\"twitter:card\" content=\"summary_large_image\" \/>\n<meta name=\"twitter:label1\" content=\"Price\" \/>\n\t<meta name=\"twitter:data1\" content=\"&euro;568,00\" \/>\n\t<meta name=\"twitter:label2\" content=\"Availability\" \/>\n\t<meta name=\"twitter:data2\" content=\"In stock\" \/>\n<script type=\"application\/ld+json\" class=\"yoast-schema-graph\">{\"@context\":\"https:\/\/schema.org\",\"@graph\":[{\"@type\":\"WebPage\",\"@id\":\"https:\/\/dosingpump.shop\/en\/product\/dosing-pump-with-pulse-meter\/\",\"url\":\"https:\/\/dosingpump.shop\/en\/product\/dosing-pump-with-pulse-meter\/\",\"name\":\"Doseerpomp met Watermeter met Pulsgever | Dosing Pump Shop B.V.\",\"isPartOf\":{\"@id\":\"https:\/\/dosingpump.shop\/de\/#website\"},\"primaryImageOfPage\":{\"@id\":\"https:\/\/dosingpump.shop\/en\/product\/dosing-pump-with-pulse-meter\/#primaryimage\"},\"image\":{\"@id\":\"https:\/\/dosingpump.shop\/en\/product\/dosing-pump-with-pulse-meter\/#primaryimage\"},\"thumbnailUrl\":\"https:\/\/dosingpump.shop\/wp-content\/uploads\/2024\/12\/Doseerpomp-met-watermeter-met-pulsgever.webp\",\"datePublished\":\"2024-12-05T12:21:45+00:00\",\"dateModified\":\"2026-02-27T12:49:16+00:00\",\"description\":\"Deze doseerpomp met watermeter met pulsgever is perfect voor het doseren van bijvoorbeeld 1% product aan een waterleiding. Bekijk product.\",\"breadcrumb\":{\"@id\":\"https:\/\/dosingpump.shop\/en\/product\/dosing-pump-with-pulse-meter\/#breadcrumb\"},\"inLanguage\":\"et\",\"potentialAction\":[{\"@type\":\"ReadAction\",\"target\":[\"https:\/\/dosingpump.shop\/en\/product\/dosing-pump-with-pulse-meter\/\"]}]},{\"@type\":\"ImageObject\",\"inLanguage\":\"et\",\"@id\":\"https:\/\/dosingpump.shop\/en\/product\/dosing-pump-with-pulse-meter\/#primaryimage\",\"url\":\"https:\/\/dosingpump.shop\/wp-content\/uploads\/2024\/12\/Doseerpomp-met-watermeter-met-pulsgever.webp\",\"contentUrl\":\"https:\/\/dosingpump.shop\/wp-content\/uploads\/2024\/12\/Doseerpomp-met-watermeter-met-pulsgever.webp\",\"width\":473,\"height\":528},{\"@type\":\"BreadcrumbList\",\"@id\":\"https:\/\/dosingpump.shop\/en\/product\/dosing-pump-with-pulse-meter\/#breadcrumb\",\"itemListElement\":[{\"@type\":\"ListItem\",\"position\":1,\"name\":\"Home\",\"item\":\"https:\/\/dosingpump.shop\/\"},{\"@type\":\"ListItem\",\"position\":2,\"name\":\"Shop\",\"item\":\"https:\/\/dosingpump.shop\/de\/shop\/\"},{\"@type\":\"ListItem\",\"position\":3,\"name\":\"Doseerpomp met watermeter met pulsgever\"}]},{\"@type\":\"WebSite\",\"@id\":\"https:\/\/dosingpump.shop\/de\/#website\",\"url\":\"https:\/\/dosingpump.shop\/de\/\",\"name\":\"Dosing Pump Shop B.V.\",\"description\":\"\",\"publisher\":{\"@id\":\"https:\/\/dosingpump.shop\/de\/#organization\"},\"potentialAction\":[{\"@type\":\"SearchAction\",\"target\":{\"@type\":\"EntryPoint\",\"urlTemplate\":\"https:\/\/dosingpump.shop\/de\/?s={search_term_string}\"},\"query-input\":{\"@type\":\"PropertyValueSpecification\",\"valueRequired\":true,\"valueName\":\"search_term_string\"}}],\"inLanguage\":\"et\"},{\"@type\":\"Organization\",\"@id\":\"https:\/\/dosingpump.shop\/de\/#organization\",\"name\":\"Dosing Pump Shop B.V.\",\"url\":\"https:\/\/dosingpump.shop\/de\/\",\"logo\":{\"@type\":\"ImageObject\",\"inLanguage\":\"et\",\"@id\":\"https:\/\/dosingpump.shop\/de\/#\/schema\/logo\/image\/\",\"url\":\"https:\/\/dosingpump.shop\/wp-content\/uploads\/2024\/10\/Dosing-Pump-Shop-logo.png\",\"contentUrl\":\"https:\/\/dosingpump.shop\/wp-content\/uploads\/2024\/10\/Dosing-Pump-Shop-logo.png\",\"width\":350,\"height\":45,\"caption\":\"Dosing Pump Shop B.V.\"},\"image\":{\"@id\":\"https:\/\/dosingpump.shop\/de\/#\/schema\/logo\/image\/\"},\"sameAs\":[\"https:\/\/linkedin.com\/company\/dosing-pump-shop\"]}]}<\/script>\n<meta property=\"product:price:amount\" content=\"568.00\" \/>\n<meta property=\"product:price:currency\" content=\"EUR\" \/>\n<meta property=\"og:availability\" content=\"instock\" \/>\n<meta property=\"product:availability\" content=\"instock\" \/>\n<meta property=\"product:condition\" content=\"new\" \/>\n<!-- \/ Yoast SEO plugin. -->","yoast_head_json":{"title":"Impulssl\u00fclitusega veem\u00f5\u00f5turiga doseerimispump | Dosing Pump Shop B.V.","description":"See impulssgeneraatoriga veem\u00f5\u00f5tjaga doseerimispump sobib suurep\u00e4raselt n\u00e4iteks 1% toote doseerimiseks veetorusse. Vaata toodet.","robots":{"index":"index","follow":"follow","max-snippet":"max-snippet:-1","max-image-preview":"max-image-preview:large","max-video-preview":"max-video-preview:-1"},"canonical":"https:\/\/dosingpump.shop\/ee\/toode-2\/impulsimooturiga-doseerimispump\/","og_locale":"et_EE","og_type":"article","og_title":"Doseerpomp met Watermeter met Pulsgever | Dosing Pump Shop B.V.","og_description":"Deze doseerpomp met watermeter met pulsgever is perfect voor het doseren van bijvoorbeeld 1% product aan een waterleiding. Bekijk product.","og_url":"https:\/\/dosingpump.shop\/ee\/toode-2\/impulsimooturiga-doseerimispump\/","og_site_name":"Dosing Pump Shop B.V.","article_modified_time":"2026-02-27T12:49:16+00:00","og_image":[{"width":473,"height":528,"url":"https:\/\/dosingpump.shop\/wp-content\/uploads\/2024\/12\/Doseerpomp-met-watermeter-met-pulsgever.webp","type":"image\/webp"}],"twitter_card":"summary_large_image","twitter_misc":{"Price":"&euro;568,00","Availability":"In stock"},"schema":{"@context":"https:\/\/schema.org","@graph":[{"@type":"WebPage","@id":"https:\/\/dosingpump.shop\/en\/product\/dosing-pump-with-pulse-meter\/","url":"https:\/\/dosingpump.shop\/en\/product\/dosing-pump-with-pulse-meter\/","name":"Impulssl\u00fclitusega veem\u00f5\u00f5turiga doseerimispump | Dosing Pump Shop B.V.","isPartOf":{"@id":"https:\/\/dosingpump.shop\/de\/#website"},"primaryImageOfPage":{"@id":"https:\/\/dosingpump.shop\/en\/product\/dosing-pump-with-pulse-meter\/#primaryimage"},"image":{"@id":"https:\/\/dosingpump.shop\/en\/product\/dosing-pump-with-pulse-meter\/#primaryimage"},"thumbnailUrl":"https:\/\/dosingpump.shop\/wp-content\/uploads\/2024\/12\/Doseerpomp-met-watermeter-met-pulsgever.webp","datePublished":"2024-12-05T12:21:45+00:00","dateModified":"2026-02-27T12:49:16+00:00","description":"See impulssgeneraatoriga veem\u00f5\u00f5tjaga doseerimispump sobib suurep\u00e4raselt n\u00e4iteks 1% toote doseerimiseks veetorusse. Vaata toodet.","breadcrumb":{"@id":"https:\/\/dosingpump.shop\/en\/product\/dosing-pump-with-pulse-meter\/#breadcrumb"},"inLanguage":"et","potentialAction":[{"@type":"ReadAction","target":["https:\/\/dosingpump.shop\/en\/product\/dosing-pump-with-pulse-meter\/"]}]},{"@type":"ImageObject","inLanguage":"et","@id":"https:\/\/dosingpump.shop\/en\/product\/dosing-pump-with-pulse-meter\/#primaryimage","url":"https:\/\/dosingpump.shop\/wp-content\/uploads\/2024\/12\/Doseerpomp-met-watermeter-met-pulsgever.webp","contentUrl":"https:\/\/dosingpump.shop\/wp-content\/uploads\/2024\/12\/Doseerpomp-met-watermeter-met-pulsgever.webp","width":473,"height":528},{"@type":"BreadcrumbList","@id":"https:\/\/dosingpump.shop\/en\/product\/dosing-pump-with-pulse-meter\/#breadcrumb","itemListElement":[{"@type":"ListItem","position":1,"name":"Home","item":"https:\/\/dosingpump.shop\/"},{"@type":"ListItem","position":2,"name":"Shop","item":"https:\/\/dosingpump.shop\/de\/shop\/"},{"@type":"ListItem","position":3,"name":"Doseerpomp met watermeter met pulsgever"}]},{"@type":"WebSite","@id":"https:\/\/dosingpump.shop\/de\/#website","url":"https:\/\/dosingpump.shop\/de\/","name":"Dosing Pump Shop B.V.","description":"","publisher":{"@id":"https:\/\/dosingpump.shop\/de\/#organization"},"potentialAction":[{"@type":"SearchAction","target":{"@type":"EntryPoint","urlTemplate":"https:\/\/dosingpump.shop\/de\/?s={search_term_string}"},"query-input":{"@type":"PropertyValueSpecification","valueRequired":true,"valueName":"search_term_string"}}],"inLanguage":"et"},{"@type":"Organization","@id":"https:\/\/dosingpump.shop\/de\/#organization","name":"Dosing Pump Shop B.V.","url":"https:\/\/dosingpump.shop\/de\/","logo":{"@type":"ImageObject","inLanguage":"et","@id":"https:\/\/dosingpump.shop\/de\/#\/schema\/logo\/image\/","url":"https:\/\/dosingpump.shop\/wp-content\/uploads\/2024\/10\/Dosing-Pump-Shop-logo.png","contentUrl":"https:\/\/dosingpump.shop\/wp-content\/uploads\/2024\/10\/Dosing-Pump-Shop-logo.png","width":350,"height":45,"caption":"Dosing Pump Shop B.V."},"image":{"@id":"https:\/\/dosingpump.shop\/de\/#\/schema\/logo\/image\/"},"sameAs":["https:\/\/linkedin.com\/company\/dosing-pump-shop"]}]},"product_price_amount":"568.00","product_price_currency":"EUR","og_availability":"instock","product_availability":"instock","product_condition":"new"},"_links":{"self":[{"href":"https:\/\/dosingpump.shop\/ee\/wp-json\/wp\/v2\/product\/4027","targetHints":{"allow":["GET"]}}],"collection":[{"href":"https:\/\/dosingpump.shop\/ee\/wp-json\/wp\/v2\/product"}],"about":[{"href":"https:\/\/dosingpump.shop\/ee\/wp-json\/wp\/v2\/types\/product"}],"wp:featuredmedia":[{"embeddable":true,"href":"https:\/\/dosingpump.shop\/ee\/wp-json\/wp\/v2\/media\/4026"}],"wp:attachment":[{"href":"https:\/\/dosingpump.shop\/ee\/wp-json\/wp\/v2\/media?parent=4027"}],"wp:term":[{"taxonomy":"product_brand","embeddable":true,"href":"https:\/\/dosingpump.shop\/ee\/wp-json\/wp\/v2\/product_brand?post=4027"},{"taxonomy":"product_cat","embeddable":true,"href":"https:\/\/dosingpump.shop\/ee\/wp-json\/wp\/v2\/product_cat?post=4027"},{"taxonomy":"product_tag","embeddable":true,"href":"https:\/\/dosingpump.shop\/ee\/wp-json\/wp\/v2\/product_tag?post=4027"}],"curies":[{"name":"wp","href":"https:\/\/api.w.org\/{rel}","templated":true}]}}