{"id":4222,"date":"2024-12-05T12:22:10","date_gmt":"2024-12-05T12:22:10","guid":{"rendered":"https:\/\/dosingpump.shop\/product\/emec-prius-d-mf-doseerpomp\/"},"modified":"2026-03-24T12:52:31","modified_gmt":"2026-03-24T11:52:31","slug":"emec-prius-d-mf-doseerimispump","status":"publish","type":"product","link":"https:\/\/dosingpump.shop\/ee\/product\/emec-prius-d-mf-doseerpomp\/","title":{"rendered":"Emec Prius D MF doseerimispump"},"content":{"rendered":"<h3>Mootorajamiga, suure vooluhulgaga mitmeotstarbeline doseerimispump<\/h3>\n<p>Paljusid protsesse juhib PLC v\u00f5i protsessarvuti. Siis on mugav, et ka doseerimispumpa saab selle abil juhtida. Mootorajamiga Prius D MF v\u00f5ib toota suurt vooluhulka. Kuni ca. <b>1000 liitrit tunnis<\/b> Suhteliselt k\u00f5rge r\u00f5hu juures <b>5 baari<\/b>. See pump on saadaval ka k\u00f5rgsurveversioonina, mis suudab siis anda maksimaalselt 100 baari r\u00f5hku.<\/p>\n<p>N\u00e4idatud hind p\u00f5hineb versioonil Prius D MF 10-60.<\/p>\n<p>T\u00e4nu nendele omadustele on Prius MF laialt kasutatav doseerimislahendus veepuhastusjaamades ja t\u00f6\u00f6stuses. Saadaval olevate materjalide kombinatsiooniga saab ohutult ja t\u00e4pselt doseerida praktiliselt k\u00f5iki vedelikke. Sellel doseerimispumbal on 10 v\u00f5imalikku t\u00f6\u00f6re\u017eiimi, sealhulgas: igan\u00e4dalane taimerdoosimine, impulss, mA, Volt ja Batch, tasemekontroll, h\u00e4iresignaalid, ootere\u017eiim, taimer.<\/p>\n<p>Lisaks multifunktsionaalsele t\u00f6\u00f6re\u017eiimile on k\u00f5igil Prius MF mudelitel topeltklapid, alumiiniumist korpus ja vedru tagastusmehhanism.<\/p>\n<p>MF-seeria Prius raames saame pakkuda j\u00e4rgmisi m\u00f5\u00f5tepumpasid, millel on k\u00f5igil oma ainulaadsed omadused:<\/p>\n<ul>\n<li><strong>Prius D MF<\/strong>: Standardmudel, mis on varustatud PTFE-membraaniga ja v\u00f5ib pakkuda v\u00f5imsust <b>kuni 1000 liitrit tunnis<\/b>.<\/li>\n<li><strong>Prius D MF AP<\/strong>: See v\u00f5ib pakkuda k\u00f5rget r\u00f5hku. Osaliselt t\u00e4nu terasest pumbaotsale (AISI316L) suudab see pump toota r\u00f5hku <b>kuni 100 baari<\/b>.<\/li>\n<li><strong>Prius P MF<\/strong>: See mudel kasutab <b>Roostevabast terasest v\u00f5i keraamiline kolb<\/b> ja see muudab selle doseerimispumba v\u00e4ga sobivaks k\u00f5rge temperatuuriga vedelike doseerimiseks.<\/li>\n<\/ul>\n<p>\u00d5ige doseerimispumba valimine on sageli keeruline \u00fclesanne. Laske meil aidata! V\u00f5tke meiega \u00fchendust ja me asume teie heaks t\u00f6\u00f6le.<\/p>","protected":false},"excerpt":{"rendered":"<ul>\n<li>Multifunktsionaalne mootoriga m\u00f5\u00f5tepump suure vooluhulga jaoks.<\/li>\n<li>Kuni 1000 liitrit tunnis 2 baari juures.<\/li>\n<li>T\u00e4ielik PTFE-membraan.<\/li>\n<li>Sobib juhtimiseks 4-20mA, volti v\u00f5i impulsi kaudu.<\/li>\n<li>230V toiteallikas.<\/li>\n<li>Konstruktsioon: Prius D MF 10-60 PVDF-pumbaotsaga.<\/li>\n<\/ul>","protected":false},"featured_media":8787,"template":"","meta":[],"product_brand":[],"product_cat":[17,18],"product_tag":[],"class_list":{"0":"post-4222","1":"product","2":"type-product","3":"status-publish","4":"has-post-thumbnail","6":"product_cat-doseerpompen","7":"product_cat-motorgedreven","8":"product_shipping_class-priusmf","10":"first","11":"instock","12":"taxable","13":"shipping-taxable","14":"purchasable","15":"product-type-simple"},"yoast_head":"<!-- This site is optimized with the Yoast SEO plugin v27.2 - https:\/\/yoast.com\/product\/yoast-seo-wordpress\/ -->\n<title>Emec Prius D MF Doseerpomp | Dosing Pump Shop B.V.<\/title>\n<meta name=\"description\" content=\"De Emec Prius D MF serie is een multifunctionele doseerpomp voor dosering van vloeistoffen in grote volumes. Bezoek de webshop.\" \/>\n<meta name=\"robots\" content=\"index, follow, max-snippet:-1, max-image-preview:large, max-video-preview:-1\" \/>\n<link rel=\"canonical\" href=\"https:\/\/dosingpump.shop\/ee\/toode-2\/emec-prius-d-mf-doseerimispump\/\" \/>\n<meta property=\"og:locale\" content=\"et_EE\" \/>\n<meta property=\"og:type\" content=\"article\" \/>\n<meta property=\"og:title\" content=\"Emec Prius D MF Doseerpomp | Dosing Pump Shop B.V.\" \/>\n<meta property=\"og:description\" content=\"De Emec Prius D MF serie is een multifunctionele doseerpomp voor dosering van vloeistoffen in grote volumes. Bezoek de webshop.\" \/>\n<meta property=\"og:url\" content=\"https:\/\/dosingpump.shop\/ee\/toode-2\/emec-prius-d-mf-doseerimispump\/\" \/>\n<meta property=\"og:site_name\" content=\"Dosing Pump Shop B.V.\" \/>\n<meta property=\"article:modified_time\" content=\"2026-03-24T11:52:31+00:00\" \/>\n<meta property=\"og:image\" content=\"https:\/\/dosingpump.shop\/wp-content\/uploads\/2024\/12\/Emec-Prius-D-MF-Motor-Gedreven-Doseerpomp.png\" \/>\n\t<meta property=\"og:image:width\" content=\"600\" \/>\n\t<meta property=\"og:image:height\" content=\"600\" \/>\n\t<meta property=\"og:image:type\" content=\"image\/png\" \/>\n<meta name=\"twitter:card\" content=\"summary_large_image\" \/>\n<meta name=\"twitter:label1\" content=\"Price\" \/>\n\t<meta name=\"twitter:data1\" content=\"&euro;2.374,00\" \/>\n\t<meta name=\"twitter:label2\" content=\"Availability\" \/>\n\t<meta name=\"twitter:data2\" content=\"In stock\" \/>\n<script type=\"application\/ld+json\" class=\"yoast-schema-graph\">{\"@context\":\"https:\/\/schema.org\",\"@graph\":[{\"@type\":\"WebPage\",\"@id\":\"https:\/\/dosingpump.shop\/product\/emec-prius-d-mf-doseerpomp\/\",\"url\":\"https:\/\/dosingpump.shop\/product\/emec-prius-d-mf-doseerpomp\/\",\"name\":\"Emec Prius D MF Doseerpomp | Dosing Pump Shop B.V.\",\"isPartOf\":{\"@id\":\"https:\/\/dosingpump.shop\/de\/#website\"},\"primaryImageOfPage\":{\"@id\":\"https:\/\/dosingpump.shop\/product\/emec-prius-d-mf-doseerpomp\/#primaryimage\"},\"image\":{\"@id\":\"https:\/\/dosingpump.shop\/product\/emec-prius-d-mf-doseerpomp\/#primaryimage\"},\"thumbnailUrl\":\"https:\/\/dosingpump.shop\/wp-content\/uploads\/2024\/12\/Emec-Prius-D-MF-Motor-Gedreven-Doseerpomp.webp\",\"datePublished\":\"2024-12-05T12:22:10+00:00\",\"dateModified\":\"2026-03-24T11:52:31+00:00\",\"description\":\"De Emec Prius D MF serie is een multifunctionele doseerpomp voor dosering van vloeistoffen in grote volumes. Bezoek de webshop.\",\"breadcrumb\":{\"@id\":\"https:\/\/dosingpump.shop\/product\/emec-prius-d-mf-doseerpomp\/#breadcrumb\"},\"inLanguage\":\"et\",\"potentialAction\":[{\"@type\":\"ReadAction\",\"target\":[\"https:\/\/dosingpump.shop\/product\/emec-prius-d-mf-doseerpomp\/\"]}]},{\"@type\":\"ImageObject\",\"inLanguage\":\"et\",\"@id\":\"https:\/\/dosingpump.shop\/product\/emec-prius-d-mf-doseerpomp\/#primaryimage\",\"url\":\"https:\/\/dosingpump.shop\/wp-content\/uploads\/2024\/12\/Emec-Prius-D-MF-Motor-Gedreven-Doseerpomp.webp\",\"contentUrl\":\"https:\/\/dosingpump.shop\/wp-content\/uploads\/2024\/12\/Emec-Prius-D-MF-Motor-Gedreven-Doseerpomp.webp\",\"width\":600,\"height\":600},{\"@type\":\"BreadcrumbList\",\"@id\":\"https:\/\/dosingpump.shop\/product\/emec-prius-d-mf-doseerpomp\/#breadcrumb\",\"itemListElement\":[{\"@type\":\"ListItem\",\"position\":1,\"name\":\"Home\",\"item\":\"https:\/\/dosingpump.shop\/\"},{\"@type\":\"ListItem\",\"position\":2,\"name\":\"Shop\",\"item\":\"https:\/\/dosingpump.shop\/de\/shop\/\"},{\"@type\":\"ListItem\",\"position\":3,\"name\":\"Emec Prius D MF Doseerpomp\"}]},{\"@type\":\"WebSite\",\"@id\":\"https:\/\/dosingpump.shop\/de\/#website\",\"url\":\"https:\/\/dosingpump.shop\/de\/\",\"name\":\"Dosing Pump Shop B.V.\",\"description\":\"\",\"publisher\":{\"@id\":\"https:\/\/dosingpump.shop\/de\/#organization\"},\"potentialAction\":[{\"@type\":\"SearchAction\",\"target\":{\"@type\":\"EntryPoint\",\"urlTemplate\":\"https:\/\/dosingpump.shop\/de\/?s={search_term_string}\"},\"query-input\":{\"@type\":\"PropertyValueSpecification\",\"valueRequired\":true,\"valueName\":\"search_term_string\"}}],\"inLanguage\":\"et\"},{\"@type\":\"Organization\",\"@id\":\"https:\/\/dosingpump.shop\/de\/#organization\",\"name\":\"Dosing Pump Shop B.V.\",\"url\":\"https:\/\/dosingpump.shop\/de\/\",\"logo\":{\"@type\":\"ImageObject\",\"inLanguage\":\"et\",\"@id\":\"https:\/\/dosingpump.shop\/de\/#\/schema\/logo\/image\/\",\"url\":\"https:\/\/dosingpump.shop\/wp-content\/uploads\/2024\/10\/Dosing-Pump-Shop-logo.png\",\"contentUrl\":\"https:\/\/dosingpump.shop\/wp-content\/uploads\/2024\/10\/Dosing-Pump-Shop-logo.png\",\"width\":350,\"height\":45,\"caption\":\"Dosing Pump Shop B.V.\"},\"image\":{\"@id\":\"https:\/\/dosingpump.shop\/de\/#\/schema\/logo\/image\/\"},\"sameAs\":[\"https:\/\/linkedin.com\/company\/dosing-pump-shop\"]}]}<\/script>\n<meta property=\"product:price:amount\" content=\"2374.00\" \/>\n<meta property=\"product:price:currency\" content=\"EUR\" \/>\n<meta property=\"og:availability\" content=\"instock\" \/>\n<meta property=\"product:availability\" content=\"instock\" \/>\n<meta property=\"product:condition\" content=\"new\" \/>\n<!-- \/ Yoast SEO plugin. -->","yoast_head_json":{"title":"Emec Prius D MF doseerimispump | Dosing Pump Shop B.V.","description":"Emec Prius D MF-seeria on mitmeotstarbeline doseerimispump vedelike suure mahuga doseerimiseks. K\u00fclastage veebipoodi.","robots":{"index":"index","follow":"follow","max-snippet":"max-snippet:-1","max-image-preview":"max-image-preview:large","max-video-preview":"max-video-preview:-1"},"canonical":"https:\/\/dosingpump.shop\/ee\/toode-2\/emec-prius-d-mf-doseerimispump\/","og_locale":"et_EE","og_type":"article","og_title":"Emec Prius D MF Doseerpomp | Dosing Pump Shop B.V.","og_description":"De Emec Prius D MF serie is een multifunctionele doseerpomp voor dosering van vloeistoffen in grote volumes. Bezoek de webshop.","og_url":"https:\/\/dosingpump.shop\/ee\/toode-2\/emec-prius-d-mf-doseerimispump\/","og_site_name":"Dosing Pump Shop B.V.","article_modified_time":"2026-03-24T11:52:31+00:00","og_image":[{"width":600,"height":600,"url":"https:\/\/dosingpump.shop\/wp-content\/uploads\/2024\/12\/Emec-Prius-D-MF-Motor-Gedreven-Doseerpomp.png","type":"image\/png"}],"twitter_card":"summary_large_image","twitter_misc":{"Price":"&euro;2.374,00","Availability":"In stock"},"schema":{"@context":"https:\/\/schema.org","@graph":[{"@type":"WebPage","@id":"https:\/\/dosingpump.shop\/product\/emec-prius-d-mf-doseerpomp\/","url":"https:\/\/dosingpump.shop\/product\/emec-prius-d-mf-doseerpomp\/","name":"Emec Prius D MF doseerimispump | Dosing Pump Shop B.V.","isPartOf":{"@id":"https:\/\/dosingpump.shop\/de\/#website"},"primaryImageOfPage":{"@id":"https:\/\/dosingpump.shop\/product\/emec-prius-d-mf-doseerpomp\/#primaryimage"},"image":{"@id":"https:\/\/dosingpump.shop\/product\/emec-prius-d-mf-doseerpomp\/#primaryimage"},"thumbnailUrl":"https:\/\/dosingpump.shop\/wp-content\/uploads\/2024\/12\/Emec-Prius-D-MF-Motor-Gedreven-Doseerpomp.webp","datePublished":"2024-12-05T12:22:10+00:00","dateModified":"2026-03-24T11:52:31+00:00","description":"Emec Prius D MF-seeria on mitmeotstarbeline doseerimispump vedelike suure mahuga doseerimiseks. K\u00fclastage veebipoodi.","breadcrumb":{"@id":"https:\/\/dosingpump.shop\/product\/emec-prius-d-mf-doseerpomp\/#breadcrumb"},"inLanguage":"et","potentialAction":[{"@type":"ReadAction","target":["https:\/\/dosingpump.shop\/product\/emec-prius-d-mf-doseerpomp\/"]}]},{"@type":"ImageObject","inLanguage":"et","@id":"https:\/\/dosingpump.shop\/product\/emec-prius-d-mf-doseerpomp\/#primaryimage","url":"https:\/\/dosingpump.shop\/wp-content\/uploads\/2024\/12\/Emec-Prius-D-MF-Motor-Gedreven-Doseerpomp.webp","contentUrl":"https:\/\/dosingpump.shop\/wp-content\/uploads\/2024\/12\/Emec-Prius-D-MF-Motor-Gedreven-Doseerpomp.webp","width":600,"height":600},{"@type":"BreadcrumbList","@id":"https:\/\/dosingpump.shop\/product\/emec-prius-d-mf-doseerpomp\/#breadcrumb","itemListElement":[{"@type":"ListItem","position":1,"name":"Home","item":"https:\/\/dosingpump.shop\/"},{"@type":"ListItem","position":2,"name":"Shop","item":"https:\/\/dosingpump.shop\/de\/shop\/"},{"@type":"ListItem","position":3,"name":"Emec Prius D MF Doseerpomp"}]},{"@type":"WebSite","@id":"https:\/\/dosingpump.shop\/de\/#website","url":"https:\/\/dosingpump.shop\/de\/","name":"Dosing Pump Shop B.V.","description":"","publisher":{"@id":"https:\/\/dosingpump.shop\/de\/#organization"},"potentialAction":[{"@type":"SearchAction","target":{"@type":"EntryPoint","urlTemplate":"https:\/\/dosingpump.shop\/de\/?s={search_term_string}"},"query-input":{"@type":"PropertyValueSpecification","valueRequired":true,"valueName":"search_term_string"}}],"inLanguage":"et"},{"@type":"Organization","@id":"https:\/\/dosingpump.shop\/de\/#organization","name":"Dosing Pump Shop B.V.","url":"https:\/\/dosingpump.shop\/de\/","logo":{"@type":"ImageObject","inLanguage":"et","@id":"https:\/\/dosingpump.shop\/de\/#\/schema\/logo\/image\/","url":"https:\/\/dosingpump.shop\/wp-content\/uploads\/2024\/10\/Dosing-Pump-Shop-logo.png","contentUrl":"https:\/\/dosingpump.shop\/wp-content\/uploads\/2024\/10\/Dosing-Pump-Shop-logo.png","width":350,"height":45,"caption":"Dosing Pump Shop B.V."},"image":{"@id":"https:\/\/dosingpump.shop\/de\/#\/schema\/logo\/image\/"},"sameAs":["https:\/\/linkedin.com\/company\/dosing-pump-shop"]}]},"product_price_amount":"2374.00","product_price_currency":"EUR","og_availability":"instock","product_availability":"instock","product_condition":"new"},"_links":{"self":[{"href":"https:\/\/dosingpump.shop\/ee\/wp-json\/wp\/v2\/product\/4222","targetHints":{"allow":["GET"]}}],"collection":[{"href":"https:\/\/dosingpump.shop\/ee\/wp-json\/wp\/v2\/product"}],"about":[{"href":"https:\/\/dosingpump.shop\/ee\/wp-json\/wp\/v2\/types\/product"}],"wp:featuredmedia":[{"embeddable":true,"href":"https:\/\/dosingpump.shop\/ee\/wp-json\/wp\/v2\/media\/8787"}],"wp:attachment":[{"href":"https:\/\/dosingpump.shop\/ee\/wp-json\/wp\/v2\/media?parent=4222"}],"wp:term":[{"taxonomy":"product_brand","embeddable":true,"href":"https:\/\/dosingpump.shop\/ee\/wp-json\/wp\/v2\/product_brand?post=4222"},{"taxonomy":"product_cat","embeddable":true,"href":"https:\/\/dosingpump.shop\/ee\/wp-json\/wp\/v2\/product_cat?post=4222"},{"taxonomy":"product_tag","embeddable":true,"href":"https:\/\/dosingpump.shop\/ee\/wp-json\/wp\/v2\/product_tag?post=4222"}],"curies":[{"name":"wp","href":"https:\/\/api.w.org\/{rel}","templated":true}]}}