{"id":4316,"date":"2024-12-05T12:22:36","date_gmt":"2024-12-05T12:22:36","guid":{"rendered":"https:\/\/dosingpump.shop\/?post_type=product&#038;p=4316"},"modified":"2026-02-27T14:49:26","modified_gmt":"2026-02-27T12:49:26","slug":"sefl-d-vooluandur-4x6-ep-1mtr-bnc","status":"publish","type":"product","link":"https:\/\/dosingpump.shop\/ee\/product\/sefl-d-flow-sensor-4x6-ep-1mtr-bnc\/","title":{"rendered":"SEFL\/D VOOLUANDUR 4X6 EP 1MTR BNC"},"content":{"rendered":"<p>Emec SEFL vooluandurEmec SEFL vooluandur on f\u00fc\u00fcsiline j\u00e4lgimisseade doseerimispumba doseerimiseks. See n\u00e4itab, kas doseerimispump doseerib v\u00f5i mitte. See sobib ideaalselt n\u00e4iteks t\u00f6\u00f6stuslike rakenduste, ujumisbasseinide v\u00f5i aianduse jaoks. Nii olete alati kindel, et doseerimine on \u00f5ige ja probleeme saab v\u00e4ltida. SEFL \u00fchendatakse doseerimispumba v\u00e4ljalaskek\u00fcljele. Kui pump ei doseeri, annab kontakt m\u00e4rku. LED s\u00fcttib siis samuti punaseks. Anduri tundlikkus on reguleeritav. See vooluandur on saadaval koos klambriga v\u00f5i ilma. Koos klambriga saab SEFLi paigaldada vastu seina. Saadaval on ka spetsiaalne klamber doseerimispumba jaoks.Omadused SEFL vooluandur:PVDF v\u00f5i PP v\u00f5i PMMA korpusN.C. kontaktReguleeritav tundlikkusFKM B v\u00f5i EPDM O-r\u00f5ngasLPV versioon saadaval vedelikurakenduste jaoks viskoossusega kuni 8000 cPsMaks 45\u00b0C \/ 25 barVarustatud aktiivsus LEDigaElektriandmed SEFL: Max vool = 0.010 A Max pinge = 24 VAC-DC TakistuskoormusTellimisel PMMA klamber KMS MF v\u00f5i AMS MF paigaldamiseksMaks vooluhulk 150 l\/h - Minimaalne: 1 l\/hBNC-pistik v\u00f5i 2-juhtmeline \u00fchendus saadaval.<\/p>","protected":false},"excerpt":{"rendered":"<p>Emec SEFL flowsensorDe Emec SEFL flowsensor is een fysieke bewaking voor het doseren van een doseerpomp. Hiermee is te zien of de doseerpomp wel of niet doseert. Dit is perfect bij bijvoorbeeld industri\u00eble toepassingen, bij zwembaden of tuinbouw. Op deze manier bent u altijd zeker van de juiste dosering en kunnen problemen worden voorkomen. De [&hellip;]<\/p>\n","protected":false},"featured_media":8303,"template":"","meta":[],"product_brand":[],"product_cat":[34,36],"product_tag":[],"class_list":{"0":"post-4316","1":"product","2":"type-product","3":"status-publish","4":"has-post-thumbnail","6":"product_cat-accessoires","7":"product_cat-flow-sensor","9":"first","10":"instock","11":"taxable","12":"shipping-taxable","13":"purchasable","14":"product-type-simple"},"yoast_head":"<!-- This site is optimized with the Yoast SEO plugin v27.2 - https:\/\/yoast.com\/product\/yoast-seo-wordpress\/ -->\n<title>SEFL\/D FLOW SENSOR 4X6 EP 1MTR BNC | Dosing Pump Shop B.V.<\/title>\n<meta name=\"robots\" content=\"index, follow, max-snippet:-1, max-image-preview:large, max-video-preview:-1\" \/>\n<link rel=\"canonical\" href=\"https:\/\/dosingpump.shop\/ee\/toode-2\/sefl-d-vooluandur-4x6-ep-1mtr-bnc\/\" \/>\n<meta property=\"og:locale\" content=\"et_EE\" \/>\n<meta property=\"og:type\" content=\"article\" \/>\n<meta property=\"og:title\" content=\"SEFL\/D FLOW SENSOR 4X6 EP 1MTR BNC | Dosing Pump Shop B.V.\" \/>\n<meta property=\"og:description\" content=\"Emec SEFL flowsensorDe Emec SEFL flowsensor is een fysieke bewaking voor het doseren van een doseerpomp. Hiermee is te zien of de doseerpomp wel of niet doseert. Dit is perfect bij bijvoorbeeld industri\u00eble toepassingen, bij zwembaden of tuinbouw. Op deze manier bent u altijd zeker van de juiste dosering en kunnen problemen worden voorkomen. De [&hellip;]\" \/>\n<meta property=\"og:url\" content=\"https:\/\/dosingpump.shop\/ee\/toode-2\/sefl-d-vooluandur-4x6-ep-1mtr-bnc\/\" \/>\n<meta property=\"og:site_name\" content=\"Dosing Pump Shop B.V.\" \/>\n<meta property=\"article:modified_time\" content=\"2026-02-27T12:49:26+00:00\" \/>\n<meta property=\"og:image\" content=\"https:\/\/dosingpump.shop\/wp-content\/uploads\/2025\/09\/EMEC_SEFL-D_Dosing_pump_shop.png\" \/>\n\t<meta property=\"og:image:width\" content=\"500\" \/>\n\t<meta property=\"og:image:height\" content=\"500\" \/>\n\t<meta property=\"og:image:type\" content=\"image\/png\" \/>\n<meta name=\"twitter:card\" content=\"summary_large_image\" \/>\n<meta name=\"twitter:label1\" content=\"Price\" \/>\n\t<meta name=\"twitter:data1\" content=\"&euro;157,00\" \/>\n\t<meta name=\"twitter:label2\" content=\"Availability\" \/>\n\t<meta name=\"twitter:data2\" content=\"In stock\" \/>\n<script type=\"application\/ld+json\" class=\"yoast-schema-graph\">{\"@context\":\"https:\/\/schema.org\",\"@graph\":[{\"@type\":\"WebPage\",\"@id\":\"https:\/\/dosingpump.shop\/nl\/product\/sefl-d-flow-sensor-4x6-ep-1mtr-bnc\/\",\"url\":\"https:\/\/dosingpump.shop\/nl\/product\/sefl-d-flow-sensor-4x6-ep-1mtr-bnc\/\",\"name\":\"SEFL\/D FLOW SENSOR 4X6 EP 1MTR BNC | Dosing Pump Shop B.V.\",\"isPartOf\":{\"@id\":\"https:\/\/dosingpump.shop\/de\/#website\"},\"primaryImageOfPage\":{\"@id\":\"https:\/\/dosingpump.shop\/nl\/product\/sefl-d-flow-sensor-4x6-ep-1mtr-bnc\/#primaryimage\"},\"image\":{\"@id\":\"https:\/\/dosingpump.shop\/nl\/product\/sefl-d-flow-sensor-4x6-ep-1mtr-bnc\/#primaryimage\"},\"thumbnailUrl\":\"https:\/\/dosingpump.shop\/wp-content\/uploads\/2025\/09\/EMEC_SEFL-D_Dosing_pump_shop.png\",\"datePublished\":\"2024-12-05T12:22:36+00:00\",\"dateModified\":\"2026-02-27T12:49:26+00:00\",\"breadcrumb\":{\"@id\":\"https:\/\/dosingpump.shop\/nl\/product\/sefl-d-flow-sensor-4x6-ep-1mtr-bnc\/#breadcrumb\"},\"inLanguage\":\"et\",\"potentialAction\":[{\"@type\":\"ReadAction\",\"target\":[\"https:\/\/dosingpump.shop\/nl\/product\/sefl-d-flow-sensor-4x6-ep-1mtr-bnc\/\"]}]},{\"@type\":\"ImageObject\",\"inLanguage\":\"et\",\"@id\":\"https:\/\/dosingpump.shop\/nl\/product\/sefl-d-flow-sensor-4x6-ep-1mtr-bnc\/#primaryimage\",\"url\":\"https:\/\/dosingpump.shop\/wp-content\/uploads\/2025\/09\/EMEC_SEFL-D_Dosing_pump_shop.png\",\"contentUrl\":\"https:\/\/dosingpump.shop\/wp-content\/uploads\/2025\/09\/EMEC_SEFL-D_Dosing_pump_shop.png\",\"width\":500,\"height\":500},{\"@type\":\"BreadcrumbList\",\"@id\":\"https:\/\/dosingpump.shop\/nl\/product\/sefl-d-flow-sensor-4x6-ep-1mtr-bnc\/#breadcrumb\",\"itemListElement\":[{\"@type\":\"ListItem\",\"position\":1,\"name\":\"Home\",\"item\":\"https:\/\/dosingpump.shop\/\"},{\"@type\":\"ListItem\",\"position\":2,\"name\":\"Shop\",\"item\":\"https:\/\/dosingpump.shop\/de\/shop\/\"},{\"@type\":\"ListItem\",\"position\":3,\"name\":\"SEFL\/D FLOW SENSOR 4X6 EP 1MTR BNC\"}]},{\"@type\":\"WebSite\",\"@id\":\"https:\/\/dosingpump.shop\/de\/#website\",\"url\":\"https:\/\/dosingpump.shop\/de\/\",\"name\":\"Dosing Pump Shop B.V.\",\"description\":\"\",\"publisher\":{\"@id\":\"https:\/\/dosingpump.shop\/de\/#organization\"},\"potentialAction\":[{\"@type\":\"SearchAction\",\"target\":{\"@type\":\"EntryPoint\",\"urlTemplate\":\"https:\/\/dosingpump.shop\/de\/?s={search_term_string}\"},\"query-input\":{\"@type\":\"PropertyValueSpecification\",\"valueRequired\":true,\"valueName\":\"search_term_string\"}}],\"inLanguage\":\"et\"},{\"@type\":\"Organization\",\"@id\":\"https:\/\/dosingpump.shop\/de\/#organization\",\"name\":\"Dosing Pump Shop B.V.\",\"url\":\"https:\/\/dosingpump.shop\/de\/\",\"logo\":{\"@type\":\"ImageObject\",\"inLanguage\":\"et\",\"@id\":\"https:\/\/dosingpump.shop\/de\/#\/schema\/logo\/image\/\",\"url\":\"https:\/\/dosingpump.shop\/wp-content\/uploads\/2024\/10\/Dosing-Pump-Shop-logo.png\",\"contentUrl\":\"https:\/\/dosingpump.shop\/wp-content\/uploads\/2024\/10\/Dosing-Pump-Shop-logo.png\",\"width\":350,\"height\":45,\"caption\":\"Dosing Pump Shop B.V.\"},\"image\":{\"@id\":\"https:\/\/dosingpump.shop\/de\/#\/schema\/logo\/image\/\"},\"sameAs\":[\"https:\/\/linkedin.com\/company\/dosing-pump-shop\"]}]}<\/script>\n<meta property=\"product:price:amount\" content=\"157.00\" \/>\n<meta property=\"product:price:currency\" content=\"EUR\" \/>\n<meta property=\"og:availability\" content=\"instock\" \/>\n<meta property=\"product:availability\" content=\"instock\" \/>\n<meta property=\"product:retailer_item_id\" content=\"SEFL D230011SX000\" \/>\n<meta property=\"product:condition\" content=\"new\" \/>\n<!-- \/ Yoast SEO plugin. -->","yoast_head_json":{"title":"SEFL\/D VOOLUANDUR 4X6 EP 1MTR BNC | Dosing Pump Shop B.V.","robots":{"index":"index","follow":"follow","max-snippet":"max-snippet:-1","max-image-preview":"max-image-preview:large","max-video-preview":"max-video-preview:-1"},"canonical":"https:\/\/dosingpump.shop\/ee\/toode-2\/sefl-d-vooluandur-4x6-ep-1mtr-bnc\/","og_locale":"et_EE","og_type":"article","og_title":"SEFL\/D FLOW SENSOR 4X6 EP 1MTR BNC | Dosing Pump Shop B.V.","og_description":"Emec SEFL flowsensorDe Emec SEFL flowsensor is een fysieke bewaking voor het doseren van een doseerpomp. Hiermee is te zien of de doseerpomp wel of niet doseert. Dit is perfect bij bijvoorbeeld industri\u00eble toepassingen, bij zwembaden of tuinbouw. Op deze manier bent u altijd zeker van de juiste dosering en kunnen problemen worden voorkomen. De [&hellip;]","og_url":"https:\/\/dosingpump.shop\/ee\/toode-2\/sefl-d-vooluandur-4x6-ep-1mtr-bnc\/","og_site_name":"Dosing Pump Shop B.V.","article_modified_time":"2026-02-27T12:49:26+00:00","og_image":[{"width":500,"height":500,"url":"https:\/\/dosingpump.shop\/wp-content\/uploads\/2025\/09\/EMEC_SEFL-D_Dosing_pump_shop.png","type":"image\/png"}],"twitter_card":"summary_large_image","twitter_misc":{"Price":"&euro;157,00","Availability":"In stock"},"schema":{"@context":"https:\/\/schema.org","@graph":[{"@type":"WebPage","@id":"https:\/\/dosingpump.shop\/nl\/product\/sefl-d-flow-sensor-4x6-ep-1mtr-bnc\/","url":"https:\/\/dosingpump.shop\/nl\/product\/sefl-d-flow-sensor-4x6-ep-1mtr-bnc\/","name":"SEFL\/D VOOLUANDUR 4X6 EP 1MTR BNC | Dosing Pump Shop B.V.","isPartOf":{"@id":"https:\/\/dosingpump.shop\/de\/#website"},"primaryImageOfPage":{"@id":"https:\/\/dosingpump.shop\/nl\/product\/sefl-d-flow-sensor-4x6-ep-1mtr-bnc\/#primaryimage"},"image":{"@id":"https:\/\/dosingpump.shop\/nl\/product\/sefl-d-flow-sensor-4x6-ep-1mtr-bnc\/#primaryimage"},"thumbnailUrl":"https:\/\/dosingpump.shop\/wp-content\/uploads\/2025\/09\/EMEC_SEFL-D_Dosing_pump_shop.png","datePublished":"2024-12-05T12:22:36+00:00","dateModified":"2026-02-27T12:49:26+00:00","breadcrumb":{"@id":"https:\/\/dosingpump.shop\/nl\/product\/sefl-d-flow-sensor-4x6-ep-1mtr-bnc\/#breadcrumb"},"inLanguage":"et","potentialAction":[{"@type":"ReadAction","target":["https:\/\/dosingpump.shop\/nl\/product\/sefl-d-flow-sensor-4x6-ep-1mtr-bnc\/"]}]},{"@type":"ImageObject","inLanguage":"et","@id":"https:\/\/dosingpump.shop\/nl\/product\/sefl-d-flow-sensor-4x6-ep-1mtr-bnc\/#primaryimage","url":"https:\/\/dosingpump.shop\/wp-content\/uploads\/2025\/09\/EMEC_SEFL-D_Dosing_pump_shop.png","contentUrl":"https:\/\/dosingpump.shop\/wp-content\/uploads\/2025\/09\/EMEC_SEFL-D_Dosing_pump_shop.png","width":500,"height":500},{"@type":"BreadcrumbList","@id":"https:\/\/dosingpump.shop\/nl\/product\/sefl-d-flow-sensor-4x6-ep-1mtr-bnc\/#breadcrumb","itemListElement":[{"@type":"ListItem","position":1,"name":"Home","item":"https:\/\/dosingpump.shop\/"},{"@type":"ListItem","position":2,"name":"Shop","item":"https:\/\/dosingpump.shop\/de\/shop\/"},{"@type":"ListItem","position":3,"name":"SEFL\/D FLOW SENSOR 4X6 EP 1MTR BNC"}]},{"@type":"WebSite","@id":"https:\/\/dosingpump.shop\/de\/#website","url":"https:\/\/dosingpump.shop\/de\/","name":"Dosing Pump Shop B.V.","description":"","publisher":{"@id":"https:\/\/dosingpump.shop\/de\/#organization"},"potentialAction":[{"@type":"SearchAction","target":{"@type":"EntryPoint","urlTemplate":"https:\/\/dosingpump.shop\/de\/?s={search_term_string}"},"query-input":{"@type":"PropertyValueSpecification","valueRequired":true,"valueName":"search_term_string"}}],"inLanguage":"et"},{"@type":"Organization","@id":"https:\/\/dosingpump.shop\/de\/#organization","name":"Dosing Pump Shop B.V.","url":"https:\/\/dosingpump.shop\/de\/","logo":{"@type":"ImageObject","inLanguage":"et","@id":"https:\/\/dosingpump.shop\/de\/#\/schema\/logo\/image\/","url":"https:\/\/dosingpump.shop\/wp-content\/uploads\/2024\/10\/Dosing-Pump-Shop-logo.png","contentUrl":"https:\/\/dosingpump.shop\/wp-content\/uploads\/2024\/10\/Dosing-Pump-Shop-logo.png","width":350,"height":45,"caption":"Dosing Pump Shop B.V."},"image":{"@id":"https:\/\/dosingpump.shop\/de\/#\/schema\/logo\/image\/"},"sameAs":["https:\/\/linkedin.com\/company\/dosing-pump-shop"]}]},"product_price_amount":"157.00","product_price_currency":"EUR","og_availability":"instock","product_availability":"instock","product_retailer_item_id":"SEFL D230011SX000","product_condition":"new"},"_links":{"self":[{"href":"https:\/\/dosingpump.shop\/ee\/wp-json\/wp\/v2\/product\/4316","targetHints":{"allow":["GET"]}}],"collection":[{"href":"https:\/\/dosingpump.shop\/ee\/wp-json\/wp\/v2\/product"}],"about":[{"href":"https:\/\/dosingpump.shop\/ee\/wp-json\/wp\/v2\/types\/product"}],"wp:featuredmedia":[{"embeddable":true,"href":"https:\/\/dosingpump.shop\/ee\/wp-json\/wp\/v2\/media\/8303"}],"wp:attachment":[{"href":"https:\/\/dosingpump.shop\/ee\/wp-json\/wp\/v2\/media?parent=4316"}],"wp:term":[{"taxonomy":"product_brand","embeddable":true,"href":"https:\/\/dosingpump.shop\/ee\/wp-json\/wp\/v2\/product_brand?post=4316"},{"taxonomy":"product_cat","embeddable":true,"href":"https:\/\/dosingpump.shop\/ee\/wp-json\/wp\/v2\/product_cat?post=4316"},{"taxonomy":"product_tag","embeddable":true,"href":"https:\/\/dosingpump.shop\/ee\/wp-json\/wp\/v2\/product_tag?post=4316"}],"curies":[{"name":"wp","href":"https:\/\/api.w.org\/{rel}","templated":true}]}}