{"id":4416,"date":"2024-12-05T12:22:54","date_gmt":"2024-12-05T12:22:54","guid":{"rendered":"https:\/\/dosingpump.shop\/?post_type=product&#038;p=4416"},"modified":"2026-02-27T14:49:30","modified_gmt":"2026-02-27T12:49:30","slug":"kloori-doseerimissusteem-110l","status":"publish","type":"product","link":"https:\/\/dosingpump.shop\/ee\/product\/doseersysteem-voor-chloor-110l\/","title":{"rendered":"Kloori doseerimiss\u00fcsteem 110L"},"content":{"rendered":"<h2>Kloori doseerimiss\u00fcsteem - 110 liitrit<\/h2>\n<p>Selle kloori doseerimiss\u00fcsteemiga on teil k\u00f5ik vajalik kloori ohutuks ja t\u00f5husaks doseerimiseks. Loomulikult oleme m\u00f5elnud keemilise vastupidavuse peale, et erinevad komponendid kestaksid v\u00e4ga kaua.<\/p>\n<p>Kloori mahuti maht on standardselt 110 liitrit. Paak on varustatud imemisliiniga, mis on \u00fchendatud doseerimispumba k\u00fclge. Imemisliinil on tasemekontakt, mis l\u00fclitab pumba v\u00e4lja, kui paak on t\u00fchi. See on kasulik, sest see takistab \u00f5hu sattumist torudesse.<\/p>\n<p>Doseerimispumba v\u00f5ib paigaldada mahutisse.<\/p>\n<p>Selle s\u00fcsteemi komponendid tarnitakse lahtiselt. Kokkupanek on lihtne ja me saame teid selles muidugi toetada.<\/p>\n<h2>Kloori doseerimiss\u00fcsteem:<\/h2>\n<ul>\n<li>110-liitrine kloori paak<\/li>\n<li>Kcl plus 08-08 (8 liitrit\/tunnis - 8 bar) m\u00f5\u00f5tepump reguleeritava l\u00f6\u00f6gipikkuse ja l\u00f6\u00f6gisagedusega<\/li>\n<li>Tasemekontrolliga imemisliin<\/li>\n<li>S\u00fcsteventiil ja doseerimisvoolik<\/li>\n<\/ul>\n<p>Selle jaoks on saadaval valikuline kloori doseerimiss\u00fcsteem:<\/p>\n<ul>\n<li>Kloori mahuti 50, 100, 200, 500 v\u00f5i 1000 liitrit.<\/li>\n<li>Klooripump kuni 80 l\/h (otse paaki paigaldamiseks)<\/li>\n<li>Klooripump kuni 1000 l\/h (paigaldamiseks paagi kohal oleva seina \u00e4\u00e4rde)<\/li>\n<li>4-20 mA juhtimine<\/li>\n<li>Mahuti t\u00e4itepump<\/li>\n<li>Segisti (k\u00e4sitsi v\u00f5i automaatselt)<\/li>\n<li>Asjakohane tilgakate<\/li>\n<li>T\u00e4ielikult kokkupandud tarne<\/li>\n<\/ul>","protected":false},"excerpt":{"rendered":"<p>T\u00e4ielik kloori doseerimiss\u00fcsteem koos mahuti, imemisliiniga ja doseerimispumba. Maht 110 liitrit<\/p>","protected":false},"featured_media":4431,"template":"","meta":[],"product_brand":[],"product_cat":[90],"product_tag":[],"class_list":{"0":"post-4416","1":"product","2":"type-product","3":"status-publish","4":"has-post-thumbnail","6":"product_cat-doseersysteem-chloor","8":"first","9":"instock","10":"taxable","11":"shipping-taxable","12":"purchasable","13":"product-type-simple"},"yoast_head":"<!-- This site is optimized with the Yoast SEO plugin v27.2 - https:\/\/yoast.com\/product\/yoast-seo-wordpress\/ -->\n<title>Doseersysteem voor chloor 110L | Dosing Pump Shop B.V.<\/title>\n<meta name=\"description\" content=\"Compleet Doseersysteem voor chloor 110L met aanzuiglans en doseerpomp. Veilig en effici\u00ebnt chloor doseren in diverse toepassingen. Eenvoudige montage.\" \/>\n<meta name=\"robots\" content=\"index, follow, max-snippet:-1, max-image-preview:large, max-video-preview:-1\" \/>\n<link rel=\"canonical\" href=\"https:\/\/dosingpump.shop\/ee\/toode-2\/kloori-doseerimissusteem-110l\/\" \/>\n<meta property=\"og:locale\" content=\"et_EE\" \/>\n<meta property=\"og:type\" content=\"article\" \/>\n<meta property=\"og:title\" content=\"Doseersysteem voor chloor 110L | Dosing Pump Shop B.V.\" \/>\n<meta property=\"og:description\" content=\"Compleet Doseersysteem voor chloor 110L met aanzuiglans en doseerpomp. Veilig en effici\u00ebnt chloor doseren in diverse toepassingen. Eenvoudige montage.\" \/>\n<meta property=\"og:url\" content=\"https:\/\/dosingpump.shop\/ee\/toode-2\/kloori-doseerimissusteem-110l\/\" \/>\n<meta property=\"og:site_name\" content=\"Dosing Pump Shop B.V.\" \/>\n<meta property=\"article:modified_time\" content=\"2026-02-27T12:49:30+00:00\" \/>\n<meta property=\"og:image\" content=\"https:\/\/dosingpump.shop\/wp-content\/uploads\/2024\/12\/chloor-doseerinstallatie-2.webp\" \/>\n\t<meta property=\"og:image:width\" content=\"500\" \/>\n\t<meta property=\"og:image:height\" content=\"500\" \/>\n\t<meta property=\"og:image:type\" content=\"image\/webp\" \/>\n<meta name=\"twitter:card\" content=\"summary_large_image\" \/>\n<meta name=\"twitter:label1\" content=\"Price\" \/>\n\t<meta name=\"twitter:data1\" content=\"&euro;773,00\" \/>\n\t<meta name=\"twitter:label2\" content=\"Availability\" \/>\n\t<meta name=\"twitter:data2\" content=\"In stock\" \/>\n<script type=\"application\/ld+json\" class=\"yoast-schema-graph\">{\"@context\":\"https:\/\/schema.org\",\"@graph\":[{\"@type\":\"WebPage\",\"@id\":\"https:\/\/dosingpump.shop\/es\/producto\/sistema-de-dosificacion-de-cloro-110l\/\",\"url\":\"https:\/\/dosingpump.shop\/es\/producto\/sistema-de-dosificacion-de-cloro-110l\/\",\"name\":\"Doseersysteem voor chloor 110L | Dosing Pump Shop B.V.\",\"isPartOf\":{\"@id\":\"https:\/\/dosingpump.shop\/de\/#website\"},\"primaryImageOfPage\":{\"@id\":\"https:\/\/dosingpump.shop\/es\/producto\/sistema-de-dosificacion-de-cloro-110l\/#primaryimage\"},\"image\":{\"@id\":\"https:\/\/dosingpump.shop\/es\/producto\/sistema-de-dosificacion-de-cloro-110l\/#primaryimage\"},\"thumbnailUrl\":\"https:\/\/dosingpump.shop\/wp-content\/uploads\/2024\/12\/chloor-doseerinstallatie-2.webp\",\"datePublished\":\"2024-12-05T12:22:54+00:00\",\"dateModified\":\"2026-02-27T12:49:30+00:00\",\"description\":\"Compleet Doseersysteem voor chloor 110L met aanzuiglans en doseerpomp. Veilig en effici\u00ebnt chloor doseren in diverse toepassingen. Eenvoudige montage.\",\"breadcrumb\":{\"@id\":\"https:\/\/dosingpump.shop\/es\/producto\/sistema-de-dosificacion-de-cloro-110l\/#breadcrumb\"},\"inLanguage\":\"et\",\"potentialAction\":[{\"@type\":\"ReadAction\",\"target\":[\"https:\/\/dosingpump.shop\/es\/producto\/sistema-de-dosificacion-de-cloro-110l\/\"]}]},{\"@type\":\"ImageObject\",\"inLanguage\":\"et\",\"@id\":\"https:\/\/dosingpump.shop\/es\/producto\/sistema-de-dosificacion-de-cloro-110l\/#primaryimage\",\"url\":\"https:\/\/dosingpump.shop\/wp-content\/uploads\/2024\/12\/chloor-doseerinstallatie-2.webp\",\"contentUrl\":\"https:\/\/dosingpump.shop\/wp-content\/uploads\/2024\/12\/chloor-doseerinstallatie-2.webp\",\"width\":500,\"height\":500},{\"@type\":\"BreadcrumbList\",\"@id\":\"https:\/\/dosingpump.shop\/es\/producto\/sistema-de-dosificacion-de-cloro-110l\/#breadcrumb\",\"itemListElement\":[{\"@type\":\"ListItem\",\"position\":1,\"name\":\"Home\",\"item\":\"https:\/\/dosingpump.shop\/\"},{\"@type\":\"ListItem\",\"position\":2,\"name\":\"Shop\",\"item\":\"https:\/\/dosingpump.shop\/de\/shop\/\"},{\"@type\":\"ListItem\",\"position\":3,\"name\":\"Doseersysteem voor chloor 110L\"}]},{\"@type\":\"WebSite\",\"@id\":\"https:\/\/dosingpump.shop\/de\/#website\",\"url\":\"https:\/\/dosingpump.shop\/de\/\",\"name\":\"Dosing Pump Shop B.V.\",\"description\":\"\",\"publisher\":{\"@id\":\"https:\/\/dosingpump.shop\/de\/#organization\"},\"potentialAction\":[{\"@type\":\"SearchAction\",\"target\":{\"@type\":\"EntryPoint\",\"urlTemplate\":\"https:\/\/dosingpump.shop\/de\/?s={search_term_string}\"},\"query-input\":{\"@type\":\"PropertyValueSpecification\",\"valueRequired\":true,\"valueName\":\"search_term_string\"}}],\"inLanguage\":\"et\"},{\"@type\":\"Organization\",\"@id\":\"https:\/\/dosingpump.shop\/de\/#organization\",\"name\":\"Dosing Pump Shop B.V.\",\"url\":\"https:\/\/dosingpump.shop\/de\/\",\"logo\":{\"@type\":\"ImageObject\",\"inLanguage\":\"et\",\"@id\":\"https:\/\/dosingpump.shop\/de\/#\/schema\/logo\/image\/\",\"url\":\"https:\/\/dosingpump.shop\/wp-content\/uploads\/2024\/10\/Dosing-Pump-Shop-logo.png\",\"contentUrl\":\"https:\/\/dosingpump.shop\/wp-content\/uploads\/2024\/10\/Dosing-Pump-Shop-logo.png\",\"width\":350,\"height\":45,\"caption\":\"Dosing Pump Shop B.V.\"},\"image\":{\"@id\":\"https:\/\/dosingpump.shop\/de\/#\/schema\/logo\/image\/\"},\"sameAs\":[\"https:\/\/linkedin.com\/company\/dosing-pump-shop\"]}]}<\/script>\n<meta property=\"product:price:amount\" content=\"773.00\" \/>\n<meta property=\"product:price:currency\" content=\"EUR\" \/>\n<meta property=\"og:availability\" content=\"instock\" \/>\n<meta property=\"product:availability\" content=\"instock\" \/>\n<meta property=\"product:retailer_item_id\" content=\"Dos-set-chloor-compl-110\" \/>\n<meta property=\"product:condition\" content=\"new\" \/>\n<!-- \/ Yoast SEO plugin. -->","yoast_head_json":{"title":"Kloori doseerimiss\u00fcsteem 110L | Dosing Pump Shop B.V.","description":"T\u00e4ielik kloori doseerimiss\u00fcsteem 110L koos imemisliiniga ja doseerimispumbaga. Ohutu ja t\u00f5hus kloori doseerimine erinevates rakendustes. Lihtne kokkupanek.","robots":{"index":"index","follow":"follow","max-snippet":"max-snippet:-1","max-image-preview":"max-image-preview:large","max-video-preview":"max-video-preview:-1"},"canonical":"https:\/\/dosingpump.shop\/ee\/toode-2\/kloori-doseerimissusteem-110l\/","og_locale":"et_EE","og_type":"article","og_title":"Doseersysteem voor chloor 110L | Dosing Pump Shop B.V.","og_description":"Compleet Doseersysteem voor chloor 110L met aanzuiglans en doseerpomp. Veilig en effici\u00ebnt chloor doseren in diverse toepassingen. Eenvoudige montage.","og_url":"https:\/\/dosingpump.shop\/ee\/toode-2\/kloori-doseerimissusteem-110l\/","og_site_name":"Dosing Pump Shop B.V.","article_modified_time":"2026-02-27T12:49:30+00:00","og_image":[{"width":500,"height":500,"url":"https:\/\/dosingpump.shop\/wp-content\/uploads\/2024\/12\/chloor-doseerinstallatie-2.webp","type":"image\/webp"}],"twitter_card":"summary_large_image","twitter_misc":{"Price":"&euro;773,00","Availability":"In stock"},"schema":{"@context":"https:\/\/schema.org","@graph":[{"@type":"WebPage","@id":"https:\/\/dosingpump.shop\/es\/producto\/sistema-de-dosificacion-de-cloro-110l\/","url":"https:\/\/dosingpump.shop\/es\/producto\/sistema-de-dosificacion-de-cloro-110l\/","name":"Kloori doseerimiss\u00fcsteem 110L | Dosing Pump Shop B.V.","isPartOf":{"@id":"https:\/\/dosingpump.shop\/de\/#website"},"primaryImageOfPage":{"@id":"https:\/\/dosingpump.shop\/es\/producto\/sistema-de-dosificacion-de-cloro-110l\/#primaryimage"},"image":{"@id":"https:\/\/dosingpump.shop\/es\/producto\/sistema-de-dosificacion-de-cloro-110l\/#primaryimage"},"thumbnailUrl":"https:\/\/dosingpump.shop\/wp-content\/uploads\/2024\/12\/chloor-doseerinstallatie-2.webp","datePublished":"2024-12-05T12:22:54+00:00","dateModified":"2026-02-27T12:49:30+00:00","description":"T\u00e4ielik kloori doseerimiss\u00fcsteem 110L koos imemisliiniga ja doseerimispumbaga. Ohutu ja t\u00f5hus kloori doseerimine erinevates rakendustes. Lihtne kokkupanek.","breadcrumb":{"@id":"https:\/\/dosingpump.shop\/es\/producto\/sistema-de-dosificacion-de-cloro-110l\/#breadcrumb"},"inLanguage":"et","potentialAction":[{"@type":"ReadAction","target":["https:\/\/dosingpump.shop\/es\/producto\/sistema-de-dosificacion-de-cloro-110l\/"]}]},{"@type":"ImageObject","inLanguage":"et","@id":"https:\/\/dosingpump.shop\/es\/producto\/sistema-de-dosificacion-de-cloro-110l\/#primaryimage","url":"https:\/\/dosingpump.shop\/wp-content\/uploads\/2024\/12\/chloor-doseerinstallatie-2.webp","contentUrl":"https:\/\/dosingpump.shop\/wp-content\/uploads\/2024\/12\/chloor-doseerinstallatie-2.webp","width":500,"height":500},{"@type":"BreadcrumbList","@id":"https:\/\/dosingpump.shop\/es\/producto\/sistema-de-dosificacion-de-cloro-110l\/#breadcrumb","itemListElement":[{"@type":"ListItem","position":1,"name":"Home","item":"https:\/\/dosingpump.shop\/"},{"@type":"ListItem","position":2,"name":"Shop","item":"https:\/\/dosingpump.shop\/de\/shop\/"},{"@type":"ListItem","position":3,"name":"Doseersysteem voor chloor 110L"}]},{"@type":"WebSite","@id":"https:\/\/dosingpump.shop\/de\/#website","url":"https:\/\/dosingpump.shop\/de\/","name":"Dosing Pump Shop B.V.","description":"","publisher":{"@id":"https:\/\/dosingpump.shop\/de\/#organization"},"potentialAction":[{"@type":"SearchAction","target":{"@type":"EntryPoint","urlTemplate":"https:\/\/dosingpump.shop\/de\/?s={search_term_string}"},"query-input":{"@type":"PropertyValueSpecification","valueRequired":true,"valueName":"search_term_string"}}],"inLanguage":"et"},{"@type":"Organization","@id":"https:\/\/dosingpump.shop\/de\/#organization","name":"Dosing Pump Shop B.V.","url":"https:\/\/dosingpump.shop\/de\/","logo":{"@type":"ImageObject","inLanguage":"et","@id":"https:\/\/dosingpump.shop\/de\/#\/schema\/logo\/image\/","url":"https:\/\/dosingpump.shop\/wp-content\/uploads\/2024\/10\/Dosing-Pump-Shop-logo.png","contentUrl":"https:\/\/dosingpump.shop\/wp-content\/uploads\/2024\/10\/Dosing-Pump-Shop-logo.png","width":350,"height":45,"caption":"Dosing Pump Shop B.V."},"image":{"@id":"https:\/\/dosingpump.shop\/de\/#\/schema\/logo\/image\/"},"sameAs":["https:\/\/linkedin.com\/company\/dosing-pump-shop"]}]},"product_price_amount":"773.00","product_price_currency":"EUR","og_availability":"instock","product_availability":"instock","product_retailer_item_id":"Dos-set-chloor-compl-110","product_condition":"new"},"_links":{"self":[{"href":"https:\/\/dosingpump.shop\/ee\/wp-json\/wp\/v2\/product\/4416","targetHints":{"allow":["GET"]}}],"collection":[{"href":"https:\/\/dosingpump.shop\/ee\/wp-json\/wp\/v2\/product"}],"about":[{"href":"https:\/\/dosingpump.shop\/ee\/wp-json\/wp\/v2\/types\/product"}],"wp:featuredmedia":[{"embeddable":true,"href":"https:\/\/dosingpump.shop\/ee\/wp-json\/wp\/v2\/media\/4431"}],"wp:attachment":[{"href":"https:\/\/dosingpump.shop\/ee\/wp-json\/wp\/v2\/media?parent=4416"}],"wp:term":[{"taxonomy":"product_brand","embeddable":true,"href":"https:\/\/dosingpump.shop\/ee\/wp-json\/wp\/v2\/product_brand?post=4416"},{"taxonomy":"product_cat","embeddable":true,"href":"https:\/\/dosingpump.shop\/ee\/wp-json\/wp\/v2\/product_cat?post=4416"},{"taxonomy":"product_tag","embeddable":true,"href":"https:\/\/dosingpump.shop\/ee\/wp-json\/wp\/v2\/product_tag?post=4416"}],"curies":[{"name":"wp","href":"https:\/\/api.w.org\/{rel}","templated":true}]}}