{"id":4473,"date":"2024-12-05T12:23:02","date_gmt":"2024-12-05T12:23:02","guid":{"rendered":"https:\/\/dosingpump.shop\/?post_type=product&#038;p=4473"},"modified":"2026-02-27T14:49:32","modified_gmt":"2026-02-27T12:49:32","slug":"lasp4-v-4x6-40cm-inverted-level-punane-2","status":"publish","type":"product","link":"https:\/\/dosingpump.shop\/ee\/product\/lasp4-v-4x6-40cm-inverted-level-red-2\/","title":{"rendered":"LASP4\/V 4X6 40CM INVERTED LEVEL PUNANE"},"content":{"rendered":"<h2><strong>Emec LASP4\/V Imemisliin 40 cm<\/strong><\/h2>\n<p>Enamik Emeci doseerimispumpasid on varustatud jalaventiiliga koos imemisfiltriga. See t\u00f6\u00f6tab h\u00e4sti, kuid on juhtumeid, kus imemisliin t\u00f6\u00f6tab paremini v\u00f5i ohutumalt, n\u00e4iteks kui on olemas segisti v\u00f5i kanistri puhul. Imemisliin on PVC- v\u00f5i PVDF-kilest lants, millel on filter ja tasemel\u00fcliti. \u00d5ige pikkuse valimisel j\u00f5uab imemislatikas trumli v\u00f5i IBC p\u00f5hja ja pumba imemine \u00fchendatakse seej\u00e4rel pumba \u00fclemisse ossa. Kui pump on \u00fchilduv, saab \u00fchendada tasemel\u00fcliti. See l\u00fclitab pumba v\u00e4lja, kui anum on t\u00fchi. Kas otsite teistsugust versiooni? Siis v\u00f5tke meiega \u00fchendust ja k\u00fcsige hinnapakkumist.Rohkem tehnilist teavet? Vaata tehnilise teabe vahekaarti.<\/p>","protected":false},"excerpt":{"rendered":"<p>Emec Imemiskaabel m\u00f5\u00f5tepumbale 40cm. Materjal PVC, O-r\u00f5ngas Fkm b<\/p>","protected":false},"featured_media":0,"template":"","meta":[],"product_brand":[],"product_cat":[87],"product_tag":[],"class_list":{"0":"post-4473","1":"product","2":"type-product","3":"status-publish","5":"product_cat-aanzuiglans-lasp4","7":"first","8":"instock","9":"taxable","10":"shipping-taxable","11":"purchasable","12":"product-type-simple"},"yoast_head":"<!-- This site is optimized with the Yoast SEO plugin v27.2 - https:\/\/yoast.com\/product\/yoast-seo-wordpress\/ -->\n<title>LASP4\/V 4X6 40CM INVERTED LEVEL RED | Dosing Pump Shop B.V.<\/title>\n<meta name=\"robots\" content=\"index, follow, max-snippet:-1, max-image-preview:large, max-video-preview:-1\" \/>\n<link rel=\"canonical\" href=\"https:\/\/dosingpump.shop\/ee\/toode-2\/lasp4-v-4x6-40cm-inverted-level-punane-2\/\" \/>\n<meta property=\"og:locale\" content=\"et_EE\" \/>\n<meta property=\"og:type\" content=\"article\" \/>\n<meta property=\"og:title\" content=\"LASP4\/V 4X6 40CM INVERTED LEVEL RED | Dosing Pump Shop B.V.\" \/>\n<meta property=\"og:description\" content=\"Emec Aanzuiglans voor doseerpomp 40cm. Materiaal PVC, O-ring Fkm b\" \/>\n<meta property=\"og:url\" content=\"https:\/\/dosingpump.shop\/ee\/toode-2\/lasp4-v-4x6-40cm-inverted-level-punane-2\/\" \/>\n<meta property=\"og:site_name\" content=\"Dosing Pump Shop B.V.\" \/>\n<meta property=\"article:modified_time\" content=\"2026-02-27T12:49:32+00:00\" \/>\n<meta name=\"twitter:card\" content=\"summary_large_image\" \/>\n<meta name=\"twitter:label1\" content=\"Price\" \/>\n\t<meta name=\"twitter:data1\" content=\"&euro;135,00\" \/>\n\t<meta name=\"twitter:label2\" content=\"Availability\" \/>\n\t<meta name=\"twitter:data2\" content=\"In stock\" \/>\n<script type=\"application\/ld+json\" class=\"yoast-schema-graph\">{\"@context\":\"https:\/\/schema.org\",\"@graph\":[{\"@type\":\"WebPage\",\"@id\":\"https:\/\/dosingpump.shop\/product\/lasp4-v-4x6-40cm-inverted-level-red-2\/\",\"url\":\"https:\/\/dosingpump.shop\/product\/lasp4-v-4x6-40cm-inverted-level-red-2\/\",\"name\":\"LASP4\/V 4X6 40CM INVERTED LEVEL RED | Dosing Pump Shop B.V.\",\"isPartOf\":{\"@id\":\"https:\/\/dosingpump.shop\/de\/#website\"},\"datePublished\":\"2024-12-05T12:23:02+00:00\",\"dateModified\":\"2026-02-27T12:49:32+00:00\",\"breadcrumb\":{\"@id\":\"https:\/\/dosingpump.shop\/product\/lasp4-v-4x6-40cm-inverted-level-red-2\/#breadcrumb\"},\"inLanguage\":\"et\",\"potentialAction\":[{\"@type\":\"ReadAction\",\"target\":[\"https:\/\/dosingpump.shop\/product\/lasp4-v-4x6-40cm-inverted-level-red-2\/\"]}]},{\"@type\":\"BreadcrumbList\",\"@id\":\"https:\/\/dosingpump.shop\/product\/lasp4-v-4x6-40cm-inverted-level-red-2\/#breadcrumb\",\"itemListElement\":[{\"@type\":\"ListItem\",\"position\":1,\"name\":\"Home\",\"item\":\"https:\/\/dosingpump.shop\/\"},{\"@type\":\"ListItem\",\"position\":2,\"name\":\"Shop\",\"item\":\"https:\/\/dosingpump.shop\/de\/shop\/\"},{\"@type\":\"ListItem\",\"position\":3,\"name\":\"LASP4\/V 4X6 40CM INVERTED LEVEL RED\"}]},{\"@type\":\"WebSite\",\"@id\":\"https:\/\/dosingpump.shop\/de\/#website\",\"url\":\"https:\/\/dosingpump.shop\/de\/\",\"name\":\"Dosing Pump Shop B.V.\",\"description\":\"\",\"publisher\":{\"@id\":\"https:\/\/dosingpump.shop\/de\/#organization\"},\"potentialAction\":[{\"@type\":\"SearchAction\",\"target\":{\"@type\":\"EntryPoint\",\"urlTemplate\":\"https:\/\/dosingpump.shop\/de\/?s={search_term_string}\"},\"query-input\":{\"@type\":\"PropertyValueSpecification\",\"valueRequired\":true,\"valueName\":\"search_term_string\"}}],\"inLanguage\":\"et\"},{\"@type\":\"Organization\",\"@id\":\"https:\/\/dosingpump.shop\/de\/#organization\",\"name\":\"Dosing Pump Shop B.V.\",\"url\":\"https:\/\/dosingpump.shop\/de\/\",\"logo\":{\"@type\":\"ImageObject\",\"inLanguage\":\"et\",\"@id\":\"https:\/\/dosingpump.shop\/de\/#\/schema\/logo\/image\/\",\"url\":\"https:\/\/dosingpump.shop\/wp-content\/uploads\/2024\/10\/Dosing-Pump-Shop-logo.png\",\"contentUrl\":\"https:\/\/dosingpump.shop\/wp-content\/uploads\/2024\/10\/Dosing-Pump-Shop-logo.png\",\"width\":350,\"height\":45,\"caption\":\"Dosing Pump Shop B.V.\"},\"image\":{\"@id\":\"https:\/\/dosingpump.shop\/de\/#\/schema\/logo\/image\/\"},\"sameAs\":[\"https:\/\/linkedin.com\/company\/dosing-pump-shop\"]}]}<\/script>\n<meta property=\"product:price:amount\" content=\"135.00\" \/>\n<meta property=\"product:price:currency\" content=\"EUR\" \/>\n<meta property=\"og:availability\" content=\"instock\" \/>\n<meta property=\"product:availability\" content=\"instock\" \/>\n<meta property=\"product:retailer_item_id\" content=\"LASP4V04031Z235000R\" \/>\n<meta property=\"product:condition\" content=\"new\" \/>\n<!-- \/ Yoast SEO plugin. -->","yoast_head_json":{"title":"LASP4\/V 4X6 40CM INVERTED LEVEL RED | Dosing Pump Shop B.V.","robots":{"index":"index","follow":"follow","max-snippet":"max-snippet:-1","max-image-preview":"max-image-preview:large","max-video-preview":"max-video-preview:-1"},"canonical":"https:\/\/dosingpump.shop\/ee\/toode-2\/lasp4-v-4x6-40cm-inverted-level-punane-2\/","og_locale":"et_EE","og_type":"article","og_title":"LASP4\/V 4X6 40CM INVERTED LEVEL RED | Dosing Pump Shop B.V.","og_description":"Emec Aanzuiglans voor doseerpomp 40cm. Materiaal PVC, O-ring Fkm b","og_url":"https:\/\/dosingpump.shop\/ee\/toode-2\/lasp4-v-4x6-40cm-inverted-level-punane-2\/","og_site_name":"Dosing Pump Shop B.V.","article_modified_time":"2026-02-27T12:49:32+00:00","twitter_card":"summary_large_image","twitter_misc":{"Price":"&euro;135,00","Availability":"In stock"},"schema":{"@context":"https:\/\/schema.org","@graph":[{"@type":"WebPage","@id":"https:\/\/dosingpump.shop\/product\/lasp4-v-4x6-40cm-inverted-level-red-2\/","url":"https:\/\/dosingpump.shop\/product\/lasp4-v-4x6-40cm-inverted-level-red-2\/","name":"LASP4\/V 4X6 40CM INVERTED LEVEL RED | Dosing Pump Shop B.V.","isPartOf":{"@id":"https:\/\/dosingpump.shop\/de\/#website"},"datePublished":"2024-12-05T12:23:02+00:00","dateModified":"2026-02-27T12:49:32+00:00","breadcrumb":{"@id":"https:\/\/dosingpump.shop\/product\/lasp4-v-4x6-40cm-inverted-level-red-2\/#breadcrumb"},"inLanguage":"et","potentialAction":[{"@type":"ReadAction","target":["https:\/\/dosingpump.shop\/product\/lasp4-v-4x6-40cm-inverted-level-red-2\/"]}]},{"@type":"BreadcrumbList","@id":"https:\/\/dosingpump.shop\/product\/lasp4-v-4x6-40cm-inverted-level-red-2\/#breadcrumb","itemListElement":[{"@type":"ListItem","position":1,"name":"Home","item":"https:\/\/dosingpump.shop\/"},{"@type":"ListItem","position":2,"name":"Shop","item":"https:\/\/dosingpump.shop\/de\/shop\/"},{"@type":"ListItem","position":3,"name":"LASP4\/V 4X6 40CM INVERTED LEVEL RED"}]},{"@type":"WebSite","@id":"https:\/\/dosingpump.shop\/de\/#website","url":"https:\/\/dosingpump.shop\/de\/","name":"Dosing Pump Shop B.V.","description":"","publisher":{"@id":"https:\/\/dosingpump.shop\/de\/#organization"},"potentialAction":[{"@type":"SearchAction","target":{"@type":"EntryPoint","urlTemplate":"https:\/\/dosingpump.shop\/de\/?s={search_term_string}"},"query-input":{"@type":"PropertyValueSpecification","valueRequired":true,"valueName":"search_term_string"}}],"inLanguage":"et"},{"@type":"Organization","@id":"https:\/\/dosingpump.shop\/de\/#organization","name":"Dosing Pump Shop B.V.","url":"https:\/\/dosingpump.shop\/de\/","logo":{"@type":"ImageObject","inLanguage":"et","@id":"https:\/\/dosingpump.shop\/de\/#\/schema\/logo\/image\/","url":"https:\/\/dosingpump.shop\/wp-content\/uploads\/2024\/10\/Dosing-Pump-Shop-logo.png","contentUrl":"https:\/\/dosingpump.shop\/wp-content\/uploads\/2024\/10\/Dosing-Pump-Shop-logo.png","width":350,"height":45,"caption":"Dosing Pump Shop B.V."},"image":{"@id":"https:\/\/dosingpump.shop\/de\/#\/schema\/logo\/image\/"},"sameAs":["https:\/\/linkedin.com\/company\/dosing-pump-shop"]}]},"product_price_amount":"135.00","product_price_currency":"EUR","og_availability":"instock","product_availability":"instock","product_retailer_item_id":"LASP4V04031Z235000R","product_condition":"new"},"_links":{"self":[{"href":"https:\/\/dosingpump.shop\/ee\/wp-json\/wp\/v2\/product\/4473","targetHints":{"allow":["GET"]}}],"collection":[{"href":"https:\/\/dosingpump.shop\/ee\/wp-json\/wp\/v2\/product"}],"about":[{"href":"https:\/\/dosingpump.shop\/ee\/wp-json\/wp\/v2\/types\/product"}],"wp:attachment":[{"href":"https:\/\/dosingpump.shop\/ee\/wp-json\/wp\/v2\/media?parent=4473"}],"wp:term":[{"taxonomy":"product_brand","embeddable":true,"href":"https:\/\/dosingpump.shop\/ee\/wp-json\/wp\/v2\/product_brand?post=4473"},{"taxonomy":"product_cat","embeddable":true,"href":"https:\/\/dosingpump.shop\/ee\/wp-json\/wp\/v2\/product_cat?post=4473"},{"taxonomy":"product_tag","embeddable":true,"href":"https:\/\/dosingpump.shop\/ee\/wp-json\/wp\/v2\/product_tag?post=4473"}],"curies":[{"name":"wp","href":"https:\/\/api.w.org\/{rel}","templated":true}]}}