{"id":4798,"date":"2024-12-05T12:23:47","date_gmt":"2024-12-05T12:23:47","guid":{"rendered":"https:\/\/dosingpump.shop\/product\/doseerpomp-voor-nikkel-ii-acetaat\/"},"modified":"2026-02-27T14:49:46","modified_gmt":"2026-02-27T12:49:46","slug":"nikkel-ii-atsetaadi-doseerimispump","status":"publish","type":"product","link":"https:\/\/dosingpump.shop\/ee\/product\/doseerpomp-voor-nikkel-ii-acetaat\/","title":{"rendered":"Nikkel II atsetaadi doseerimispump"},"content":{"rendered":"<h2>Nikkel II atsetaadi doseerimispump<\/h2>\n<p>See kvaliteetne Emeci doseerimispump sobib nikkel-II atsetaadi doseerimiseks. Oleme valinud selle pumba selle toote jaoks kasutatavate materjalide hea vastupidavuse t\u00f5ttu. See tagab <b>pikk eluiga<\/b> ja turvaline t\u00f6\u00f6keskkond.<\/p>\n<p>KCL plus 08-08 dosaatorpumbal on <b>reguleeritav l\u00f6\u00f6gimaht ja reguleeritav l\u00f6\u00f6gisagedus<\/b>. See keemiline pump on seega <b>v\u00e4ga t\u00e4pne reguleerimine<\/b>.<\/p>\n<p>Pump tuleb v\u00e4ga komplektne. Seega on kaasas imufilter ja sissepritseklapp.<\/p>\n<p>KCL plus 08-08 suudab doseerida kuni 8 liitrit tunnis 8 baari r\u00f5hu juures. Pump on k\u00e4sitsi reguleeritav ja seda saab soovi korral juhtida 230 V toitepinge kaudu. Loomulikult on saadaval ka teisi doseerimispumba mudeleid.<\/p>\n<h3>Muud versioonid Nikkel II atsetaadi doseerimispump Nikkel II atsetaadi doseerimispump<\/h3>\n<p>See doseerimispump on saadaval erinevates versioonides. N\u00e4iteks on v\u00f5imalik tarnida MF-versiooni, mida saab juhtida 4-20 mA, impulsi v\u00f5i 0-10V kaudu. Ka suurem vooluhulk ei ole probleemiks. V\u00f5imalik on tarnida pumpa, mida saab juhtida kuni <b>1000 liitrit tunnis<\/b> saab doseerida. R\u00f5hu v\u00f5i toitepinge osas on muidugi ka rohkem v\u00f5imalusi.<\/p>\n<h3>Milliseid materjale soovitame nikkel-II atsetaadi doseerimiseks?<\/h3>\n<p>Meil Dosing Pump Shop-l on suur valik erinevate materjalidega doseerimispumba osi, nii et me saame kohandada iga doseerimispumba \u00f5igele vastupidavusele. Aseetaldeh\u00fc\u00fcdi doseerimiseks soovitame j\u00e4rgmisi osi ja materjale:<\/p>\n<p><b>Pumba pea<\/b><\/p>\n<ul>\n<li>PVDF<\/li>\n<li>PP<\/li>\n<li>Roostevaba teras (SS 316)<\/li>\n<li>PMMA<\/li>\n<\/ul>\n<p><b>O-r\u00f5ngas<\/b><\/p>\n<ul>\n<li>EPDM<\/li>\n<\/ul>\n<p><b>Membraan<\/b><\/p>\n<ul>\n<li>PFTE (teflon)<\/li>\n<\/ul>\n<p><b>Doseerimisvoolik<\/b><\/p>\n<ul>\n<li>PE<\/li>\n<li>PVC<\/li>\n<li>PVDF<\/li>\n<\/ul>\n<p><em>Aseetaldeh\u00fc\u00fcdi suhtes piiratud vastupidavusega osad on vastupidavad, kuid pidage meeles, et siis peate seda osa korrap\u00e4rasemalt v\u00e4lja vahetama.<\/em><\/p>\n<h3>Uudishimulikud v\u00f5imaluste kohta?<\/h3>\n<p>K\u00f5ige mugavam on v\u00f5tta \u00fchendust. Seej\u00e4rel saame teie n\u00f5uded t\u00f5lkida, et j\u00f5uda \u00f5ige doseerimispumba nikkel-II atsetaadi jaoks!<\/p>","protected":false},"excerpt":{"rendered":"<p>Nikkel-II-atsetaadi ((CH3COO)2Ni) ohutuks ja t\u00e4pseks doseerimiseks. alates t\u00e4psetest doseerimisrakendustest (10 ml\/tunnis) kuni suurte rakendusten kuni 1000 liitriteni tunnis (s\u00f5ltuvalt versioonist).<\/p>\n<p>Versioon: K CL PLUS 08-08 v\u00f5i sarnane.<br \/>Vajadus teise versiooni j\u00e4rele? K\u00fcsi hinnapakkumist!<\/p>","protected":false},"featured_media":4072,"template":"","meta":[],"product_brand":[],"product_cat":[94],"product_tag":[],"class_list":{"0":"post-4798","1":"product","2":"type-product","3":"status-publish","4":"has-post-thumbnail","6":"product_cat-chemical-compatibility","8":"first","9":"instock","10":"taxable","11":"shipping-taxable","12":"purchasable","13":"product-type-simple"},"yoast_head":"<!-- This site is optimized with the Yoast SEO plugin v27.2 - https:\/\/yoast.com\/product\/yoast-seo-wordpress\/ -->\n<title>Doseerpomp voor Nikkel-II-acetaat | Dosing Pump Shop B.V.<\/title>\n<meta name=\"description\" content=\"Nauwkeurige en betrouwbare Doseerpomp voor Nikkel-II-acetaat voor diverse industri\u00eble toepassingen. Eenvoudige installatie en onderhoud.\" \/>\n<meta name=\"robots\" content=\"index, follow, max-snippet:-1, max-image-preview:large, max-video-preview:-1\" \/>\n<link rel=\"canonical\" href=\"https:\/\/dosingpump.shop\/ee\/toode-2\/nikkel-ii-atsetaadi-doseerimispump\/\" \/>\n<meta property=\"og:locale\" content=\"et_EE\" \/>\n<meta property=\"og:type\" content=\"article\" \/>\n<meta property=\"og:title\" content=\"Doseerpomp voor Nikkel-II-acetaat | Dosing Pump Shop B.V.\" \/>\n<meta property=\"og:description\" content=\"Nauwkeurige en betrouwbare Doseerpomp voor Nikkel-II-acetaat voor diverse industri\u00eble toepassingen. Eenvoudige installatie en onderhoud.\" \/>\n<meta property=\"og:url\" content=\"https:\/\/dosingpump.shop\/ee\/toode-2\/nikkel-ii-atsetaadi-doseerimispump\/\" \/>\n<meta property=\"og:site_name\" content=\"Dosing Pump Shop B.V.\" \/>\n<meta property=\"article:modified_time\" content=\"2026-02-27T12:49:46+00:00\" \/>\n<meta property=\"og:image\" content=\"https:\/\/dosingpump.shop\/wp-content\/uploads\/2024\/12\/EMEC-K-SERIE-ANALOG-dosing-pump.webp\" \/>\n\t<meta property=\"og:image:width\" content=\"498\" \/>\n\t<meta property=\"og:image:height\" content=\"501\" \/>\n\t<meta property=\"og:image:type\" content=\"image\/webp\" \/>\n<meta name=\"twitter:card\" content=\"summary_large_image\" \/>\n<meta name=\"twitter:label1\" content=\"Price\" \/>\n\t<meta name=\"twitter:data1\" content=\"&euro;459,00\" \/>\n\t<meta name=\"twitter:label2\" content=\"Availability\" \/>\n\t<meta name=\"twitter:data2\" content=\"In stock\" \/>\n<script type=\"application\/ld+json\" class=\"yoast-schema-graph\">{\"@context\":\"https:\/\/schema.org\",\"@graph\":[{\"@type\":\"WebPage\",\"@id\":\"https:\/\/dosingpump.shop\/product\/doseerpomp-voor-nikkel-ii-acetaat\/\",\"url\":\"https:\/\/dosingpump.shop\/product\/doseerpomp-voor-nikkel-ii-acetaat\/\",\"name\":\"Doseerpomp voor Nikkel-II-acetaat | Dosing Pump Shop B.V.\",\"isPartOf\":{\"@id\":\"https:\/\/dosingpump.shop\/de\/#website\"},\"primaryImageOfPage\":{\"@id\":\"https:\/\/dosingpump.shop\/product\/doseerpomp-voor-nikkel-ii-acetaat\/#primaryimage\"},\"image\":{\"@id\":\"https:\/\/dosingpump.shop\/product\/doseerpomp-voor-nikkel-ii-acetaat\/#primaryimage\"},\"thumbnailUrl\":\"https:\/\/dosingpump.shop\/wp-content\/uploads\/2024\/12\/EMEC-K-SERIE-ANALOG-dosing-pump.webp\",\"datePublished\":\"2024-12-05T12:23:47+00:00\",\"dateModified\":\"2026-02-27T12:49:46+00:00\",\"description\":\"Nauwkeurige en betrouwbare Doseerpomp voor Nikkel-II-acetaat voor diverse industri\u00eble toepassingen. Eenvoudige installatie en onderhoud.\",\"breadcrumb\":{\"@id\":\"https:\/\/dosingpump.shop\/product\/doseerpomp-voor-nikkel-ii-acetaat\/#breadcrumb\"},\"inLanguage\":\"et\",\"potentialAction\":[{\"@type\":\"ReadAction\",\"target\":[\"https:\/\/dosingpump.shop\/product\/doseerpomp-voor-nikkel-ii-acetaat\/\"]}]},{\"@type\":\"ImageObject\",\"inLanguage\":\"et\",\"@id\":\"https:\/\/dosingpump.shop\/product\/doseerpomp-voor-nikkel-ii-acetaat\/#primaryimage\",\"url\":\"https:\/\/dosingpump.shop\/wp-content\/uploads\/2024\/12\/EMEC-K-SERIE-ANALOG-dosing-pump.webp\",\"contentUrl\":\"https:\/\/dosingpump.shop\/wp-content\/uploads\/2024\/12\/EMEC-K-SERIE-ANALOG-dosing-pump.webp\",\"width\":498,\"height\":501},{\"@type\":\"BreadcrumbList\",\"@id\":\"https:\/\/dosingpump.shop\/product\/doseerpomp-voor-nikkel-ii-acetaat\/#breadcrumb\",\"itemListElement\":[{\"@type\":\"ListItem\",\"position\":1,\"name\":\"Home\",\"item\":\"https:\/\/dosingpump.shop\/\"},{\"@type\":\"ListItem\",\"position\":2,\"name\":\"Shop\",\"item\":\"https:\/\/dosingpump.shop\/de\/shop\/\"},{\"@type\":\"ListItem\",\"position\":3,\"name\":\"Doseerpomp voor Nikkel-II-acetaat\"}]},{\"@type\":\"WebSite\",\"@id\":\"https:\/\/dosingpump.shop\/de\/#website\",\"url\":\"https:\/\/dosingpump.shop\/de\/\",\"name\":\"Dosing Pump Shop B.V.\",\"description\":\"\",\"publisher\":{\"@id\":\"https:\/\/dosingpump.shop\/de\/#organization\"},\"potentialAction\":[{\"@type\":\"SearchAction\",\"target\":{\"@type\":\"EntryPoint\",\"urlTemplate\":\"https:\/\/dosingpump.shop\/de\/?s={search_term_string}\"},\"query-input\":{\"@type\":\"PropertyValueSpecification\",\"valueRequired\":true,\"valueName\":\"search_term_string\"}}],\"inLanguage\":\"et\"},{\"@type\":\"Organization\",\"@id\":\"https:\/\/dosingpump.shop\/de\/#organization\",\"name\":\"Dosing Pump Shop B.V.\",\"url\":\"https:\/\/dosingpump.shop\/de\/\",\"logo\":{\"@type\":\"ImageObject\",\"inLanguage\":\"et\",\"@id\":\"https:\/\/dosingpump.shop\/de\/#\/schema\/logo\/image\/\",\"url\":\"https:\/\/dosingpump.shop\/wp-content\/uploads\/2024\/10\/Dosing-Pump-Shop-logo.png\",\"contentUrl\":\"https:\/\/dosingpump.shop\/wp-content\/uploads\/2024\/10\/Dosing-Pump-Shop-logo.png\",\"width\":350,\"height\":45,\"caption\":\"Dosing Pump Shop B.V.\"},\"image\":{\"@id\":\"https:\/\/dosingpump.shop\/de\/#\/schema\/logo\/image\/\"},\"sameAs\":[\"https:\/\/linkedin.com\/company\/dosing-pump-shop\"]}]}<\/script>\n<meta property=\"product:price:amount\" content=\"459.00\" \/>\n<meta property=\"product:price:currency\" content=\"EUR\" \/>\n<meta property=\"og:availability\" content=\"instock\" \/>\n<meta property=\"product:availability\" content=\"instock\" \/>\n<meta property=\"product:retailer_item_id\" content=\"Nikkel-II-acetaat\" \/>\n<meta property=\"product:condition\" content=\"new\" \/>\n<!-- \/ Yoast SEO plugin. -->","yoast_head_json":{"title":"Nikkel-II atsetaadi doseerimispump | Dosing Pump Shop B.V.","description":"T\u00e4pne ja usaldusv\u00e4\u00e4rne nikkel-II atsetaadi doseerimispump erinevateks t\u00f6\u00f6stuslikeks rakendusteks. Lihtne paigaldus ja hooldus.","robots":{"index":"index","follow":"follow","max-snippet":"max-snippet:-1","max-image-preview":"max-image-preview:large","max-video-preview":"max-video-preview:-1"},"canonical":"https:\/\/dosingpump.shop\/ee\/toode-2\/nikkel-ii-atsetaadi-doseerimispump\/","og_locale":"et_EE","og_type":"article","og_title":"Doseerpomp voor Nikkel-II-acetaat | Dosing Pump Shop B.V.","og_description":"Nauwkeurige en betrouwbare Doseerpomp voor Nikkel-II-acetaat voor diverse industri\u00eble toepassingen. Eenvoudige installatie en onderhoud.","og_url":"https:\/\/dosingpump.shop\/ee\/toode-2\/nikkel-ii-atsetaadi-doseerimispump\/","og_site_name":"Dosing Pump Shop B.V.","article_modified_time":"2026-02-27T12:49:46+00:00","og_image":[{"width":498,"height":501,"url":"https:\/\/dosingpump.shop\/wp-content\/uploads\/2024\/12\/EMEC-K-SERIE-ANALOG-dosing-pump.webp","type":"image\/webp"}],"twitter_card":"summary_large_image","twitter_misc":{"Price":"&euro;459,00","Availability":"In stock"},"schema":{"@context":"https:\/\/schema.org","@graph":[{"@type":"WebPage","@id":"https:\/\/dosingpump.shop\/product\/doseerpomp-voor-nikkel-ii-acetaat\/","url":"https:\/\/dosingpump.shop\/product\/doseerpomp-voor-nikkel-ii-acetaat\/","name":"Nikkel-II atsetaadi doseerimispump | Dosing Pump Shop B.V.","isPartOf":{"@id":"https:\/\/dosingpump.shop\/de\/#website"},"primaryImageOfPage":{"@id":"https:\/\/dosingpump.shop\/product\/doseerpomp-voor-nikkel-ii-acetaat\/#primaryimage"},"image":{"@id":"https:\/\/dosingpump.shop\/product\/doseerpomp-voor-nikkel-ii-acetaat\/#primaryimage"},"thumbnailUrl":"https:\/\/dosingpump.shop\/wp-content\/uploads\/2024\/12\/EMEC-K-SERIE-ANALOG-dosing-pump.webp","datePublished":"2024-12-05T12:23:47+00:00","dateModified":"2026-02-27T12:49:46+00:00","description":"T\u00e4pne ja usaldusv\u00e4\u00e4rne nikkel-II atsetaadi doseerimispump erinevateks t\u00f6\u00f6stuslikeks rakendusteks. Lihtne paigaldus ja hooldus.","breadcrumb":{"@id":"https:\/\/dosingpump.shop\/product\/doseerpomp-voor-nikkel-ii-acetaat\/#breadcrumb"},"inLanguage":"et","potentialAction":[{"@type":"ReadAction","target":["https:\/\/dosingpump.shop\/product\/doseerpomp-voor-nikkel-ii-acetaat\/"]}]},{"@type":"ImageObject","inLanguage":"et","@id":"https:\/\/dosingpump.shop\/product\/doseerpomp-voor-nikkel-ii-acetaat\/#primaryimage","url":"https:\/\/dosingpump.shop\/wp-content\/uploads\/2024\/12\/EMEC-K-SERIE-ANALOG-dosing-pump.webp","contentUrl":"https:\/\/dosingpump.shop\/wp-content\/uploads\/2024\/12\/EMEC-K-SERIE-ANALOG-dosing-pump.webp","width":498,"height":501},{"@type":"BreadcrumbList","@id":"https:\/\/dosingpump.shop\/product\/doseerpomp-voor-nikkel-ii-acetaat\/#breadcrumb","itemListElement":[{"@type":"ListItem","position":1,"name":"Home","item":"https:\/\/dosingpump.shop\/"},{"@type":"ListItem","position":2,"name":"Shop","item":"https:\/\/dosingpump.shop\/de\/shop\/"},{"@type":"ListItem","position":3,"name":"Doseerpomp voor Nikkel-II-acetaat"}]},{"@type":"WebSite","@id":"https:\/\/dosingpump.shop\/de\/#website","url":"https:\/\/dosingpump.shop\/de\/","name":"Dosing Pump Shop B.V.","description":"","publisher":{"@id":"https:\/\/dosingpump.shop\/de\/#organization"},"potentialAction":[{"@type":"SearchAction","target":{"@type":"EntryPoint","urlTemplate":"https:\/\/dosingpump.shop\/de\/?s={search_term_string}"},"query-input":{"@type":"PropertyValueSpecification","valueRequired":true,"valueName":"search_term_string"}}],"inLanguage":"et"},{"@type":"Organization","@id":"https:\/\/dosingpump.shop\/de\/#organization","name":"Dosing Pump Shop B.V.","url":"https:\/\/dosingpump.shop\/de\/","logo":{"@type":"ImageObject","inLanguage":"et","@id":"https:\/\/dosingpump.shop\/de\/#\/schema\/logo\/image\/","url":"https:\/\/dosingpump.shop\/wp-content\/uploads\/2024\/10\/Dosing-Pump-Shop-logo.png","contentUrl":"https:\/\/dosingpump.shop\/wp-content\/uploads\/2024\/10\/Dosing-Pump-Shop-logo.png","width":350,"height":45,"caption":"Dosing Pump Shop B.V."},"image":{"@id":"https:\/\/dosingpump.shop\/de\/#\/schema\/logo\/image\/"},"sameAs":["https:\/\/linkedin.com\/company\/dosing-pump-shop"]}]},"product_price_amount":"459.00","product_price_currency":"EUR","og_availability":"instock","product_availability":"instock","product_retailer_item_id":"Nikkel-II-acetaat","product_condition":"new"},"_links":{"self":[{"href":"https:\/\/dosingpump.shop\/ee\/wp-json\/wp\/v2\/product\/4798","targetHints":{"allow":["GET"]}}],"collection":[{"href":"https:\/\/dosingpump.shop\/ee\/wp-json\/wp\/v2\/product"}],"about":[{"href":"https:\/\/dosingpump.shop\/ee\/wp-json\/wp\/v2\/types\/product"}],"wp:featuredmedia":[{"embeddable":true,"href":"https:\/\/dosingpump.shop\/ee\/wp-json\/wp\/v2\/media\/4072"}],"wp:attachment":[{"href":"https:\/\/dosingpump.shop\/ee\/wp-json\/wp\/v2\/media?parent=4798"}],"wp:term":[{"taxonomy":"product_brand","embeddable":true,"href":"https:\/\/dosingpump.shop\/ee\/wp-json\/wp\/v2\/product_brand?post=4798"},{"taxonomy":"product_cat","embeddable":true,"href":"https:\/\/dosingpump.shop\/ee\/wp-json\/wp\/v2\/product_cat?post=4798"},{"taxonomy":"product_tag","embeddable":true,"href":"https:\/\/dosingpump.shop\/ee\/wp-json\/wp\/v2\/product_tag?post=4798"}],"curies":[{"name":"wp","href":"https:\/\/api.w.org\/{rel}","templated":true}]}}