{"id":6042,"date":"2025-01-22T10:34:33","date_gmt":"2025-01-22T10:34:33","guid":{"rendered":"https:\/\/dosingpump.shop\/product\/doseerinstallatie-voor-calciumhypochloriet-gechloreerde-kalk\/"},"modified":"2026-02-27T14:50:01","modified_gmt":"2026-02-27T12:50:01","slug":"kaltsiumhupokloriidiga-klooritud-lubja-doseerimisseade","status":"publish","type":"product","link":"https:\/\/dosingpump.shop\/ee\/product\/doseerinstallatie-voor-calciumhypochloriet-gechloreerde-kalk\/","title":{"rendered":"Kaltsiumh\u00fcpokloriidi (klooritud lubja) doseerimisseade"},"content":{"rendered":"<h3>Kaltsiumh\u00fcpokloriidi doseerimisseade (klooritud lubi) - 50 liitrit<\/h3>\n<p>Selle kaltsiumh\u00fcpokloriidi (klooritud lubja) (Ca(OCl)2) doseerimiss\u00fcsteemiga on olemas k\u00f5ik vajalik kaltsiumh\u00fcpokloriidi (klooritud lubja) ohutuks ja t\u00f5husaks doseerimiseks. Loomulikult oleme m\u00f5elnud keemilise vastupidavuse peale, et erinevad komponendid kestaksid v\u00e4ga kaua.<\/p>\n<p>Mahuti mahutavus on standardselt 50 liitrit. Paak on varustatud imemisliiniga, mis on \u00fchendatud doseerimispumba k\u00fclge. Imemisliinil on tasemekontakt, mis l\u00fclitab pumba v\u00e4lja, kui paak on t\u00fchi. See on mugav, sest see takistab \u00f5hu sattumist torudesse. Doseerimispumba v\u00f5ib paigaldada mahutile. Selle s\u00fcsteemi komponendid tarnitakse eraldi. Paigaldamine on lihtne ja me saame teid selles muidugi toetada.<\/p>\n<h3>Sisu Kaltsiumh\u00fcpokloriidi (klooritud lubja) doseerimisseade<\/h3>\n<ul>\n<li>50-liitrine paak, mis sobib kaltsiumh\u00fcpokloriidi (klooritud lubja) jaoks.<\/li>\n<li>Emec K CL PLUS 08-08 (8 L\/tunnis - 8 Bar) doseerimispump, mille l\u00f6\u00f6gi pikkus ja sagedus on reguleeritav.<\/li>\n<li>taseme reguleerimise funktsiooniga imemisliin<\/li>\n<li>S\u00fcsteventiil ja doseerimisvoolik<\/li>\n<\/ul>\n<p>Selle kloori doseerimiss\u00fcsteemi puhul <b>vabatahtlik<\/b> saadaval:<\/p>\n<ul>\n<li>Suurem paak saadaval alates: 100, 200, 500 v\u00f5i 1000 liitrit.<\/li>\n<li>V\u00f5imsus kuni 80 liitrit tunnis, otse paagile paigutatud pumpade puhul<\/li>\n<li>V\u00f5imsus kuni 1000 liitrit tunnis, kui pumbad on paigutatud paagi kohal oleva seina \u00e4\u00e4rde.<\/li>\n<li>4-20 mA juhtimine<\/li>\n<li>Mahuti t\u00e4itepump<\/li>\n<li>Segisti (k\u00e4sitsi v\u00f5i automaatselt)<\/li>\n<li>Asjakohane tilgakate<\/li>\n<li>T\u00e4ielikult kokkupandud tarne<\/li>\n<\/ul>","protected":false},"excerpt":{"rendered":"<p>T\u00e4ielik kaltsiumh\u00fcpokloriidi (klooritud lubja) doseerimiss\u00fcsteem, mis sisaldab mahutit, imemislaternat ja doseerimispumpa. Maht 50 liitrit.<\/p>","protected":false},"featured_media":4432,"template":"","meta":[],"product_brand":[],"product_cat":[123],"product_tag":[],"class_list":{"0":"post-6042","1":"product","2":"type-product","3":"status-publish","4":"has-post-thumbnail","6":"product_cat-doseerinstallaties-voor-chemicalien","8":"first","9":"instock","10":"taxable","11":"shipping-taxable","12":"purchasable","13":"product-type-simple"},"yoast_head":"<!-- This site is optimized with the Yoast SEO plugin v27.2 - https:\/\/yoast.com\/product\/yoast-seo-wordpress\/ -->\n<title>Doseerinstallatie voor Calciumhypochloriet (gechloreerde kalk) | Dosing Pump Shop B.V.<\/title>\n<meta name=\"description\" content=\"Complete Doseerinstallatie voor Calciumhypochloriet (gechloreerde kalk) incl. tank, aanzuiglans en doseerpomp. Inhoud: 50 liter.\" \/>\n<meta name=\"robots\" content=\"index, follow, max-snippet:-1, max-image-preview:large, max-video-preview:-1\" \/>\n<link rel=\"canonical\" href=\"https:\/\/dosingpump.shop\/ee\/toode-2\/kaltsiumhupokloriidiga-klooritud-lubja-doseerimisseade\/\" \/>\n<meta property=\"og:locale\" content=\"et_EE\" \/>\n<meta property=\"og:type\" content=\"article\" \/>\n<meta property=\"og:title\" content=\"Doseerinstallatie voor Calciumhypochloriet (gechloreerde kalk) | Dosing Pump Shop B.V.\" \/>\n<meta property=\"og:description\" content=\"Complete Doseerinstallatie voor Calciumhypochloriet (gechloreerde kalk) incl. tank, aanzuiglans en doseerpomp. Inhoud: 50 liter.\" \/>\n<meta property=\"og:url\" content=\"https:\/\/dosingpump.shop\/ee\/toode-2\/kaltsiumhupokloriidiga-klooritud-lubja-doseerimisseade\/\" \/>\n<meta property=\"og:site_name\" content=\"Dosing Pump Shop B.V.\" \/>\n<meta property=\"article:modified_time\" content=\"2026-02-27T12:50:01+00:00\" \/>\n<meta property=\"og:image\" content=\"https:\/\/dosingpump.shop\/wp-content\/uploads\/2024\/12\/waterstofperoxide-doseerinstallatie.webp\" \/>\n\t<meta property=\"og:image:width\" content=\"500\" \/>\n\t<meta property=\"og:image:height\" content=\"500\" \/>\n\t<meta property=\"og:image:type\" content=\"image\/webp\" \/>\n<meta name=\"twitter:card\" content=\"summary_large_image\" \/>\n<meta name=\"twitter:label1\" content=\"Price\" \/>\n\t<meta name=\"twitter:data1\" content=\"&euro;757,00\" \/>\n\t<meta name=\"twitter:label2\" content=\"Availability\" \/>\n\t<meta name=\"twitter:data2\" content=\"In stock\" \/>\n<script type=\"application\/ld+json\" class=\"yoast-schema-graph\">{\"@context\":\"https:\/\/schema.org\",\"@graph\":[{\"@type\":\"WebPage\",\"@id\":\"https:\/\/dosingpump.shop\/it\/prodotto\/unita-di-dosaggio-per-ipoclorito-di-calcio-clorurato-a-calce\/\",\"url\":\"https:\/\/dosingpump.shop\/it\/prodotto\/unita-di-dosaggio-per-ipoclorito-di-calcio-clorurato-a-calce\/\",\"name\":\"Doseerinstallatie voor Calciumhypochloriet (gechloreerde kalk) | Dosing Pump Shop B.V.\",\"isPartOf\":{\"@id\":\"https:\/\/dosingpump.shop\/de\/#website\"},\"primaryImageOfPage\":{\"@id\":\"https:\/\/dosingpump.shop\/it\/prodotto\/unita-di-dosaggio-per-ipoclorito-di-calcio-clorurato-a-calce\/#primaryimage\"},\"image\":{\"@id\":\"https:\/\/dosingpump.shop\/it\/prodotto\/unita-di-dosaggio-per-ipoclorito-di-calcio-clorurato-a-calce\/#primaryimage\"},\"thumbnailUrl\":\"https:\/\/dosingpump.shop\/wp-content\/uploads\/2024\/12\/waterstofperoxide-doseerinstallatie.webp\",\"datePublished\":\"2025-01-22T10:34:33+00:00\",\"dateModified\":\"2026-02-27T12:50:01+00:00\",\"description\":\"Complete Doseerinstallatie voor Calciumhypochloriet (gechloreerde kalk) incl. tank, aanzuiglans en doseerpomp. Inhoud: 50 liter.\",\"breadcrumb\":{\"@id\":\"https:\/\/dosingpump.shop\/it\/prodotto\/unita-di-dosaggio-per-ipoclorito-di-calcio-clorurato-a-calce\/#breadcrumb\"},\"inLanguage\":\"et\",\"potentialAction\":[{\"@type\":\"ReadAction\",\"target\":[\"https:\/\/dosingpump.shop\/it\/prodotto\/unita-di-dosaggio-per-ipoclorito-di-calcio-clorurato-a-calce\/\"]}]},{\"@type\":\"ImageObject\",\"inLanguage\":\"et\",\"@id\":\"https:\/\/dosingpump.shop\/it\/prodotto\/unita-di-dosaggio-per-ipoclorito-di-calcio-clorurato-a-calce\/#primaryimage\",\"url\":\"https:\/\/dosingpump.shop\/wp-content\/uploads\/2024\/12\/waterstofperoxide-doseerinstallatie.webp\",\"contentUrl\":\"https:\/\/dosingpump.shop\/wp-content\/uploads\/2024\/12\/waterstofperoxide-doseerinstallatie.webp\",\"width\":500,\"height\":500},{\"@type\":\"BreadcrumbList\",\"@id\":\"https:\/\/dosingpump.shop\/it\/prodotto\/unita-di-dosaggio-per-ipoclorito-di-calcio-clorurato-a-calce\/#breadcrumb\",\"itemListElement\":[{\"@type\":\"ListItem\",\"position\":1,\"name\":\"Home\",\"item\":\"https:\/\/dosingpump.shop\/\"},{\"@type\":\"ListItem\",\"position\":2,\"name\":\"Shop\",\"item\":\"https:\/\/dosingpump.shop\/de\/shop\/\"},{\"@type\":\"ListItem\",\"position\":3,\"name\":\"Doseerinstallatie voor Calciumhypochloriet (gechloreerde kalk)\"}]},{\"@type\":\"WebSite\",\"@id\":\"https:\/\/dosingpump.shop\/de\/#website\",\"url\":\"https:\/\/dosingpump.shop\/de\/\",\"name\":\"Dosing Pump Shop B.V.\",\"description\":\"\",\"publisher\":{\"@id\":\"https:\/\/dosingpump.shop\/de\/#organization\"},\"potentialAction\":[{\"@type\":\"SearchAction\",\"target\":{\"@type\":\"EntryPoint\",\"urlTemplate\":\"https:\/\/dosingpump.shop\/de\/?s={search_term_string}\"},\"query-input\":{\"@type\":\"PropertyValueSpecification\",\"valueRequired\":true,\"valueName\":\"search_term_string\"}}],\"inLanguage\":\"et\"},{\"@type\":\"Organization\",\"@id\":\"https:\/\/dosingpump.shop\/de\/#organization\",\"name\":\"Dosing Pump Shop B.V.\",\"url\":\"https:\/\/dosingpump.shop\/de\/\",\"logo\":{\"@type\":\"ImageObject\",\"inLanguage\":\"et\",\"@id\":\"https:\/\/dosingpump.shop\/de\/#\/schema\/logo\/image\/\",\"url\":\"https:\/\/dosingpump.shop\/wp-content\/uploads\/2024\/10\/Dosing-Pump-Shop-logo.png\",\"contentUrl\":\"https:\/\/dosingpump.shop\/wp-content\/uploads\/2024\/10\/Dosing-Pump-Shop-logo.png\",\"width\":350,\"height\":45,\"caption\":\"Dosing Pump Shop B.V.\"},\"image\":{\"@id\":\"https:\/\/dosingpump.shop\/de\/#\/schema\/logo\/image\/\"},\"sameAs\":[\"https:\/\/linkedin.com\/company\/dosing-pump-shop\"]}]}<\/script>\n<meta property=\"product:price:amount\" content=\"757.00\" \/>\n<meta property=\"product:price:currency\" content=\"EUR\" \/>\n<meta property=\"og:availability\" content=\"instock\" \/>\n<meta property=\"product:availability\" content=\"instock\" \/>\n<meta property=\"product:retailer_item_id\" content=\"doseerinstalatie-Calciumhypochloriet (gechloreerde kalk)\" \/>\n<meta property=\"product:condition\" content=\"new\" \/>\n<!-- \/ Yoast SEO plugin. -->","yoast_head_json":{"title":"Kaltsiumh\u00fcpokloriidi (klooritud lubja) doseerimisseade | Dosing Pump Shop B.V.","description":"T\u00e4ielik kaltsiumh\u00fcpokloriidi (klooritud lubja) doseerimiss\u00fcsteem, sh paak, imemisliin ja doseerimispump. Mahutavus: 50 liitrit.","robots":{"index":"index","follow":"follow","max-snippet":"max-snippet:-1","max-image-preview":"max-image-preview:large","max-video-preview":"max-video-preview:-1"},"canonical":"https:\/\/dosingpump.shop\/ee\/toode-2\/kaltsiumhupokloriidiga-klooritud-lubja-doseerimisseade\/","og_locale":"et_EE","og_type":"article","og_title":"Doseerinstallatie voor Calciumhypochloriet (gechloreerde kalk) | Dosing Pump Shop B.V.","og_description":"Complete Doseerinstallatie voor Calciumhypochloriet (gechloreerde kalk) incl. tank, aanzuiglans en doseerpomp. Inhoud: 50 liter.","og_url":"https:\/\/dosingpump.shop\/ee\/toode-2\/kaltsiumhupokloriidiga-klooritud-lubja-doseerimisseade\/","og_site_name":"Dosing Pump Shop B.V.","article_modified_time":"2026-02-27T12:50:01+00:00","og_image":[{"width":500,"height":500,"url":"https:\/\/dosingpump.shop\/wp-content\/uploads\/2024\/12\/waterstofperoxide-doseerinstallatie.webp","type":"image\/webp"}],"twitter_card":"summary_large_image","twitter_misc":{"Price":"&euro;757,00","Availability":"In stock"},"schema":{"@context":"https:\/\/schema.org","@graph":[{"@type":"WebPage","@id":"https:\/\/dosingpump.shop\/it\/prodotto\/unita-di-dosaggio-per-ipoclorito-di-calcio-clorurato-a-calce\/","url":"https:\/\/dosingpump.shop\/it\/prodotto\/unita-di-dosaggio-per-ipoclorito-di-calcio-clorurato-a-calce\/","name":"Kaltsiumh\u00fcpokloriidi (klooritud lubja) doseerimisseade | Dosing Pump Shop B.V.","isPartOf":{"@id":"https:\/\/dosingpump.shop\/de\/#website"},"primaryImageOfPage":{"@id":"https:\/\/dosingpump.shop\/it\/prodotto\/unita-di-dosaggio-per-ipoclorito-di-calcio-clorurato-a-calce\/#primaryimage"},"image":{"@id":"https:\/\/dosingpump.shop\/it\/prodotto\/unita-di-dosaggio-per-ipoclorito-di-calcio-clorurato-a-calce\/#primaryimage"},"thumbnailUrl":"https:\/\/dosingpump.shop\/wp-content\/uploads\/2024\/12\/waterstofperoxide-doseerinstallatie.webp","datePublished":"2025-01-22T10:34:33+00:00","dateModified":"2026-02-27T12:50:01+00:00","description":"T\u00e4ielik kaltsiumh\u00fcpokloriidi (klooritud lubja) doseerimiss\u00fcsteem, sh paak, imemisliin ja doseerimispump. Mahutavus: 50 liitrit.","breadcrumb":{"@id":"https:\/\/dosingpump.shop\/it\/prodotto\/unita-di-dosaggio-per-ipoclorito-di-calcio-clorurato-a-calce\/#breadcrumb"},"inLanguage":"et","potentialAction":[{"@type":"ReadAction","target":["https:\/\/dosingpump.shop\/it\/prodotto\/unita-di-dosaggio-per-ipoclorito-di-calcio-clorurato-a-calce\/"]}]},{"@type":"ImageObject","inLanguage":"et","@id":"https:\/\/dosingpump.shop\/it\/prodotto\/unita-di-dosaggio-per-ipoclorito-di-calcio-clorurato-a-calce\/#primaryimage","url":"https:\/\/dosingpump.shop\/wp-content\/uploads\/2024\/12\/waterstofperoxide-doseerinstallatie.webp","contentUrl":"https:\/\/dosingpump.shop\/wp-content\/uploads\/2024\/12\/waterstofperoxide-doseerinstallatie.webp","width":500,"height":500},{"@type":"BreadcrumbList","@id":"https:\/\/dosingpump.shop\/it\/prodotto\/unita-di-dosaggio-per-ipoclorito-di-calcio-clorurato-a-calce\/#breadcrumb","itemListElement":[{"@type":"ListItem","position":1,"name":"Home","item":"https:\/\/dosingpump.shop\/"},{"@type":"ListItem","position":2,"name":"Shop","item":"https:\/\/dosingpump.shop\/de\/shop\/"},{"@type":"ListItem","position":3,"name":"Doseerinstallatie voor Calciumhypochloriet (gechloreerde kalk)"}]},{"@type":"WebSite","@id":"https:\/\/dosingpump.shop\/de\/#website","url":"https:\/\/dosingpump.shop\/de\/","name":"Dosing Pump Shop B.V.","description":"","publisher":{"@id":"https:\/\/dosingpump.shop\/de\/#organization"},"potentialAction":[{"@type":"SearchAction","target":{"@type":"EntryPoint","urlTemplate":"https:\/\/dosingpump.shop\/de\/?s={search_term_string}"},"query-input":{"@type":"PropertyValueSpecification","valueRequired":true,"valueName":"search_term_string"}}],"inLanguage":"et"},{"@type":"Organization","@id":"https:\/\/dosingpump.shop\/de\/#organization","name":"Dosing Pump Shop B.V.","url":"https:\/\/dosingpump.shop\/de\/","logo":{"@type":"ImageObject","inLanguage":"et","@id":"https:\/\/dosingpump.shop\/de\/#\/schema\/logo\/image\/","url":"https:\/\/dosingpump.shop\/wp-content\/uploads\/2024\/10\/Dosing-Pump-Shop-logo.png","contentUrl":"https:\/\/dosingpump.shop\/wp-content\/uploads\/2024\/10\/Dosing-Pump-Shop-logo.png","width":350,"height":45,"caption":"Dosing Pump Shop B.V."},"image":{"@id":"https:\/\/dosingpump.shop\/de\/#\/schema\/logo\/image\/"},"sameAs":["https:\/\/linkedin.com\/company\/dosing-pump-shop"]}]},"product_price_amount":"757.00","product_price_currency":"EUR","og_availability":"instock","product_availability":"instock","product_retailer_item_id":"doseerinstalatie-Calciumhypochloriet (gechloreerde kalk)","product_condition":"new"},"_links":{"self":[{"href":"https:\/\/dosingpump.shop\/ee\/wp-json\/wp\/v2\/product\/6042","targetHints":{"allow":["GET"]}}],"collection":[{"href":"https:\/\/dosingpump.shop\/ee\/wp-json\/wp\/v2\/product"}],"about":[{"href":"https:\/\/dosingpump.shop\/ee\/wp-json\/wp\/v2\/types\/product"}],"wp:featuredmedia":[{"embeddable":true,"href":"https:\/\/dosingpump.shop\/ee\/wp-json\/wp\/v2\/media\/4432"}],"wp:attachment":[{"href":"https:\/\/dosingpump.shop\/ee\/wp-json\/wp\/v2\/media?parent=6042"}],"wp:term":[{"taxonomy":"product_brand","embeddable":true,"href":"https:\/\/dosingpump.shop\/ee\/wp-json\/wp\/v2\/product_brand?post=6042"},{"taxonomy":"product_cat","embeddable":true,"href":"https:\/\/dosingpump.shop\/ee\/wp-json\/wp\/v2\/product_cat?post=6042"},{"taxonomy":"product_tag","embeddable":true,"href":"https:\/\/dosingpump.shop\/ee\/wp-json\/wp\/v2\/product_tag?post=6042"}],"curies":[{"name":"wp","href":"https:\/\/api.w.org\/{rel}","templated":true}]}}