{"id":6520,"date":"2025-01-29T13:36:38","date_gmt":"2025-01-29T13:36:38","guid":{"rendered":"https:\/\/dosingpump.shop\/?post_type=product&#038;p=6520"},"modified":"2026-02-27T14:50:19","modified_gmt":"2026-02-27T12:50:19","slug":"emec-ams-cl-plus-07-20-pmmaep","status":"publish","type":"product","link":"https:\/\/dosingpump.shop\/ee\/product\/emec-ams-cl-plus-07-20-pmmaep\/","title":{"rendered":"Emec AMS CL PLUS 07-20 PMMA+EP"},"content":{"rendered":"<p>Emec AMS CL PLUS 07-20 PMMA+EP on t\u00e4iustatud doseerimispump, mis pakub suurep\u00e4rast t\u00e4psust ja usaldusv\u00e4\u00e4rsust erinevates rakendustes. See mudel t\u00f6\u00f6tab pidevas re\u017eiimis ja on m\u00f5eldud t\u00f6\u00f6stusharudele, kus t\u00e4pne doseerimine on oluline, n\u00e4iteks veepuhastus, keemilised protsessid ja p\u00f5llumajandus. T\u00e4iustatud tasemekontroll hoiab pumba t\u00f6\u00f6 j\u00e4rjepidevalt, s\u00f5ltumata koormuse v\u00f5i keskkonna muutustest.<\/p>\n<p>See doseerimispump suudab doseerida 20 liitrit tunnis 7 baari r\u00f5hu juures. Selle PMMA (pol\u00fcmet\u00fc\u00fclmetakr\u00fclaat) ja EP (et\u00fcleen-prop\u00fcleenkummi) konstruktsioon pakub t\u00e4iendavat keemilist vastupidavust ja vastupidavust. Materjal tagab, et pump sobib agressiivsete vedelike ja pikaajalise kasutamise korral ilma j\u00f5udluse kaotamiseta.<\/p>\n<p>Nagu teised AMS CL PLUS seeria mudelid, on ka see pump varustatud t\u00e4ieliku PTFE-membraaniga, mis tagab pika eluea ja minimaalsed hooldusn\u00f5uded. Ostmisel saate t\u00e4ieliku komplekti, mis sisaldab imemisfiltrit, sissepritseklappi ja voolikut, nii et saate kohe t\u00f6\u00f6le hakata.<\/p>\n<h4><strong>Emec AMS CL PLUS 07-20 PMMA+EP peamised omadused:<\/strong><\/h4>\n<ul>\n<li><strong>20 l\/h 7 baari juures<\/strong> - Suur v\u00f5imsus ja surve erinevate rakenduste jaoks<\/li>\n<li><strong>PMMA ja EP materjalid<\/strong> - Suurep\u00e4rane keemiline vastupidavus<\/li>\n<li><strong>T\u00e4ielik PTFE membraan<\/strong> - Vastupidav ja v\u00e4hese hooldusega<\/li>\n<li><strong>Reguleeritav l\u00f6\u00f6gisagedus ja l\u00f6\u00f6gimaht<\/strong> - T\u00e4pne doseerimise kontroll<\/li>\n<li><strong>Komplektis on t\u00e4ielik paigalduskomplekt<\/strong> - Kohe kasutusvalmis<\/li>\n<\/ul>\n<p>T\u00e4nu v\u00f5imalusele reguleerida nii l\u00f6\u00f6gisagedust kui ka l\u00f6\u00f6gimahtu pakub Emec AMS CL PLUS 07-20 PMMA+EP maksimaalset paindlikkust ja kontrolli. See muudab pumba ideaalselt sobivaks t\u00e4pseks ja stabiilseks doseerimiseks n\u00f5udlikes t\u00f6\u00f6stusprotsessides.<\/p>\n<p>Kas soovite teada, kas see pump sobib teie rakendusse? Me aitame teid hea meelega asjatundliku n\u00f5uande ja \u00f5ige konfiguratsiooniga.<\/p>","protected":false},"excerpt":{"rendered":"<p>The\u00a0<a href=\"https:\/\/dosingpump.shop\/de\/produkt\/emec-ams-cl-plus-dosierpumpe\/\">AMS CL PLUS<\/a>\u00a0on t\u00e4iustatud s\u00fcsteem, mis t\u00f6\u00f6tab pidevas re\u017eiimis. See tagab soovitud j\u00f5udluse koos t\u00e4pse taseme kontrolliga.<\/p>\n<ul>\n<li>Pidev doseerimine<\/li>\n<li>Tarnitakse komplektselt<\/li>\n<li>T\u00e4ielik PTFE membraan<\/li>\n<\/ul>","protected":false},"featured_media":5190,"template":"","meta":[],"product_brand":[],"product_cat":[85],"product_tag":[],"class_list":{"0":"post-6520","1":"product","2":"type-product","3":"status-publish","4":"has-post-thumbnail","6":"product_cat-assortiment","8":"first","9":"onbackorder","10":"taxable","11":"shipping-taxable","12":"purchasable","13":"product-type-simple"},"yoast_head":"<!-- This site is optimized with the Yoast SEO plugin v27.2 - https:\/\/yoast.com\/product\/yoast-seo-wordpress\/ -->\n<title>Emec AMS CL PLUS 07-20 PMMA+EP | Dosing Pump Shop B.V.<\/title>\n<meta name=\"robots\" content=\"index, follow, max-snippet:-1, max-image-preview:large, max-video-preview:-1\" \/>\n<link rel=\"canonical\" href=\"https:\/\/dosingpump.shop\/ee\/toode-2\/emec-ams-cl-plus-07-20-pmmaep\/\" \/>\n<meta property=\"og:locale\" content=\"et_EE\" \/>\n<meta property=\"og:type\" content=\"article\" \/>\n<meta property=\"og:title\" content=\"Emec AMS CL PLUS 07-20 PMMA+EP | Dosing Pump Shop B.V.\" \/>\n<meta property=\"og:description\" content=\"De\u00a0AMS CL PLUS\u00a0is een geavanceerd systeem dat werkt in een constante modus. Het levert gewenste prestaties met nauwkeurige niveauregeling.   Continu doseren  Compleet geleverd  Vol PTFE membraan\" \/>\n<meta property=\"og:url\" content=\"https:\/\/dosingpump.shop\/ee\/toode-2\/emec-ams-cl-plus-07-20-pmmaep\/\" \/>\n<meta property=\"og:site_name\" content=\"Dosing Pump Shop B.V.\" \/>\n<meta property=\"article:modified_time\" content=\"2026-02-27T12:50:19+00:00\" \/>\n<meta property=\"og:image\" content=\"https:\/\/dosingpump.shop\/wp-content\/uploads\/2024\/12\/Emec-AMS-Series.webp\" \/>\n\t<meta property=\"og:image:width\" content=\"600\" \/>\n\t<meta property=\"og:image:height\" content=\"600\" \/>\n\t<meta property=\"og:image:type\" content=\"image\/webp\" \/>\n<meta name=\"twitter:card\" content=\"summary_large_image\" \/>\n<meta name=\"twitter:label1\" content=\"Price\" \/>\n\t<meta name=\"twitter:data1\" content=\"&euro;893,00\" \/>\n\t<meta name=\"twitter:label2\" content=\"Availability\" \/>\n\t<meta name=\"twitter:data2\" content=\"On backorder\" \/>\n<script type=\"application\/ld+json\" class=\"yoast-schema-graph\">{\"@context\":\"https:\/\/schema.org\",\"@graph\":[{\"@type\":\"WebPage\",\"@id\":\"https:\/\/dosingpump.shop\/pl\/produkt-2\/emec-ams-cl-plus-07-20-pmmaep\/\",\"url\":\"https:\/\/dosingpump.shop\/pl\/produkt-2\/emec-ams-cl-plus-07-20-pmmaep\/\",\"name\":\"Emec AMS CL PLUS 07-20 PMMA+EP | Dosing Pump Shop B.V.\",\"isPartOf\":{\"@id\":\"https:\/\/dosingpump.shop\/de\/#website\"},\"primaryImageOfPage\":{\"@id\":\"https:\/\/dosingpump.shop\/pl\/produkt-2\/emec-ams-cl-plus-07-20-pmmaep\/#primaryimage\"},\"image\":{\"@id\":\"https:\/\/dosingpump.shop\/pl\/produkt-2\/emec-ams-cl-plus-07-20-pmmaep\/#primaryimage\"},\"thumbnailUrl\":\"https:\/\/dosingpump.shop\/wp-content\/uploads\/2024\/12\/Emec-AMS-Series.webp\",\"datePublished\":\"2025-01-29T13:36:38+00:00\",\"dateModified\":\"2026-02-27T12:50:19+00:00\",\"breadcrumb\":{\"@id\":\"https:\/\/dosingpump.shop\/pl\/produkt-2\/emec-ams-cl-plus-07-20-pmmaep\/#breadcrumb\"},\"inLanguage\":\"et\",\"potentialAction\":[{\"@type\":\"ReadAction\",\"target\":[\"https:\/\/dosingpump.shop\/pl\/produkt-2\/emec-ams-cl-plus-07-20-pmmaep\/\"]}]},{\"@type\":\"ImageObject\",\"inLanguage\":\"et\",\"@id\":\"https:\/\/dosingpump.shop\/pl\/produkt-2\/emec-ams-cl-plus-07-20-pmmaep\/#primaryimage\",\"url\":\"https:\/\/dosingpump.shop\/wp-content\/uploads\/2024\/12\/Emec-AMS-Series.webp\",\"contentUrl\":\"https:\/\/dosingpump.shop\/wp-content\/uploads\/2024\/12\/Emec-AMS-Series.webp\",\"width\":600,\"height\":600},{\"@type\":\"BreadcrumbList\",\"@id\":\"https:\/\/dosingpump.shop\/pl\/produkt-2\/emec-ams-cl-plus-07-20-pmmaep\/#breadcrumb\",\"itemListElement\":[{\"@type\":\"ListItem\",\"position\":1,\"name\":\"Home\",\"item\":\"https:\/\/dosingpump.shop\/\"},{\"@type\":\"ListItem\",\"position\":2,\"name\":\"Shop\",\"item\":\"https:\/\/dosingpump.shop\/de\/shop\/\"},{\"@type\":\"ListItem\",\"position\":3,\"name\":\"Emec AMS CL PLUS 07-20 PMMA+EP\"}]},{\"@type\":\"WebSite\",\"@id\":\"https:\/\/dosingpump.shop\/de\/#website\",\"url\":\"https:\/\/dosingpump.shop\/de\/\",\"name\":\"Dosing Pump Shop B.V.\",\"description\":\"\",\"publisher\":{\"@id\":\"https:\/\/dosingpump.shop\/de\/#organization\"},\"potentialAction\":[{\"@type\":\"SearchAction\",\"target\":{\"@type\":\"EntryPoint\",\"urlTemplate\":\"https:\/\/dosingpump.shop\/de\/?s={search_term_string}\"},\"query-input\":{\"@type\":\"PropertyValueSpecification\",\"valueRequired\":true,\"valueName\":\"search_term_string\"}}],\"inLanguage\":\"et\"},{\"@type\":\"Organization\",\"@id\":\"https:\/\/dosingpump.shop\/de\/#organization\",\"name\":\"Dosing Pump Shop B.V.\",\"url\":\"https:\/\/dosingpump.shop\/de\/\",\"logo\":{\"@type\":\"ImageObject\",\"inLanguage\":\"et\",\"@id\":\"https:\/\/dosingpump.shop\/de\/#\/schema\/logo\/image\/\",\"url\":\"https:\/\/dosingpump.shop\/wp-content\/uploads\/2024\/10\/Dosing-Pump-Shop-logo.png\",\"contentUrl\":\"https:\/\/dosingpump.shop\/wp-content\/uploads\/2024\/10\/Dosing-Pump-Shop-logo.png\",\"width\":350,\"height\":45,\"caption\":\"Dosing Pump Shop B.V.\"},\"image\":{\"@id\":\"https:\/\/dosingpump.shop\/de\/#\/schema\/logo\/image\/\"},\"sameAs\":[\"https:\/\/linkedin.com\/company\/dosing-pump-shop\"]}]}<\/script>\n<meta property=\"product:price:amount\" content=\"893.00\" \/>\n<meta property=\"product:price:currency\" content=\"EUR\" \/>\n<meta property=\"og:availability\" content=\"backorder\" \/>\n<meta property=\"product:availability\" content=\"available for order\" \/>\n<meta property=\"product:retailer_item_id\" content=\"ACP07020D0000GBSA000\" \/>\n<meta property=\"product:condition\" content=\"new\" \/>\n<!-- \/ Yoast SEO plugin. -->","yoast_head_json":{"title":"Emec AMS CL PLUS 07-20 PMMA+EP | Dosing Pump Shop B.V.","robots":{"index":"index","follow":"follow","max-snippet":"max-snippet:-1","max-image-preview":"max-image-preview:large","max-video-preview":"max-video-preview:-1"},"canonical":"https:\/\/dosingpump.shop\/ee\/toode-2\/emec-ams-cl-plus-07-20-pmmaep\/","og_locale":"et_EE","og_type":"article","og_title":"Emec AMS CL PLUS 07-20 PMMA+EP | Dosing Pump Shop B.V.","og_description":"De\u00a0AMS CL PLUS\u00a0is een geavanceerd systeem dat werkt in een constante modus. Het levert gewenste prestaties met nauwkeurige niveauregeling.   Continu doseren  Compleet geleverd  Vol PTFE membraan","og_url":"https:\/\/dosingpump.shop\/ee\/toode-2\/emec-ams-cl-plus-07-20-pmmaep\/","og_site_name":"Dosing Pump Shop B.V.","article_modified_time":"2026-02-27T12:50:19+00:00","og_image":[{"width":600,"height":600,"url":"https:\/\/dosingpump.shop\/wp-content\/uploads\/2024\/12\/Emec-AMS-Series.webp","type":"image\/webp"}],"twitter_card":"summary_large_image","twitter_misc":{"Price":"&euro;893,00","Availability":"On backorder"},"schema":{"@context":"https:\/\/schema.org","@graph":[{"@type":"WebPage","@id":"https:\/\/dosingpump.shop\/pl\/produkt-2\/emec-ams-cl-plus-07-20-pmmaep\/","url":"https:\/\/dosingpump.shop\/pl\/produkt-2\/emec-ams-cl-plus-07-20-pmmaep\/","name":"Emec AMS CL PLUS 07-20 PMMA+EP | Dosing Pump Shop B.V.","isPartOf":{"@id":"https:\/\/dosingpump.shop\/de\/#website"},"primaryImageOfPage":{"@id":"https:\/\/dosingpump.shop\/pl\/produkt-2\/emec-ams-cl-plus-07-20-pmmaep\/#primaryimage"},"image":{"@id":"https:\/\/dosingpump.shop\/pl\/produkt-2\/emec-ams-cl-plus-07-20-pmmaep\/#primaryimage"},"thumbnailUrl":"https:\/\/dosingpump.shop\/wp-content\/uploads\/2024\/12\/Emec-AMS-Series.webp","datePublished":"2025-01-29T13:36:38+00:00","dateModified":"2026-02-27T12:50:19+00:00","breadcrumb":{"@id":"https:\/\/dosingpump.shop\/pl\/produkt-2\/emec-ams-cl-plus-07-20-pmmaep\/#breadcrumb"},"inLanguage":"et","potentialAction":[{"@type":"ReadAction","target":["https:\/\/dosingpump.shop\/pl\/produkt-2\/emec-ams-cl-plus-07-20-pmmaep\/"]}]},{"@type":"ImageObject","inLanguage":"et","@id":"https:\/\/dosingpump.shop\/pl\/produkt-2\/emec-ams-cl-plus-07-20-pmmaep\/#primaryimage","url":"https:\/\/dosingpump.shop\/wp-content\/uploads\/2024\/12\/Emec-AMS-Series.webp","contentUrl":"https:\/\/dosingpump.shop\/wp-content\/uploads\/2024\/12\/Emec-AMS-Series.webp","width":600,"height":600},{"@type":"BreadcrumbList","@id":"https:\/\/dosingpump.shop\/pl\/produkt-2\/emec-ams-cl-plus-07-20-pmmaep\/#breadcrumb","itemListElement":[{"@type":"ListItem","position":1,"name":"Home","item":"https:\/\/dosingpump.shop\/"},{"@type":"ListItem","position":2,"name":"Shop","item":"https:\/\/dosingpump.shop\/de\/shop\/"},{"@type":"ListItem","position":3,"name":"Emec AMS CL PLUS 07-20 PMMA+EP"}]},{"@type":"WebSite","@id":"https:\/\/dosingpump.shop\/de\/#website","url":"https:\/\/dosingpump.shop\/de\/","name":"Dosing Pump Shop B.V.","description":"","publisher":{"@id":"https:\/\/dosingpump.shop\/de\/#organization"},"potentialAction":[{"@type":"SearchAction","target":{"@type":"EntryPoint","urlTemplate":"https:\/\/dosingpump.shop\/de\/?s={search_term_string}"},"query-input":{"@type":"PropertyValueSpecification","valueRequired":true,"valueName":"search_term_string"}}],"inLanguage":"et"},{"@type":"Organization","@id":"https:\/\/dosingpump.shop\/de\/#organization","name":"Dosing Pump Shop B.V.","url":"https:\/\/dosingpump.shop\/de\/","logo":{"@type":"ImageObject","inLanguage":"et","@id":"https:\/\/dosingpump.shop\/de\/#\/schema\/logo\/image\/","url":"https:\/\/dosingpump.shop\/wp-content\/uploads\/2024\/10\/Dosing-Pump-Shop-logo.png","contentUrl":"https:\/\/dosingpump.shop\/wp-content\/uploads\/2024\/10\/Dosing-Pump-Shop-logo.png","width":350,"height":45,"caption":"Dosing Pump Shop B.V."},"image":{"@id":"https:\/\/dosingpump.shop\/de\/#\/schema\/logo\/image\/"},"sameAs":["https:\/\/linkedin.com\/company\/dosing-pump-shop"]}]},"product_price_amount":"893.00","product_price_currency":"EUR","og_availability":"backorder","product_availability":"available for order","product_retailer_item_id":"ACP07020D0000GBSA000","product_condition":"new"},"_links":{"self":[{"href":"https:\/\/dosingpump.shop\/ee\/wp-json\/wp\/v2\/product\/6520","targetHints":{"allow":["GET"]}}],"collection":[{"href":"https:\/\/dosingpump.shop\/ee\/wp-json\/wp\/v2\/product"}],"about":[{"href":"https:\/\/dosingpump.shop\/ee\/wp-json\/wp\/v2\/types\/product"}],"wp:featuredmedia":[{"embeddable":true,"href":"https:\/\/dosingpump.shop\/ee\/wp-json\/wp\/v2\/media\/5190"}],"wp:attachment":[{"href":"https:\/\/dosingpump.shop\/ee\/wp-json\/wp\/v2\/media?parent=6520"}],"wp:term":[{"taxonomy":"product_brand","embeddable":true,"href":"https:\/\/dosingpump.shop\/ee\/wp-json\/wp\/v2\/product_brand?post=6520"},{"taxonomy":"product_cat","embeddable":true,"href":"https:\/\/dosingpump.shop\/ee\/wp-json\/wp\/v2\/product_cat?post=6520"},{"taxonomy":"product_tag","embeddable":true,"href":"https:\/\/dosingpump.shop\/ee\/wp-json\/wp\/v2\/product_tag?post=6520"}],"curies":[{"name":"wp","href":"https:\/\/api.w.org\/{rel}","templated":true}]}}