{"id":7236,"date":"2025-06-04T15:54:19","date_gmt":"2025-06-04T13:54:19","guid":{"rendered":"https:\/\/dosingpump.shop\/product\/qdos-120-remote-santoprene-left\/"},"modified":"2026-03-10T23:21:34","modified_gmt":"2026-03-10T22:21:34","slug":"qdos-120-remote-santopreen-vasakule","status":"publish","type":"product","link":"https:\/\/dosingpump.shop\/ee\/product\/qdos-120-remote-santoprene-left\/","title":{"rendered":"Qdos 120 Remote - Santopreen - Vasakpoolne"},"content":{"rendered":"<p>Watson-Marlow Qdos 120 Remote on peristaltiline doseerimispump, mis tagab t\u00e4pse ja j\u00e4rjepideva vedelikuk\u00e4itluse. See Santoprene ReNu pumbaotsaga varustatud mudel on ideaalne \u00fcldiseks kasutamiseks, pakkudes suurep\u00e4rast keemilist \u00fchilduvust. Pumbapea on paigaldatud vasakule k\u00fcljele.<\/p>\n<p>Pump edastab voolukiirusi vahemikus 1,25 kuni 2000 ml\/min (0,02-31,7 USGPH) ja suudab t\u00f6\u00f6delda r\u00f5hku kuni 7 baari (100 psi) RMS. ReNu pumbapea maksimeerib kasutusaega, v\u00e4ltides gaasi kinnij\u00e4\u00e4mist v\u00f5i klapi ummistumist, ning v\u00f5imaldab kiiret, t\u00f6\u00f6riistavaba vahetust. See minimeerib seisakuaega ja v\u00e4hendab kemikaalij\u00e4\u00e4tmeid. Qdos 120 pakub voolu reguleerimist kuni 20000:1, t\u00e4psusega \u00b11% ja korratavusega \u00b10,5%.<\/p>\n<p>Qdos 120 on IP66-klassifikatsiooniga, mis t\u00e4hendab, et see on vee- ja tolmukindel. See t\u00f6\u00f6tab Santopreenist torudega \u00fcmbritseva \u00f5hu temperatuuril 5 \u00b0C kuni 45 \u00b0C. Ajam kaalub 4,6 kg (10 lb 2 oz) ja pumbapea 1,1 kg (2 lb 7 oz). Juhtimine toimub kaugjuhtimise teel analoog-, PROFIBUS- v\u00f5i kontaktre\u017eiimiga. Pumba m\u00fcratase on alla 70 dB(A) 1 meetri kaugusel. Pumba toiteallikaks v\u00f5ib olla 12-24 V alalisvoolu v\u00f5imalus.<\/p>","protected":false},"excerpt":{"rendered":"<ul>\n<li>Sobib t\u00e4pseks doseerimiseks<\/li>\n<li>Sobib v\u00e4ikeste vooluhulkade jaoks<\/li>\n<li>Kaitseklass IP66 \/ NEMA 4X<\/li>\n<li>Pumbapea ReNu\u2122<\/li>\n<\/ul>\n<p>Saadaval on kohe hinnapakkumise taotlus.<\/p>","protected":false},"featured_media":6975,"template":"","meta":[],"product_brand":[],"product_cat":[26,245],"product_tag":[],"class_list":{"0":"post-7236","1":"product","2":"type-product","3":"status-publish","4":"has-post-thumbnail","6":"product_cat-slangenpompen","7":"product_cat-watson-marlow-slangenpompen","9":"first","10":"instock","11":"taxable","12":"shipping-taxable","13":"product-type-simple"},"yoast_head":"<!-- This site is optimized with the Yoast SEO plugin v27.2 - https:\/\/yoast.com\/product\/yoast-seo-wordpress\/ -->\n<title>Qdos 120 Remote - Santoprene - Left - Dosing Pump Shop B.V.<\/title>\n<meta name=\"robots\" content=\"index, follow, max-snippet:-1, max-image-preview:large, max-video-preview:-1\" \/>\n<link rel=\"canonical\" href=\"https:\/\/dosingpump.shop\/ee\/toode-2\/qdos-120-remote-santopreen-vasakule\/\" \/>\n<meta property=\"og:locale\" content=\"et_EE\" \/>\n<meta property=\"og:type\" content=\"article\" \/>\n<meta property=\"og:title\" content=\"Qdos 120 Remote - Santoprene - Left - Dosing Pump Shop B.V.\" \/>\n<meta property=\"og:description\" content=\"Geschikt voor precieze doseering  Geschikt voor lage flows  Beschermingsklasse van IP66 \/ NEMA 4X  Pompkop ReNu\u2122  Beschikbaar vraag direct een offerte aan.\" \/>\n<meta property=\"og:url\" content=\"https:\/\/dosingpump.shop\/ee\/toode-2\/qdos-120-remote-santopreen-vasakule\/\" \/>\n<meta property=\"og:site_name\" content=\"Dosing Pump Shop B.V.\" \/>\n<meta property=\"article:modified_time\" content=\"2026-03-10T22:21:34+00:00\" \/>\n<meta property=\"og:image\" content=\"https:\/\/dosingpump.shop\/wp-content\/uploads\/2025\/05\/Qdos-20.png\" \/>\n\t<meta property=\"og:image:width\" content=\"500\" \/>\n\t<meta property=\"og:image:height\" content=\"500\" \/>\n\t<meta property=\"og:image:type\" content=\"image\/png\" \/>\n<meta name=\"twitter:card\" content=\"summary_large_image\" \/>\n<meta name=\"twitter:label1\" content=\"Price\" \/>\n\t<meta name=\"twitter:data1\" content=\"\" \/>\n\t<meta name=\"twitter:label2\" content=\"Availability\" \/>\n\t<meta name=\"twitter:data2\" content=\"In stock\" \/>\n<script type=\"application\/ld+json\" class=\"yoast-schema-graph\">{\"@context\":\"https:\/\/schema.org\",\"@graph\":[{\"@type\":\"WebPage\",\"@id\":\"https:\/\/dosingpump.shop\/cz\/produkt-2\/qdos-120-vzdaleny-santopren-levy\/\",\"url\":\"https:\/\/dosingpump.shop\/cz\/produkt-2\/qdos-120-vzdaleny-santopren-levy\/\",\"name\":\"Qdos 120 Remote - Santoprene - Left - Dosing Pump Shop B.V.\",\"isPartOf\":{\"@id\":\"https:\/\/dosingpump.shop\/de\/#website\"},\"primaryImageOfPage\":{\"@id\":\"https:\/\/dosingpump.shop\/cz\/produkt-2\/qdos-120-vzdaleny-santopren-levy\/#primaryimage\"},\"image\":{\"@id\":\"https:\/\/dosingpump.shop\/cz\/produkt-2\/qdos-120-vzdaleny-santopren-levy\/#primaryimage\"},\"thumbnailUrl\":\"https:\/\/dosingpump.shop\/wp-content\/uploads\/2025\/05\/Qdos-20.png\",\"datePublished\":\"2025-06-04T13:54:19+00:00\",\"dateModified\":\"2026-03-10T22:21:34+00:00\",\"breadcrumb\":{\"@id\":\"https:\/\/dosingpump.shop\/cz\/produkt-2\/qdos-120-vzdaleny-santopren-levy\/#breadcrumb\"},\"inLanguage\":\"et\",\"potentialAction\":[{\"@type\":\"ReadAction\",\"target\":[\"https:\/\/dosingpump.shop\/cz\/produkt-2\/qdos-120-vzdaleny-santopren-levy\/\"]}]},{\"@type\":\"ImageObject\",\"inLanguage\":\"et\",\"@id\":\"https:\/\/dosingpump.shop\/cz\/produkt-2\/qdos-120-vzdaleny-santopren-levy\/#primaryimage\",\"url\":\"https:\/\/dosingpump.shop\/wp-content\/uploads\/2025\/05\/Qdos-20.png\",\"contentUrl\":\"https:\/\/dosingpump.shop\/wp-content\/uploads\/2025\/05\/Qdos-20.png\",\"width\":500,\"height\":500},{\"@type\":\"BreadcrumbList\",\"@id\":\"https:\/\/dosingpump.shop\/cz\/produkt-2\/qdos-120-vzdaleny-santopren-levy\/#breadcrumb\",\"itemListElement\":[{\"@type\":\"ListItem\",\"position\":1,\"name\":\"Home\",\"item\":\"https:\/\/dosingpump.shop\/\"},{\"@type\":\"ListItem\",\"position\":2,\"name\":\"Shop\",\"item\":\"https:\/\/dosingpump.shop\/de\/shop\/\"},{\"@type\":\"ListItem\",\"position\":3,\"name\":\"Qdos 120 Remote &#8211; Santoprene &#8211; Left\"}]},{\"@type\":\"WebSite\",\"@id\":\"https:\/\/dosingpump.shop\/de\/#website\",\"url\":\"https:\/\/dosingpump.shop\/de\/\",\"name\":\"Dosing Pump Shop B.V.\",\"description\":\"\",\"publisher\":{\"@id\":\"https:\/\/dosingpump.shop\/de\/#organization\"},\"potentialAction\":[{\"@type\":\"SearchAction\",\"target\":{\"@type\":\"EntryPoint\",\"urlTemplate\":\"https:\/\/dosingpump.shop\/de\/?s={search_term_string}\"},\"query-input\":{\"@type\":\"PropertyValueSpecification\",\"valueRequired\":true,\"valueName\":\"search_term_string\"}}],\"inLanguage\":\"et\"},{\"@type\":\"Organization\",\"@id\":\"https:\/\/dosingpump.shop\/de\/#organization\",\"name\":\"Dosing Pump Shop B.V.\",\"url\":\"https:\/\/dosingpump.shop\/de\/\",\"logo\":{\"@type\":\"ImageObject\",\"inLanguage\":\"et\",\"@id\":\"https:\/\/dosingpump.shop\/de\/#\/schema\/logo\/image\/\",\"url\":\"https:\/\/dosingpump.shop\/wp-content\/uploads\/2024\/10\/Dosing-Pump-Shop-logo.png\",\"contentUrl\":\"https:\/\/dosingpump.shop\/wp-content\/uploads\/2024\/10\/Dosing-Pump-Shop-logo.png\",\"width\":350,\"height\":45,\"caption\":\"Dosing Pump Shop B.V.\"},\"image\":{\"@id\":\"https:\/\/dosingpump.shop\/de\/#\/schema\/logo\/image\/\"},\"sameAs\":[\"https:\/\/linkedin.com\/company\/dosing-pump-shop\"]}]}<\/script>\n<meta property=\"product:price:currency\" content=\"EUR\" \/>\n<meta property=\"og:availability\" content=\"instock\" \/>\n<meta property=\"product:availability\" content=\"instock\" \/>\n<meta property=\"product:retailer_item_id\" content=\"0M0.421L.GLE\" \/>\n<meta property=\"product:condition\" content=\"new\" \/>\n<!-- \/ Yoast SEO plugin. -->","yoast_head_json":{"title":"Qdos 120 Remote - Santopreen - vasakpoolne - Dosing Pump Shop B.V.","robots":{"index":"index","follow":"follow","max-snippet":"max-snippet:-1","max-image-preview":"max-image-preview:large","max-video-preview":"max-video-preview:-1"},"canonical":"https:\/\/dosingpump.shop\/ee\/toode-2\/qdos-120-remote-santopreen-vasakule\/","og_locale":"et_EE","og_type":"article","og_title":"Qdos 120 Remote - Santoprene - Left - Dosing Pump Shop B.V.","og_description":"Geschikt voor precieze doseering  Geschikt voor lage flows  Beschermingsklasse van IP66 \/ NEMA 4X  Pompkop ReNu\u2122  Beschikbaar vraag direct een offerte aan.","og_url":"https:\/\/dosingpump.shop\/ee\/toode-2\/qdos-120-remote-santopreen-vasakule\/","og_site_name":"Dosing Pump Shop B.V.","article_modified_time":"2026-03-10T22:21:34+00:00","og_image":[{"width":500,"height":500,"url":"https:\/\/dosingpump.shop\/wp-content\/uploads\/2025\/05\/Qdos-20.png","type":"image\/png"}],"twitter_card":"summary_large_image","twitter_misc":{"Price":"","Availability":"In stock"},"schema":{"@context":"https:\/\/schema.org","@graph":[{"@type":"WebPage","@id":"https:\/\/dosingpump.shop\/cz\/produkt-2\/qdos-120-vzdaleny-santopren-levy\/","url":"https:\/\/dosingpump.shop\/cz\/produkt-2\/qdos-120-vzdaleny-santopren-levy\/","name":"Qdos 120 Remote - Santopreen - vasakpoolne - Dosing Pump Shop B.V.","isPartOf":{"@id":"https:\/\/dosingpump.shop\/de\/#website"},"primaryImageOfPage":{"@id":"https:\/\/dosingpump.shop\/cz\/produkt-2\/qdos-120-vzdaleny-santopren-levy\/#primaryimage"},"image":{"@id":"https:\/\/dosingpump.shop\/cz\/produkt-2\/qdos-120-vzdaleny-santopren-levy\/#primaryimage"},"thumbnailUrl":"https:\/\/dosingpump.shop\/wp-content\/uploads\/2025\/05\/Qdos-20.png","datePublished":"2025-06-04T13:54:19+00:00","dateModified":"2026-03-10T22:21:34+00:00","breadcrumb":{"@id":"https:\/\/dosingpump.shop\/cz\/produkt-2\/qdos-120-vzdaleny-santopren-levy\/#breadcrumb"},"inLanguage":"et","potentialAction":[{"@type":"ReadAction","target":["https:\/\/dosingpump.shop\/cz\/produkt-2\/qdos-120-vzdaleny-santopren-levy\/"]}]},{"@type":"ImageObject","inLanguage":"et","@id":"https:\/\/dosingpump.shop\/cz\/produkt-2\/qdos-120-vzdaleny-santopren-levy\/#primaryimage","url":"https:\/\/dosingpump.shop\/wp-content\/uploads\/2025\/05\/Qdos-20.png","contentUrl":"https:\/\/dosingpump.shop\/wp-content\/uploads\/2025\/05\/Qdos-20.png","width":500,"height":500},{"@type":"BreadcrumbList","@id":"https:\/\/dosingpump.shop\/cz\/produkt-2\/qdos-120-vzdaleny-santopren-levy\/#breadcrumb","itemListElement":[{"@type":"ListItem","position":1,"name":"Home","item":"https:\/\/dosingpump.shop\/"},{"@type":"ListItem","position":2,"name":"Shop","item":"https:\/\/dosingpump.shop\/de\/shop\/"},{"@type":"ListItem","position":3,"name":"Qdos 120 Remote &#8211; Santoprene &#8211; Left"}]},{"@type":"WebSite","@id":"https:\/\/dosingpump.shop\/de\/#website","url":"https:\/\/dosingpump.shop\/de\/","name":"Dosing Pump Shop B.V.","description":"","publisher":{"@id":"https:\/\/dosingpump.shop\/de\/#organization"},"potentialAction":[{"@type":"SearchAction","target":{"@type":"EntryPoint","urlTemplate":"https:\/\/dosingpump.shop\/de\/?s={search_term_string}"},"query-input":{"@type":"PropertyValueSpecification","valueRequired":true,"valueName":"search_term_string"}}],"inLanguage":"et"},{"@type":"Organization","@id":"https:\/\/dosingpump.shop\/de\/#organization","name":"Dosing Pump Shop B.V.","url":"https:\/\/dosingpump.shop\/de\/","logo":{"@type":"ImageObject","inLanguage":"et","@id":"https:\/\/dosingpump.shop\/de\/#\/schema\/logo\/image\/","url":"https:\/\/dosingpump.shop\/wp-content\/uploads\/2024\/10\/Dosing-Pump-Shop-logo.png","contentUrl":"https:\/\/dosingpump.shop\/wp-content\/uploads\/2024\/10\/Dosing-Pump-Shop-logo.png","width":350,"height":45,"caption":"Dosing Pump Shop B.V."},"image":{"@id":"https:\/\/dosingpump.shop\/de\/#\/schema\/logo\/image\/"},"sameAs":["https:\/\/linkedin.com\/company\/dosing-pump-shop"]}]},"product_price_currency":"EUR","og_availability":"instock","product_availability":"instock","product_retailer_item_id":"0M0.421L.GLE","product_condition":"new"},"_links":{"self":[{"href":"https:\/\/dosingpump.shop\/ee\/wp-json\/wp\/v2\/product\/7236","targetHints":{"allow":["GET"]}}],"collection":[{"href":"https:\/\/dosingpump.shop\/ee\/wp-json\/wp\/v2\/product"}],"about":[{"href":"https:\/\/dosingpump.shop\/ee\/wp-json\/wp\/v2\/types\/product"}],"wp:featuredmedia":[{"embeddable":true,"href":"https:\/\/dosingpump.shop\/ee\/wp-json\/wp\/v2\/media\/6975"}],"wp:attachment":[{"href":"https:\/\/dosingpump.shop\/ee\/wp-json\/wp\/v2\/media?parent=7236"}],"wp:term":[{"taxonomy":"product_brand","embeddable":true,"href":"https:\/\/dosingpump.shop\/ee\/wp-json\/wp\/v2\/product_brand?post=7236"},{"taxonomy":"product_cat","embeddable":true,"href":"https:\/\/dosingpump.shop\/ee\/wp-json\/wp\/v2\/product_cat?post=7236"},{"taxonomy":"product_tag","embeddable":true,"href":"https:\/\/dosingpump.shop\/ee\/wp-json\/wp\/v2\/product_tag?post=7236"}],"curies":[{"name":"wp","href":"https:\/\/api.w.org\/{rel}","templated":true}]}}