{"id":7316,"date":"2025-06-12T11:19:00","date_gmt":"2025-06-12T09:19:00","guid":{"rendered":"https:\/\/dosingpump.shop\/product\/slang-4x6-pvc-10-meter\/"},"modified":"2026-02-27T14:50:31","modified_gmt":"2026-02-27T12:50:31","slug":"voolik-4x6-pvc-10-meetrit","status":"publish","type":"product","link":"https:\/\/dosingpump.shop\/ee\/product\/slang-4x6-pvc-10-meter\/","title":{"rendered":"Voolik - 4\u00d76 - PVC - 10 meetrit"},"content":{"rendered":"<p>Kvaliteetsest PVC-st valmistatud 4\u00d76 mm Emeci doseerimisvoolik on oluline komponent erinevate doseerimisrakenduste jaoks. See voolik on 10 meetri pikkune ning pakub usaldusv\u00e4\u00e4rset ja vastupidavat lahendust kemikaalide transportimiseks teie doseerimiss\u00fcsteemis. T\u00e4nu PVC kasutamisele on voolik hea kemikaalikindlus paljude erinevate vedelike suhtes. Sisediameetriga 4 mm ja v\u00e4lisl\u00e4bim\u00f5\u00f5duga 6 mm sobib see voolik s\u00fcsteemidele, mis n\u00f5uavad neid konkreetseid m\u00f5\u00f5tmeid. 10 meetri pikkus pakub optimaalset paindlikkust paigaldamisel ja seda saab vajaduse korral h\u00f5lpsasti m\u00f5\u00f5tu l\u00f5igata. See sobib ideaalselt kasutamiseks Emeci doseerimispumpade ja muude doseerimiss\u00fcsteemidega, kus on vaja usaldusv\u00e4\u00e4rset ja keemiliselt vastupidavat voolikut. PVC on tuntud oma laialdase keemilise \u00fchilduvuse poolest; konkreetsete kemikaalide puhul on k\u00f5ige parem tutvuda keemilise \u00fchilduvuse loeteluga, et tagada PVC sobivus teie rakendusele. See voolik on kuluefektiivne ja usaldusv\u00e4\u00e4rne valik teie doseerimisvajaduste jaoks, mille kvaliteeti v\u00f5ite Emecilt oodata.<\/p>","protected":false},"excerpt":{"rendered":"<ul>\n<li>Emec kvaliteetne PVC voolik<\/li>\n<li>L\u00e4bilaskev\u00f5ime 4\u00d76<\/li>\n<li>Pikkus 10 meetrit<\/li>\n<\/ul>\n<p><em><strong>Saadaval mitmes versioonis<\/strong><\/em><\/p>","protected":false},"featured_media":7252,"template":"","meta":[],"product_brand":[],"product_cat":[34,280],"product_tag":[],"class_list":{"0":"post-7316","1":"product","2":"type-product","3":"status-publish","4":"has-post-thumbnail","6":"product_cat-accessoires","7":"product_cat-slangen","9":"first","10":"instock","11":"taxable","12":"shipping-taxable","13":"purchasable","14":"product-type-simple"},"yoast_head":"<!-- This site is optimized with the Yoast SEO plugin v27.2 - https:\/\/yoast.com\/product\/yoast-seo-wordpress\/ -->\n<title>Slang - 4x6 - PVC - 10 Meter - Dosing Pump Shop B.V.<\/title>\n<meta name=\"robots\" content=\"index, follow, max-snippet:-1, max-image-preview:large, max-video-preview:-1\" \/>\n<link rel=\"canonical\" href=\"https:\/\/dosingpump.shop\/ee\/toode-2\/voolik-4x6-pvc-10-meetrit\/\" \/>\n<meta property=\"og:locale\" content=\"et_EE\" \/>\n<meta property=\"og:type\" content=\"article\" \/>\n<meta property=\"og:title\" content=\"Slang - 4x6 - PVC - 10 Meter - Dosing Pump Shop B.V.\" \/>\n<meta property=\"og:description\" content=\"Emec hoogwaardige PVC Slang  Een doorvoer van 4x6  Lengte van 10 Meter  Beschikbaar in meerdere uitvoeringen\" \/>\n<meta property=\"og:url\" content=\"https:\/\/dosingpump.shop\/ee\/toode-2\/voolik-4x6-pvc-10-meetrit\/\" \/>\n<meta property=\"og:site_name\" content=\"Dosing Pump Shop B.V.\" \/>\n<meta property=\"article:modified_time\" content=\"2026-02-27T12:50:31+00:00\" \/>\n<meta property=\"og:image\" content=\"https:\/\/dosingpump.shop\/wp-content\/uploads\/2025\/06\/Emec-Slangen.png\" \/>\n\t<meta property=\"og:image:width\" content=\"500\" \/>\n\t<meta property=\"og:image:height\" content=\"500\" \/>\n\t<meta property=\"og:image:type\" content=\"image\/png\" \/>\n<meta name=\"twitter:card\" content=\"summary_large_image\" \/>\n<meta name=\"twitter:label1\" content=\"Price\" \/>\n\t<meta name=\"twitter:data1\" content=\"&euro;10,00\" \/>\n\t<meta name=\"twitter:label2\" content=\"Availability\" \/>\n\t<meta name=\"twitter:data2\" content=\"In stock\" \/>\n<script type=\"application\/ld+json\" class=\"yoast-schema-graph\">{\"@context\":\"https:\/\/schema.org\",\"@graph\":[{\"@type\":\"WebPage\",\"@id\":\"https:\/\/dosingpump.shop\/nl\/product\/slang-4x6-pvc-10-meter\/\",\"url\":\"https:\/\/dosingpump.shop\/nl\/product\/slang-4x6-pvc-10-meter\/\",\"name\":\"Slang - 4x6 - PVC - 10 Meter - Dosing Pump Shop B.V.\",\"isPartOf\":{\"@id\":\"https:\/\/dosingpump.shop\/de\/#website\"},\"primaryImageOfPage\":{\"@id\":\"https:\/\/dosingpump.shop\/nl\/product\/slang-4x6-pvc-10-meter\/#primaryimage\"},\"image\":{\"@id\":\"https:\/\/dosingpump.shop\/nl\/product\/slang-4x6-pvc-10-meter\/#primaryimage\"},\"thumbnailUrl\":\"https:\/\/dosingpump.shop\/wp-content\/uploads\/2025\/06\/Emec-Slangen.png\",\"datePublished\":\"2025-06-12T09:19:00+00:00\",\"dateModified\":\"2026-02-27T12:50:31+00:00\",\"breadcrumb\":{\"@id\":\"https:\/\/dosingpump.shop\/nl\/product\/slang-4x6-pvc-10-meter\/#breadcrumb\"},\"inLanguage\":\"et\",\"potentialAction\":[{\"@type\":\"ReadAction\",\"target\":[\"https:\/\/dosingpump.shop\/nl\/product\/slang-4x6-pvc-10-meter\/\"]}]},{\"@type\":\"ImageObject\",\"inLanguage\":\"et\",\"@id\":\"https:\/\/dosingpump.shop\/nl\/product\/slang-4x6-pvc-10-meter\/#primaryimage\",\"url\":\"https:\/\/dosingpump.shop\/wp-content\/uploads\/2025\/06\/Emec-Slangen.png\",\"contentUrl\":\"https:\/\/dosingpump.shop\/wp-content\/uploads\/2025\/06\/Emec-Slangen.png\",\"width\":500,\"height\":500},{\"@type\":\"BreadcrumbList\",\"@id\":\"https:\/\/dosingpump.shop\/nl\/product\/slang-4x6-pvc-10-meter\/#breadcrumb\",\"itemListElement\":[{\"@type\":\"ListItem\",\"position\":1,\"name\":\"Home\",\"item\":\"https:\/\/dosingpump.shop\/\"},{\"@type\":\"ListItem\",\"position\":2,\"name\":\"Shop\",\"item\":\"https:\/\/dosingpump.shop\/de\/shop\/\"},{\"@type\":\"ListItem\",\"position\":3,\"name\":\"Slang &#8211; 4&#215;6 &#8211; PVC &#8211; 10 Meter\"}]},{\"@type\":\"WebSite\",\"@id\":\"https:\/\/dosingpump.shop\/de\/#website\",\"url\":\"https:\/\/dosingpump.shop\/de\/\",\"name\":\"Dosing Pump Shop B.V.\",\"description\":\"\",\"publisher\":{\"@id\":\"https:\/\/dosingpump.shop\/de\/#organization\"},\"potentialAction\":[{\"@type\":\"SearchAction\",\"target\":{\"@type\":\"EntryPoint\",\"urlTemplate\":\"https:\/\/dosingpump.shop\/de\/?s={search_term_string}\"},\"query-input\":{\"@type\":\"PropertyValueSpecification\",\"valueRequired\":true,\"valueName\":\"search_term_string\"}}],\"inLanguage\":\"et\"},{\"@type\":\"Organization\",\"@id\":\"https:\/\/dosingpump.shop\/de\/#organization\",\"name\":\"Dosing Pump Shop B.V.\",\"url\":\"https:\/\/dosingpump.shop\/de\/\",\"logo\":{\"@type\":\"ImageObject\",\"inLanguage\":\"et\",\"@id\":\"https:\/\/dosingpump.shop\/de\/#\/schema\/logo\/image\/\",\"url\":\"https:\/\/dosingpump.shop\/wp-content\/uploads\/2024\/10\/Dosing-Pump-Shop-logo.png\",\"contentUrl\":\"https:\/\/dosingpump.shop\/wp-content\/uploads\/2024\/10\/Dosing-Pump-Shop-logo.png\",\"width\":350,\"height\":45,\"caption\":\"Dosing Pump Shop B.V.\"},\"image\":{\"@id\":\"https:\/\/dosingpump.shop\/de\/#\/schema\/logo\/image\/\"},\"sameAs\":[\"https:\/\/linkedin.com\/company\/dosing-pump-shop\"]}]}<\/script>\n<meta property=\"product:price:amount\" content=\"10.00\" \/>\n<meta property=\"product:price:currency\" content=\"EUR\" \/>\n<meta property=\"og:availability\" content=\"instock\" \/>\n<meta property=\"product:availability\" content=\"instock\" \/>\n<meta property=\"product:retailer_item_id\" content=\"049.0339.0\" \/>\n<meta property=\"product:condition\" content=\"new\" \/>\n<!-- \/ Yoast SEO plugin. -->","yoast_head_json":{"title":"Voolik - 4x6 - PVC - 10 meetrit - Dosing Pump Shop B.V.","robots":{"index":"index","follow":"follow","max-snippet":"max-snippet:-1","max-image-preview":"max-image-preview:large","max-video-preview":"max-video-preview:-1"},"canonical":"https:\/\/dosingpump.shop\/ee\/toode-2\/voolik-4x6-pvc-10-meetrit\/","og_locale":"et_EE","og_type":"article","og_title":"Slang - 4x6 - PVC - 10 Meter - Dosing Pump Shop B.V.","og_description":"Emec hoogwaardige PVC Slang  Een doorvoer van 4x6  Lengte van 10 Meter  Beschikbaar in meerdere uitvoeringen","og_url":"https:\/\/dosingpump.shop\/ee\/toode-2\/voolik-4x6-pvc-10-meetrit\/","og_site_name":"Dosing Pump Shop B.V.","article_modified_time":"2026-02-27T12:50:31+00:00","og_image":[{"width":500,"height":500,"url":"https:\/\/dosingpump.shop\/wp-content\/uploads\/2025\/06\/Emec-Slangen.png","type":"image\/png"}],"twitter_card":"summary_large_image","twitter_misc":{"Price":"&euro;10,00","Availability":"In stock"},"schema":{"@context":"https:\/\/schema.org","@graph":[{"@type":"WebPage","@id":"https:\/\/dosingpump.shop\/nl\/product\/slang-4x6-pvc-10-meter\/","url":"https:\/\/dosingpump.shop\/nl\/product\/slang-4x6-pvc-10-meter\/","name":"Voolik - 4x6 - PVC - 10 meetrit - Dosing Pump Shop B.V.","isPartOf":{"@id":"https:\/\/dosingpump.shop\/de\/#website"},"primaryImageOfPage":{"@id":"https:\/\/dosingpump.shop\/nl\/product\/slang-4x6-pvc-10-meter\/#primaryimage"},"image":{"@id":"https:\/\/dosingpump.shop\/nl\/product\/slang-4x6-pvc-10-meter\/#primaryimage"},"thumbnailUrl":"https:\/\/dosingpump.shop\/wp-content\/uploads\/2025\/06\/Emec-Slangen.png","datePublished":"2025-06-12T09:19:00+00:00","dateModified":"2026-02-27T12:50:31+00:00","breadcrumb":{"@id":"https:\/\/dosingpump.shop\/nl\/product\/slang-4x6-pvc-10-meter\/#breadcrumb"},"inLanguage":"et","potentialAction":[{"@type":"ReadAction","target":["https:\/\/dosingpump.shop\/nl\/product\/slang-4x6-pvc-10-meter\/"]}]},{"@type":"ImageObject","inLanguage":"et","@id":"https:\/\/dosingpump.shop\/nl\/product\/slang-4x6-pvc-10-meter\/#primaryimage","url":"https:\/\/dosingpump.shop\/wp-content\/uploads\/2025\/06\/Emec-Slangen.png","contentUrl":"https:\/\/dosingpump.shop\/wp-content\/uploads\/2025\/06\/Emec-Slangen.png","width":500,"height":500},{"@type":"BreadcrumbList","@id":"https:\/\/dosingpump.shop\/nl\/product\/slang-4x6-pvc-10-meter\/#breadcrumb","itemListElement":[{"@type":"ListItem","position":1,"name":"Home","item":"https:\/\/dosingpump.shop\/"},{"@type":"ListItem","position":2,"name":"Shop","item":"https:\/\/dosingpump.shop\/de\/shop\/"},{"@type":"ListItem","position":3,"name":"Slang &#8211; 4&#215;6 &#8211; PVC &#8211; 10 Meter"}]},{"@type":"WebSite","@id":"https:\/\/dosingpump.shop\/de\/#website","url":"https:\/\/dosingpump.shop\/de\/","name":"Dosing Pump Shop B.V.","description":"","publisher":{"@id":"https:\/\/dosingpump.shop\/de\/#organization"},"potentialAction":[{"@type":"SearchAction","target":{"@type":"EntryPoint","urlTemplate":"https:\/\/dosingpump.shop\/de\/?s={search_term_string}"},"query-input":{"@type":"PropertyValueSpecification","valueRequired":true,"valueName":"search_term_string"}}],"inLanguage":"et"},{"@type":"Organization","@id":"https:\/\/dosingpump.shop\/de\/#organization","name":"Dosing Pump Shop B.V.","url":"https:\/\/dosingpump.shop\/de\/","logo":{"@type":"ImageObject","inLanguage":"et","@id":"https:\/\/dosingpump.shop\/de\/#\/schema\/logo\/image\/","url":"https:\/\/dosingpump.shop\/wp-content\/uploads\/2024\/10\/Dosing-Pump-Shop-logo.png","contentUrl":"https:\/\/dosingpump.shop\/wp-content\/uploads\/2024\/10\/Dosing-Pump-Shop-logo.png","width":350,"height":45,"caption":"Dosing Pump Shop B.V."},"image":{"@id":"https:\/\/dosingpump.shop\/de\/#\/schema\/logo\/image\/"},"sameAs":["https:\/\/linkedin.com\/company\/dosing-pump-shop"]}]},"product_price_amount":"10.00","product_price_currency":"EUR","og_availability":"instock","product_availability":"instock","product_retailer_item_id":"049.0339.0","product_condition":"new"},"_links":{"self":[{"href":"https:\/\/dosingpump.shop\/ee\/wp-json\/wp\/v2\/product\/7316","targetHints":{"allow":["GET"]}}],"collection":[{"href":"https:\/\/dosingpump.shop\/ee\/wp-json\/wp\/v2\/product"}],"about":[{"href":"https:\/\/dosingpump.shop\/ee\/wp-json\/wp\/v2\/types\/product"}],"wp:featuredmedia":[{"embeddable":true,"href":"https:\/\/dosingpump.shop\/ee\/wp-json\/wp\/v2\/media\/7252"}],"wp:attachment":[{"href":"https:\/\/dosingpump.shop\/ee\/wp-json\/wp\/v2\/media?parent=7316"}],"wp:term":[{"taxonomy":"product_brand","embeddable":true,"href":"https:\/\/dosingpump.shop\/ee\/wp-json\/wp\/v2\/product_brand?post=7316"},{"taxonomy":"product_cat","embeddable":true,"href":"https:\/\/dosingpump.shop\/ee\/wp-json\/wp\/v2\/product_cat?post=7316"},{"taxonomy":"product_tag","embeddable":true,"href":"https:\/\/dosingpump.shop\/ee\/wp-json\/wp\/v2\/product_tag?post=7316"}],"curies":[{"name":"wp","href":"https:\/\/api.w.org\/{rel}","templated":true}]}}