{"id":8385,"date":"2025-10-03T13:54:28","date_gmt":"2025-10-03T11:54:28","guid":{"rendered":"https:\/\/dosingpump.shop\/product\/qdos-renu-pompkop-qdos-120-santoprene-4-bar-60-psi\/"},"modified":"2026-03-10T23:21:37","modified_gmt":"2026-03-10T22:21:37","slug":"qdos-renu-pumba-pea-qdos-120-santopreen-4-bar-60-psi","status":"publish","type":"product","link":"https:\/\/dosingpump.shop\/ee\/product\/qdos-renu-pompkop-qdos-120-santoprene-4-bar-60-psi\/","title":{"rendered":"Qdos ReNu pumbapea Qdos 120 Santopreen (4 bar\/60 psi)"},"content":{"rendered":"<p>ReNu 120 Santopreenist pumbapea on oluline varuosa, mis on m\u00f5eldud Qdos 120 peristaltilise doseerimispumba jaoks. See pumbapea on optimeeritud Qdos-seeria k\u00f5rgeima vooluhulga jaoks, mille l\u00e4bilaskev\u00f5ime on kuni 2000 ml\/min. T\u00e4nu Santopreenist torumaterjali kasutamisele vedeliku teekonnal sobib see variant paljude kemikaalide jaoks kuni 4 baari (60 psi) t\u00f6\u00f6r\u00f5hu juures. S\u00fcsteem on kavandatud v\u00e4ga t\u00e4pse ja korratava vedeliku voolu tagamiseks, mille t\u00e4psus on \u00b11%.<\/p>\n<p>Uuenduslik ReNu konstruktsioon on p\u00f5hiline protsessiaja (t\u00f6\u00f6aja) maksimeerimisel, k\u00f5rvaldades sellised probleemid nagu gaasi kogunemine ja klapi ummistumine. Pumbapea vahetamine on lihtne t\u00e4nu t\u00f6\u00f6riistadeta vahetamisele. Lisaks sellele aitab sisseehitatud vedeliku taastamise funktsioon kaasa operaatori ohutusele ja v\u00e4ldib tarbetuid kemikaalij\u00e4\u00e4tmeid. ReNu 120 Santoprene'i pumbapea on kontrollitud voolusuhtega 20000:1 ohutu ja t\u00f5hus lahendus suuremahulisteks doseerimisrakendusteks.<\/p>","protected":false},"excerpt":{"rendered":"<ul>\n<li>4 bar\/60 psi<\/li>\n<li>Sobib Qdos 120 jaoks<\/li>\n<li>Santopreenist voolik<\/li>\n<\/ul>","protected":false},"featured_media":8388,"template":"","meta":[],"product_brand":[],"product_cat":[329],"product_tag":[],"class_list":{"0":"post-8385","1":"product","2":"type-product","3":"status-publish","4":"has-post-thumbnail","6":"product_cat-qdos-pompkoppen","8":"first","9":"instock","10":"taxable","11":"shipping-taxable","12":"product-type-simple"},"yoast_head":"<!-- This site is optimized with the Yoast SEO plugin v27.2 - https:\/\/yoast.com\/product\/yoast-seo-wordpress\/ -->\n<title>Qdos ReNu Pompkop Qdos 120 Santoprene (4 bar\/60 psi) - Dosing Pump Shop B.V.<\/title>\n<meta name=\"robots\" content=\"index, follow, max-snippet:-1, max-image-preview:large, max-video-preview:-1\" \/>\n<link rel=\"canonical\" href=\"https:\/\/dosingpump.shop\/ee\/toode-2\/qdos-renu-pumba-pea-qdos-120-santopreen-4-bar-60-psi\/\" \/>\n<meta property=\"og:locale\" content=\"et_EE\" \/>\n<meta property=\"og:type\" content=\"article\" \/>\n<meta property=\"og:title\" content=\"Qdos ReNu Pompkop Qdos 120 Santoprene (4 bar\/60 psi) - Dosing Pump Shop B.V.\" \/>\n<meta property=\"og:description\" content=\"4 bar\/60 psi  Geschikt voor Qdos 120  Slang van Santoprene\" \/>\n<meta property=\"og:url\" content=\"https:\/\/dosingpump.shop\/ee\/toode-2\/qdos-renu-pumba-pea-qdos-120-santopreen-4-bar-60-psi\/\" \/>\n<meta property=\"og:site_name\" content=\"Dosing Pump Shop B.V.\" \/>\n<meta property=\"article:modified_time\" content=\"2026-03-10T22:21:37+00:00\" \/>\n<meta property=\"og:image\" content=\"https:\/\/dosingpump.shop\/wp-content\/uploads\/2025\/10\/Pompkoppen-QDos-removebg-preview.png\" \/>\n\t<meta property=\"og:image:width\" content=\"500\" \/>\n\t<meta property=\"og:image:height\" content=\"500\" \/>\n\t<meta property=\"og:image:type\" content=\"image\/png\" \/>\n<meta name=\"twitter:card\" content=\"summary_large_image\" \/>\n<meta name=\"twitter:label1\" content=\"Price\" \/>\n\t<meta name=\"twitter:data1\" content=\"\" \/>\n\t<meta name=\"twitter:label2\" content=\"Availability\" \/>\n\t<meta name=\"twitter:data2\" content=\"In stock\" \/>\n<script type=\"application\/ld+json\" class=\"yoast-schema-graph\">{\"@context\":\"https:\/\/schema.org\",\"@graph\":[{\"@type\":\"WebPage\",\"@id\":\"https:\/\/dosingpump.shop\/product\/qdos-renu-pompkop-qdos-120-santoprene-4-bar-60-psi\/\",\"url\":\"https:\/\/dosingpump.shop\/product\/qdos-renu-pompkop-qdos-120-santoprene-4-bar-60-psi\/\",\"name\":\"Qdos ReNu Pompkop Qdos 120 Santoprene (4 bar\/60 psi) - Dosing Pump Shop B.V.\",\"isPartOf\":{\"@id\":\"https:\/\/dosingpump.shop\/de\/#website\"},\"primaryImageOfPage\":{\"@id\":\"https:\/\/dosingpump.shop\/product\/qdos-renu-pompkop-qdos-120-santoprene-4-bar-60-psi\/#primaryimage\"},\"image\":{\"@id\":\"https:\/\/dosingpump.shop\/product\/qdos-renu-pompkop-qdos-120-santoprene-4-bar-60-psi\/#primaryimage\"},\"thumbnailUrl\":\"https:\/\/dosingpump.shop\/wp-content\/uploads\/2025\/10\/Pompkoppen-QDos-removebg-preview.png\",\"datePublished\":\"2025-10-03T11:54:28+00:00\",\"dateModified\":\"2026-03-10T22:21:37+00:00\",\"breadcrumb\":{\"@id\":\"https:\/\/dosingpump.shop\/product\/qdos-renu-pompkop-qdos-120-santoprene-4-bar-60-psi\/#breadcrumb\"},\"inLanguage\":\"et\",\"potentialAction\":[{\"@type\":\"ReadAction\",\"target\":[\"https:\/\/dosingpump.shop\/product\/qdos-renu-pompkop-qdos-120-santoprene-4-bar-60-psi\/\"]}]},{\"@type\":\"ImageObject\",\"inLanguage\":\"et\",\"@id\":\"https:\/\/dosingpump.shop\/product\/qdos-renu-pompkop-qdos-120-santoprene-4-bar-60-psi\/#primaryimage\",\"url\":\"https:\/\/dosingpump.shop\/wp-content\/uploads\/2025\/10\/Pompkoppen-QDos-removebg-preview.png\",\"contentUrl\":\"https:\/\/dosingpump.shop\/wp-content\/uploads\/2025\/10\/Pompkoppen-QDos-removebg-preview.png\",\"width\":500,\"height\":500},{\"@type\":\"BreadcrumbList\",\"@id\":\"https:\/\/dosingpump.shop\/product\/qdos-renu-pompkop-qdos-120-santoprene-4-bar-60-psi\/#breadcrumb\",\"itemListElement\":[{\"@type\":\"ListItem\",\"position\":1,\"name\":\"Home\",\"item\":\"https:\/\/dosingpump.shop\/\"},{\"@type\":\"ListItem\",\"position\":2,\"name\":\"Shop\",\"item\":\"https:\/\/dosingpump.shop\/de\/shop\/\"},{\"@type\":\"ListItem\",\"position\":3,\"name\":\"Qdos ReNu Pompkop Qdos 120 Santoprene (4 bar\/60 psi)\"}]},{\"@type\":\"WebSite\",\"@id\":\"https:\/\/dosingpump.shop\/de\/#website\",\"url\":\"https:\/\/dosingpump.shop\/de\/\",\"name\":\"Dosing Pump Shop B.V.\",\"description\":\"\",\"publisher\":{\"@id\":\"https:\/\/dosingpump.shop\/de\/#organization\"},\"potentialAction\":[{\"@type\":\"SearchAction\",\"target\":{\"@type\":\"EntryPoint\",\"urlTemplate\":\"https:\/\/dosingpump.shop\/de\/?s={search_term_string}\"},\"query-input\":{\"@type\":\"PropertyValueSpecification\",\"valueRequired\":true,\"valueName\":\"search_term_string\"}}],\"inLanguage\":\"et\"},{\"@type\":\"Organization\",\"@id\":\"https:\/\/dosingpump.shop\/de\/#organization\",\"name\":\"Dosing Pump Shop B.V.\",\"url\":\"https:\/\/dosingpump.shop\/de\/\",\"logo\":{\"@type\":\"ImageObject\",\"inLanguage\":\"et\",\"@id\":\"https:\/\/dosingpump.shop\/de\/#\/schema\/logo\/image\/\",\"url\":\"https:\/\/dosingpump.shop\/wp-content\/uploads\/2024\/10\/Dosing-Pump-Shop-logo.png\",\"contentUrl\":\"https:\/\/dosingpump.shop\/wp-content\/uploads\/2024\/10\/Dosing-Pump-Shop-logo.png\",\"width\":350,\"height\":45,\"caption\":\"Dosing Pump Shop B.V.\"},\"image\":{\"@id\":\"https:\/\/dosingpump.shop\/de\/#\/schema\/logo\/image\/\"},\"sameAs\":[\"https:\/\/linkedin.com\/company\/dosing-pump-shop\"]}]}<\/script>\n<meta property=\"product:price:currency\" content=\"EUR\" \/>\n<meta property=\"og:availability\" content=\"instock\" \/>\n<meta property=\"product:availability\" content=\"instock\" \/>\n<meta property=\"product:retailer_item_id\" content=\"0M3.4200.PFP \" \/>\n<meta property=\"product:condition\" content=\"new\" \/>\n<!-- \/ Yoast SEO plugin. -->","yoast_head_json":{"title":"Qdos ReNu pumbapea Qdos 120 Santopreen (4 bar\/60 psi) - Dosing Pump Shop B.V.","robots":{"index":"index","follow":"follow","max-snippet":"max-snippet:-1","max-image-preview":"max-image-preview:large","max-video-preview":"max-video-preview:-1"},"canonical":"https:\/\/dosingpump.shop\/ee\/toode-2\/qdos-renu-pumba-pea-qdos-120-santopreen-4-bar-60-psi\/","og_locale":"et_EE","og_type":"article","og_title":"Qdos ReNu Pompkop Qdos 120 Santoprene (4 bar\/60 psi) - Dosing Pump Shop B.V.","og_description":"4 bar\/60 psi  Geschikt voor Qdos 120  Slang van Santoprene","og_url":"https:\/\/dosingpump.shop\/ee\/toode-2\/qdos-renu-pumba-pea-qdos-120-santopreen-4-bar-60-psi\/","og_site_name":"Dosing Pump Shop B.V.","article_modified_time":"2026-03-10T22:21:37+00:00","og_image":[{"width":500,"height":500,"url":"https:\/\/dosingpump.shop\/wp-content\/uploads\/2025\/10\/Pompkoppen-QDos-removebg-preview.png","type":"image\/png"}],"twitter_card":"summary_large_image","twitter_misc":{"Price":"","Availability":"In stock"},"schema":{"@context":"https:\/\/schema.org","@graph":[{"@type":"WebPage","@id":"https:\/\/dosingpump.shop\/product\/qdos-renu-pompkop-qdos-120-santoprene-4-bar-60-psi\/","url":"https:\/\/dosingpump.shop\/product\/qdos-renu-pompkop-qdos-120-santoprene-4-bar-60-psi\/","name":"Qdos ReNu pumbapea Qdos 120 Santopreen (4 bar\/60 psi) - Dosing Pump Shop B.V.","isPartOf":{"@id":"https:\/\/dosingpump.shop\/de\/#website"},"primaryImageOfPage":{"@id":"https:\/\/dosingpump.shop\/product\/qdos-renu-pompkop-qdos-120-santoprene-4-bar-60-psi\/#primaryimage"},"image":{"@id":"https:\/\/dosingpump.shop\/product\/qdos-renu-pompkop-qdos-120-santoprene-4-bar-60-psi\/#primaryimage"},"thumbnailUrl":"https:\/\/dosingpump.shop\/wp-content\/uploads\/2025\/10\/Pompkoppen-QDos-removebg-preview.png","datePublished":"2025-10-03T11:54:28+00:00","dateModified":"2026-03-10T22:21:37+00:00","breadcrumb":{"@id":"https:\/\/dosingpump.shop\/product\/qdos-renu-pompkop-qdos-120-santoprene-4-bar-60-psi\/#breadcrumb"},"inLanguage":"et","potentialAction":[{"@type":"ReadAction","target":["https:\/\/dosingpump.shop\/product\/qdos-renu-pompkop-qdos-120-santoprene-4-bar-60-psi\/"]}]},{"@type":"ImageObject","inLanguage":"et","@id":"https:\/\/dosingpump.shop\/product\/qdos-renu-pompkop-qdos-120-santoprene-4-bar-60-psi\/#primaryimage","url":"https:\/\/dosingpump.shop\/wp-content\/uploads\/2025\/10\/Pompkoppen-QDos-removebg-preview.png","contentUrl":"https:\/\/dosingpump.shop\/wp-content\/uploads\/2025\/10\/Pompkoppen-QDos-removebg-preview.png","width":500,"height":500},{"@type":"BreadcrumbList","@id":"https:\/\/dosingpump.shop\/product\/qdos-renu-pompkop-qdos-120-santoprene-4-bar-60-psi\/#breadcrumb","itemListElement":[{"@type":"ListItem","position":1,"name":"Home","item":"https:\/\/dosingpump.shop\/"},{"@type":"ListItem","position":2,"name":"Shop","item":"https:\/\/dosingpump.shop\/de\/shop\/"},{"@type":"ListItem","position":3,"name":"Qdos ReNu Pompkop Qdos 120 Santoprene (4 bar\/60 psi)"}]},{"@type":"WebSite","@id":"https:\/\/dosingpump.shop\/de\/#website","url":"https:\/\/dosingpump.shop\/de\/","name":"Dosing Pump Shop B.V.","description":"","publisher":{"@id":"https:\/\/dosingpump.shop\/de\/#organization"},"potentialAction":[{"@type":"SearchAction","target":{"@type":"EntryPoint","urlTemplate":"https:\/\/dosingpump.shop\/de\/?s={search_term_string}"},"query-input":{"@type":"PropertyValueSpecification","valueRequired":true,"valueName":"search_term_string"}}],"inLanguage":"et"},{"@type":"Organization","@id":"https:\/\/dosingpump.shop\/de\/#organization","name":"Dosing Pump Shop B.V.","url":"https:\/\/dosingpump.shop\/de\/","logo":{"@type":"ImageObject","inLanguage":"et","@id":"https:\/\/dosingpump.shop\/de\/#\/schema\/logo\/image\/","url":"https:\/\/dosingpump.shop\/wp-content\/uploads\/2024\/10\/Dosing-Pump-Shop-logo.png","contentUrl":"https:\/\/dosingpump.shop\/wp-content\/uploads\/2024\/10\/Dosing-Pump-Shop-logo.png","width":350,"height":45,"caption":"Dosing Pump Shop B.V."},"image":{"@id":"https:\/\/dosingpump.shop\/de\/#\/schema\/logo\/image\/"},"sameAs":["https:\/\/linkedin.com\/company\/dosing-pump-shop"]}]},"product_price_currency":"EUR","og_availability":"instock","product_availability":"instock","product_retailer_item_id":"0M3.4200.PFP ","product_condition":"new"},"_links":{"self":[{"href":"https:\/\/dosingpump.shop\/ee\/wp-json\/wp\/v2\/product\/8385","targetHints":{"allow":["GET"]}}],"collection":[{"href":"https:\/\/dosingpump.shop\/ee\/wp-json\/wp\/v2\/product"}],"about":[{"href":"https:\/\/dosingpump.shop\/ee\/wp-json\/wp\/v2\/types\/product"}],"wp:featuredmedia":[{"embeddable":true,"href":"https:\/\/dosingpump.shop\/ee\/wp-json\/wp\/v2\/media\/8388"}],"wp:attachment":[{"href":"https:\/\/dosingpump.shop\/ee\/wp-json\/wp\/v2\/media?parent=8385"}],"wp:term":[{"taxonomy":"product_brand","embeddable":true,"href":"https:\/\/dosingpump.shop\/ee\/wp-json\/wp\/v2\/product_brand?post=8385"},{"taxonomy":"product_cat","embeddable":true,"href":"https:\/\/dosingpump.shop\/ee\/wp-json\/wp\/v2\/product_cat?post=8385"},{"taxonomy":"product_tag","embeddable":true,"href":"https:\/\/dosingpump.shop\/ee\/wp-json\/wp\/v2\/product_tag?post=8385"}],"curies":[{"name":"wp","href":"https:\/\/api.w.org\/{rel}","templated":true}]}}