{"id":3958,"date":"2024-12-05T14:21:36","date_gmt":"2024-12-05T12:21:36","guid":{"rendered":"https:\/\/dosingpump.shop\/product\/emec-lini-chemische-injectielans\/"},"modified":"2026-03-31T15:13:07","modified_gmt":"2026-03-31T13:13:07","slug":"lanza-de-inyeccion-quimica-emec-lini","status":"publish","type":"product","link":"https:\/\/dosingpump.shop\/es\/product\/emec-lini-chemische-injectielans\/","title":{"rendered":"Lanza de inyecci\u00f3n qu\u00edmica Emec LINI"},"content":{"rendered":"<p>La lanza de inyecci\u00f3n qu\u00edmica Emec LINI es un componente crucial para los sistemas que requieren una dosificaci\u00f3n qu\u00edmica precisa, especialmente cuando la bomba dosificadora est\u00e1 situada por debajo del nivel del l\u00edquido. Mientras que las v\u00e1lvulas de inyecci\u00f3n est\u00e1ndar suelen causar problemas como la cristalizaci\u00f3n y la acumulaci\u00f3n de dep\u00f3sitos qu\u00edmicos, la lanza de inyecci\u00f3n Emec LINI resuelve eficazmente estos problemas.<\/p>\n<p>El dise\u00f1o inteligente de esta lanza de inyecci\u00f3n facilita la retirada del punto de inyecci\u00f3n, incluso en sistemas de sobrepresi\u00f3n, gracias a la v\u00e1lvula de retenci\u00f3n opcional integrada en la lanza. Esto no solo aumenta la facilidad de uso, sino tambi\u00e9n la seguridad operativa.<\/p>\n<p>La lanza de inyecci\u00f3n Emec LINI est\u00e1 disponible en una gran variedad de materiales de alta calidad, como PP, PVDF y acero inoxidable 316. Esta variedad garantiza que la lanza pueda soportar temperaturas de hasta 200 \u00b0C y presiones de hasta 25 bares, dependiendo de la versi\u00f3n elegida. Esto convierte a la lanza de inyecci\u00f3n Emec LINI en una soluci\u00f3n vers\u00e1til y robusta para una amplia gama de aplicaciones industriales.<\/p>\n<p>Actualmente, ofrecemos espec\u00edficamente el LINI-V 1\/2\u2033 (adecuado para mangueras de 4x6 mm a 8x12 mm) tanto en PVDF como en PP, con juntas t\u00f3ricas de Viton o EPDM. Sin embargo, \u00bfest\u00e1 buscando una configuraci\u00f3n diferente o unas dimensiones espec\u00edficas? No dude en ponerse en contacto con nosotros para solicitar un presupuesto sin compromiso.<\/p>","protected":false},"excerpt":{"rendered":"<p>Lanza de inyecci\u00f3n Emec para inyectar l\u00edquidos por debajo del nivel de l\u00edquido o sistemas de sobrepresi\u00f3n. Disponible en PP, PVDF y acero inoxidable 316.<\/p>\n<p>Dise\u00f1o: LINI-V 1\/2 (4X6mm a 8x12mm) en PVDF o PP. Juntas t\u00f3ricas: Viton o EPDM.<\/p>\n<p>\u00bfNecesita otra versi\u00f3n? P\u00eddanos presupuesto<\/p>","protected":false},"featured_media":3957,"template":"","meta":[],"product_brand":[],"product_cat":[34],"product_tag":[],"class_list":{"0":"post-3958","1":"product","2":"type-product","3":"status-publish","4":"has-post-thumbnail","6":"product_cat-accessoires","8":"first","9":"instock","10":"taxable","11":"shipping-taxable","12":"purchasable","13":"product-type-simple"},"yoast_head":"<!-- This site is optimized with the Yoast SEO plugin v27.2 - https:\/\/yoast.com\/product\/yoast-seo-wordpress\/ -->\n<title>Emec LINI Chemische Injectielans | Dosing Pump Shop B.V.<\/title>\n<meta name=\"description\" content=\"Emec LINI injectielans voor het injecteren van chemische vloeistoffen. Diverse materialen en configuraties leverbaar. Kijk in onze webshop!\" \/>\n<meta name=\"robots\" content=\"index, follow, max-snippet:-1, max-image-preview:large, max-video-preview:-1\" \/>\n<link rel=\"canonical\" href=\"https:\/\/dosingpump.shop\/es\/producto\/lanza-de-inyeccion-quimica-emec-lini\/\" \/>\n<meta property=\"og:locale\" content=\"es_ES\" \/>\n<meta property=\"og:type\" content=\"article\" \/>\n<meta property=\"og:title\" content=\"Emec LINI Chemische Injectielans | Dosing Pump Shop B.V.\" \/>\n<meta property=\"og:description\" content=\"Emec LINI injectielans voor het injecteren van chemische vloeistoffen. Diverse materialen en configuraties leverbaar. Kijk in onze webshop!\" \/>\n<meta property=\"og:url\" content=\"https:\/\/dosingpump.shop\/es\/producto\/lanza-de-inyeccion-quimica-emec-lini\/\" \/>\n<meta property=\"og:site_name\" content=\"Dosing Pump Shop B.V.\" \/>\n<meta property=\"article:modified_time\" content=\"2026-03-31T13:13:07+00:00\" \/>\n<meta property=\"og:image\" content=\"https:\/\/dosingpump.shop\/wp-content\/uploads\/2024\/12\/Emec-LINI-Chemische-Injectielans.webp\" \/>\n\t<meta property=\"og:image:width\" content=\"500\" \/>\n\t<meta property=\"og:image:height\" content=\"500\" \/>\n\t<meta property=\"og:image:type\" content=\"image\/webp\" \/>\n<meta name=\"twitter:card\" content=\"summary_large_image\" \/>\n<meta name=\"twitter:label1\" content=\"Precio\" \/>\n\t<meta name=\"twitter:data1\" content=\"&euro;107,00\" \/>\n\t<meta name=\"twitter:label2\" content=\"Disponibilidad\" \/>\n\t<meta name=\"twitter:data2\" content=\"Disponible\" \/>\n<script type=\"application\/ld+json\" class=\"yoast-schema-graph\">{\"@context\":\"https:\/\/schema.org\",\"@graph\":[{\"@type\":\"WebPage\",\"@id\":\"https:\/\/dosingpump.shop\/product\/emec-lini-chemische-injectielans\/\",\"url\":\"https:\/\/dosingpump.shop\/product\/emec-lini-chemische-injectielans\/\",\"name\":\"Emec LINI Chemische Injectielans | Dosing Pump Shop B.V.\",\"isPartOf\":{\"@id\":\"https:\/\/dosingpump.shop\/de\/#website\"},\"primaryImageOfPage\":{\"@id\":\"https:\/\/dosingpump.shop\/product\/emec-lini-chemische-injectielans\/#primaryimage\"},\"image\":{\"@id\":\"https:\/\/dosingpump.shop\/product\/emec-lini-chemische-injectielans\/#primaryimage\"},\"thumbnailUrl\":\"https:\/\/dosingpump.shop\/wp-content\/uploads\/2024\/12\/Emec-LINI-Chemische-Injectielans.webp\",\"datePublished\":\"2024-12-05T12:21:36+00:00\",\"dateModified\":\"2026-03-31T13:13:07+00:00\",\"description\":\"Emec LINI injectielans voor het injecteren van chemische vloeistoffen. Diverse materialen en configuraties leverbaar. Kijk in onze webshop!\",\"breadcrumb\":{\"@id\":\"https:\/\/dosingpump.shop\/product\/emec-lini-chemische-injectielans\/#breadcrumb\"},\"inLanguage\":\"es\",\"potentialAction\":[{\"@type\":\"ReadAction\",\"target\":[\"https:\/\/dosingpump.shop\/product\/emec-lini-chemische-injectielans\/\"]}]},{\"@type\":\"ImageObject\",\"inLanguage\":\"es\",\"@id\":\"https:\/\/dosingpump.shop\/product\/emec-lini-chemische-injectielans\/#primaryimage\",\"url\":\"https:\/\/dosingpump.shop\/wp-content\/uploads\/2024\/12\/Emec-LINI-Chemische-Injectielans.webp\",\"contentUrl\":\"https:\/\/dosingpump.shop\/wp-content\/uploads\/2024\/12\/Emec-LINI-Chemische-Injectielans.webp\",\"width\":500,\"height\":500},{\"@type\":\"BreadcrumbList\",\"@id\":\"https:\/\/dosingpump.shop\/product\/emec-lini-chemische-injectielans\/#breadcrumb\",\"itemListElement\":[{\"@type\":\"ListItem\",\"position\":1,\"name\":\"Home\",\"item\":\"https:\/\/dosingpump.shop\/\"},{\"@type\":\"ListItem\",\"position\":2,\"name\":\"Shop\",\"item\":\"https:\/\/dosingpump.shop\/de\/shop\/\"},{\"@type\":\"ListItem\",\"position\":3,\"name\":\"Emec LINI Chemische Injectielans\"}]},{\"@type\":\"WebSite\",\"@id\":\"https:\/\/dosingpump.shop\/de\/#website\",\"url\":\"https:\/\/dosingpump.shop\/de\/\",\"name\":\"Dosing Pump Shop B.V.\",\"description\":\"\",\"publisher\":{\"@id\":\"https:\/\/dosingpump.shop\/de\/#organization\"},\"potentialAction\":[{\"@type\":\"SearchAction\",\"target\":{\"@type\":\"EntryPoint\",\"urlTemplate\":\"https:\/\/dosingpump.shop\/de\/?s={search_term_string}\"},\"query-input\":{\"@type\":\"PropertyValueSpecification\",\"valueRequired\":true,\"valueName\":\"search_term_string\"}}],\"inLanguage\":\"es\"},{\"@type\":\"Organization\",\"@id\":\"https:\/\/dosingpump.shop\/de\/#organization\",\"name\":\"Dosing Pump Shop B.V.\",\"url\":\"https:\/\/dosingpump.shop\/de\/\",\"logo\":{\"@type\":\"ImageObject\",\"inLanguage\":\"es\",\"@id\":\"https:\/\/dosingpump.shop\/de\/#\/schema\/logo\/image\/\",\"url\":\"https:\/\/dosingpump.shop\/wp-content\/uploads\/2024\/10\/Dosing-Pump-Shop-logo.png\",\"contentUrl\":\"https:\/\/dosingpump.shop\/wp-content\/uploads\/2024\/10\/Dosing-Pump-Shop-logo.png\",\"width\":350,\"height\":45,\"caption\":\"Dosing Pump Shop B.V.\"},\"image\":{\"@id\":\"https:\/\/dosingpump.shop\/de\/#\/schema\/logo\/image\/\"},\"sameAs\":[\"https:\/\/linkedin.com\/company\/dosing-pump-shop\"]}]}<\/script>\n<meta property=\"product:price:amount\" content=\"107.00\" \/>\n<meta property=\"product:price:currency\" content=\"EUR\" \/>\n<meta property=\"og:availability\" content=\"instock\" \/>\n<meta property=\"product:availability\" content=\"instock\" \/>\n<meta property=\"product:retailer_item_id\" content=\"Emec-LINI-NL-LINI-D\" \/>\n<meta property=\"product:condition\" content=\"new\" \/>\n<!-- \/ Yoast SEO plugin. -->","yoast_head_json":{"title":"Emec LINI Lanza de inyecci\u00f3n qu\u00edmica | Dosing Pump Shop B.V.","description":"Lanza de inyecci\u00f3n Emec LINI para inyectar l\u00edquidos qu\u00edmicos. Varios materiales y configuraciones disponibles. Consulte nuestra tienda en l\u00ednea.","robots":{"index":"index","follow":"follow","max-snippet":"max-snippet:-1","max-image-preview":"max-image-preview:large","max-video-preview":"max-video-preview:-1"},"canonical":"https:\/\/dosingpump.shop\/es\/producto\/lanza-de-inyeccion-quimica-emec-lini\/","og_locale":"es_ES","og_type":"article","og_title":"Emec LINI Chemische Injectielans | Dosing Pump Shop B.V.","og_description":"Emec LINI injectielans voor het injecteren van chemische vloeistoffen. Diverse materialen en configuraties leverbaar. Kijk in onze webshop!","og_url":"https:\/\/dosingpump.shop\/es\/producto\/lanza-de-inyeccion-quimica-emec-lini\/","og_site_name":"Dosing Pump Shop B.V.","article_modified_time":"2026-03-31T13:13:07+00:00","og_image":[{"width":500,"height":500,"url":"https:\/\/dosingpump.shop\/wp-content\/uploads\/2024\/12\/Emec-LINI-Chemische-Injectielans.webp","type":"image\/webp"}],"twitter_card":"summary_large_image","twitter_misc":{"Precio":"&euro;107,00","Disponibilidad":"Disponible"},"schema":{"@context":"https:\/\/schema.org","@graph":[{"@type":"WebPage","@id":"https:\/\/dosingpump.shop\/product\/emec-lini-chemische-injectielans\/","url":"https:\/\/dosingpump.shop\/product\/emec-lini-chemische-injectielans\/","name":"Emec LINI Lanza de inyecci\u00f3n qu\u00edmica | Dosing Pump Shop B.V.","isPartOf":{"@id":"https:\/\/dosingpump.shop\/de\/#website"},"primaryImageOfPage":{"@id":"https:\/\/dosingpump.shop\/product\/emec-lini-chemische-injectielans\/#primaryimage"},"image":{"@id":"https:\/\/dosingpump.shop\/product\/emec-lini-chemische-injectielans\/#primaryimage"},"thumbnailUrl":"https:\/\/dosingpump.shop\/wp-content\/uploads\/2024\/12\/Emec-LINI-Chemische-Injectielans.webp","datePublished":"2024-12-05T12:21:36+00:00","dateModified":"2026-03-31T13:13:07+00:00","description":"Lanza de inyecci\u00f3n Emec LINI para inyectar l\u00edquidos qu\u00edmicos. Varios materiales y configuraciones disponibles. Consulte nuestra tienda en l\u00ednea.","breadcrumb":{"@id":"https:\/\/dosingpump.shop\/product\/emec-lini-chemische-injectielans\/#breadcrumb"},"inLanguage":"es","potentialAction":[{"@type":"ReadAction","target":["https:\/\/dosingpump.shop\/product\/emec-lini-chemische-injectielans\/"]}]},{"@type":"ImageObject","inLanguage":"es","@id":"https:\/\/dosingpump.shop\/product\/emec-lini-chemische-injectielans\/#primaryimage","url":"https:\/\/dosingpump.shop\/wp-content\/uploads\/2024\/12\/Emec-LINI-Chemische-Injectielans.webp","contentUrl":"https:\/\/dosingpump.shop\/wp-content\/uploads\/2024\/12\/Emec-LINI-Chemische-Injectielans.webp","width":500,"height":500},{"@type":"BreadcrumbList","@id":"https:\/\/dosingpump.shop\/product\/emec-lini-chemische-injectielans\/#breadcrumb","itemListElement":[{"@type":"ListItem","position":1,"name":"Home","item":"https:\/\/dosingpump.shop\/"},{"@type":"ListItem","position":2,"name":"Shop","item":"https:\/\/dosingpump.shop\/de\/shop\/"},{"@type":"ListItem","position":3,"name":"Emec LINI Chemische Injectielans"}]},{"@type":"WebSite","@id":"https:\/\/dosingpump.shop\/de\/#website","url":"https:\/\/dosingpump.shop\/de\/","name":"Dosing Pump Shop B.V.","description":"","publisher":{"@id":"https:\/\/dosingpump.shop\/de\/#organization"},"potentialAction":[{"@type":"SearchAction","target":{"@type":"EntryPoint","urlTemplate":"https:\/\/dosingpump.shop\/de\/?s={search_term_string}"},"query-input":{"@type":"PropertyValueSpecification","valueRequired":true,"valueName":"search_term_string"}}],"inLanguage":"es"},{"@type":"Organization","@id":"https:\/\/dosingpump.shop\/de\/#organization","name":"Dosing Pump Shop B.V.","url":"https:\/\/dosingpump.shop\/de\/","logo":{"@type":"ImageObject","inLanguage":"es","@id":"https:\/\/dosingpump.shop\/de\/#\/schema\/logo\/image\/","url":"https:\/\/dosingpump.shop\/wp-content\/uploads\/2024\/10\/Dosing-Pump-Shop-logo.png","contentUrl":"https:\/\/dosingpump.shop\/wp-content\/uploads\/2024\/10\/Dosing-Pump-Shop-logo.png","width":350,"height":45,"caption":"Dosing Pump Shop B.V."},"image":{"@id":"https:\/\/dosingpump.shop\/de\/#\/schema\/logo\/image\/"},"sameAs":["https:\/\/linkedin.com\/company\/dosing-pump-shop"]}]},"product_price_amount":"107.00","product_price_currency":"EUR","og_availability":"instock","product_availability":"instock","product_retailer_item_id":"Emec-LINI-NL-LINI-D","product_condition":"new"},"_links":{"self":[{"href":"https:\/\/dosingpump.shop\/es\/wp-json\/wp\/v2\/product\/3958","targetHints":{"allow":["GET"]}}],"collection":[{"href":"https:\/\/dosingpump.shop\/es\/wp-json\/wp\/v2\/product"}],"about":[{"href":"https:\/\/dosingpump.shop\/es\/wp-json\/wp\/v2\/types\/product"}],"wp:featuredmedia":[{"embeddable":true,"href":"https:\/\/dosingpump.shop\/es\/wp-json\/wp\/v2\/media\/3957"}],"wp:attachment":[{"href":"https:\/\/dosingpump.shop\/es\/wp-json\/wp\/v2\/media?parent=3958"}],"wp:term":[{"taxonomy":"product_brand","embeddable":true,"href":"https:\/\/dosingpump.shop\/es\/wp-json\/wp\/v2\/product_brand?post=3958"},{"taxonomy":"product_cat","embeddable":true,"href":"https:\/\/dosingpump.shop\/es\/wp-json\/wp\/v2\/product_cat?post=3958"},{"taxonomy":"product_tag","embeddable":true,"href":"https:\/\/dosingpump.shop\/es\/wp-json\/wp\/v2\/product_tag?post=3958"}],"curies":[{"name":"wp","href":"https:\/\/api.w.org\/{rel}","templated":true}]}}