{"id":4020,"date":"2024-12-05T12:21:45","date_gmt":"2024-12-05T12:21:45","guid":{"rendered":"https:\/\/dosingpump.shop\/product\/inductieve-geleidbaarheidssensor-ecdindpt\/"},"modified":"2026-02-27T14:49:15","modified_gmt":"2026-02-27T12:49:15","slug":"sensor-inductivo-de-conductividad-ecdindpt","status":"publish","type":"product","link":"https:\/\/dosingpump.shop\/es\/product\/inductieve-geleidbaarheidssensor-ecdindpt\/","title":{"rendered":"Sensor inductivo de conductividad ECDINDPT"},"content":{"rendered":"<h2 style=\"margin-bottom: 20px;\">Sensor inductivo de conductividad ECDINDPT para uso con controlador (Emec)<\/h2>\n<p>Este sensor de conductividad inductiva mide la conductividad de una soluci\u00f3n. El control de la conductividad inductiva es m\u00e1s estable que el de la conductividad conductiva. Especialmente cuando hay motores pesados en el sistema. Por ello, en los sistemas de agua de refrigeraci\u00f3n se suele utilizar la medici\u00f3n y el control de la conductividad inductiva.<\/p>\n<p>El sensor en cuesti\u00f3n es el sensor ECDINDPT.<\/p>\n<p>Por supuesto, tambi\u00e9n suministramos los controladores que funcionan con estos sensores. Tambi\u00e9n estaremos encantados de ayudarle con controles completos del agua de refrigeraci\u00f3n.  P\u00f3ngase en contacto con nosotros.<\/p>\n<h3 style=\"font-size: 1.2em; font-style: normal; margin-bottom: 20px;\">Caracter\u00edsticas Sensor de conductividad ECDINDPT<\/h3>\n<ul style=\"margin-left: 2rem;\">\n<li style=\"font-family: Roboto, sans-serif; font-size: 15px; font-style: normal;\">Material: carcasa de PEEK<\/li>\n<li style=\"font-family: Roboto, sans-serif; font-size: 15px; font-style: normal;\">Posibilidad de cable m\u00e1s largo<\/li>\n<li>Gama: v\u00e9ase \"Versiones\".<\/li>\n<li style=\"font-family: Roboto, sans-serif; font-size: 15px; font-style: normal;\">Presi\u00f3n m\u00e1xima: v\u00e9ase \"Versiones<\/li>\n<li style=\"font-family: Roboto, sans-serif; font-size: 15px; font-style: normal;\">Temperatura m\u00e1xima: v\u00e9ase \"Versiones\".<\/li>\n<li style=\"font-style: normal; font-size: 15px; font-family: Roboto, sans-serif;\">Conductividad m\u00ednima: v\u00e9ase \"Versiones\".<\/li>\n<\/ul>\n<p>Versiones<\/p>\n<p>En la tabla siguiente puede ver las versiones disponibles. En la tabla, puede seleccionar algunas de ellas. \u00bfNo encuentra el sensor de conductividad inductiva que desea? P\u00f3ngase en contacto con nosotros.<\/p>\n<table>\n<tbody>\n<tr>\n<td><b>Modelo<\/b><\/td>\n<td><b>gama<\/b><\/td>\n<td><b>bar<\/b><\/td>\n<td><b>\u00a0<\/b><\/td>\n<td><b>\u00a0temperatura (\u00b0C)<\/b><\/td>\n<td><b>sensor temp.\u00a0<\/b><\/td>\n<td><b>\u00a0cable (m)<\/b><\/td>\n<td><b>\u00a0cuerpo<\/b><\/td>\n<td><b>\u00a0<\/b><\/td>\n<\/tr>\n<tr>\n<td>ECDINDPT<\/td>\n<td>0,1-3mS;0,3-30mS;0,3-300mS<\/td>\n<td>0-8<\/td>\n<td><\/td>\n<td>0-85<\/td>\n<td>PT100<\/td>\n<td>4<\/td>\n<td>PEEK<\/td>\n<td><\/td>\n<\/tr>\n<tr>\n<td>ECDSINDPT<\/td>\n<td>0,3-10 mS<\/td>\n<td>0-8<\/td>\n<td><\/td>\n<td>0-85<\/td>\n<td>PT100<\/td>\n<td>4<\/td>\n<td>PEEK<\/td>\n<td><\/td>\n<\/tr>\n<tr>\n<td><\/td>\n<td><\/td>\n<td><\/td>\n<td><\/td>\n<td><\/td>\n<td><\/td>\n<td><\/td>\n<td><\/td>\n<td><\/td>\n<\/tr>\n<tr>\n<td><\/td>\n<td><\/td>\n<td><\/td>\n<td><\/td>\n<td><\/td>\n<td><\/td>\n<td><\/td>\n<td><\/td>\n<td><\/td>\n<\/tr>\n<\/tbody>\n<\/table>","protected":false},"excerpt":{"rendered":"<p><span style=\"color: #000000;\">Sensor de conductividad inductivo para uso con un controlador (Emec). Se suministra de serie con un cable de 4 m.<\/span><\/p>\n<p>Carcasa: PEEK<\/p>\n<p>Range: 0,1-3mS;0,3-30mS;0,3-300mS<\/p>\n<p>Temperatura: 0-85 C.<\/p>\n<p>Varias versiones disponibles.<\/p>\n<p>Modelo: ECDINDPT<\/p>","protected":false},"featured_media":4019,"template":"","meta":[],"product_brand":[],"product_cat":[85],"product_tag":[],"class_list":{"0":"post-4020","1":"product","2":"type-product","3":"status-publish","4":"has-post-thumbnail","6":"product_cat-assortiment","8":"first","9":"instock","10":"taxable","11":"shipping-taxable","12":"purchasable","13":"product-type-simple"},"yoast_head":"<!-- This site is optimized with the Yoast SEO plugin v27.2 - https:\/\/yoast.com\/product\/yoast-seo-wordpress\/ -->\n<title>Inductieve geleidbaarheidssensor ECDIND | Dosing Pump Shop B.V.<\/title>\n<meta name=\"description\" content=\"Inductieve geleidbaarheidssensor ECDINDPT voor o.a. koelwaterbehandeling. Deze inductieve geleidbaarheidssensor is verkrijgbaar in diverse uitvoeringen.\" \/>\n<meta name=\"robots\" content=\"index, follow, max-snippet:-1, max-image-preview:large, max-video-preview:-1\" \/>\n<link rel=\"canonical\" href=\"https:\/\/dosingpump.shop\/es\/producto\/sensor-inductivo-de-conductividad-ecdindpt\/\" \/>\n<meta property=\"og:locale\" content=\"es_ES\" \/>\n<meta property=\"og:type\" content=\"article\" \/>\n<meta property=\"og:title\" content=\"Inductieve geleidbaarheidssensor ECDIND | Dosing Pump Shop B.V.\" \/>\n<meta property=\"og:description\" content=\"Inductieve geleidbaarheidssensor ECDINDPT voor o.a. koelwaterbehandeling. Deze inductieve geleidbaarheidssensor is verkrijgbaar in diverse uitvoeringen.\" \/>\n<meta property=\"og:url\" content=\"https:\/\/dosingpump.shop\/es\/producto\/sensor-inductivo-de-conductividad-ecdindpt\/\" \/>\n<meta property=\"og:site_name\" content=\"Dosing Pump Shop B.V.\" \/>\n<meta property=\"article:modified_time\" content=\"2026-02-27T12:49:15+00:00\" \/>\n<meta property=\"og:image\" content=\"https:\/\/dosingpump.shop\/wp-content\/uploads\/2024\/12\/Inductieve-geleidbaarheidssensor-ECDINDPT.webp\" \/>\n\t<meta property=\"og:image:width\" content=\"481\" \/>\n\t<meta property=\"og:image:height\" content=\"518\" \/>\n\t<meta property=\"og:image:type\" content=\"image\/webp\" \/>\n<meta name=\"twitter:card\" content=\"summary_large_image\" \/>\n<meta name=\"twitter:label1\" content=\"Precio\" \/>\n\t<meta name=\"twitter:data1\" content=\"&euro;524,00\" \/>\n\t<meta name=\"twitter:label2\" content=\"Disponibilidad\" \/>\n\t<meta name=\"twitter:data2\" content=\"Disponible\" \/>\n<script type=\"application\/ld+json\" class=\"yoast-schema-graph\">{\"@context\":\"https:\/\/schema.org\",\"@graph\":[{\"@type\":\"WebPage\",\"@id\":\"https:\/\/dosingpump.shop\/product\/inductieve-geleidbaarheidssensor-ecdindpt\/\",\"url\":\"https:\/\/dosingpump.shop\/product\/inductieve-geleidbaarheidssensor-ecdindpt\/\",\"name\":\"Inductieve geleidbaarheidssensor ECDIND | Dosing Pump Shop B.V.\",\"isPartOf\":{\"@id\":\"https:\/\/dosingpump.shop\/de\/#website\"},\"primaryImageOfPage\":{\"@id\":\"https:\/\/dosingpump.shop\/product\/inductieve-geleidbaarheidssensor-ecdindpt\/#primaryimage\"},\"image\":{\"@id\":\"https:\/\/dosingpump.shop\/product\/inductieve-geleidbaarheidssensor-ecdindpt\/#primaryimage\"},\"thumbnailUrl\":\"https:\/\/dosingpump.shop\/wp-content\/uploads\/2024\/12\/Inductieve-geleidbaarheidssensor-ECDINDPT.webp\",\"datePublished\":\"2024-12-05T12:21:45+00:00\",\"dateModified\":\"2026-02-27T12:49:15+00:00\",\"description\":\"Inductieve geleidbaarheidssensor ECDINDPT voor o.a. koelwaterbehandeling. Deze inductieve geleidbaarheidssensor is verkrijgbaar in diverse uitvoeringen.\",\"breadcrumb\":{\"@id\":\"https:\/\/dosingpump.shop\/product\/inductieve-geleidbaarheidssensor-ecdindpt\/#breadcrumb\"},\"inLanguage\":\"es\",\"potentialAction\":[{\"@type\":\"ReadAction\",\"target\":[\"https:\/\/dosingpump.shop\/product\/inductieve-geleidbaarheidssensor-ecdindpt\/\"]}]},{\"@type\":\"ImageObject\",\"inLanguage\":\"es\",\"@id\":\"https:\/\/dosingpump.shop\/product\/inductieve-geleidbaarheidssensor-ecdindpt\/#primaryimage\",\"url\":\"https:\/\/dosingpump.shop\/wp-content\/uploads\/2024\/12\/Inductieve-geleidbaarheidssensor-ECDINDPT.webp\",\"contentUrl\":\"https:\/\/dosingpump.shop\/wp-content\/uploads\/2024\/12\/Inductieve-geleidbaarheidssensor-ECDINDPT.webp\",\"width\":481,\"height\":518},{\"@type\":\"BreadcrumbList\",\"@id\":\"https:\/\/dosingpump.shop\/product\/inductieve-geleidbaarheidssensor-ecdindpt\/#breadcrumb\",\"itemListElement\":[{\"@type\":\"ListItem\",\"position\":1,\"name\":\"Home\",\"item\":\"https:\/\/dosingpump.shop\/\"},{\"@type\":\"ListItem\",\"position\":2,\"name\":\"Shop\",\"item\":\"https:\/\/dosingpump.shop\/de\/shop\/\"},{\"@type\":\"ListItem\",\"position\":3,\"name\":\"Inductieve geleidbaarheidssensor ECDINDPT\"}]},{\"@type\":\"WebSite\",\"@id\":\"https:\/\/dosingpump.shop\/de\/#website\",\"url\":\"https:\/\/dosingpump.shop\/de\/\",\"name\":\"Dosing Pump Shop B.V.\",\"description\":\"\",\"publisher\":{\"@id\":\"https:\/\/dosingpump.shop\/de\/#organization\"},\"potentialAction\":[{\"@type\":\"SearchAction\",\"target\":{\"@type\":\"EntryPoint\",\"urlTemplate\":\"https:\/\/dosingpump.shop\/de\/?s={search_term_string}\"},\"query-input\":{\"@type\":\"PropertyValueSpecification\",\"valueRequired\":true,\"valueName\":\"search_term_string\"}}],\"inLanguage\":\"es\"},{\"@type\":\"Organization\",\"@id\":\"https:\/\/dosingpump.shop\/de\/#organization\",\"name\":\"Dosing Pump Shop B.V.\",\"url\":\"https:\/\/dosingpump.shop\/de\/\",\"logo\":{\"@type\":\"ImageObject\",\"inLanguage\":\"es\",\"@id\":\"https:\/\/dosingpump.shop\/de\/#\/schema\/logo\/image\/\",\"url\":\"https:\/\/dosingpump.shop\/wp-content\/uploads\/2024\/10\/Dosing-Pump-Shop-logo.png\",\"contentUrl\":\"https:\/\/dosingpump.shop\/wp-content\/uploads\/2024\/10\/Dosing-Pump-Shop-logo.png\",\"width\":350,\"height\":45,\"caption\":\"Dosing Pump Shop B.V.\"},\"image\":{\"@id\":\"https:\/\/dosingpump.shop\/de\/#\/schema\/logo\/image\/\"},\"sameAs\":[\"https:\/\/linkedin.com\/company\/dosing-pump-shop\"]}]}<\/script>\n<meta property=\"product:price:amount\" content=\"524.00\" \/>\n<meta property=\"product:price:currency\" content=\"EUR\" \/>\n<meta property=\"og:availability\" content=\"instock\" \/>\n<meta property=\"product:availability\" content=\"instock\" \/>\n<meta property=\"product:retailer_item_id\" content=\"15110303-4\" \/>\n<meta property=\"product:condition\" content=\"new\" \/>\n<!-- \/ Yoast SEO plugin. -->","yoast_head_json":{"title":"Sensor inductivo de conductividad ECDIND | Dosing Pump Shop B.V.","description":"Sensor de conductividad inductivo ECDINDPT para el tratamiento de agua de refrigeraci\u00f3n, entre otros. Este sensor inductivo de conductividad est\u00e1 disponible en varias versiones.","robots":{"index":"index","follow":"follow","max-snippet":"max-snippet:-1","max-image-preview":"max-image-preview:large","max-video-preview":"max-video-preview:-1"},"canonical":"https:\/\/dosingpump.shop\/es\/producto\/sensor-inductivo-de-conductividad-ecdindpt\/","og_locale":"es_ES","og_type":"article","og_title":"Inductieve geleidbaarheidssensor ECDIND | Dosing Pump Shop B.V.","og_description":"Inductieve geleidbaarheidssensor ECDINDPT voor o.a. koelwaterbehandeling. Deze inductieve geleidbaarheidssensor is verkrijgbaar in diverse uitvoeringen.","og_url":"https:\/\/dosingpump.shop\/es\/producto\/sensor-inductivo-de-conductividad-ecdindpt\/","og_site_name":"Dosing Pump Shop B.V.","article_modified_time":"2026-02-27T12:49:15+00:00","og_image":[{"width":481,"height":518,"url":"https:\/\/dosingpump.shop\/wp-content\/uploads\/2024\/12\/Inductieve-geleidbaarheidssensor-ECDINDPT.webp","type":"image\/webp"}],"twitter_card":"summary_large_image","twitter_misc":{"Precio":"&euro;524,00","Disponibilidad":"Disponible"},"schema":{"@context":"https:\/\/schema.org","@graph":[{"@type":"WebPage","@id":"https:\/\/dosingpump.shop\/product\/inductieve-geleidbaarheidssensor-ecdindpt\/","url":"https:\/\/dosingpump.shop\/product\/inductieve-geleidbaarheidssensor-ecdindpt\/","name":"Sensor inductivo de conductividad ECDIND | Dosing Pump Shop B.V.","isPartOf":{"@id":"https:\/\/dosingpump.shop\/de\/#website"},"primaryImageOfPage":{"@id":"https:\/\/dosingpump.shop\/product\/inductieve-geleidbaarheidssensor-ecdindpt\/#primaryimage"},"image":{"@id":"https:\/\/dosingpump.shop\/product\/inductieve-geleidbaarheidssensor-ecdindpt\/#primaryimage"},"thumbnailUrl":"https:\/\/dosingpump.shop\/wp-content\/uploads\/2024\/12\/Inductieve-geleidbaarheidssensor-ECDINDPT.webp","datePublished":"2024-12-05T12:21:45+00:00","dateModified":"2026-02-27T12:49:15+00:00","description":"Sensor de conductividad inductivo ECDINDPT para el tratamiento de agua de refrigeraci\u00f3n, entre otros. Este sensor inductivo de conductividad est\u00e1 disponible en varias versiones.","breadcrumb":{"@id":"https:\/\/dosingpump.shop\/product\/inductieve-geleidbaarheidssensor-ecdindpt\/#breadcrumb"},"inLanguage":"es","potentialAction":[{"@type":"ReadAction","target":["https:\/\/dosingpump.shop\/product\/inductieve-geleidbaarheidssensor-ecdindpt\/"]}]},{"@type":"ImageObject","inLanguage":"es","@id":"https:\/\/dosingpump.shop\/product\/inductieve-geleidbaarheidssensor-ecdindpt\/#primaryimage","url":"https:\/\/dosingpump.shop\/wp-content\/uploads\/2024\/12\/Inductieve-geleidbaarheidssensor-ECDINDPT.webp","contentUrl":"https:\/\/dosingpump.shop\/wp-content\/uploads\/2024\/12\/Inductieve-geleidbaarheidssensor-ECDINDPT.webp","width":481,"height":518},{"@type":"BreadcrumbList","@id":"https:\/\/dosingpump.shop\/product\/inductieve-geleidbaarheidssensor-ecdindpt\/#breadcrumb","itemListElement":[{"@type":"ListItem","position":1,"name":"Home","item":"https:\/\/dosingpump.shop\/"},{"@type":"ListItem","position":2,"name":"Shop","item":"https:\/\/dosingpump.shop\/de\/shop\/"},{"@type":"ListItem","position":3,"name":"Inductieve geleidbaarheidssensor ECDINDPT"}]},{"@type":"WebSite","@id":"https:\/\/dosingpump.shop\/de\/#website","url":"https:\/\/dosingpump.shop\/de\/","name":"Dosing Pump Shop B.V.","description":"","publisher":{"@id":"https:\/\/dosingpump.shop\/de\/#organization"},"potentialAction":[{"@type":"SearchAction","target":{"@type":"EntryPoint","urlTemplate":"https:\/\/dosingpump.shop\/de\/?s={search_term_string}"},"query-input":{"@type":"PropertyValueSpecification","valueRequired":true,"valueName":"search_term_string"}}],"inLanguage":"es"},{"@type":"Organization","@id":"https:\/\/dosingpump.shop\/de\/#organization","name":"Dosing Pump Shop B.V.","url":"https:\/\/dosingpump.shop\/de\/","logo":{"@type":"ImageObject","inLanguage":"es","@id":"https:\/\/dosingpump.shop\/de\/#\/schema\/logo\/image\/","url":"https:\/\/dosingpump.shop\/wp-content\/uploads\/2024\/10\/Dosing-Pump-Shop-logo.png","contentUrl":"https:\/\/dosingpump.shop\/wp-content\/uploads\/2024\/10\/Dosing-Pump-Shop-logo.png","width":350,"height":45,"caption":"Dosing Pump Shop B.V."},"image":{"@id":"https:\/\/dosingpump.shop\/de\/#\/schema\/logo\/image\/"},"sameAs":["https:\/\/linkedin.com\/company\/dosing-pump-shop"]}]},"product_price_amount":"524.00","product_price_currency":"EUR","og_availability":"instock","product_availability":"instock","product_retailer_item_id":"15110303-4","product_condition":"new"},"_links":{"self":[{"href":"https:\/\/dosingpump.shop\/es\/wp-json\/wp\/v2\/product\/4020","targetHints":{"allow":["GET"]}}],"collection":[{"href":"https:\/\/dosingpump.shop\/es\/wp-json\/wp\/v2\/product"}],"about":[{"href":"https:\/\/dosingpump.shop\/es\/wp-json\/wp\/v2\/types\/product"}],"wp:featuredmedia":[{"embeddable":true,"href":"https:\/\/dosingpump.shop\/es\/wp-json\/wp\/v2\/media\/4019"}],"wp:attachment":[{"href":"https:\/\/dosingpump.shop\/es\/wp-json\/wp\/v2\/media?parent=4020"}],"wp:term":[{"taxonomy":"product_brand","embeddable":true,"href":"https:\/\/dosingpump.shop\/es\/wp-json\/wp\/v2\/product_brand?post=4020"},{"taxonomy":"product_cat","embeddable":true,"href":"https:\/\/dosingpump.shop\/es\/wp-json\/wp\/v2\/product_cat?post=4020"},{"taxonomy":"product_tag","embeddable":true,"href":"https:\/\/dosingpump.shop\/es\/wp-json\/wp\/v2\/product_tag?post=4020"}],"curies":[{"name":"wp","href":"https:\/\/api.w.org\/{rel}","templated":true}]}}