{"id":4028,"date":"2024-12-05T12:21:45","date_gmt":"2024-12-05T12:21:45","guid":{"rendered":"https:\/\/dosingpump.shop\/product\/chloorpomp\/"},"modified":"2026-03-07T12:09:31","modified_gmt":"2026-03-07T11:09:31","slug":"bomba-de-cloro","status":"publish","type":"product","link":"https:\/\/dosingpump.shop\/es\/product\/chloorpomp\/","title":{"rendered":"Bomba dosificadora de cloro"},"content":{"rendered":"<h3>Alta calidad para una dosificaci\u00f3n segura del cloro<\/h3>\n<p>Esta bomba de cloro de alta calidad garantiza una dosificaci\u00f3n segura del cloro. Fabricada con materiales de alta calidad, esta bomba tambi\u00e9n es adecuada para concentraciones de cloro m\u00e1s elevadas.<\/p>\n<h3>Control sencillo<\/h3>\n<p>Controlar esta bomba no supone ning\u00fan esfuerzo gracias a la posibilidad de conmutar la tensi\u00f3n de alimentaci\u00f3n a trav\u00e9s de un ordenador de piscina. Existe incluso un modelo disponible con \"control proporcional\".<\/p>\n<h3>Recomendado en concentraciones de cloro superiores a 32,5%<\/h3>\n<p>Con concentraciones de cloro superiores a 32,5%, se recomienda encarecidamente utilizar mangueras de PVDF para obtener un rendimiento \u00f3ptimo.<\/p>\n<h3>\u00bfNecesita una bomba de cloro de alto caudal?<\/h3>\n<p>Si necesita una bomba de cloro de alto caudal, ha llegado al lugar adecuado. En ese caso, \u00a1p\u00f3ngase en contacto con nosotros para obtener m\u00e1s informaci\u00f3n!<\/p>\n<h3>Caracter\u00edsticas<\/h3>\n<ul>\n<li>Especialmente dise\u00f1ado para montaje en pared<\/li>\n<li>Frecuencia de carrera ajustable<\/li>\n<li>Se suministra con un kit completo, que incluye 2 metros de manguera de presi\u00f3n y aspiraci\u00f3n, 2 metros de manguera de ventilaci\u00f3n (PE), boquilla de inyecci\u00f3n y filtro de aspiraci\u00f3n.<\/li>\n<\/ul>\n<h3>Emec VMS MF<\/h3>\n<ul>\n<li>Controlable proporcionalmente mediante 4-20 mA, 0-10V, etc.<\/li>\n<li>Posiblemente combinado con un medidor de agua para ppm o porcentaje de soluci\u00f3n.<\/li>\n<\/ul>","protected":false},"excerpt":{"rendered":"<ul>\n<li>Bomba de cloro para una dosificaci\u00f3n segura del cloro.<\/li>\n<li>1-13,5 litros por hora y 1-18 bares, seg\u00fan la versi\u00f3n.<\/li>\n<li>Modelo: Emec VCO 07-06<\/li>\n<\/ul>\n<p>\u00bfNecesita otra versi\u00f3n? P\u00eddanos presupuesto<\/p>","protected":false},"featured_media":3970,"template":"","meta":[],"product_brand":[],"product_cat":[83,17],"product_tag":[],"class_list":{"0":"post-4028","1":"product","2":"type-product","3":"status-publish","4":"has-post-thumbnail","6":"product_cat-doseerpomp-voor-specifieke-chemicalien","7":"product_cat-doseerpompen","9":"first","10":"instock","11":"taxable","12":"shipping-taxable","13":"purchasable","14":"product-type-simple"},"yoast_head":"<!-- This site is optimized with the Yoast SEO plugin v27.2 - https:\/\/yoast.com\/product\/yoast-seo-wordpress\/ -->\n<title>Chloorpomp | Nauwkeurige Chloordosering | Dosing Pump Shop B.V.<\/title>\n<meta name=\"description\" content=\"Emec Chloorpomp voor het veilig doseren van chloor. Deze chloorpomp is optioneel proportioneel aan te sturen via een zwembadcomputer. 5 jaar garantie!\" \/>\n<meta name=\"robots\" content=\"index, follow, max-snippet:-1, max-image-preview:large, max-video-preview:-1\" \/>\n<link rel=\"canonical\" href=\"https:\/\/dosingpump.shop\/es\/producto\/bomba-de-cloro\/\" \/>\n<meta property=\"og:locale\" content=\"es_ES\" \/>\n<meta property=\"og:type\" content=\"article\" \/>\n<meta property=\"og:title\" content=\"Chloorpomp | Nauwkeurige Chloordosering | Dosing Pump Shop B.V.\" \/>\n<meta property=\"og:description\" content=\"Emec Chloorpomp voor het veilig doseren van chloor. Deze chloorpomp is optioneel proportioneel aan te sturen via een zwembadcomputer. 5 jaar garantie!\" \/>\n<meta property=\"og:url\" content=\"https:\/\/dosingpump.shop\/es\/producto\/bomba-de-cloro\/\" \/>\n<meta property=\"og:site_name\" content=\"Dosing Pump Shop B.V.\" \/>\n<meta property=\"article:modified_time\" content=\"2026-03-07T11:09:31+00:00\" \/>\n<meta property=\"og:image\" content=\"https:\/\/dosingpump.shop\/wp-content\/uploads\/2024\/12\/doseerpomp-voor-waterstofperoxide.webp\" \/>\n\t<meta property=\"og:image:width\" content=\"500\" \/>\n\t<meta property=\"og:image:height\" content=\"500\" \/>\n\t<meta property=\"og:image:type\" content=\"image\/webp\" \/>\n<meta name=\"twitter:card\" content=\"summary_large_image\" \/>\n<meta name=\"twitter:label1\" content=\"Precio\" \/>\n\t<meta name=\"twitter:data1\" content=\"&euro;265,00\" \/>\n\t<meta name=\"twitter:label2\" content=\"Disponibilidad\" \/>\n\t<meta name=\"twitter:data2\" content=\"Disponible\" \/>\n<script type=\"application\/ld+json\" class=\"yoast-schema-graph\">{\"@context\":\"https:\/\/schema.org\",\"@graph\":[{\"@type\":\"WebPage\",\"@id\":\"https:\/\/dosingpump.shop\/product\/chloorpomp\/\",\"url\":\"https:\/\/dosingpump.shop\/product\/chloorpomp\/\",\"name\":\"Chloorpomp | Nauwkeurige Chloordosering | Dosing Pump Shop B.V.\",\"isPartOf\":{\"@id\":\"https:\/\/dosingpump.shop\/de\/#website\"},\"primaryImageOfPage\":{\"@id\":\"https:\/\/dosingpump.shop\/product\/chloorpomp\/#primaryimage\"},\"image\":{\"@id\":\"https:\/\/dosingpump.shop\/product\/chloorpomp\/#primaryimage\"},\"thumbnailUrl\":\"https:\/\/dosingpump.shop\/wp-content\/uploads\/2024\/12\/doseerpomp-voor-waterstofperoxide.webp\",\"datePublished\":\"2024-12-05T12:21:45+00:00\",\"dateModified\":\"2026-03-07T11:09:31+00:00\",\"description\":\"Emec Chloorpomp voor het veilig doseren van chloor. Deze chloorpomp is optioneel proportioneel aan te sturen via een zwembadcomputer. 5 jaar garantie!\",\"breadcrumb\":{\"@id\":\"https:\/\/dosingpump.shop\/product\/chloorpomp\/#breadcrumb\"},\"inLanguage\":\"es\",\"potentialAction\":[{\"@type\":\"ReadAction\",\"target\":[\"https:\/\/dosingpump.shop\/product\/chloorpomp\/\"]}]},{\"@type\":\"ImageObject\",\"inLanguage\":\"es\",\"@id\":\"https:\/\/dosingpump.shop\/product\/chloorpomp\/#primaryimage\",\"url\":\"https:\/\/dosingpump.shop\/wp-content\/uploads\/2024\/12\/doseerpomp-voor-waterstofperoxide.webp\",\"contentUrl\":\"https:\/\/dosingpump.shop\/wp-content\/uploads\/2024\/12\/doseerpomp-voor-waterstofperoxide.webp\",\"width\":500,\"height\":500},{\"@type\":\"BreadcrumbList\",\"@id\":\"https:\/\/dosingpump.shop\/product\/chloorpomp\/#breadcrumb\",\"itemListElement\":[{\"@type\":\"ListItem\",\"position\":1,\"name\":\"Home\",\"item\":\"https:\/\/dosingpump.shop\/\"},{\"@type\":\"ListItem\",\"position\":2,\"name\":\"Shop\",\"item\":\"https:\/\/dosingpump.shop\/de\/shop\/\"},{\"@type\":\"ListItem\",\"position\":3,\"name\":\"Doseerpomp voor Chloor\"}]},{\"@type\":\"WebSite\",\"@id\":\"https:\/\/dosingpump.shop\/de\/#website\",\"url\":\"https:\/\/dosingpump.shop\/de\/\",\"name\":\"Dosing Pump Shop B.V.\",\"description\":\"\",\"publisher\":{\"@id\":\"https:\/\/dosingpump.shop\/de\/#organization\"},\"potentialAction\":[{\"@type\":\"SearchAction\",\"target\":{\"@type\":\"EntryPoint\",\"urlTemplate\":\"https:\/\/dosingpump.shop\/de\/?s={search_term_string}\"},\"query-input\":{\"@type\":\"PropertyValueSpecification\",\"valueRequired\":true,\"valueName\":\"search_term_string\"}}],\"inLanguage\":\"es\"},{\"@type\":\"Organization\",\"@id\":\"https:\/\/dosingpump.shop\/de\/#organization\",\"name\":\"Dosing Pump Shop B.V.\",\"url\":\"https:\/\/dosingpump.shop\/de\/\",\"logo\":{\"@type\":\"ImageObject\",\"inLanguage\":\"es\",\"@id\":\"https:\/\/dosingpump.shop\/de\/#\/schema\/logo\/image\/\",\"url\":\"https:\/\/dosingpump.shop\/wp-content\/uploads\/2024\/10\/Dosing-Pump-Shop-logo.png\",\"contentUrl\":\"https:\/\/dosingpump.shop\/wp-content\/uploads\/2024\/10\/Dosing-Pump-Shop-logo.png\",\"width\":350,\"height\":45,\"caption\":\"Dosing Pump Shop B.V.\"},\"image\":{\"@id\":\"https:\/\/dosingpump.shop\/de\/#\/schema\/logo\/image\/\"},\"sameAs\":[\"https:\/\/linkedin.com\/company\/dosing-pump-shop\"]}]}<\/script>\n<meta property=\"product:price:amount\" content=\"265.00\" \/>\n<meta property=\"product:price:currency\" content=\"EUR\" \/>\n<meta property=\"og:availability\" content=\"instock\" \/>\n<meta property=\"product:availability\" content=\"instock\" \/>\n<meta property=\"product:condition\" content=\"new\" \/>\n<!-- \/ Yoast SEO plugin. -->","yoast_head_json":{"title":"Bomba de cloro | Dosificaci\u00f3n precisa de cloro | Dosing Pump Shop B.V.","description":"Bomba de cloro Emec para una dosificaci\u00f3n segura del cloro. Esta bomba de cloro puede controlarse opcionalmente de forma proporcional a trav\u00e9s de un ordenador de piscina. 5 a\u00f1os de garant\u00eda.","robots":{"index":"index","follow":"follow","max-snippet":"max-snippet:-1","max-image-preview":"max-image-preview:large","max-video-preview":"max-video-preview:-1"},"canonical":"https:\/\/dosingpump.shop\/es\/producto\/bomba-de-cloro\/","og_locale":"es_ES","og_type":"article","og_title":"Chloorpomp | Nauwkeurige Chloordosering | Dosing Pump Shop B.V.","og_description":"Emec Chloorpomp voor het veilig doseren van chloor. Deze chloorpomp is optioneel proportioneel aan te sturen via een zwembadcomputer. 5 jaar garantie!","og_url":"https:\/\/dosingpump.shop\/es\/producto\/bomba-de-cloro\/","og_site_name":"Dosing Pump Shop B.V.","article_modified_time":"2026-03-07T11:09:31+00:00","og_image":[{"width":500,"height":500,"url":"https:\/\/dosingpump.shop\/wp-content\/uploads\/2024\/12\/doseerpomp-voor-waterstofperoxide.webp","type":"image\/webp"}],"twitter_card":"summary_large_image","twitter_misc":{"Precio":"&euro;265,00","Disponibilidad":"Disponible"},"schema":{"@context":"https:\/\/schema.org","@graph":[{"@type":"WebPage","@id":"https:\/\/dosingpump.shop\/product\/chloorpomp\/","url":"https:\/\/dosingpump.shop\/product\/chloorpomp\/","name":"Bomba de cloro | Dosificaci\u00f3n precisa de cloro | Dosing Pump Shop B.V.","isPartOf":{"@id":"https:\/\/dosingpump.shop\/de\/#website"},"primaryImageOfPage":{"@id":"https:\/\/dosingpump.shop\/product\/chloorpomp\/#primaryimage"},"image":{"@id":"https:\/\/dosingpump.shop\/product\/chloorpomp\/#primaryimage"},"thumbnailUrl":"https:\/\/dosingpump.shop\/wp-content\/uploads\/2024\/12\/doseerpomp-voor-waterstofperoxide.webp","datePublished":"2024-12-05T12:21:45+00:00","dateModified":"2026-03-07T11:09:31+00:00","description":"Bomba de cloro Emec para una dosificaci\u00f3n segura del cloro. Esta bomba de cloro puede controlarse opcionalmente de forma proporcional a trav\u00e9s de un ordenador de piscina. 5 a\u00f1os de garant\u00eda.","breadcrumb":{"@id":"https:\/\/dosingpump.shop\/product\/chloorpomp\/#breadcrumb"},"inLanguage":"es","potentialAction":[{"@type":"ReadAction","target":["https:\/\/dosingpump.shop\/product\/chloorpomp\/"]}]},{"@type":"ImageObject","inLanguage":"es","@id":"https:\/\/dosingpump.shop\/product\/chloorpomp\/#primaryimage","url":"https:\/\/dosingpump.shop\/wp-content\/uploads\/2024\/12\/doseerpomp-voor-waterstofperoxide.webp","contentUrl":"https:\/\/dosingpump.shop\/wp-content\/uploads\/2024\/12\/doseerpomp-voor-waterstofperoxide.webp","width":500,"height":500},{"@type":"BreadcrumbList","@id":"https:\/\/dosingpump.shop\/product\/chloorpomp\/#breadcrumb","itemListElement":[{"@type":"ListItem","position":1,"name":"Home","item":"https:\/\/dosingpump.shop\/"},{"@type":"ListItem","position":2,"name":"Shop","item":"https:\/\/dosingpump.shop\/de\/shop\/"},{"@type":"ListItem","position":3,"name":"Doseerpomp voor Chloor"}]},{"@type":"WebSite","@id":"https:\/\/dosingpump.shop\/de\/#website","url":"https:\/\/dosingpump.shop\/de\/","name":"Dosing Pump Shop B.V.","description":"","publisher":{"@id":"https:\/\/dosingpump.shop\/de\/#organization"},"potentialAction":[{"@type":"SearchAction","target":{"@type":"EntryPoint","urlTemplate":"https:\/\/dosingpump.shop\/de\/?s={search_term_string}"},"query-input":{"@type":"PropertyValueSpecification","valueRequired":true,"valueName":"search_term_string"}}],"inLanguage":"es"},{"@type":"Organization","@id":"https:\/\/dosingpump.shop\/de\/#organization","name":"Dosing Pump Shop B.V.","url":"https:\/\/dosingpump.shop\/de\/","logo":{"@type":"ImageObject","inLanguage":"es","@id":"https:\/\/dosingpump.shop\/de\/#\/schema\/logo\/image\/","url":"https:\/\/dosingpump.shop\/wp-content\/uploads\/2024\/10\/Dosing-Pump-Shop-logo.png","contentUrl":"https:\/\/dosingpump.shop\/wp-content\/uploads\/2024\/10\/Dosing-Pump-Shop-logo.png","width":350,"height":45,"caption":"Dosing Pump Shop B.V."},"image":{"@id":"https:\/\/dosingpump.shop\/de\/#\/schema\/logo\/image\/"},"sameAs":["https:\/\/linkedin.com\/company\/dosing-pump-shop"]}]},"product_price_amount":"265.00","product_price_currency":"EUR","og_availability":"instock","product_availability":"instock","product_condition":"new"},"_links":{"self":[{"href":"https:\/\/dosingpump.shop\/es\/wp-json\/wp\/v2\/product\/4028","targetHints":{"allow":["GET"]}}],"collection":[{"href":"https:\/\/dosingpump.shop\/es\/wp-json\/wp\/v2\/product"}],"about":[{"href":"https:\/\/dosingpump.shop\/es\/wp-json\/wp\/v2\/types\/product"}],"wp:featuredmedia":[{"embeddable":true,"href":"https:\/\/dosingpump.shop\/es\/wp-json\/wp\/v2\/media\/3970"}],"wp:attachment":[{"href":"https:\/\/dosingpump.shop\/es\/wp-json\/wp\/v2\/media?parent=4028"}],"wp:term":[{"taxonomy":"product_brand","embeddable":true,"href":"https:\/\/dosingpump.shop\/es\/wp-json\/wp\/v2\/product_brand?post=4028"},{"taxonomy":"product_cat","embeddable":true,"href":"https:\/\/dosingpump.shop\/es\/wp-json\/wp\/v2\/product_cat?post=4028"},{"taxonomy":"product_tag","embeddable":true,"href":"https:\/\/dosingpump.shop\/es\/wp-json\/wp\/v2\/product_tag?post=4028"}],"curies":[{"name":"wp","href":"https:\/\/api.w.org\/{rel}","templated":true}]}}