{"id":4031,"date":"2024-12-05T12:21:46","date_gmt":"2024-12-05T12:21:46","guid":{"rendered":"https:\/\/dosingpump.shop\/product\/emec-vms-po-chloorpomp-met-redox-sensor-orp\/"},"modified":"2026-02-27T14:49:16","modified_gmt":"2026-02-27T12:49:16","slug":"emec-vms-po-bomba-de-cloro-con-sensor-redox-orp","status":"publish","type":"product","link":"https:\/\/dosingpump.shop\/es\/product\/emec-vms-po-chloorpomp-met-redox-sensor-orp\/","title":{"rendered":"Bomba de cloro Emec VMS PO con sensor redox (ORP)"},"content":{"rendered":"<h2>Bomba de cloro Emec VMSA PO<\/h2>\n<p style=\"margin-bottom: 1rem; font-family: 'Open Sans', Arial, 'Helvetica Neue', Helvetica, sans-serif; font-size: 14px; font-style: normal; font-weight: 400;\">Control autom\u00e1tico de la adici\u00f3n de cloro en funci\u00f3n del efecto redox (<a href=\"https:\/\/dosingpump.shop\/es\/centro-de-conocimiento\/valor-orp-y-redox\/\">ORP<\/a>) es un m\u00e9todo muy utilizado para desinfectar el agua de ba\u00f1o en piscinas privadas. El Emec VMSA PO funciona seg\u00fan este principio. A trav\u00e9s de la se\u00f1al de un sensor de ORP, se dosifica la cantidad correcta de cloro al agua. El sensor de ORP con cable de 0,8 m se incluye en este conjunto.<\/p>\n<p style=\"margin-bottom: 1rem; font-family: 'Open Sans', Arial, 'Helvetica Neue', Helvetica, sans-serif; font-size: 14px; font-style: normal; font-weight: 400;\">La configuraci\u00f3n completa de PVDF garantiza una larga vida \u00fatil, incluso con concentraciones de cloro elevadas. El VMS PO est\u00e1 equipado con una pr\u00e1ctica funci\u00f3n de flotador en el filtro de aspiraci\u00f3n. Esto desconecta la bomba cuando el dep\u00f3sito est\u00e1 vac\u00edo, evitando que toda la tuber\u00eda se vac\u00ede. Tambi\u00e9n puede extraer esta se\u00f1al de alarma externamente y acoplarle una alarma.<\/p>\n<p style=\"margin-bottom: 1rem; font-family: 'Open Sans', Arial, 'Helvetica Neue', Helvetica, sans-serif; font-size: 14px; font-style: normal; font-weight: 400;\">El Emec VMSA PO tiene un purgador autom\u00e1tico.<\/p>\n<p style=\"margin-bottom: 1rem; font-family: 'Open Sans', Arial, 'Helvetica Neue', Helvetica, sans-serif; font-size: 14px; font-style: normal; font-weight: 400;\">Cuando se dosifica cloro autom\u00e1ticamente, es importante que el pH tambi\u00e9n se regule correctamente. Tambi\u00e9n disponemos de un set para ello.<\/p>\n<p style=\"margin-bottom: 1rem; font-family: 'Open Sans', Arial, 'Helvetica Neue', Helvetica, sans-serif; font-size: 14px; font-style: normal; font-weight: 400;\">\u00bfNecesita m\u00e1s informaci\u00f3n o un presupuesto? P\u00f3ngase en contacto con nosotros.<\/p>\n<h3 style=\"margin-bottom: 20px; font-weight: 400; line-height: 1.1; font-size: 1.2em; font-family: Bitter; font-style: normal;\">Caracter\u00edsticas Bomba de cloro Emec VMSA PO<\/h3>\n<ul style=\"margin-bottom: 2.5rem; margin-left: 2rem; font-family: 'Open Sans', Arial, 'Helvetica Neue', Helvetica, sans-serif; font-size: 14px; font-style: normal; font-weight: 400;\">\n<li style=\"margin-bottom: 1rem;\">Dise\u00f1o especialmente adecuado para montaje en pared<\/li>\n<li style=\"margin-bottom: 1rem;\">Equipado con pantalla LCD clara<\/li>\n<li style=\"margin-bottom: 1rem;\">Configuraci\u00f3n completa de PVDF (cabezal de bomba, boquilla de inyecci\u00f3n, filtro de aspiraci\u00f3n y descarga, y mangueras de aspiraci\u00f3n)<\/li>\n<li style=\"margin-bottom: 1rem;\">Suministrado con kit completo (2 m de manguera de presi\u00f3n y aspiraci\u00f3n, 2 m de manguera de ventilaci\u00f3n (PE), boquilla de inyecci\u00f3n y filtro de aspiraci\u00f3n)<\/li>\n<li style=\"margin-bottom: 1rem;\">Versi\u00f3n silenciosa disponible.<\/li>\n<\/ul>\n<h3>Caudal y presi\u00f3n disponibles<\/h3>\n<p><b>Emec VMSA PO<\/b><\/p>\n<table>\n<tbody>\n<tr>\n<th>Presi\u00f3n (Bar)<\/th>\n<th>Caudal (l\/hora)<\/th>\n<\/tr>\n<tr>\n<td>18<\/td>\n<td>02<\/td>\n<\/tr>\n<tr>\n<td>10<\/td>\n<td>3,4<\/td>\n<\/tr>\n<tr>\n<td>07<\/td>\n<td>04<\/td>\n<\/tr>\n<tr>\n<td>01<\/td>\n<td>3,5<\/td>\n<\/tr>\n<tr>\n<td>01<\/td>\n<td>13,5<\/td>\n<\/tr>\n<tr>\n<td><\/td>\n<td><\/td>\n<\/tr>\n<\/tbody>\n<\/table>\n<p>Versiones<\/p>\n<p>Hay varias versiones disponibles para esta bomba. P\u00f3ngase en contacto con nosotros.<\/p>","protected":false},"excerpt":{"rendered":"<p>Juego completo de bomba dosificadora, sensor redox y portasensor.<\/p>\n<p>Regula autom\u00e1ticamente el contenido de cloro de una piscina, por ejemplo.<\/p>\n<p>Tambi\u00e9n se utiliza regularmente en horticultura.<\/p>\n<p>Versi\u00f3n: VMSA PO con sensor ERH con cable de 0,8 m y portasensor de 1\/2\u2033.<\/p>\n<p>\u00bfNecesita otra versi\u00f3n? P\u00eddanos presupuesto<\/p>","protected":false},"featured_media":4030,"template":"","meta":[],"product_brand":[],"product_cat":[85],"product_tag":[],"class_list":{"0":"post-4031","1":"product","2":"type-product","3":"status-publish","4":"has-post-thumbnail","6":"product_cat-assortiment","8":"first","9":"onbackorder","10":"taxable","11":"shipping-taxable","12":"purchasable","13":"product-type-simple"},"yoast_head":"<!-- This site is optimized with the Yoast SEO plugin v27.2 - https:\/\/yoast.com\/product\/yoast-seo-wordpress\/ -->\n<title>Chloorpomp met Redox Sensor | Dosing Pump Shop B.V.<\/title>\n<meta name=\"description\" content=\"Complete set van Emec VMSA PO chloorpomp met redox sensor voor het automatisch regelen van chloor. _ ruime voorraad _ goed advies.\" \/>\n<meta name=\"robots\" content=\"index, follow, max-snippet:-1, max-image-preview:large, max-video-preview:-1\" \/>\n<link rel=\"canonical\" href=\"https:\/\/dosingpump.shop\/es\/producto\/emec-vms-po-bomba-de-cloro-con-sensor-redox-orp\/\" \/>\n<meta property=\"og:locale\" content=\"es_ES\" \/>\n<meta property=\"og:type\" content=\"article\" \/>\n<meta property=\"og:title\" content=\"Chloorpomp met Redox Sensor | Dosing Pump Shop B.V.\" \/>\n<meta property=\"og:description\" content=\"Complete set van Emec VMSA PO chloorpomp met redox sensor voor het automatisch regelen van chloor. _ ruime voorraad _ goed advies.\" \/>\n<meta property=\"og:url\" content=\"https:\/\/dosingpump.shop\/es\/producto\/emec-vms-po-bomba-de-cloro-con-sensor-redox-orp\/\" \/>\n<meta property=\"og:site_name\" content=\"Dosing Pump Shop B.V.\" \/>\n<meta property=\"article:modified_time\" content=\"2026-02-27T12:49:16+00:00\" \/>\n<meta property=\"og:image\" content=\"https:\/\/dosingpump.shop\/wp-content\/uploads\/2024\/12\/Emec-VSMA.webp\" \/>\n\t<meta property=\"og:image:width\" content=\"499\" \/>\n\t<meta property=\"og:image:height\" content=\"500\" \/>\n\t<meta property=\"og:image:type\" content=\"image\/webp\" \/>\n<meta name=\"twitter:card\" content=\"summary_large_image\" \/>\n<meta name=\"twitter:label1\" content=\"Precio\" \/>\n\t<meta name=\"twitter:data1\" content=\"&euro;741,00\" \/>\n\t<meta name=\"twitter:label2\" content=\"Disponibilidad\" \/>\n\t<meta name=\"twitter:data2\" content=\"Disponible para reservar\" \/>\n<script type=\"application\/ld+json\" class=\"yoast-schema-graph\">{\"@context\":\"https:\/\/schema.org\",\"@graph\":[{\"@type\":\"WebPage\",\"@id\":\"https:\/\/dosingpump.shop\/ro\/produs-2\/emec-vms-po-pompa-de-clor-cu-senzor-redox-orp\/\",\"url\":\"https:\/\/dosingpump.shop\/ro\/produs-2\/emec-vms-po-pompa-de-clor-cu-senzor-redox-orp\/\",\"name\":\"Chloorpomp met Redox Sensor | Dosing Pump Shop B.V.\",\"isPartOf\":{\"@id\":\"https:\/\/dosingpump.shop\/de\/#website\"},\"primaryImageOfPage\":{\"@id\":\"https:\/\/dosingpump.shop\/ro\/produs-2\/emec-vms-po-pompa-de-clor-cu-senzor-redox-orp\/#primaryimage\"},\"image\":{\"@id\":\"https:\/\/dosingpump.shop\/ro\/produs-2\/emec-vms-po-pompa-de-clor-cu-senzor-redox-orp\/#primaryimage\"},\"thumbnailUrl\":\"https:\/\/dosingpump.shop\/wp-content\/uploads\/2024\/12\/Emec-VSMA.webp\",\"datePublished\":\"2024-12-05T12:21:46+00:00\",\"dateModified\":\"2026-02-27T12:49:16+00:00\",\"description\":\"Complete set van Emec VMSA PO chloorpomp met redox sensor voor het automatisch regelen van chloor. _ ruime voorraad _ goed advies.\",\"breadcrumb\":{\"@id\":\"https:\/\/dosingpump.shop\/ro\/produs-2\/emec-vms-po-pompa-de-clor-cu-senzor-redox-orp\/#breadcrumb\"},\"inLanguage\":\"es\",\"potentialAction\":[{\"@type\":\"ReadAction\",\"target\":[\"https:\/\/dosingpump.shop\/ro\/produs-2\/emec-vms-po-pompa-de-clor-cu-senzor-redox-orp\/\"]}]},{\"@type\":\"ImageObject\",\"inLanguage\":\"es\",\"@id\":\"https:\/\/dosingpump.shop\/ro\/produs-2\/emec-vms-po-pompa-de-clor-cu-senzor-redox-orp\/#primaryimage\",\"url\":\"https:\/\/dosingpump.shop\/wp-content\/uploads\/2024\/12\/Emec-VSMA.webp\",\"contentUrl\":\"https:\/\/dosingpump.shop\/wp-content\/uploads\/2024\/12\/Emec-VSMA.webp\",\"width\":499,\"height\":500},{\"@type\":\"BreadcrumbList\",\"@id\":\"https:\/\/dosingpump.shop\/ro\/produs-2\/emec-vms-po-pompa-de-clor-cu-senzor-redox-orp\/#breadcrumb\",\"itemListElement\":[{\"@type\":\"ListItem\",\"position\":1,\"name\":\"Home\",\"item\":\"https:\/\/dosingpump.shop\/\"},{\"@type\":\"ListItem\",\"position\":2,\"name\":\"Shop\",\"item\":\"https:\/\/dosingpump.shop\/de\/shop\/\"},{\"@type\":\"ListItem\",\"position\":3,\"name\":\"Emec VMS PO chloorpomp met redox sensor (ORP)\"}]},{\"@type\":\"WebSite\",\"@id\":\"https:\/\/dosingpump.shop\/de\/#website\",\"url\":\"https:\/\/dosingpump.shop\/de\/\",\"name\":\"Dosing Pump Shop B.V.\",\"description\":\"\",\"publisher\":{\"@id\":\"https:\/\/dosingpump.shop\/de\/#organization\"},\"potentialAction\":[{\"@type\":\"SearchAction\",\"target\":{\"@type\":\"EntryPoint\",\"urlTemplate\":\"https:\/\/dosingpump.shop\/de\/?s={search_term_string}\"},\"query-input\":{\"@type\":\"PropertyValueSpecification\",\"valueRequired\":true,\"valueName\":\"search_term_string\"}}],\"inLanguage\":\"es\"},{\"@type\":\"Organization\",\"@id\":\"https:\/\/dosingpump.shop\/de\/#organization\",\"name\":\"Dosing Pump Shop B.V.\",\"url\":\"https:\/\/dosingpump.shop\/de\/\",\"logo\":{\"@type\":\"ImageObject\",\"inLanguage\":\"es\",\"@id\":\"https:\/\/dosingpump.shop\/de\/#\/schema\/logo\/image\/\",\"url\":\"https:\/\/dosingpump.shop\/wp-content\/uploads\/2024\/10\/Dosing-Pump-Shop-logo.png\",\"contentUrl\":\"https:\/\/dosingpump.shop\/wp-content\/uploads\/2024\/10\/Dosing-Pump-Shop-logo.png\",\"width\":350,\"height\":45,\"caption\":\"Dosing Pump Shop B.V.\"},\"image\":{\"@id\":\"https:\/\/dosingpump.shop\/de\/#\/schema\/logo\/image\/\"},\"sameAs\":[\"https:\/\/linkedin.com\/company\/dosing-pump-shop\"]}]}<\/script>\n<meta property=\"product:price:amount\" content=\"741.00\" \/>\n<meta property=\"product:price:currency\" content=\"EUR\" \/>\n<meta property=\"og:availability\" content=\"backorder\" \/>\n<meta property=\"product:availability\" content=\"available for order\" \/>\n<meta property=\"product:condition\" content=\"new\" \/>\n<!-- \/ Yoast SEO plugin. -->","yoast_head_json":{"title":"Bomba de cloro con sensor Redox | Dosing Pump Shop B.V.","description":"Juego completo de bomba de cloro Emec VMSA PO con sensor redox para control autom\u00e1tico de cloro. _ gran stock _ buen asesoramiento.","robots":{"index":"index","follow":"follow","max-snippet":"max-snippet:-1","max-image-preview":"max-image-preview:large","max-video-preview":"max-video-preview:-1"},"canonical":"https:\/\/dosingpump.shop\/es\/producto\/emec-vms-po-bomba-de-cloro-con-sensor-redox-orp\/","og_locale":"es_ES","og_type":"article","og_title":"Chloorpomp met Redox Sensor | Dosing Pump Shop B.V.","og_description":"Complete set van Emec VMSA PO chloorpomp met redox sensor voor het automatisch regelen van chloor. _ ruime voorraad _ goed advies.","og_url":"https:\/\/dosingpump.shop\/es\/producto\/emec-vms-po-bomba-de-cloro-con-sensor-redox-orp\/","og_site_name":"Dosing Pump Shop B.V.","article_modified_time":"2026-02-27T12:49:16+00:00","og_image":[{"width":499,"height":500,"url":"https:\/\/dosingpump.shop\/wp-content\/uploads\/2024\/12\/Emec-VSMA.webp","type":"image\/webp"}],"twitter_card":"summary_large_image","twitter_misc":{"Precio":"&euro;741,00","Disponibilidad":"Disponible para reservar"},"schema":{"@context":"https:\/\/schema.org","@graph":[{"@type":"WebPage","@id":"https:\/\/dosingpump.shop\/ro\/produs-2\/emec-vms-po-pompa-de-clor-cu-senzor-redox-orp\/","url":"https:\/\/dosingpump.shop\/ro\/produs-2\/emec-vms-po-pompa-de-clor-cu-senzor-redox-orp\/","name":"Bomba de cloro con sensor Redox | Dosing Pump Shop B.V.","isPartOf":{"@id":"https:\/\/dosingpump.shop\/de\/#website"},"primaryImageOfPage":{"@id":"https:\/\/dosingpump.shop\/ro\/produs-2\/emec-vms-po-pompa-de-clor-cu-senzor-redox-orp\/#primaryimage"},"image":{"@id":"https:\/\/dosingpump.shop\/ro\/produs-2\/emec-vms-po-pompa-de-clor-cu-senzor-redox-orp\/#primaryimage"},"thumbnailUrl":"https:\/\/dosingpump.shop\/wp-content\/uploads\/2024\/12\/Emec-VSMA.webp","datePublished":"2024-12-05T12:21:46+00:00","dateModified":"2026-02-27T12:49:16+00:00","description":"Juego completo de bomba de cloro Emec VMSA PO con sensor redox para control autom\u00e1tico de cloro. _ gran stock _ buen asesoramiento.","breadcrumb":{"@id":"https:\/\/dosingpump.shop\/ro\/produs-2\/emec-vms-po-pompa-de-clor-cu-senzor-redox-orp\/#breadcrumb"},"inLanguage":"es","potentialAction":[{"@type":"ReadAction","target":["https:\/\/dosingpump.shop\/ro\/produs-2\/emec-vms-po-pompa-de-clor-cu-senzor-redox-orp\/"]}]},{"@type":"ImageObject","inLanguage":"es","@id":"https:\/\/dosingpump.shop\/ro\/produs-2\/emec-vms-po-pompa-de-clor-cu-senzor-redox-orp\/#primaryimage","url":"https:\/\/dosingpump.shop\/wp-content\/uploads\/2024\/12\/Emec-VSMA.webp","contentUrl":"https:\/\/dosingpump.shop\/wp-content\/uploads\/2024\/12\/Emec-VSMA.webp","width":499,"height":500},{"@type":"BreadcrumbList","@id":"https:\/\/dosingpump.shop\/ro\/produs-2\/emec-vms-po-pompa-de-clor-cu-senzor-redox-orp\/#breadcrumb","itemListElement":[{"@type":"ListItem","position":1,"name":"Home","item":"https:\/\/dosingpump.shop\/"},{"@type":"ListItem","position":2,"name":"Shop","item":"https:\/\/dosingpump.shop\/de\/shop\/"},{"@type":"ListItem","position":3,"name":"Emec VMS PO chloorpomp met redox sensor (ORP)"}]},{"@type":"WebSite","@id":"https:\/\/dosingpump.shop\/de\/#website","url":"https:\/\/dosingpump.shop\/de\/","name":"Dosing Pump Shop B.V.","description":"","publisher":{"@id":"https:\/\/dosingpump.shop\/de\/#organization"},"potentialAction":[{"@type":"SearchAction","target":{"@type":"EntryPoint","urlTemplate":"https:\/\/dosingpump.shop\/de\/?s={search_term_string}"},"query-input":{"@type":"PropertyValueSpecification","valueRequired":true,"valueName":"search_term_string"}}],"inLanguage":"es"},{"@type":"Organization","@id":"https:\/\/dosingpump.shop\/de\/#organization","name":"Dosing Pump Shop B.V.","url":"https:\/\/dosingpump.shop\/de\/","logo":{"@type":"ImageObject","inLanguage":"es","@id":"https:\/\/dosingpump.shop\/de\/#\/schema\/logo\/image\/","url":"https:\/\/dosingpump.shop\/wp-content\/uploads\/2024\/10\/Dosing-Pump-Shop-logo.png","contentUrl":"https:\/\/dosingpump.shop\/wp-content\/uploads\/2024\/10\/Dosing-Pump-Shop-logo.png","width":350,"height":45,"caption":"Dosing Pump Shop B.V."},"image":{"@id":"https:\/\/dosingpump.shop\/de\/#\/schema\/logo\/image\/"},"sameAs":["https:\/\/linkedin.com\/company\/dosing-pump-shop"]}]},"product_price_amount":"741.00","product_price_currency":"EUR","og_availability":"backorder","product_availability":"available for order","product_condition":"new"},"_links":{"self":[{"href":"https:\/\/dosingpump.shop\/es\/wp-json\/wp\/v2\/product\/4031","targetHints":{"allow":["GET"]}}],"collection":[{"href":"https:\/\/dosingpump.shop\/es\/wp-json\/wp\/v2\/product"}],"about":[{"href":"https:\/\/dosingpump.shop\/es\/wp-json\/wp\/v2\/types\/product"}],"wp:featuredmedia":[{"embeddable":true,"href":"https:\/\/dosingpump.shop\/es\/wp-json\/wp\/v2\/media\/4030"}],"wp:attachment":[{"href":"https:\/\/dosingpump.shop\/es\/wp-json\/wp\/v2\/media?parent=4031"}],"wp:term":[{"taxonomy":"product_brand","embeddable":true,"href":"https:\/\/dosingpump.shop\/es\/wp-json\/wp\/v2\/product_brand?post=4031"},{"taxonomy":"product_cat","embeddable":true,"href":"https:\/\/dosingpump.shop\/es\/wp-json\/wp\/v2\/product_cat?post=4031"},{"taxonomy":"product_tag","embeddable":true,"href":"https:\/\/dosingpump.shop\/es\/wp-json\/wp\/v2\/product_tag?post=4031"}],"curies":[{"name":"wp","href":"https:\/\/api.w.org\/{rel}","templated":true}]}}