{"id":4094,"date":"2024-12-05T12:21:54","date_gmt":"2024-12-05T12:21:54","guid":{"rendered":"https:\/\/dosingpump.shop\/?post_type=product&#038;p=4094"},"modified":"2026-02-27T14:49:18","modified_gmt":"2026-02-27T12:49:18","slug":"prisma-20-05-fp-24vdc","status":"publish","type":"product","link":"https:\/\/dosingpump.shop\/es\/product\/prisma-20-05-fp-24vdc\/","title":{"rendered":"PRISMA 20-05 FP 24VDC"},"content":{"rendered":"<h3>Bomba dosificadora Emec Prisma 05-28: la perfecci\u00f3n en la gesti\u00f3n precisa de la dosificaci\u00f3n<\/h3>\n<p>Descubre la <strong>Bomba dosificadora Emec Prisma<\/strong>equipada con un motor paso a paso para una precisi\u00f3n inigualable en la dosificaci\u00f3n de l\u00edquidos, incluso los m\u00e1s viscosos. Esta bomba dosificadora de alto rendimiento est\u00e1 configurada de serie para control mediante se\u00f1al externa (4-20 mA | 0-10 V | Impulsos) y RS485. La 05-28 puede dosificar 28 litros por hora a una contrapresi\u00f3n de 5 bares.<\/p>\n<h4>Caracter\u00edsticas \u00fanicas:<\/h4>\n<ul>\n<li><strong>Conectividad:<\/strong> Opcional con Bluetooth y control remoto a trav\u00e9s del servidor Emec Ermes, que le permite leer y ajustar la bomba desde cualquier lugar del mundo a trav\u00e9s de su m\u00f3vil.<\/li>\n<li><strong>Compatibilidad:<\/strong> Son posibles tanto las conexiones MODBUS como RS485. RS485 es incluso est\u00e1ndar.<\/li>\n<li><strong>Adaptabilidad:<\/strong> El software y el motor paso a paso permiten que Emec Prisma se adapte totalmente a sus necesidades de dosificaci\u00f3n. Dispone de m\u00faltiples programas de dosificaci\u00f3n.<\/li>\n<li><strong>Control m\u00e1ximo:<\/strong> Una impresionante relaci\u00f3n de reducci\u00f3n de 1:4800 garantiza el control m\u00e1s preciso de su proceso de dosificaci\u00f3n.<\/li>\n<li><strong>Modo lento:<\/strong> Una caracter\u00edstica \u00fanica para dispensar con precisi\u00f3n l\u00edquidos de alta viscosidad reduciendo la carrera de la bomba a 25, 50 \u00f3 75% de la capacidad normal.<\/li>\n<\/ul>\n<h4>Versiones disponibles de la bomba dosificadora Emec Prisma:<\/h4>\n<p>Desde 20 bar - 1 l\/h hasta 02 bar - 80 l\/h, siempre hay una bomba dosificadora Emec Prisma que se adapta perfectamente a sus necesidades. \u00bfNecesita ayuda para elegir la versi\u00f3n adecuada? Solicite un presupuesto y estaremos encantados de asesorarle.<\/p>","protected":false},"excerpt":{"rendered":"<p>Con la serie Emec PRISMA, tendr\u00e1 la mejor bomba dosificadora del mercado. Con su motor paso a paso, esta bomba de diafragma es la bomba dosificadora m\u00e1s innovadora hasta la fecha. Solicite inmediatamente esta todoterreno si apuesta por la precisi\u00f3n y la fiabilidad.<\/p>\n<ul>\n<li>WIFI<\/li>\n<li>Bluetooth<\/li>\n<li>modbus<\/li>\n<li>RS485<\/li>\n<\/ul>","protected":false},"featured_media":4249,"template":"","meta":[],"product_brand":[],"product_cat":[78],"product_tag":[],"class_list":{"0":"post-4094","1":"product","2":"type-product","3":"status-publish","4":"has-post-thumbnail","6":"product_cat-emec-prisma","8":"first","9":"instock","10":"taxable","11":"shipping-taxable","12":"purchasable","13":"product-type-simple"},"yoast_head":"<!-- This site is optimized with the Yoast SEO plugin v27.2 - https:\/\/yoast.com\/product\/yoast-seo-wordpress\/ -->\n<title>PRISMA 20-05 FP 24VDC | Dosing Pump Shop B.V.<\/title>\n<meta name=\"description\" content=\"De Emec Prisma is een ouder model stappenmotor doseerpomp. Capaciteit: 5 l\/uur. Druk: 20 bar. Laatste modellen. Aantrekkelijke korting.\" \/>\n<meta name=\"robots\" content=\"index, follow, max-snippet:-1, max-image-preview:large, max-video-preview:-1\" \/>\n<link rel=\"canonical\" href=\"https:\/\/dosingpump.shop\/es\/producto\/prisma-20-05-fp-24vdc\/\" \/>\n<meta property=\"og:locale\" content=\"es_ES\" \/>\n<meta property=\"og:type\" content=\"article\" \/>\n<meta property=\"og:title\" content=\"PRISMA 20-05 FP 24VDC | Dosing Pump Shop B.V.\" \/>\n<meta property=\"og:description\" content=\"De Emec Prisma is een ouder model stappenmotor doseerpomp. Capaciteit: 5 l\/uur. Druk: 20 bar. Laatste modellen. Aantrekkelijke korting.\" \/>\n<meta property=\"og:url\" content=\"https:\/\/dosingpump.shop\/es\/producto\/prisma-20-05-fp-24vdc\/\" \/>\n<meta property=\"og:site_name\" content=\"Dosing Pump Shop B.V.\" \/>\n<meta property=\"article:modified_time\" content=\"2026-02-27T12:49:18+00:00\" \/>\n<meta property=\"og:image\" content=\"https:\/\/dosingpump.shop\/wp-content\/uploads\/2024\/12\/Emec-Prisma-Doseerpomp-24vdc.webp\" \/>\n\t<meta property=\"og:image:width\" content=\"500\" \/>\n\t<meta property=\"og:image:height\" content=\"500\" \/>\n\t<meta property=\"og:image:type\" content=\"image\/webp\" \/>\n<meta name=\"twitter:card\" content=\"summary_large_image\" \/>\n<meta name=\"twitter:label1\" content=\"Precio\" \/>\n\t<meta name=\"twitter:data1\" content=\"&euro;1.508,00\" \/>\n\t<meta name=\"twitter:label2\" content=\"Disponibilidad\" \/>\n\t<meta name=\"twitter:data2\" content=\"Disponible\" \/>\n<script type=\"application\/ld+json\" class=\"yoast-schema-graph\">{\"@context\":\"https:\/\/schema.org\",\"@graph\":[{\"@type\":\"WebPage\",\"@id\":\"https:\/\/dosingpump.shop\/cz\/produkt-2\/prism-20-05-fp-24vdc\/\",\"url\":\"https:\/\/dosingpump.shop\/cz\/produkt-2\/prism-20-05-fp-24vdc\/\",\"name\":\"PRISMA 20-05 FP 24VDC | Dosing Pump Shop B.V.\",\"isPartOf\":{\"@id\":\"https:\/\/dosingpump.shop\/de\/#website\"},\"primaryImageOfPage\":{\"@id\":\"https:\/\/dosingpump.shop\/cz\/produkt-2\/prism-20-05-fp-24vdc\/#primaryimage\"},\"image\":{\"@id\":\"https:\/\/dosingpump.shop\/cz\/produkt-2\/prism-20-05-fp-24vdc\/#primaryimage\"},\"thumbnailUrl\":\"https:\/\/dosingpump.shop\/wp-content\/uploads\/2024\/12\/Emec-Prisma-Doseerpomp-24vdc.webp\",\"datePublished\":\"2024-12-05T12:21:54+00:00\",\"dateModified\":\"2026-02-27T12:49:18+00:00\",\"description\":\"De Emec Prisma is een ouder model stappenmotor doseerpomp. Capaciteit: 5 l\/uur. Druk: 20 bar. Laatste modellen. Aantrekkelijke korting.\",\"breadcrumb\":{\"@id\":\"https:\/\/dosingpump.shop\/cz\/produkt-2\/prism-20-05-fp-24vdc\/#breadcrumb\"},\"inLanguage\":\"es\",\"potentialAction\":[{\"@type\":\"ReadAction\",\"target\":[\"https:\/\/dosingpump.shop\/cz\/produkt-2\/prism-20-05-fp-24vdc\/\"]}]},{\"@type\":\"ImageObject\",\"inLanguage\":\"es\",\"@id\":\"https:\/\/dosingpump.shop\/cz\/produkt-2\/prism-20-05-fp-24vdc\/#primaryimage\",\"url\":\"https:\/\/dosingpump.shop\/wp-content\/uploads\/2024\/12\/Emec-Prisma-Doseerpomp-24vdc.webp\",\"contentUrl\":\"https:\/\/dosingpump.shop\/wp-content\/uploads\/2024\/12\/Emec-Prisma-Doseerpomp-24vdc.webp\",\"width\":500,\"height\":500},{\"@type\":\"BreadcrumbList\",\"@id\":\"https:\/\/dosingpump.shop\/cz\/produkt-2\/prism-20-05-fp-24vdc\/#breadcrumb\",\"itemListElement\":[{\"@type\":\"ListItem\",\"position\":1,\"name\":\"Home\",\"item\":\"https:\/\/dosingpump.shop\/\"},{\"@type\":\"ListItem\",\"position\":2,\"name\":\"Shop\",\"item\":\"https:\/\/dosingpump.shop\/de\/shop\/\"},{\"@type\":\"ListItem\",\"position\":3,\"name\":\"PRISMA 20-05 FP 24VDC\"}]},{\"@type\":\"WebSite\",\"@id\":\"https:\/\/dosingpump.shop\/de\/#website\",\"url\":\"https:\/\/dosingpump.shop\/de\/\",\"name\":\"Dosing Pump Shop B.V.\",\"description\":\"\",\"publisher\":{\"@id\":\"https:\/\/dosingpump.shop\/de\/#organization\"},\"potentialAction\":[{\"@type\":\"SearchAction\",\"target\":{\"@type\":\"EntryPoint\",\"urlTemplate\":\"https:\/\/dosingpump.shop\/de\/?s={search_term_string}\"},\"query-input\":{\"@type\":\"PropertyValueSpecification\",\"valueRequired\":true,\"valueName\":\"search_term_string\"}}],\"inLanguage\":\"es\"},{\"@type\":\"Organization\",\"@id\":\"https:\/\/dosingpump.shop\/de\/#organization\",\"name\":\"Dosing Pump Shop B.V.\",\"url\":\"https:\/\/dosingpump.shop\/de\/\",\"logo\":{\"@type\":\"ImageObject\",\"inLanguage\":\"es\",\"@id\":\"https:\/\/dosingpump.shop\/de\/#\/schema\/logo\/image\/\",\"url\":\"https:\/\/dosingpump.shop\/wp-content\/uploads\/2024\/10\/Dosing-Pump-Shop-logo.png\",\"contentUrl\":\"https:\/\/dosingpump.shop\/wp-content\/uploads\/2024\/10\/Dosing-Pump-Shop-logo.png\",\"width\":350,\"height\":45,\"caption\":\"Dosing Pump Shop B.V.\"},\"image\":{\"@id\":\"https:\/\/dosingpump.shop\/de\/#\/schema\/logo\/image\/\"},\"sameAs\":[\"https:\/\/linkedin.com\/company\/dosing-pump-shop\"]}]}<\/script>\n<meta property=\"product:price:amount\" content=\"1508.00\" \/>\n<meta property=\"product:price:currency\" content=\"EUR\" \/>\n<meta property=\"og:availability\" content=\"instock\" \/>\n<meta property=\"product:availability\" content=\"instock\" \/>\n<meta property=\"product:retailer_item_id\" content=\"PRI20005K0007V00A000\" \/>\n<meta property=\"product:condition\" content=\"new\" \/>\n<!-- \/ Yoast SEO plugin. -->","yoast_head_json":{"title":"PRISMA 20-05 FP 24VDC | Dosing Pump Shop B.V.","description":"La Emec Prisma es una bomba dosificadora con motor paso a paso de modelo antiguo. Capacidad: 5 l\/hora. Presi\u00f3n: 20 bar. \u00daltimos modelos. Descuento atractivo.","robots":{"index":"index","follow":"follow","max-snippet":"max-snippet:-1","max-image-preview":"max-image-preview:large","max-video-preview":"max-video-preview:-1"},"canonical":"https:\/\/dosingpump.shop\/es\/producto\/prisma-20-05-fp-24vdc\/","og_locale":"es_ES","og_type":"article","og_title":"PRISMA 20-05 FP 24VDC | Dosing Pump Shop B.V.","og_description":"De Emec Prisma is een ouder model stappenmotor doseerpomp. Capaciteit: 5 l\/uur. Druk: 20 bar. Laatste modellen. Aantrekkelijke korting.","og_url":"https:\/\/dosingpump.shop\/es\/producto\/prisma-20-05-fp-24vdc\/","og_site_name":"Dosing Pump Shop B.V.","article_modified_time":"2026-02-27T12:49:18+00:00","og_image":[{"width":500,"height":500,"url":"https:\/\/dosingpump.shop\/wp-content\/uploads\/2024\/12\/Emec-Prisma-Doseerpomp-24vdc.webp","type":"image\/webp"}],"twitter_card":"summary_large_image","twitter_misc":{"Precio":"&euro;1.508,00","Disponibilidad":"Disponible"},"schema":{"@context":"https:\/\/schema.org","@graph":[{"@type":"WebPage","@id":"https:\/\/dosingpump.shop\/cz\/produkt-2\/prism-20-05-fp-24vdc\/","url":"https:\/\/dosingpump.shop\/cz\/produkt-2\/prism-20-05-fp-24vdc\/","name":"PRISMA 20-05 FP 24VDC | Dosing Pump Shop B.V.","isPartOf":{"@id":"https:\/\/dosingpump.shop\/de\/#website"},"primaryImageOfPage":{"@id":"https:\/\/dosingpump.shop\/cz\/produkt-2\/prism-20-05-fp-24vdc\/#primaryimage"},"image":{"@id":"https:\/\/dosingpump.shop\/cz\/produkt-2\/prism-20-05-fp-24vdc\/#primaryimage"},"thumbnailUrl":"https:\/\/dosingpump.shop\/wp-content\/uploads\/2024\/12\/Emec-Prisma-Doseerpomp-24vdc.webp","datePublished":"2024-12-05T12:21:54+00:00","dateModified":"2026-02-27T12:49:18+00:00","description":"La Emec Prisma es una bomba dosificadora con motor paso a paso de modelo antiguo. Capacidad: 5 l\/hora. Presi\u00f3n: 20 bar. \u00daltimos modelos. Descuento atractivo.","breadcrumb":{"@id":"https:\/\/dosingpump.shop\/cz\/produkt-2\/prism-20-05-fp-24vdc\/#breadcrumb"},"inLanguage":"es","potentialAction":[{"@type":"ReadAction","target":["https:\/\/dosingpump.shop\/cz\/produkt-2\/prism-20-05-fp-24vdc\/"]}]},{"@type":"ImageObject","inLanguage":"es","@id":"https:\/\/dosingpump.shop\/cz\/produkt-2\/prism-20-05-fp-24vdc\/#primaryimage","url":"https:\/\/dosingpump.shop\/wp-content\/uploads\/2024\/12\/Emec-Prisma-Doseerpomp-24vdc.webp","contentUrl":"https:\/\/dosingpump.shop\/wp-content\/uploads\/2024\/12\/Emec-Prisma-Doseerpomp-24vdc.webp","width":500,"height":500},{"@type":"BreadcrumbList","@id":"https:\/\/dosingpump.shop\/cz\/produkt-2\/prism-20-05-fp-24vdc\/#breadcrumb","itemListElement":[{"@type":"ListItem","position":1,"name":"Home","item":"https:\/\/dosingpump.shop\/"},{"@type":"ListItem","position":2,"name":"Shop","item":"https:\/\/dosingpump.shop\/de\/shop\/"},{"@type":"ListItem","position":3,"name":"PRISMA 20-05 FP 24VDC"}]},{"@type":"WebSite","@id":"https:\/\/dosingpump.shop\/de\/#website","url":"https:\/\/dosingpump.shop\/de\/","name":"Dosing Pump Shop B.V.","description":"","publisher":{"@id":"https:\/\/dosingpump.shop\/de\/#organization"},"potentialAction":[{"@type":"SearchAction","target":{"@type":"EntryPoint","urlTemplate":"https:\/\/dosingpump.shop\/de\/?s={search_term_string}"},"query-input":{"@type":"PropertyValueSpecification","valueRequired":true,"valueName":"search_term_string"}}],"inLanguage":"es"},{"@type":"Organization","@id":"https:\/\/dosingpump.shop\/de\/#organization","name":"Dosing Pump Shop B.V.","url":"https:\/\/dosingpump.shop\/de\/","logo":{"@type":"ImageObject","inLanguage":"es","@id":"https:\/\/dosingpump.shop\/de\/#\/schema\/logo\/image\/","url":"https:\/\/dosingpump.shop\/wp-content\/uploads\/2024\/10\/Dosing-Pump-Shop-logo.png","contentUrl":"https:\/\/dosingpump.shop\/wp-content\/uploads\/2024\/10\/Dosing-Pump-Shop-logo.png","width":350,"height":45,"caption":"Dosing Pump Shop B.V."},"image":{"@id":"https:\/\/dosingpump.shop\/de\/#\/schema\/logo\/image\/"},"sameAs":["https:\/\/linkedin.com\/company\/dosing-pump-shop"]}]},"product_price_amount":"1508.00","product_price_currency":"EUR","og_availability":"instock","product_availability":"instock","product_retailer_item_id":"PRI20005K0007V00A000","product_condition":"new"},"_links":{"self":[{"href":"https:\/\/dosingpump.shop\/es\/wp-json\/wp\/v2\/product\/4094","targetHints":{"allow":["GET"]}}],"collection":[{"href":"https:\/\/dosingpump.shop\/es\/wp-json\/wp\/v2\/product"}],"about":[{"href":"https:\/\/dosingpump.shop\/es\/wp-json\/wp\/v2\/types\/product"}],"wp:featuredmedia":[{"embeddable":true,"href":"https:\/\/dosingpump.shop\/es\/wp-json\/wp\/v2\/media\/4249"}],"wp:attachment":[{"href":"https:\/\/dosingpump.shop\/es\/wp-json\/wp\/v2\/media?parent=4094"}],"wp:term":[{"taxonomy":"product_brand","embeddable":true,"href":"https:\/\/dosingpump.shop\/es\/wp-json\/wp\/v2\/product_brand?post=4094"},{"taxonomy":"product_cat","embeddable":true,"href":"https:\/\/dosingpump.shop\/es\/wp-json\/wp\/v2\/product_cat?post=4094"},{"taxonomy":"product_tag","embeddable":true,"href":"https:\/\/dosingpump.shop\/es\/wp-json\/wp\/v2\/product_tag?post=4094"}],"curies":[{"name":"wp","href":"https:\/\/api.w.org\/{rel}","templated":true}]}}