{"id":4115,"date":"2024-12-05T14:21:56","date_gmt":"2024-12-05T12:21:56","guid":{"rendered":"https:\/\/dosingpump.shop\/product\/emec-wdphrhs-03-10-fp-doseerpomp\/"},"modified":"2026-02-27T14:49:19","modified_gmt":"2026-02-27T12:49:19","slug":"bomba-dosificadora-emec-wdphrhs-03-10-fp","status":"publish","type":"product","link":"https:\/\/dosingpump.shop\/es\/product\/emec-wdphrhs-03-10-fp-doseerpomp\/","title":{"rendered":"Bomba dosificadora Emec WDPHRHS 03-10 FP"},"content":{"rendered":"<div class=\"bot-name gds-title-s ng-tns-c2975687916-27 ng-star-inserted\"><\/div>\n<div class=\"response-content ng-tns-c2975687916-27\">\n<div id=\"model-response-message-contentr_b37d3081ee6a214a\" class=\"markdown markdown-main-panel stronger enable-updated-hr-color\" dir=\"ltr\">\n<p>La bomba dosificadora Emec WDPHRHS 03-10 FP forma parte del sistema WDPHxx, una soluci\u00f3n avanzada que integra un controlador con bombas dosificadoras proporcionales. Especialmente dise\u00f1ado para aplicaciones espec\u00edficas, como las del sector de las piscinas, este sistema ofrece una dosificaci\u00f3n profesional y fiable de productos qu\u00edmicos. La bomba est\u00e1 equipada con una pantalla LCD de f\u00e1cil manejo y un mando codificador para facilitar la navegaci\u00f3n y el ajuste de par\u00e1metros.<\/p>\n<p>La construcci\u00f3n de la bomba incluye una carcasa de PVDF duradera y componentes hidr\u00e1ulicos de alta calidad, que garantizan una larga vida \u00fatil y resistencia a productos qu\u00edmicos agresivos. Entre sus principales funciones se incluyen un modo de espera, una entrada de control de caudal y la posibilidad de retrasar el inicio de la dosificaci\u00f3n. Para un control \u00f3ptimo, dispone de un ajuste de prioridad para la dosificaci\u00f3n de pH, as\u00ed como de un men\u00fa de servicio que muestra el valor instant\u00e1neo de la sonda. La bomba tambi\u00e9n cuenta con un control exhaustivo de la sonda y varias funciones de alarma para mayor seguridad y fiabilidad.<\/p>\n<p>Espec\u00edfica de la serie WDPHRHS, esta bomba ofrece una dosificaci\u00f3n proporcional de pH y Redox, que es crucial para mantener una calidad del agua adecuada. La incorporaci\u00f3n de una salida Schuko hace que la instalaci\u00f3n y el uso sean a\u00fan m\u00e1s sencillos y vers\u00e1tiles. Adem\u00e1s, la bomba est\u00e1 equipada con una salida RS485, que permite la gesti\u00f3n remota a trav\u00e9s de la web con el exclusivo sistema ERMES, que simplifica la supervisi\u00f3n remota y el ajuste de la dosificaci\u00f3n.<\/p>\n<\/div>\n<\/div>","protected":false},"excerpt":{"rendered":"<ul>\n<li>Completo con v\u00e1lvula de inyecci\u00f3n, filtro de admisi\u00f3n y manguera.<\/li>\n<li>modo de espera<\/li>\n<li>Ajuste prioritario de la dosificaci\u00f3n del pH disponible<\/li>\n<li>Cara para piscinas<\/li>\n<\/ul>","protected":false},"featured_media":5292,"template":"","meta":[],"product_brand":[],"product_cat":[17],"product_tag":[],"class_list":{"0":"post-4115","1":"product","2":"type-product","3":"status-publish","4":"has-post-thumbnail","6":"product_cat-doseerpompen","8":"first","9":"onbackorder","10":"taxable","11":"shipping-taxable","12":"purchasable","13":"product-type-simple"},"yoast_head":"<!-- This site is optimized with the Yoast SEO plugin v27.2 - https:\/\/yoast.com\/product\/yoast-seo-wordpress\/ -->\n<title>Emec WDPHRHS 03-10 FP Doseerpomp | Dosing Pump Shop B.V.<\/title>\n<meta name=\"description\" content=\"De Emec WDPHRHS is een ouder model uit de Emec WDPHXX serie. Capaciteit: 10 l\/uur. Druk: 3 bar. Laatste modellen. Aantrekkelijke korting.\" \/>\n<meta name=\"robots\" content=\"index, follow, max-snippet:-1, max-image-preview:large, max-video-preview:-1\" \/>\n<link rel=\"canonical\" href=\"https:\/\/dosingpump.shop\/es\/producto\/bomba-dosificadora-emec-wdphrhs-03-10-fp\/\" \/>\n<meta property=\"og:locale\" content=\"es_ES\" \/>\n<meta property=\"og:type\" content=\"article\" \/>\n<meta property=\"og:title\" content=\"Emec WDPHRHS 03-10 FP Doseerpomp | Dosing Pump Shop B.V.\" \/>\n<meta property=\"og:description\" content=\"De Emec WDPHRHS is een ouder model uit de Emec WDPHXX serie. Capaciteit: 10 l\/uur. Druk: 3 bar. Laatste modellen. Aantrekkelijke korting.\" \/>\n<meta property=\"og:url\" content=\"https:\/\/dosingpump.shop\/es\/producto\/bomba-dosificadora-emec-wdphrhs-03-10-fp\/\" \/>\n<meta property=\"og:site_name\" content=\"Dosing Pump Shop B.V.\" \/>\n<meta property=\"article:modified_time\" content=\"2026-02-27T12:49:19+00:00\" \/>\n<meta property=\"og:image\" content=\"https:\/\/dosingpump.shop\/wp-content\/uploads\/2024\/12\/Emec-WDPHXX-Series.webp\" \/>\n\t<meta property=\"og:image:width\" content=\"500\" \/>\n\t<meta property=\"og:image:height\" content=\"500\" \/>\n\t<meta property=\"og:image:type\" content=\"image\/webp\" \/>\n<meta name=\"twitter:card\" content=\"summary_large_image\" \/>\n<meta name=\"twitter:label1\" content=\"Precio\" \/>\n\t<meta name=\"twitter:data1\" content=\"&euro;946,00\" \/>\n\t<meta name=\"twitter:label2\" content=\"Disponibilidad\" \/>\n\t<meta name=\"twitter:data2\" content=\"Disponible para reservar\" \/>\n<script type=\"application\/ld+json\" class=\"yoast-schema-graph\">{\"@context\":\"https:\/\/schema.org\",\"@graph\":[{\"@type\":\"WebPage\",\"@id\":\"https:\/\/dosingpump.shop\/nl\/product\/emec-wdphrhs-03-10-fp-doseerpomp\/\",\"url\":\"https:\/\/dosingpump.shop\/nl\/product\/emec-wdphrhs-03-10-fp-doseerpomp\/\",\"name\":\"Emec WDPHRHS 03-10 FP Doseerpomp | Dosing Pump Shop B.V.\",\"isPartOf\":{\"@id\":\"https:\/\/dosingpump.shop\/de\/#website\"},\"primaryImageOfPage\":{\"@id\":\"https:\/\/dosingpump.shop\/nl\/product\/emec-wdphrhs-03-10-fp-doseerpomp\/#primaryimage\"},\"image\":{\"@id\":\"https:\/\/dosingpump.shop\/nl\/product\/emec-wdphrhs-03-10-fp-doseerpomp\/#primaryimage\"},\"thumbnailUrl\":\"https:\/\/dosingpump.shop\/wp-content\/uploads\/2024\/12\/Emec-WDPHXX-Series.webp\",\"datePublished\":\"2024-12-05T12:21:56+00:00\",\"dateModified\":\"2026-02-27T12:49:19+00:00\",\"description\":\"De Emec WDPHRHS is een ouder model uit de Emec WDPHXX serie. Capaciteit: 10 l\/uur. Druk: 3 bar. Laatste modellen. Aantrekkelijke korting.\",\"breadcrumb\":{\"@id\":\"https:\/\/dosingpump.shop\/nl\/product\/emec-wdphrhs-03-10-fp-doseerpomp\/#breadcrumb\"},\"inLanguage\":\"es\",\"potentialAction\":[{\"@type\":\"ReadAction\",\"target\":[\"https:\/\/dosingpump.shop\/nl\/product\/emec-wdphrhs-03-10-fp-doseerpomp\/\"]}]},{\"@type\":\"ImageObject\",\"inLanguage\":\"es\",\"@id\":\"https:\/\/dosingpump.shop\/nl\/product\/emec-wdphrhs-03-10-fp-doseerpomp\/#primaryimage\",\"url\":\"https:\/\/dosingpump.shop\/wp-content\/uploads\/2024\/12\/Emec-WDPHXX-Series.webp\",\"contentUrl\":\"https:\/\/dosingpump.shop\/wp-content\/uploads\/2024\/12\/Emec-WDPHXX-Series.webp\",\"width\":500,\"height\":500},{\"@type\":\"BreadcrumbList\",\"@id\":\"https:\/\/dosingpump.shop\/nl\/product\/emec-wdphrhs-03-10-fp-doseerpomp\/#breadcrumb\",\"itemListElement\":[{\"@type\":\"ListItem\",\"position\":1,\"name\":\"Home\",\"item\":\"https:\/\/dosingpump.shop\/\"},{\"@type\":\"ListItem\",\"position\":2,\"name\":\"Shop\",\"item\":\"https:\/\/dosingpump.shop\/de\/shop\/\"},{\"@type\":\"ListItem\",\"position\":3,\"name\":\"Emec WDPHRHS 03-10 FP Doseerpomp\"}]},{\"@type\":\"WebSite\",\"@id\":\"https:\/\/dosingpump.shop\/de\/#website\",\"url\":\"https:\/\/dosingpump.shop\/de\/\",\"name\":\"Dosing Pump Shop B.V.\",\"description\":\"\",\"publisher\":{\"@id\":\"https:\/\/dosingpump.shop\/de\/#organization\"},\"potentialAction\":[{\"@type\":\"SearchAction\",\"target\":{\"@type\":\"EntryPoint\",\"urlTemplate\":\"https:\/\/dosingpump.shop\/de\/?s={search_term_string}\"},\"query-input\":{\"@type\":\"PropertyValueSpecification\",\"valueRequired\":true,\"valueName\":\"search_term_string\"}}],\"inLanguage\":\"es\"},{\"@type\":\"Organization\",\"@id\":\"https:\/\/dosingpump.shop\/de\/#organization\",\"name\":\"Dosing Pump Shop B.V.\",\"url\":\"https:\/\/dosingpump.shop\/de\/\",\"logo\":{\"@type\":\"ImageObject\",\"inLanguage\":\"es\",\"@id\":\"https:\/\/dosingpump.shop\/de\/#\/schema\/logo\/image\/\",\"url\":\"https:\/\/dosingpump.shop\/wp-content\/uploads\/2024\/10\/Dosing-Pump-Shop-logo.png\",\"contentUrl\":\"https:\/\/dosingpump.shop\/wp-content\/uploads\/2024\/10\/Dosing-Pump-Shop-logo.png\",\"width\":350,\"height\":45,\"caption\":\"Dosing Pump Shop B.V.\"},\"image\":{\"@id\":\"https:\/\/dosingpump.shop\/de\/#\/schema\/logo\/image\/\"},\"sameAs\":[\"https:\/\/linkedin.com\/company\/dosing-pump-shop\"]}]}<\/script>\n<meta property=\"product:price:amount\" content=\"946.00\" \/>\n<meta property=\"product:price:currency\" content=\"EUR\" \/>\n<meta property=\"og:availability\" content=\"backorder\" \/>\n<meta property=\"product:availability\" content=\"available for order\" \/>\n<meta property=\"product:condition\" content=\"new\" \/>\n<!-- \/ Yoast SEO plugin. -->","yoast_head_json":{"title":"Emec WDPHRHS 03-10 FP Bomba dosificadora | Dosing Pump Shop B.V.","description":"El Emec WDPHRHS es un modelo m\u00e1s antiguo de la serie Emec WDPHXX. Capacidad: 10 l\/hora. Presi\u00f3n: 3 bar. \u00daltimos modelos. Descuento atractivo.","robots":{"index":"index","follow":"follow","max-snippet":"max-snippet:-1","max-image-preview":"max-image-preview:large","max-video-preview":"max-video-preview:-1"},"canonical":"https:\/\/dosingpump.shop\/es\/producto\/bomba-dosificadora-emec-wdphrhs-03-10-fp\/","og_locale":"es_ES","og_type":"article","og_title":"Emec WDPHRHS 03-10 FP Doseerpomp | Dosing Pump Shop B.V.","og_description":"De Emec WDPHRHS is een ouder model uit de Emec WDPHXX serie. Capaciteit: 10 l\/uur. Druk: 3 bar. Laatste modellen. Aantrekkelijke korting.","og_url":"https:\/\/dosingpump.shop\/es\/producto\/bomba-dosificadora-emec-wdphrhs-03-10-fp\/","og_site_name":"Dosing Pump Shop B.V.","article_modified_time":"2026-02-27T12:49:19+00:00","og_image":[{"width":500,"height":500,"url":"https:\/\/dosingpump.shop\/wp-content\/uploads\/2024\/12\/Emec-WDPHXX-Series.webp","type":"image\/webp"}],"twitter_card":"summary_large_image","twitter_misc":{"Precio":"&euro;946,00","Disponibilidad":"Disponible para reservar"},"schema":{"@context":"https:\/\/schema.org","@graph":[{"@type":"WebPage","@id":"https:\/\/dosingpump.shop\/nl\/product\/emec-wdphrhs-03-10-fp-doseerpomp\/","url":"https:\/\/dosingpump.shop\/nl\/product\/emec-wdphrhs-03-10-fp-doseerpomp\/","name":"Emec WDPHRHS 03-10 FP Bomba dosificadora | Dosing Pump Shop B.V.","isPartOf":{"@id":"https:\/\/dosingpump.shop\/de\/#website"},"primaryImageOfPage":{"@id":"https:\/\/dosingpump.shop\/nl\/product\/emec-wdphrhs-03-10-fp-doseerpomp\/#primaryimage"},"image":{"@id":"https:\/\/dosingpump.shop\/nl\/product\/emec-wdphrhs-03-10-fp-doseerpomp\/#primaryimage"},"thumbnailUrl":"https:\/\/dosingpump.shop\/wp-content\/uploads\/2024\/12\/Emec-WDPHXX-Series.webp","datePublished":"2024-12-05T12:21:56+00:00","dateModified":"2026-02-27T12:49:19+00:00","description":"El Emec WDPHRHS es un modelo m\u00e1s antiguo de la serie Emec WDPHXX. Capacidad: 10 l\/hora. Presi\u00f3n: 3 bar. \u00daltimos modelos. Descuento atractivo.","breadcrumb":{"@id":"https:\/\/dosingpump.shop\/nl\/product\/emec-wdphrhs-03-10-fp-doseerpomp\/#breadcrumb"},"inLanguage":"es","potentialAction":[{"@type":"ReadAction","target":["https:\/\/dosingpump.shop\/nl\/product\/emec-wdphrhs-03-10-fp-doseerpomp\/"]}]},{"@type":"ImageObject","inLanguage":"es","@id":"https:\/\/dosingpump.shop\/nl\/product\/emec-wdphrhs-03-10-fp-doseerpomp\/#primaryimage","url":"https:\/\/dosingpump.shop\/wp-content\/uploads\/2024\/12\/Emec-WDPHXX-Series.webp","contentUrl":"https:\/\/dosingpump.shop\/wp-content\/uploads\/2024\/12\/Emec-WDPHXX-Series.webp","width":500,"height":500},{"@type":"BreadcrumbList","@id":"https:\/\/dosingpump.shop\/nl\/product\/emec-wdphrhs-03-10-fp-doseerpomp\/#breadcrumb","itemListElement":[{"@type":"ListItem","position":1,"name":"Home","item":"https:\/\/dosingpump.shop\/"},{"@type":"ListItem","position":2,"name":"Shop","item":"https:\/\/dosingpump.shop\/de\/shop\/"},{"@type":"ListItem","position":3,"name":"Emec WDPHRHS 03-10 FP Doseerpomp"}]},{"@type":"WebSite","@id":"https:\/\/dosingpump.shop\/de\/#website","url":"https:\/\/dosingpump.shop\/de\/","name":"Dosing Pump Shop B.V.","description":"","publisher":{"@id":"https:\/\/dosingpump.shop\/de\/#organization"},"potentialAction":[{"@type":"SearchAction","target":{"@type":"EntryPoint","urlTemplate":"https:\/\/dosingpump.shop\/de\/?s={search_term_string}"},"query-input":{"@type":"PropertyValueSpecification","valueRequired":true,"valueName":"search_term_string"}}],"inLanguage":"es"},{"@type":"Organization","@id":"https:\/\/dosingpump.shop\/de\/#organization","name":"Dosing Pump Shop B.V.","url":"https:\/\/dosingpump.shop\/de\/","logo":{"@type":"ImageObject","inLanguage":"es","@id":"https:\/\/dosingpump.shop\/de\/#\/schema\/logo\/image\/","url":"https:\/\/dosingpump.shop\/wp-content\/uploads\/2024\/10\/Dosing-Pump-Shop-logo.png","contentUrl":"https:\/\/dosingpump.shop\/wp-content\/uploads\/2024\/10\/Dosing-Pump-Shop-logo.png","width":350,"height":45,"caption":"Dosing Pump Shop B.V."},"image":{"@id":"https:\/\/dosingpump.shop\/de\/#\/schema\/logo\/image\/"},"sameAs":["https:\/\/linkedin.com\/company\/dosing-pump-shop"]}]},"product_price_amount":"946.00","product_price_currency":"EUR","og_availability":"backorder","product_availability":"available for order","product_condition":"new"},"_links":{"self":[{"href":"https:\/\/dosingpump.shop\/es\/wp-json\/wp\/v2\/product\/4115","targetHints":{"allow":["GET"]}}],"collection":[{"href":"https:\/\/dosingpump.shop\/es\/wp-json\/wp\/v2\/product"}],"about":[{"href":"https:\/\/dosingpump.shop\/es\/wp-json\/wp\/v2\/types\/product"}],"wp:featuredmedia":[{"embeddable":true,"href":"https:\/\/dosingpump.shop\/es\/wp-json\/wp\/v2\/media\/5292"}],"wp:attachment":[{"href":"https:\/\/dosingpump.shop\/es\/wp-json\/wp\/v2\/media?parent=4115"}],"wp:term":[{"taxonomy":"product_brand","embeddable":true,"href":"https:\/\/dosingpump.shop\/es\/wp-json\/wp\/v2\/product_brand?post=4115"},{"taxonomy":"product_cat","embeddable":true,"href":"https:\/\/dosingpump.shop\/es\/wp-json\/wp\/v2\/product_cat?post=4115"},{"taxonomy":"product_tag","embeddable":true,"href":"https:\/\/dosingpump.shop\/es\/wp-json\/wp\/v2\/product_tag?post=4115"}],"curies":[{"name":"wp","href":"https:\/\/api.w.org\/{rel}","templated":true}]}}