{"id":4222,"date":"2024-12-05T12:22:10","date_gmt":"2024-12-05T12:22:10","guid":{"rendered":"https:\/\/dosingpump.shop\/product\/emec-prius-d-mf-doseerpomp\/"},"modified":"2026-03-24T12:52:31","modified_gmt":"2026-03-24T11:52:31","slug":"bomba-dosificadora-emec-prius-d-mf","status":"publish","type":"product","link":"https:\/\/dosingpump.shop\/es\/product\/emec-prius-d-mf-doseerpomp\/","title":{"rendered":"Bomba dosificadora Emec Prius D MF"},"content":{"rendered":"<h3>Bomba dosificadora polivalente de gran caudal accionada por motor<\/h3>\n<p>Muchos procesos se controlan mediante un PLC o un ordenador de procesos. Es conveniente que una bomba dosificadora tambi\u00e9n pueda ser controlada por \u00e9ste. La Prius D MF accionada por motor puede producir un caudal elevado. Hasta aprox. <b>1000 litros por hora<\/b> A una presi\u00f3n relativamente alta de <b>5 bar<\/b>. Esta bomba tambi\u00e9n est\u00e1 disponible en versi\u00f3n de alta presi\u00f3n y puede alcanzar una presi\u00f3n m\u00e1xima de 100 bares.<\/p>\n<p>El precio indicado se basa en la versi\u00f3n Prius D MF 10-60.<\/p>\n<p>Estas caracter\u00edsticas hacen que el Prius MF sea una soluci\u00f3n de dosificaci\u00f3n muy utilizada en plantas de tratamiento de aguas y en la industria. Con una combinaci\u00f3n de los materiales disponibles, se puede dosificar pr\u00e1cticamente cualquier l\u00edquido con seguridad y precisi\u00f3n. Esta bomba dosificadora tiene 10 modos de trabajo disponibles, entre los que se incluyen: dosificaci\u00f3n con temporizador semanal, pulsos, mA, voltios y lotes, control de nivel, alarmas, modo de espera y temporizador.<\/p>\n<p>Adem\u00e1s del modo de trabajo multifuncional, todos los modelos Prius MF incorporan v\u00e1lvulas dobles, carcasa de aluminio y mecanismo de retorno por muelle.<\/p>\n<p>Dentro de la serie Prius MF, podemos ofrecer las siguientes bombas dosificadoras, cada una con sus propias caracter\u00edsticas \u00fanicas:<\/p>\n<ul>\n<li><strong>Prius D MF<\/strong>: El modelo est\u00e1ndar que incorpora una membrana de PTFE y puede suministrar una capacidad <b>hasta 1000 litros por hora<\/b>.<\/li>\n<li><strong>Prius D MF AP<\/strong>Puede suministrar altas presiones. Gracias en parte a su cabeza de bomba de acero (AISI316L), esta bomba puede suministrar una presi\u00f3n <b>hasta 100 bar<\/b>.<\/li>\n<li><strong>Prius P MF<\/strong>Este modelo utiliza un <b>\u00c9mbolo de acero inoxidable o cer\u00e1mica<\/b> y eso hace que esta bomba dosificadora sea muy adecuada para dosificar l\u00edquidos a alta temperatura.<\/li>\n<\/ul>\n<p>Elegir la bomba dosificadora adecuada suele ser una tarea complicada. Deje que le ayudemos. P\u00f3ngase en contacto con nosotros y nos pondremos a trabajar para usted.<\/p>","protected":false},"excerpt":{"rendered":"<ul>\n<li>Bomba dosificadora motorizada multifuncional para grandes caudales.<\/li>\n<li>Hasta 1000 litros por hora a 2 bar.<\/li>\n<li>Membrana completa de PTFE.<\/li>\n<li>Apto para control mediante 4-20mA, Voltios o Pulsos.<\/li>\n<li>Alimentaci\u00f3n de 230 V.<\/li>\n<li>Versi\u00f3n: Prius D MF 10-60 con cabezal de bomba de PVDF.<\/li>\n<\/ul>","protected":false},"featured_media":8787,"template":"","meta":[],"product_brand":[],"product_cat":[17,18],"product_tag":[],"class_list":{"0":"post-4222","1":"product","2":"type-product","3":"status-publish","4":"has-post-thumbnail","6":"product_cat-doseerpompen","7":"product_cat-motorgedreven","8":"product_shipping_class-priusmf","10":"first","11":"instock","12":"taxable","13":"shipping-taxable","14":"purchasable","15":"product-type-simple"},"yoast_head":"<!-- This site is optimized with the Yoast SEO plugin v27.2 - https:\/\/yoast.com\/product\/yoast-seo-wordpress\/ -->\n<title>Emec Prius D MF Doseerpomp | Dosing Pump Shop B.V.<\/title>\n<meta name=\"description\" content=\"De Emec Prius D MF serie is een multifunctionele doseerpomp voor dosering van vloeistoffen in grote volumes. Bezoek de webshop.\" \/>\n<meta name=\"robots\" content=\"index, follow, max-snippet:-1, max-image-preview:large, max-video-preview:-1\" \/>\n<link rel=\"canonical\" href=\"https:\/\/dosingpump.shop\/es\/producto\/bomba-dosificadora-emec-prius-d-mf\/\" \/>\n<meta property=\"og:locale\" content=\"es_ES\" \/>\n<meta property=\"og:type\" content=\"article\" \/>\n<meta property=\"og:title\" content=\"Emec Prius D MF Doseerpomp | Dosing Pump Shop B.V.\" \/>\n<meta property=\"og:description\" content=\"De Emec Prius D MF serie is een multifunctionele doseerpomp voor dosering van vloeistoffen in grote volumes. Bezoek de webshop.\" \/>\n<meta property=\"og:url\" content=\"https:\/\/dosingpump.shop\/es\/producto\/bomba-dosificadora-emec-prius-d-mf\/\" \/>\n<meta property=\"og:site_name\" content=\"Dosing Pump Shop B.V.\" \/>\n<meta property=\"article:modified_time\" content=\"2026-03-24T11:52:31+00:00\" \/>\n<meta property=\"og:image\" content=\"https:\/\/dosingpump.shop\/wp-content\/uploads\/2024\/12\/Emec-Prius-D-MF-Motor-Gedreven-Doseerpomp.png\" \/>\n\t<meta property=\"og:image:width\" content=\"600\" \/>\n\t<meta property=\"og:image:height\" content=\"600\" \/>\n\t<meta property=\"og:image:type\" content=\"image\/png\" \/>\n<meta name=\"twitter:card\" content=\"summary_large_image\" \/>\n<meta name=\"twitter:label1\" content=\"Precio\" \/>\n\t<meta name=\"twitter:data1\" content=\"&euro;2.374,00\" \/>\n\t<meta name=\"twitter:label2\" content=\"Disponibilidad\" \/>\n\t<meta name=\"twitter:data2\" content=\"Disponible\" \/>\n<script type=\"application\/ld+json\" class=\"yoast-schema-graph\">{\"@context\":\"https:\/\/schema.org\",\"@graph\":[{\"@type\":\"WebPage\",\"@id\":\"https:\/\/dosingpump.shop\/product\/emec-prius-d-mf-doseerpomp\/\",\"url\":\"https:\/\/dosingpump.shop\/product\/emec-prius-d-mf-doseerpomp\/\",\"name\":\"Emec Prius D MF Doseerpomp | Dosing Pump Shop B.V.\",\"isPartOf\":{\"@id\":\"https:\/\/dosingpump.shop\/de\/#website\"},\"primaryImageOfPage\":{\"@id\":\"https:\/\/dosingpump.shop\/product\/emec-prius-d-mf-doseerpomp\/#primaryimage\"},\"image\":{\"@id\":\"https:\/\/dosingpump.shop\/product\/emec-prius-d-mf-doseerpomp\/#primaryimage\"},\"thumbnailUrl\":\"https:\/\/dosingpump.shop\/wp-content\/uploads\/2024\/12\/Emec-Prius-D-MF-Motor-Gedreven-Doseerpomp.webp\",\"datePublished\":\"2024-12-05T12:22:10+00:00\",\"dateModified\":\"2026-03-24T11:52:31+00:00\",\"description\":\"De Emec Prius D MF serie is een multifunctionele doseerpomp voor dosering van vloeistoffen in grote volumes. Bezoek de webshop.\",\"breadcrumb\":{\"@id\":\"https:\/\/dosingpump.shop\/product\/emec-prius-d-mf-doseerpomp\/#breadcrumb\"},\"inLanguage\":\"es\",\"potentialAction\":[{\"@type\":\"ReadAction\",\"target\":[\"https:\/\/dosingpump.shop\/product\/emec-prius-d-mf-doseerpomp\/\"]}]},{\"@type\":\"ImageObject\",\"inLanguage\":\"es\",\"@id\":\"https:\/\/dosingpump.shop\/product\/emec-prius-d-mf-doseerpomp\/#primaryimage\",\"url\":\"https:\/\/dosingpump.shop\/wp-content\/uploads\/2024\/12\/Emec-Prius-D-MF-Motor-Gedreven-Doseerpomp.webp\",\"contentUrl\":\"https:\/\/dosingpump.shop\/wp-content\/uploads\/2024\/12\/Emec-Prius-D-MF-Motor-Gedreven-Doseerpomp.webp\",\"width\":600,\"height\":600},{\"@type\":\"BreadcrumbList\",\"@id\":\"https:\/\/dosingpump.shop\/product\/emec-prius-d-mf-doseerpomp\/#breadcrumb\",\"itemListElement\":[{\"@type\":\"ListItem\",\"position\":1,\"name\":\"Home\",\"item\":\"https:\/\/dosingpump.shop\/\"},{\"@type\":\"ListItem\",\"position\":2,\"name\":\"Shop\",\"item\":\"https:\/\/dosingpump.shop\/de\/shop\/\"},{\"@type\":\"ListItem\",\"position\":3,\"name\":\"Emec Prius D MF Doseerpomp\"}]},{\"@type\":\"WebSite\",\"@id\":\"https:\/\/dosingpump.shop\/de\/#website\",\"url\":\"https:\/\/dosingpump.shop\/de\/\",\"name\":\"Dosing Pump Shop B.V.\",\"description\":\"\",\"publisher\":{\"@id\":\"https:\/\/dosingpump.shop\/de\/#organization\"},\"potentialAction\":[{\"@type\":\"SearchAction\",\"target\":{\"@type\":\"EntryPoint\",\"urlTemplate\":\"https:\/\/dosingpump.shop\/de\/?s={search_term_string}\"},\"query-input\":{\"@type\":\"PropertyValueSpecification\",\"valueRequired\":true,\"valueName\":\"search_term_string\"}}],\"inLanguage\":\"es\"},{\"@type\":\"Organization\",\"@id\":\"https:\/\/dosingpump.shop\/de\/#organization\",\"name\":\"Dosing Pump Shop B.V.\",\"url\":\"https:\/\/dosingpump.shop\/de\/\",\"logo\":{\"@type\":\"ImageObject\",\"inLanguage\":\"es\",\"@id\":\"https:\/\/dosingpump.shop\/de\/#\/schema\/logo\/image\/\",\"url\":\"https:\/\/dosingpump.shop\/wp-content\/uploads\/2024\/10\/Dosing-Pump-Shop-logo.png\",\"contentUrl\":\"https:\/\/dosingpump.shop\/wp-content\/uploads\/2024\/10\/Dosing-Pump-Shop-logo.png\",\"width\":350,\"height\":45,\"caption\":\"Dosing Pump Shop B.V.\"},\"image\":{\"@id\":\"https:\/\/dosingpump.shop\/de\/#\/schema\/logo\/image\/\"},\"sameAs\":[\"https:\/\/linkedin.com\/company\/dosing-pump-shop\"]}]}<\/script>\n<meta property=\"product:price:amount\" content=\"2374.00\" \/>\n<meta property=\"product:price:currency\" content=\"EUR\" \/>\n<meta property=\"og:availability\" content=\"instock\" \/>\n<meta property=\"product:availability\" content=\"instock\" \/>\n<meta property=\"product:condition\" content=\"new\" \/>\n<!-- \/ Yoast SEO plugin. -->","yoast_head_json":{"title":"Bomba dosificadora Emec Prius D MF | Dosing Pump Shop B.V.","description":"La serie Emec Prius D MF es una bomba dosificadora multiuso para la dosificaci\u00f3n de grandes vol\u00famenes de l\u00edquidos. Visite la tienda web.","robots":{"index":"index","follow":"follow","max-snippet":"max-snippet:-1","max-image-preview":"max-image-preview:large","max-video-preview":"max-video-preview:-1"},"canonical":"https:\/\/dosingpump.shop\/es\/producto\/bomba-dosificadora-emec-prius-d-mf\/","og_locale":"es_ES","og_type":"article","og_title":"Emec Prius D MF Doseerpomp | Dosing Pump Shop B.V.","og_description":"De Emec Prius D MF serie is een multifunctionele doseerpomp voor dosering van vloeistoffen in grote volumes. Bezoek de webshop.","og_url":"https:\/\/dosingpump.shop\/es\/producto\/bomba-dosificadora-emec-prius-d-mf\/","og_site_name":"Dosing Pump Shop B.V.","article_modified_time":"2026-03-24T11:52:31+00:00","og_image":[{"width":600,"height":600,"url":"https:\/\/dosingpump.shop\/wp-content\/uploads\/2024\/12\/Emec-Prius-D-MF-Motor-Gedreven-Doseerpomp.png","type":"image\/png"}],"twitter_card":"summary_large_image","twitter_misc":{"Precio":"&euro;2.374,00","Disponibilidad":"Disponible"},"schema":{"@context":"https:\/\/schema.org","@graph":[{"@type":"WebPage","@id":"https:\/\/dosingpump.shop\/product\/emec-prius-d-mf-doseerpomp\/","url":"https:\/\/dosingpump.shop\/product\/emec-prius-d-mf-doseerpomp\/","name":"Bomba dosificadora Emec Prius D MF | Dosing Pump Shop B.V.","isPartOf":{"@id":"https:\/\/dosingpump.shop\/de\/#website"},"primaryImageOfPage":{"@id":"https:\/\/dosingpump.shop\/product\/emec-prius-d-mf-doseerpomp\/#primaryimage"},"image":{"@id":"https:\/\/dosingpump.shop\/product\/emec-prius-d-mf-doseerpomp\/#primaryimage"},"thumbnailUrl":"https:\/\/dosingpump.shop\/wp-content\/uploads\/2024\/12\/Emec-Prius-D-MF-Motor-Gedreven-Doseerpomp.webp","datePublished":"2024-12-05T12:22:10+00:00","dateModified":"2026-03-24T11:52:31+00:00","description":"La serie Emec Prius D MF es una bomba dosificadora multiuso para la dosificaci\u00f3n de grandes vol\u00famenes de l\u00edquidos. Visite la tienda web.","breadcrumb":{"@id":"https:\/\/dosingpump.shop\/product\/emec-prius-d-mf-doseerpomp\/#breadcrumb"},"inLanguage":"es","potentialAction":[{"@type":"ReadAction","target":["https:\/\/dosingpump.shop\/product\/emec-prius-d-mf-doseerpomp\/"]}]},{"@type":"ImageObject","inLanguage":"es","@id":"https:\/\/dosingpump.shop\/product\/emec-prius-d-mf-doseerpomp\/#primaryimage","url":"https:\/\/dosingpump.shop\/wp-content\/uploads\/2024\/12\/Emec-Prius-D-MF-Motor-Gedreven-Doseerpomp.webp","contentUrl":"https:\/\/dosingpump.shop\/wp-content\/uploads\/2024\/12\/Emec-Prius-D-MF-Motor-Gedreven-Doseerpomp.webp","width":600,"height":600},{"@type":"BreadcrumbList","@id":"https:\/\/dosingpump.shop\/product\/emec-prius-d-mf-doseerpomp\/#breadcrumb","itemListElement":[{"@type":"ListItem","position":1,"name":"Home","item":"https:\/\/dosingpump.shop\/"},{"@type":"ListItem","position":2,"name":"Shop","item":"https:\/\/dosingpump.shop\/de\/shop\/"},{"@type":"ListItem","position":3,"name":"Emec Prius D MF Doseerpomp"}]},{"@type":"WebSite","@id":"https:\/\/dosingpump.shop\/de\/#website","url":"https:\/\/dosingpump.shop\/de\/","name":"Dosing Pump Shop B.V.","description":"","publisher":{"@id":"https:\/\/dosingpump.shop\/de\/#organization"},"potentialAction":[{"@type":"SearchAction","target":{"@type":"EntryPoint","urlTemplate":"https:\/\/dosingpump.shop\/de\/?s={search_term_string}"},"query-input":{"@type":"PropertyValueSpecification","valueRequired":true,"valueName":"search_term_string"}}],"inLanguage":"es"},{"@type":"Organization","@id":"https:\/\/dosingpump.shop\/de\/#organization","name":"Dosing Pump Shop B.V.","url":"https:\/\/dosingpump.shop\/de\/","logo":{"@type":"ImageObject","inLanguage":"es","@id":"https:\/\/dosingpump.shop\/de\/#\/schema\/logo\/image\/","url":"https:\/\/dosingpump.shop\/wp-content\/uploads\/2024\/10\/Dosing-Pump-Shop-logo.png","contentUrl":"https:\/\/dosingpump.shop\/wp-content\/uploads\/2024\/10\/Dosing-Pump-Shop-logo.png","width":350,"height":45,"caption":"Dosing Pump Shop B.V."},"image":{"@id":"https:\/\/dosingpump.shop\/de\/#\/schema\/logo\/image\/"},"sameAs":["https:\/\/linkedin.com\/company\/dosing-pump-shop"]}]},"product_price_amount":"2374.00","product_price_currency":"EUR","og_availability":"instock","product_availability":"instock","product_condition":"new"},"_links":{"self":[{"href":"https:\/\/dosingpump.shop\/es\/wp-json\/wp\/v2\/product\/4222","targetHints":{"allow":["GET"]}}],"collection":[{"href":"https:\/\/dosingpump.shop\/es\/wp-json\/wp\/v2\/product"}],"about":[{"href":"https:\/\/dosingpump.shop\/es\/wp-json\/wp\/v2\/types\/product"}],"wp:featuredmedia":[{"embeddable":true,"href":"https:\/\/dosingpump.shop\/es\/wp-json\/wp\/v2\/media\/8787"}],"wp:attachment":[{"href":"https:\/\/dosingpump.shop\/es\/wp-json\/wp\/v2\/media?parent=4222"}],"wp:term":[{"taxonomy":"product_brand","embeddable":true,"href":"https:\/\/dosingpump.shop\/es\/wp-json\/wp\/v2\/product_brand?post=4222"},{"taxonomy":"product_cat","embeddable":true,"href":"https:\/\/dosingpump.shop\/es\/wp-json\/wp\/v2\/product_cat?post=4222"},{"taxonomy":"product_tag","embeddable":true,"href":"https:\/\/dosingpump.shop\/es\/wp-json\/wp\/v2\/product_tag?post=4222"}],"curies":[{"name":"wp","href":"https:\/\/api.w.org\/{rel}","templated":true}]}}