{"id":4228,"date":"2024-12-05T12:22:11","date_gmt":"2024-12-05T12:22:11","guid":{"rendered":"https:\/\/dosingpump.shop\/product\/centrifugaalpomp-voor-chemicalien-htm6\/"},"modified":"2026-03-23T11:44:34","modified_gmt":"2026-03-23T10:44:34","slug":"bomba-centrifuga-para-productos-quimicos-htm6-pp-2","status":"publish","type":"product","link":"https:\/\/dosingpump.shop\/es\/product\/centrifugaalpomp-voor-chemicalien-htm6-pp\/","title":{"rendered":"Bomba centr\u00edfuga para productos qu\u00edmicos HTM6-PP"},"content":{"rendered":"<h1>Bomba qu\u00edmica HTM6-PP:<\/h1>\n<p>Bombeo seguro y eficaz de l\u00edquidos qu\u00edmicos<\/p>\n<p>El bombeo de l\u00edquidos qu\u00edmicos, productos qu\u00edmicos o fluidos corrosivos requiere una bomba que pueda soportar el l\u00edquido bombeado. Una bomba \"mag-drive\", construida con los materiales adecuados, es excelente para este fin. Gracias al \"mag-drive\", no hay sello mec\u00e1nico que pueda tener fugas, lo que mejora notablemente la seguridad.<\/p>\n<p>Descubra en nuestro sitio web las bombas HTM de Gemme Cotti, conocidas por su excelente calidad desde 1992. Especialmente dise\u00f1adas para el bombeo seguro y eficiente de l\u00edquidos qu\u00edmicos, estas bombas se utilizan como bombas de \u00e1cido, bombas de cloro, bombas de urea, para el bombeo de sosa c\u00e1ustica, etc.<\/p>\n<p>\u00bfTiene alguna pregunta sobre la aplicaci\u00f3n o desea recibir un presupuesto? No dude en ponerse en contacto con nosotros.<\/p>\n<p>Versi\u00f3n ofrecida: HTM6 PP con motor el\u00e9ctrico monof\u00e1sico y placa base. Tambi\u00e9n disponible: PVDF. Juntas t\u00f3ricas: EPDM o Viton.<\/p>\n<h2>Caracter\u00edsticas de la bomba para productos qu\u00edmicos HTM6-PP<\/h2>\n<ul>\n<li style=\"list-style-type: none\">\n<ul>\n<li>Material: PP. (PVDF disponible)<\/li>\n<li>Materiales en contacto con el l\u00edquido:\n<ul>\n<li>Carcasa e impulsor: PP;<\/li>\n<li>Junta t\u00f3rica: EPDM (est\u00e1ndar para bombas de PP);<\/li>\n<li>Ceniza est\u00e1tica: Al2O3 99,7%;<\/li>\n<li>Autob\u00fas rotatorio: PTFEC.<\/li>\n<\/ul>\n<\/li>\n<li>Acoplamiento magn\u00e9tico de alto par NdFeB, de serie.<\/li>\n<li>Caudal de hasta 6,5 m3\/h.<\/li>\n<li>Cabeza de hasta 8,5 m.<\/li>\n<li>Temperatura m\u00e1xima: PP 60\u00b0C. (PVDF 90\u00b0C)<\/li>\n<li>Viscosidad m\u00e1xima: 200 cSt.<\/li>\n<li>Presi\u00f3n nominal NP 6 a 20\u00b0C.<\/li>\n<li>Conexiones:\n<ul>\n<li>Lado de aspiraci\u00f3n (In): 1\" rosca hembra;<\/li>\n<li>Lado de presi\u00f3n (Salida): Rosca exterior de 3\/4\".<\/li>\n<\/ul>\n<\/li>\n<li>Disponible opcionalmente: protecci\u00f3n contra el funcionamiento en seco, bridas y placas base.<\/li>\n<\/ul>\n<\/li>\n<\/ul>\n<p>&nbsp;<\/p>","protected":false},"excerpt":{"rendered":"<p>HTM6-PP Bomba centr\u00edfuga para productos qu\u00edmicos<br \/>\nPara el bombeo seguro de l\u00edquidos qu\u00edmicos.<br \/>\nM\u00e1x. 6,5 m3\/h, en funci\u00f3n del cabezal de suministro<\/p>","protected":false},"featured_media":8769,"template":"","meta":[],"product_brand":[],"product_cat":[86],"product_tag":[],"class_list":{"0":"post-4228","1":"product","2":"type-product","3":"status-publish","4":"has-post-thumbnail","6":"product_cat-centrifugaalpomp-voor-chemicalien","8":"first","9":"onbackorder","10":"taxable","11":"shipping-taxable","12":"purchasable","13":"product-type-simple"},"yoast_head":"<!-- This site is optimized with the Yoast SEO plugin v27.2 - https:\/\/yoast.com\/product\/yoast-seo-wordpress\/ -->\n<title>Centrifugaalpomp HTM6 | Dosing Pump Shop B.V. PP GemmeCotti<\/title>\n<meta name=\"description\" content=\"Chemicali\u00ebn verpompen kan met deze centrifugaalpomp voor chemicali\u00ebn. De magneetaandrijving is lekvrij en zeer resistent. Diverse uitvoeringen leverbaar.\" \/>\n<meta name=\"robots\" content=\"index, follow, max-snippet:-1, max-image-preview:large, max-video-preview:-1\" \/>\n<link rel=\"canonical\" href=\"https:\/\/dosingpump.shop\/es\/producto\/bomba-centrifuga-para-productos-quimicos-htm6-pp-2\/\" \/>\n<meta property=\"og:locale\" content=\"es_ES\" \/>\n<meta property=\"og:type\" content=\"article\" \/>\n<meta property=\"og:title\" content=\"Centrifugaalpomp HTM6 | Dosing Pump Shop B.V. PP GemmeCotti\" \/>\n<meta property=\"og:description\" content=\"Chemicali\u00ebn verpompen kan met deze centrifugaalpomp voor chemicali\u00ebn. De magneetaandrijving is lekvrij en zeer resistent. Diverse uitvoeringen leverbaar.\" \/>\n<meta property=\"og:url\" content=\"https:\/\/dosingpump.shop\/es\/producto\/bomba-centrifuga-para-productos-quimicos-htm6-pp-2\/\" \/>\n<meta property=\"og:site_name\" content=\"Dosing Pump Shop B.V.\" \/>\n<meta property=\"article:modified_time\" content=\"2026-03-23T10:44:34+00:00\" \/>\n<meta property=\"og:image\" content=\"https:\/\/dosingpump.shop\/wp-content\/uploads\/2024\/12\/GemmeCotti-HTM-6-PP-1.png\" \/>\n\t<meta property=\"og:image:width\" content=\"600\" \/>\n\t<meta property=\"og:image:height\" content=\"600\" \/>\n\t<meta property=\"og:image:type\" content=\"image\/png\" \/>\n<meta name=\"twitter:card\" content=\"summary_large_image\" \/>\n<meta name=\"twitter:label1\" content=\"Precio\" \/>\n\t<meta name=\"twitter:data1\" content=\"&euro;643,00\" \/>\n\t<meta name=\"twitter:label2\" content=\"Disponibilidad\" \/>\n\t<meta name=\"twitter:data2\" content=\"Disponible para reservar\" \/>\n<script type=\"application\/ld+json\" class=\"yoast-schema-graph\">{\"@context\":\"https:\/\/schema.org\",\"@graph\":[{\"@type\":\"WebPage\",\"@id\":\"https:\/\/dosingpump.shop\/product\/centrifugaalpomp-voor-chemicalien-htm6-pp\/\",\"url\":\"https:\/\/dosingpump.shop\/product\/centrifugaalpomp-voor-chemicalien-htm6-pp\/\",\"name\":\"Centrifugaalpomp HTM6 | Dosing Pump Shop B.V. PP GemmeCotti\",\"isPartOf\":{\"@id\":\"https:\/\/dosingpump.shop\/de\/#website\"},\"primaryImageOfPage\":{\"@id\":\"https:\/\/dosingpump.shop\/product\/centrifugaalpomp-voor-chemicalien-htm6-pp\/#primaryimage\"},\"image\":{\"@id\":\"https:\/\/dosingpump.shop\/product\/centrifugaalpomp-voor-chemicalien-htm6-pp\/#primaryimage\"},\"thumbnailUrl\":\"https:\/\/dosingpump.shop\/wp-content\/uploads\/2024\/12\/GemmeCotti-HTM-6-PP-1.png\",\"datePublished\":\"2024-12-05T12:22:11+00:00\",\"dateModified\":\"2026-03-23T10:44:34+00:00\",\"description\":\"Chemicali\u00ebn verpompen kan met deze centrifugaalpomp voor chemicali\u00ebn. De magneetaandrijving is lekvrij en zeer resistent. Diverse uitvoeringen leverbaar.\",\"breadcrumb\":{\"@id\":\"https:\/\/dosingpump.shop\/product\/centrifugaalpomp-voor-chemicalien-htm6-pp\/#breadcrumb\"},\"inLanguage\":\"es\",\"potentialAction\":[{\"@type\":\"ReadAction\",\"target\":[\"https:\/\/dosingpump.shop\/product\/centrifugaalpomp-voor-chemicalien-htm6-pp\/\"]}]},{\"@type\":\"ImageObject\",\"inLanguage\":\"es\",\"@id\":\"https:\/\/dosingpump.shop\/product\/centrifugaalpomp-voor-chemicalien-htm6-pp\/#primaryimage\",\"url\":\"https:\/\/dosingpump.shop\/wp-content\/uploads\/2024\/12\/GemmeCotti-HTM-6-PP-1.png\",\"contentUrl\":\"https:\/\/dosingpump.shop\/wp-content\/uploads\/2024\/12\/GemmeCotti-HTM-6-PP-1.png\",\"width\":600,\"height\":600},{\"@type\":\"BreadcrumbList\",\"@id\":\"https:\/\/dosingpump.shop\/product\/centrifugaalpomp-voor-chemicalien-htm6-pp\/#breadcrumb\",\"itemListElement\":[{\"@type\":\"ListItem\",\"position\":1,\"name\":\"Home\",\"item\":\"https:\/\/dosingpump.shop\/\"},{\"@type\":\"ListItem\",\"position\":2,\"name\":\"Shop\",\"item\":\"https:\/\/dosingpump.shop\/de\/shop\/\"},{\"@type\":\"ListItem\",\"position\":3,\"name\":\"Centrifugaalpomp voor chemicali\u00ebn HTM6-PP\"}]},{\"@type\":\"WebSite\",\"@id\":\"https:\/\/dosingpump.shop\/de\/#website\",\"url\":\"https:\/\/dosingpump.shop\/de\/\",\"name\":\"Dosing Pump Shop B.V.\",\"description\":\"\",\"publisher\":{\"@id\":\"https:\/\/dosingpump.shop\/de\/#organization\"},\"potentialAction\":[{\"@type\":\"SearchAction\",\"target\":{\"@type\":\"EntryPoint\",\"urlTemplate\":\"https:\/\/dosingpump.shop\/de\/?s={search_term_string}\"},\"query-input\":{\"@type\":\"PropertyValueSpecification\",\"valueRequired\":true,\"valueName\":\"search_term_string\"}}],\"inLanguage\":\"es\"},{\"@type\":\"Organization\",\"@id\":\"https:\/\/dosingpump.shop\/de\/#organization\",\"name\":\"Dosing Pump Shop B.V.\",\"url\":\"https:\/\/dosingpump.shop\/de\/\",\"logo\":{\"@type\":\"ImageObject\",\"inLanguage\":\"es\",\"@id\":\"https:\/\/dosingpump.shop\/de\/#\/schema\/logo\/image\/\",\"url\":\"https:\/\/dosingpump.shop\/wp-content\/uploads\/2024\/10\/Dosing-Pump-Shop-logo.png\",\"contentUrl\":\"https:\/\/dosingpump.shop\/wp-content\/uploads\/2024\/10\/Dosing-Pump-Shop-logo.png\",\"width\":350,\"height\":45,\"caption\":\"Dosing Pump Shop B.V.\"},\"image\":{\"@id\":\"https:\/\/dosingpump.shop\/de\/#\/schema\/logo\/image\/\"},\"sameAs\":[\"https:\/\/linkedin.com\/company\/dosing-pump-shop\"]}]}<\/script>\n<meta property=\"product:price:amount\" content=\"643.00\" \/>\n<meta property=\"product:price:currency\" content=\"EUR\" \/>\n<meta property=\"og:availability\" content=\"backorder\" \/>\n<meta property=\"product:availability\" content=\"available for order\" \/>\n<meta property=\"product:retailer_item_id\" content=\"HTM6-PP\" \/>\n<meta property=\"product:condition\" content=\"new\" \/>\n<!-- \/ Yoast SEO plugin. -->","yoast_head_json":{"title":"Bomba centr\u00edfuga HTM6 | Dosing Pump Shop B.V. PP GemmeCotti","description":"El bombeo de productos qu\u00edmicos puede realizarse con esta bomba centr\u00edfuga para productos qu\u00edmicos. El accionamiento magn\u00e9tico es estanco y muy resistente. Varias versiones disponibles.","robots":{"index":"index","follow":"follow","max-snippet":"max-snippet:-1","max-image-preview":"max-image-preview:large","max-video-preview":"max-video-preview:-1"},"canonical":"https:\/\/dosingpump.shop\/es\/producto\/bomba-centrifuga-para-productos-quimicos-htm6-pp-2\/","og_locale":"es_ES","og_type":"article","og_title":"Centrifugaalpomp HTM6 | Dosing Pump Shop B.V. PP GemmeCotti","og_description":"Chemicali\u00ebn verpompen kan met deze centrifugaalpomp voor chemicali\u00ebn. De magneetaandrijving is lekvrij en zeer resistent. Diverse uitvoeringen leverbaar.","og_url":"https:\/\/dosingpump.shop\/es\/producto\/bomba-centrifuga-para-productos-quimicos-htm6-pp-2\/","og_site_name":"Dosing Pump Shop B.V.","article_modified_time":"2026-03-23T10:44:34+00:00","og_image":[{"width":600,"height":600,"url":"https:\/\/dosingpump.shop\/wp-content\/uploads\/2024\/12\/GemmeCotti-HTM-6-PP-1.png","type":"image\/png"}],"twitter_card":"summary_large_image","twitter_misc":{"Precio":"&euro;643,00","Disponibilidad":"Disponible para reservar"},"schema":{"@context":"https:\/\/schema.org","@graph":[{"@type":"WebPage","@id":"https:\/\/dosingpump.shop\/product\/centrifugaalpomp-voor-chemicalien-htm6-pp\/","url":"https:\/\/dosingpump.shop\/product\/centrifugaalpomp-voor-chemicalien-htm6-pp\/","name":"Bomba centr\u00edfuga HTM6 | Dosing Pump Shop B.V. PP GemmeCotti","isPartOf":{"@id":"https:\/\/dosingpump.shop\/de\/#website"},"primaryImageOfPage":{"@id":"https:\/\/dosingpump.shop\/product\/centrifugaalpomp-voor-chemicalien-htm6-pp\/#primaryimage"},"image":{"@id":"https:\/\/dosingpump.shop\/product\/centrifugaalpomp-voor-chemicalien-htm6-pp\/#primaryimage"},"thumbnailUrl":"https:\/\/dosingpump.shop\/wp-content\/uploads\/2024\/12\/GemmeCotti-HTM-6-PP-1.png","datePublished":"2024-12-05T12:22:11+00:00","dateModified":"2026-03-23T10:44:34+00:00","description":"El bombeo de productos qu\u00edmicos puede realizarse con esta bomba centr\u00edfuga para productos qu\u00edmicos. El accionamiento magn\u00e9tico es estanco y muy resistente. Varias versiones disponibles.","breadcrumb":{"@id":"https:\/\/dosingpump.shop\/product\/centrifugaalpomp-voor-chemicalien-htm6-pp\/#breadcrumb"},"inLanguage":"es","potentialAction":[{"@type":"ReadAction","target":["https:\/\/dosingpump.shop\/product\/centrifugaalpomp-voor-chemicalien-htm6-pp\/"]}]},{"@type":"ImageObject","inLanguage":"es","@id":"https:\/\/dosingpump.shop\/product\/centrifugaalpomp-voor-chemicalien-htm6-pp\/#primaryimage","url":"https:\/\/dosingpump.shop\/wp-content\/uploads\/2024\/12\/GemmeCotti-HTM-6-PP-1.png","contentUrl":"https:\/\/dosingpump.shop\/wp-content\/uploads\/2024\/12\/GemmeCotti-HTM-6-PP-1.png","width":600,"height":600},{"@type":"BreadcrumbList","@id":"https:\/\/dosingpump.shop\/product\/centrifugaalpomp-voor-chemicalien-htm6-pp\/#breadcrumb","itemListElement":[{"@type":"ListItem","position":1,"name":"Home","item":"https:\/\/dosingpump.shop\/"},{"@type":"ListItem","position":2,"name":"Shop","item":"https:\/\/dosingpump.shop\/de\/shop\/"},{"@type":"ListItem","position":3,"name":"Centrifugaalpomp voor chemicali\u00ebn HTM6-PP"}]},{"@type":"WebSite","@id":"https:\/\/dosingpump.shop\/de\/#website","url":"https:\/\/dosingpump.shop\/de\/","name":"Dosing Pump Shop B.V.","description":"","publisher":{"@id":"https:\/\/dosingpump.shop\/de\/#organization"},"potentialAction":[{"@type":"SearchAction","target":{"@type":"EntryPoint","urlTemplate":"https:\/\/dosingpump.shop\/de\/?s={search_term_string}"},"query-input":{"@type":"PropertyValueSpecification","valueRequired":true,"valueName":"search_term_string"}}],"inLanguage":"es"},{"@type":"Organization","@id":"https:\/\/dosingpump.shop\/de\/#organization","name":"Dosing Pump Shop B.V.","url":"https:\/\/dosingpump.shop\/de\/","logo":{"@type":"ImageObject","inLanguage":"es","@id":"https:\/\/dosingpump.shop\/de\/#\/schema\/logo\/image\/","url":"https:\/\/dosingpump.shop\/wp-content\/uploads\/2024\/10\/Dosing-Pump-Shop-logo.png","contentUrl":"https:\/\/dosingpump.shop\/wp-content\/uploads\/2024\/10\/Dosing-Pump-Shop-logo.png","width":350,"height":45,"caption":"Dosing Pump Shop B.V."},"image":{"@id":"https:\/\/dosingpump.shop\/de\/#\/schema\/logo\/image\/"},"sameAs":["https:\/\/linkedin.com\/company\/dosing-pump-shop"]}]},"product_price_amount":"643.00","product_price_currency":"EUR","og_availability":"backorder","product_availability":"available for order","product_retailer_item_id":"HTM6-PP","product_condition":"new"},"_links":{"self":[{"href":"https:\/\/dosingpump.shop\/es\/wp-json\/wp\/v2\/product\/4228","targetHints":{"allow":["GET"]}}],"collection":[{"href":"https:\/\/dosingpump.shop\/es\/wp-json\/wp\/v2\/product"}],"about":[{"href":"https:\/\/dosingpump.shop\/es\/wp-json\/wp\/v2\/types\/product"}],"wp:featuredmedia":[{"embeddable":true,"href":"https:\/\/dosingpump.shop\/es\/wp-json\/wp\/v2\/media\/8769"}],"wp:attachment":[{"href":"https:\/\/dosingpump.shop\/es\/wp-json\/wp\/v2\/media?parent=4228"}],"wp:term":[{"taxonomy":"product_brand","embeddable":true,"href":"https:\/\/dosingpump.shop\/es\/wp-json\/wp\/v2\/product_brand?post=4228"},{"taxonomy":"product_cat","embeddable":true,"href":"https:\/\/dosingpump.shop\/es\/wp-json\/wp\/v2\/product_cat?post=4228"},{"taxonomy":"product_tag","embeddable":true,"href":"https:\/\/dosingpump.shop\/es\/wp-json\/wp\/v2\/product_tag?post=4228"}],"curies":[{"name":"wp","href":"https:\/\/api.w.org\/{rel}","templated":true}]}}